{"id":99625,"date":"2025-09-30T16:25:07","date_gmt":"2025-09-30T14:25:07","guid":{"rendered":"https:\/\/relevo.app\/?page_id=99625"},"modified":"2025-09-30T16:47:49","modified_gmt":"2025-09-30T14:47:49","slug":"app_news_release4","status":"publish","type":"page","link":"https:\/\/relevo.app\/sv\/app_news_release4\/","title":{"rendered":"App_News_Release4"},"content":{"rendered":"\t\t<div data-elementor-type=\"wp-page\" data-elementor-id=\"99625\" class=\"elementor elementor-99625 elementor-99603\" data-elementor-post-type=\"page\">\n\t\t\t\t\t\t<section class=\"elementor-section elementor-top-section elementor-element elementor-element-d3faaab elementor-section-boxed elementor-section-height-default elementor-section-height-default\" data-id=\"d3faaab\" data-element_type=\"section\" data-e-type=\"section\">\n\t\t\t\t\t\t<div class=\"elementor-container elementor-column-gap-default\">\n\t\t\t\t\t<div class=\"elementor-column elementor-col-100 elementor-top-column elementor-element elementor-element-f87883f\" data-id=\"f87883f\" data-element_type=\"column\" data-e-type=\"column\">\n\t\t\t<div class=\"elementor-widget-wrap elementor-element-populated\">\n\t\t\t\t\t\t<div class=\"elementor-element elementor-element-8d66f34 elementor-widget elementor-widget-image\" data-id=\"8d66f34\" data-element_type=\"widget\" data-e-type=\"widget\" data-widget_type=\"image.default\">\n\t\t\t\t<div class=\"elementor-widget-container\">\n\t\t\t\t\t\t\t\t\t\t\t\t\t\t\t<img fetchpriority=\"high\" decoding=\"async\" width=\"692\" height=\"288\" src=\"https:\/\/relevo.app\/wp-content\/uploads\/2025\/09\/Main-SE.png\" class=\"attachment-medium_large size-medium_large wp-image-99627\" alt=\"\" srcset=\"https:\/\/relevo.app\/wp-content\/uploads\/2025\/09\/Main-SE.png 692w, https:\/\/relevo.app\/wp-content\/uploads\/2025\/09\/Main-SE-300x125.png 300w\" sizes=\"(max-width: 692px) 100vw, 692px\" \/>\t\t\t\t\t\t\t\t\t\t\t\t\t\t\t<\/div>\n\t\t\t\t<\/div>\n\t\t\t\t<div class=\"elementor-element elementor-element-0265353 elementor-widget elementor-widget-text-editor\" data-id=\"0265353\" data-element_type=\"widget\" data-e-type=\"widget\" data-widget_type=\"text-editor.default\">\n\t\t\t\t<div class=\"elementor-widget-container\">\n\t\t\t\t\t\t\t\t\t<p style=\"print-color-adjust: exact; overflow-wrap: break-word; margin: 0px; cursor: text; counter-reset: list-1 0 list-2 0 list-3 0 list-4 0 list-5 0 list-6 0 list-7 0 list-8 0 list-9 0; padding: 0px; color: #1a202c; font-family: Helvetica, Arial, sans-serif; font-size: 13px; white-space-collapse: preserve; border: 0px solid #e2e8f0;\">Vi \u00e4r glada att kunna meddela lanseringen av v\u00e5r helt omdesignade iOS-app! Vi har byggt om appen fr\u00e5n grunden f\u00f6r att g\u00f6ra \u00e5teranv\u00e4ndning enklare och mer intuitiv \u00e4n n\u00e5gonsin.<\/p>\n<p style=\"print-color-adjust: exact; overflow-wrap: break-word; margin: 0px; cursor: text; counter-reset: list-1 0 list-2 0 list-3 0 list-4 0 list-5 0 list-6 0 list-7 0 list-8 0 list-9 0; padding: 0px; color: #1a202c; font-family: Helvetica, Arial, sans-serif; font-size: 13px; white-space-collapse: preserve; border: 0px solid #e2e8f0;\"><img decoding=\"async\" style=\"print-color-adjust: exact; border-width: 0px; overflow-wrap: break-word; display: block; border-color: #e2e8f0;\" src=\"https:\/\/production-public-files.s3.eu-west-1.amazonaws.com\/news\/c8a6d5b0-a97b-4aa2-8590-346f1f9fdbce.png\" \/><\/p>\n<p style=\"print-color-adjust: exact; overflow-wrap: break-word; margin: 0px; cursor: text; counter-reset: list-1 0 list-2 0 list-3 0 list-4 0 list-5 0 list-6 0 list-7 0 list-8 0 list-9 0; padding: 0px; color: #1a202c; font-family: Helvetica, Arial, sans-serif; font-size: 13px; white-space-collapse: preserve; border: 0px solid #e2e8f0;\">H\u00e4r \u00e4r en \u00f6versikt \u00f6ver vad som \u00e4r nytt:<\/p>\n\n<ul style=\"print-color-adjust: exact; border-style: solid; overflow-wrap: break-word; margin: 0px; padding: 0px 0px 0px 1.5em; border-color: #e2e8f0; cursor: text; counter-reset: list-1 0 list-2 0 list-3 0 list-4 0 list-5 0 list-6 0 list-7 0 list-8 0 list-9 0; color: #1a202c; font-family: Helvetica, Arial, sans-serif; font-size: 13px; white-space-collapse: preserve; background-color: #ffffff;\">\n \t<li style=\"print-color-adjust: exact; border-style: solid; overflow-wrap: break-word; border-color: #e2e8f0; list-style-type: none; padding-left: 1.5em;\"><strong data-start=\"298\" data-end=\"320\">En snygg ny design<\/strong>: Appen \u00e4r nu renare, snabbare och mer responsiv. Vi har introducerat en flytande design med transparenta element, vilket g\u00f6r att appen k\u00e4nns levande n\u00e4r du navigerar.<\/li>\n \t<li style=\"print-color-adjust: exact; border-style: solid; overflow-wrap: break-word; border-color: #e2e8f0; list-style-type: none; padding-left: 1.5em;\"><strong data-start=\"491\" data-end=\"512\">Designad f\u00f6r alla<\/strong>: Vi har gjort v\u00e5r app mer tillg\u00e4nglig och inkluderande, f\u00f6r att s\u00e4kerst\u00e4lla en smidig upplevelse f\u00f6r alla anv\u00e4ndare.<\/li>\n \t<li style=\"print-color-adjust: exact; border-style: solid; overflow-wrap: break-word; border-color: #e2e8f0; list-style-type: none; padding-left: 1.5em;\"><strong data-start=\"633\" data-end=\"660\">Intuitiv \u00e5teranv\u00e4ndning<\/strong>: Det \u00e4r nu enklare att hantera dina \u00e5teranv\u00e4ndbara produkter. V\u00e5r nya f\u00f6rloppsindikator och etiketter visar exakt hur mycket tid du har kvar, med tydliga \u201dSista chansen\u201d-varningar.<\/li>\n \t<li style=\"print-color-adjust: exact; border-style: solid; overflow-wrap: break-word; border-color: #e2e8f0; list-style-type: none; padding-left: 1.5em;\"><strong data-start=\"845\" data-end=\"872\">Smartare partners\u00f6kning<\/strong>: Hitta precis det du letar efter genom att filtrera partners efter produkttyp, leveransalternativ eller k\u00f6k. Du kan ocks\u00e5 se all information och visa partners direkt p\u00e5 kartan.<\/li>\n \t<li style=\"print-color-adjust: exact; border-style: solid; overflow-wrap: break-word; border-color: #e2e8f0; list-style-type: none; padding-left: 1.5em;\"><strong data-start=\"1053\" data-end=\"1075\">Enklare navigering<\/strong>: Vi har f\u00f6renklat layouten. Ditt konto finns nu i menyn l\u00e4ngst ned, och notiser \u00e4r smidigt placerade uppe till h\u00f6ger.<\/li>\n<\/ul>\n<p style=\"print-color-adjust: exact; overflow-wrap: break-word; margin: 0px; cursor: text; counter-reset: list-1 0 list-2 0 list-3 0 list-4 0 list-5 0 list-6 0 list-7 0 list-8 0 list-9 0; padding: 0px; color: #1a202c; font-family: Helvetica, Arial, sans-serif; font-size: 13px; white-space-collapse: preserve; border: 0px solid #e2e8f0;\">Vi \u00e4r \u00f6vertygade om att dessa uppdateringar kommer g\u00f6ra din \u00e5teranv\u00e4ndningsresa \u00e4nnu smidigare.<\/p>\n\n<h3 style=\"print-color-adjust: exact; overflow-wrap: break-word; margin: 0px; font-size: 1.17em; font-weight: inherit; cursor: text; counter-reset: list-1 0 list-2 0 list-3 0 list-4 0 list-5 0 list-6 0 list-7 0 list-8 0 list-9 0; padding: 0px; color: #1a202c; font-family: Helvetica, Arial, sans-serif; white-space-collapse: preserve; border: 0px solid #e2e8f0;\"><strong style=\"print-color-adjust: exact; overflow-wrap: break-word; font-weight: bold; border: 0px solid #e2e8f0;\">Goda nyheter f\u00f6r Android-anv\u00e4ndare<\/strong><\/h3>\n<p style=\"print-color-adjust: exact; overflow-wrap: break-word; margin: 0px; cursor: text; counter-reset: list-1 0 list-2 0 list-3 0 list-4 0 list-5 0 list-6 0 list-7 0 list-8 0 list-9 0; padding: 0px; color: #1a202c; font-family: Helvetica, Arial, sans-serif; font-size: 13px; white-space-collapse: preserve; border: 0px solid #e2e8f0;\">Den nya Android-appen planeras att lanseras i mitten av november. Vi ser till att h\u00e5lla dig uppdaterad!<\/p>\t\t\t\t\t\t\t\t<\/div>\n\t\t\t\t<\/div>\n\t\t\t\t\t<\/div>\n\t\t<\/div>\n\t\t\t\t\t<\/div>\n\t\t<\/section>\n\t\t\t\t<section class=\"elementor-section elementor-top-section elementor-element elementor-element-7b90f9a elementor-section-boxed elementor-section-height-default elementor-section-height-default\" data-id=\"7b90f9a\" data-element_type=\"section\" data-e-type=\"section\">\n\t\t\t\t\t\t<div class=\"elementor-container elementor-column-gap-default\">\n\t\t\t\t\t<div class=\"elementor-column elementor-col-100 elementor-top-column elementor-element elementor-element-e4d4f0f\" data-id=\"e4d4f0f\" data-element_type=\"column\" data-e-type=\"column\">\n\t\t\t<div class=\"elementor-widget-wrap\">\n\t\t\t\t\t\t\t<\/div>\n\t\t<\/div>\n\t\t\t\t\t<\/div>\n\t\t<\/section>\n\t\t\t\t<\/div>\n\t\t","protected":false},"excerpt":{"rendered":"<p>Vi \u00e4r glada att kunna meddela lanseringen av v\u00e5r helt omdesignade iOS-app! Vi har byggt om appen fr\u00e5n grunden f\u00f6r att g\u00f6ra \u00e5teranv\u00e4ndning enklare och mer intuitiv \u00e4n n\u00e5gonsin. H\u00e4r \u00e4r en \u00f6versikt \u00f6ver vad som \u00e4r nytt: En snygg ny design: Appen \u00e4r nu renare, snabbare och mer responsiv. Vi har introducerat en flytande [&hellip;]<\/p>\n","protected":false},"author":53,"featured_media":0,"parent":0,"menu_order":0,"comment_status":"closed","ping_status":"closed","template":"elementor_canvas","meta":{"content-type":"","om_disable_all_campaigns":false,"footnotes":""},"class_list":["post-99625","page","type-page","status-publish","hentry"],"yoast_head":"<!-- This site is optimized with the Yoast SEO plugin v27.4 - https:\/\/yoast.com\/product\/yoast-seo-wordpress\/ -->\n<title>App_News_Release4 - Relevo<\/title>\n<meta name=\"robots\" content=\"noindex, follow\" \/>\n<meta property=\"og:locale\" content=\"sv_SE\" \/>\n<meta property=\"og:type\" content=\"article\" \/>\n<meta property=\"og:title\" content=\"App_News_Release4 - Relevo\" \/>\n<meta property=\"og:description\" content=\"Vi \u00e4r glada att kunna meddela lanseringen av v\u00e5r helt omdesignade iOS-app! Vi har byggt om appen fr\u00e5n grunden f\u00f6r att g\u00f6ra \u00e5teranv\u00e4ndning enklare och mer intuitiv \u00e4n n\u00e5gonsin. H\u00e4r \u00e4r en \u00f6versikt \u00f6ver vad som \u00e4r nytt: En snygg ny design: Appen \u00e4r nu renare, snabbare och mer responsiv. Vi har introducerat en flytande [&hellip;]\" \/>\n<meta property=\"og:url\" content=\"https:\/\/relevo.app\/sv\/app_news_release4\/\" \/>\n<meta property=\"og:site_name\" content=\"Relevo\" \/>\n<meta property=\"article:modified_time\" content=\"2025-09-30T14:47:49+00:00\" \/>\n<meta property=\"og:image\" content=\"https:\/\/relevo.app\/wp-content\/uploads\/2025\/09\/Main-SE.png\" \/>\n\t<meta property=\"og:image:width\" content=\"692\" \/>\n\t<meta property=\"og:image:height\" content=\"288\" \/>\n\t<meta property=\"og:image:type\" content=\"image\/png\" \/>\n<meta name=\"twitter:card\" content=\"summary_large_image\" \/>\n<meta name=\"twitter:label1\" content=\"Ber\u00e4knad l\u00e4stid\" \/>\n\t<meta name=\"twitter:data1\" content=\"2 minuter\" \/>\n<script type=\"application\/ld+json\" class=\"yoast-schema-graph\">{\"@context\":\"https:\\\/\\\/schema.org\",\"@graph\":[{\"@type\":\"WebPage\",\"@id\":\"https:\\\/\\\/relevo.app\\\/sv\\\/app_news_release4\\\/\",\"url\":\"https:\\\/\\\/relevo.app\\\/sv\\\/app_news_release4\\\/\",\"name\":\"App_News_Release4 - Relevo\",\"isPartOf\":{\"@id\":\"https:\\\/\\\/relevo.app\\\/sv\\\/#website\"},\"primaryImageOfPage\":{\"@id\":\"https:\\\/\\\/relevo.app\\\/sv\\\/app_news_release4\\\/#primaryimage\"},\"image\":{\"@id\":\"https:\\\/\\\/relevo.app\\\/sv\\\/app_news_release4\\\/#primaryimage\"},\"thumbnailUrl\":\"https:\\\/\\\/relevo.app\\\/wp-content\\\/uploads\\\/2025\\\/09\\\/Main-SE.png\",\"datePublished\":\"2025-09-30T14:25:07+00:00\",\"dateModified\":\"2025-09-30T14:47:49+00:00\",\"breadcrumb\":{\"@id\":\"https:\\\/\\\/relevo.app\\\/sv\\\/app_news_release4\\\/#breadcrumb\"},\"inLanguage\":\"sv-SE\",\"potentialAction\":[{\"@type\":\"ReadAction\",\"target\":[\"https:\\\/\\\/relevo.app\\\/sv\\\/app_news_release4\\\/\"]}]},{\"@type\":\"ImageObject\",\"inLanguage\":\"sv-SE\",\"@id\":\"https:\\\/\\\/relevo.app\\\/sv\\\/app_news_release4\\\/#primaryimage\",\"url\":\"https:\\\/\\\/relevo.app\\\/wp-content\\\/uploads\\\/2025\\\/09\\\/Main-SE.png\",\"contentUrl\":\"https:\\\/\\\/relevo.app\\\/wp-content\\\/uploads\\\/2025\\\/09\\\/Main-SE.png\"},{\"@type\":\"BreadcrumbList\",\"@id\":\"https:\\\/\\\/relevo.app\\\/sv\\\/app_news_release4\\\/#breadcrumb\",\"itemListElement\":[{\"@type\":\"ListItem\",\"position\":1,\"name\":\"Home\",\"item\":\"https:\\\/\\\/relevo.app\\\/sv\\\/\"},{\"@type\":\"ListItem\",\"position\":2,\"name\":\"App_News_Release4\"}]},{\"@type\":\"WebSite\",\"@id\":\"https:\\\/\\\/relevo.app\\\/sv\\\/#website\",\"url\":\"https:\\\/\\\/relevo.app\\\/sv\\\/\",\"name\":\"Relevo\",\"description\":\"\",\"potentialAction\":[{\"@type\":\"SearchAction\",\"target\":{\"@type\":\"EntryPoint\",\"urlTemplate\":\"https:\\\/\\\/relevo.app\\\/sv\\\/?s={search_term_string}\"},\"query-input\":{\"@type\":\"PropertyValueSpecification\",\"valueRequired\":true,\"valueName\":\"search_term_string\"}}],\"inLanguage\":\"sv-SE\"}]}<\/script>\n<!-- \/ Yoast SEO plugin. -->","yoast_head_json":{"title":"App_News_Release4 - Relevo","robots":{"index":"noindex","follow":"follow"},"og_locale":"sv_SE","og_type":"article","og_title":"App_News_Release4 - Relevo","og_description":"Vi \u00e4r glada att kunna meddela lanseringen av v\u00e5r helt omdesignade iOS-app! Vi har byggt om appen fr\u00e5n grunden f\u00f6r att g\u00f6ra \u00e5teranv\u00e4ndning enklare och mer intuitiv \u00e4n n\u00e5gonsin. H\u00e4r \u00e4r en \u00f6versikt \u00f6ver vad som \u00e4r nytt: En snygg ny design: Appen \u00e4r nu renare, snabbare och mer responsiv. Vi har introducerat en flytande [&hellip;]","og_url":"https:\/\/relevo.app\/sv\/app_news_release4\/","og_site_name":"Relevo","article_modified_time":"2025-09-30T14:47:49+00:00","og_image":[{"width":692,"height":288,"url":"https:\/\/relevo.app\/wp-content\/uploads\/2025\/09\/Main-SE.png","type":"image\/png"}],"twitter_card":"summary_large_image","twitter_misc":{"Ber\u00e4knad l\u00e4stid":"2 minuter"},"schema":{"@context":"https:\/\/schema.org","@graph":[{"@type":"WebPage","@id":"https:\/\/relevo.app\/sv\/app_news_release4\/","url":"https:\/\/relevo.app\/sv\/app_news_release4\/","name":"App_News_Release4 - Relevo","isPartOf":{"@id":"https:\/\/relevo.app\/sv\/#website"},"primaryImageOfPage":{"@id":"https:\/\/relevo.app\/sv\/app_news_release4\/#primaryimage"},"image":{"@id":"https:\/\/relevo.app\/sv\/app_news_release4\/#primaryimage"},"thumbnailUrl":"https:\/\/relevo.app\/wp-content\/uploads\/2025\/09\/Main-SE.png","datePublished":"2025-09-30T14:25:07+00:00","dateModified":"2025-09-30T14:47:49+00:00","breadcrumb":{"@id":"https:\/\/relevo.app\/sv\/app_news_release4\/#breadcrumb"},"inLanguage":"sv-SE","potentialAction":[{"@type":"ReadAction","target":["https:\/\/relevo.app\/sv\/app_news_release4\/"]}]},{"@type":"ImageObject","inLanguage":"sv-SE","@id":"https:\/\/relevo.app\/sv\/app_news_release4\/#primaryimage","url":"https:\/\/relevo.app\/wp-content\/uploads\/2025\/09\/Main-SE.png","contentUrl":"https:\/\/relevo.app\/wp-content\/uploads\/2025\/09\/Main-SE.png"},{"@type":"BreadcrumbList","@id":"https:\/\/relevo.app\/sv\/app_news_release4\/#breadcrumb","itemListElement":[{"@type":"ListItem","position":1,"name":"Home","item":"https:\/\/relevo.app\/sv\/"},{"@type":"ListItem","position":2,"name":"App_News_Release4"}]},{"@type":"WebSite","@id":"https:\/\/relevo.app\/sv\/#website","url":"https:\/\/relevo.app\/sv\/","name":"Relevo","description":"","potentialAction":[{"@type":"SearchAction","target":{"@type":"EntryPoint","urlTemplate":"https:\/\/relevo.app\/sv\/?s={search_term_string}"},"query-input":{"@type":"PropertyValueSpecification","valueRequired":true,"valueName":"search_term_string"}}],"inLanguage":"sv-SE"}]}},"_links":{"self":[{"href":"https:\/\/relevo.app\/sv\/wp-json\/wp\/v2\/pages\/99625","targetHints":{"allow":["GET"]}}],"collection":[{"href":"https:\/\/relevo.app\/sv\/wp-json\/wp\/v2\/pages"}],"about":[{"href":"https:\/\/relevo.app\/sv\/wp-json\/wp\/v2\/types\/page"}],"author":[{"embeddable":true,"href":"https:\/\/relevo.app\/sv\/wp-json\/wp\/v2\/users\/53"}],"replies":[{"embeddable":true,"href":"https:\/\/relevo.app\/sv\/wp-json\/wp\/v2\/comments?post=99625"}],"version-history":[{"count":4,"href":"https:\/\/relevo.app\/sv\/wp-json\/wp\/v2\/pages\/99625\/revisions"}],"predecessor-version":[{"id":99636,"href":"https:\/\/relevo.app\/sv\/wp-json\/wp\/v2\/pages\/99625\/revisions\/99636"}],"wp:attachment":[{"href":"https:\/\/relevo.app\/sv\/wp-json\/wp\/v2\/media?parent=99625"}],"curies":[{"name":"wp","href":"https:\/\/api.w.org\/{rel}","templated":true}]}}