{"id":99213,"date":"2023-08-23T13:18:08","date_gmt":"2023-08-23T11:18:08","guid":{"rendered":"https:\/\/relevo.app\/app_se_foersta_aaterlaemningen\/"},"modified":"2025-09-01T14:15:41","modified_gmt":"2025-09-01T12:15:41","slug":"app_se_foersta_aaterlaemningen","status":"publish","type":"page","link":"https:\/\/relevo.app\/sv\/app_se_foersta_aaterlaemningen\/","title":{"rendered":"App_se_f\u00f6rsta_\u00e5terl\u00e4mningen"},"content":{"rendered":"\t\t<div data-elementor-type=\"wp-page\" data-elementor-id=\"99213\" class=\"elementor elementor-99213 elementor-83816\" data-elementor-post-type=\"page\">\n\t\t\t\t\t\t<section class=\"elementor-section elementor-top-section elementor-element elementor-element-0efa4e9 elementor-section-boxed elementor-section-height-default elementor-section-height-default\" data-id=\"0efa4e9\" data-element_type=\"section\" data-e-type=\"section\">\n\t\t\t\t\t\t<div class=\"elementor-container elementor-column-gap-default\">\n\t\t\t\t\t<div class=\"elementor-column elementor-col-100 elementor-top-column elementor-element elementor-element-d2b81ae\" data-id=\"d2b81ae\" data-element_type=\"column\" data-e-type=\"column\">\n\t\t\t<div class=\"elementor-widget-wrap elementor-element-populated\">\n\t\t\t\t\t\t<div class=\"elementor-element elementor-element-10c80ff elementor-widget elementor-widget-heading\" data-id=\"10c80ff\" data-element_type=\"widget\" data-e-type=\"widget\" data-widget_type=\"heading.default\">\n\t\t\t\t<div class=\"elementor-widget-container\">\n\t\t\t\t\t<h5 class=\"elementor-heading-title elementor-size-default\">S\u00e5 fungerar din retur \ud83d\udca1<\/h5>\t\t\t\t<\/div>\n\t\t\t\t<\/div>\n\t\t\t\t<div class=\"elementor-element elementor-element-ab58446 elementor-widget elementor-widget-toggle\" data-id=\"ab58446\" data-element_type=\"widget\" data-e-type=\"widget\" data-widget_type=\"toggle.default\">\n\t\t\t\t<div class=\"elementor-widget-container\">\n\t\t\t\t\t\t\t<div class=\"elementor-toggle\">\n\t\t\t\t\t\t\t<div class=\"elementor-toggle-item\">\n\t\t\t\t\t<div id=\"elementor-tab-title-1791\" class=\"elementor-tab-title\" data-tab=\"1\" role=\"button\" aria-controls=\"elementor-tab-content-1791\" aria-expanded=\"false\">\n\t\t\t\t\t\t\t\t\t\t\t\t<span class=\"elementor-toggle-icon elementor-toggle-icon-left\" aria-hidden=\"true\">\n\t\t\t\t\t\t\t\t\t\t\t\t\t\t\t<span class=\"elementor-toggle-icon-closed\"><i class=\"icon icon-plus\"><\/i><\/span>\n\t\t\t\t\t\t\t\t<span class=\"elementor-toggle-icon-opened\"><i class=\"elementor-toggle-icon-opened icon icon-minus\"><\/i><\/span>\n\t\t\t\t\t\t\t\t\t\t\t\t\t<\/span>\n\t\t\t\t\t\t\t\t\t\t\t\t<a class=\"elementor-toggle-title\" tabindex=\"0\">Var kan jag l\u00e4mna tillbaka Relevo-f\u00f6rpackningar?<\/a>\n\t\t\t\t\t<\/div>\n\n\t\t\t\t\t<div id=\"elementor-tab-content-1791\" class=\"elementor-tab-content elementor-clearfix\" data-tab=\"1\" role=\"region\" aria-labelledby=\"elementor-tab-title-1791\"><p>Relevo-f\u00f6rpackningar av plast kan du l\u00e4mna tillbaka hos alla Relevo-partners som \u00e4r markerade med en Relevo-f\u00e4rgad pin p\u00e5 kartan \ud83d\udccd Det spelar ingen roll vilken modell du l\u00e4mnar tillbaka. <\/p>\n<p>F\u00f6r <b>glas, sushi, burgare och pizza<\/b> kan du se p\u00e5 Relevo-kartan vilken partner som tar emot dessa \ud83c\udf55<\/p>\n<p>Returm\u00f6jligheter n\u00e4ra dig hittar du enkelt med <b>filterfunktionen<\/b> i Relevo-kartan. Klicka bara h\u00f6gst upp p\u00e5 \u201dAlla Relevo-partners\u201d och filtrera efter den typ du vill \u00e5terl\u00e4mna. <\/p>\n<\/div>\n\t\t\t\t<\/div>\n\t\t\t\t\t\t\t<div class=\"elementor-toggle-item\">\n\t\t\t\t\t<div id=\"elementor-tab-title-1792\" class=\"elementor-tab-title\" data-tab=\"2\" role=\"button\" aria-controls=\"elementor-tab-content-1792\" aria-expanded=\"false\">\n\t\t\t\t\t\t\t\t\t\t\t\t<span class=\"elementor-toggle-icon elementor-toggle-icon-left\" aria-hidden=\"true\">\n\t\t\t\t\t\t\t\t\t\t\t\t\t\t\t<span class=\"elementor-toggle-icon-closed\"><i class=\"icon icon-plus\"><\/i><\/span>\n\t\t\t\t\t\t\t\t<span class=\"elementor-toggle-icon-opened\"><i class=\"elementor-toggle-icon-opened icon icon-minus\"><\/i><\/span>\n\t\t\t\t\t\t\t\t\t\t\t\t\t<\/span>\n\t\t\t\t\t\t\t\t\t\t\t\t<a class=\"elementor-toggle-title\" tabindex=\"0\">Hur l\u00e4mnar jag tillbaka Relevo-f\u00f6rpackningar?<\/a>\n\t\t\t\t\t<\/div>\n\n\t\t\t\t\t<div id=\"elementor-tab-content-1792\" class=\"elementor-tab-content elementor-clearfix\" data-tab=\"2\" role=\"region\" aria-labelledby=\"elementor-tab-title-1792\"><p>F\u00f6r att l\u00e4mna tillbaka en f\u00f6rpackning <strong>skannar du returpostern<\/strong> p\u00e5 plats. \u00d6ppna Relevo-appen, klicka p\u00e5 skanningsknappen och skanna QR-koden p\u00e5 postern \ud83e\udd33 Visa sedan skanningsbekr\u00e4ftelsen och l\u00e4mna f\u00f6rpackningen. Vet du inte var postern sitter? Fr\u00e5ga g\u00e4rna personalen \ud83d\udc69\u200d\ud83c\udf73   <\/p>\n<\/div>\n\t\t\t\t<\/div>\n\t\t\t\t\t\t\t<div class=\"elementor-toggle-item\">\n\t\t\t\t\t<div id=\"elementor-tab-title-1793\" class=\"elementor-tab-title\" data-tab=\"3\" role=\"button\" aria-controls=\"elementor-tab-content-1793\" aria-expanded=\"false\">\n\t\t\t\t\t\t\t\t\t\t\t\t<span class=\"elementor-toggle-icon elementor-toggle-icon-left\" aria-hidden=\"true\">\n\t\t\t\t\t\t\t\t\t\t\t\t\t\t\t<span class=\"elementor-toggle-icon-closed\"><i class=\"icon icon-plus\"><\/i><\/span>\n\t\t\t\t\t\t\t\t<span class=\"elementor-toggle-icon-opened\"><i class=\"elementor-toggle-icon-opened icon icon-minus\"><\/i><\/span>\n\t\t\t\t\t\t\t\t\t\t\t\t\t<\/span>\n\t\t\t\t\t\t\t\t\t\t\t\t<a class=\"elementor-toggle-title\" tabindex=\"0\">Hur l\u00e5ng tid har jag p\u00e5 mig att \u00e5terl\u00e4mna?<\/a>\n\t\t\t\t\t<\/div>\n\n\t\t\t\t\t<div id=\"elementor-tab-content-1793\" class=\"elementor-tab-content elementor-clearfix\" data-tab=\"3\" role=\"region\" aria-labelledby=\"elementor-tab-title-1793\"><p>Du kan l\u00e5na din Relevo <b>gratis i 14 dagar<\/b> \ud83d\udcc6 Beh\u00f6ver du mer tid? F\u00f6rl\u00e4ng fr\u00e5n 1 \u20ac f\u00f6r minst 7 dagar direkt i appen. <\/p>\n<\/div>\n\t\t\t\t<\/div>\n\t\t\t\t\t\t\t<div class=\"elementor-toggle-item\">\n\t\t\t\t\t<div id=\"elementor-tab-title-1794\" class=\"elementor-tab-title\" data-tab=\"4\" role=\"button\" aria-controls=\"elementor-tab-content-1794\" aria-expanded=\"false\">\n\t\t\t\t\t\t\t\t\t\t\t\t<span class=\"elementor-toggle-icon elementor-toggle-icon-left\" aria-hidden=\"true\">\n\t\t\t\t\t\t\t\t\t\t\t\t\t\t\t<span class=\"elementor-toggle-icon-closed\"><i class=\"icon icon-plus\"><\/i><\/span>\n\t\t\t\t\t\t\t\t<span class=\"elementor-toggle-icon-opened\"><i class=\"elementor-toggle-icon-opened icon icon-minus\"><\/i><\/span>\n\t\t\t\t\t\t\t\t\t\t\t\t\t<\/span>\n\t\t\t\t\t\t\t\t\t\t\t\t<a class=\"elementor-toggle-title\" tabindex=\"0\">Vad h\u00e4nder om jag inte l\u00e4mnar tillbaka i tid?<\/a>\n\t\t\t\t\t<\/div>\n\n\t\t\t\t\t<div id=\"elementor-tab-content-1794\" class=\"elementor-tab-content elementor-clearfix\" data-tab=\"4\" role=\"region\" aria-labelledby=\"elementor-tab-title-1794\"><p>Om du<strong> inte \u00e5terl\u00e4mnar inom tidsfristen<\/strong> debiteras en klimatavgift p\u00e5 10 \u20ac per sk\u00e5l och 5 \u20ac per mugg. Avgiften dras fr\u00e5n din valda betalningsmetod. Ingen fara \u2013 <strong>vi p\u00e5minner dig<\/strong> i tid om \u00e5terl\u00e4mning \ud83d\udcec Hur du vill bli p\u00e5mind kan du sj\u00e4lv st\u00e4lla in i Relevo-appen.  <\/p>\n<\/div>\n\t\t\t\t<\/div>\n\t\t\t\t\t\t\t<div class=\"elementor-toggle-item\">\n\t\t\t\t\t<div id=\"elementor-tab-title-1795\" class=\"elementor-tab-title\" data-tab=\"5\" role=\"button\" aria-controls=\"elementor-tab-content-1795\" aria-expanded=\"false\">\n\t\t\t\t\t\t\t\t\t\t\t\t<span class=\"elementor-toggle-icon elementor-toggle-icon-left\" aria-hidden=\"true\">\n\t\t\t\t\t\t\t\t\t\t\t\t\t\t\t<span class=\"elementor-toggle-icon-closed\"><i class=\"icon icon-plus\"><\/i><\/span>\n\t\t\t\t\t\t\t\t<span class=\"elementor-toggle-icon-opened\"><i class=\"elementor-toggle-icon-opened icon icon-minus\"><\/i><\/span>\n\t\t\t\t\t\t\t\t\t\t\t\t\t<\/span>\n\t\t\t\t\t\t\t\t\t\t\t\t<a class=\"elementor-toggle-title\" tabindex=\"0\">M\u00e5ste jag diska Relevo-f\u00f6rpackningarna innan retur?<\/a>\n\t\t\t\t\t<\/div>\n\n\t\t\t\t\t<div id=\"elementor-tab-content-1795\" class=\"elementor-tab-content elementor-clearfix\" data-tab=\"5\" role=\"region\" aria-labelledby=\"elementor-tab-title-1795\"><p>Relevo-f\u00f6rpackningarna reng\u00f6rs alltid professionellt och hygieniskt av partnern innan de \u00e5teranv\u00e4nds. Om du <b>inte l\u00e4mnar tillbaka samma dag<\/b>, diska noggrant s\u00e5 att ingen m\u00f6gel bildas \ud83d\udca7 <\/p>\n<p>Observera att vi, enligt v\u00e5ra <a tabindex=\"-1\" href=\"https:\/\/relevo.app\/de\/agb\/\" target=\"_blank\" rel=\"noopener noreferrer\" data-stringify-link=\"https:\/\/relevo.app\/agb\/\" data-sk=\"tooltip_parent\" data-remove-tab-index=\"true\">anv\u00e4ndarvillkor<\/a>, tar ut en klimatavgift f\u00f6r f\u00f6rpackningar som \u00e4r orimligt smutsiga och d\u00e4rf\u00f6r inte kan \u00e5teranv\u00e4ndas utan m\u00e5ste sorteras bort.<\/p>\n<\/div>\n\t\t\t\t<\/div>\n\t\t\t\t\t\t\t<div class=\"elementor-toggle-item\">\n\t\t\t\t\t<div id=\"elementor-tab-title-1796\" class=\"elementor-tab-title\" data-tab=\"6\" role=\"button\" aria-controls=\"elementor-tab-content-1796\" aria-expanded=\"false\">\n\t\t\t\t\t\t\t\t\t\t\t\t<span class=\"elementor-toggle-icon elementor-toggle-icon-left\" aria-hidden=\"true\">\n\t\t\t\t\t\t\t\t\t\t\t\t\t\t\t<span class=\"elementor-toggle-icon-closed\"><i class=\"icon icon-plus\"><\/i><\/span>\n\t\t\t\t\t\t\t\t<span class=\"elementor-toggle-icon-opened\"><i class=\"elementor-toggle-icon-opened icon icon-minus\"><\/i><\/span>\n\t\t\t\t\t\t\t\t\t\t\t\t\t<\/span>\n\t\t\t\t\t\t\t\t\t\t\t\t<a class=\"elementor-toggle-title\" tabindex=\"0\">Varf\u00f6r m\u00e5ste jag l\u00e4gga till en betalningsmetod i appen?<\/a>\n\t\t\t\t\t<\/div>\n\n\t\t\t\t\t<div id=\"elementor-tab-content-1796\" class=\"elementor-tab-content elementor-clearfix\" data-tab=\"6\" role=\"region\" aria-labelledby=\"elementor-tab-title-1796\"><p>Ingen fara \u2013 Relevo \u00e4r fortfarande<b> gratis<\/b> f\u00f6r dig! Vi beh\u00f6ver bara din information f\u00f6r att: <\/p>\n<p>\u267b\ufe0f <b>S\u00e4kerst\u00e4lla \u00e5terl\u00e4mning<\/b>: Utl\u00e5ningen \u00e4r gratis. Om du inte l\u00e4mnar tillbaka din Relevo kan den inte ers\u00e4tta eng\u00e5ngsavfall. Endast d\u00e5 tar vi ut en klimatavgift.  <\/p>\n<p>\u23f0 <b>F\u00f6rl\u00e4ngning<\/b>: Beh\u00f6ver du mer tid? F\u00f6rl\u00e4ng fr\u00e5n 1 \u20ac f\u00f6r minst 7 dagar direkt i appen. <\/p>\n<p>\ud83d\udd11 S\u00e4ker betalning: Betalningar hanteras s\u00e4kert av v\u00e5ra betalningstj\u00e4nstleverant\u00f6rer. Dina betalningsuppgifter behandlas enligt EU-lagstiftning. Vi lagrar inte konto- eller kortuppgifter och har ingen \u00e5tkomst till din betalningsinformation.  <\/p>\n<\/div>\n\t\t\t\t<\/div>\n\t\t\t\t\t\t\t\t<\/div>\n\t\t\t\t\t\t<\/div>\n\t\t\t\t<\/div>\n\t\t\t\t\t<\/div>\n\t\t<\/div>\n\t\t\t\t\t<\/div>\n\t\t<\/section>\n\t\t<div class=\"elementor-element elementor-element-a8bfa16 e-flex e-con-boxed e-con e-parent\" data-id=\"a8bfa16\" data-element_type=\"container\" data-e-type=\"container\">\n\t\t\t\t\t<div class=\"e-con-inner\">\n\t\t\t\t<div class=\"elementor-element elementor-element-e6859c0 elementor-widget elementor-widget-video\" data-id=\"e6859c0\" data-element_type=\"widget\" data-e-type=\"widget\" data-settings=\"{&quot;youtube_url&quot;:&quot;https:\\\/\\\/www.youtube.com\\\/watch?v=w4K0DTq1RJ8&amp;t=11s&quot;,&quot;video_type&quot;:&quot;youtube&quot;,&quot;controls&quot;:&quot;yes&quot;}\" data-widget_type=\"video.default\">\n\t\t\t\t<div class=\"elementor-widget-container\">\n\t\t\t\t\t\t\t<div class=\"elementor-wrapper elementor-open-inline\">\n\t\t\t<div class=\"elementor-video\"> <div class=\"brlbs-cmpnt-container brlbs-cmpnt-content-blocker brlbs-cmpnt-with-individual-styles\" data-borlabs-cookie-content-blocker-id=\"default\" data-borlabs-cookie-content=\"PHNjcmlwdD4KKGZ1bmN0aW9uKCkgewogICAgY29uc3QgZCA9IGRvY3VtZW50LnF1ZXJ5U2VsZWN0b3IoJ2Rpdi5lbGVtZW50b3ItZWxlbWVudC1lNjg1OWMwJykKICAgIGlmICghZCkgewogICAgICAgIHJldHVybjsKICAgIH0KICAgIGQuZGF0YXNldC53aWRnZXRfdHlwZSA9IGQuZGF0YXNldC53aWRnZXRfdHlwZS5yZXBsYWNlKCdicmxic18nLCAnJyk7CiAgICBkLmRhdGFzZXQuYnJsYnNVbmJsb2NrZWQgPSAndHJ1ZSc7CgogICAgY29uc3QgaW50ZXJ2YWwgPSBzZXRJbnRlcnZhbCgoKSA9PiB7CiAgICAgICAgaWYgKHR5cGVvZiBlbGVtZW50b3JGcm9udGVuZCAhPT0gJ3VuZGVmaW5lZCcgJiYgdHlwZW9mIGVsZW1lbnRvckZyb250ZW5kLmhvb2tzICE9PSAndW5kZWZpbmVkJykgewogICAgICAgICAgICBjbGVhckludGVydmFsKGludGVydmFsKTsKICAgICAgICAgICAgZWxlbWVudG9yRnJvbnRlbmQuaG9va3MuZG9BY3Rpb24oJ2Zyb250ZW5kL2VsZW1lbnRfcmVhZHkvdmlkZW8uZGVmYXVsdCcsIGpRdWVyeShkKSwgalF1ZXJ5KQogICAgICAgIH0KICAgIH0sIDMwKQp9KSgpOwo8L3NjcmlwdD4=\"><div class=\"brlbs-cmpnt-cb-preset-a\"> <p class=\"brlbs-cmpnt-cb-description\">You are currently viewing a placeholder content from <strong>Default<\/strong>. To access the actual content, click the button below. Please note that doing so will share data with third-party providers.<\/p> <div class=\"brlbs-cmpnt-cb-buttons\"> <a class=\"brlbs-cmpnt-cb-btn\" href=\"#\" data-borlabs-cookie-unblock role=\"button\">Unblock content<\/a> <a class=\"brlbs-cmpnt-cb-btn\" href=\"#\" data-borlabs-cookie-accept-service role=\"button\" style=\"display: none\">Accept required service and unblock content<\/a> <\/div> <a class=\"brlbs-cmpnt-cb-provider-toggle\" href=\"#\" data-borlabs-cookie-show-provider-information role=\"button\">More Information<\/a> <\/div><\/div><\/div>\t\t<\/div>\n\t\t\t\t\t\t<\/div>\n\t\t\t\t<\/div>\n\t\t\t\t\t<\/div>\n\t\t\t\t<\/div>\n\t\t\t\t<\/div>\n\t\t","protected":false},"excerpt":{"rendered":"<p>S\u00e5 fungerar din retur \ud83d\udca1 Var kan jag l\u00e4mna tillbaka Relevo-f\u00f6rpackningar? Relevo-f\u00f6rpackningar av plast kan du l\u00e4mna tillbaka hos alla Relevo-partners som \u00e4r markerade med en Relevo-f\u00e4rgad pin p\u00e5 kartan \ud83d\udccd Det spelar ingen roll vilken modell du l\u00e4mnar tillbaka. F\u00f6r glas, sushi, burgare och pizza kan du se p\u00e5 Relevo-kartan vilken partner som tar [&hellip;]<\/p>\n","protected":false},"author":1,"featured_media":0,"parent":0,"menu_order":0,"comment_status":"closed","ping_status":"closed","template":"elementor_canvas","meta":{"content-type":"","om_disable_all_campaigns":false,"footnotes":""},"class_list":["post-99213","page","type-page","status-publish","hentry"],"yoast_head":"<!-- This site is optimized with the Yoast SEO plugin v27.4 - https:\/\/yoast.com\/product\/yoast-seo-wordpress\/ -->\n<title>App_se_f\u00f6rsta_\u00e5terl\u00e4mningen - Relevo<\/title>\n<meta name=\"robots\" content=\"noindex, nofollow\" \/>\n<meta property=\"og:locale\" content=\"sv_SE\" \/>\n<meta property=\"og:type\" content=\"article\" \/>\n<meta property=\"og:title\" content=\"App_se_f\u00f6rsta_\u00e5terl\u00e4mningen - Relevo\" \/>\n<meta property=\"og:description\" content=\"S\u00e5 fungerar din retur \ud83d\udca1 Var kan jag l\u00e4mna tillbaka Relevo-f\u00f6rpackningar? Relevo-f\u00f6rpackningar av plast kan du l\u00e4mna tillbaka hos alla Relevo-partners som \u00e4r markerade med en Relevo-f\u00e4rgad pin p\u00e5 kartan \ud83d\udccd Det spelar ingen roll vilken modell du l\u00e4mnar tillbaka. F\u00f6r glas, sushi, burgare och pizza kan du se p\u00e5 Relevo-kartan vilken partner som tar [&hellip;]\" \/>\n<meta property=\"og:url\" content=\"https:\/\/relevo.app\/sv\/app_se_foersta_aaterlaemningen\/\" \/>\n<meta property=\"og:site_name\" content=\"Relevo\" \/>\n<meta property=\"article:modified_time\" content=\"2025-09-01T12:15:41+00:00\" \/>\n<meta name=\"twitter:card\" content=\"summary_large_image\" \/>\n<meta name=\"twitter:label1\" content=\"Ber\u00e4knad l\u00e4stid\" \/>\n\t<meta name=\"twitter:data1\" content=\"2 minuter\" \/>\n<script type=\"application\/ld+json\" class=\"yoast-schema-graph\">{\"@context\":\"https:\\\/\\\/schema.org\",\"@graph\":[{\"@type\":\"WebPage\",\"@id\":\"https:\\\/\\\/relevo.app\\\/sv\\\/app_se_foersta_aaterlaemningen\\\/\",\"url\":\"https:\\\/\\\/relevo.app\\\/sv\\\/app_se_foersta_aaterlaemningen\\\/\",\"name\":\"App_se_f\u00f6rsta_\u00e5terl\u00e4mningen - Relevo\",\"isPartOf\":{\"@id\":\"https:\\\/\\\/relevo.app\\\/sv\\\/#website\"},\"datePublished\":\"2023-08-23T11:18:08+00:00\",\"dateModified\":\"2025-09-01T12:15:41+00:00\",\"breadcrumb\":{\"@id\":\"https:\\\/\\\/relevo.app\\\/sv\\\/app_se_foersta_aaterlaemningen\\\/#breadcrumb\"},\"inLanguage\":\"sv-SE\",\"potentialAction\":[{\"@type\":\"ReadAction\",\"target\":[\"https:\\\/\\\/relevo.app\\\/sv\\\/app_se_foersta_aaterlaemningen\\\/\"]}]},{\"@type\":\"BreadcrumbList\",\"@id\":\"https:\\\/\\\/relevo.app\\\/sv\\\/app_se_foersta_aaterlaemningen\\\/#breadcrumb\",\"itemListElement\":[{\"@type\":\"ListItem\",\"position\":1,\"name\":\"Home\",\"item\":\"https:\\\/\\\/relevo.app\\\/sv\\\/\"},{\"@type\":\"ListItem\",\"position\":2,\"name\":\"App_se_f\u00f6rsta_\u00e5terl\u00e4mningen\"}]},{\"@type\":\"WebSite\",\"@id\":\"https:\\\/\\\/relevo.app\\\/sv\\\/#website\",\"url\":\"https:\\\/\\\/relevo.app\\\/sv\\\/\",\"name\":\"Relevo\",\"description\":\"\",\"potentialAction\":[{\"@type\":\"SearchAction\",\"target\":{\"@type\":\"EntryPoint\",\"urlTemplate\":\"https:\\\/\\\/relevo.app\\\/sv\\\/?s={search_term_string}\"},\"query-input\":{\"@type\":\"PropertyValueSpecification\",\"valueRequired\":true,\"valueName\":\"search_term_string\"}}],\"inLanguage\":\"sv-SE\"}]}<\/script>\n<!-- \/ Yoast SEO plugin. -->","yoast_head_json":{"title":"App_se_f\u00f6rsta_\u00e5terl\u00e4mningen - Relevo","robots":{"index":"noindex","follow":"nofollow"},"og_locale":"sv_SE","og_type":"article","og_title":"App_se_f\u00f6rsta_\u00e5terl\u00e4mningen - Relevo","og_description":"S\u00e5 fungerar din retur \ud83d\udca1 Var kan jag l\u00e4mna tillbaka Relevo-f\u00f6rpackningar? Relevo-f\u00f6rpackningar av plast kan du l\u00e4mna tillbaka hos alla Relevo-partners som \u00e4r markerade med en Relevo-f\u00e4rgad pin p\u00e5 kartan \ud83d\udccd Det spelar ingen roll vilken modell du l\u00e4mnar tillbaka. F\u00f6r glas, sushi, burgare och pizza kan du se p\u00e5 Relevo-kartan vilken partner som tar [&hellip;]","og_url":"https:\/\/relevo.app\/sv\/app_se_foersta_aaterlaemningen\/","og_site_name":"Relevo","article_modified_time":"2025-09-01T12:15:41+00:00","twitter_card":"summary_large_image","twitter_misc":{"Ber\u00e4knad l\u00e4stid":"2 minuter"},"schema":{"@context":"https:\/\/schema.org","@graph":[{"@type":"WebPage","@id":"https:\/\/relevo.app\/sv\/app_se_foersta_aaterlaemningen\/","url":"https:\/\/relevo.app\/sv\/app_se_foersta_aaterlaemningen\/","name":"App_se_f\u00f6rsta_\u00e5terl\u00e4mningen - Relevo","isPartOf":{"@id":"https:\/\/relevo.app\/sv\/#website"},"datePublished":"2023-08-23T11:18:08+00:00","dateModified":"2025-09-01T12:15:41+00:00","breadcrumb":{"@id":"https:\/\/relevo.app\/sv\/app_se_foersta_aaterlaemningen\/#breadcrumb"},"inLanguage":"sv-SE","potentialAction":[{"@type":"ReadAction","target":["https:\/\/relevo.app\/sv\/app_se_foersta_aaterlaemningen\/"]}]},{"@type":"BreadcrumbList","@id":"https:\/\/relevo.app\/sv\/app_se_foersta_aaterlaemningen\/#breadcrumb","itemListElement":[{"@type":"ListItem","position":1,"name":"Home","item":"https:\/\/relevo.app\/sv\/"},{"@type":"ListItem","position":2,"name":"App_se_f\u00f6rsta_\u00e5terl\u00e4mningen"}]},{"@type":"WebSite","@id":"https:\/\/relevo.app\/sv\/#website","url":"https:\/\/relevo.app\/sv\/","name":"Relevo","description":"","potentialAction":[{"@type":"SearchAction","target":{"@type":"EntryPoint","urlTemplate":"https:\/\/relevo.app\/sv\/?s={search_term_string}"},"query-input":{"@type":"PropertyValueSpecification","valueRequired":true,"valueName":"search_term_string"}}],"inLanguage":"sv-SE"}]}},"_links":{"self":[{"href":"https:\/\/relevo.app\/sv\/wp-json\/wp\/v2\/pages\/99213","targetHints":{"allow":["GET"]}}],"collection":[{"href":"https:\/\/relevo.app\/sv\/wp-json\/wp\/v2\/pages"}],"about":[{"href":"https:\/\/relevo.app\/sv\/wp-json\/wp\/v2\/types\/page"}],"author":[{"embeddable":true,"href":"https:\/\/relevo.app\/sv\/wp-json\/wp\/v2\/users\/1"}],"replies":[{"embeddable":true,"href":"https:\/\/relevo.app\/sv\/wp-json\/wp\/v2\/comments?post=99213"}],"version-history":[{"count":4,"href":"https:\/\/relevo.app\/sv\/wp-json\/wp\/v2\/pages\/99213\/revisions"}],"predecessor-version":[{"id":99217,"href":"https:\/\/relevo.app\/sv\/wp-json\/wp\/v2\/pages\/99213\/revisions\/99217"}],"wp:attachment":[{"href":"https:\/\/relevo.app\/sv\/wp-json\/wp\/v2\/media?parent=99213"}],"curies":[{"name":"wp","href":"https:\/\/api.w.org\/{rel}","templated":true}]}}