{"id":99185,"date":"2021-07-22T09:44:11","date_gmt":"2021-07-22T07:44:11","guid":{"rendered":"https:\/\/relevo.app\/kontakt-2\/"},"modified":"2025-09-17T14:52:45","modified_gmt":"2025-09-17T12:52:45","slug":"kontakt-2","status":"publish","type":"page","link":"https:\/\/relevo.app\/sv\/kontakt-2\/","title":{"rendered":"Kontakt"},"content":{"rendered":"\t\t<div data-elementor-type=\"wp-page\" data-elementor-id=\"99185\" class=\"elementor elementor-99185 elementor-28743\" data-elementor-post-type=\"page\">\n\t\t\t\t\t\t<section class=\"elementor-section elementor-top-section elementor-element elementor-element-995e6ae elementor-section-height-min-height elementor-section-boxed elementor-section-height-default elementor-section-items-middle\" data-id=\"995e6ae\" data-element_type=\"section\" data-e-type=\"section\" data-settings=\"{&quot;background_background&quot;:&quot;classic&quot;}\">\n\t\t\t\t\t\t\t<div class=\"elementor-background-overlay\"><\/div>\n\t\t\t\t\t\t\t<div class=\"elementor-container elementor-column-gap-default\">\n\t\t\t\t\t<div class=\"elementor-column elementor-col-100 elementor-top-column elementor-element elementor-element-4a4bec1\" data-id=\"4a4bec1\" data-element_type=\"column\" data-e-type=\"column\">\n\t\t\t<div class=\"elementor-widget-wrap elementor-element-populated\">\n\t\t\t\t\t\t<div class=\"elementor-element elementor-element-a6ce16e e-transform elementor-widget elementor-widget-heading\" data-id=\"a6ce16e\" data-element_type=\"widget\" data-e-type=\"widget\" data-settings=\"{&quot;_transform_rotateZ_effect_hover&quot;:{&quot;unit&quot;:&quot;px&quot;,&quot;size&quot;:&quot;&quot;,&quot;sizes&quot;:[]},&quot;_transform_rotateZ_effect_hover_tablet&quot;:{&quot;unit&quot;:&quot;deg&quot;,&quot;size&quot;:&quot;&quot;,&quot;sizes&quot;:[]},&quot;_transform_rotateZ_effect_hover_mobile&quot;:{&quot;unit&quot;:&quot;deg&quot;,&quot;size&quot;:&quot;&quot;,&quot;sizes&quot;:[]}}\" data-widget_type=\"heading.default\">\n\t\t\t\t<div class=\"elementor-widget-container\">\n\t\t\t\t\t<h1 class=\"elementor-heading-title elementor-size-default\"> \u00d6nskem\u00e5l, id\u00e9er, feedback eller funderingar?<\/h1>\t\t\t\t<\/div>\n\t\t\t\t<\/div>\n\t\t\t\t<div class=\"elementor-element elementor-element-c8b9464 elementor-widget elementor-widget-heading\" data-id=\"c8b9464\" data-element_type=\"widget\" data-e-type=\"widget\" data-widget_type=\"heading.default\">\n\t\t\t\t<div class=\"elementor-widget-container\">\n\t\t\t\t\t<h3 class=\"elementor-heading-title elementor-size-default\">H\u00f6r g\u00e4rna av dig \u2013 vi ser fram emot att hj\u00e4lpa dig vidare!<\/h3>\t\t\t\t<\/div>\n\t\t\t\t<\/div>\n\t\t\t\t\t<\/div>\n\t\t<\/div>\n\t\t\t\t\t<\/div>\n\t\t<\/section>\n\t\t<div class=\"elementor-element elementor-element-7d7ac32 e-flex e-con-boxed e-con e-parent\" data-id=\"7d7ac32\" data-element_type=\"container\" data-e-type=\"container\" data-settings=\"{&quot;background_background&quot;:&quot;classic&quot;}\">\n\t\t\t\t\t<div class=\"e-con-inner\">\n\t\t<div class=\"elementor-element elementor-element-168b3b5 e-con-full e-flex e-con e-child\" data-id=\"168b3b5\" data-element_type=\"container\" data-e-type=\"container\" data-settings=\"{&quot;background_background&quot;:&quot;classic&quot;}\">\n\t\t<div class=\"elementor-element elementor-element-efe62b0 e-con-full e-flex e-con e-child\" data-id=\"efe62b0\" data-element_type=\"container\" data-e-type=\"container\">\n\t\t\t\t<div class=\"elementor-element elementor-element-3b41338 elementor-widget__width-initial elementor-widget elementor-widget-heading\" data-id=\"3b41338\" data-element_type=\"widget\" data-e-type=\"widget\" data-widget_type=\"heading.default\">\n\t\t\t\t<div class=\"elementor-widget-container\">\n\t\t\t\t\t<h2 class=\"elementor-heading-title elementor-size-default\">Har du en fr\u00e5ga om v\u00e5rt \u00e5teranv\u00e4ndningssystem?<\/h2>\t\t\t\t<\/div>\n\t\t\t\t<\/div>\n\t\t\t\t<div class=\"elementor-element elementor-element-4bcbd93 elementor-widget elementor-widget-text-editor\" data-id=\"4bcbd93\" data-element_type=\"widget\" data-e-type=\"widget\" data-widget_type=\"text-editor.default\">\n\t\t\t\t<div class=\"elementor-widget-container\">\n\t\t\t\t\t\t\t\t\t<p>Skriv till oss!<\/p>\t\t\t\t\t\t\t\t<\/div>\n\t\t\t\t<\/div>\n\t\t\t\t<div class=\"elementor-element elementor-element-68ada63 elementor-widget elementor-widget-hubspot-form\" data-id=\"68ada63\" data-element_type=\"widget\" data-e-type=\"widget\" data-widget_type=\"hubspot-form.default\">\n\t\t\t\t<div class=\"elementor-widget-container\">\n\t\t\t\t\t\n\t\t\t\t\t\t<script>\n\t\t\t\t\t\t\twindow.hsFormsOnReady = window.hsFormsOnReady || [];\n\t\t\t\t\t\t\twindow.hsFormsOnReady.push(()=>{\n\t\t\t\t\t\t\t\thbspt.forms.create({\n\t\t\t\t\t\t\t\t\tportalId: 6959162,\n\t\t\t\t\t\t\t\t\tformId: \"5ecfa519-05bb-4eaf-84cd-bff7141db720\",\n\t\t\t\t\t\t\t\t\ttarget: \"#hbspt-form-1776188631000-1557724582\",\n\t\t\t\t\t\t\t\t\tregion: \"na1\",\n\t\t\t\t\t\t\t\t\t\n\t\t\t\t\t\t\t})});\n\t\t\t\t\t\t<\/script>\n\t\t\t\t\t\t<div class=\"hbspt-form\" id=\"hbspt-form-1776188631000-1557724582\"><\/div>\t\t\t\t<\/div>\n\t\t\t\t<\/div>\n\t\t\t\t<div class=\"elementor-element elementor-element-7b9e2cb elementor-widget elementor-widget-text-editor\" data-id=\"7b9e2cb\" data-element_type=\"widget\" data-e-type=\"widget\" data-widget_type=\"text-editor.default\">\n\t\t\t\t<div class=\"elementor-widget-container\">\n\t\t\t\t\t\t\t\t\t<p><strong>Vill du ge oss anonym feedback om v\u00e5rt \u00e5teranv\u00e4ndningssystem?<\/strong><\/p>\t\t\t\t\t\t\t\t<\/div>\n\t\t\t\t<\/div>\n\t\t\t\t<div class=\"elementor-element elementor-element-cf4ed94 elementor-widget elementor-widget-heading\" data-id=\"cf4ed94\" data-element_type=\"widget\" data-e-type=\"widget\" data-widget_type=\"heading.default\">\n\t\t\t\t<div class=\"elementor-widget-container\">\n\t\t\t\t\t<h6 class=\"elementor-heading-title elementor-size-default\"><a href=\"https:\/\/docs.google.com\/forms\/d\/e\/1FAIpQLSdGx58VM-cw2hHk_DNsa3wi2fspN7YTRS6dXyiGUbi6wIw_Kg\/viewform?usp=sf_link\"><b>KLICKA H\u00c4R &gt;<\/b><\/a><\/h6>\t\t\t\t<\/div>\n\t\t\t\t<\/div>\n\t\t\t\t<\/div>\n\t\t<div class=\"elementor-element elementor-element-675849e e-con-full e-flex e-con e-child\" data-id=\"675849e\" data-element_type=\"container\" data-e-type=\"container\">\n\t\t\t\t<div class=\"elementor-element elementor-element-e94a8cc elementor-widget elementor-widget-image\" data-id=\"e94a8cc\" data-element_type=\"widget\" data-e-type=\"widget\" data-widget_type=\"image.default\">\n\t\t\t\t<div class=\"elementor-widget-container\">\n\t\t\t\t\t\t\t\t\t\t\t\t\t\t\t<img fetchpriority=\"high\" decoding=\"async\" width=\"800\" height=\"800\" src=\"https:\/\/relevo.app\/wp-content\/uploads\/2023\/08\/IMG_20200911_193732_326-1-1024x1024.jpg\" class=\"attachment-large size-large wp-image-83306\" alt=\"\" srcset=\"https:\/\/relevo.app\/wp-content\/uploads\/2023\/08\/IMG_20200911_193732_326-1-1024x1024.jpg 1024w, https:\/\/relevo.app\/wp-content\/uploads\/2023\/08\/IMG_20200911_193732_326-1-300x300.jpg 300w, https:\/\/relevo.app\/wp-content\/uploads\/2023\/08\/IMG_20200911_193732_326-1-150x150.jpg 150w, https:\/\/relevo.app\/wp-content\/uploads\/2023\/08\/IMG_20200911_193732_326-1-768x768.jpg 768w, https:\/\/relevo.app\/wp-content\/uploads\/2023\/08\/IMG_20200911_193732_326-1-1536x1536.jpg 1536w, https:\/\/relevo.app\/wp-content\/uploads\/2023\/08\/IMG_20200911_193732_326-1-2048x2048.jpg 2048w, https:\/\/relevo.app\/wp-content\/uploads\/2023\/08\/elementor\/thumbs\/IMG_20200911_193732_326-1-qaw9lt5d8fcpfdko3bxx1l1ik76xa8pzq5nuajznn4.jpg 600w\" sizes=\"(max-width: 800px) 100vw, 800px\" \/>\t\t\t\t\t\t\t\t\t\t\t\t\t\t\t<\/div>\n\t\t\t\t<\/div>\n\t\t\t\t<div class=\"elementor-element elementor-element-85b3f81 elementor-widget elementor-widget-heading\" data-id=\"85b3f81\" data-element_type=\"widget\" data-e-type=\"widget\" data-widget_type=\"heading.default\">\n\t\t\t\t<div class=\"elementor-widget-container\">\n\t\t\t\t\t<h3 class=\"elementor-heading-title elementor-size-default\">David Winkel<\/h3>\t\t\t\t<\/div>\n\t\t\t\t<\/div>\n\t\t\t\t<div class=\"elementor-element elementor-element-c862d54 elementor-widget elementor-widget-text-editor\" data-id=\"c862d54\" data-element_type=\"widget\" data-e-type=\"widget\" data-widget_type=\"text-editor.default\">\n\t\t\t\t<div class=\"elementor-widget-container\">\n\t\t\t\t\t\t\t\t\t<p>Team Lead Sales<\/p>\t\t\t\t\t\t\t\t<\/div>\n\t\t\t\t<\/div>\n\t\t\t\t<\/div>\n\t\t\t\t<\/div>\n\t\t\t\t\t<\/div>\n\t\t\t\t<\/div>\n\t\t<div class=\"elementor-element elementor-element-722fc07 e-con-full elementor-hidden-desktop elementor-hidden-tablet elementor-hidden-mobile e-flex e-con e-parent\" data-id=\"722fc07\" data-element_type=\"container\" data-e-type=\"container\">\n\t\t<div class=\"elementor-element elementor-element-665cd7e e-con-full e-flex e-con e-child\" data-id=\"665cd7e\" data-element_type=\"container\" data-e-type=\"container\" data-settings=\"{&quot;background_background&quot;:&quot;classic&quot;}\">\n\t\t\t\t<div class=\"elementor-element elementor-element-45c29ca elementor-widget elementor-widget-text-editor\" data-id=\"45c29ca\" data-element_type=\"widget\" data-e-type=\"widget\" data-widget_type=\"text-editor.default\">\n\t\t\t\t<div class=\"elementor-widget-container\">\n\t\t\t\t\t\t\t\t\t<p> \u00d6nskem\u00e5l, id\u00e9er, feedback eller funderingar? H\u00f6r g\u00e4rna av dig \u2013 vi ser fram emot att hj\u00e4lpa dig vidare! <\/p>\t\t\t\t\t\t\t\t<\/div>\n\t\t\t\t<\/div>\n\t\t\t\t<\/div>\n\t\t<div class=\"elementor-element elementor-element-b664fb2 e-con-full e-flex e-con e-child\" data-id=\"b664fb2\" data-element_type=\"container\" data-e-type=\"container\">\n\t\t\t\t<div class=\"elementor-element elementor-element-ed1dfc3 elementor-widget elementor-widget-heading\" data-id=\"ed1dfc3\" data-element_type=\"widget\" data-e-type=\"widget\" data-widget_type=\"heading.default\">\n\t\t\t\t<div class=\"elementor-widget-container\">\n\t\t\t\t\t<h1 class=\"elementor-heading-title elementor-size-default\">Har du en fr\u00e5ga om v\u00e5rt \u00e5teranv\u00e4ndningssystem?<\/h1>\t\t\t\t<\/div>\n\t\t\t\t<\/div>\n\t\t\t\t<div class=\"elementor-element elementor-element-058e72b elementor-widget elementor-widget-heading\" data-id=\"058e72b\" data-element_type=\"widget\" data-e-type=\"widget\" data-widget_type=\"heading.default\">\n\t\t\t\t<div class=\"elementor-widget-container\">\n\t\t\t\t\t<h5 class=\"elementor-heading-title elementor-size-default\">Skriv till oss!<\/h5>\t\t\t\t<\/div>\n\t\t\t\t<\/div>\n\t\t\t\t<div class=\"elementor-element elementor-element-607f0de elementor-widget elementor-widget-heading\" data-id=\"607f0de\" data-element_type=\"widget\" data-e-type=\"widget\" data-widget_type=\"heading.default\">\n\t\t\t\t<div class=\"elementor-widget-container\">\n\t\t\t\t\t<h5 class=\"elementor-heading-title elementor-size-default\">Vill du ge oss anonym feedback om v\u00e5rt \u00e5teranv\u00e4ndningssystem?<\/h5>\t\t\t\t<\/div>\n\t\t\t\t<\/div>\n\t\t\t\t<\/div>\n\t\t\t\t<\/div>\n\t\t\t\t<\/div>\n\t\t","protected":false},"excerpt":{"rendered":"<p>\u00d6nskem\u00e5l, id\u00e9er, feedback eller funderingar? H\u00f6r g\u00e4rna av dig \u2013 vi ser fram emot att hj\u00e4lpa dig vidare! Har du en fr\u00e5ga om v\u00e5rt \u00e5teranv\u00e4ndningssystem? Skriv till oss! Vill du ge oss anonym feedback om v\u00e5rt \u00e5teranv\u00e4ndningssystem? KLICKA H\u00c4R &gt; David Winkel Team Lead Sales \u00d6nskem\u00e5l, id\u00e9er, feedback eller funderingar? H\u00f6r g\u00e4rna av dig \u2013 [&hellip;]<\/p>\n","protected":false},"author":1,"featured_media":0,"parent":0,"menu_order":0,"comment_status":"closed","ping_status":"closed","template":"elementor_header_footer","meta":{"content-type":"","om_disable_all_campaigns":false,"footnotes":""},"class_list":["post-99185","page","type-page","status-publish","hentry"],"yoast_head":"<!-- This site is optimized with the Yoast SEO plugin v27.3 - https:\/\/yoast.com\/product\/yoast-seo-wordpress\/ -->\n<title>Relevo \u2013 Den Smarta L\u00f6sningen f\u00f6r Din Restaurang \u2013 Var Med!<\/title>\n<meta name=\"description\" content=\"Anslut dig till v\u00e5rt rikst\u00e4ckande partnern\u00e4tverk. Anv\u00e4nd det enklaste flerg\u00e5ngssystemet f\u00f6r restaurangbranschen. Kontakta oss idag!\" \/>\n<meta name=\"robots\" content=\"index, follow, max-snippet:-1, max-image-preview:large, max-video-preview:-1\" \/>\n<link rel=\"canonical\" href=\"https:\/\/relevo.app\/sv\/kontakt-2\/\" \/>\n<meta property=\"og:locale\" content=\"sv_SE\" \/>\n<meta property=\"og:type\" content=\"article\" \/>\n<meta property=\"og:title\" content=\"Relevo \u2013 Den Smarta L\u00f6sningen f\u00f6r Din Restaurang \u2013 Var Med!\" \/>\n<meta property=\"og:description\" content=\"Anslut dig till v\u00e5rt rikst\u00e4ckande partnern\u00e4tverk. Anv\u00e4nd det enklaste flerg\u00e5ngssystemet f\u00f6r restaurangbranschen. Kontakta oss idag!\" \/>\n<meta property=\"og:url\" content=\"https:\/\/relevo.app\/sv\/kontakt-2\/\" \/>\n<meta property=\"og:site_name\" content=\"Relevo\" \/>\n<meta property=\"article:modified_time\" content=\"2025-09-17T12:52:45+00:00\" \/>\n<meta property=\"og:image\" content=\"https:\/\/relevo.app\/wp-content\/uploads\/2023\/08\/IMG_20200911_193732_326-1-1024x1024.jpg\" \/>\n<meta name=\"twitter:card\" content=\"summary_large_image\" \/>\n<meta name=\"twitter:label1\" content=\"Ber\u00e4knad l\u00e4stid\" \/>\n\t<meta name=\"twitter:data1\" content=\"1 minut\" \/>\n<script type=\"application\/ld+json\" class=\"yoast-schema-graph\">{\"@context\":\"https:\\\/\\\/schema.org\",\"@graph\":[{\"@type\":\"WebPage\",\"@id\":\"https:\\\/\\\/relevo.app\\\/sv\\\/kontakt-2\\\/\",\"url\":\"https:\\\/\\\/relevo.app\\\/sv\\\/kontakt-2\\\/\",\"name\":\"Relevo \u2013 Den Smarta L\u00f6sningen f\u00f6r Din Restaurang \u2013 Var Med!\",\"isPartOf\":{\"@id\":\"https:\\\/\\\/relevo.app\\\/sv\\\/#website\"},\"primaryImageOfPage\":{\"@id\":\"https:\\\/\\\/relevo.app\\\/sv\\\/kontakt-2\\\/#primaryimage\"},\"image\":{\"@id\":\"https:\\\/\\\/relevo.app\\\/sv\\\/kontakt-2\\\/#primaryimage\"},\"thumbnailUrl\":\"https:\\\/\\\/relevo.app\\\/wp-content\\\/uploads\\\/2023\\\/08\\\/IMG_20200911_193732_326-1-1024x1024.jpg\",\"datePublished\":\"2021-07-22T07:44:11+00:00\",\"dateModified\":\"2025-09-17T12:52:45+00:00\",\"description\":\"Anslut dig till v\u00e5rt rikst\u00e4ckande partnern\u00e4tverk. Anv\u00e4nd det enklaste flerg\u00e5ngssystemet f\u00f6r restaurangbranschen. Kontakta oss idag!\",\"breadcrumb\":{\"@id\":\"https:\\\/\\\/relevo.app\\\/sv\\\/kontakt-2\\\/#breadcrumb\"},\"inLanguage\":\"sv-SE\",\"potentialAction\":[{\"@type\":\"ReadAction\",\"target\":[\"https:\\\/\\\/relevo.app\\\/sv\\\/kontakt-2\\\/\"]}]},{\"@type\":\"ImageObject\",\"inLanguage\":\"sv-SE\",\"@id\":\"https:\\\/\\\/relevo.app\\\/sv\\\/kontakt-2\\\/#primaryimage\",\"url\":\"https:\\\/\\\/relevo.app\\\/wp-content\\\/uploads\\\/2023\\\/08\\\/IMG_20200911_193732_326-1-1024x1024.jpg\",\"contentUrl\":\"https:\\\/\\\/relevo.app\\\/wp-content\\\/uploads\\\/2023\\\/08\\\/IMG_20200911_193732_326-1-1024x1024.jpg\"},{\"@type\":\"BreadcrumbList\",\"@id\":\"https:\\\/\\\/relevo.app\\\/sv\\\/kontakt-2\\\/#breadcrumb\",\"itemListElement\":[{\"@type\":\"ListItem\",\"position\":1,\"name\":\"Home\",\"item\":\"https:\\\/\\\/relevo.app\\\/sv\\\/\"},{\"@type\":\"ListItem\",\"position\":2,\"name\":\"Kontakt\"}]},{\"@type\":\"WebSite\",\"@id\":\"https:\\\/\\\/relevo.app\\\/sv\\\/#website\",\"url\":\"https:\\\/\\\/relevo.app\\\/sv\\\/\",\"name\":\"Relevo\",\"description\":\"\",\"potentialAction\":[{\"@type\":\"SearchAction\",\"target\":{\"@type\":\"EntryPoint\",\"urlTemplate\":\"https:\\\/\\\/relevo.app\\\/sv\\\/?s={search_term_string}\"},\"query-input\":{\"@type\":\"PropertyValueSpecification\",\"valueRequired\":true,\"valueName\":\"search_term_string\"}}],\"inLanguage\":\"sv-SE\"}]}<\/script>\n<!-- \/ Yoast SEO plugin. -->","yoast_head_json":{"title":"Relevo \u2013 Den Smarta L\u00f6sningen f\u00f6r Din Restaurang \u2013 Var Med!","description":"Anslut dig till v\u00e5rt rikst\u00e4ckande partnern\u00e4tverk. Anv\u00e4nd det enklaste flerg\u00e5ngssystemet f\u00f6r restaurangbranschen. Kontakta oss idag!","robots":{"index":"index","follow":"follow","max-snippet":"max-snippet:-1","max-image-preview":"max-image-preview:large","max-video-preview":"max-video-preview:-1"},"canonical":"https:\/\/relevo.app\/sv\/kontakt-2\/","og_locale":"sv_SE","og_type":"article","og_title":"Relevo \u2013 Den Smarta L\u00f6sningen f\u00f6r Din Restaurang \u2013 Var Med!","og_description":"Anslut dig till v\u00e5rt rikst\u00e4ckande partnern\u00e4tverk. Anv\u00e4nd det enklaste flerg\u00e5ngssystemet f\u00f6r restaurangbranschen. Kontakta oss idag!","og_url":"https:\/\/relevo.app\/sv\/kontakt-2\/","og_site_name":"Relevo","article_modified_time":"2025-09-17T12:52:45+00:00","og_image":[{"url":"https:\/\/relevo.app\/wp-content\/uploads\/2023\/08\/IMG_20200911_193732_326-1-1024x1024.jpg","type":"","width":"","height":""}],"twitter_card":"summary_large_image","twitter_misc":{"Ber\u00e4knad l\u00e4stid":"1 minut"},"schema":{"@context":"https:\/\/schema.org","@graph":[{"@type":"WebPage","@id":"https:\/\/relevo.app\/sv\/kontakt-2\/","url":"https:\/\/relevo.app\/sv\/kontakt-2\/","name":"Relevo \u2013 Den Smarta L\u00f6sningen f\u00f6r Din Restaurang \u2013 Var Med!","isPartOf":{"@id":"https:\/\/relevo.app\/sv\/#website"},"primaryImageOfPage":{"@id":"https:\/\/relevo.app\/sv\/kontakt-2\/#primaryimage"},"image":{"@id":"https:\/\/relevo.app\/sv\/kontakt-2\/#primaryimage"},"thumbnailUrl":"https:\/\/relevo.app\/wp-content\/uploads\/2023\/08\/IMG_20200911_193732_326-1-1024x1024.jpg","datePublished":"2021-07-22T07:44:11+00:00","dateModified":"2025-09-17T12:52:45+00:00","description":"Anslut dig till v\u00e5rt rikst\u00e4ckande partnern\u00e4tverk. Anv\u00e4nd det enklaste flerg\u00e5ngssystemet f\u00f6r restaurangbranschen. Kontakta oss idag!","breadcrumb":{"@id":"https:\/\/relevo.app\/sv\/kontakt-2\/#breadcrumb"},"inLanguage":"sv-SE","potentialAction":[{"@type":"ReadAction","target":["https:\/\/relevo.app\/sv\/kontakt-2\/"]}]},{"@type":"ImageObject","inLanguage":"sv-SE","@id":"https:\/\/relevo.app\/sv\/kontakt-2\/#primaryimage","url":"https:\/\/relevo.app\/wp-content\/uploads\/2023\/08\/IMG_20200911_193732_326-1-1024x1024.jpg","contentUrl":"https:\/\/relevo.app\/wp-content\/uploads\/2023\/08\/IMG_20200911_193732_326-1-1024x1024.jpg"},{"@type":"BreadcrumbList","@id":"https:\/\/relevo.app\/sv\/kontakt-2\/#breadcrumb","itemListElement":[{"@type":"ListItem","position":1,"name":"Home","item":"https:\/\/relevo.app\/sv\/"},{"@type":"ListItem","position":2,"name":"Kontakt"}]},{"@type":"WebSite","@id":"https:\/\/relevo.app\/sv\/#website","url":"https:\/\/relevo.app\/sv\/","name":"Relevo","description":"","potentialAction":[{"@type":"SearchAction","target":{"@type":"EntryPoint","urlTemplate":"https:\/\/relevo.app\/sv\/?s={search_term_string}"},"query-input":{"@type":"PropertyValueSpecification","valueRequired":true,"valueName":"search_term_string"}}],"inLanguage":"sv-SE"}]}},"_links":{"self":[{"href":"https:\/\/relevo.app\/sv\/wp-json\/wp\/v2\/pages\/99185","targetHints":{"allow":["GET"]}}],"collection":[{"href":"https:\/\/relevo.app\/sv\/wp-json\/wp\/v2\/pages"}],"about":[{"href":"https:\/\/relevo.app\/sv\/wp-json\/wp\/v2\/types\/page"}],"author":[{"embeddable":true,"href":"https:\/\/relevo.app\/sv\/wp-json\/wp\/v2\/users\/1"}],"replies":[{"embeddable":true,"href":"https:\/\/relevo.app\/sv\/wp-json\/wp\/v2\/comments?post=99185"}],"version-history":[{"count":13,"href":"https:\/\/relevo.app\/sv\/wp-json\/wp\/v2\/pages\/99185\/revisions"}],"predecessor-version":[{"id":99590,"href":"https:\/\/relevo.app\/sv\/wp-json\/wp\/v2\/pages\/99185\/revisions\/99590"}],"wp:attachment":[{"href":"https:\/\/relevo.app\/sv\/wp-json\/wp\/v2\/media?parent=99185"}],"curies":[{"name":"wp","href":"https:\/\/api.w.org\/{rel}","templated":true}]}}