{"id":99044,"date":"2023-07-26T21:54:23","date_gmt":"2023-07-26T19:54:23","guid":{"rendered":"https:\/\/relevo.app\/app_swe_foersta_uthyrningen\/"},"modified":"2025-09-02T09:24:12","modified_gmt":"2025-09-02T07:24:12","slug":"app_swe_foersta_uthyrningen","status":"publish","type":"page","link":"https:\/\/relevo.app\/sv\/app_swe_foersta_uthyrningen\/","title":{"rendered":"App_SWE_f\u00f6rsta_uthyrningen"},"content":{"rendered":"\t\t<div data-elementor-type=\"wp-page\" data-elementor-id=\"99044\" class=\"elementor elementor-99044 elementor-82848\" data-elementor-post-type=\"page\">\n\t\t\t\t\t\t<section class=\"elementor-section elementor-top-section elementor-element elementor-element-0efa4e9 elementor-section-boxed elementor-section-height-default elementor-section-height-default\" data-id=\"0efa4e9\" data-element_type=\"section\" data-e-type=\"section\">\n\t\t\t\t\t\t<div class=\"elementor-container elementor-column-gap-default\">\n\t\t\t\t\t<div class=\"elementor-column elementor-col-100 elementor-top-column elementor-element elementor-element-d2b81ae\" data-id=\"d2b81ae\" data-element_type=\"column\" data-e-type=\"column\">\n\t\t\t<div class=\"elementor-widget-wrap elementor-element-populated\">\n\t\t\t\t\t\t<div class=\"elementor-element elementor-element-10c80ff elementor-widget elementor-widget-heading\" data-id=\"10c80ff\" data-element_type=\"widget\" data-e-type=\"widget\" data-widget_type=\"heading.default\">\n\t\t\t\t<div class=\"elementor-widget-container\">\n\t\t\t\t\t<h5 class=\"elementor-heading-title elementor-size-default\">S\u00e5 h\u00e4r fungerar din uthyrning \ud83d\udca1<\/h5>\t\t\t\t<\/div>\n\t\t\t\t<\/div>\n\t\t\t\t<div class=\"elementor-element elementor-element-ab58446 elementor-widget elementor-widget-toggle\" data-id=\"ab58446\" data-element_type=\"widget\" data-e-type=\"widget\" data-widget_type=\"toggle.default\">\n\t\t\t\t<div class=\"elementor-widget-container\">\n\t\t\t\t\t\t\t<div class=\"elementor-toggle\">\n\t\t\t\t\t\t\t<div class=\"elementor-toggle-item\">\n\t\t\t\t\t<div id=\"elementor-tab-title-1791\" class=\"elementor-tab-title\" data-tab=\"1\" role=\"button\" aria-controls=\"elementor-tab-content-1791\" aria-expanded=\"false\">\n\t\t\t\t\t\t\t\t\t\t\t\t<span class=\"elementor-toggle-icon elementor-toggle-icon-left\" aria-hidden=\"true\">\n\t\t\t\t\t\t\t\t\t\t\t\t\t\t\t<span class=\"elementor-toggle-icon-closed\"><i class=\"icon icon-plus\"><\/i><\/span>\n\t\t\t\t\t\t\t\t<span class=\"elementor-toggle-icon-opened\"><i class=\"elementor-toggle-icon-opened icon icon-minus\"><\/i><\/span>\n\t\t\t\t\t\t\t\t\t\t\t\t\t<\/span>\n\t\t\t\t\t\t\t\t\t\t\t\t<a class=\"elementor-toggle-title\" tabindex=\"0\">Var och hur anv\u00e4nder jag Relevo-f\u00f6rpackningarna?<\/a>\n\t\t\t\t\t<\/div>\n\n\t\t\t\t\t<div id=\"elementor-tab-content-1791\" class=\"elementor-tab-content elementor-clearfix\" data-tab=\"1\" role=\"region\" aria-labelledby=\"elementor-tab-title-1791\"><p>\ud83d\udd0e Titta i kartan och v\u00e4lj en Relevo-partner som passar dig.<\/p>\n<p>\ud83e\udd57 Best\u00e4ll dina favoritdrycker och r\u00e4tter i flerg\u00e5ngsf\u00f6rpackning.<\/p>\n<p>\ud83d\udcf1 Skanna QR-koden p\u00e5 Relevo-f\u00f6rpackningen med Relevo-appen.<\/p>\n<p>\ud83d\udc69\u200d\ud83c\udf73 Visa skanningsbekr\u00e4ftelsen f\u00f6r personalen.<\/p>\n<p>\ud83d\ude0b Njut av din m\u00e5ltid!<\/p>\n<\/div>\n\t\t\t\t<\/div>\n\t\t\t\t\t\t\t<div class=\"elementor-toggle-item\">\n\t\t\t\t\t<div id=\"elementor-tab-title-1792\" class=\"elementor-tab-title\" data-tab=\"2\" role=\"button\" aria-controls=\"elementor-tab-content-1792\" aria-expanded=\"false\">\n\t\t\t\t\t\t\t\t\t\t\t\t<span class=\"elementor-toggle-icon elementor-toggle-icon-left\" aria-hidden=\"true\">\n\t\t\t\t\t\t\t\t\t\t\t\t\t\t\t<span class=\"elementor-toggle-icon-closed\"><i class=\"icon icon-plus\"><\/i><\/span>\n\t\t\t\t\t\t\t\t<span class=\"elementor-toggle-icon-opened\"><i class=\"elementor-toggle-icon-opened icon icon-minus\"><\/i><\/span>\n\t\t\t\t\t\t\t\t\t\t\t\t\t<\/span>\n\t\t\t\t\t\t\t\t\t\t\t\t<a class=\"elementor-toggle-title\" tabindex=\"0\">Kan jag f\u00e5 min mat levererad i Relevo-f\u00f6rpackning?<\/a>\n\t\t\t\t\t<\/div>\n\n\t\t\t\t\t<div id=\"elementor-tab-content-1792\" class=\"elementor-tab-content elementor-clearfix\" data-tab=\"2\" role=\"region\" aria-labelledby=\"elementor-tab-title-1792\"><div id=\"vc_row-61553c4aa789b\" class=\"vc_row wpb_row vc_row-fluid thegem-custom-61553c4aa78864756\">\n<div class=\"wpb_column vc_column_container vc_col-sm-12 thegem-custom-61553c4aa7dd97391\">\n<div class=\"vc_column-inner \">\n<div class=\"wpb_wrapper\">\n<div class=\"vc_toggle vc_toggle_default vc_toggle_color_default vc_toggle_size_md vc_toggle_active\">\n<div class=\"vc_toggle_content\">\n<p><span style=\"font-weight: 400;\">Ja! Genom v\u00e5rt samarbete med Lieferando, Wolt och Uber Eats kan du f\u00e5 din mat fr\u00e5n v\u00e5ra partner levererad i Relevo-f\u00f6rpackning.  <\/span><\/p>\n<p><span style=\"font-weight: 400;\">\ud83d\udcf1 G\u00e5 in i <strong>leveransappen<\/strong> och v\u00e4lj Relevo vid best\u00e4llning. <\/span><\/p>\n<p><span style=\"font-weight: 400;\">\ud83d\udd22 Skriv din <b>Relevo-ID<\/b> i kommentarsf\u00e4ltet. Den hittar du p\u00e5 startsidan i appen. <\/span><span style=\"font-weight: 400;\">.  <\/span><\/p>\n<p><span style=\"font-weight: 400;\">\ud83d\udcec N\u00e4r best\u00e4llningen \u00e4r klar tilldelas du din Relevo direkt av restaurangen och du f\u00e5r en pushnotis som bekr\u00e4ftelse.<\/span><\/p>\n<\/div>\n<\/div>\n<\/div>\n<\/div>\n<\/div>\n<\/div>\n<\/div>\n\t\t\t\t<\/div>\n\t\t\t\t\t\t\t<div class=\"elementor-toggle-item\">\n\t\t\t\t\t<div id=\"elementor-tab-title-1793\" class=\"elementor-tab-title\" data-tab=\"3\" role=\"button\" aria-controls=\"elementor-tab-content-1793\" aria-expanded=\"false\">\n\t\t\t\t\t\t\t\t\t\t\t\t<span class=\"elementor-toggle-icon elementor-toggle-icon-left\" aria-hidden=\"true\">\n\t\t\t\t\t\t\t\t\t\t\t\t\t\t\t<span class=\"elementor-toggle-icon-closed\"><i class=\"icon icon-plus\"><\/i><\/span>\n\t\t\t\t\t\t\t\t<span class=\"elementor-toggle-icon-opened\"><i class=\"elementor-toggle-icon-opened icon icon-minus\"><\/i><\/span>\n\t\t\t\t\t\t\t\t\t\t\t\t\t<\/span>\n\t\t\t\t\t\t\t\t\t\t\t\t<a class=\"elementor-toggle-title\" tabindex=\"0\">Hur l\u00e4nge kan jag l\u00e5na f\u00f6rpackningen?<\/a>\n\t\t\t\t\t<\/div>\n\n\t\t\t\t\t<div id=\"elementor-tab-content-1793\" class=\"elementor-tab-content elementor-clearfix\" data-tab=\"3\" role=\"region\" aria-labelledby=\"elementor-tab-title-1793\"><p>Du kan l\u00e5na din Relevo gratis i 14 dagar \ud83d\udcc6 Beh\u00f6ver du mer tid? F\u00f6rl\u00e4ng fr\u00e5n 1 \u20ac f\u00f6r minst 7 dagar direkt i appen. <\/p>\n<\/div>\n\t\t\t\t<\/div>\n\t\t\t\t\t\t\t<div class=\"elementor-toggle-item\">\n\t\t\t\t\t<div id=\"elementor-tab-title-1794\" class=\"elementor-tab-title\" data-tab=\"4\" role=\"button\" aria-controls=\"elementor-tab-content-1794\" aria-expanded=\"false\">\n\t\t\t\t\t\t\t\t\t\t\t\t<span class=\"elementor-toggle-icon elementor-toggle-icon-left\" aria-hidden=\"true\">\n\t\t\t\t\t\t\t\t\t\t\t\t\t\t\t<span class=\"elementor-toggle-icon-closed\"><i class=\"icon icon-plus\"><\/i><\/span>\n\t\t\t\t\t\t\t\t<span class=\"elementor-toggle-icon-opened\"><i class=\"elementor-toggle-icon-opened icon icon-minus\"><\/i><\/span>\n\t\t\t\t\t\t\t\t\t\t\t\t\t<\/span>\n\t\t\t\t\t\t\t\t\t\t\t\t<a class=\"elementor-toggle-title\" tabindex=\"0\">M\u00e5ste jag diska f\u00f6rpackningen hemma?<\/a>\n\t\t\t\t\t<\/div>\n\n\t\t\t\t\t<div id=\"elementor-tab-content-1794\" class=\"elementor-tab-content elementor-clearfix\" data-tab=\"4\" role=\"region\" aria-labelledby=\"elementor-tab-title-1794\"><p>Relevo-f\u00f6rpackningarna reng\u00f6rs alltid professionellt och hygieniskt av partnern innan de \u00e5teranv\u00e4nds. Om du <b>inte l\u00e4mnar tillbaka<\/b> din f\u00f6rpackning samma dag, diska den noggrant s\u00e5 att ingen m\u00f6gel bildas \ud83d\udca7 <\/p>\n<p>Observera att vi, enligt v\u00e5ra <a tabindex=\"-1\" href=\"https:\/\/relevo.app\/de\/agb\/\" target=\"_blank\" rel=\"noopener noreferrer\" data-stringify-link=\"https:\/\/relevo.app\/agb\/\" data-sk=\"tooltip_parent\" data-remove-tab-index=\"true\">anv\u00e4ndarvillkor<\/a>, tar ut en klimatavgift f\u00f6r f\u00f6rpackningar som \u00e4r orimligt smutsiga och d\u00e4rf\u00f6r inte kan \u00e5teranv\u00e4ndas utan m\u00e5ste sorteras bort.<\/p>\n<\/div>\n\t\t\t\t<\/div>\n\t\t\t\t\t\t\t<div class=\"elementor-toggle-item\">\n\t\t\t\t\t<div id=\"elementor-tab-title-1795\" class=\"elementor-tab-title\" data-tab=\"5\" role=\"button\" aria-controls=\"elementor-tab-content-1795\" aria-expanded=\"false\">\n\t\t\t\t\t\t\t\t\t\t\t\t<span class=\"elementor-toggle-icon elementor-toggle-icon-left\" aria-hidden=\"true\">\n\t\t\t\t\t\t\t\t\t\t\t\t\t\t\t<span class=\"elementor-toggle-icon-closed\"><i class=\"icon icon-plus\"><\/i><\/span>\n\t\t\t\t\t\t\t\t<span class=\"elementor-toggle-icon-opened\"><i class=\"elementor-toggle-icon-opened icon icon-minus\"><\/i><\/span>\n\t\t\t\t\t\t\t\t\t\t\t\t\t<\/span>\n\t\t\t\t\t\t\t\t\t\t\t\t<a class=\"elementor-toggle-title\" tabindex=\"0\">Vad h\u00e4nder om jag inte l\u00e4mnar tillbaka f\u00f6rpackningen i tid?<\/a>\n\t\t\t\t\t<\/div>\n\n\t\t\t\t\t<div id=\"elementor-tab-content-1795\" class=\"elementor-tab-content elementor-clearfix\" data-tab=\"5\" role=\"region\" aria-labelledby=\"elementor-tab-title-1795\"><p>Om du <strong>inte \u00e5terl\u00e4mnar<\/strong> din Relevo inom tidsfristen debiteras en klimatavgift p\u00e5 10 \u20ac per sk\u00e5l och 5 \u20ac per mugg. <span style=\"font-weight: 400;\">Beloppet dras fr\u00e5n din valda betalningsmetod.<\/span> Ingen fara \u2013 <strong>vi p\u00e5minner dig<\/strong> i tid om \u00e5terl\u00e4mning \ud83d\udcec Hur du vill bli p\u00e5mind kan du sj\u00e4lv st\u00e4lla in i Relevo-appen.<\/p>\n<\/div>\n\t\t\t\t<\/div>\n\t\t\t\t\t\t\t<div class=\"elementor-toggle-item\">\n\t\t\t\t\t<div id=\"elementor-tab-title-1796\" class=\"elementor-tab-title\" data-tab=\"6\" role=\"button\" aria-controls=\"elementor-tab-content-1796\" aria-expanded=\"false\">\n\t\t\t\t\t\t\t\t\t\t\t\t<span class=\"elementor-toggle-icon elementor-toggle-icon-left\" aria-hidden=\"true\">\n\t\t\t\t\t\t\t\t\t\t\t\t\t\t\t<span class=\"elementor-toggle-icon-closed\"><i class=\"icon icon-plus\"><\/i><\/span>\n\t\t\t\t\t\t\t\t<span class=\"elementor-toggle-icon-opened\"><i class=\"elementor-toggle-icon-opened icon icon-minus\"><\/i><\/span>\n\t\t\t\t\t\t\t\t\t\t\t\t\t<\/span>\n\t\t\t\t\t\t\t\t\t\t\t\t<a class=\"elementor-toggle-title\" tabindex=\"0\">Varf\u00f6r m\u00e5ste jag l\u00e4gga till en betalningsmetod i appen?<\/a>\n\t\t\t\t\t<\/div>\n\n\t\t\t\t\t<div id=\"elementor-tab-content-1796\" class=\"elementor-tab-content elementor-clearfix\" data-tab=\"6\" role=\"region\" aria-labelledby=\"elementor-tab-title-1796\"><p>Ingen fara \u2013 Relevo \u00e4r fortfarande <b>gratis<\/b> f\u00f6r dig! Vi beh\u00f6ver bara din information f\u00f6r att: <\/p>\n<p>\u267b\ufe0f <b>S\u00e4kerst\u00e4lla \u00e5terl\u00e4mning:<\/b> Utl\u00e5ningen \u00e4r gratis. Om du inte l\u00e4mnar tillbaka din Relevo kan den inte ers\u00e4tta eng\u00e5ngsavfall. Endast d\u00e5 tar vi ut en klimatavgift.  <\/p>\n<p><strong data-renderer-mark=\"true\">\ud83d\udca7 S\u00e4kerst\u00e4lla hygien:<\/strong> F\u00f6r orimligt smutsiga f\u00f6rpackningar tar vi ut en klimatavgift, eftersom de inte kan \u00e5teranv\u00e4ndas och m\u00e5ste sorteras bort.<\/p>\n<p>\u23f0 <b>F\u00f6rl\u00e4ngning:<\/b> Beh\u00f6ver du mer tid? F\u00f6rl\u00e4ng fr\u00e5n 1 \u20ac f\u00f6r minst 7 dagar direkt i appen. <\/p>\n<p>\ud83d\udd11 Betalningar hanteras s\u00e4kert av v\u00e5ra betalningstj\u00e4nstleverant\u00f6rer. Dina betalningsuppgifter behandlas enligt EU-lagstiftning. Vi lagrar inte konto- eller kortuppgifter och har ingen \u00e5tkomst till din betalningsinformation.  <\/p>\n<\/div>\n\t\t\t\t<\/div>\n\t\t\t\t\t\t\t\t<\/div>\n\t\t\t\t\t\t<\/div>\n\t\t\t\t<\/div>\n\t\t\t\t\t<\/div>\n\t\t<\/div>\n\t\t\t\t\t<\/div>\n\t\t<\/section>\n\t\t<div class=\"elementor-element elementor-element-926af50 e-flex e-con-boxed e-con e-parent\" data-id=\"926af50\" data-element_type=\"container\" data-e-type=\"container\">\n\t\t\t\t\t<div class=\"e-con-inner\">\n\t\t\t\t<div class=\"elementor-element elementor-element-07d28ed elementor-widget elementor-widget-video\" data-id=\"07d28ed\" data-element_type=\"widget\" data-e-type=\"widget\" data-settings=\"{&quot;youtube_url&quot;:&quot;https:\\\/\\\/www.youtube.com\\\/watch?v=w4K0DTq1RJ8&amp;t=11s&quot;,&quot;video_type&quot;:&quot;youtube&quot;,&quot;controls&quot;:&quot;yes&quot;}\" data-widget_type=\"video.default\">\n\t\t\t\t<div class=\"elementor-widget-container\">\n\t\t\t\t\t\t\t<div class=\"elementor-wrapper elementor-open-inline\">\n\t\t\t<div class=\"elementor-video\"> <div class=\"brlbs-cmpnt-container brlbs-cmpnt-content-blocker brlbs-cmpnt-with-individual-styles\" data-borlabs-cookie-content-blocker-id=\"default\" data-borlabs-cookie-content=\"PHNjcmlwdD4KKGZ1bmN0aW9uKCkgewogICAgY29uc3QgZCA9IGRvY3VtZW50LnF1ZXJ5U2VsZWN0b3IoJ2Rpdi5lbGVtZW50b3ItZWxlbWVudC0wN2QyOGVkJykKICAgIGlmICghZCkgewogICAgICAgIHJldHVybjsKICAgIH0KICAgIGQuZGF0YXNldC53aWRnZXRfdHlwZSA9IGQuZGF0YXNldC53aWRnZXRfdHlwZS5yZXBsYWNlKCdicmxic18nLCAnJyk7CiAgICBkLmRhdGFzZXQuYnJsYnNVbmJsb2NrZWQgPSAndHJ1ZSc7CgogICAgY29uc3QgaW50ZXJ2YWwgPSBzZXRJbnRlcnZhbCgoKSA9PiB7CiAgICAgICAgaWYgKHR5cGVvZiBlbGVtZW50b3JGcm9udGVuZCAhPT0gJ3VuZGVmaW5lZCcgJiYgdHlwZW9mIGVsZW1lbnRvckZyb250ZW5kLmhvb2tzICE9PSAndW5kZWZpbmVkJykgewogICAgICAgICAgICBjbGVhckludGVydmFsKGludGVydmFsKTsKICAgICAgICAgICAgZWxlbWVudG9yRnJvbnRlbmQuaG9va3MuZG9BY3Rpb24oJ2Zyb250ZW5kL2VsZW1lbnRfcmVhZHkvdmlkZW8uZGVmYXVsdCcsIGpRdWVyeShkKSwgalF1ZXJ5KQogICAgICAgIH0KICAgIH0sIDMwKQp9KSgpOwo8L3NjcmlwdD4=\"><div class=\"brlbs-cmpnt-cb-preset-a\"> <p class=\"brlbs-cmpnt-cb-description\">You are currently viewing a placeholder content from <strong>Default<\/strong>. To access the actual content, click the button below. Please note that doing so will share data with third-party providers.<\/p> <div class=\"brlbs-cmpnt-cb-buttons\"> <a class=\"brlbs-cmpnt-cb-btn\" href=\"#\" data-borlabs-cookie-unblock role=\"button\">Unblock content<\/a> <a class=\"brlbs-cmpnt-cb-btn\" href=\"#\" data-borlabs-cookie-accept-service role=\"button\" style=\"display: none\">Accept required service and unblock content<\/a> <\/div> <a class=\"brlbs-cmpnt-cb-provider-toggle\" href=\"#\" data-borlabs-cookie-show-provider-information role=\"button\">More Information<\/a> <\/div><\/div><\/div>\t\t<\/div>\n\t\t\t\t\t\t<\/div>\n\t\t\t\t<\/div>\n\t\t\t\t\t<\/div>\n\t\t\t\t<\/div>\n\t\t\t\t<\/div>\n\t\t","protected":false},"excerpt":{"rendered":"<p>S\u00e5 h\u00e4r fungerar din uthyrning \ud83d\udca1 Var och hur anv\u00e4nder jag Relevo-f\u00f6rpackningarna? \ud83d\udd0e Titta i kartan och v\u00e4lj en Relevo-partner som passar dig. \ud83e\udd57 Best\u00e4ll dina favoritdrycker och r\u00e4tter i flerg\u00e5ngsf\u00f6rpackning. \ud83d\udcf1 Skanna QR-koden p\u00e5 Relevo-f\u00f6rpackningen med Relevo-appen. \ud83d\udc69\u200d\ud83c\udf73 Visa skanningsbekr\u00e4ftelsen f\u00f6r personalen. \ud83d\ude0b Njut av din m\u00e5ltid! Kan jag f\u00e5 min mat levererad i [&hellip;]<\/p>\n","protected":false},"author":1,"featured_media":0,"parent":0,"menu_order":0,"comment_status":"closed","ping_status":"closed","template":"elementor_canvas","meta":{"content-type":"","om_disable_all_campaigns":false,"footnotes":""},"class_list":["post-99044","page","type-page","status-publish","hentry"],"yoast_head":"<!-- This site is optimized with the Yoast SEO plugin v27.4 - https:\/\/yoast.com\/product\/yoast-seo-wordpress\/ -->\n<title>App_SWE_f\u00f6rsta_uthyrningen - Relevo<\/title>\n<meta name=\"robots\" content=\"noindex, follow\" \/>\n<meta property=\"og:locale\" content=\"sv_SE\" \/>\n<meta property=\"og:type\" content=\"article\" \/>\n<meta property=\"og:title\" content=\"App_SWE_f\u00f6rsta_uthyrningen - Relevo\" \/>\n<meta property=\"og:description\" content=\"S\u00e5 h\u00e4r fungerar din uthyrning \ud83d\udca1 Var och hur anv\u00e4nder jag Relevo-f\u00f6rpackningarna? \ud83d\udd0e Titta i kartan och v\u00e4lj en Relevo-partner som passar dig. \ud83e\udd57 Best\u00e4ll dina favoritdrycker och r\u00e4tter i flerg\u00e5ngsf\u00f6rpackning. \ud83d\udcf1 Skanna QR-koden p\u00e5 Relevo-f\u00f6rpackningen med Relevo-appen. \ud83d\udc69\u200d\ud83c\udf73 Visa skanningsbekr\u00e4ftelsen f\u00f6r personalen. \ud83d\ude0b Njut av din m\u00e5ltid! Kan jag f\u00e5 min mat levererad i [&hellip;]\" \/>\n<meta property=\"og:url\" content=\"https:\/\/relevo.app\/sv\/app_swe_foersta_uthyrningen\/\" \/>\n<meta property=\"og:site_name\" content=\"Relevo\" \/>\n<meta property=\"article:modified_time\" content=\"2025-09-02T07:24:12+00:00\" \/>\n<meta name=\"twitter:card\" content=\"summary_large_image\" \/>\n<meta name=\"twitter:label1\" content=\"Ber\u00e4knad l\u00e4stid\" \/>\n\t<meta name=\"twitter:data1\" content=\"2 minuter\" \/>\n<script type=\"application\/ld+json\" class=\"yoast-schema-graph\">{\"@context\":\"https:\\\/\\\/schema.org\",\"@graph\":[{\"@type\":\"WebPage\",\"@id\":\"https:\\\/\\\/relevo.app\\\/sv\\\/app_swe_foersta_uthyrningen\\\/\",\"url\":\"https:\\\/\\\/relevo.app\\\/sv\\\/app_swe_foersta_uthyrningen\\\/\",\"name\":\"App_SWE_f\u00f6rsta_uthyrningen - Relevo\",\"isPartOf\":{\"@id\":\"https:\\\/\\\/relevo.app\\\/sv\\\/#website\"},\"datePublished\":\"2023-07-26T19:54:23+00:00\",\"dateModified\":\"2025-09-02T07:24:12+00:00\",\"breadcrumb\":{\"@id\":\"https:\\\/\\\/relevo.app\\\/sv\\\/app_swe_foersta_uthyrningen\\\/#breadcrumb\"},\"inLanguage\":\"sv-SE\",\"potentialAction\":[{\"@type\":\"ReadAction\",\"target\":[\"https:\\\/\\\/relevo.app\\\/sv\\\/app_swe_foersta_uthyrningen\\\/\"]}]},{\"@type\":\"BreadcrumbList\",\"@id\":\"https:\\\/\\\/relevo.app\\\/sv\\\/app_swe_foersta_uthyrningen\\\/#breadcrumb\",\"itemListElement\":[{\"@type\":\"ListItem\",\"position\":1,\"name\":\"Home\",\"item\":\"https:\\\/\\\/relevo.app\\\/sv\\\/\"},{\"@type\":\"ListItem\",\"position\":2,\"name\":\"App_SWE_f\u00f6rsta_uthyrningen\"}]},{\"@type\":\"WebSite\",\"@id\":\"https:\\\/\\\/relevo.app\\\/sv\\\/#website\",\"url\":\"https:\\\/\\\/relevo.app\\\/sv\\\/\",\"name\":\"Relevo\",\"description\":\"\",\"potentialAction\":[{\"@type\":\"SearchAction\",\"target\":{\"@type\":\"EntryPoint\",\"urlTemplate\":\"https:\\\/\\\/relevo.app\\\/sv\\\/?s={search_term_string}\"},\"query-input\":{\"@type\":\"PropertyValueSpecification\",\"valueRequired\":true,\"valueName\":\"search_term_string\"}}],\"inLanguage\":\"sv-SE\"}]}<\/script>\n<!-- \/ Yoast SEO plugin. -->","yoast_head_json":{"title":"App_SWE_f\u00f6rsta_uthyrningen - Relevo","robots":{"index":"noindex","follow":"follow"},"og_locale":"sv_SE","og_type":"article","og_title":"App_SWE_f\u00f6rsta_uthyrningen - Relevo","og_description":"S\u00e5 h\u00e4r fungerar din uthyrning \ud83d\udca1 Var och hur anv\u00e4nder jag Relevo-f\u00f6rpackningarna? \ud83d\udd0e Titta i kartan och v\u00e4lj en Relevo-partner som passar dig. \ud83e\udd57 Best\u00e4ll dina favoritdrycker och r\u00e4tter i flerg\u00e5ngsf\u00f6rpackning. \ud83d\udcf1 Skanna QR-koden p\u00e5 Relevo-f\u00f6rpackningen med Relevo-appen. \ud83d\udc69\u200d\ud83c\udf73 Visa skanningsbekr\u00e4ftelsen f\u00f6r personalen. \ud83d\ude0b Njut av din m\u00e5ltid! Kan jag f\u00e5 min mat levererad i [&hellip;]","og_url":"https:\/\/relevo.app\/sv\/app_swe_foersta_uthyrningen\/","og_site_name":"Relevo","article_modified_time":"2025-09-02T07:24:12+00:00","twitter_card":"summary_large_image","twitter_misc":{"Ber\u00e4knad l\u00e4stid":"2 minuter"},"schema":{"@context":"https:\/\/schema.org","@graph":[{"@type":"WebPage","@id":"https:\/\/relevo.app\/sv\/app_swe_foersta_uthyrningen\/","url":"https:\/\/relevo.app\/sv\/app_swe_foersta_uthyrningen\/","name":"App_SWE_f\u00f6rsta_uthyrningen - Relevo","isPartOf":{"@id":"https:\/\/relevo.app\/sv\/#website"},"datePublished":"2023-07-26T19:54:23+00:00","dateModified":"2025-09-02T07:24:12+00:00","breadcrumb":{"@id":"https:\/\/relevo.app\/sv\/app_swe_foersta_uthyrningen\/#breadcrumb"},"inLanguage":"sv-SE","potentialAction":[{"@type":"ReadAction","target":["https:\/\/relevo.app\/sv\/app_swe_foersta_uthyrningen\/"]}]},{"@type":"BreadcrumbList","@id":"https:\/\/relevo.app\/sv\/app_swe_foersta_uthyrningen\/#breadcrumb","itemListElement":[{"@type":"ListItem","position":1,"name":"Home","item":"https:\/\/relevo.app\/sv\/"},{"@type":"ListItem","position":2,"name":"App_SWE_f\u00f6rsta_uthyrningen"}]},{"@type":"WebSite","@id":"https:\/\/relevo.app\/sv\/#website","url":"https:\/\/relevo.app\/sv\/","name":"Relevo","description":"","potentialAction":[{"@type":"SearchAction","target":{"@type":"EntryPoint","urlTemplate":"https:\/\/relevo.app\/sv\/?s={search_term_string}"},"query-input":{"@type":"PropertyValueSpecification","valueRequired":true,"valueName":"search_term_string"}}],"inLanguage":"sv-SE"}]}},"_links":{"self":[{"href":"https:\/\/relevo.app\/sv\/wp-json\/wp\/v2\/pages\/99044","targetHints":{"allow":["GET"]}}],"collection":[{"href":"https:\/\/relevo.app\/sv\/wp-json\/wp\/v2\/pages"}],"about":[{"href":"https:\/\/relevo.app\/sv\/wp-json\/wp\/v2\/types\/page"}],"author":[{"embeddable":true,"href":"https:\/\/relevo.app\/sv\/wp-json\/wp\/v2\/users\/1"}],"replies":[{"embeddable":true,"href":"https:\/\/relevo.app\/sv\/wp-json\/wp\/v2\/comments?post=99044"}],"version-history":[{"count":4,"href":"https:\/\/relevo.app\/sv\/wp-json\/wp\/v2\/pages\/99044\/revisions"}],"predecessor-version":[{"id":99230,"href":"https:\/\/relevo.app\/sv\/wp-json\/wp\/v2\/pages\/99044\/revisions\/99230"}],"wp:attachment":[{"href":"https:\/\/relevo.app\/sv\/wp-json\/wp\/v2\/media?parent=99044"}],"curies":[{"name":"wp","href":"https:\/\/api.w.org\/{rel}","templated":true}]}}