{"id":100175,"date":"2025-12-18T14:38:21","date_gmt":"2025-12-18T13:38:21","guid":{"rendered":"https:\/\/relevo.app\/?page_id=100175"},"modified":"2025-12-18T14:43:55","modified_gmt":"2025-12-18T13:43:55","slug":"app_news_christmas_2025","status":"publish","type":"page","link":"https:\/\/relevo.app\/sv\/app_news_christmas_2025\/","title":{"rendered":"App_News_Christmas_2025"},"content":{"rendered":"\t\t<div data-elementor-type=\"wp-page\" data-elementor-id=\"100175\" class=\"elementor elementor-100175 elementor-100149\" data-elementor-post-type=\"page\">\n\t\t\t\t\t\t<section class=\"elementor-section elementor-top-section elementor-element elementor-element-d3faaab elementor-section-boxed elementor-section-height-default elementor-section-height-default\" data-id=\"d3faaab\" data-element_type=\"section\" data-e-type=\"section\">\n\t\t\t\t\t\t<div class=\"elementor-container elementor-column-gap-default\">\n\t\t\t\t\t<div class=\"elementor-column elementor-col-100 elementor-top-column elementor-element elementor-element-f87883f\" data-id=\"f87883f\" data-element_type=\"column\" data-e-type=\"column\">\n\t\t\t<div class=\"elementor-widget-wrap elementor-element-populated\">\n\t\t\t\t\t\t<div class=\"elementor-element elementor-element-8d66f34 elementor-widget elementor-widget-image\" data-id=\"8d66f34\" data-element_type=\"widget\" data-e-type=\"widget\" data-widget_type=\"image.default\">\n\t\t\t\t<div class=\"elementor-widget-container\">\n\t\t\t\t\t\t\t\t\t\t\t\t\t\t\t<img fetchpriority=\"high\" decoding=\"async\" width=\"768\" height=\"545\" src=\"https:\/\/relevo.app\/wp-content\/uploads\/2025\/12\/Relevo-Weihnachtskarte25-768x545.jpg\" class=\"attachment-medium_large size-medium_large wp-image-100157\" alt=\"Relevo Weihnachtskarte 2025\" srcset=\"https:\/\/relevo.app\/wp-content\/uploads\/2025\/12\/Relevo-Weihnachtskarte25-768x545.jpg 768w, https:\/\/relevo.app\/wp-content\/uploads\/2025\/12\/Relevo-Weihnachtskarte25-300x213.jpg 300w, https:\/\/relevo.app\/wp-content\/uploads\/2025\/12\/Relevo-Weihnachtskarte25.jpg 840w\" sizes=\"(max-width: 768px) 100vw, 768px\" \/>\t\t\t\t\t\t\t\t\t\t\t\t\t\t\t<\/div>\n\t\t\t\t<\/div>\n\t\t\t\t<div class=\"elementor-element elementor-element-0265353 elementor-widget elementor-widget-text-editor\" data-id=\"0265353\" data-element_type=\"widget\" data-e-type=\"widget\" data-widget_type=\"text-editor.default\">\n\t\t\t\t<div class=\"elementor-widget-container\">\n\t\t\t\t\t\t\t\t\t<h2>God jul &amp; ett stort tack fr\u00e5n Relevo! \ud83c\udf84<\/h2>\n\n<p>2025 har varit ett fantastiskt \u00e5r f\u00f6r Relevo. Tillsammans med v\u00e5ra partners, g\u00e4ster och kunder har vi skapat m\u00e5nga nya samarbeten, v\u00e4lkomnat m\u00e5nga nya uppskattade kunder och lanserat en m\u00e4ngd funktioner som g\u00f6r \u00e5teranv\u00e4ndning enklare och smidigare \u00e4n n\u00e5gonsin. En stor milstolpe var lanseringen av v\u00e5r f\u00f6rsta fullt tillg\u00e4ngliga Relevo-app f\u00f6r Android och iOS \u2013 med f\u00f6rb\u00e4ttrad UI, UX, kommunikation, betalning och s\u00e4kerhet, s\u00e5 att \u00e5teranv\u00e4ndning fungerar smidigt f\u00f6r alla \u2728<\/p>\n\n<p>Tack vare ert dagliga engagemang har vi r\u00e4ddat \u00f6ver <strong>1 miljon eng\u00e5ngsbeh\u00e5llare av plast<\/strong> fr\u00e5n att hamna i deponier, i naturen och i v\u00e5ra hav. 2025 var ocks\u00e5 v\u00e5rt f\u00f6rsta hela \u00e5r som en del av <strong>Duni Group<\/strong>, vilket gjort det m\u00f6jligt f\u00f6r oss att n\u00e5 \u00e4nnu fler g\u00e4ster och kunder och skapa verklig, m\u00e4tbar p\u00e5verkan tillsammans \u2013 varje dag \ud83d\udcaa\ud83c\udf0d<\/p>\n\n<p>Inf\u00f6r jul och ny\u00e5r vill vi informera om att vissa platser kan h\u00e5lla st\u00e4ngt. Som en liten julklapp fr\u00e5n oss f\u00f6rl\u00e4nger vi d\u00e4rf\u00f6r <strong>alla l\u00e5neperioder till och med 16.01.2026<\/strong>, s\u00e5 att du inte beh\u00f6ver oroa dig om det inte \u00e4r m\u00f6jligt att l\u00e4mna tillbaka dina Relevo-produkter inom den vanliga 14-dagarsperioden \ud83c\udf81<\/p>\n\n<p>Tack f\u00f6r att du \u00e4r en del av v\u00e5r resa och f\u00f6r att du driver \u00e5teranv\u00e4ndning fram\u00e5t tillsammans med oss. Vi \u00f6nskar dig en riktigt god jul, ett lugnt slut p\u00e5 \u00e5ret och en fantastisk, \u00e5teranv\u00e4ndbar start p\u00e5 2026! \u2728\ud83c\udf84<\/p>\n\t\t\t\t\t\t\t\t<\/div>\n\t\t\t\t<\/div>\n\t\t\t\t\t<\/div>\n\t\t<\/div>\n\t\t\t\t\t<\/div>\n\t\t<\/section>\n\t\t\t\t<section class=\"elementor-section elementor-top-section elementor-element elementor-element-7b90f9a elementor-section-boxed elementor-section-height-default elementor-section-height-default\" data-id=\"7b90f9a\" data-element_type=\"section\" data-e-type=\"section\">\n\t\t\t\t\t\t<div class=\"elementor-container elementor-column-gap-default\">\n\t\t\t\t\t<div class=\"elementor-column elementor-col-100 elementor-top-column elementor-element elementor-element-e4d4f0f\" data-id=\"e4d4f0f\" data-element_type=\"column\" data-e-type=\"column\">\n\t\t\t<div class=\"elementor-widget-wrap\">\n\t\t\t\t\t\t\t<\/div>\n\t\t<\/div>\n\t\t\t\t\t<\/div>\n\t\t<\/section>\n\t\t\t\t<\/div>\n\t\t","protected":false},"excerpt":{"rendered":"<p>God jul &amp; ett stort tack fr\u00e5n Relevo! \ud83c\udf84 2025 har varit ett fantastiskt \u00e5r f\u00f6r Relevo. Tillsammans med v\u00e5ra partners, g\u00e4ster och kunder har vi skapat m\u00e5nga nya samarbeten, v\u00e4lkomnat m\u00e5nga nya uppskattade kunder och lanserat en m\u00e4ngd funktioner som g\u00f6r \u00e5teranv\u00e4ndning enklare och smidigare \u00e4n n\u00e5gonsin. En stor milstolpe var lanseringen av v\u00e5r [&hellip;]<\/p>\n","protected":false},"author":53,"featured_media":0,"parent":0,"menu_order":0,"comment_status":"closed","ping_status":"closed","template":"elementor_canvas","meta":{"content-type":"","om_disable_all_campaigns":false,"footnotes":""},"class_list":["post-100175","page","type-page","status-publish","hentry"],"yoast_head":"<!-- This site is optimized with the Yoast SEO plugin v27.4 - https:\/\/yoast.com\/product\/yoast-seo-wordpress\/ -->\n<title>App_News_Christmas_2025 - Relevo<\/title>\n<meta name=\"robots\" content=\"noindex, follow\" \/>\n<meta property=\"og:locale\" content=\"sv_SE\" \/>\n<meta property=\"og:type\" content=\"article\" \/>\n<meta property=\"og:title\" content=\"App_News_Christmas_2025 - Relevo\" \/>\n<meta property=\"og:description\" content=\"God jul &amp; ett stort tack fr\u00e5n Relevo! \ud83c\udf84 2025 har varit ett fantastiskt \u00e5r f\u00f6r Relevo. Tillsammans med v\u00e5ra partners, g\u00e4ster och kunder har vi skapat m\u00e5nga nya samarbeten, v\u00e4lkomnat m\u00e5nga nya uppskattade kunder och lanserat en m\u00e4ngd funktioner som g\u00f6r \u00e5teranv\u00e4ndning enklare och smidigare \u00e4n n\u00e5gonsin. En stor milstolpe var lanseringen av v\u00e5r [&hellip;]\" \/>\n<meta property=\"og:url\" content=\"https:\/\/relevo.app\/sv\/app_news_christmas_2025\/\" \/>\n<meta property=\"og:site_name\" content=\"Relevo\" \/>\n<meta property=\"article:modified_time\" content=\"2025-12-18T13:43:55+00:00\" \/>\n<meta property=\"og:image\" content=\"https:\/\/relevo.app\/wp-content\/uploads\/2025\/12\/Relevo-Weihnachtskarte25.jpg\" \/>\n\t<meta property=\"og:image:width\" content=\"840\" \/>\n\t<meta property=\"og:image:height\" content=\"596\" \/>\n\t<meta property=\"og:image:type\" content=\"image\/jpeg\" \/>\n<meta name=\"twitter:card\" content=\"summary_large_image\" \/>\n<meta name=\"twitter:label1\" content=\"Ber\u00e4knad l\u00e4stid\" \/>\n\t<meta name=\"twitter:data1\" content=\"3 minuter\" \/>\n<script type=\"application\/ld+json\" class=\"yoast-schema-graph\">{\"@context\":\"https:\\\/\\\/schema.org\",\"@graph\":[{\"@type\":\"WebPage\",\"@id\":\"https:\\\/\\\/relevo.app\\\/sv\\\/app_news_christmas_2025\\\/\",\"url\":\"https:\\\/\\\/relevo.app\\\/sv\\\/app_news_christmas_2025\\\/\",\"name\":\"App_News_Christmas_2025 - Relevo\",\"isPartOf\":{\"@id\":\"https:\\\/\\\/relevo.app\\\/sv\\\/#website\"},\"primaryImageOfPage\":{\"@id\":\"https:\\\/\\\/relevo.app\\\/sv\\\/app_news_christmas_2025\\\/#primaryimage\"},\"image\":{\"@id\":\"https:\\\/\\\/relevo.app\\\/sv\\\/app_news_christmas_2025\\\/#primaryimage\"},\"thumbnailUrl\":\"https:\\\/\\\/relevo.app\\\/wp-content\\\/uploads\\\/2025\\\/12\\\/Relevo-Weihnachtskarte25-768x545.jpg\",\"datePublished\":\"2025-12-18T13:38:21+00:00\",\"dateModified\":\"2025-12-18T13:43:55+00:00\",\"breadcrumb\":{\"@id\":\"https:\\\/\\\/relevo.app\\\/sv\\\/app_news_christmas_2025\\\/#breadcrumb\"},\"inLanguage\":\"sv-SE\",\"potentialAction\":[{\"@type\":\"ReadAction\",\"target\":[\"https:\\\/\\\/relevo.app\\\/sv\\\/app_news_christmas_2025\\\/\"]}]},{\"@type\":\"ImageObject\",\"inLanguage\":\"sv-SE\",\"@id\":\"https:\\\/\\\/relevo.app\\\/sv\\\/app_news_christmas_2025\\\/#primaryimage\",\"url\":\"https:\\\/\\\/relevo.app\\\/wp-content\\\/uploads\\\/2025\\\/12\\\/Relevo-Weihnachtskarte25-768x545.jpg\",\"contentUrl\":\"https:\\\/\\\/relevo.app\\\/wp-content\\\/uploads\\\/2025\\\/12\\\/Relevo-Weihnachtskarte25-768x545.jpg\"},{\"@type\":\"BreadcrumbList\",\"@id\":\"https:\\\/\\\/relevo.app\\\/sv\\\/app_news_christmas_2025\\\/#breadcrumb\",\"itemListElement\":[{\"@type\":\"ListItem\",\"position\":1,\"name\":\"Home\",\"item\":\"https:\\\/\\\/relevo.app\\\/sv\\\/\"},{\"@type\":\"ListItem\",\"position\":2,\"name\":\"App_News_Christmas_2025\"}]},{\"@type\":\"WebSite\",\"@id\":\"https:\\\/\\\/relevo.app\\\/sv\\\/#website\",\"url\":\"https:\\\/\\\/relevo.app\\\/sv\\\/\",\"name\":\"Relevo\",\"description\":\"\",\"potentialAction\":[{\"@type\":\"SearchAction\",\"target\":{\"@type\":\"EntryPoint\",\"urlTemplate\":\"https:\\\/\\\/relevo.app\\\/sv\\\/?s={search_term_string}\"},\"query-input\":{\"@type\":\"PropertyValueSpecification\",\"valueRequired\":true,\"valueName\":\"search_term_string\"}}],\"inLanguage\":\"sv-SE\"}]}<\/script>\n<!-- \/ Yoast SEO plugin. -->","yoast_head_json":{"title":"App_News_Christmas_2025 - Relevo","robots":{"index":"noindex","follow":"follow"},"og_locale":"sv_SE","og_type":"article","og_title":"App_News_Christmas_2025 - Relevo","og_description":"God jul &amp; ett stort tack fr\u00e5n Relevo! \ud83c\udf84 2025 har varit ett fantastiskt \u00e5r f\u00f6r Relevo. Tillsammans med v\u00e5ra partners, g\u00e4ster och kunder har vi skapat m\u00e5nga nya samarbeten, v\u00e4lkomnat m\u00e5nga nya uppskattade kunder och lanserat en m\u00e4ngd funktioner som g\u00f6r \u00e5teranv\u00e4ndning enklare och smidigare \u00e4n n\u00e5gonsin. En stor milstolpe var lanseringen av v\u00e5r [&hellip;]","og_url":"https:\/\/relevo.app\/sv\/app_news_christmas_2025\/","og_site_name":"Relevo","article_modified_time":"2025-12-18T13:43:55+00:00","og_image":[{"width":840,"height":596,"url":"https:\/\/relevo.app\/wp-content\/uploads\/2025\/12\/Relevo-Weihnachtskarte25.jpg","type":"image\/jpeg"}],"twitter_card":"summary_large_image","twitter_misc":{"Ber\u00e4knad l\u00e4stid":"3 minuter"},"schema":{"@context":"https:\/\/schema.org","@graph":[{"@type":"WebPage","@id":"https:\/\/relevo.app\/sv\/app_news_christmas_2025\/","url":"https:\/\/relevo.app\/sv\/app_news_christmas_2025\/","name":"App_News_Christmas_2025 - Relevo","isPartOf":{"@id":"https:\/\/relevo.app\/sv\/#website"},"primaryImageOfPage":{"@id":"https:\/\/relevo.app\/sv\/app_news_christmas_2025\/#primaryimage"},"image":{"@id":"https:\/\/relevo.app\/sv\/app_news_christmas_2025\/#primaryimage"},"thumbnailUrl":"https:\/\/relevo.app\/wp-content\/uploads\/2025\/12\/Relevo-Weihnachtskarte25-768x545.jpg","datePublished":"2025-12-18T13:38:21+00:00","dateModified":"2025-12-18T13:43:55+00:00","breadcrumb":{"@id":"https:\/\/relevo.app\/sv\/app_news_christmas_2025\/#breadcrumb"},"inLanguage":"sv-SE","potentialAction":[{"@type":"ReadAction","target":["https:\/\/relevo.app\/sv\/app_news_christmas_2025\/"]}]},{"@type":"ImageObject","inLanguage":"sv-SE","@id":"https:\/\/relevo.app\/sv\/app_news_christmas_2025\/#primaryimage","url":"https:\/\/relevo.app\/wp-content\/uploads\/2025\/12\/Relevo-Weihnachtskarte25-768x545.jpg","contentUrl":"https:\/\/relevo.app\/wp-content\/uploads\/2025\/12\/Relevo-Weihnachtskarte25-768x545.jpg"},{"@type":"BreadcrumbList","@id":"https:\/\/relevo.app\/sv\/app_news_christmas_2025\/#breadcrumb","itemListElement":[{"@type":"ListItem","position":1,"name":"Home","item":"https:\/\/relevo.app\/sv\/"},{"@type":"ListItem","position":2,"name":"App_News_Christmas_2025"}]},{"@type":"WebSite","@id":"https:\/\/relevo.app\/sv\/#website","url":"https:\/\/relevo.app\/sv\/","name":"Relevo","description":"","potentialAction":[{"@type":"SearchAction","target":{"@type":"EntryPoint","urlTemplate":"https:\/\/relevo.app\/sv\/?s={search_term_string}"},"query-input":{"@type":"PropertyValueSpecification","valueRequired":true,"valueName":"search_term_string"}}],"inLanguage":"sv-SE"}]}},"_links":{"self":[{"href":"https:\/\/relevo.app\/sv\/wp-json\/wp\/v2\/pages\/100175","targetHints":{"allow":["GET"]}}],"collection":[{"href":"https:\/\/relevo.app\/sv\/wp-json\/wp\/v2\/pages"}],"about":[{"href":"https:\/\/relevo.app\/sv\/wp-json\/wp\/v2\/types\/page"}],"author":[{"embeddable":true,"href":"https:\/\/relevo.app\/sv\/wp-json\/wp\/v2\/users\/53"}],"replies":[{"embeddable":true,"href":"https:\/\/relevo.app\/sv\/wp-json\/wp\/v2\/comments?post=100175"}],"version-history":[{"count":4,"href":"https:\/\/relevo.app\/sv\/wp-json\/wp\/v2\/pages\/100175\/revisions"}],"predecessor-version":[{"id":100179,"href":"https:\/\/relevo.app\/sv\/wp-json\/wp\/v2\/pages\/100175\/revisions\/100179"}],"wp:attachment":[{"href":"https:\/\/relevo.app\/sv\/wp-json\/wp\/v2\/media?parent=100175"}],"curies":[{"name":"wp","href":"https:\/\/api.w.org\/{rel}","templated":true}]}}