{"id":100016,"date":"2025-11-28T13:25:43","date_gmt":"2025-11-28T12:25:43","guid":{"rendered":"https:\/\/relevo.app\/?page_id=100016"},"modified":"2025-11-28T13:56:27","modified_gmt":"2025-11-28T12:56:27","slug":"app-news-android-release4","status":"publish","type":"page","link":"https:\/\/relevo.app\/sv\/app-news-android-release4\/","title":{"rendered":"App_News_Android_Release4"},"content":{"rendered":"\t\t<div data-elementor-type=\"wp-page\" data-elementor-id=\"100016\" class=\"elementor elementor-100016 elementor-99989\" data-elementor-post-type=\"page\">\n\t\t\t\t\t\t<section class=\"elementor-section elementor-top-section elementor-element elementor-element-d3faaab elementor-section-boxed elementor-section-height-default elementor-section-height-default\" data-id=\"d3faaab\" data-element_type=\"section\" data-e-type=\"section\">\n\t\t\t\t\t\t<div class=\"elementor-container elementor-column-gap-default\">\n\t\t\t\t\t<div class=\"elementor-column elementor-col-100 elementor-top-column elementor-element elementor-element-f87883f\" data-id=\"f87883f\" data-element_type=\"column\" data-e-type=\"column\">\n\t\t\t<div class=\"elementor-widget-wrap elementor-element-populated\">\n\t\t\t\t\t\t<div class=\"elementor-element elementor-element-8d66f34 elementor-widget elementor-widget-image\" data-id=\"8d66f34\" data-element_type=\"widget\" data-e-type=\"widget\" data-widget_type=\"image.default\">\n\t\t\t\t<div class=\"elementor-widget-container\">\n\t\t\t\t\t\t\t\t\t\t\t\t\t\t\t<img fetchpriority=\"high\" decoding=\"async\" width=\"768\" height=\"320\" src=\"https:\/\/relevo.app\/wp-content\/uploads\/2025\/11\/Main-SE-768x320.jpg\" class=\"attachment-medium_large size-medium_large wp-image-100057\" alt=\"\" srcset=\"https:\/\/relevo.app\/wp-content\/uploads\/2025\/11\/Main-SE-768x320.jpg 768w, https:\/\/relevo.app\/wp-content\/uploads\/2025\/11\/Main-SE-300x125.jpg 300w, https:\/\/relevo.app\/wp-content\/uploads\/2025\/11\/Main-SE-1024x426.jpg 1024w, https:\/\/relevo.app\/wp-content\/uploads\/2025\/11\/Main-SE-1536x639.jpg 1536w, https:\/\/relevo.app\/wp-content\/uploads\/2025\/11\/Main-SE-2048x852.jpg 2048w\" sizes=\"(max-width: 768px) 100vw, 768px\" \/>\t\t\t\t\t\t\t\t\t\t\t\t\t\t\t<\/div>\n\t\t\t\t<\/div>\n\t\t\t\t<div class=\"elementor-element elementor-element-0265353 elementor-widget elementor-widget-text-editor\" data-id=\"0265353\" data-element_type=\"widget\" data-e-type=\"widget\" data-widget_type=\"text-editor.default\">\n\t\t\t\t<div class=\"elementor-widget-container\">\n\t\t\t\t\t\t\t\t\t<p><strong>Goda nyheter f\u00f6r Android-anv\u00e4ndare!<\/strong> Efter den framg\u00e5ngsrika lanseringen p\u00e5 iOS \u00e4r vi glada att kunna presentera lanseringen av <strong>v\u00e5r helt omgjorda Android-app<\/strong>! Vi har byggt om appen fr\u00e5n grunden f\u00f6r att g\u00f6ra \u00e5teranv\u00e4ndning enklare och mer intuitiv \u00e4n n\u00e5gonsin.<\/p><p><img decoding=\"async\" class=\"aligncenter wp-image-100064 size-large\" src=\"https:\/\/relevo.app\/wp-content\/uploads\/2025\/11\/Image-SE-1024x572.jpg\" alt=\"\" width=\"800\" height=\"447\" srcset=\"https:\/\/relevo.app\/wp-content\/uploads\/2025\/11\/Image-SE-1024x572.jpg 1024w, https:\/\/relevo.app\/wp-content\/uploads\/2025\/11\/Image-SE-300x168.jpg 300w, https:\/\/relevo.app\/wp-content\/uploads\/2025\/11\/Image-SE-768x429.jpg 768w, https:\/\/relevo.app\/wp-content\/uploads\/2025\/11\/Image-SE-1536x859.jpg 1536w, https:\/\/relevo.app\/wp-content\/uploads\/2025\/11\/Image-SE-2048x1145.jpg 2048w\" sizes=\"(max-width: 800px) 100vw, 800px\" \/><\/p><p>H\u00e4r \u00e4r en titt p\u00e5 vad som \u00e4r nytt:<\/p><ul><li><strong>En elegant ny design:<\/strong> Appen \u00e4r nu renare, snabbare och mer responsiv.<\/li><li><strong>Designad f\u00f6r alla:<\/strong> Vi har gjort v\u00e5r app mer tillg\u00e4nglig och inkluderande, vilket s\u00e4kerst\u00e4ller en s\u00f6ml\u00f6s upplevelse f\u00f6r alla anv\u00e4ndare.<\/li><li><strong>Intuitiv \u00e5teranv\u00e4ndning:<\/strong> Vi har gjort det enklare att hantera dina \u00e5teranv\u00e4ndbara artiklar. V\u00e5r nya f\u00f6rloppsindikator och etiketter visar dig exakt hur mycket tid du har kvar, med tydliga &#8221;Sista chansen&#8221;-varningar.<\/li><li><strong>Smartare partners\u00f6kning:<\/strong> Hitta exakt det du letar efter genom att filtrera partners efter artikeltyp, leveransalternativ eller k\u00f6k. Du kan ocks\u00e5 f\u00e5 fullst\u00e4ndiga detaljer och se partners direkt fr\u00e5n kartan.<\/li><li><strong>Enklare navigering:<\/strong> Vi har f\u00f6renklat layouten. Ditt konto finns nu i bottenf\u00e4ltet och aviseringar finns bekv\u00e4mt l\u00e4ngst upp till h\u00f6ger.<\/li><\/ul><p>Vi \u00e4r \u00f6vertygade om att dessa uppdateringar kommer att g\u00f6ra din resa mot \u00e5teranv\u00e4ndning \u00e4nnu smidigare.<\/p><h3><strong>\ud83d\ude80 Dags f\u00f6r handling<\/strong><\/h3><p>L\u00e5t oss b\u00f6rja tillsammans! H\u00e4r kan du ladda ner den nya appen: <a href=\"https:\/\/play.google.com\/store\/apps\/details?id=com.relevoapp&amp;hl=sv&amp;pli=1\" target=\"_blank\" rel=\"noopener noreferrer\">https:\/\/play.google.com\/store\/apps\/details?id=com.relevoapp&amp;hl=sv&amp;pli=1<\/a><\/p>\t\t\t\t\t\t\t\t<\/div>\n\t\t\t\t<\/div>\n\t\t\t\t\t<\/div>\n\t\t<\/div>\n\t\t\t\t\t<\/div>\n\t\t<\/section>\n\t\t\t\t<section class=\"elementor-section elementor-top-section elementor-element elementor-element-7b90f9a elementor-section-boxed elementor-section-height-default elementor-section-height-default\" data-id=\"7b90f9a\" data-element_type=\"section\" data-e-type=\"section\">\n\t\t\t\t\t\t<div class=\"elementor-container elementor-column-gap-default\">\n\t\t\t\t\t<div class=\"elementor-column elementor-col-100 elementor-top-column elementor-element elementor-element-e4d4f0f\" data-id=\"e4d4f0f\" data-element_type=\"column\" data-e-type=\"column\">\n\t\t\t<div class=\"elementor-widget-wrap\">\n\t\t\t\t\t\t\t<\/div>\n\t\t<\/div>\n\t\t\t\t\t<\/div>\n\t\t<\/section>\n\t\t\t\t<\/div>\n\t\t","protected":false},"excerpt":{"rendered":"<p>Goda nyheter f\u00f6r Android-anv\u00e4ndare! Efter den framg\u00e5ngsrika lanseringen p\u00e5 iOS \u00e4r vi glada att kunna presentera lanseringen av v\u00e5r helt omgjorda Android-app! Vi har byggt om appen fr\u00e5n grunden f\u00f6r att g\u00f6ra \u00e5teranv\u00e4ndning enklare och mer intuitiv \u00e4n n\u00e5gonsin. H\u00e4r \u00e4r en titt p\u00e5 vad som \u00e4r nytt: En elegant ny design: Appen \u00e4r nu [&hellip;]<\/p>\n","protected":false},"author":53,"featured_media":0,"parent":0,"menu_order":0,"comment_status":"closed","ping_status":"closed","template":"elementor_canvas","meta":{"content-type":"","om_disable_all_campaigns":false,"footnotes":""},"class_list":["post-100016","page","type-page","status-publish","hentry"],"yoast_head":"<!-- This site is optimized with the Yoast SEO plugin v27.4 - https:\/\/yoast.com\/product\/yoast-seo-wordpress\/ -->\n<title>App_News_Android_Release4 - Relevo<\/title>\n<meta name=\"robots\" content=\"noindex, follow\" \/>\n<meta property=\"og:locale\" content=\"sv_SE\" \/>\n<meta property=\"og:type\" content=\"article\" \/>\n<meta property=\"og:title\" content=\"App_News_Android_Release4 - Relevo\" \/>\n<meta property=\"og:description\" content=\"Goda nyheter f\u00f6r Android-anv\u00e4ndare! Efter den framg\u00e5ngsrika lanseringen p\u00e5 iOS \u00e4r vi glada att kunna presentera lanseringen av v\u00e5r helt omgjorda Android-app! Vi har byggt om appen fr\u00e5n grunden f\u00f6r att g\u00f6ra \u00e5teranv\u00e4ndning enklare och mer intuitiv \u00e4n n\u00e5gonsin. H\u00e4r \u00e4r en titt p\u00e5 vad som \u00e4r nytt: En elegant ny design: Appen \u00e4r nu [&hellip;]\" \/>\n<meta property=\"og:url\" content=\"https:\/\/relevo.app\/sv\/app-news-android-release4\/\" \/>\n<meta property=\"og:site_name\" content=\"Relevo\" \/>\n<meta property=\"article:modified_time\" content=\"2025-11-28T12:56:27+00:00\" \/>\n<meta property=\"og:image\" content=\"https:\/\/relevo.app\/wp-content\/uploads\/2025\/11\/Main-SE-768x320.jpg\" \/>\n<meta name=\"twitter:card\" content=\"summary_large_image\" \/>\n<meta name=\"twitter:label1\" content=\"Ber\u00e4knad l\u00e4stid\" \/>\n\t<meta name=\"twitter:data1\" content=\"2 minuter\" \/>\n<script type=\"application\/ld+json\" class=\"yoast-schema-graph\">{\"@context\":\"https:\\\/\\\/schema.org\",\"@graph\":[{\"@type\":\"WebPage\",\"@id\":\"https:\\\/\\\/relevo.app\\\/sv\\\/app-news-android-release4\\\/\",\"url\":\"https:\\\/\\\/relevo.app\\\/sv\\\/app-news-android-release4\\\/\",\"name\":\"App_News_Android_Release4 - Relevo\",\"isPartOf\":{\"@id\":\"https:\\\/\\\/relevo.app\\\/sv\\\/#website\"},\"primaryImageOfPage\":{\"@id\":\"https:\\\/\\\/relevo.app\\\/sv\\\/app-news-android-release4\\\/#primaryimage\"},\"image\":{\"@id\":\"https:\\\/\\\/relevo.app\\\/sv\\\/app-news-android-release4\\\/#primaryimage\"},\"thumbnailUrl\":\"https:\\\/\\\/relevo.app\\\/wp-content\\\/uploads\\\/2025\\\/11\\\/Main-SE-768x320.jpg\",\"datePublished\":\"2025-11-28T12:25:43+00:00\",\"dateModified\":\"2025-11-28T12:56:27+00:00\",\"breadcrumb\":{\"@id\":\"https:\\\/\\\/relevo.app\\\/sv\\\/app-news-android-release4\\\/#breadcrumb\"},\"inLanguage\":\"sv-SE\",\"potentialAction\":[{\"@type\":\"ReadAction\",\"target\":[\"https:\\\/\\\/relevo.app\\\/sv\\\/app-news-android-release4\\\/\"]}]},{\"@type\":\"ImageObject\",\"inLanguage\":\"sv-SE\",\"@id\":\"https:\\\/\\\/relevo.app\\\/sv\\\/app-news-android-release4\\\/#primaryimage\",\"url\":\"https:\\\/\\\/relevo.app\\\/wp-content\\\/uploads\\\/2025\\\/11\\\/Main-SE-768x320.jpg\",\"contentUrl\":\"https:\\\/\\\/relevo.app\\\/wp-content\\\/uploads\\\/2025\\\/11\\\/Main-SE-768x320.jpg\"},{\"@type\":\"BreadcrumbList\",\"@id\":\"https:\\\/\\\/relevo.app\\\/sv\\\/app-news-android-release4\\\/#breadcrumb\",\"itemListElement\":[{\"@type\":\"ListItem\",\"position\":1,\"name\":\"Home\",\"item\":\"https:\\\/\\\/relevo.app\\\/sv\\\/\"},{\"@type\":\"ListItem\",\"position\":2,\"name\":\"App_News_Android_Release4\"}]},{\"@type\":\"WebSite\",\"@id\":\"https:\\\/\\\/relevo.app\\\/sv\\\/#website\",\"url\":\"https:\\\/\\\/relevo.app\\\/sv\\\/\",\"name\":\"Relevo\",\"description\":\"\",\"potentialAction\":[{\"@type\":\"SearchAction\",\"target\":{\"@type\":\"EntryPoint\",\"urlTemplate\":\"https:\\\/\\\/relevo.app\\\/sv\\\/?s={search_term_string}\"},\"query-input\":{\"@type\":\"PropertyValueSpecification\",\"valueRequired\":true,\"valueName\":\"search_term_string\"}}],\"inLanguage\":\"sv-SE\"}]}<\/script>\n<!-- \/ Yoast SEO plugin. -->","yoast_head_json":{"title":"App_News_Android_Release4 - Relevo","robots":{"index":"noindex","follow":"follow"},"og_locale":"sv_SE","og_type":"article","og_title":"App_News_Android_Release4 - Relevo","og_description":"Goda nyheter f\u00f6r Android-anv\u00e4ndare! Efter den framg\u00e5ngsrika lanseringen p\u00e5 iOS \u00e4r vi glada att kunna presentera lanseringen av v\u00e5r helt omgjorda Android-app! Vi har byggt om appen fr\u00e5n grunden f\u00f6r att g\u00f6ra \u00e5teranv\u00e4ndning enklare och mer intuitiv \u00e4n n\u00e5gonsin. H\u00e4r \u00e4r en titt p\u00e5 vad som \u00e4r nytt: En elegant ny design: Appen \u00e4r nu [&hellip;]","og_url":"https:\/\/relevo.app\/sv\/app-news-android-release4\/","og_site_name":"Relevo","article_modified_time":"2025-11-28T12:56:27+00:00","og_image":[{"url":"https:\/\/relevo.app\/wp-content\/uploads\/2025\/11\/Main-SE-768x320.jpg","type":"","width":"","height":""}],"twitter_card":"summary_large_image","twitter_misc":{"Ber\u00e4knad l\u00e4stid":"2 minuter"},"schema":{"@context":"https:\/\/schema.org","@graph":[{"@type":"WebPage","@id":"https:\/\/relevo.app\/sv\/app-news-android-release4\/","url":"https:\/\/relevo.app\/sv\/app-news-android-release4\/","name":"App_News_Android_Release4 - Relevo","isPartOf":{"@id":"https:\/\/relevo.app\/sv\/#website"},"primaryImageOfPage":{"@id":"https:\/\/relevo.app\/sv\/app-news-android-release4\/#primaryimage"},"image":{"@id":"https:\/\/relevo.app\/sv\/app-news-android-release4\/#primaryimage"},"thumbnailUrl":"https:\/\/relevo.app\/wp-content\/uploads\/2025\/11\/Main-SE-768x320.jpg","datePublished":"2025-11-28T12:25:43+00:00","dateModified":"2025-11-28T12:56:27+00:00","breadcrumb":{"@id":"https:\/\/relevo.app\/sv\/app-news-android-release4\/#breadcrumb"},"inLanguage":"sv-SE","potentialAction":[{"@type":"ReadAction","target":["https:\/\/relevo.app\/sv\/app-news-android-release4\/"]}]},{"@type":"ImageObject","inLanguage":"sv-SE","@id":"https:\/\/relevo.app\/sv\/app-news-android-release4\/#primaryimage","url":"https:\/\/relevo.app\/wp-content\/uploads\/2025\/11\/Main-SE-768x320.jpg","contentUrl":"https:\/\/relevo.app\/wp-content\/uploads\/2025\/11\/Main-SE-768x320.jpg"},{"@type":"BreadcrumbList","@id":"https:\/\/relevo.app\/sv\/app-news-android-release4\/#breadcrumb","itemListElement":[{"@type":"ListItem","position":1,"name":"Home","item":"https:\/\/relevo.app\/sv\/"},{"@type":"ListItem","position":2,"name":"App_News_Android_Release4"}]},{"@type":"WebSite","@id":"https:\/\/relevo.app\/sv\/#website","url":"https:\/\/relevo.app\/sv\/","name":"Relevo","description":"","potentialAction":[{"@type":"SearchAction","target":{"@type":"EntryPoint","urlTemplate":"https:\/\/relevo.app\/sv\/?s={search_term_string}"},"query-input":{"@type":"PropertyValueSpecification","valueRequired":true,"valueName":"search_term_string"}}],"inLanguage":"sv-SE"}]}},"_links":{"self":[{"href":"https:\/\/relevo.app\/sv\/wp-json\/wp\/v2\/pages\/100016","targetHints":{"allow":["GET"]}}],"collection":[{"href":"https:\/\/relevo.app\/sv\/wp-json\/wp\/v2\/pages"}],"about":[{"href":"https:\/\/relevo.app\/sv\/wp-json\/wp\/v2\/types\/page"}],"author":[{"embeddable":true,"href":"https:\/\/relevo.app\/sv\/wp-json\/wp\/v2\/users\/53"}],"replies":[{"embeddable":true,"href":"https:\/\/relevo.app\/sv\/wp-json\/wp\/v2\/comments?post=100016"}],"version-history":[{"count":5,"href":"https:\/\/relevo.app\/sv\/wp-json\/wp\/v2\/pages\/100016\/revisions"}],"predecessor-version":[{"id":100076,"href":"https:\/\/relevo.app\/sv\/wp-json\/wp\/v2\/pages\/100016\/revisions\/100076"}],"wp:attachment":[{"href":"https:\/\/relevo.app\/sv\/wp-json\/wp\/v2\/media?parent=100016"}],"curies":[{"name":"wp","href":"https:\/\/api.w.org\/{rel}","templated":true}]}}