{"id":99617,"date":"2025-09-30T16:25:07","date_gmt":"2025-09-30T14:25:07","guid":{"rendered":"https:\/\/relevo.app\/?page_id=99617"},"modified":"2025-09-30T16:50:46","modified_gmt":"2025-09-30T14:50:46","slug":"app_news_release4","status":"publish","type":"page","link":"https:\/\/relevo.app\/fr\/app_news_release4\/","title":{"rendered":"App_News_Release4"},"content":{"rendered":"\t\t<div data-elementor-type=\"wp-page\" data-elementor-id=\"99617\" class=\"elementor elementor-99617 elementor-99603\" data-elementor-post-type=\"page\">\n\t\t\t\t\t\t<section class=\"elementor-section elementor-top-section elementor-element elementor-element-d3faaab elementor-section-boxed elementor-section-height-default elementor-section-height-default\" data-id=\"d3faaab\" data-element_type=\"section\" data-e-type=\"section\">\n\t\t\t\t\t\t<div class=\"elementor-container elementor-column-gap-default\">\n\t\t\t\t\t<div class=\"elementor-column elementor-col-100 elementor-top-column elementor-element elementor-element-f87883f\" data-id=\"f87883f\" data-element_type=\"column\" data-e-type=\"column\">\n\t\t\t<div class=\"elementor-widget-wrap elementor-element-populated\">\n\t\t\t\t\t\t<div class=\"elementor-element elementor-element-8d66f34 elementor-widget elementor-widget-image\" data-id=\"8d66f34\" data-element_type=\"widget\" data-e-type=\"widget\" data-widget_type=\"image.default\">\n\t\t\t\t<div class=\"elementor-widget-container\">\n\t\t\t\t\t\t\t\t\t\t\t\t\t\t\t<img fetchpriority=\"high\" decoding=\"async\" width=\"692\" height=\"288\" src=\"https:\/\/relevo.app\/wp-content\/uploads\/2025\/09\/Main-FR.png\" class=\"attachment-medium_large size-medium_large wp-image-99647\" alt=\"\" srcset=\"https:\/\/relevo.app\/wp-content\/uploads\/2025\/09\/Main-FR.png 692w, https:\/\/relevo.app\/wp-content\/uploads\/2025\/09\/Main-FR-300x125.png 300w\" sizes=\"(max-width: 692px) 100vw, 692px\" \/>\t\t\t\t\t\t\t\t\t\t\t\t\t\t\t<\/div>\n\t\t\t\t<\/div>\n\t\t\t\t<div class=\"elementor-element elementor-element-0265353 elementor-widget elementor-widget-text-editor\" data-id=\"0265353\" data-element_type=\"widget\" data-e-type=\"widget\" data-widget_type=\"text-editor.default\">\n\t\t\t\t<div class=\"elementor-widget-container\">\n\t\t\t\t\t\t\t\t\t<p style=\"print-color-adjust: exact; overflow-wrap: break-word; margin: 0px; cursor: text; counter-reset: list-1 0 list-2 0 list-3 0 list-4 0 list-5 0 list-6 0 list-7 0 list-8 0 list-9 0; padding: 0px; color: #1a202c; font-family: Helvetica, Arial, sans-serif; font-size: 13px; white-space-collapse: preserve; border: 0px solid #e2e8f0;\">Nous sommes ravis d\u2019annoncer le lancement de notre application iOS enti\u00e8rement repens\u00e9e ! Nous avons reconstruit l\u2019application de A \u00e0 Z pour rendre la r\u00e9utilisation plus simple et plus intuitive que jamais.<\/p>\n<p style=\"print-color-adjust: exact; overflow-wrap: break-word; margin: 0px; cursor: text; counter-reset: list-1 0 list-2 0 list-3 0 list-4 0 list-5 0 list-6 0 list-7 0 list-8 0 list-9 0; padding: 0px; color: #1a202c; font-family: Helvetica, Arial, sans-serif; font-size: 13px; white-space-collapse: preserve; border: 0px solid #e2e8f0;\"><img decoding=\"async\" style=\"print-color-adjust: exact; border-width: 0px; overflow-wrap: break-word; display: block; border-color: #e2e8f0;\" src=\"https:\/\/production-public-files.s3.eu-west-1.amazonaws.com\/news\/c8a6d5b0-a97b-4aa2-8590-346f1f9fdbce.png\" \/><\/p>\n<p style=\"print-color-adjust: exact; overflow-wrap: break-word; margin: 0px; cursor: text; counter-reset: list-1 0 list-2 0 list-3 0 list-4 0 list-5 0 list-6 0 list-7 0 list-8 0 list-9 0; padding: 0px; color: #1a202c; font-family: Helvetica, Arial, sans-serif; font-size: 13px; white-space-collapse: preserve; border: 0px solid #e2e8f0;\">Voici un aper\u00e7u des nouveaut\u00e9s :<\/p>\n\n<ul style=\"print-color-adjust: exact; border-style: solid; overflow-wrap: break-word; margin: 0px; padding: 0px 0px 0px 1.5em; border-color: #e2e8f0; cursor: text; counter-reset: list-1 0 list-2 0 list-3 0 list-4 0 list-5 0 list-6 0 list-7 0 list-8 0 list-9 0; color: #1a202c; font-family: Helvetica, Arial, sans-serif; font-size: 13px; white-space-collapse: preserve; background-color: #ffffff;\">\n \t<li style=\"print-color-adjust: exact; border-style: solid; overflow-wrap: break-word; border-color: #e2e8f0; list-style-type: none; padding-left: 1.5em;\"><strong data-start=\"320\" data-end=\"352\">Un design \u00e9l\u00e9gant et moderne<\/strong> : L\u2019application est d\u00e9sormais plus \u00e9pur\u00e9e, plus rapide et plus r\u00e9active. Nous avons introduit un design fluide avec des \u00e9l\u00e9ments transparents, donnant \u00e0 l\u2019application une impression de dynamisme lors de la navigation.<\/li>\n \t<li style=\"print-color-adjust: exact; border-style: solid; overflow-wrap: break-word; border-color: #e2e8f0; list-style-type: none; padding-left: 1.5em;\"><strong data-start=\"574\" data-end=\"603\">Con\u00e7ue pour tout le monde<\/strong> : Nous avons rendu notre application plus accessible et inclusive, afin de garantir une exp\u00e9rience fluide pour tous les utilisateurs.<\/li>\n \t<li style=\"print-color-adjust: exact; border-style: solid; overflow-wrap: break-word; border-color: #e2e8f0; list-style-type: none; padding-left: 1.5em;\"><strong data-start=\"741\" data-end=\"772\">Une r\u00e9utilisation intuitive<\/strong> : La gestion de vos articles r\u00e9utilisables est encore plus simple. Notre nouvelle barre de progression et nos \u00e9tiquettes vous indiquent exactement le temps qu\u2019il vous reste, avec des alertes claires de \u00ab Dernier appel \u00bb.<\/li>\n \t<li style=\"print-color-adjust: exact; border-style: solid; overflow-wrap: break-word; border-color: #e2e8f0; list-style-type: none; padding-left: 1.5em;\"><strong data-start=\"997\" data-end=\"1047\">Une recherche de partenaires plus intelligente<\/strong> : Trouvez exactement ce que vous cherchez en filtrant les partenaires par type d\u2019article, options de livraison ou type de cuisine. Vous pouvez \u00e9galement acc\u00e9der \u00e0 tous les d\u00e9tails et consulter les partenaires directement depuis la carte.<\/li>\n \t<li style=\"print-color-adjust: exact; border-style: solid; overflow-wrap: break-word; border-color: #e2e8f0; list-style-type: none; padding-left: 1.5em;\"><strong data-start=\"1289\" data-end=\"1317\">Une navigation facilit\u00e9e<\/strong> : Nous avons simplifi\u00e9 la disposition. Votre compte se trouve d\u00e9sormais dans la barre inf\u00e9rieure, et les notifications sont facilement accessibles en haut \u00e0 droite.<\/li>\n<\/ul>\n<p style=\"print-color-adjust: exact; overflow-wrap: break-word; margin: 0px; cursor: text; counter-reset: list-1 0 list-2 0 list-3 0 list-4 0 list-5 0 list-6 0 list-7 0 list-8 0 list-9 0; padding: 0px; color: #1a202c; font-family: Helvetica, Arial, sans-serif; font-size: 13px; white-space-collapse: preserve; border: 0px solid #e2e8f0;\">Nous sommes convaincus que ces mises \u00e0 jour rendront votre parcours de r\u00e9utilisation encore plus fluide.<\/p>\n\n<h3 style=\"print-color-adjust: exact; overflow-wrap: break-word; margin: 0px; font-size: 1.17em; font-weight: inherit; cursor: text; counter-reset: list-1 0 list-2 0 list-3 0 list-4 0 list-5 0 list-6 0 list-7 0 list-8 0 list-9 0; padding: 0px; color: #1a202c; font-family: Helvetica, Arial, sans-serif; white-space-collapse: preserve; border: 0px solid #e2e8f0;\"><strong style=\"print-color-adjust: exact; overflow-wrap: break-word; font-weight: bold; border: 0px solid #e2e8f0;\">Bonne nouvelle pour les utilisateurs Android<\/strong><\/h3>\n<p style=\"print-color-adjust: exact; overflow-wrap: break-word; margin: 0px; cursor: text; counter-reset: list-1 0 list-2 0 list-3 0 list-4 0 list-5 0 list-6 0 list-7 0 list-8 0 list-9 0; padding: 0px; color: #1a202c; font-family: Helvetica, Arial, sans-serif; font-size: 13px; white-space-collapse: preserve; border: 0px solid #e2e8f0;\">La nouvelle application Android est pr\u00e9vue pour la mi-novembre. Nous ne manquerons pas de vous tenir inform\u00e9s !<\/p>\t\t\t\t\t\t\t\t<\/div>\n\t\t\t\t<\/div>\n\t\t\t\t\t<\/div>\n\t\t<\/div>\n\t\t\t\t\t<\/div>\n\t\t<\/section>\n\t\t\t\t<section class=\"elementor-section elementor-top-section elementor-element elementor-element-7b90f9a elementor-section-boxed elementor-section-height-default elementor-section-height-default\" data-id=\"7b90f9a\" data-element_type=\"section\" data-e-type=\"section\">\n\t\t\t\t\t\t<div class=\"elementor-container elementor-column-gap-default\">\n\t\t\t\t\t<div class=\"elementor-column elementor-col-100 elementor-top-column elementor-element elementor-element-e4d4f0f\" data-id=\"e4d4f0f\" data-element_type=\"column\" data-e-type=\"column\">\n\t\t\t<div class=\"elementor-widget-wrap\">\n\t\t\t\t\t\t\t<\/div>\n\t\t<\/div>\n\t\t\t\t\t<\/div>\n\t\t<\/section>\n\t\t\t\t<\/div>\n\t\t","protected":false},"excerpt":{"rendered":"<p>Nous sommes ravis d\u2019annoncer le lancement de notre application iOS enti\u00e8rement repens\u00e9e ! Nous avons reconstruit l\u2019application de A \u00e0 Z pour rendre la r\u00e9utilisation plus simple et plus intuitive que jamais. Voici un aper\u00e7u des nouveaut\u00e9s : Un design \u00e9l\u00e9gant et moderne : L\u2019application est d\u00e9sormais plus \u00e9pur\u00e9e, plus rapide et plus r\u00e9active. Nous [&hellip;]<\/p>\n","protected":false},"author":53,"featured_media":0,"parent":0,"menu_order":0,"comment_status":"closed","ping_status":"closed","template":"elementor_canvas","meta":{"content-type":"","om_disable_all_campaigns":false,"footnotes":""},"class_list":["post-99617","page","type-page","status-publish","hentry"],"yoast_head":"<!-- This site is optimized with the Yoast SEO plugin v27.4 - https:\/\/yoast.com\/product\/yoast-seo-wordpress\/ -->\n<title>App_News_Release4 - Relevo<\/title>\n<meta name=\"robots\" content=\"noindex, follow\" \/>\n<meta property=\"og:locale\" content=\"fr_FR\" \/>\n<meta property=\"og:type\" content=\"article\" \/>\n<meta property=\"og:title\" content=\"App_News_Release4 - Relevo\" \/>\n<meta property=\"og:description\" content=\"Nous sommes ravis d\u2019annoncer le lancement de notre application iOS enti\u00e8rement repens\u00e9e ! Nous avons reconstruit l\u2019application de A \u00e0 Z pour rendre la r\u00e9utilisation plus simple et plus intuitive que jamais. Voici un aper\u00e7u des nouveaut\u00e9s : Un design \u00e9l\u00e9gant et moderne : L\u2019application est d\u00e9sormais plus \u00e9pur\u00e9e, plus rapide et plus r\u00e9active. Nous [&hellip;]\" \/>\n<meta property=\"og:url\" content=\"https:\/\/relevo.app\/fr\/app_news_release4\/\" \/>\n<meta property=\"og:site_name\" content=\"Relevo\" \/>\n<meta property=\"article:modified_time\" content=\"2025-09-30T14:50:46+00:00\" \/>\n<meta property=\"og:image\" content=\"https:\/\/relevo.app\/wp-content\/uploads\/2025\/09\/Main-FR.png\" \/>\n<meta name=\"twitter:card\" content=\"summary_large_image\" \/>\n<meta name=\"twitter:label1\" content=\"Dur\u00e9e de lecture estim\u00e9e\" \/>\n\t<meta name=\"twitter:data1\" content=\"2 minutes\" \/>\n<script type=\"application\/ld+json\" class=\"yoast-schema-graph\">{\"@context\":\"https:\\\/\\\/schema.org\",\"@graph\":[{\"@type\":\"WebPage\",\"@id\":\"https:\\\/\\\/relevo.app\\\/fr\\\/app_news_release4\\\/\",\"url\":\"https:\\\/\\\/relevo.app\\\/fr\\\/app_news_release4\\\/\",\"name\":\"App_News_Release4 - Relevo\",\"isPartOf\":{\"@id\":\"https:\\\/\\\/relevo.app\\\/fr\\\/#website\"},\"primaryImageOfPage\":{\"@id\":\"https:\\\/\\\/relevo.app\\\/fr\\\/app_news_release4\\\/#primaryimage\"},\"image\":{\"@id\":\"https:\\\/\\\/relevo.app\\\/fr\\\/app_news_release4\\\/#primaryimage\"},\"thumbnailUrl\":\"https:\\\/\\\/relevo.app\\\/wp-content\\\/uploads\\\/2025\\\/09\\\/Main-FR.png\",\"datePublished\":\"2025-09-30T14:25:07+00:00\",\"dateModified\":\"2025-09-30T14:50:46+00:00\",\"breadcrumb\":{\"@id\":\"https:\\\/\\\/relevo.app\\\/fr\\\/app_news_release4\\\/#breadcrumb\"},\"inLanguage\":\"fr-FR\",\"potentialAction\":[{\"@type\":\"ReadAction\",\"target\":[\"https:\\\/\\\/relevo.app\\\/fr\\\/app_news_release4\\\/\"]}]},{\"@type\":\"ImageObject\",\"inLanguage\":\"fr-FR\",\"@id\":\"https:\\\/\\\/relevo.app\\\/fr\\\/app_news_release4\\\/#primaryimage\",\"url\":\"https:\\\/\\\/relevo.app\\\/wp-content\\\/uploads\\\/2025\\\/09\\\/Main-FR.png\",\"contentUrl\":\"https:\\\/\\\/relevo.app\\\/wp-content\\\/uploads\\\/2025\\\/09\\\/Main-FR.png\"},{\"@type\":\"BreadcrumbList\",\"@id\":\"https:\\\/\\\/relevo.app\\\/fr\\\/app_news_release4\\\/#breadcrumb\",\"itemListElement\":[{\"@type\":\"ListItem\",\"position\":1,\"name\":\"Home\",\"item\":\"https:\\\/\\\/relevo.app\\\/fr\\\/\"},{\"@type\":\"ListItem\",\"position\":2,\"name\":\"App_News_Release4\"}]},{\"@type\":\"WebSite\",\"@id\":\"https:\\\/\\\/relevo.app\\\/fr\\\/#website\",\"url\":\"https:\\\/\\\/relevo.app\\\/fr\\\/\",\"name\":\"Relevo\",\"description\":\"\",\"potentialAction\":[{\"@type\":\"SearchAction\",\"target\":{\"@type\":\"EntryPoint\",\"urlTemplate\":\"https:\\\/\\\/relevo.app\\\/fr\\\/?s={search_term_string}\"},\"query-input\":{\"@type\":\"PropertyValueSpecification\",\"valueRequired\":true,\"valueName\":\"search_term_string\"}}],\"inLanguage\":\"fr-FR\"}]}<\/script>\n<!-- \/ Yoast SEO plugin. -->","yoast_head_json":{"title":"App_News_Release4 - Relevo","robots":{"index":"noindex","follow":"follow"},"og_locale":"fr_FR","og_type":"article","og_title":"App_News_Release4 - Relevo","og_description":"Nous sommes ravis d\u2019annoncer le lancement de notre application iOS enti\u00e8rement repens\u00e9e ! Nous avons reconstruit l\u2019application de A \u00e0 Z pour rendre la r\u00e9utilisation plus simple et plus intuitive que jamais. Voici un aper\u00e7u des nouveaut\u00e9s : Un design \u00e9l\u00e9gant et moderne : L\u2019application est d\u00e9sormais plus \u00e9pur\u00e9e, plus rapide et plus r\u00e9active. Nous [&hellip;]","og_url":"https:\/\/relevo.app\/fr\/app_news_release4\/","og_site_name":"Relevo","article_modified_time":"2025-09-30T14:50:46+00:00","og_image":[{"url":"https:\/\/relevo.app\/wp-content\/uploads\/2025\/09\/Main-FR.png","type":"","width":"","height":""}],"twitter_card":"summary_large_image","twitter_misc":{"Dur\u00e9e de lecture estim\u00e9e":"2 minutes"},"schema":{"@context":"https:\/\/schema.org","@graph":[{"@type":"WebPage","@id":"https:\/\/relevo.app\/fr\/app_news_release4\/","url":"https:\/\/relevo.app\/fr\/app_news_release4\/","name":"App_News_Release4 - Relevo","isPartOf":{"@id":"https:\/\/relevo.app\/fr\/#website"},"primaryImageOfPage":{"@id":"https:\/\/relevo.app\/fr\/app_news_release4\/#primaryimage"},"image":{"@id":"https:\/\/relevo.app\/fr\/app_news_release4\/#primaryimage"},"thumbnailUrl":"https:\/\/relevo.app\/wp-content\/uploads\/2025\/09\/Main-FR.png","datePublished":"2025-09-30T14:25:07+00:00","dateModified":"2025-09-30T14:50:46+00:00","breadcrumb":{"@id":"https:\/\/relevo.app\/fr\/app_news_release4\/#breadcrumb"},"inLanguage":"fr-FR","potentialAction":[{"@type":"ReadAction","target":["https:\/\/relevo.app\/fr\/app_news_release4\/"]}]},{"@type":"ImageObject","inLanguage":"fr-FR","@id":"https:\/\/relevo.app\/fr\/app_news_release4\/#primaryimage","url":"https:\/\/relevo.app\/wp-content\/uploads\/2025\/09\/Main-FR.png","contentUrl":"https:\/\/relevo.app\/wp-content\/uploads\/2025\/09\/Main-FR.png"},{"@type":"BreadcrumbList","@id":"https:\/\/relevo.app\/fr\/app_news_release4\/#breadcrumb","itemListElement":[{"@type":"ListItem","position":1,"name":"Home","item":"https:\/\/relevo.app\/fr\/"},{"@type":"ListItem","position":2,"name":"App_News_Release4"}]},{"@type":"WebSite","@id":"https:\/\/relevo.app\/fr\/#website","url":"https:\/\/relevo.app\/fr\/","name":"Relevo","description":"","potentialAction":[{"@type":"SearchAction","target":{"@type":"EntryPoint","urlTemplate":"https:\/\/relevo.app\/fr\/?s={search_term_string}"},"query-input":{"@type":"PropertyValueSpecification","valueRequired":true,"valueName":"search_term_string"}}],"inLanguage":"fr-FR"}]}},"_links":{"self":[{"href":"https:\/\/relevo.app\/fr\/wp-json\/wp\/v2\/pages\/99617","targetHints":{"allow":["GET"]}}],"collection":[{"href":"https:\/\/relevo.app\/fr\/wp-json\/wp\/v2\/pages"}],"about":[{"href":"https:\/\/relevo.app\/fr\/wp-json\/wp\/v2\/types\/page"}],"author":[{"embeddable":true,"href":"https:\/\/relevo.app\/fr\/wp-json\/wp\/v2\/users\/53"}],"replies":[{"embeddable":true,"href":"https:\/\/relevo.app\/fr\/wp-json\/wp\/v2\/comments?post=99617"}],"version-history":[{"count":7,"href":"https:\/\/relevo.app\/fr\/wp-json\/wp\/v2\/pages\/99617\/revisions"}],"predecessor-version":[{"id":99656,"href":"https:\/\/relevo.app\/fr\/wp-json\/wp\/v2\/pages\/99617\/revisions\/99656"}],"wp:attachment":[{"href":"https:\/\/relevo.app\/fr\/wp-json\/wp\/v2\/media?parent=99617"}],"curies":[{"name":"wp","href":"https:\/\/api.w.org\/{rel}","templated":true}]}}