{"id":77177,"date":"2021-07-22T09:44:11","date_gmt":"2021-07-22T07:44:11","guid":{"rendered":"https:\/\/stage.relevo.app\/kontakt\/"},"modified":"2025-09-17T14:52:05","modified_gmt":"2025-09-17T12:52:05","slug":"contact","status":"publish","type":"page","link":"https:\/\/relevo.app\/fr\/contact\/","title":{"rendered":"Contact"},"content":{"rendered":"\t\t<div data-elementor-type=\"wp-page\" data-elementor-id=\"77177\" class=\"elementor elementor-77177 elementor-28743\" data-elementor-post-type=\"page\">\n\t\t\t\t\t\t<section class=\"elementor-section elementor-top-section elementor-element elementor-element-06f430f elementor-section-height-min-height elementor-section-boxed elementor-section-height-default elementor-section-items-middle\" data-id=\"06f430f\" data-element_type=\"section\" data-e-type=\"section\" data-settings=\"{&quot;background_background&quot;:&quot;classic&quot;}\">\n\t\t\t\t\t\t\t<div class=\"elementor-background-overlay\"><\/div>\n\t\t\t\t\t\t\t<div class=\"elementor-container elementor-column-gap-default\">\n\t\t\t\t\t<div class=\"elementor-column elementor-col-100 elementor-top-column elementor-element elementor-element-92691a0\" data-id=\"92691a0\" data-element_type=\"column\" data-e-type=\"column\">\n\t\t\t<div class=\"elementor-widget-wrap elementor-element-populated\">\n\t\t\t\t\t\t<div class=\"elementor-element elementor-element-687a99f e-transform elementor-widget elementor-widget-heading\" data-id=\"687a99f\" data-element_type=\"widget\" data-e-type=\"widget\" data-settings=\"{&quot;_transform_rotateZ_effect_hover&quot;:{&quot;unit&quot;:&quot;px&quot;,&quot;size&quot;:&quot;&quot;,&quot;sizes&quot;:[]},&quot;_transform_rotateZ_effect_hover_tablet&quot;:{&quot;unit&quot;:&quot;deg&quot;,&quot;size&quot;:&quot;&quot;,&quot;sizes&quot;:[]},&quot;_transform_rotateZ_effect_hover_mobile&quot;:{&quot;unit&quot;:&quot;deg&quot;,&quot;size&quot;:&quot;&quot;,&quot;sizes&quot;:[]}}\" data-widget_type=\"heading.default\">\n\t\t\t\t<div class=\"elementor-widget-container\">\n\t\t\t\t\t<h1 class=\"elementor-heading-title elementor-size-default\">Des souhaits, des suggestions, des critiques ou des soucis?<\/h1>\t\t\t\t<\/div>\n\t\t\t\t<\/div>\n\t\t\t\t<div class=\"elementor-element elementor-element-fe0ba00 elementor-widget elementor-widget-heading\" data-id=\"fe0ba00\" data-element_type=\"widget\" data-e-type=\"widget\" data-widget_type=\"heading.default\">\n\t\t\t\t<div class=\"elementor-widget-container\">\n\t\t\t\t\t<h3 class=\"elementor-heading-title elementor-size-default\">N'h\u00e9sitez pas \u00e0 m'\u00e9crire - je me ferai un plaisir de vous aider!<\/h3>\t\t\t\t<\/div>\n\t\t\t\t<\/div>\n\t\t\t\t\t<\/div>\n\t\t<\/div>\n\t\t\t\t\t<\/div>\n\t\t<\/section>\n\t\t<div class=\"elementor-element elementor-element-355d215 e-flex e-con-boxed e-con e-parent\" data-id=\"355d215\" data-element_type=\"container\" data-e-type=\"container\" data-settings=\"{&quot;background_background&quot;:&quot;classic&quot;}\">\n\t\t\t\t\t<div class=\"e-con-inner\">\n\t\t<div class=\"elementor-element elementor-element-b2e45a8 e-con-full e-flex e-con e-child\" data-id=\"b2e45a8\" data-element_type=\"container\" data-e-type=\"container\" data-settings=\"{&quot;background_background&quot;:&quot;classic&quot;}\">\n\t\t<div class=\"elementor-element elementor-element-9f0e703 e-con-full e-flex e-con e-child\" data-id=\"9f0e703\" data-element_type=\"container\" data-e-type=\"container\">\n\t\t\t\t<div class=\"elementor-element elementor-element-7030b0b elementor-widget__width-initial elementor-widget elementor-widget-heading\" data-id=\"7030b0b\" data-element_type=\"widget\" data-e-type=\"widget\" data-widget_type=\"heading.default\">\n\t\t\t\t<div class=\"elementor-widget-container\">\n\t\t\t\t\t<h2 class=\"elementor-heading-title elementor-size-default\">Vous avez une question sur notre syst\u00e8me reutilisable?<\/h2>\t\t\t\t<\/div>\n\t\t\t\t<\/div>\n\t\t\t\t<div class=\"elementor-element elementor-element-328ea7b elementor-widget elementor-widget-text-editor\" data-id=\"328ea7b\" data-element_type=\"widget\" data-e-type=\"widget\" data-widget_type=\"text-editor.default\">\n\t\t\t\t<div class=\"elementor-widget-container\">\n\t\t\t\t\t\t\t\t\t<p>Alors \u00e9crivez-nous !<\/p>\t\t\t\t\t\t\t\t<\/div>\n\t\t\t\t<\/div>\n\t\t\t\t<div class=\"elementor-element elementor-element-4b9c2a1 elementor-widget elementor-widget-hubspot-form\" data-id=\"4b9c2a1\" data-element_type=\"widget\" data-e-type=\"widget\" data-widget_type=\"hubspot-form.default\">\n\t\t\t\t<div class=\"elementor-widget-container\">\n\t\t\t\t\t\n\t\t\t\t\t\t<script>\n\t\t\t\t\t\t\twindow.hsFormsOnReady = window.hsFormsOnReady || [];\n\t\t\t\t\t\t\twindow.hsFormsOnReady.push(()=>{\n\t\t\t\t\t\t\t\thbspt.forms.create({\n\t\t\t\t\t\t\t\t\tportalId: 6959162,\n\t\t\t\t\t\t\t\t\tformId: \"9d872f79-7c5a-4075-b326-2e93fa256594\",\n\t\t\t\t\t\t\t\t\ttarget: \"#hbspt-form-1776176928000-3682812689\",\n\t\t\t\t\t\t\t\t\tregion: \"na1\",\n\t\t\t\t\t\t\t\t\t\n\t\t\t\t\t\t\t})});\n\t\t\t\t\t\t<\/script>\n\t\t\t\t\t\t<div class=\"hbspt-form\" id=\"hbspt-form-1776176928000-3682812689\"><\/div>\t\t\t\t<\/div>\n\t\t\t\t<\/div>\n\t\t\t\t<div class=\"elementor-element elementor-element-6be8b42 elementor-widget elementor-widget-text-editor\" data-id=\"6be8b42\" data-element_type=\"widget\" data-e-type=\"widget\" data-widget_type=\"text-editor.default\">\n\t\t\t\t<div class=\"elementor-widget-container\">\n\t\t\t\t\t\t\t\t\t<p><strong>Vous souhaitez nous donner un feedback anonyme sur notre syst\u00e8me r\u00e9utilisable?<\/strong><\/p>\t\t\t\t\t\t\t\t<\/div>\n\t\t\t\t<\/div>\n\t\t\t\t<div class=\"elementor-element elementor-element-1b29ad9 elementor-widget elementor-widget-heading\" data-id=\"1b29ad9\" data-element_type=\"widget\" data-e-type=\"widget\" data-widget_type=\"heading.default\">\n\t\t\t\t<div class=\"elementor-widget-container\">\n\t\t\t\t\t<h6 class=\"elementor-heading-title elementor-size-default\"><a href=\"https:\/\/docs.google.com\/forms\/d\/e\/1FAIpQLSfoE34OK8FqlwQBcZx_MTvxoe4tnk1aXLOgtfbgp_bKWR8mIQ\/viewform?usp=sf_link\"><b>Cliquez ici &gt;<\/b><\/a><\/h6>\t\t\t\t<\/div>\n\t\t\t\t<\/div>\n\t\t\t\t<\/div>\n\t\t<div class=\"elementor-element elementor-element-9ba5d1a e-con-full e-flex e-con e-child\" data-id=\"9ba5d1a\" data-element_type=\"container\" data-e-type=\"container\">\n\t\t\t\t<div class=\"elementor-element elementor-element-fb568c8 elementor-widget elementor-widget-image\" data-id=\"fb568c8\" data-element_type=\"widget\" data-e-type=\"widget\" data-widget_type=\"image.default\">\n\t\t\t\t<div class=\"elementor-widget-container\">\n\t\t\t\t\t\t\t\t\t\t\t\t\t\t\t<img fetchpriority=\"high\" decoding=\"async\" width=\"800\" height=\"800\" src=\"https:\/\/relevo.app\/wp-content\/uploads\/2023\/08\/IMG_20200911_193732_326-1-1024x1024.jpg\" class=\"attachment-large size-large wp-image-83310\" alt=\"\" srcset=\"https:\/\/relevo.app\/wp-content\/uploads\/2023\/08\/IMG_20200911_193732_326-1-1024x1024.jpg 1024w, https:\/\/relevo.app\/wp-content\/uploads\/2023\/08\/IMG_20200911_193732_326-1-300x300.jpg 300w, https:\/\/relevo.app\/wp-content\/uploads\/2023\/08\/IMG_20200911_193732_326-1-150x150.jpg 150w, https:\/\/relevo.app\/wp-content\/uploads\/2023\/08\/IMG_20200911_193732_326-1-768x768.jpg 768w, https:\/\/relevo.app\/wp-content\/uploads\/2023\/08\/IMG_20200911_193732_326-1-1536x1536.jpg 1536w, https:\/\/relevo.app\/wp-content\/uploads\/2023\/08\/IMG_20200911_193732_326-1-2048x2048.jpg 2048w\" sizes=\"(max-width: 800px) 100vw, 800px\" \/>\t\t\t\t\t\t\t\t\t\t\t\t\t\t\t<\/div>\n\t\t\t\t<\/div>\n\t\t\t\t<div class=\"elementor-element elementor-element-8d06e5d elementor-widget elementor-widget-heading\" data-id=\"8d06e5d\" data-element_type=\"widget\" data-e-type=\"widget\" data-widget_type=\"heading.default\">\n\t\t\t\t<div class=\"elementor-widget-container\">\n\t\t\t\t\t<h3 class=\"elementor-heading-title elementor-size-default\">David Winkel<\/h3>\t\t\t\t<\/div>\n\t\t\t\t<\/div>\n\t\t\t\t<div class=\"elementor-element elementor-element-1bcb56d elementor-widget elementor-widget-text-editor\" data-id=\"1bcb56d\" data-element_type=\"widget\" data-e-type=\"widget\" data-widget_type=\"text-editor.default\">\n\t\t\t\t<div class=\"elementor-widget-container\">\n\t\t\t\t\t\t\t\t\t<p>Team Lead Sales<\/p>\t\t\t\t\t\t\t\t<\/div>\n\t\t\t\t<\/div>\n\t\t\t\t<\/div>\n\t\t\t\t<\/div>\n\t\t\t\t\t<\/div>\n\t\t\t\t<\/div>\n\t\t\t\t<section class=\"elementor-section elementor-top-section elementor-element elementor-element-83300b3 elementor-section-full_width elementor-hidden-desktop elementor-hidden-tablet elementor-hidden-mobile elementor-section-height-default elementor-section-height-default\" data-id=\"83300b3\" data-element_type=\"section\" data-e-type=\"section\">\n\t\t\t\t\t\t<div class=\"elementor-container elementor-column-gap-no\">\n\t\t\t\t\t<div class=\"elementor-column elementor-col-50 elementor-top-column elementor-element elementor-element-ad8c43d\" data-id=\"ad8c43d\" data-element_type=\"column\" data-e-type=\"column\" data-settings=\"{&quot;background_background&quot;:&quot;classic&quot;}\">\n\t\t\t<div class=\"elementor-widget-wrap elementor-element-populated\">\n\t\t\t\t\t\t<div class=\"elementor-element elementor-element-2a1c7ea elementor-widget elementor-widget-text-editor\" data-id=\"2a1c7ea\" data-element_type=\"widget\" data-e-type=\"widget\" data-widget_type=\"text-editor.default\">\n\t\t\t\t<div class=\"elementor-widget-container\">\n\t\t\t\t\t\t\t\t\t<p>Des souhaits, des suggestions, des critiques ou des soucis? N&rsquo;h\u00e9sitez pas \u00e0 m&rsquo;\u00e9crire &#8211; je me ferai un plaisir de vous aider!<\/p>\t\t\t\t\t\t\t\t<\/div>\n\t\t\t\t<\/div>\n\t\t\t\t\t<\/div>\n\t\t<\/div>\n\t\t\t\t<div class=\"elementor-column elementor-col-50 elementor-top-column elementor-element elementor-element-d6ddb99\" data-id=\"d6ddb99\" data-element_type=\"column\" data-e-type=\"column\">\n\t\t\t<div class=\"elementor-widget-wrap elementor-element-populated\">\n\t\t\t\t\t\t<div class=\"elementor-element elementor-element-1524ed3 elementor-widget elementor-widget-heading\" data-id=\"1524ed3\" data-element_type=\"widget\" data-e-type=\"widget\" data-widget_type=\"heading.default\">\n\t\t\t\t<div class=\"elementor-widget-container\">\n\t\t\t\t\t<h1 class=\"elementor-heading-title elementor-size-default\">Vous avez une question sur notre syst\u00e8me reutilisable?<\/h1>\t\t\t\t<\/div>\n\t\t\t\t<\/div>\n\t\t\t\t<div class=\"elementor-element elementor-element-bb15172 elementor-widget elementor-widget-heading\" data-id=\"bb15172\" data-element_type=\"widget\" data-e-type=\"widget\" data-widget_type=\"heading.default\">\n\t\t\t\t<div class=\"elementor-widget-container\">\n\t\t\t\t\t<h4 class=\"elementor-heading-title elementor-size-default\">Alors \u00e9crivez-nous !<\/h4>\t\t\t\t<\/div>\n\t\t\t\t<\/div>\n\t\t\t\t<div class=\"elementor-element elementor-element-dfcaafe elementor-widget elementor-widget-hubspot-form\" data-id=\"dfcaafe\" data-element_type=\"widget\" data-e-type=\"widget\" data-widget_type=\"hubspot-form.default\">\n\t\t\t\t<div class=\"elementor-widget-container\">\n\t\t\t\t\t\n\t\t\t\t\t\t<script>\n\t\t\t\t\t\t\twindow.hsFormsOnReady = window.hsFormsOnReady || [];\n\t\t\t\t\t\t\twindow.hsFormsOnReady.push(()=>{\n\t\t\t\t\t\t\t\thbspt.forms.create({\n\t\t\t\t\t\t\t\t\tportalId: 6959162,\n\t\t\t\t\t\t\t\t\tformId: \"9d872f79-7c5a-4075-b326-2e93fa256594\",\n\t\t\t\t\t\t\t\t\ttarget: \"#hbspt-form-1776176928000-6704650538\",\n\t\t\t\t\t\t\t\t\tregion: \"na1\",\n\t\t\t\t\t\t\t\t\t\n\t\t\t\t\t\t\t})});\n\t\t\t\t\t\t<\/script>\n\t\t\t\t\t\t<div class=\"hbspt-form\" id=\"hbspt-form-1776176928000-6704650538\"><\/div>\t\t\t\t<\/div>\n\t\t\t\t<\/div>\n\t\t\t\t<div class=\"elementor-element elementor-element-7a5b24c elementor-widget elementor-widget-heading\" data-id=\"7a5b24c\" data-element_type=\"widget\" data-e-type=\"widget\" data-widget_type=\"heading.default\">\n\t\t\t\t<div class=\"elementor-widget-container\">\n\t\t\t\t\t<h5 class=\"elementor-heading-title elementor-size-default\">Vous souhaitez nous donner un feedback anonyme sur notre syst\u00e8me r\u00e9utilisable?<\/h5>\t\t\t\t<\/div>\n\t\t\t\t<\/div>\n\t\t\t\t<div class=\"elementor-element elementor-element-6527275 elementor-align-center elementor-widget elementor-widget-button\" data-id=\"6527275\" data-element_type=\"widget\" data-e-type=\"widget\" data-widget_type=\"button.default\">\n\t\t\t\t<div class=\"elementor-widget-container\">\n\t\t\t\t\t\t\t\t\t<div class=\"elementor-button-wrapper\">\n\t\t\t\t\t<a class=\"elementor-button elementor-button-link elementor-size-md\" href=\"https:\/\/docs.google.com\/forms\/d\/e\/1FAIpQLSfoE34OK8FqlwQBcZx_MTvxoe4tnk1aXLOgtfbgp_bKWR8mIQ\/viewform?usp=sf_link\">\n\t\t\t\t\t\t<span class=\"elementor-button-content-wrapper\">\n\t\t\t\t\t\t\t\t\t<span class=\"elementor-button-text\">Cliquez ici<\/span>\n\t\t\t\t\t<\/span>\n\t\t\t\t\t<\/a>\n\t\t\t\t<\/div>\n\t\t\t\t\t\t\t\t<\/div>\n\t\t\t\t<\/div>\n\t\t\t\t\t<\/div>\n\t\t<\/div>\n\t\t\t\t\t<\/div>\n\t\t<\/section>\n\t\t\t\t<\/div>\n\t\t","protected":false},"excerpt":{"rendered":"<p>Des souhaits, des suggestions, des critiques ou des soucis? N&rsquo;h\u00e9sitez pas \u00e0 m&rsquo;\u00e9crire &#8211; je me ferai un plaisir de vous aider! Vous avez une question sur notre syst\u00e8me reutilisable? Alors \u00e9crivez-nous ! Vous souhaitez nous donner un feedback anonyme sur notre syst\u00e8me r\u00e9utilisable? Cliquez ici &gt; David Winkel Team Lead Sales Des souhaits, des [&hellip;]<\/p>\n","protected":false},"author":1,"featured_media":0,"parent":0,"menu_order":0,"comment_status":"closed","ping_status":"closed","template":"elementor_header_footer","meta":{"content-type":"","om_disable_all_campaigns":false,"footnotes":""},"class_list":["post-77177","page","type-page","status-publish","hentry"],"yoast_head":"<!-- This site is optimized with the Yoast SEO plugin v27.3 - https:\/\/yoast.com\/product\/yoast-seo-wordpress\/ -->\n<title>Contact - Relevo<\/title>\n<meta name=\"description\" content=\"Rejoignez notre r\u00e9seau de partenaires. Utilisez le syst\u00e8me r\u00e9utilisable le plus simple pour la gastronomie. Contacter maintenant!\" \/>\n<meta name=\"robots\" content=\"index, follow, max-snippet:-1, max-image-preview:large, max-video-preview:-1\" \/>\n<link rel=\"canonical\" href=\"https:\/\/relevo.app\/fr\/contact\/\" \/>\n<meta property=\"og:locale\" content=\"fr_FR\" \/>\n<meta property=\"og:type\" content=\"article\" \/>\n<meta property=\"og:title\" content=\"Contact - Relevo\" \/>\n<meta property=\"og:description\" content=\"Rejoignez notre r\u00e9seau de partenaires. Utilisez le syst\u00e8me r\u00e9utilisable le plus simple pour la gastronomie. Contacter maintenant!\" \/>\n<meta property=\"og:url\" content=\"https:\/\/relevo.app\/fr\/contact\/\" \/>\n<meta property=\"og:site_name\" content=\"Relevo\" \/>\n<meta property=\"article:modified_time\" content=\"2025-09-17T12:52:05+00:00\" \/>\n<meta property=\"og:image\" content=\"https:\/\/relevo.app\/wp-content\/uploads\/2023\/08\/IMG_20200911_193732_326-1.jpg\" \/>\n\t<meta property=\"og:image:width\" content=\"2314\" \/>\n\t<meta property=\"og:image:height\" content=\"2314\" \/>\n\t<meta property=\"og:image:type\" content=\"image\/jpeg\" \/>\n<meta name=\"twitter:card\" content=\"summary_large_image\" \/>\n<meta name=\"twitter:label1\" content=\"Dur\u00e9e de lecture estim\u00e9e\" \/>\n\t<meta name=\"twitter:data1\" content=\"1 minute\" \/>\n<script type=\"application\/ld+json\" class=\"yoast-schema-graph\">{\"@context\":\"https:\\\/\\\/schema.org\",\"@graph\":[{\"@type\":\"WebPage\",\"@id\":\"https:\\\/\\\/relevo.app\\\/fr\\\/contact\\\/\",\"url\":\"https:\\\/\\\/relevo.app\\\/fr\\\/contact\\\/\",\"name\":\"Contact - Relevo\",\"isPartOf\":{\"@id\":\"https:\\\/\\\/relevo.app\\\/fr\\\/#website\"},\"primaryImageOfPage\":{\"@id\":\"https:\\\/\\\/relevo.app\\\/fr\\\/contact\\\/#primaryimage\"},\"image\":{\"@id\":\"https:\\\/\\\/relevo.app\\\/fr\\\/contact\\\/#primaryimage\"},\"thumbnailUrl\":\"https:\\\/\\\/relevo.app\\\/wp-content\\\/uploads\\\/2023\\\/08\\\/IMG_20200911_193732_326-1-1024x1024.jpg\",\"datePublished\":\"2021-07-22T07:44:11+00:00\",\"dateModified\":\"2025-09-17T12:52:05+00:00\",\"description\":\"Rejoignez notre r\u00e9seau de partenaires. Utilisez le syst\u00e8me r\u00e9utilisable le plus simple pour la gastronomie. Contacter maintenant!\",\"breadcrumb\":{\"@id\":\"https:\\\/\\\/relevo.app\\\/fr\\\/contact\\\/#breadcrumb\"},\"inLanguage\":\"fr-FR\",\"potentialAction\":[{\"@type\":\"ReadAction\",\"target\":[\"https:\\\/\\\/relevo.app\\\/fr\\\/contact\\\/\"]}]},{\"@type\":\"ImageObject\",\"inLanguage\":\"fr-FR\",\"@id\":\"https:\\\/\\\/relevo.app\\\/fr\\\/contact\\\/#primaryimage\",\"url\":\"https:\\\/\\\/relevo.app\\\/wp-content\\\/uploads\\\/2023\\\/08\\\/IMG_20200911_193732_326-1-1024x1024.jpg\",\"contentUrl\":\"https:\\\/\\\/relevo.app\\\/wp-content\\\/uploads\\\/2023\\\/08\\\/IMG_20200911_193732_326-1-1024x1024.jpg\"},{\"@type\":\"BreadcrumbList\",\"@id\":\"https:\\\/\\\/relevo.app\\\/fr\\\/contact\\\/#breadcrumb\",\"itemListElement\":[{\"@type\":\"ListItem\",\"position\":1,\"name\":\"Home\",\"item\":\"https:\\\/\\\/relevo.app\\\/fr\\\/\"},{\"@type\":\"ListItem\",\"position\":2,\"name\":\"Contact\"}]},{\"@type\":\"WebSite\",\"@id\":\"https:\\\/\\\/relevo.app\\\/fr\\\/#website\",\"url\":\"https:\\\/\\\/relevo.app\\\/fr\\\/\",\"name\":\"Relevo\",\"description\":\"\",\"potentialAction\":[{\"@type\":\"SearchAction\",\"target\":{\"@type\":\"EntryPoint\",\"urlTemplate\":\"https:\\\/\\\/relevo.app\\\/fr\\\/?s={search_term_string}\"},\"query-input\":{\"@type\":\"PropertyValueSpecification\",\"valueRequired\":true,\"valueName\":\"search_term_string\"}}],\"inLanguage\":\"fr-FR\"}]}<\/script>\n<!-- \/ Yoast SEO plugin. -->","yoast_head_json":{"title":"Contact - Relevo","description":"Rejoignez notre r\u00e9seau de partenaires. Utilisez le syst\u00e8me r\u00e9utilisable le plus simple pour la gastronomie. Contacter maintenant!","robots":{"index":"index","follow":"follow","max-snippet":"max-snippet:-1","max-image-preview":"max-image-preview:large","max-video-preview":"max-video-preview:-1"},"canonical":"https:\/\/relevo.app\/fr\/contact\/","og_locale":"fr_FR","og_type":"article","og_title":"Contact - Relevo","og_description":"Rejoignez notre r\u00e9seau de partenaires. Utilisez le syst\u00e8me r\u00e9utilisable le plus simple pour la gastronomie. Contacter maintenant!","og_url":"https:\/\/relevo.app\/fr\/contact\/","og_site_name":"Relevo","article_modified_time":"2025-09-17T12:52:05+00:00","og_image":[{"width":2314,"height":2314,"url":"https:\/\/relevo.app\/wp-content\/uploads\/2023\/08\/IMG_20200911_193732_326-1.jpg","type":"image\/jpeg"}],"twitter_card":"summary_large_image","twitter_misc":{"Dur\u00e9e de lecture estim\u00e9e":"1 minute"},"schema":{"@context":"https:\/\/schema.org","@graph":[{"@type":"WebPage","@id":"https:\/\/relevo.app\/fr\/contact\/","url":"https:\/\/relevo.app\/fr\/contact\/","name":"Contact - Relevo","isPartOf":{"@id":"https:\/\/relevo.app\/fr\/#website"},"primaryImageOfPage":{"@id":"https:\/\/relevo.app\/fr\/contact\/#primaryimage"},"image":{"@id":"https:\/\/relevo.app\/fr\/contact\/#primaryimage"},"thumbnailUrl":"https:\/\/relevo.app\/wp-content\/uploads\/2023\/08\/IMG_20200911_193732_326-1-1024x1024.jpg","datePublished":"2021-07-22T07:44:11+00:00","dateModified":"2025-09-17T12:52:05+00:00","description":"Rejoignez notre r\u00e9seau de partenaires. Utilisez le syst\u00e8me r\u00e9utilisable le plus simple pour la gastronomie. Contacter maintenant!","breadcrumb":{"@id":"https:\/\/relevo.app\/fr\/contact\/#breadcrumb"},"inLanguage":"fr-FR","potentialAction":[{"@type":"ReadAction","target":["https:\/\/relevo.app\/fr\/contact\/"]}]},{"@type":"ImageObject","inLanguage":"fr-FR","@id":"https:\/\/relevo.app\/fr\/contact\/#primaryimage","url":"https:\/\/relevo.app\/wp-content\/uploads\/2023\/08\/IMG_20200911_193732_326-1-1024x1024.jpg","contentUrl":"https:\/\/relevo.app\/wp-content\/uploads\/2023\/08\/IMG_20200911_193732_326-1-1024x1024.jpg"},{"@type":"BreadcrumbList","@id":"https:\/\/relevo.app\/fr\/contact\/#breadcrumb","itemListElement":[{"@type":"ListItem","position":1,"name":"Home","item":"https:\/\/relevo.app\/fr\/"},{"@type":"ListItem","position":2,"name":"Contact"}]},{"@type":"WebSite","@id":"https:\/\/relevo.app\/fr\/#website","url":"https:\/\/relevo.app\/fr\/","name":"Relevo","description":"","potentialAction":[{"@type":"SearchAction","target":{"@type":"EntryPoint","urlTemplate":"https:\/\/relevo.app\/fr\/?s={search_term_string}"},"query-input":{"@type":"PropertyValueSpecification","valueRequired":true,"valueName":"search_term_string"}}],"inLanguage":"fr-FR"}]}},"_links":{"self":[{"href":"https:\/\/relevo.app\/fr\/wp-json\/wp\/v2\/pages\/77177","targetHints":{"allow":["GET"]}}],"collection":[{"href":"https:\/\/relevo.app\/fr\/wp-json\/wp\/v2\/pages"}],"about":[{"href":"https:\/\/relevo.app\/fr\/wp-json\/wp\/v2\/types\/page"}],"author":[{"embeddable":true,"href":"https:\/\/relevo.app\/fr\/wp-json\/wp\/v2\/users\/1"}],"replies":[{"embeddable":true,"href":"https:\/\/relevo.app\/fr\/wp-json\/wp\/v2\/comments?post=77177"}],"version-history":[{"count":83,"href":"https:\/\/relevo.app\/fr\/wp-json\/wp\/v2\/pages\/77177\/revisions"}],"predecessor-version":[{"id":99587,"href":"https:\/\/relevo.app\/fr\/wp-json\/wp\/v2\/pages\/77177\/revisions\/99587"}],"wp:attachment":[{"href":"https:\/\/relevo.app\/fr\/wp-json\/wp\/v2\/media?parent=77177"}],"curies":[{"name":"wp","href":"https:\/\/api.w.org\/{rel}","templated":true}]}}