{"id":77165,"date":"2021-07-30T07:48:45","date_gmt":"2021-07-30T05:48:45","guid":{"rendered":"https:\/\/stage.relevo.app\/impressum\/"},"modified":"2025-04-04T09:20:53","modified_gmt":"2025-04-04T07:20:53","slug":"mention-legales","status":"publish","type":"page","link":"https:\/\/relevo.app\/fr\/mention-legales\/","title":{"rendered":"Mentions l\u00e9gales"},"content":{"rendered":"\t\t<div data-elementor-type=\"wp-page\" data-elementor-id=\"77165\" class=\"elementor elementor-77165 elementor-30724\" data-elementor-post-type=\"page\">\n\t\t\t\t\t\t<section class=\"elementor-section elementor-top-section elementor-element elementor-element-b24926d elementor-section-boxed elementor-section-height-default elementor-section-height-default\" data-id=\"b24926d\" data-element_type=\"section\" data-e-type=\"section\" data-settings=\"{&quot;background_background&quot;:&quot;classic&quot;}\">\n\t\t\t\t\t\t<div class=\"elementor-container elementor-column-gap-default\">\n\t\t\t\t\t<div class=\"elementor-column elementor-col-100 elementor-top-column elementor-element elementor-element-010374f\" data-id=\"010374f\" data-element_type=\"column\" data-e-type=\"column\">\n\t\t\t<div class=\"elementor-widget-wrap elementor-element-populated\">\n\t\t\t\t\t\t<div class=\"elementor-element elementor-element-a46ef42 elementor-widget elementor-widget-heading\" data-id=\"a46ef42\" data-element_type=\"widget\" data-e-type=\"widget\" data-widget_type=\"heading.default\">\n\t\t\t\t<div class=\"elementor-widget-container\">\n\t\t\t\t\t<h1 class=\"elementor-heading-title elementor-size-default\">MENTIONS L\u00c9GALES<\/h1>\t\t\t\t<\/div>\n\t\t\t\t<\/div>\n\t\t\t\t\t<\/div>\n\t\t<\/div>\n\t\t\t\t\t<\/div>\n\t\t<\/section>\n\t\t\t\t<section class=\"elementor-section elementor-top-section elementor-element elementor-element-8fb0a68 elementor-section-boxed elementor-section-height-default elementor-section-height-default\" data-id=\"8fb0a68\" data-element_type=\"section\" data-e-type=\"section\">\n\t\t\t\t\t\t<div class=\"elementor-container elementor-column-gap-default\">\n\t\t\t\t\t<div class=\"elementor-column elementor-col-100 elementor-top-column elementor-element elementor-element-b6deba3\" data-id=\"b6deba3\" data-element_type=\"column\" data-e-type=\"column\">\n\t\t\t<div class=\"elementor-widget-wrap elementor-element-populated\">\n\t\t\t\t\t\t<div class=\"elementor-element elementor-element-ca8c39e elementor-widget elementor-widget-text-editor\" data-id=\"ca8c39e\" data-element_type=\"widget\" data-e-type=\"widget\" data-widget_type=\"text-editor.default\">\n\t\t\t\t<div class=\"elementor-widget-container\">\n\t\t\t\t\t\t\t\t\t<p>INFORMATIONS SELON \u00a7 5 TM (Loi n\u00b0 2004-575 du 21 juin 2004 pour la confiance dans l&rsquo;\u00e9conomie num\u00e9rique\u00a0\u2013 LCEN)<\/p><p>Informations selon l&rsquo;article 6 LCEN:<\/p><p>Relevo GmbH (SARL)<br \/>Schwanthalerstra\u00dfe 102<br \/>80336 Munich<br \/>Allemagne<\/p><p>CONTACT<\/p><p>T\u00e9l\u00e9phone : +4989125018122<br \/>Courriel : hallo@relevo.de<br \/>Courriel : partner@relevo.de<\/p><p>*(Veuillez noter que les frais pour les appels depuis des t\u00e9l\u00e9phones fixes et mobiles d\u00e9pendent des tarifs de l&rsquo;op\u00e9rateur respectif.)<\/p><p>DIRECTEUR G\u00c9N\u00c9RAL<\/p><p>Gregor Franc de Ferriere<\/p><p>REGISTRE DU COMMERCE<\/p><p>HRB 255414<\/p><p>Num\u00e9ro de TVA<\/p><p>Royaume-Uni 328552414<\/p><p>RESPONSABLE DU CONTENU I.S.D. \u00a7 18 al. 2 MSTV<\/p><p>Aaron Sperl<br \/>Schwanthalerstra\u00dfe 102<br \/>80336 Munich<br \/>Courriel : aaron@relevo.de<\/p><p>RESPONSABILIT\u00c9 POUR LE CONTENU<\/p><p>Le contenu de nos pages a \u00e9t\u00e9 cr\u00e9\u00e9 avec le plus grand soin. Cependant, nous ne pouvons pas garantir que le contenu est correct, complet ou \u00e0 jour. En tant que prestataire de services, nous sommes responsables de nos propres contenus sur ces pages conform\u00e9ment \u00e0 l&rsquo;article 7, paragraphe 1 de la loi allemande sur les t\u00e9l\u00e9m\u00e9dias (TMG). Conform\u00e9ment aux \u00a7\u00a7 8 \u00e0 10 TMG, nous ne sommes toutefois pas tenus, en tant que prestataire de services, de surveiller les informations transmises ou stock\u00e9es par des tiers ou d&rsquo;enqu\u00eater sur les circonstances qui indiquent une activit\u00e9 ill\u00e9gale. Les obligations de supprimer ou de bloquer l&rsquo;utilisation des informations conform\u00e9ment aux lois g\u00e9n\u00e9rales restent inchang\u00e9es. Toutefois, la responsabilit\u00e9 \u00e0 cet \u00e9gard n&rsquo;est possible qu&rsquo;\u00e0 partir du moment o\u00f9 la connaissance d&rsquo;une infraction concr\u00e8te \u00e0 la loi est connue. D\u00e8s que nous prendrons connaissance de toute violation de la loi, nous supprimerons imm\u00e9diatement ce contenu.<\/p><p>Nous ne participons pas \u00e0 une proc\u00e9dure de r\u00e8glement des litiges devant un conseil d&rsquo;arbitrage des consommateurs.<\/p><p>DROITS \u00c0 L&rsquo;IMAGE<\/p><p>pixabay.com<br \/>unsplash.com<\/p><p>CONDITIONS GENERALES DE VENTE<\/p><p>Vous pouvez acc\u00e9der \u00e0 nos termes et conditions actuels <a href=\"https:\/\/relevo.app\/fr\/conditions-generales\/\">ici<\/a><\/p>\t\t\t\t\t\t\t\t<\/div>\n\t\t\t\t<\/div>\n\t\t\t\t\t<\/div>\n\t\t<\/div>\n\t\t\t\t\t<\/div>\n\t\t<\/section>\n\t\t\t\t<\/div>\n\t\t","protected":false},"excerpt":{"rendered":"<p>MENTIONS L\u00c9GALES INFORMATIONS SELON \u00a7 5 TM (Loi n\u00b0 2004-575 du 21 juin 2004 pour la confiance dans l&rsquo;\u00e9conomie num\u00e9rique\u00a0\u2013 LCEN) Informations selon l&rsquo;article 6 LCEN: Relevo GmbH (SARL)Schwanthalerstra\u00dfe 10280336 MunichAllemagne CONTACT T\u00e9l\u00e9phone : +4989125018122Courriel : hallo@relevo.deCourriel : partner@relevo.de *(Veuillez noter que les frais pour les appels depuis des t\u00e9l\u00e9phones fixes et mobiles d\u00e9pendent des [&hellip;]<\/p>\n","protected":false},"author":1,"featured_media":0,"parent":0,"menu_order":0,"comment_status":"closed","ping_status":"closed","template":"","meta":{"content-type":"","om_disable_all_campaigns":false,"footnotes":""},"class_list":["post-77165","page","type-page","status-publish","hentry"],"yoast_head":"<!-- This site is optimized with the Yoast SEO plugin v27.3 - https:\/\/yoast.com\/product\/yoast-seo-wordpress\/ -->\n<title>Mentions l\u00e9gales - Relevo<\/title>\n<meta name=\"robots\" content=\"noindex, follow\" \/>\n<meta property=\"og:locale\" content=\"fr_FR\" \/>\n<meta property=\"og:type\" content=\"article\" \/>\n<meta property=\"og:title\" content=\"Mentions l\u00e9gales - Relevo\" \/>\n<meta property=\"og:description\" content=\"MENTIONS L\u00c9GALES INFORMATIONS SELON \u00a7 5 TM (Loi n\u00b0 2004-575 du 21 juin 2004 pour la confiance dans l&rsquo;\u00e9conomie num\u00e9rique\u00a0\u2013 LCEN) Informations selon l&rsquo;article 6 LCEN: Relevo GmbH (SARL)Schwanthalerstra\u00dfe 10280336 MunichAllemagne CONTACT T\u00e9l\u00e9phone : +4989125018122Courriel : hallo@relevo.deCourriel : partner@relevo.de *(Veuillez noter que les frais pour les appels depuis des t\u00e9l\u00e9phones fixes et mobiles d\u00e9pendent des [&hellip;]\" \/>\n<meta property=\"og:url\" content=\"https:\/\/relevo.app\/fr\/mention-legales\/\" \/>\n<meta property=\"og:site_name\" content=\"Relevo\" \/>\n<meta property=\"article:modified_time\" content=\"2025-04-04T07:20:53+00:00\" \/>\n<meta name=\"twitter:card\" content=\"summary_large_image\" \/>\n<meta name=\"twitter:label1\" content=\"Dur\u00e9e de lecture estim\u00e9e\" \/>\n\t<meta name=\"twitter:data1\" content=\"2 minutes\" \/>\n<script type=\"application\/ld+json\" class=\"yoast-schema-graph\">{\"@context\":\"https:\\\/\\\/schema.org\",\"@graph\":[{\"@type\":\"WebPage\",\"@id\":\"https:\\\/\\\/relevo.app\\\/fr\\\/mention-legales\\\/\",\"url\":\"https:\\\/\\\/relevo.app\\\/fr\\\/mention-legales\\\/\",\"name\":\"Mentions l\u00e9gales - Relevo\",\"isPartOf\":{\"@id\":\"https:\\\/\\\/relevo.app\\\/fr\\\/#website\"},\"datePublished\":\"2021-07-30T05:48:45+00:00\",\"dateModified\":\"2025-04-04T07:20:53+00:00\",\"breadcrumb\":{\"@id\":\"https:\\\/\\\/relevo.app\\\/fr\\\/mention-legales\\\/#breadcrumb\"},\"inLanguage\":\"fr-FR\",\"potentialAction\":[{\"@type\":\"ReadAction\",\"target\":[\"https:\\\/\\\/relevo.app\\\/fr\\\/mention-legales\\\/\"]}]},{\"@type\":\"BreadcrumbList\",\"@id\":\"https:\\\/\\\/relevo.app\\\/fr\\\/mention-legales\\\/#breadcrumb\",\"itemListElement\":[{\"@type\":\"ListItem\",\"position\":1,\"name\":\"Home\",\"item\":\"https:\\\/\\\/relevo.app\\\/fr\\\/\"},{\"@type\":\"ListItem\",\"position\":2,\"name\":\"Mentions l\u00e9gales\"}]},{\"@type\":\"WebSite\",\"@id\":\"https:\\\/\\\/relevo.app\\\/fr\\\/#website\",\"url\":\"https:\\\/\\\/relevo.app\\\/fr\\\/\",\"name\":\"Relevo\",\"description\":\"\",\"potentialAction\":[{\"@type\":\"SearchAction\",\"target\":{\"@type\":\"EntryPoint\",\"urlTemplate\":\"https:\\\/\\\/relevo.app\\\/fr\\\/?s={search_term_string}\"},\"query-input\":{\"@type\":\"PropertyValueSpecification\",\"valueRequired\":true,\"valueName\":\"search_term_string\"}}],\"inLanguage\":\"fr-FR\"}]}<\/script>\n<!-- \/ Yoast SEO plugin. -->","yoast_head_json":{"title":"Mentions l\u00e9gales - Relevo","robots":{"index":"noindex","follow":"follow"},"og_locale":"fr_FR","og_type":"article","og_title":"Mentions l\u00e9gales - Relevo","og_description":"MENTIONS L\u00c9GALES INFORMATIONS SELON \u00a7 5 TM (Loi n\u00b0 2004-575 du 21 juin 2004 pour la confiance dans l&rsquo;\u00e9conomie num\u00e9rique\u00a0\u2013 LCEN) Informations selon l&rsquo;article 6 LCEN: Relevo GmbH (SARL)Schwanthalerstra\u00dfe 10280336 MunichAllemagne CONTACT T\u00e9l\u00e9phone : +4989125018122Courriel : hallo@relevo.deCourriel : partner@relevo.de *(Veuillez noter que les frais pour les appels depuis des t\u00e9l\u00e9phones fixes et mobiles d\u00e9pendent des [&hellip;]","og_url":"https:\/\/relevo.app\/fr\/mention-legales\/","og_site_name":"Relevo","article_modified_time":"2025-04-04T07:20:53+00:00","twitter_card":"summary_large_image","twitter_misc":{"Dur\u00e9e de lecture estim\u00e9e":"2 minutes"},"schema":{"@context":"https:\/\/schema.org","@graph":[{"@type":"WebPage","@id":"https:\/\/relevo.app\/fr\/mention-legales\/","url":"https:\/\/relevo.app\/fr\/mention-legales\/","name":"Mentions l\u00e9gales - Relevo","isPartOf":{"@id":"https:\/\/relevo.app\/fr\/#website"},"datePublished":"2021-07-30T05:48:45+00:00","dateModified":"2025-04-04T07:20:53+00:00","breadcrumb":{"@id":"https:\/\/relevo.app\/fr\/mention-legales\/#breadcrumb"},"inLanguage":"fr-FR","potentialAction":[{"@type":"ReadAction","target":["https:\/\/relevo.app\/fr\/mention-legales\/"]}]},{"@type":"BreadcrumbList","@id":"https:\/\/relevo.app\/fr\/mention-legales\/#breadcrumb","itemListElement":[{"@type":"ListItem","position":1,"name":"Home","item":"https:\/\/relevo.app\/fr\/"},{"@type":"ListItem","position":2,"name":"Mentions l\u00e9gales"}]},{"@type":"WebSite","@id":"https:\/\/relevo.app\/fr\/#website","url":"https:\/\/relevo.app\/fr\/","name":"Relevo","description":"","potentialAction":[{"@type":"SearchAction","target":{"@type":"EntryPoint","urlTemplate":"https:\/\/relevo.app\/fr\/?s={search_term_string}"},"query-input":{"@type":"PropertyValueSpecification","valueRequired":true,"valueName":"search_term_string"}}],"inLanguage":"fr-FR"}]}},"_links":{"self":[{"href":"https:\/\/relevo.app\/fr\/wp-json\/wp\/v2\/pages\/77165","targetHints":{"allow":["GET"]}}],"collection":[{"href":"https:\/\/relevo.app\/fr\/wp-json\/wp\/v2\/pages"}],"about":[{"href":"https:\/\/relevo.app\/fr\/wp-json\/wp\/v2\/types\/page"}],"author":[{"embeddable":true,"href":"https:\/\/relevo.app\/fr\/wp-json\/wp\/v2\/users\/1"}],"replies":[{"embeddable":true,"href":"https:\/\/relevo.app\/fr\/wp-json\/wp\/v2\/comments?post=77165"}],"version-history":[{"count":37,"href":"https:\/\/relevo.app\/fr\/wp-json\/wp\/v2\/pages\/77165\/revisions"}],"predecessor-version":[{"id":96872,"href":"https:\/\/relevo.app\/fr\/wp-json\/wp\/v2\/pages\/77165\/revisions\/96872"}],"wp:attachment":[{"href":"https:\/\/relevo.app\/fr\/wp-json\/wp\/v2\/media?parent=77165"}],"curies":[{"name":"wp","href":"https:\/\/api.w.org\/{rel}","templated":true}]}}