{"id":100169,"date":"2025-12-18T14:38:21","date_gmt":"2025-12-18T13:38:21","guid":{"rendered":"https:\/\/relevo.app\/?page_id=100169"},"modified":"2025-12-18T14:42:58","modified_gmt":"2025-12-18T13:42:58","slug":"app_news_christmas_2025","status":"publish","type":"page","link":"https:\/\/relevo.app\/fr\/app_news_christmas_2025\/","title":{"rendered":"App_News_Christmas_2025"},"content":{"rendered":"\t\t<div data-elementor-type=\"wp-page\" data-elementor-id=\"100169\" class=\"elementor elementor-100169 elementor-100149\" data-elementor-post-type=\"page\">\n\t\t\t\t\t\t<section class=\"elementor-section elementor-top-section elementor-element elementor-element-d3faaab elementor-section-boxed elementor-section-height-default elementor-section-height-default\" data-id=\"d3faaab\" data-element_type=\"section\" data-e-type=\"section\">\n\t\t\t\t\t\t<div class=\"elementor-container elementor-column-gap-default\">\n\t\t\t\t\t<div class=\"elementor-column elementor-col-100 elementor-top-column elementor-element elementor-element-f87883f\" data-id=\"f87883f\" data-element_type=\"column\" data-e-type=\"column\">\n\t\t\t<div class=\"elementor-widget-wrap elementor-element-populated\">\n\t\t\t\t\t\t<div class=\"elementor-element elementor-element-8d66f34 elementor-widget elementor-widget-image\" data-id=\"8d66f34\" data-element_type=\"widget\" data-e-type=\"widget\" data-widget_type=\"image.default\">\n\t\t\t\t<div class=\"elementor-widget-container\">\n\t\t\t\t\t\t\t\t\t\t\t\t\t\t\t<img fetchpriority=\"high\" decoding=\"async\" width=\"768\" height=\"545\" src=\"https:\/\/relevo.app\/wp-content\/uploads\/2025\/12\/Relevo-Weihnachtskarte25-768x545.jpg\" class=\"attachment-medium_large size-medium_large wp-image-100154\" alt=\"Relevo Weihnachtskarte 2025\" srcset=\"https:\/\/relevo.app\/wp-content\/uploads\/2025\/12\/Relevo-Weihnachtskarte25-768x545.jpg 768w, https:\/\/relevo.app\/wp-content\/uploads\/2025\/12\/Relevo-Weihnachtskarte25-300x213.jpg 300w, https:\/\/relevo.app\/wp-content\/uploads\/2025\/12\/Relevo-Weihnachtskarte25.jpg 840w\" sizes=\"(max-width: 768px) 100vw, 768px\" \/>\t\t\t\t\t\t\t\t\t\t\t\t\t\t\t<\/div>\n\t\t\t\t<\/div>\n\t\t\t\t<div class=\"elementor-element elementor-element-0265353 elementor-widget elementor-widget-text-editor\" data-id=\"0265353\" data-element_type=\"widget\" data-e-type=\"widget\" data-widget_type=\"text-editor.default\">\n\t\t\t\t<div class=\"elementor-widget-container\">\n\t\t\t\t\t\t\t\t\t<h2>Joyeux No\u00ebl &amp; un grand merci de la part de Relevo ! \ud83c\udf84<\/h2>\n\n<p>2025 a \u00e9t\u00e9 une ann\u00e9e exceptionnelle pour Relevo. Aux c\u00f4t\u00e9s de nos partenaires, invit\u00e9s et clients, nous avons nou\u00e9 de nombreux nouveaux partenariats, accueilli de nombreux nouveaux clients de grande valeur et lanc\u00e9 de nombreuses fonctionnalit\u00e9s qui rendent le r\u00e9emploi plus simple et plus pratique que jamais. Une \u00e9tape majeure a \u00e9t\u00e9 le lancement de notre premi\u00e8re application Relevo enti\u00e8rement accessible sur Android et iOS \u2013 avec une UI, une UX, une communication, des paiements et une s\u00e9curit\u00e9 am\u00e9lior\u00e9s, afin que le r\u00e9emploi fonctionne parfaitement pour tout le monde \u2728<\/p>\n\n<p>Gr\u00e2ce \u00e0 votre engagement quotidien, nous avons \u00e9vit\u00e9 que plus d\u2019<strong>1 million de contenants en plastique \u00e0 usage unique<\/strong> ne finissent dans les d\u00e9charges, l\u2019environnement ou les oc\u00e9ans. 2025 a \u00e9galement marqu\u00e9 notre premi\u00e8re ann\u00e9e compl\u00e8te en tant que membre du <strong>groupe Duni<\/strong>, ce qui nous a permis de toucher encore plus de clients et d\u2019invit\u00e9s et de cr\u00e9er ensemble un impact r\u00e9el et mesurable \u2013 chaque jour \ud83d\udcaa\ud83c\udf0d<\/p>\n\n<p>\u00c0 l\u2019approche des f\u00eates, veuillez noter que certains sites peuvent \u00eatre ferm\u00e9s pendant No\u00ebl et le Nouvel An. En guise de petit cadeau de No\u00ebl, nous prolongeons <strong>toutes les dur\u00e9es d\u2019emprunt jusqu\u2019au 16.01.2026<\/strong>, afin que vous n\u2019ayez pas \u00e0 vous inqui\u00e9ter si le retour de vos articles Relevo n\u2019est pas possible dans le d\u00e9lai habituel de 14 jours \ud83c\udf81<\/p>\n\n<p>Merci de faire partie de notre aventure et de faire avancer le r\u00e9emploi avec nous. Nous vous souhaitons un joyeux No\u00ebl, une fin d\u2019ann\u00e9e reposante et un excellent d\u00e9but d\u2019ann\u00e9e 2026, plac\u00e9 sous le signe du r\u00e9emploi ! \u2728\ud83c\udf84<\/p>\n\t\t\t\t\t\t\t\t<\/div>\n\t\t\t\t<\/div>\n\t\t\t\t\t<\/div>\n\t\t<\/div>\n\t\t\t\t\t<\/div>\n\t\t<\/section>\n\t\t\t\t<section class=\"elementor-section elementor-top-section elementor-element elementor-element-7b90f9a elementor-section-boxed elementor-section-height-default elementor-section-height-default\" data-id=\"7b90f9a\" data-element_type=\"section\" data-e-type=\"section\">\n\t\t\t\t\t\t<div class=\"elementor-container elementor-column-gap-default\">\n\t\t\t\t\t<div class=\"elementor-column elementor-col-100 elementor-top-column elementor-element elementor-element-e4d4f0f\" data-id=\"e4d4f0f\" data-element_type=\"column\" data-e-type=\"column\">\n\t\t\t<div class=\"elementor-widget-wrap\">\n\t\t\t\t\t\t\t<\/div>\n\t\t<\/div>\n\t\t\t\t\t<\/div>\n\t\t<\/section>\n\t\t\t\t<\/div>\n\t\t","protected":false},"excerpt":{"rendered":"<p>Joyeux No\u00ebl &amp; un grand merci de la part de Relevo ! \ud83c\udf84 2025 a \u00e9t\u00e9 une ann\u00e9e exceptionnelle pour Relevo. Aux c\u00f4t\u00e9s de nos partenaires, invit\u00e9s et clients, nous avons nou\u00e9 de nombreux nouveaux partenariats, accueilli de nombreux nouveaux clients de grande valeur et lanc\u00e9 de nombreuses fonctionnalit\u00e9s qui rendent le r\u00e9emploi plus simple [&hellip;]<\/p>\n","protected":false},"author":53,"featured_media":0,"parent":0,"menu_order":0,"comment_status":"closed","ping_status":"closed","template":"elementor_canvas","meta":{"content-type":"","om_disable_all_campaigns":false,"footnotes":""},"class_list":["post-100169","page","type-page","status-publish","hentry"],"yoast_head":"<!-- This site is optimized with the Yoast SEO plugin v27.4 - https:\/\/yoast.com\/product\/yoast-seo-wordpress\/ -->\n<title>App_News_Christmas_2025 - Relevo<\/title>\n<meta name=\"robots\" content=\"noindex, follow\" \/>\n<meta property=\"og:locale\" content=\"fr_FR\" \/>\n<meta property=\"og:type\" content=\"article\" \/>\n<meta property=\"og:title\" content=\"App_News_Christmas_2025 - Relevo\" \/>\n<meta property=\"og:description\" content=\"Joyeux No\u00ebl &amp; un grand merci de la part de Relevo ! \ud83c\udf84 2025 a \u00e9t\u00e9 une ann\u00e9e exceptionnelle pour Relevo. Aux c\u00f4t\u00e9s de nos partenaires, invit\u00e9s et clients, nous avons nou\u00e9 de nombreux nouveaux partenariats, accueilli de nombreux nouveaux clients de grande valeur et lanc\u00e9 de nombreuses fonctionnalit\u00e9s qui rendent le r\u00e9emploi plus simple [&hellip;]\" \/>\n<meta property=\"og:url\" content=\"https:\/\/relevo.app\/fr\/app_news_christmas_2025\/\" \/>\n<meta property=\"og:site_name\" content=\"Relevo\" \/>\n<meta property=\"article:modified_time\" content=\"2025-12-18T13:42:58+00:00\" \/>\n<meta property=\"og:image\" content=\"https:\/\/relevo.app\/wp-content\/uploads\/2025\/12\/Relevo-Weihnachtskarte25.jpg\" \/>\n\t<meta property=\"og:image:width\" content=\"840\" \/>\n\t<meta property=\"og:image:height\" content=\"596\" \/>\n\t<meta property=\"og:image:type\" content=\"image\/jpeg\" \/>\n<meta name=\"twitter:card\" content=\"summary_large_image\" \/>\n<meta name=\"twitter:label1\" content=\"Dur\u00e9e de lecture estim\u00e9e\" \/>\n\t<meta name=\"twitter:data1\" content=\"3 minutes\" \/>\n<script type=\"application\/ld+json\" class=\"yoast-schema-graph\">{\"@context\":\"https:\\\/\\\/schema.org\",\"@graph\":[{\"@type\":\"WebPage\",\"@id\":\"https:\\\/\\\/relevo.app\\\/fr\\\/app_news_christmas_2025\\\/\",\"url\":\"https:\\\/\\\/relevo.app\\\/fr\\\/app_news_christmas_2025\\\/\",\"name\":\"App_News_Christmas_2025 - Relevo\",\"isPartOf\":{\"@id\":\"https:\\\/\\\/relevo.app\\\/fr\\\/#website\"},\"primaryImageOfPage\":{\"@id\":\"https:\\\/\\\/relevo.app\\\/fr\\\/app_news_christmas_2025\\\/#primaryimage\"},\"image\":{\"@id\":\"https:\\\/\\\/relevo.app\\\/fr\\\/app_news_christmas_2025\\\/#primaryimage\"},\"thumbnailUrl\":\"https:\\\/\\\/relevo.app\\\/wp-content\\\/uploads\\\/2025\\\/12\\\/Relevo-Weihnachtskarte25-768x545.jpg\",\"datePublished\":\"2025-12-18T13:38:21+00:00\",\"dateModified\":\"2025-12-18T13:42:58+00:00\",\"breadcrumb\":{\"@id\":\"https:\\\/\\\/relevo.app\\\/fr\\\/app_news_christmas_2025\\\/#breadcrumb\"},\"inLanguage\":\"fr-FR\",\"potentialAction\":[{\"@type\":\"ReadAction\",\"target\":[\"https:\\\/\\\/relevo.app\\\/fr\\\/app_news_christmas_2025\\\/\"]}]},{\"@type\":\"ImageObject\",\"inLanguage\":\"fr-FR\",\"@id\":\"https:\\\/\\\/relevo.app\\\/fr\\\/app_news_christmas_2025\\\/#primaryimage\",\"url\":\"https:\\\/\\\/relevo.app\\\/wp-content\\\/uploads\\\/2025\\\/12\\\/Relevo-Weihnachtskarte25-768x545.jpg\",\"contentUrl\":\"https:\\\/\\\/relevo.app\\\/wp-content\\\/uploads\\\/2025\\\/12\\\/Relevo-Weihnachtskarte25-768x545.jpg\"},{\"@type\":\"BreadcrumbList\",\"@id\":\"https:\\\/\\\/relevo.app\\\/fr\\\/app_news_christmas_2025\\\/#breadcrumb\",\"itemListElement\":[{\"@type\":\"ListItem\",\"position\":1,\"name\":\"Home\",\"item\":\"https:\\\/\\\/relevo.app\\\/fr\\\/\"},{\"@type\":\"ListItem\",\"position\":2,\"name\":\"App_News_Christmas_2025\"}]},{\"@type\":\"WebSite\",\"@id\":\"https:\\\/\\\/relevo.app\\\/fr\\\/#website\",\"url\":\"https:\\\/\\\/relevo.app\\\/fr\\\/\",\"name\":\"Relevo\",\"description\":\"\",\"potentialAction\":[{\"@type\":\"SearchAction\",\"target\":{\"@type\":\"EntryPoint\",\"urlTemplate\":\"https:\\\/\\\/relevo.app\\\/fr\\\/?s={search_term_string}\"},\"query-input\":{\"@type\":\"PropertyValueSpecification\",\"valueRequired\":true,\"valueName\":\"search_term_string\"}}],\"inLanguage\":\"fr-FR\"}]}<\/script>\n<!-- \/ Yoast SEO plugin. -->","yoast_head_json":{"title":"App_News_Christmas_2025 - Relevo","robots":{"index":"noindex","follow":"follow"},"og_locale":"fr_FR","og_type":"article","og_title":"App_News_Christmas_2025 - Relevo","og_description":"Joyeux No\u00ebl &amp; un grand merci de la part de Relevo ! \ud83c\udf84 2025 a \u00e9t\u00e9 une ann\u00e9e exceptionnelle pour Relevo. Aux c\u00f4t\u00e9s de nos partenaires, invit\u00e9s et clients, nous avons nou\u00e9 de nombreux nouveaux partenariats, accueilli de nombreux nouveaux clients de grande valeur et lanc\u00e9 de nombreuses fonctionnalit\u00e9s qui rendent le r\u00e9emploi plus simple [&hellip;]","og_url":"https:\/\/relevo.app\/fr\/app_news_christmas_2025\/","og_site_name":"Relevo","article_modified_time":"2025-12-18T13:42:58+00:00","og_image":[{"width":840,"height":596,"url":"https:\/\/relevo.app\/wp-content\/uploads\/2025\/12\/Relevo-Weihnachtskarte25.jpg","type":"image\/jpeg"}],"twitter_card":"summary_large_image","twitter_misc":{"Dur\u00e9e de lecture estim\u00e9e":"3 minutes"},"schema":{"@context":"https:\/\/schema.org","@graph":[{"@type":"WebPage","@id":"https:\/\/relevo.app\/fr\/app_news_christmas_2025\/","url":"https:\/\/relevo.app\/fr\/app_news_christmas_2025\/","name":"App_News_Christmas_2025 - Relevo","isPartOf":{"@id":"https:\/\/relevo.app\/fr\/#website"},"primaryImageOfPage":{"@id":"https:\/\/relevo.app\/fr\/app_news_christmas_2025\/#primaryimage"},"image":{"@id":"https:\/\/relevo.app\/fr\/app_news_christmas_2025\/#primaryimage"},"thumbnailUrl":"https:\/\/relevo.app\/wp-content\/uploads\/2025\/12\/Relevo-Weihnachtskarte25-768x545.jpg","datePublished":"2025-12-18T13:38:21+00:00","dateModified":"2025-12-18T13:42:58+00:00","breadcrumb":{"@id":"https:\/\/relevo.app\/fr\/app_news_christmas_2025\/#breadcrumb"},"inLanguage":"fr-FR","potentialAction":[{"@type":"ReadAction","target":["https:\/\/relevo.app\/fr\/app_news_christmas_2025\/"]}]},{"@type":"ImageObject","inLanguage":"fr-FR","@id":"https:\/\/relevo.app\/fr\/app_news_christmas_2025\/#primaryimage","url":"https:\/\/relevo.app\/wp-content\/uploads\/2025\/12\/Relevo-Weihnachtskarte25-768x545.jpg","contentUrl":"https:\/\/relevo.app\/wp-content\/uploads\/2025\/12\/Relevo-Weihnachtskarte25-768x545.jpg"},{"@type":"BreadcrumbList","@id":"https:\/\/relevo.app\/fr\/app_news_christmas_2025\/#breadcrumb","itemListElement":[{"@type":"ListItem","position":1,"name":"Home","item":"https:\/\/relevo.app\/fr\/"},{"@type":"ListItem","position":2,"name":"App_News_Christmas_2025"}]},{"@type":"WebSite","@id":"https:\/\/relevo.app\/fr\/#website","url":"https:\/\/relevo.app\/fr\/","name":"Relevo","description":"","potentialAction":[{"@type":"SearchAction","target":{"@type":"EntryPoint","urlTemplate":"https:\/\/relevo.app\/fr\/?s={search_term_string}"},"query-input":{"@type":"PropertyValueSpecification","valueRequired":true,"valueName":"search_term_string"}}],"inLanguage":"fr-FR"}]}},"_links":{"self":[{"href":"https:\/\/relevo.app\/fr\/wp-json\/wp\/v2\/pages\/100169","targetHints":{"allow":["GET"]}}],"collection":[{"href":"https:\/\/relevo.app\/fr\/wp-json\/wp\/v2\/pages"}],"about":[{"href":"https:\/\/relevo.app\/fr\/wp-json\/wp\/v2\/types\/page"}],"author":[{"embeddable":true,"href":"https:\/\/relevo.app\/fr\/wp-json\/wp\/v2\/users\/53"}],"replies":[{"embeddable":true,"href":"https:\/\/relevo.app\/fr\/wp-json\/wp\/v2\/comments?post=100169"}],"version-history":[{"count":4,"href":"https:\/\/relevo.app\/fr\/wp-json\/wp\/v2\/pages\/100169\/revisions"}],"predecessor-version":[{"id":100174,"href":"https:\/\/relevo.app\/fr\/wp-json\/wp\/v2\/pages\/100169\/revisions\/100174"}],"wp:attachment":[{"href":"https:\/\/relevo.app\/fr\/wp-json\/wp\/v2\/media?parent=100169"}],"curies":[{"name":"wp","href":"https:\/\/api.w.org\/{rel}","templated":true}]}}