{"id":100017,"date":"2025-11-28T13:25:43","date_gmt":"2025-11-28T12:25:43","guid":{"rendered":"https:\/\/relevo.app\/?page_id=100017"},"modified":"2025-11-28T13:55:33","modified_gmt":"2025-11-28T12:55:33","slug":"app-news-android-release4","status":"publish","type":"page","link":"https:\/\/relevo.app\/fr\/app-news-android-release4\/","title":{"rendered":"App_News_Android_Release4"},"content":{"rendered":"\t\t<div data-elementor-type=\"wp-page\" data-elementor-id=\"100017\" class=\"elementor elementor-100017 elementor-99989\" data-elementor-post-type=\"page\">\n\t\t\t\t\t\t<section class=\"elementor-section elementor-top-section elementor-element elementor-element-d3faaab elementor-section-boxed elementor-section-height-default elementor-section-height-default\" data-id=\"d3faaab\" data-element_type=\"section\" data-e-type=\"section\">\n\t\t\t\t\t\t<div class=\"elementor-container elementor-column-gap-default\">\n\t\t\t\t\t<div class=\"elementor-column elementor-col-100 elementor-top-column elementor-element elementor-element-f87883f\" data-id=\"f87883f\" data-element_type=\"column\" data-e-type=\"column\">\n\t\t\t<div class=\"elementor-widget-wrap elementor-element-populated\">\n\t\t\t\t\t\t<div class=\"elementor-element elementor-element-8d66f34 elementor-widget elementor-widget-image\" data-id=\"8d66f34\" data-element_type=\"widget\" data-e-type=\"widget\" data-widget_type=\"image.default\">\n\t\t\t\t<div class=\"elementor-widget-container\">\n\t\t\t\t\t\t\t\t\t\t\t\t\t\t\t<img fetchpriority=\"high\" decoding=\"async\" width=\"768\" height=\"320\" src=\"https:\/\/relevo.app\/wp-content\/uploads\/2025\/11\/Main-FR-768x320.jpg\" class=\"attachment-medium_large size-medium_large wp-image-100024\" alt=\"\" srcset=\"https:\/\/relevo.app\/wp-content\/uploads\/2025\/11\/Main-FR-768x320.jpg 768w, https:\/\/relevo.app\/wp-content\/uploads\/2025\/11\/Main-FR-300x125.jpg 300w, https:\/\/relevo.app\/wp-content\/uploads\/2025\/11\/Main-FR-1024x426.jpg 1024w, https:\/\/relevo.app\/wp-content\/uploads\/2025\/11\/Main-FR-1536x639.jpg 1536w, https:\/\/relevo.app\/wp-content\/uploads\/2025\/11\/Main-FR-2048x852.jpg 2048w\" sizes=\"(max-width: 768px) 100vw, 768px\" \/>\t\t\t\t\t\t\t\t\t\t\t\t\t\t\t<\/div>\n\t\t\t\t<\/div>\n\t\t\t\t<div class=\"elementor-element elementor-element-0265353 elementor-widget elementor-widget-text-editor\" data-id=\"0265353\" data-element_type=\"widget\" data-e-type=\"widget\" data-widget_type=\"text-editor.default\">\n\t\t\t\t<div class=\"elementor-widget-container\">\n\t\t\t\t\t\t\t\t\t<p><strong>Bonne nouvelle pour les utilisateurs d&rsquo;Android !<\/strong> Suite au lancement r\u00e9ussi sur iOS, nous sommes ravis d&rsquo;annoncer le lancement de <strong>notre application Android enti\u00e8rement repens\u00e9e !<\/strong> Nous avons reconstruit l&rsquo;application \u00e0 partir de z\u00e9ro pour rendre la r\u00e9utilisation encore plus facile et plus intuitive que jamais.<\/p><p><img decoding=\"async\" class=\"aligncenter wp-image-100031 size-large\" src=\"https:\/\/relevo.app\/wp-content\/uploads\/2025\/11\/Image-FR-1024x572.jpg\" alt=\"\" width=\"800\" height=\"447\" srcset=\"https:\/\/relevo.app\/wp-content\/uploads\/2025\/11\/Image-FR-1024x572.jpg 1024w, https:\/\/relevo.app\/wp-content\/uploads\/2025\/11\/Image-FR-300x168.jpg 300w, https:\/\/relevo.app\/wp-content\/uploads\/2025\/11\/Image-FR-768x429.jpg 768w, https:\/\/relevo.app\/wp-content\/uploads\/2025\/11\/Image-FR-1536x859.jpg 1536w, https:\/\/relevo.app\/wp-content\/uploads\/2025\/11\/Image-FR-2048x1145.jpg 2048w\" sizes=\"(max-width: 800px) 100vw, 800px\" \/><\/p><p>Voici un aper\u00e7u des nouveaut\u00e9s :<\/p><ul><li><strong>Un nouveau design \u00e9l\u00e9gant :<\/strong> L&rsquo;application est d\u00e9sormais plus \u00e9pur\u00e9e, plus rapide et plus r\u00e9active.<\/li><li><strong>Con\u00e7ue pour tous :<\/strong> Nous avons rendu notre application plus accessible et plus inclusive, garantissant une exp\u00e9rience fluide pour tous les utilisateurs.<\/li><li><strong>R\u00e9utilisation intuitive :<\/strong> Nous avons simplifi\u00e9 la gestion de vos articles r\u00e9utilisables. Notre nouvelle barre de progression et nos \u00e9tiquettes vous montrent exactement le temps qu&rsquo;il vous reste, avec des avertissements clairs de \u00ab Derni\u00e8re chance \u00bb.<\/li><li><strong>Recherche de partenaires plus intelligente :<\/strong> Trouvez exactement ce que vous cherchez en filtrant les partenaires par type d&rsquo;article, options de livraison ou cuisine. Vous pouvez \u00e9galement obtenir tous les d\u00e9tails et visualiser les partenaires directement depuis la carte.<\/li><li><strong>Navigation plus facile :<\/strong> Nous avons simplifi\u00e9 la mise en page. Votre compte se trouve d\u00e9sormais dans la barre inf\u00e9rieure et les notifications sont facilement accessibles en haut \u00e0 droite.<\/li><\/ul><p>Nous sommes convaincus que ces mises \u00e0 jour rendront votre parcours de r\u00e9utilisation encore plus fluide.<\/p><h3><strong>\ud83d\ude80 Temps de l&rsquo;action<\/strong><\/h3><p>Commen\u00e7ons ensemble ! Vous pouvez t\u00e9l\u00e9charger la nouvelle application ici : <a href=\"https:\/\/play.google.com\/store\/apps\/details?id=com.relevoapp&amp;hl=fr&amp;pli=1\" target=\"_blank\" rel=\"noopener noreferrer\">https:\/\/play.google.com\/store\/apps\/details?id=com.relevoapp&amp;hl=fr&amp;pli=1<\/a><\/p>\t\t\t\t\t\t\t\t<\/div>\n\t\t\t\t<\/div>\n\t\t\t\t\t<\/div>\n\t\t<\/div>\n\t\t\t\t\t<\/div>\n\t\t<\/section>\n\t\t\t\t<section class=\"elementor-section elementor-top-section elementor-element elementor-element-7b90f9a elementor-section-boxed elementor-section-height-default elementor-section-height-default\" data-id=\"7b90f9a\" data-element_type=\"section\" data-e-type=\"section\">\n\t\t\t\t\t\t<div class=\"elementor-container elementor-column-gap-default\">\n\t\t\t\t\t<div class=\"elementor-column elementor-col-100 elementor-top-column elementor-element elementor-element-e4d4f0f\" data-id=\"e4d4f0f\" data-element_type=\"column\" data-e-type=\"column\">\n\t\t\t<div class=\"elementor-widget-wrap\">\n\t\t\t\t\t\t\t<\/div>\n\t\t<\/div>\n\t\t\t\t\t<\/div>\n\t\t<\/section>\n\t\t\t\t<\/div>\n\t\t","protected":false},"excerpt":{"rendered":"<p>Bonne nouvelle pour les utilisateurs d&rsquo;Android ! Suite au lancement r\u00e9ussi sur iOS, nous sommes ravis d&rsquo;annoncer le lancement de notre application Android enti\u00e8rement repens\u00e9e ! Nous avons reconstruit l&rsquo;application \u00e0 partir de z\u00e9ro pour rendre la r\u00e9utilisation encore plus facile et plus intuitive que jamais. Voici un aper\u00e7u des nouveaut\u00e9s : Un nouveau design [&hellip;]<\/p>\n","protected":false},"author":53,"featured_media":0,"parent":0,"menu_order":0,"comment_status":"closed","ping_status":"closed","template":"elementor_canvas","meta":{"content-type":"","om_disable_all_campaigns":false,"footnotes":""},"class_list":["post-100017","page","type-page","status-publish","hentry"],"yoast_head":"<!-- This site is optimized with the Yoast SEO plugin v27.4 - https:\/\/yoast.com\/product\/yoast-seo-wordpress\/ -->\n<title>App_News_Android_Release4 - Relevo<\/title>\n<meta name=\"robots\" content=\"noindex, follow\" \/>\n<meta property=\"og:locale\" content=\"fr_FR\" \/>\n<meta property=\"og:type\" content=\"article\" \/>\n<meta property=\"og:title\" content=\"App_News_Android_Release4 - Relevo\" \/>\n<meta property=\"og:description\" content=\"Bonne nouvelle pour les utilisateurs d&rsquo;Android ! Suite au lancement r\u00e9ussi sur iOS, nous sommes ravis d&rsquo;annoncer le lancement de notre application Android enti\u00e8rement repens\u00e9e ! Nous avons reconstruit l&rsquo;application \u00e0 partir de z\u00e9ro pour rendre la r\u00e9utilisation encore plus facile et plus intuitive que jamais. Voici un aper\u00e7u des nouveaut\u00e9s : Un nouveau design [&hellip;]\" \/>\n<meta property=\"og:url\" content=\"https:\/\/relevo.app\/fr\/app-news-android-release4\/\" \/>\n<meta property=\"og:site_name\" content=\"Relevo\" \/>\n<meta property=\"article:modified_time\" content=\"2025-11-28T12:55:33+00:00\" \/>\n<meta property=\"og:image\" content=\"https:\/\/relevo.app\/wp-content\/uploads\/2025\/11\/Main-FR.jpg\" \/>\n\t<meta property=\"og:image:width\" content=\"2560\" \/>\n\t<meta property=\"og:image:height\" content=\"1065\" \/>\n\t<meta property=\"og:image:type\" content=\"image\/jpeg\" \/>\n<meta name=\"twitter:card\" content=\"summary_large_image\" \/>\n<meta name=\"twitter:label1\" content=\"Dur\u00e9e de lecture estim\u00e9e\" \/>\n\t<meta name=\"twitter:data1\" content=\"2 minutes\" \/>\n<script type=\"application\/ld+json\" class=\"yoast-schema-graph\">{\"@context\":\"https:\\\/\\\/schema.org\",\"@graph\":[{\"@type\":\"WebPage\",\"@id\":\"https:\\\/\\\/relevo.app\\\/fr\\\/app-news-android-release4\\\/\",\"url\":\"https:\\\/\\\/relevo.app\\\/fr\\\/app-news-android-release4\\\/\",\"name\":\"App_News_Android_Release4 - Relevo\",\"isPartOf\":{\"@id\":\"https:\\\/\\\/relevo.app\\\/fr\\\/#website\"},\"primaryImageOfPage\":{\"@id\":\"https:\\\/\\\/relevo.app\\\/fr\\\/app-news-android-release4\\\/#primaryimage\"},\"image\":{\"@id\":\"https:\\\/\\\/relevo.app\\\/fr\\\/app-news-android-release4\\\/#primaryimage\"},\"thumbnailUrl\":\"https:\\\/\\\/relevo.app\\\/wp-content\\\/uploads\\\/2025\\\/11\\\/Main-FR-768x320.jpg\",\"datePublished\":\"2025-11-28T12:25:43+00:00\",\"dateModified\":\"2025-11-28T12:55:33+00:00\",\"breadcrumb\":{\"@id\":\"https:\\\/\\\/relevo.app\\\/fr\\\/app-news-android-release4\\\/#breadcrumb\"},\"inLanguage\":\"fr-FR\",\"potentialAction\":[{\"@type\":\"ReadAction\",\"target\":[\"https:\\\/\\\/relevo.app\\\/fr\\\/app-news-android-release4\\\/\"]}]},{\"@type\":\"ImageObject\",\"inLanguage\":\"fr-FR\",\"@id\":\"https:\\\/\\\/relevo.app\\\/fr\\\/app-news-android-release4\\\/#primaryimage\",\"url\":\"https:\\\/\\\/relevo.app\\\/wp-content\\\/uploads\\\/2025\\\/11\\\/Main-FR-768x320.jpg\",\"contentUrl\":\"https:\\\/\\\/relevo.app\\\/wp-content\\\/uploads\\\/2025\\\/11\\\/Main-FR-768x320.jpg\"},{\"@type\":\"BreadcrumbList\",\"@id\":\"https:\\\/\\\/relevo.app\\\/fr\\\/app-news-android-release4\\\/#breadcrumb\",\"itemListElement\":[{\"@type\":\"ListItem\",\"position\":1,\"name\":\"Home\",\"item\":\"https:\\\/\\\/relevo.app\\\/fr\\\/\"},{\"@type\":\"ListItem\",\"position\":2,\"name\":\"App_News_Android_Release4\"}]},{\"@type\":\"WebSite\",\"@id\":\"https:\\\/\\\/relevo.app\\\/fr\\\/#website\",\"url\":\"https:\\\/\\\/relevo.app\\\/fr\\\/\",\"name\":\"Relevo\",\"description\":\"\",\"potentialAction\":[{\"@type\":\"SearchAction\",\"target\":{\"@type\":\"EntryPoint\",\"urlTemplate\":\"https:\\\/\\\/relevo.app\\\/fr\\\/?s={search_term_string}\"},\"query-input\":{\"@type\":\"PropertyValueSpecification\",\"valueRequired\":true,\"valueName\":\"search_term_string\"}}],\"inLanguage\":\"fr-FR\"}]}<\/script>\n<!-- \/ Yoast SEO plugin. -->","yoast_head_json":{"title":"App_News_Android_Release4 - Relevo","robots":{"index":"noindex","follow":"follow"},"og_locale":"fr_FR","og_type":"article","og_title":"App_News_Android_Release4 - Relevo","og_description":"Bonne nouvelle pour les utilisateurs d&rsquo;Android ! Suite au lancement r\u00e9ussi sur iOS, nous sommes ravis d&rsquo;annoncer le lancement de notre application Android enti\u00e8rement repens\u00e9e ! Nous avons reconstruit l&rsquo;application \u00e0 partir de z\u00e9ro pour rendre la r\u00e9utilisation encore plus facile et plus intuitive que jamais. Voici un aper\u00e7u des nouveaut\u00e9s : Un nouveau design [&hellip;]","og_url":"https:\/\/relevo.app\/fr\/app-news-android-release4\/","og_site_name":"Relevo","article_modified_time":"2025-11-28T12:55:33+00:00","og_image":[{"width":2560,"height":1065,"url":"https:\/\/relevo.app\/wp-content\/uploads\/2025\/11\/Main-FR.jpg","type":"image\/jpeg"}],"twitter_card":"summary_large_image","twitter_misc":{"Dur\u00e9e de lecture estim\u00e9e":"2 minutes"},"schema":{"@context":"https:\/\/schema.org","@graph":[{"@type":"WebPage","@id":"https:\/\/relevo.app\/fr\/app-news-android-release4\/","url":"https:\/\/relevo.app\/fr\/app-news-android-release4\/","name":"App_News_Android_Release4 - Relevo","isPartOf":{"@id":"https:\/\/relevo.app\/fr\/#website"},"primaryImageOfPage":{"@id":"https:\/\/relevo.app\/fr\/app-news-android-release4\/#primaryimage"},"image":{"@id":"https:\/\/relevo.app\/fr\/app-news-android-release4\/#primaryimage"},"thumbnailUrl":"https:\/\/relevo.app\/wp-content\/uploads\/2025\/11\/Main-FR-768x320.jpg","datePublished":"2025-11-28T12:25:43+00:00","dateModified":"2025-11-28T12:55:33+00:00","breadcrumb":{"@id":"https:\/\/relevo.app\/fr\/app-news-android-release4\/#breadcrumb"},"inLanguage":"fr-FR","potentialAction":[{"@type":"ReadAction","target":["https:\/\/relevo.app\/fr\/app-news-android-release4\/"]}]},{"@type":"ImageObject","inLanguage":"fr-FR","@id":"https:\/\/relevo.app\/fr\/app-news-android-release4\/#primaryimage","url":"https:\/\/relevo.app\/wp-content\/uploads\/2025\/11\/Main-FR-768x320.jpg","contentUrl":"https:\/\/relevo.app\/wp-content\/uploads\/2025\/11\/Main-FR-768x320.jpg"},{"@type":"BreadcrumbList","@id":"https:\/\/relevo.app\/fr\/app-news-android-release4\/#breadcrumb","itemListElement":[{"@type":"ListItem","position":1,"name":"Home","item":"https:\/\/relevo.app\/fr\/"},{"@type":"ListItem","position":2,"name":"App_News_Android_Release4"}]},{"@type":"WebSite","@id":"https:\/\/relevo.app\/fr\/#website","url":"https:\/\/relevo.app\/fr\/","name":"Relevo","description":"","potentialAction":[{"@type":"SearchAction","target":{"@type":"EntryPoint","urlTemplate":"https:\/\/relevo.app\/fr\/?s={search_term_string}"},"query-input":{"@type":"PropertyValueSpecification","valueRequired":true,"valueName":"search_term_string"}}],"inLanguage":"fr-FR"}]}},"_links":{"self":[{"href":"https:\/\/relevo.app\/fr\/wp-json\/wp\/v2\/pages\/100017","targetHints":{"allow":["GET"]}}],"collection":[{"href":"https:\/\/relevo.app\/fr\/wp-json\/wp\/v2\/pages"}],"about":[{"href":"https:\/\/relevo.app\/fr\/wp-json\/wp\/v2\/types\/page"}],"author":[{"embeddable":true,"href":"https:\/\/relevo.app\/fr\/wp-json\/wp\/v2\/users\/53"}],"replies":[{"embeddable":true,"href":"https:\/\/relevo.app\/fr\/wp-json\/wp\/v2\/comments?post=100017"}],"version-history":[{"count":5,"href":"https:\/\/relevo.app\/fr\/wp-json\/wp\/v2\/pages\/100017\/revisions"}],"predecessor-version":[{"id":100074,"href":"https:\/\/relevo.app\/fr\/wp-json\/wp\/v2\/pages\/100017\/revisions\/100074"}],"wp:attachment":[{"href":"https:\/\/relevo.app\/fr\/wp-json\/wp\/v2\/media?parent=100017"}],"curies":[{"name":"wp","href":"https:\/\/api.w.org\/{rel}","templated":true}]}}