{"id":99989,"date":"2025-11-28T13:25:43","date_gmt":"2025-11-28T12:25:43","guid":{"rendered":"https:\/\/relevo.app\/?page_id=99989"},"modified":"2025-11-28T13:57:30","modified_gmt":"2025-11-28T12:57:30","slug":"app-news-android-release4","status":"publish","type":"page","link":"https:\/\/relevo.app\/de\/app-news-android-release4\/","title":{"rendered":"App_News_Android_Release4"},"content":{"rendered":"\t\t<div data-elementor-type=\"wp-page\" data-elementor-id=\"99989\" class=\"elementor elementor-99989\" data-elementor-post-type=\"page\">\n\t\t\t\t\t\t<section class=\"elementor-section elementor-top-section elementor-element elementor-element-d3faaab elementor-section-boxed elementor-section-height-default elementor-section-height-default\" data-id=\"d3faaab\" data-element_type=\"section\" data-e-type=\"section\">\n\t\t\t\t\t\t<div class=\"elementor-container elementor-column-gap-default\">\n\t\t\t\t\t<div class=\"elementor-column elementor-col-100 elementor-top-column elementor-element elementor-element-f87883f\" data-id=\"f87883f\" data-element_type=\"column\" data-e-type=\"column\">\n\t\t\t<div class=\"elementor-widget-wrap elementor-element-populated\">\n\t\t\t\t\t\t<div class=\"elementor-element elementor-element-8d66f34 elementor-widget elementor-widget-image\" data-id=\"8d66f34\" data-element_type=\"widget\" data-e-type=\"widget\" data-widget_type=\"image.default\">\n\t\t\t\t<div class=\"elementor-widget-container\">\n\t\t\t\t\t\t\t\t\t\t\t\t\t\t\t<img fetchpriority=\"high\" decoding=\"async\" width=\"768\" height=\"320\" src=\"https:\/\/relevo.app\/wp-content\/uploads\/2025\/11\/Main-DE-768x320.jpg\" class=\"attachment-medium_large size-medium_large wp-image-100005\" alt=\"\" srcset=\"https:\/\/relevo.app\/wp-content\/uploads\/2025\/11\/Main-DE-768x320.jpg 768w, https:\/\/relevo.app\/wp-content\/uploads\/2025\/11\/Main-DE-300x125.jpg 300w, https:\/\/relevo.app\/wp-content\/uploads\/2025\/11\/Main-DE-1024x426.jpg 1024w, https:\/\/relevo.app\/wp-content\/uploads\/2025\/11\/Main-DE-1536x639.jpg 1536w, https:\/\/relevo.app\/wp-content\/uploads\/2025\/11\/Main-DE-2048x852.jpg 2048w\" sizes=\"(max-width: 768px) 100vw, 768px\" \/>\t\t\t\t\t\t\t\t\t\t\t\t\t\t\t<\/div>\n\t\t\t\t<\/div>\n\t\t\t\t<div class=\"elementor-element elementor-element-0265353 elementor-widget elementor-widget-text-editor\" data-id=\"0265353\" data-element_type=\"widget\" data-e-type=\"widget\" data-widget_type=\"text-editor.default\">\n\t\t\t\t<div class=\"elementor-widget-container\">\n\t\t\t\t\t\t\t\t\t<p><strong>Gute Neuigkeiten f\u00fcr Android-Nutzer!<\/strong> Nach dem erfolgreichen Launch auf iOS freuen wir uns, euch den Start <strong>unserer komplett neu gestalteten Android-App<\/strong> ank\u00fcndigen zu d\u00fcrfen! Wir haben die App von Grund auf neu entwickelt, um Mehrweg noch einfacher, intuitiver und vor allem Barrierefrei zu machen.<\/p><p><img decoding=\"async\" class=\"aligncenter wp-image-99998 size-large\" src=\"https:\/\/relevo.app\/wp-content\/uploads\/2025\/11\/Image-DE-1024x572.jpg\" alt=\"\" width=\"800\" height=\"447\" srcset=\"https:\/\/relevo.app\/wp-content\/uploads\/2025\/11\/Image-DE-1024x572.jpg 1024w, https:\/\/relevo.app\/wp-content\/uploads\/2025\/11\/Image-DE-300x168.jpg 300w, https:\/\/relevo.app\/wp-content\/uploads\/2025\/11\/Image-DE-768x429.jpg 768w, https:\/\/relevo.app\/wp-content\/uploads\/2025\/11\/Image-DE-1536x859.jpg 1536w, https:\/\/relevo.app\/wp-content\/uploads\/2025\/11\/Image-DE-2048x1145.jpg 2048w\" sizes=\"(max-width: 800px) 100vw, 800px\" \/><\/p><p>Das ist neu:<\/p><ul><li><strong>Ein schlankes, neues Design:<\/strong> Die App ist jetzt \u00fcbersichtlicher, schneller und reaktionsfreudiger.<\/li><li><strong>F\u00fcr alle entworfen:<\/strong> Wir haben unsere App zug\u00e4nglicher und inklusiver gestaltet, um allen Nutzern ein sch\u00f6nes Mehrweg-Erlebnis zu erm\u00f6glichen.<\/li><li><strong>Intuitives Wiederverwenden:<\/strong> Wir haben die Verwaltung deiner Mehrweg-Artikel vereinfacht. Eine neue Fortschrittsanzeige und Etiketten zeigen dir genau, wie viel Zeit noch bleibt \u2013 Deutliche <strong>\u201eLetzte Chance\u201c<\/strong>-Labels zeigen dir, wo du schnell sein musst.<\/li><li><strong>Smartere Partnersuche:<\/strong> Finde genau das, was du suchst, indem du Partner nach Artikeltyp, Lieferoptionen oder K\u00fcche filterst. Du kannst au\u00dferdem direkt von der Karte aus alle Details einsehen.<\/li><li><strong>Einfachere Navigation:<\/strong> Wir haben das Layout vereinfacht. Dein Konto befindet sich jetzt in der unteren Leiste und Benachrichtigungen sind bequem oben rechts.<\/li><\/ul><p>Wir sind \u00fcberzeugt, dass diese Updates deinen Weg zu mehr Nachhaltigkeit noch reibungsloser gestalten werden.<\/p><h3>\ud83d\ude80 <strong>Zeit f\u00fcr Action<\/strong><\/h3><p>Lasst uns gemeinsam starten! Die neue App k\u00f6nnt ihr hier herunterladen: <a href=\"https:\/\/play.google.com\/store\/apps\/details?id=com.relevoapp&amp;hl=de&amp;pli=1\" target=\"_blank\" rel=\"noopener noreferrer\">https:\/\/play.google.com\/store\/apps\/details?id=com.relevoapp&amp;hl=de&amp;pli=1<\/a><\/p>\t\t\t\t\t\t\t\t<\/div>\n\t\t\t\t<\/div>\n\t\t\t\t\t<\/div>\n\t\t<\/div>\n\t\t\t\t\t<\/div>\n\t\t<\/section>\n\t\t\t\t<section class=\"elementor-section elementor-top-section elementor-element elementor-element-7b90f9a elementor-section-boxed elementor-section-height-default elementor-section-height-default\" data-id=\"7b90f9a\" data-element_type=\"section\" data-e-type=\"section\">\n\t\t\t\t\t\t<div class=\"elementor-container elementor-column-gap-default\">\n\t\t\t\t\t<div class=\"elementor-column elementor-col-100 elementor-top-column elementor-element elementor-element-e4d4f0f\" data-id=\"e4d4f0f\" data-element_type=\"column\" data-e-type=\"column\">\n\t\t\t<div class=\"elementor-widget-wrap\">\n\t\t\t\t\t\t\t<\/div>\n\t\t<\/div>\n\t\t\t\t\t<\/div>\n\t\t<\/section>\n\t\t\t\t<\/div>\n\t\t","protected":false},"excerpt":{"rendered":"<p>Gute Neuigkeiten f\u00fcr Android-Nutzer! Nach dem erfolgreichen Launch auf iOS freuen wir uns, euch den Start unserer komplett neu gestalteten Android-App ank\u00fcndigen zu d\u00fcrfen! Wir haben die App von Grund auf neu entwickelt, um Mehrweg noch einfacher, intuitiver und vor allem Barrierefrei zu machen. Das ist neu: Ein schlankes, neues Design: Die App ist jetzt [&hellip;]<\/p>\n","protected":false},"author":53,"featured_media":0,"parent":0,"menu_order":0,"comment_status":"closed","ping_status":"closed","template":"elementor_canvas","meta":{"content-type":"","om_disable_all_campaigns":false,"footnotes":""},"class_list":["post-99989","page","type-page","status-publish","hentry"],"yoast_head":"<!-- This site is optimized with the Yoast SEO plugin v27.4 - https:\/\/yoast.com\/product\/yoast-seo-wordpress\/ -->\n<title>App_News_Android_Release4 - Relevo<\/title>\n<meta name=\"robots\" content=\"noindex, follow\" \/>\n<meta property=\"og:locale\" content=\"de_DE\" \/>\n<meta property=\"og:type\" content=\"article\" \/>\n<meta property=\"og:title\" content=\"App_News_Android_Release4 - Relevo\" \/>\n<meta property=\"og:description\" content=\"Gute Neuigkeiten f\u00fcr Android-Nutzer! Nach dem erfolgreichen Launch auf iOS freuen wir uns, euch den Start unserer komplett neu gestalteten Android-App ank\u00fcndigen zu d\u00fcrfen! Wir haben die App von Grund auf neu entwickelt, um Mehrweg noch einfacher, intuitiver und vor allem Barrierefrei zu machen. Das ist neu: Ein schlankes, neues Design: Die App ist jetzt [&hellip;]\" \/>\n<meta property=\"og:url\" content=\"https:\/\/relevo.app\/de\/app-news-android-release4\/\" \/>\n<meta property=\"og:site_name\" content=\"Relevo\" \/>\n<meta property=\"article:modified_time\" content=\"2025-11-28T12:57:30+00:00\" \/>\n<meta property=\"og:image\" content=\"https:\/\/relevo.app\/wp-content\/uploads\/2025\/11\/Main-DE-768x320.jpg\" \/>\n<meta name=\"twitter:card\" content=\"summary_large_image\" \/>\n<meta name=\"twitter:label1\" content=\"Gesch\u00e4tzte Lesezeit\" \/>\n\t<meta name=\"twitter:data1\" content=\"2\u00a0Minuten\" \/>\n<script type=\"application\/ld+json\" class=\"yoast-schema-graph\">{\"@context\":\"https:\\\/\\\/schema.org\",\"@graph\":[{\"@type\":\"WebPage\",\"@id\":\"https:\\\/\\\/relevo.app\\\/de\\\/app-news-android-release4\\\/\",\"url\":\"https:\\\/\\\/relevo.app\\\/de\\\/app-news-android-release4\\\/\",\"name\":\"App_News_Android_Release4 - Relevo\",\"isPartOf\":{\"@id\":\"https:\\\/\\\/relevo.app\\\/de\\\/#website\"},\"primaryImageOfPage\":{\"@id\":\"https:\\\/\\\/relevo.app\\\/de\\\/app-news-android-release4\\\/#primaryimage\"},\"image\":{\"@id\":\"https:\\\/\\\/relevo.app\\\/de\\\/app-news-android-release4\\\/#primaryimage\"},\"thumbnailUrl\":\"https:\\\/\\\/relevo.app\\\/wp-content\\\/uploads\\\/2025\\\/11\\\/Main-DE-768x320.jpg\",\"datePublished\":\"2025-11-28T12:25:43+00:00\",\"dateModified\":\"2025-11-28T12:57:30+00:00\",\"breadcrumb\":{\"@id\":\"https:\\\/\\\/relevo.app\\\/de\\\/app-news-android-release4\\\/#breadcrumb\"},\"inLanguage\":\"de\",\"potentialAction\":[{\"@type\":\"ReadAction\",\"target\":[\"https:\\\/\\\/relevo.app\\\/de\\\/app-news-android-release4\\\/\"]}]},{\"@type\":\"ImageObject\",\"inLanguage\":\"de\",\"@id\":\"https:\\\/\\\/relevo.app\\\/de\\\/app-news-android-release4\\\/#primaryimage\",\"url\":\"https:\\\/\\\/relevo.app\\\/wp-content\\\/uploads\\\/2025\\\/11\\\/Main-DE-768x320.jpg\",\"contentUrl\":\"https:\\\/\\\/relevo.app\\\/wp-content\\\/uploads\\\/2025\\\/11\\\/Main-DE-768x320.jpg\"},{\"@type\":\"BreadcrumbList\",\"@id\":\"https:\\\/\\\/relevo.app\\\/de\\\/app-news-android-release4\\\/#breadcrumb\",\"itemListElement\":[{\"@type\":\"ListItem\",\"position\":1,\"name\":\"Home\",\"item\":\"https:\\\/\\\/relevo.app\\\/de\\\/\"},{\"@type\":\"ListItem\",\"position\":2,\"name\":\"App_News_Android_Release4\"}]},{\"@type\":\"WebSite\",\"@id\":\"https:\\\/\\\/relevo.app\\\/de\\\/#website\",\"url\":\"https:\\\/\\\/relevo.app\\\/de\\\/\",\"name\":\"Relevo\",\"description\":\"\",\"potentialAction\":[{\"@type\":\"SearchAction\",\"target\":{\"@type\":\"EntryPoint\",\"urlTemplate\":\"https:\\\/\\\/relevo.app\\\/de\\\/?s={search_term_string}\"},\"query-input\":{\"@type\":\"PropertyValueSpecification\",\"valueRequired\":true,\"valueName\":\"search_term_string\"}}],\"inLanguage\":\"de\"}]}<\/script>\n<!-- \/ Yoast SEO plugin. -->","yoast_head_json":{"title":"App_News_Android_Release4 - Relevo","robots":{"index":"noindex","follow":"follow"},"og_locale":"de_DE","og_type":"article","og_title":"App_News_Android_Release4 - Relevo","og_description":"Gute Neuigkeiten f\u00fcr Android-Nutzer! Nach dem erfolgreichen Launch auf iOS freuen wir uns, euch den Start unserer komplett neu gestalteten Android-App ank\u00fcndigen zu d\u00fcrfen! Wir haben die App von Grund auf neu entwickelt, um Mehrweg noch einfacher, intuitiver und vor allem Barrierefrei zu machen. Das ist neu: Ein schlankes, neues Design: Die App ist jetzt [&hellip;]","og_url":"https:\/\/relevo.app\/de\/app-news-android-release4\/","og_site_name":"Relevo","article_modified_time":"2025-11-28T12:57:30+00:00","og_image":[{"url":"https:\/\/relevo.app\/wp-content\/uploads\/2025\/11\/Main-DE-768x320.jpg","type":"","width":"","height":""}],"twitter_card":"summary_large_image","twitter_misc":{"Gesch\u00e4tzte Lesezeit":"2\u00a0Minuten"},"schema":{"@context":"https:\/\/schema.org","@graph":[{"@type":"WebPage","@id":"https:\/\/relevo.app\/de\/app-news-android-release4\/","url":"https:\/\/relevo.app\/de\/app-news-android-release4\/","name":"App_News_Android_Release4 - Relevo","isPartOf":{"@id":"https:\/\/relevo.app\/de\/#website"},"primaryImageOfPage":{"@id":"https:\/\/relevo.app\/de\/app-news-android-release4\/#primaryimage"},"image":{"@id":"https:\/\/relevo.app\/de\/app-news-android-release4\/#primaryimage"},"thumbnailUrl":"https:\/\/relevo.app\/wp-content\/uploads\/2025\/11\/Main-DE-768x320.jpg","datePublished":"2025-11-28T12:25:43+00:00","dateModified":"2025-11-28T12:57:30+00:00","breadcrumb":{"@id":"https:\/\/relevo.app\/de\/app-news-android-release4\/#breadcrumb"},"inLanguage":"de","potentialAction":[{"@type":"ReadAction","target":["https:\/\/relevo.app\/de\/app-news-android-release4\/"]}]},{"@type":"ImageObject","inLanguage":"de","@id":"https:\/\/relevo.app\/de\/app-news-android-release4\/#primaryimage","url":"https:\/\/relevo.app\/wp-content\/uploads\/2025\/11\/Main-DE-768x320.jpg","contentUrl":"https:\/\/relevo.app\/wp-content\/uploads\/2025\/11\/Main-DE-768x320.jpg"},{"@type":"BreadcrumbList","@id":"https:\/\/relevo.app\/de\/app-news-android-release4\/#breadcrumb","itemListElement":[{"@type":"ListItem","position":1,"name":"Home","item":"https:\/\/relevo.app\/de\/"},{"@type":"ListItem","position":2,"name":"App_News_Android_Release4"}]},{"@type":"WebSite","@id":"https:\/\/relevo.app\/de\/#website","url":"https:\/\/relevo.app\/de\/","name":"Relevo","description":"","potentialAction":[{"@type":"SearchAction","target":{"@type":"EntryPoint","urlTemplate":"https:\/\/relevo.app\/de\/?s={search_term_string}"},"query-input":{"@type":"PropertyValueSpecification","valueRequired":true,"valueName":"search_term_string"}}],"inLanguage":"de"}]}},"_links":{"self":[{"href":"https:\/\/relevo.app\/de\/wp-json\/wp\/v2\/pages\/99989","targetHints":{"allow":["GET"]}}],"collection":[{"href":"https:\/\/relevo.app\/de\/wp-json\/wp\/v2\/pages"}],"about":[{"href":"https:\/\/relevo.app\/de\/wp-json\/wp\/v2\/types\/page"}],"author":[{"embeddable":true,"href":"https:\/\/relevo.app\/de\/wp-json\/wp\/v2\/users\/53"}],"replies":[{"embeddable":true,"href":"https:\/\/relevo.app\/de\/wp-json\/wp\/v2\/comments?post=99989"}],"version-history":[{"count":5,"href":"https:\/\/relevo.app\/de\/wp-json\/wp\/v2\/pages\/99989\/revisions"}],"predecessor-version":[{"id":100077,"href":"https:\/\/relevo.app\/de\/wp-json\/wp\/v2\/pages\/99989\/revisions\/100077"}],"wp:attachment":[{"href":"https:\/\/relevo.app\/de\/wp-json\/wp\/v2\/media?parent=99989"}],"curies":[{"name":"wp","href":"https:\/\/api.w.org\/{rel}","templated":true}]}}