{"id":99603,"date":"2025-09-30T16:25:07","date_gmt":"2025-09-30T14:25:07","guid":{"rendered":"https:\/\/relevo.app\/?page_id=99603"},"modified":"2025-09-30T16:49:46","modified_gmt":"2025-09-30T14:49:46","slug":"app_news_release4","status":"publish","type":"page","link":"https:\/\/relevo.app\/de\/app_news_release4\/","title":{"rendered":"App_News_Release4"},"content":{"rendered":"\t\t<div data-elementor-type=\"wp-page\" data-elementor-id=\"99603\" class=\"elementor elementor-99603\" data-elementor-post-type=\"page\">\n\t\t\t\t\t\t<section class=\"elementor-section elementor-top-section elementor-element elementor-element-d3faaab elementor-section-boxed elementor-section-height-default elementor-section-height-default\" data-id=\"d3faaab\" data-element_type=\"section\" data-e-type=\"section\">\n\t\t\t\t\t\t<div class=\"elementor-container elementor-column-gap-default\">\n\t\t\t\t\t<div class=\"elementor-column elementor-col-100 elementor-top-column elementor-element elementor-element-f87883f\" data-id=\"f87883f\" data-element_type=\"column\" data-e-type=\"column\">\n\t\t\t<div class=\"elementor-widget-wrap elementor-element-populated\">\n\t\t\t\t\t\t<div class=\"elementor-element elementor-element-8d66f34 elementor-widget elementor-widget-image\" data-id=\"8d66f34\" data-element_type=\"widget\" data-e-type=\"widget\" data-widget_type=\"image.default\">\n\t\t\t\t<div class=\"elementor-widget-container\">\n\t\t\t\t\t\t\t\t\t\t\t\t\t\t\t<img fetchpriority=\"high\" decoding=\"async\" width=\"692\" height=\"288\" src=\"https:\/\/relevo.app\/wp-content\/uploads\/2025\/09\/Main-DE.png\" class=\"attachment-medium_large size-medium_large wp-image-99637\" alt=\"\" srcset=\"https:\/\/relevo.app\/wp-content\/uploads\/2025\/09\/Main-DE.png 692w, https:\/\/relevo.app\/wp-content\/uploads\/2025\/09\/Main-DE-300x125.png 300w\" sizes=\"(max-width: 692px) 100vw, 692px\" \/>\t\t\t\t\t\t\t\t\t\t\t\t\t\t\t<\/div>\n\t\t\t\t<\/div>\n\t\t\t\t<div class=\"elementor-element elementor-element-0265353 elementor-widget elementor-widget-text-editor\" data-id=\"0265353\" data-element_type=\"widget\" data-e-type=\"widget\" data-widget_type=\"text-editor.default\">\n\t\t\t\t<div class=\"elementor-widget-container\">\n\t\t\t\t\t\t\t\t\t<p style=\"print-color-adjust: exact; overflow-wrap: break-word; margin: 0px; cursor: text; counter-reset: list-1 0 list-2 0 list-3 0 list-4 0 list-5 0 list-6 0 list-7 0 list-8 0 list-9 0; padding: 0px; color: #1a202c; font-family: Helvetica, Arial, sans-serif; font-size: 13px; white-space-collapse: preserve; border: 0px solid #e2e8f0;\">Wir freuen uns, euch den Start unserer komplett <strong style=\"print-color-adjust: exact; overflow-wrap: break-word; font-weight: bold; border: 0px solid #e2e8f0;\">neu gestalteten iOS-App<\/strong> ank\u00fcndigen zu d\u00fcrfen! Wir haben die App von Grund auf neu entwickelt, um Mehrweg noch einfacher, intuitiver und vor allem Barrierefrei zu machen.<\/p>\n<p style=\"print-color-adjust: exact; overflow-wrap: break-word; margin: 0px; cursor: text; counter-reset: list-1 0 list-2 0 list-3 0 list-4 0 list-5 0 list-6 0 list-7 0 list-8 0 list-9 0; padding: 0px; color: #1a202c; font-family: Helvetica, Arial, sans-serif; font-size: 13px; white-space-collapse: preserve; border: 0px solid #e2e8f0;\"><\/p>\n<p style=\"print-color-adjust: exact; overflow-wrap: break-word; margin: 0px; cursor: text; counter-reset: list-1 0 list-2 0 list-3 0 list-4 0 list-5 0 list-6 0 list-7 0 list-8 0 list-9 0; padding: 0px; color: #1a202c; font-family: Helvetica, Arial, sans-serif; font-size: 13px; white-space-collapse: preserve; border: 0px solid #e2e8f0;\"><img decoding=\"async\" style=\"print-color-adjust: exact; border-width: 0px; overflow-wrap: break-word; display: block; border-color: #e2e8f0;\" src=\"https:\/\/production-public-files.s3.eu-west-1.amazonaws.com\/news\/c8a6d5b0-a97b-4aa2-8590-346f1f9fdbce.png\" \/><\/p>\n<p style=\"print-color-adjust: exact; overflow-wrap: break-word; margin: 0px; cursor: text; counter-reset: list-1 0 list-2 0 list-3 0 list-4 0 list-5 0 list-6 0 list-7 0 list-8 0 list-9 0; padding: 0px; color: #1a202c; font-family: Helvetica, Arial, sans-serif; font-size: 13px; white-space-collapse: preserve; border: 0px solid #e2e8f0;\"><\/p>\n<p style=\"print-color-adjust: exact; overflow-wrap: break-word; margin: 0px; cursor: text; counter-reset: list-1 0 list-2 0 list-3 0 list-4 0 list-5 0 list-6 0 list-7 0 list-8 0 list-9 0; padding: 0px; color: #1a202c; font-family: Helvetica, Arial, sans-serif; font-size: 13px; white-space-collapse: preserve; border: 0px solid #e2e8f0;\">Das ist neu:<\/p>\n\n<ul style=\"print-color-adjust: exact; border-style: solid; overflow-wrap: break-word; margin: 0px; padding: 0px 0px 0px 1.5em; border-color: #e2e8f0; cursor: text; counter-reset: list-1 0 list-2 0 list-3 0 list-4 0 list-5 0 list-6 0 list-7 0 list-8 0 list-9 0; color: #1a202c; font-family: Helvetica, Arial, sans-serif; font-size: 13px; white-space-collapse: preserve; background-color: #ffffff;\">\n \t<li style=\"print-color-adjust: exact; border-style: solid; overflow-wrap: break-word; border-color: #e2e8f0; list-style-type: none; padding-left: 1.5em;\"><strong style=\"print-color-adjust: exact; overflow-wrap: break-word; font-weight: bold; border: 0px solid #e2e8f0;\">Ein schlankes, neues Design:<\/strong> Die App ist jetzt \u00fcbersichtlicher, schneller und reaktionsfreudiger. Mit einem flie\u00dfendem Design und transparenten Elementen f\u00fchlt sich die App lebendig an.<\/li>\n \t<li style=\"print-color-adjust: exact; border-style: solid; overflow-wrap: break-word; border-color: #e2e8f0; list-style-type: none; padding-left: 1.5em;\"><strong style=\"print-color-adjust: exact; overflow-wrap: break-word; font-weight: bold; border: 0px solid #e2e8f0;\">F\u00fcr alle entworfen:<\/strong> Wir haben unsere App zug\u00e4nglicher und inklusiver gestaltet, um allen Nutzern ein sch\u00f6nes Mehrweg-Erlebnis zu erm\u00f6glichen.<\/li>\n \t<li style=\"print-color-adjust: exact; border-style: solid; overflow-wrap: break-word; border-color: #e2e8f0; list-style-type: none; padding-left: 1.5em;\"><strong style=\"print-color-adjust: exact; overflow-wrap: break-word; font-weight: bold; border: 0px solid #e2e8f0;\">Intuitives Wiederverwenden:<\/strong> Wir haben die Verwaltung deiner Mehrweg-Artikel vereinfacht. Eine neue Fortschrittsanzeige und Etiketten zeigen dir genau, wie viel Zeit noch bleibt \u2013 Deutliche &#8222;Letzte Chance&#8220;-Labels zeigen dir, wo du schnell sein musst.<\/li>\n \t<li style=\"print-color-adjust: exact; border-style: solid; overflow-wrap: break-word; border-color: #e2e8f0; list-style-type: none; padding-left: 1.5em;\"><strong style=\"print-color-adjust: exact; overflow-wrap: break-word; font-weight: bold; border: 0px solid #e2e8f0;\">Smartere Partnersuche:<\/strong> Finde genau das, was du suchst, indem du Partner nach Artikeltyp, Lieferoptionen oder K\u00fcche filterst. Du kannst au\u00dferdem direkt von der Karte aus alle Details einsehen.<\/li>\n \t<li style=\"print-color-adjust: exact; border-style: solid; overflow-wrap: break-word; border-color: #e2e8f0; list-style-type: none; padding-left: 1.5em;\"><strong style=\"print-color-adjust: exact; overflow-wrap: break-word; font-weight: bold; border: 0px solid #e2e8f0;\">Einfachere Navigation:<\/strong> Wir haben das Layout vereinfacht. Dein Konto befindet sich jetzt in der unteren Leiste und Benachrichtigungen sind bequem oben rechts.<\/li>\n<\/ul>\n<p style=\"print-color-adjust: exact; overflow-wrap: break-word; margin: 0px; cursor: text; counter-reset: list-1 0 list-2 0 list-3 0 list-4 0 list-5 0 list-6 0 list-7 0 list-8 0 list-9 0; padding: 0px; color: #1a202c; font-family: Helvetica, Arial, sans-serif; font-size: 13px; white-space-collapse: preserve; border: 0px solid #e2e8f0;\"><\/p>\n<p style=\"print-color-adjust: exact; overflow-wrap: break-word; margin: 0px; cursor: text; counter-reset: list-1 0 list-2 0 list-3 0 list-4 0 list-5 0 list-6 0 list-7 0 list-8 0 list-9 0; padding: 0px; color: #1a202c; font-family: Helvetica, Arial, sans-serif; font-size: 13px; white-space-collapse: preserve; border: 0px solid #e2e8f0;\">Wir sind \u00fcberzeugt, dass diese Updates deinen Weg zu mehr Nachhaltigkeit noch reibungsloser gestalten werden.<\/p>\n<p style=\"print-color-adjust: exact; overflow-wrap: break-word; margin: 0px; cursor: text; counter-reset: list-1 0 list-2 0 list-3 0 list-4 0 list-5 0 list-6 0 list-7 0 list-8 0 list-9 0; padding: 0px; color: #1a202c; font-family: Helvetica, Arial, sans-serif; font-size: 13px; white-space-collapse: preserve; border: 0px solid #e2e8f0;\"><\/p>\n\n<h3 style=\"print-color-adjust: exact; overflow-wrap: break-word; margin: 0px; font-size: 1.17em; font-weight: inherit; cursor: text; counter-reset: list-1 0 list-2 0 list-3 0 list-4 0 list-5 0 list-6 0 list-7 0 list-8 0 list-9 0; padding: 0px; color: #1a202c; font-family: Helvetica, Arial, sans-serif; white-space-collapse: preserve; border: 0px solid #e2e8f0;\"><strong style=\"print-color-adjust: exact; overflow-wrap: break-word; font-weight: bold; border: 0px solid #e2e8f0;\">Gute Nachrichten f\u00fcr Android-Nutzer<\/strong><\/h3>\n<p style=\"print-color-adjust: exact; overflow-wrap: break-word; margin: 0px; cursor: text; counter-reset: list-1 0 list-2 0 list-3 0 list-4 0 list-5 0 list-6 0 list-7 0 list-8 0 list-9 0; padding: 0px; color: #1a202c; font-family: Helvetica, Arial, sans-serif; font-size: 13px; white-space-collapse: preserve; border: 0px solid #e2e8f0;\">Die neue Android-App ist f\u00fcr November geplant. Wir werden euch nat\u00fcrlich auf dem Laufenden halten!<\/p>\t\t\t\t\t\t\t\t<\/div>\n\t\t\t\t<\/div>\n\t\t\t\t\t<\/div>\n\t\t<\/div>\n\t\t\t\t\t<\/div>\n\t\t<\/section>\n\t\t\t\t<section class=\"elementor-section elementor-top-section elementor-element elementor-element-7b90f9a elementor-section-boxed elementor-section-height-default elementor-section-height-default\" data-id=\"7b90f9a\" data-element_type=\"section\" data-e-type=\"section\">\n\t\t\t\t\t\t<div class=\"elementor-container elementor-column-gap-default\">\n\t\t\t\t\t<div class=\"elementor-column elementor-col-100 elementor-top-column elementor-element elementor-element-e4d4f0f\" data-id=\"e4d4f0f\" data-element_type=\"column\" data-e-type=\"column\">\n\t\t\t<div class=\"elementor-widget-wrap\">\n\t\t\t\t\t\t\t<\/div>\n\t\t<\/div>\n\t\t\t\t\t<\/div>\n\t\t<\/section>\n\t\t\t\t<\/div>\n\t\t","protected":false},"excerpt":{"rendered":"<p>Wir freuen uns, euch den Start unserer komplett neu gestalteten iOS-App ank\u00fcndigen zu d\u00fcrfen! Wir haben die App von Grund auf neu entwickelt, um Mehrweg noch einfacher, intuitiver und vor allem Barrierefrei zu machen. Das ist neu: Ein schlankes, neues Design: Die App ist jetzt \u00fcbersichtlicher, schneller und reaktionsfreudiger. Mit einem flie\u00dfendem Design und transparenten [&hellip;]<\/p>\n","protected":false},"author":53,"featured_media":0,"parent":0,"menu_order":0,"comment_status":"closed","ping_status":"closed","template":"elementor_canvas","meta":{"content-type":"","om_disable_all_campaigns":false,"footnotes":""},"class_list":["post-99603","page","type-page","status-publish","hentry"],"yoast_head":"<!-- This site is optimized with the Yoast SEO plugin v27.4 - https:\/\/yoast.com\/product\/yoast-seo-wordpress\/ -->\n<title>App_News_Release4 - Relevo<\/title>\n<meta name=\"robots\" content=\"noindex, follow\" \/>\n<meta property=\"og:locale\" content=\"de_DE\" \/>\n<meta property=\"og:type\" content=\"article\" \/>\n<meta property=\"og:title\" content=\"App_News_Release4 - Relevo\" \/>\n<meta property=\"og:description\" content=\"Wir freuen uns, euch den Start unserer komplett neu gestalteten iOS-App ank\u00fcndigen zu d\u00fcrfen! Wir haben die App von Grund auf neu entwickelt, um Mehrweg noch einfacher, intuitiver und vor allem Barrierefrei zu machen. Das ist neu: Ein schlankes, neues Design: Die App ist jetzt \u00fcbersichtlicher, schneller und reaktionsfreudiger. Mit einem flie\u00dfendem Design und transparenten [&hellip;]\" \/>\n<meta property=\"og:url\" content=\"https:\/\/relevo.app\/de\/app_news_release4\/\" \/>\n<meta property=\"og:site_name\" content=\"Relevo\" \/>\n<meta property=\"article:modified_time\" content=\"2025-09-30T14:49:46+00:00\" \/>\n<meta property=\"og:image\" content=\"https:\/\/relevo.app\/wp-content\/uploads\/2025\/09\/Main-DE.png\" \/>\n<meta name=\"twitter:card\" content=\"summary_large_image\" \/>\n<meta name=\"twitter:label1\" content=\"Gesch\u00e4tzte Lesezeit\" \/>\n\t<meta name=\"twitter:data1\" content=\"2\u00a0Minuten\" \/>\n<script type=\"application\/ld+json\" class=\"yoast-schema-graph\">{\"@context\":\"https:\\\/\\\/schema.org\",\"@graph\":[{\"@type\":\"WebPage\",\"@id\":\"https:\\\/\\\/relevo.app\\\/de\\\/app_news_release4\\\/\",\"url\":\"https:\\\/\\\/relevo.app\\\/de\\\/app_news_release4\\\/\",\"name\":\"App_News_Release4 - Relevo\",\"isPartOf\":{\"@id\":\"https:\\\/\\\/relevo.app\\\/de\\\/#website\"},\"primaryImageOfPage\":{\"@id\":\"https:\\\/\\\/relevo.app\\\/de\\\/app_news_release4\\\/#primaryimage\"},\"image\":{\"@id\":\"https:\\\/\\\/relevo.app\\\/de\\\/app_news_release4\\\/#primaryimage\"},\"thumbnailUrl\":\"https:\\\/\\\/relevo.app\\\/wp-content\\\/uploads\\\/2025\\\/09\\\/Main-DE.png\",\"datePublished\":\"2025-09-30T14:25:07+00:00\",\"dateModified\":\"2025-09-30T14:49:46+00:00\",\"breadcrumb\":{\"@id\":\"https:\\\/\\\/relevo.app\\\/de\\\/app_news_release4\\\/#breadcrumb\"},\"inLanguage\":\"de\",\"potentialAction\":[{\"@type\":\"ReadAction\",\"target\":[\"https:\\\/\\\/relevo.app\\\/de\\\/app_news_release4\\\/\"]}]},{\"@type\":\"ImageObject\",\"inLanguage\":\"de\",\"@id\":\"https:\\\/\\\/relevo.app\\\/de\\\/app_news_release4\\\/#primaryimage\",\"url\":\"https:\\\/\\\/relevo.app\\\/wp-content\\\/uploads\\\/2025\\\/09\\\/Main-DE.png\",\"contentUrl\":\"https:\\\/\\\/relevo.app\\\/wp-content\\\/uploads\\\/2025\\\/09\\\/Main-DE.png\"},{\"@type\":\"BreadcrumbList\",\"@id\":\"https:\\\/\\\/relevo.app\\\/de\\\/app_news_release4\\\/#breadcrumb\",\"itemListElement\":[{\"@type\":\"ListItem\",\"position\":1,\"name\":\"Home\",\"item\":\"https:\\\/\\\/relevo.app\\\/de\\\/\"},{\"@type\":\"ListItem\",\"position\":2,\"name\":\"App_News_Release4\"}]},{\"@type\":\"WebSite\",\"@id\":\"https:\\\/\\\/relevo.app\\\/de\\\/#website\",\"url\":\"https:\\\/\\\/relevo.app\\\/de\\\/\",\"name\":\"Relevo\",\"description\":\"\",\"potentialAction\":[{\"@type\":\"SearchAction\",\"target\":{\"@type\":\"EntryPoint\",\"urlTemplate\":\"https:\\\/\\\/relevo.app\\\/de\\\/?s={search_term_string}\"},\"query-input\":{\"@type\":\"PropertyValueSpecification\",\"valueRequired\":true,\"valueName\":\"search_term_string\"}}],\"inLanguage\":\"de\"}]}<\/script>\n<!-- \/ Yoast SEO plugin. -->","yoast_head_json":{"title":"App_News_Release4 - Relevo","robots":{"index":"noindex","follow":"follow"},"og_locale":"de_DE","og_type":"article","og_title":"App_News_Release4 - Relevo","og_description":"Wir freuen uns, euch den Start unserer komplett neu gestalteten iOS-App ank\u00fcndigen zu d\u00fcrfen! Wir haben die App von Grund auf neu entwickelt, um Mehrweg noch einfacher, intuitiver und vor allem Barrierefrei zu machen. Das ist neu: Ein schlankes, neues Design: Die App ist jetzt \u00fcbersichtlicher, schneller und reaktionsfreudiger. Mit einem flie\u00dfendem Design und transparenten [&hellip;]","og_url":"https:\/\/relevo.app\/de\/app_news_release4\/","og_site_name":"Relevo","article_modified_time":"2025-09-30T14:49:46+00:00","og_image":[{"url":"https:\/\/relevo.app\/wp-content\/uploads\/2025\/09\/Main-DE.png","type":"","width":"","height":""}],"twitter_card":"summary_large_image","twitter_misc":{"Gesch\u00e4tzte Lesezeit":"2\u00a0Minuten"},"schema":{"@context":"https:\/\/schema.org","@graph":[{"@type":"WebPage","@id":"https:\/\/relevo.app\/de\/app_news_release4\/","url":"https:\/\/relevo.app\/de\/app_news_release4\/","name":"App_News_Release4 - Relevo","isPartOf":{"@id":"https:\/\/relevo.app\/de\/#website"},"primaryImageOfPage":{"@id":"https:\/\/relevo.app\/de\/app_news_release4\/#primaryimage"},"image":{"@id":"https:\/\/relevo.app\/de\/app_news_release4\/#primaryimage"},"thumbnailUrl":"https:\/\/relevo.app\/wp-content\/uploads\/2025\/09\/Main-DE.png","datePublished":"2025-09-30T14:25:07+00:00","dateModified":"2025-09-30T14:49:46+00:00","breadcrumb":{"@id":"https:\/\/relevo.app\/de\/app_news_release4\/#breadcrumb"},"inLanguage":"de","potentialAction":[{"@type":"ReadAction","target":["https:\/\/relevo.app\/de\/app_news_release4\/"]}]},{"@type":"ImageObject","inLanguage":"de","@id":"https:\/\/relevo.app\/de\/app_news_release4\/#primaryimage","url":"https:\/\/relevo.app\/wp-content\/uploads\/2025\/09\/Main-DE.png","contentUrl":"https:\/\/relevo.app\/wp-content\/uploads\/2025\/09\/Main-DE.png"},{"@type":"BreadcrumbList","@id":"https:\/\/relevo.app\/de\/app_news_release4\/#breadcrumb","itemListElement":[{"@type":"ListItem","position":1,"name":"Home","item":"https:\/\/relevo.app\/de\/"},{"@type":"ListItem","position":2,"name":"App_News_Release4"}]},{"@type":"WebSite","@id":"https:\/\/relevo.app\/de\/#website","url":"https:\/\/relevo.app\/de\/","name":"Relevo","description":"","potentialAction":[{"@type":"SearchAction","target":{"@type":"EntryPoint","urlTemplate":"https:\/\/relevo.app\/de\/?s={search_term_string}"},"query-input":{"@type":"PropertyValueSpecification","valueRequired":true,"valueName":"search_term_string"}}],"inLanguage":"de"}]}},"_links":{"self":[{"href":"https:\/\/relevo.app\/de\/wp-json\/wp\/v2\/pages\/99603","targetHints":{"allow":["GET"]}}],"collection":[{"href":"https:\/\/relevo.app\/de\/wp-json\/wp\/v2\/pages"}],"about":[{"href":"https:\/\/relevo.app\/de\/wp-json\/wp\/v2\/types\/page"}],"author":[{"embeddable":true,"href":"https:\/\/relevo.app\/de\/wp-json\/wp\/v2\/users\/53"}],"replies":[{"embeddable":true,"href":"https:\/\/relevo.app\/de\/wp-json\/wp\/v2\/comments?post=99603"}],"version-history":[{"count":10,"href":"https:\/\/relevo.app\/de\/wp-json\/wp\/v2\/pages\/99603\/revisions"}],"predecessor-version":[{"id":99646,"href":"https:\/\/relevo.app\/de\/wp-json\/wp\/v2\/pages\/99603\/revisions\/99646"}],"wp:attachment":[{"href":"https:\/\/relevo.app\/de\/wp-json\/wp\/v2\/media?parent=99603"}],"curies":[{"name":"wp","href":"https:\/\/api.w.org\/{rel}","templated":true}]}}