{"id":94636,"date":"2024-12-10T09:53:40","date_gmt":"2024-12-10T08:53:40","guid":{"rendered":"https:\/\/relevo.app\/?page_id=94636"},"modified":"2024-12-10T13:16:59","modified_gmt":"2024-12-10T12:16:59","slug":"marketingpakete","status":"publish","type":"page","link":"https:\/\/relevo.app\/de\/marketingpakete\/","title":{"rendered":"Marketingpakete"},"content":{"rendered":"\t\t<div data-elementor-type=\"wp-page\" data-elementor-id=\"94636\" class=\"elementor elementor-94636\" data-elementor-post-type=\"page\">\n\t\t\t\t\t\t<section class=\"elementor-section elementor-top-section elementor-element elementor-element-b986279 elementor-section-full_width elementor-section-height-default elementor-section-height-default\" data-id=\"b986279\" data-element_type=\"section\" data-e-type=\"section\" data-settings=\"{&quot;background_background&quot;:&quot;classic&quot;}\">\n\t\t\t\t\t\t\t<div class=\"elementor-background-overlay\"><\/div>\n\t\t\t\t\t\t\t<div class=\"elementor-container elementor-column-gap-default\">\n\t\t\t\t\t<div class=\"elementor-column elementor-col-100 elementor-top-column elementor-element elementor-element-8c9e79e\" data-id=\"8c9e79e\" data-element_type=\"column\" data-e-type=\"column\">\n\t\t\t<div class=\"elementor-widget-wrap elementor-element-populated\">\n\t\t\t\t\t\t<div class=\"elementor-element elementor-element-3704160 animated-slow elementor-invisible elementor-widget elementor-widget-heading\" data-id=\"3704160\" data-element_type=\"widget\" data-e-type=\"widget\" data-settings=\"{&quot;_animation&quot;:&quot;fadeIn&quot;}\" data-widget_type=\"heading.default\">\n\t\t\t\t<div class=\"elementor-widget-container\">\n\t\t\t\t\t<h1 class=\"elementor-heading-title elementor-size-default\">Marketing F\u00fcr Deinen POS<\/h1>\t\t\t\t<\/div>\n\t\t\t\t<\/div>\n\t\t\t\t\t<\/div>\n\t\t<\/div>\n\t\t\t\t\t<\/div>\n\t\t<\/section>\n\t\t<div class=\"elementor-element elementor-element-306ef9a e-flex e-con-boxed e-con e-parent\" data-id=\"306ef9a\" data-element_type=\"container\" data-e-type=\"container\">\n\t\t\t\t\t<div class=\"e-con-inner\">\n\t\t\t\t<div class=\"elementor-element elementor-element-4202609 elementor-widget elementor-widget-heading\" data-id=\"4202609\" data-element_type=\"widget\" data-e-type=\"widget\" data-widget_type=\"heading.default\">\n\t\t\t\t<div class=\"elementor-widget-container\">\n\t\t\t\t\t<h2 class=\"elementor-heading-title elementor-size-default\">Die Kommunikation mit den G\u00e4sten und das passende Marketing auf allen Ebenen st\u00e4rkt die Kunden- zufriedenheit und f\u00f6rdert die Mehrwegakzeptanz.<\/h2>\t\t\t\t<\/div>\n\t\t\t\t<\/div>\n\t\t\t\t\t<\/div>\n\t\t\t\t<\/div>\n\t\t<div class=\"elementor-element elementor-element-5c57939 e-flex e-con-boxed e-con e-parent\" data-id=\"5c57939\" data-element_type=\"container\" data-e-type=\"container\">\n\t\t\t\t\t<div class=\"e-con-inner\">\n\t\t\t\t<div class=\"elementor-element elementor-element-6bf2fe0 elementor-widget elementor-widget-text-editor\" data-id=\"6bf2fe0\" data-element_type=\"widget\" data-e-type=\"widget\" data-widget_type=\"text-editor.default\">\n\t\t\t\t<div class=\"elementor-widget-container\">\n\t\t\t\t\t\t\t\t\t<p>In der modernen Betriebsgastronomie steht nicht nur die Integration der Mehrwegl\u00f6sung im Vordergrund, sondern auch die Kommunikation mit den G\u00e4sten: Marketing spielt hier f\u00fcr Kantinen eine wichtige Rolle. Nur wer seine G\u00e4ste optimal erreicht, kann sichergehen, dass diese das hochwertige Mehrwegangebot auch wahrnehmen.<\/p>\t\t\t\t\t\t\t\t<\/div>\n\t\t\t\t<\/div>\n\t\t\t\t\t<\/div>\n\t\t\t\t<\/div>\n\t\t\t\t<section class=\"elementor-section elementor-top-section elementor-element elementor-element-88f2ed5 elementor-section-boxed elementor-section-height-default elementor-section-height-default\" data-id=\"88f2ed5\" data-element_type=\"section\" data-e-type=\"section\">\n\t\t\t\t\t\t<div class=\"elementor-container elementor-column-gap-default\">\n\t\t\t\t\t<div class=\"elementor-column elementor-col-33 elementor-top-column elementor-element elementor-element-b7ea9f5\" data-id=\"b7ea9f5\" data-element_type=\"column\" data-e-type=\"column\">\n\t\t\t<div class=\"elementor-widget-wrap elementor-element-populated\">\n\t\t\t\t\t\t<div class=\"elementor-element elementor-element-a52e9d3 elementor-widget elementor-widget-image\" data-id=\"a52e9d3\" data-element_type=\"widget\" data-e-type=\"widget\" data-widget_type=\"image.default\">\n\t\t\t\t<div class=\"elementor-widget-container\">\n\t\t\t\t\t\t\t\t\t\t\t\t\t\t\t<img fetchpriority=\"high\" decoding=\"async\" width=\"1772\" height=\"1329\" src=\"https:\/\/relevo.app\/wp-content\/uploads\/2024\/12\/Kleiner-Aufsteller.jpg\" class=\"attachment-full size-full wp-image-95615\" alt=\"\" srcset=\"https:\/\/relevo.app\/wp-content\/uploads\/2024\/12\/Kleiner-Aufsteller.jpg 1772w, https:\/\/relevo.app\/wp-content\/uploads\/2024\/12\/Kleiner-Aufsteller-300x225.jpg 300w, https:\/\/relevo.app\/wp-content\/uploads\/2024\/12\/Kleiner-Aufsteller-1024x768.jpg 1024w, https:\/\/relevo.app\/wp-content\/uploads\/2024\/12\/Kleiner-Aufsteller-768x576.jpg 768w, https:\/\/relevo.app\/wp-content\/uploads\/2024\/12\/Kleiner-Aufsteller-1536x1152.jpg 1536w\" sizes=\"(max-width: 1772px) 100vw, 1772px\" \/>\t\t\t\t\t\t\t\t\t\t\t\t\t\t\t<\/div>\n\t\t\t\t<\/div>\n\t\t\t\t\t<\/div>\n\t\t<\/div>\n\t\t\t\t<div class=\"elementor-column elementor-col-33 elementor-top-column elementor-element elementor-element-2557f46\" data-id=\"2557f46\" data-element_type=\"column\" data-e-type=\"column\">\n\t\t\t<div class=\"elementor-widget-wrap elementor-element-populated\">\n\t\t\t\t\t\t<div class=\"elementor-element elementor-element-4d6a439 elementor-widget elementor-widget-image\" data-id=\"4d6a439\" data-element_type=\"widget\" data-e-type=\"widget\" data-widget_type=\"image.default\">\n\t\t\t\t<div class=\"elementor-widget-container\">\n\t\t\t\t\t\t\t\t\t\t\t\t\t\t\t<img decoding=\"async\" width=\"800\" height=\"533\" src=\"https:\/\/relevo.app\/wp-content\/uploads\/2024\/12\/SAN_Mix-3_POS_300-1024x682.jpg\" class=\"attachment-large size-large wp-image-95603\" alt=\"\" srcset=\"https:\/\/relevo.app\/wp-content\/uploads\/2024\/12\/SAN_Mix-3_POS_300-1024x682.jpg 1024w, https:\/\/relevo.app\/wp-content\/uploads\/2024\/12\/SAN_Mix-3_POS_300-300x200.jpg 300w, https:\/\/relevo.app\/wp-content\/uploads\/2024\/12\/SAN_Mix-3_POS_300-768x512.jpg 768w, https:\/\/relevo.app\/wp-content\/uploads\/2024\/12\/SAN_Mix-3_POS_300-1536x1024.jpg 1536w, https:\/\/relevo.app\/wp-content\/uploads\/2024\/12\/SAN_Mix-3_POS_300-2048x1365.jpg 2048w\" sizes=\"(max-width: 800px) 100vw, 800px\" \/>\t\t\t\t\t\t\t\t\t\t\t\t\t\t\t<\/div>\n\t\t\t\t<\/div>\n\t\t\t\t\t<\/div>\n\t\t<\/div>\n\t\t\t\t<div class=\"elementor-column elementor-col-33 elementor-top-column elementor-element elementor-element-61b4a01\" data-id=\"61b4a01\" data-element_type=\"column\" data-e-type=\"column\">\n\t\t\t<div class=\"elementor-widget-wrap elementor-element-populated\">\n\t\t\t\t\t\t<div class=\"elementor-element elementor-element-9904176 elementor-widget elementor-widget-image\" data-id=\"9904176\" data-element_type=\"widget\" data-e-type=\"widget\" data-widget_type=\"image.default\">\n\t\t\t\t<div class=\"elementor-widget-container\">\n\t\t\t\t\t\t\t\t\t\t\t\t\t\t\t<img decoding=\"async\" width=\"800\" height=\"548\" src=\"https:\/\/relevo.app\/wp-content\/uploads\/2024\/12\/Eingangsbereich-1024x702.jpg\" class=\"attachment-large size-large wp-image-95597\" alt=\"\" srcset=\"https:\/\/relevo.app\/wp-content\/uploads\/2024\/12\/Eingangsbereich-1024x702.jpg 1024w, https:\/\/relevo.app\/wp-content\/uploads\/2024\/12\/Eingangsbereich-300x206.jpg 300w, https:\/\/relevo.app\/wp-content\/uploads\/2024\/12\/Eingangsbereich-768x526.jpg 768w, https:\/\/relevo.app\/wp-content\/uploads\/2024\/12\/Eingangsbereich-1536x1052.jpg 1536w, https:\/\/relevo.app\/wp-content\/uploads\/2024\/12\/Eingangsbereich.jpg 1772w\" sizes=\"(max-width: 800px) 100vw, 800px\" \/>\t\t\t\t\t\t\t\t\t\t\t\t\t\t\t<\/div>\n\t\t\t\t<\/div>\n\t\t\t\t\t<\/div>\n\t\t<\/div>\n\t\t\t\t\t<\/div>\n\t\t<\/section>\n\t\t<div class=\"elementor-element elementor-element-e24ab47 e-flex e-con-boxed e-con e-parent\" data-id=\"e24ab47\" data-element_type=\"container\" data-e-type=\"container\">\n\t\t\t\t\t<div class=\"e-con-inner\">\n\t\t\t\t<div class=\"elementor-element elementor-element-c92d1ef elementor-widget elementor-widget-heading\" data-id=\"c92d1ef\" data-element_type=\"widget\" data-e-type=\"widget\" data-widget_type=\"heading.default\">\n\t\t\t\t<div class=\"elementor-widget-container\">\n\t\t\t\t\t<h2 class=\"elementor-heading-title elementor-size-default\">Relevo unterst\u00fctzt Kantinenbetreiber vollumf\u00e4nglich mit durchdachten Marketingma\u00dfnahmen.<\/h2>\t\t\t\t<\/div>\n\t\t\t\t<\/div>\n\t\t\t\t\t<\/div>\n\t\t\t\t<\/div>\n\t\t<div class=\"elementor-element elementor-element-cb6c2d9 e-flex e-con-boxed e-con e-parent\" data-id=\"cb6c2d9\" data-element_type=\"container\" data-e-type=\"container\">\n\t\t\t\t\t<div class=\"e-con-inner\">\n\t\t\t\t<div class=\"elementor-element elementor-element-e9aaa2b elementor-widget elementor-widget-text-editor\" data-id=\"e9aaa2b\" data-element_type=\"widget\" data-e-type=\"widget\" data-widget_type=\"text-editor.default\">\n\t\t\t\t<div class=\"elementor-widget-container\">\n\t\t\t\t\t\t\t\t\t<p>Wir stellen unsere Partner analogen und digitalen M\u00f6glichkeiten zur Verf\u00fcgung, um Mehrweg vor Ort besser zu vermarkten und das Aufsehen der G\u00e4ste zu wecken. Neben unserem Marketingpaket f\u00fcr mehr Aufmerksamkeit am Point-of-Sale, unterst\u00fctzt die Relevo Plattform zudem durch Module wie Food-Waste-Pr\u00e4vention weitere Nachhaltigkeitsziele im Betrieb zu erreichen.<\/p><p>Zu den analogen M\u00f6glichkeiten z\u00e4hlen u.a. Flyer, Poster, Tischaufsteller und Roll-Ups \u2013 gerne auch abgestimmt auf das jeweilige CI im Betriebsrestaurant.<\/p><p>F\u00fcr die digitale Vermarktung stehen klassische Banner, Erkl\u00e4rvideos und Vorlagen f\u00fcr interne Mailings\/Intranet bereit. Zudem steht mit unserem Counter-Widget ein kostenfreies Tool zur Verf\u00fcgung, welches mit wenigen Handgriffen auf der eigenen Website eingebunden und so eingesparter Einwegm\u00fcll auch sichtbar nach au\u00dfen kommuniziert werden kann.<\/p>\t\t\t\t\t\t\t\t<\/div>\n\t\t\t\t<\/div>\n\t\t\t\t\t<\/div>\n\t\t\t\t<\/div>\n\t\t\t\t<section class=\"elementor-section elementor-top-section elementor-element elementor-element-42df794 elementor-section-boxed elementor-section-height-default elementor-section-height-default\" data-id=\"42df794\" data-element_type=\"section\" data-e-type=\"section\">\n\t\t\t\t\t\t<div class=\"elementor-container elementor-column-gap-default\">\n\t\t\t\t\t<div class=\"elementor-column elementor-col-100 elementor-top-column elementor-element elementor-element-d7bd220\" data-id=\"d7bd220\" data-element_type=\"column\" data-e-type=\"column\">\n\t\t\t<div class=\"elementor-widget-wrap elementor-element-populated\">\n\t\t\t\t<div class=\"elementor-element elementor-element-48e33a7 e-grid e-con-boxed e-con e-parent\" data-id=\"48e33a7\" data-element_type=\"container\" data-e-type=\"container\">\n\t\t\t\t\t<div class=\"e-con-inner\">\n\t\t<div class=\"elementor-element elementor-element-262a392 e-con-full e-flex e-con e-child\" data-id=\"262a392\" data-element_type=\"container\" data-e-type=\"container\" data-settings=\"{&quot;background_background&quot;:&quot;classic&quot;}\">\n\t\t\t\t<div class=\"elementor-element elementor-element-c5020d5 elementor-widget__width-auto elementor-widget elementor-widget-counter\" data-id=\"c5020d5\" data-element_type=\"widget\" data-e-type=\"widget\" data-widget_type=\"counter.default\">\n\t\t\t\t<div class=\"elementor-widget-container\">\n\t\t\t\t\t\t\t<div class=\"elementor-counter\">\n\t\t\t\t\t\t<div class=\"elementor-counter-number-wrapper\">\n\t\t\t\t<span class=\"elementor-counter-number-prefix\"><\/span>\n\t\t\t\t<span class=\"elementor-counter-number\" data-duration=\"360000\" data-to-value=\"30743\" data-from-value=\"\" data-delimiter=\",\"><\/span>\n\t\t\t\t<span class=\"elementor-counter-number-suffix\"><\/span>\n\t\t\t<\/div>\n\t\t<\/div>\n\t\t\t\t\t\t<\/div>\n\t\t\t\t<\/div>\n\t\t\t\t<\/div>\n\t\t<div class=\"elementor-element elementor-element-2859db9 e-con-full e-flex e-con e-child\" data-id=\"2859db9\" data-element_type=\"container\" data-e-type=\"container\">\n\t\t\t\t<div class=\"elementor-element elementor-element-21cda59 elementor-widget elementor-widget-text-editor\" data-id=\"21cda59\" data-element_type=\"widget\" data-e-type=\"widget\" data-widget_type=\"text-editor.default\">\n\t\t\t\t<div class=\"elementor-widget-container\">\n\t\t\t\t\t\t\t\t\t<h3>Eingesparte Einwegverpackungen<\/h3><p>Zusammen mit Relevo haben wir bereits \u00fcber <strong>30.743<\/strong> Einwegplastik-Verpackungen eingespart. Mach mit und revolutioniere den Takeaway Markt mit uns!<\/p>\t\t\t\t\t\t\t\t<\/div>\n\t\t\t\t<\/div>\n\t\t\t\t<div class=\"elementor-element elementor-element-5e23e6a elementor-widget elementor-widget-image\" data-id=\"5e23e6a\" data-element_type=\"widget\" data-e-type=\"widget\" data-widget_type=\"image.default\">\n\t\t\t\t<div class=\"elementor-widget-container\">\n\t\t\t\t\t\t\t\t\t\t\t\t\t\t\t<img loading=\"lazy\" decoding=\"async\" width=\"425\" height=\"148\" src=\"https:\/\/relevo.app\/wp-content\/uploads\/2024\/12\/Relevo-Duni_grau_72-1.png\" class=\"attachment-large size-large wp-image-95755\" alt=\"\" srcset=\"https:\/\/relevo.app\/wp-content\/uploads\/2024\/12\/Relevo-Duni_grau_72-1.png 425w, https:\/\/relevo.app\/wp-content\/uploads\/2024\/12\/Relevo-Duni_grau_72-1-300x104.png 300w\" sizes=\"(max-width: 425px) 100vw, 425px\" \/>\t\t\t\t\t\t\t\t\t\t\t\t\t\t\t<\/div>\n\t\t\t\t<\/div>\n\t\t\t\t<\/div>\n\t\t\t\t\t<\/div>\n\t\t\t\t<\/div>\n\t\t\t\t\t<\/div>\n\t\t<\/div>\n\t\t\t\t\t<\/div>\n\t\t<\/section>\n\t\t<div class=\"elementor-element elementor-element-e0bf191 e-flex e-con-boxed e-con e-parent\" data-id=\"e0bf191\" data-element_type=\"container\" data-e-type=\"container\">\n\t\t\t\t\t<div class=\"e-con-inner\">\n\t\t\t\t<div class=\"elementor-element elementor-element-5dbfe5a elementor-widget elementor-widget-heading\" data-id=\"5dbfe5a\" data-element_type=\"widget\" data-e-type=\"widget\" data-widget_type=\"heading.default\">\n\t\t\t\t<div class=\"elementor-widget-container\">\n\t\t\t\t\t<h3 class=\"elementor-heading-title elementor-size-default\">Gastronomiebetriebe k\u00f6nnen mit den passenden Ma\u00dfnahmen ihre Nachhaltigkeitsambitionen zielgerichteter Vermarkten, die Kommunikation zum Gast verbessern und Mehrwegnutzung erh\u00f6hen.<br><\/h3>\t\t\t\t<\/div>\n\t\t\t\t<\/div>\n\t\t\t\t\t<\/div>\n\t\t\t\t<\/div>\n\t\t<div class=\"elementor-element elementor-element-ec26c65 e-flex e-con-boxed e-con e-parent\" data-id=\"ec26c65\" data-element_type=\"container\" data-e-type=\"container\" data-settings=\"{&quot;background_background&quot;:&quot;classic&quot;}\">\n\t\t\t\t\t<div class=\"e-con-inner\">\n\t\t<div class=\"elementor-element elementor-element-711a150 e-con-full e-flex e-con e-child\" data-id=\"711a150\" data-element_type=\"container\" data-e-type=\"container\" data-settings=\"{&quot;background_background&quot;:&quot;classic&quot;}\">\n\t\t\t\t<div class=\"elementor-element elementor-element-c9eadea elementor-widget__width-initial elementor-widget elementor-widget-heading\" data-id=\"c9eadea\" data-element_type=\"widget\" data-e-type=\"widget\" data-widget_type=\"heading.default\">\n\t\t\t\t<div class=\"elementor-widget-container\">\n\t\t\t\t\t<h2 class=\"elementor-heading-title elementor-size-default\">Interesse geweckt?<\/h2>\t\t\t\t<\/div>\n\t\t\t\t<\/div>\n\t\t\t\t<div class=\"elementor-element elementor-element-a235d03 elementor-widget elementor-widget-text-editor\" data-id=\"a235d03\" data-element_type=\"widget\" data-e-type=\"widget\" data-widget_type=\"text-editor.default\">\n\t\t\t\t<div class=\"elementor-widget-container\">\n\t\t\t\t\t\t\t\t\t<p>Jetzt einen pers\u00f6nlichen Beratungstermin vereinbaren:<\/p>\t\t\t\t\t\t\t\t<\/div>\n\t\t\t\t<\/div>\n\t\t\t\t<div class=\"elementor-element elementor-element-f38c133 elementor-widget elementor-widget-hubspot-form\" data-id=\"f38c133\" data-element_type=\"widget\" data-e-type=\"widget\" data-widget_type=\"hubspot-form.default\">\n\t\t\t\t<div class=\"elementor-widget-container\">\n\t\t\t\t\t\n\t\t\t\t\t\t<script>\n\t\t\t\t\t\t\twindow.hsFormsOnReady = window.hsFormsOnReady || [];\n\t\t\t\t\t\t\twindow.hsFormsOnReady.push(()=>{\n\t\t\t\t\t\t\t\thbspt.forms.create({\n\t\t\t\t\t\t\t\t\tportalId: 6959162,\n\t\t\t\t\t\t\t\t\tformId: \"e909d023-7289-4ab8-affe-590450a8b427\",\n\t\t\t\t\t\t\t\t\ttarget: \"#hbspt-form-1776847670000-6030496088\",\n\t\t\t\t\t\t\t\t\tregion: \"na1\",\n\t\t\t\t\t\t\t\t\t\n\t\t\t\t\t\t\t})});\n\t\t\t\t\t\t<\/script>\n\t\t\t\t\t\t<div class=\"hbspt-form\" id=\"hbspt-form-1776847670000-6030496088\"><\/div>\t\t\t\t<\/div>\n\t\t\t\t<\/div>\n\t\t\t\t<\/div>\n\t\t\t\t\t<\/div>\n\t\t\t\t<\/div>\n\t\t\t\t<\/div>\n\t\t","protected":false},"excerpt":{"rendered":"<p>Marketing F\u00fcr Deinen POS Die Kommunikation mit den G\u00e4sten und das passende Marketing auf allen Ebenen st\u00e4rkt die Kunden- zufriedenheit und f\u00f6rdert die Mehrwegakzeptanz. In der modernen Betriebsgastronomie steht nicht nur die Integration der Mehrwegl\u00f6sung im Vordergrund, sondern auch die Kommunikation mit den G\u00e4sten: Marketing spielt hier f\u00fcr Kantinen eine wichtige Rolle. Nur wer seine [&hellip;]<\/p>\n","protected":false},"author":41,"featured_media":0,"parent":0,"menu_order":0,"comment_status":"closed","ping_status":"closed","template":"","meta":{"content-type":"","om_disable_all_campaigns":false,"footnotes":""},"class_list":["post-94636","page","type-page","status-publish","hentry"],"yoast_head":"<!-- This site is optimized with the Yoast SEO plugin v27.4 - https:\/\/yoast.com\/product\/yoast-seo-wordpress\/ -->\n<title>Marketingpakete zur Mehrweg F\u00f6rderung | Relevo<\/title>\n<meta name=\"description\" content=\"Analoge und digitale Marketingpakete zur F\u00f6rderung von Mehrwegnutzung in der Gastronomie. Kostenfrei &amp; abgestimmt auf das eigene CI.\" \/>\n<meta name=\"robots\" content=\"index, follow, max-snippet:-1, max-image-preview:large, max-video-preview:-1\" \/>\n<link rel=\"canonical\" href=\"https:\/\/relevo.app\/de\/marketingpakete\/\" \/>\n<meta property=\"og:locale\" content=\"de_DE\" \/>\n<meta property=\"og:type\" content=\"article\" \/>\n<meta property=\"og:title\" content=\"Marketingpakete zur Mehrweg F\u00f6rderung | Relevo\" \/>\n<meta property=\"og:description\" content=\"Analoge und digitale Marketingpakete zur F\u00f6rderung von Mehrwegnutzung in der Gastronomie. Kostenfrei &amp; abgestimmt auf das eigene CI.\" \/>\n<meta property=\"og:url\" content=\"https:\/\/relevo.app\/de\/marketingpakete\/\" \/>\n<meta property=\"og:site_name\" content=\"Relevo\" \/>\n<meta property=\"article:modified_time\" content=\"2024-12-10T12:16:59+00:00\" \/>\n<meta property=\"og:image\" content=\"https:\/\/relevo.app\/wp-content\/uploads\/2024\/12\/Kleiner-Aufsteller.jpg\" \/>\n\t<meta property=\"og:image:width\" content=\"1772\" \/>\n\t<meta property=\"og:image:height\" content=\"1329\" \/>\n\t<meta property=\"og:image:type\" content=\"image\/jpeg\" \/>\n<meta name=\"twitter:card\" content=\"summary_large_image\" \/>\n<meta name=\"twitter:label1\" content=\"Gesch\u00e4tzte Lesezeit\" \/>\n\t<meta name=\"twitter:data1\" content=\"3\u00a0Minuten\" \/>\n<script type=\"application\/ld+json\" class=\"yoast-schema-graph\">{\"@context\":\"https:\\\/\\\/schema.org\",\"@graph\":[{\"@type\":\"WebPage\",\"@id\":\"https:\\\/\\\/relevo.app\\\/de\\\/marketingpakete\\\/\",\"url\":\"https:\\\/\\\/relevo.app\\\/de\\\/marketingpakete\\\/\",\"name\":\"Marketingpakete zur Mehrweg F\u00f6rderung | Relevo\",\"isPartOf\":{\"@id\":\"https:\\\/\\\/relevo.app\\\/de\\\/#website\"},\"primaryImageOfPage\":{\"@id\":\"https:\\\/\\\/relevo.app\\\/de\\\/marketingpakete\\\/#primaryimage\"},\"image\":{\"@id\":\"https:\\\/\\\/relevo.app\\\/de\\\/marketingpakete\\\/#primaryimage\"},\"thumbnailUrl\":\"https:\\\/\\\/relevo.app\\\/wp-content\\\/uploads\\\/2024\\\/12\\\/Kleiner-Aufsteller.jpg\",\"datePublished\":\"2024-12-10T08:53:40+00:00\",\"dateModified\":\"2024-12-10T12:16:59+00:00\",\"description\":\"Analoge und digitale Marketingpakete zur F\u00f6rderung von Mehrwegnutzung in der Gastronomie. Kostenfrei & abgestimmt auf das eigene CI.\",\"breadcrumb\":{\"@id\":\"https:\\\/\\\/relevo.app\\\/de\\\/marketingpakete\\\/#breadcrumb\"},\"inLanguage\":\"de\",\"potentialAction\":[{\"@type\":\"ReadAction\",\"target\":[\"https:\\\/\\\/relevo.app\\\/de\\\/marketingpakete\\\/\"]}]},{\"@type\":\"ImageObject\",\"inLanguage\":\"de\",\"@id\":\"https:\\\/\\\/relevo.app\\\/de\\\/marketingpakete\\\/#primaryimage\",\"url\":\"https:\\\/\\\/relevo.app\\\/wp-content\\\/uploads\\\/2024\\\/12\\\/Kleiner-Aufsteller.jpg\",\"contentUrl\":\"https:\\\/\\\/relevo.app\\\/wp-content\\\/uploads\\\/2024\\\/12\\\/Kleiner-Aufsteller.jpg\"},{\"@type\":\"BreadcrumbList\",\"@id\":\"https:\\\/\\\/relevo.app\\\/de\\\/marketingpakete\\\/#breadcrumb\",\"itemListElement\":[{\"@type\":\"ListItem\",\"position\":1,\"name\":\"Home\",\"item\":\"https:\\\/\\\/relevo.app\\\/de\\\/\"},{\"@type\":\"ListItem\",\"position\":2,\"name\":\"Marketingpakete\"}]},{\"@type\":\"WebSite\",\"@id\":\"https:\\\/\\\/relevo.app\\\/de\\\/#website\",\"url\":\"https:\\\/\\\/relevo.app\\\/de\\\/\",\"name\":\"Relevo\",\"description\":\"\",\"potentialAction\":[{\"@type\":\"SearchAction\",\"target\":{\"@type\":\"EntryPoint\",\"urlTemplate\":\"https:\\\/\\\/relevo.app\\\/de\\\/?s={search_term_string}\"},\"query-input\":{\"@type\":\"PropertyValueSpecification\",\"valueRequired\":true,\"valueName\":\"search_term_string\"}}],\"inLanguage\":\"de\"}]}<\/script>\n<!-- \/ Yoast SEO plugin. -->","yoast_head_json":{"title":"Marketingpakete zur Mehrweg F\u00f6rderung | Relevo","description":"Analoge und digitale Marketingpakete zur F\u00f6rderung von Mehrwegnutzung in der Gastronomie. Kostenfrei & abgestimmt auf das eigene CI.","robots":{"index":"index","follow":"follow","max-snippet":"max-snippet:-1","max-image-preview":"max-image-preview:large","max-video-preview":"max-video-preview:-1"},"canonical":"https:\/\/relevo.app\/de\/marketingpakete\/","og_locale":"de_DE","og_type":"article","og_title":"Marketingpakete zur Mehrweg F\u00f6rderung | Relevo","og_description":"Analoge und digitale Marketingpakete zur F\u00f6rderung von Mehrwegnutzung in der Gastronomie. Kostenfrei & abgestimmt auf das eigene CI.","og_url":"https:\/\/relevo.app\/de\/marketingpakete\/","og_site_name":"Relevo","article_modified_time":"2024-12-10T12:16:59+00:00","og_image":[{"width":1772,"height":1329,"url":"https:\/\/relevo.app\/wp-content\/uploads\/2024\/12\/Kleiner-Aufsteller.jpg","type":"image\/jpeg"}],"twitter_card":"summary_large_image","twitter_misc":{"Gesch\u00e4tzte Lesezeit":"3\u00a0Minuten"},"schema":{"@context":"https:\/\/schema.org","@graph":[{"@type":"WebPage","@id":"https:\/\/relevo.app\/de\/marketingpakete\/","url":"https:\/\/relevo.app\/de\/marketingpakete\/","name":"Marketingpakete zur Mehrweg F\u00f6rderung | Relevo","isPartOf":{"@id":"https:\/\/relevo.app\/de\/#website"},"primaryImageOfPage":{"@id":"https:\/\/relevo.app\/de\/marketingpakete\/#primaryimage"},"image":{"@id":"https:\/\/relevo.app\/de\/marketingpakete\/#primaryimage"},"thumbnailUrl":"https:\/\/relevo.app\/wp-content\/uploads\/2024\/12\/Kleiner-Aufsteller.jpg","datePublished":"2024-12-10T08:53:40+00:00","dateModified":"2024-12-10T12:16:59+00:00","description":"Analoge und digitale Marketingpakete zur F\u00f6rderung von Mehrwegnutzung in der Gastronomie. Kostenfrei & abgestimmt auf das eigene CI.","breadcrumb":{"@id":"https:\/\/relevo.app\/de\/marketingpakete\/#breadcrumb"},"inLanguage":"de","potentialAction":[{"@type":"ReadAction","target":["https:\/\/relevo.app\/de\/marketingpakete\/"]}]},{"@type":"ImageObject","inLanguage":"de","@id":"https:\/\/relevo.app\/de\/marketingpakete\/#primaryimage","url":"https:\/\/relevo.app\/wp-content\/uploads\/2024\/12\/Kleiner-Aufsteller.jpg","contentUrl":"https:\/\/relevo.app\/wp-content\/uploads\/2024\/12\/Kleiner-Aufsteller.jpg"},{"@type":"BreadcrumbList","@id":"https:\/\/relevo.app\/de\/marketingpakete\/#breadcrumb","itemListElement":[{"@type":"ListItem","position":1,"name":"Home","item":"https:\/\/relevo.app\/de\/"},{"@type":"ListItem","position":2,"name":"Marketingpakete"}]},{"@type":"WebSite","@id":"https:\/\/relevo.app\/de\/#website","url":"https:\/\/relevo.app\/de\/","name":"Relevo","description":"","potentialAction":[{"@type":"SearchAction","target":{"@type":"EntryPoint","urlTemplate":"https:\/\/relevo.app\/de\/?s={search_term_string}"},"query-input":{"@type":"PropertyValueSpecification","valueRequired":true,"valueName":"search_term_string"}}],"inLanguage":"de"}]}},"_links":{"self":[{"href":"https:\/\/relevo.app\/de\/wp-json\/wp\/v2\/pages\/94636","targetHints":{"allow":["GET"]}}],"collection":[{"href":"https:\/\/relevo.app\/de\/wp-json\/wp\/v2\/pages"}],"about":[{"href":"https:\/\/relevo.app\/de\/wp-json\/wp\/v2\/types\/page"}],"author":[{"embeddable":true,"href":"https:\/\/relevo.app\/de\/wp-json\/wp\/v2\/users\/41"}],"replies":[{"embeddable":true,"href":"https:\/\/relevo.app\/de\/wp-json\/wp\/v2\/comments?post=94636"}],"version-history":[{"count":59,"href":"https:\/\/relevo.app\/de\/wp-json\/wp\/v2\/pages\/94636\/revisions"}],"predecessor-version":[{"id":95824,"href":"https:\/\/relevo.app\/de\/wp-json\/wp\/v2\/pages\/94636\/revisions\/95824"}],"wp:attachment":[{"href":"https:\/\/relevo.app\/de\/wp-json\/wp\/v2\/media?parent=94636"}],"curies":[{"name":"wp","href":"https:\/\/api.w.org\/{rel}","templated":true}]}}