{"id":91065,"date":"2024-08-21T09:32:21","date_gmt":"2024-08-21T07:32:21","guid":{"rendered":"https:\/\/relevo.app\/?page_id=91065"},"modified":"2025-03-26T09:34:15","modified_gmt":"2025-03-26T08:34:15","slug":"mehrweg-beratung","status":"publish","type":"page","link":"https:\/\/relevo.app\/de\/mehrweg-beratung\/","title":{"rendered":"Mehrweg Beratung"},"content":{"rendered":"\t\t<div data-elementor-type=\"wp-page\" data-elementor-id=\"91065\" class=\"elementor elementor-91065\" data-elementor-post-type=\"page\">\n\t\t\t\t\t\t<section class=\"elementor-section elementor-top-section elementor-element elementor-element-0b34905 elementor-section-full_width elementor-section-height-default elementor-section-height-default\" data-id=\"0b34905\" data-element_type=\"section\" data-e-type=\"section\" data-settings=\"{&quot;background_background&quot;:&quot;classic&quot;}\">\n\t\t\t\t\t\t\t<div class=\"elementor-background-overlay\"><\/div>\n\t\t\t\t\t\t\t<div class=\"elementor-container elementor-column-gap-default\">\n\t\t\t\t\t<div class=\"elementor-column elementor-col-100 elementor-top-column elementor-element elementor-element-988e7c9\" data-id=\"988e7c9\" data-element_type=\"column\" data-e-type=\"column\">\n\t\t\t<div class=\"elementor-widget-wrap elementor-element-populated\">\n\t\t\t\t\t\t<div class=\"elementor-element elementor-element-faa908d animated-slow elementor-invisible elementor-widget elementor-widget-heading\" data-id=\"faa908d\" data-element_type=\"widget\" data-e-type=\"widget\" data-settings=\"{&quot;_animation&quot;:&quot;fadeIn&quot;}\" data-widget_type=\"heading.default\">\n\t\t\t\t<div class=\"elementor-widget-container\">\n\t\t\t\t\t<h1 class=\"elementor-heading-title elementor-size-default\">Mehrweg Beratung<\/h1>\t\t\t\t<\/div>\n\t\t\t\t<\/div>\n\t\t\t\t\t<\/div>\n\t\t<\/div>\n\t\t\t\t\t<\/div>\n\t\t<\/section>\n\t\t<div class=\"elementor-element elementor-element-8eab6f3 e-flex e-con-boxed e-con e-parent\" data-id=\"8eab6f3\" data-element_type=\"container\" data-e-type=\"container\">\n\t\t\t\t\t<div class=\"e-con-inner\">\n\t\t<div class=\"elementor-element elementor-element-413b2ac e-con-full e-flex e-con e-child\" data-id=\"413b2ac\" data-element_type=\"container\" data-e-type=\"container\">\n\t\t\t\t<div class=\"elementor-element elementor-element-6e45ad4 elementor-widget elementor-widget-heading\" data-id=\"6e45ad4\" data-element_type=\"widget\" data-e-type=\"widget\" data-widget_type=\"heading.default\">\n\t\t\t\t<div class=\"elementor-widget-container\">\n\t\t\t\t\t<h2 class=\"elementor-heading-title elementor-size-default\">Wir begleiten Euch auf Eurem (Mehr)Weg<\/h2>\t\t\t\t<\/div>\n\t\t\t\t<\/div>\n\t\t\t\t<div class=\"elementor-element elementor-element-621f9a9 elementor-widget elementor-widget-text-editor\" data-id=\"621f9a9\" data-element_type=\"widget\" data-e-type=\"widget\" data-widget_type=\"text-editor.default\">\n\t\t\t\t<div class=\"elementor-widget-container\">\n\t\t\t\t\t\t\t\t\t<p><span style=\"font-weight: 400;\">Seid Ihr auf der Suche nach einer effektiven und nachhaltigen Mehrwegl\u00f6sung? Unsere Beratungsdienstleistung unterst\u00fctzt Unternehmen dabei, die Herausforderungen von Mehrwegverpackungen erfolgreich zu meistern. Von der Optimierung der Logistik und Reduzierung der Transportkosten \u00fcber die Gew\u00e4hrleistung h\u00f6chster Hygienestandards bis hin zur Entwicklung ansprechender R\u00fcckgabemodelle \u2013 wir bieten ma\u00dfgeschneiderte Strategien, um Euer Mehrwegsystem effizient und wirtschaftlich zu gestalten.<\/span><\/p><p><span style=\"font-weight: 400;\">Profitiert von unserem Fachwissen und steigert die Umweltfreundlichkeit und Kosteneffizienz Eures Unternehmens. Kontaktiert uns noch heute und erfahrt, wie wir Euch helfen k\u00f6nnen, Eure Nachhaltigkeitsziele zu erreichen!<\/span><\/p>\t\t\t\t\t\t\t\t<\/div>\n\t\t\t\t<\/div>\n\t\t\t\t<div class=\"elementor-element elementor-element-20bd3c5 elementor-align-center elementor-widget elementor-widget-button\" data-id=\"20bd3c5\" data-element_type=\"widget\" data-e-type=\"widget\" data-widget_type=\"button.default\">\n\t\t\t\t<div class=\"elementor-widget-container\">\n\t\t\t\t\t\t\t\t\t<div class=\"elementor-button-wrapper\">\n\t\t\t\t\t<a class=\"elementor-button elementor-button-link elementor-size-sm\" href=\"https:\/\/meetings.hubspot.com\/david-winkel\/david-winkel?uuid=cd9c4c50-c189-4876-a9f1-7e79854d1dad\">\n\t\t\t\t\t\t<span class=\"elementor-button-content-wrapper\">\n\t\t\t\t\t\t\t\t\t<span class=\"elementor-button-text\">Jetzt kostenlosen Ersttermin buchen!<\/span>\n\t\t\t\t\t<\/span>\n\t\t\t\t\t<\/a>\n\t\t\t\t<\/div>\n\t\t\t\t\t\t\t\t<\/div>\n\t\t\t\t<\/div>\n\t\t\t\t<\/div>\n\t\t\t\t\t<\/div>\n\t\t\t\t<\/div>\n\t\t<div class=\"elementor-element elementor-element-5f87449 e-flex e-con-boxed e-con e-parent\" data-id=\"5f87449\" data-element_type=\"container\" data-e-type=\"container\" data-settings=\"{&quot;background_background&quot;:&quot;classic&quot;}\">\n\t\t\t\t\t<div class=\"e-con-inner\">\n\t\t<div class=\"elementor-element elementor-element-2db2e3f e-con-full e-flex e-con e-child\" data-id=\"2db2e3f\" data-element_type=\"container\" data-e-type=\"container\">\n\t\t\t\t<div class=\"elementor-element elementor-element-384d5e9 elementor-widget elementor-widget-heading\" data-id=\"384d5e9\" data-element_type=\"widget\" data-e-type=\"widget\" data-widget_type=\"heading.default\">\n\t\t\t\t<div class=\"elementor-widget-container\">\n\t\t\t\t\t<h3 class=\"elementor-heading-title elementor-size-default\">Erst-Beratung<\/h3>\t\t\t\t<\/div>\n\t\t\t\t<\/div>\n\t\t\t\t<div class=\"elementor-element elementor-element-3422504 elementor-widget elementor-widget-text-editor\" data-id=\"3422504\" data-element_type=\"widget\" data-e-type=\"widget\" data-widget_type=\"text-editor.default\">\n\t\t\t\t<div class=\"elementor-widget-container\">\n\t\t\t\t\t\t\t\t\t<p><span style=\"font-weight: 400;\">Dieser kostenlose Beratungstermin richtet sich an die Firmen, die erste Informationen haben m\u00f6chten.<\/span><\/p><ul><li style=\"font-weight: 400;\" aria-level=\"1\"><span style=\"font-weight: 400;\">Welche Konzepte und M\u00f6glichkeiten gibt es auf dem Markt?<\/span><\/li><li style=\"font-weight: 400;\" aria-level=\"1\"><span style=\"font-weight: 400;\">Was sind potenzielle Herausforderungen und Chancen?<br \/><\/span><\/li><\/ul><p>\u00a0<\/p><p><span style=\"font-weight: 400;\">Dauer: 1 h<\/span><\/p>\t\t\t\t\t\t\t\t<\/div>\n\t\t\t\t<\/div>\n\t\t\t\t<div class=\"elementor-element elementor-element-064258e elementor-align-center elementor-widget elementor-widget-button\" data-id=\"064258e\" data-element_type=\"widget\" data-e-type=\"widget\" data-widget_type=\"button.default\">\n\t\t\t\t<div class=\"elementor-widget-container\">\n\t\t\t\t\t\t\t\t\t<div class=\"elementor-button-wrapper\">\n\t\t\t\t\t<a class=\"elementor-button elementor-button-link elementor-size-sm\" href=\"https:\/\/meetings.hubspot.com\/david-winkel\/david-winkel?uuid=cd9c4c50-c189-4876-a9f1-7e79854d1dad\" target=\"_blank\">\n\t\t\t\t\t\t<span class=\"elementor-button-content-wrapper\">\n\t\t\t\t\t\t<span class=\"elementor-button-icon\">\n\t\t\t\t<i aria-hidden=\"true\" class=\"fas fa-chevron-right\"><\/i>\t\t\t<\/span>\n\t\t\t\t\t\t\t\t\t<span class=\"elementor-button-text\">Jetzt Buchen<\/span>\n\t\t\t\t\t<\/span>\n\t\t\t\t\t<\/a>\n\t\t\t\t<\/div>\n\t\t\t\t\t\t\t\t<\/div>\n\t\t\t\t<\/div>\n\t\t\t\t<\/div>\n\t\t<div class=\"elementor-element elementor-element-386024a e-con-full e-flex e-con e-child\" data-id=\"386024a\" data-element_type=\"container\" data-e-type=\"container\">\n\t\t\t\t<div class=\"elementor-element elementor-element-55f8ce6 elementor-widget elementor-widget-heading\" data-id=\"55f8ce6\" data-element_type=\"widget\" data-e-type=\"widget\" data-widget_type=\"heading.default\">\n\t\t\t\t<div class=\"elementor-widget-container\">\n\t\t\t\t\t<h3 class=\"elementor-heading-title elementor-size-default\">Workshop<\/h3>\t\t\t\t<\/div>\n\t\t\t\t<\/div>\n\t\t\t\t<div class=\"elementor-element elementor-element-de279b6 elementor-widget elementor-widget-text-editor\" data-id=\"de279b6\" data-element_type=\"widget\" data-e-type=\"widget\" data-widget_type=\"text-editor.default\">\n\t\t\t\t<div class=\"elementor-widget-container\">\n\t\t\t\t\t\t\t\t\t<p><span style=\"font-weight: 400;\">Das Workshop Angebot richtet sich an Unternehmen die ein eigenes integriertes System etablieren m\u00f6chten<\/span><\/p><ul><li style=\"font-weight: 400;\" aria-level=\"1\"><span style=\"font-weight: 400;\">Auf was muss ich achten?<\/span><\/li><li style=\"font-weight: 400;\" aria-level=\"1\"><span style=\"font-weight: 400;\">Welche Geschirrteile eignen sich am besten?<\/span><\/li><li style=\"font-weight: 400;\" aria-level=\"1\"><span style=\"font-weight: 400;\">Individuelle Bedenken (Kosten, Einf\u00fchrung etc.)<\/span><\/li><\/ul><p>\u00a0<\/p><p><span style=\"font-weight: 400;\">Dauer: 1 Tag<\/span><\/p>\t\t\t\t\t\t\t\t<\/div>\n\t\t\t\t<\/div>\n\t\t\t\t<div class=\"elementor-element elementor-element-80d41ab elementor-align-center elementor-widget elementor-widget-button\" data-id=\"80d41ab\" data-element_type=\"widget\" data-e-type=\"widget\" data-widget_type=\"button.default\">\n\t\t\t\t<div class=\"elementor-widget-container\">\n\t\t\t\t\t\t\t\t\t<div class=\"elementor-button-wrapper\">\n\t\t\t\t\t<a class=\"elementor-button elementor-button-link elementor-size-sm\" href=\"#kontakt\" target=\"_blank\">\n\t\t\t\t\t\t<span class=\"elementor-button-content-wrapper\">\n\t\t\t\t\t\t<span class=\"elementor-button-icon\">\n\t\t\t\t<i aria-hidden=\"true\" class=\"fas fa-chevron-right\"><\/i>\t\t\t<\/span>\n\t\t\t\t\t\t\t\t\t<span class=\"elementor-button-text\">Jetzt anfragen<\/span>\n\t\t\t\t\t<\/span>\n\t\t\t\t\t<\/a>\n\t\t\t\t<\/div>\n\t\t\t\t\t\t\t\t<\/div>\n\t\t\t\t<\/div>\n\t\t\t\t<\/div>\n\t\t<div class=\"elementor-element elementor-element-93e0ec0 e-con-full e-flex e-con e-child\" data-id=\"93e0ec0\" data-element_type=\"container\" data-e-type=\"container\">\n\t\t\t\t<div class=\"elementor-element elementor-element-f7c4725 elementor-widget elementor-widget-heading\" data-id=\"f7c4725\" data-element_type=\"widget\" data-e-type=\"widget\" data-widget_type=\"heading.default\">\n\t\t\t\t<div class=\"elementor-widget-container\">\n\t\t\t\t\t<h3 class=\"elementor-heading-title elementor-size-default\">Rundum-Sorglos-Paket\n<\/h3>\t\t\t\t<\/div>\n\t\t\t\t<\/div>\n\t\t\t\t<div class=\"elementor-element elementor-element-04bcb2c elementor-widget elementor-widget-text-editor\" data-id=\"04bcb2c\" data-element_type=\"widget\" data-e-type=\"widget\" data-widget_type=\"text-editor.default\">\n\t\t\t\t<div class=\"elementor-widget-container\">\n\t\t\t\t\t\t\t\t\t<p><span style=\"font-weight: 400;\">Hier unterst\u00fctzen wir Sie bei der Einf\u00fchrung einer komplexen Mehrwegl\u00f6sung\u00a0 &#8211; vom Konzept bis zum Go-Live<br \/><\/span><\/p><ul><li style=\"font-weight: 400;\" aria-level=\"1\"><span style=\"font-weight: 400;\">Vorbereitung &amp; Identifizierung m\u00f6glicher Herausforderungen<\/span><\/li><li style=\"font-weight: 400;\" aria-level=\"1\"><span style=\"font-weight: 400;\">ggf. Automatenkonzept<\/span><\/li><li style=\"font-weight: 400;\" aria-level=\"1\"><span style=\"font-weight: 400;\">Einf\u00fchrung und Etablierung<\/span><\/li><li style=\"font-weight: 400;\" aria-level=\"1\"><span style=\"font-weight: 400;\">Monitoring und KPI Messung<\/span><\/li><\/ul><p>\u00a0<\/p><p><span style=\"font-weight: 400;\">Dauer: Je nach Bedarf<\/span><\/p>\t\t\t\t\t\t\t\t<\/div>\n\t\t\t\t<\/div>\n\t\t\t\t<div class=\"elementor-element elementor-element-7ffdb57 elementor-align-center elementor-widget elementor-widget-button\" data-id=\"7ffdb57\" data-element_type=\"widget\" data-e-type=\"widget\" data-widget_type=\"button.default\">\n\t\t\t\t<div class=\"elementor-widget-container\">\n\t\t\t\t\t\t\t\t\t<div class=\"elementor-button-wrapper\">\n\t\t\t\t\t<a class=\"elementor-button elementor-button-link elementor-size-sm\" href=\"#kontakt\" target=\"_blank\">\n\t\t\t\t\t\t<span class=\"elementor-button-content-wrapper\">\n\t\t\t\t\t\t<span class=\"elementor-button-icon\">\n\t\t\t\t<i aria-hidden=\"true\" class=\"fas fa-chevron-right\"><\/i>\t\t\t<\/span>\n\t\t\t\t\t\t\t\t\t<span class=\"elementor-button-text\">Jetzt anfragen<\/span>\n\t\t\t\t\t<\/span>\n\t\t\t\t\t<\/a>\n\t\t\t\t<\/div>\n\t\t\t\t\t\t\t\t<\/div>\n\t\t\t\t<\/div>\n\t\t\t\t<\/div>\n\t\t\t\t\t<\/div>\n\t\t\t\t<\/div>\n\t\t<div class=\"elementor-element elementor-element-fe85686 e-flex e-con-boxed e-con e-parent\" data-id=\"fe85686\" data-element_type=\"container\" data-e-type=\"container\" id=\"kontakt\" data-settings=\"{&quot;background_background&quot;:&quot;classic&quot;}\">\n\t\t\t\t\t<div class=\"e-con-inner\">\n\t\t<div class=\"elementor-element elementor-element-835ba08 e-con-full e-flex e-con e-child\" data-id=\"835ba08\" data-element_type=\"container\" data-e-type=\"container\" data-settings=\"{&quot;background_background&quot;:&quot;classic&quot;}\">\n\t\t\t\t<div class=\"elementor-element elementor-element-0ab3b2e elementor-widget__width-initial elementor-widget elementor-widget-heading\" data-id=\"0ab3b2e\" data-element_type=\"widget\" data-e-type=\"widget\" data-widget_type=\"heading.default\">\n\t\t\t\t<div class=\"elementor-widget-container\">\n\t\t\t\t\t<h2 class=\"elementor-heading-title elementor-size-default\">Hast du Interesse?<\/h2>\t\t\t\t<\/div>\n\t\t\t\t<\/div>\n\t\t\t\t<div class=\"elementor-element elementor-element-dccd62a elementor-widget elementor-widget-text-editor\" data-id=\"dccd62a\" data-element_type=\"widget\" data-e-type=\"widget\" data-widget_type=\"text-editor.default\">\n\t\t\t\t<div class=\"elementor-widget-container\">\n\t\t\t\t\t\t\t\t\t<p>Dann kontaktiere uns!<\/p>\t\t\t\t\t\t\t\t<\/div>\n\t\t\t\t<\/div>\n\t\t\t\t<div class=\"elementor-element elementor-element-bde174d elementor-widget elementor-widget-hubspot-form\" data-id=\"bde174d\" data-element_type=\"widget\" data-e-type=\"widget\" data-widget_type=\"hubspot-form.default\">\n\t\t\t\t<div class=\"elementor-widget-container\">\n\t\t\t\t\t\n\t\t\t\t\t\t<script>\n\t\t\t\t\t\t\twindow.hsFormsOnReady = window.hsFormsOnReady || [];\n\t\t\t\t\t\t\twindow.hsFormsOnReady.push(()=>{\n\t\t\t\t\t\t\t\thbspt.forms.create({\n\t\t\t\t\t\t\t\t\tportalId: 6959162,\n\t\t\t\t\t\t\t\t\tformId: \"e909d023-7289-4ab8-affe-590450a8b427\",\n\t\t\t\t\t\t\t\t\ttarget: \"#hbspt-form-1776732733000-9898355333\",\n\t\t\t\t\t\t\t\t\tregion: \"na1\",\n\t\t\t\t\t\t\t\t\t\n\t\t\t\t\t\t\t})});\n\t\t\t\t\t\t<\/script>\n\t\t\t\t\t\t<div class=\"hbspt-form\" id=\"hbspt-form-1776732733000-9898355333\"><\/div>\t\t\t\t<\/div>\n\t\t\t\t<\/div>\n\t\t\t\t<\/div>\n\t\t\t\t\t<\/div>\n\t\t\t\t<\/div>\n\t\t\t\t<\/div>\n\t\t","protected":false},"excerpt":{"rendered":"<p>Mehrweg Beratung Wir begleiten Euch auf Eurem (Mehr)Weg Seid Ihr auf der Suche nach einer effektiven und nachhaltigen Mehrwegl\u00f6sung? Unsere Beratungsdienstleistung unterst\u00fctzt Unternehmen dabei, die Herausforderungen von Mehrwegverpackungen erfolgreich zu meistern. Von der Optimierung der Logistik und Reduzierung der Transportkosten \u00fcber die Gew\u00e4hrleistung h\u00f6chster Hygienestandards bis hin zur Entwicklung ansprechender R\u00fcckgabemodelle \u2013 wir bieten ma\u00dfgeschneiderte [&hellip;]<\/p>\n","protected":false},"author":41,"featured_media":0,"parent":0,"menu_order":0,"comment_status":"closed","ping_status":"closed","template":"elementor_header_footer","meta":{"content-type":"","om_disable_all_campaigns":false,"footnotes":""},"class_list":["post-91065","page","type-page","status-publish","hentry"],"yoast_head":"<!-- This site is optimized with the Yoast SEO plugin v27.3 - https:\/\/yoast.com\/product\/yoast-seo-wordpress\/ -->\n<title>Expertenberatung f\u00fcr Mehrwegsysteme | Relevo<\/title>\n<meta name=\"description\" content=\"Hol dir individuelle Beratung zu nachhaltigen Mehrwegsystemen \u25b6 Ma\u00dfgeschneiderte L\u00f6sungen f\u00fcr dein Business | Jetzt Termin sichern!\" \/>\n<meta name=\"robots\" content=\"index, follow, max-snippet:-1, max-image-preview:large, max-video-preview:-1\" \/>\n<link rel=\"canonical\" href=\"https:\/\/relevo.app\/de\/mehrweg-beratung\/\" \/>\n<meta property=\"og:locale\" content=\"de_DE\" \/>\n<meta property=\"og:type\" content=\"article\" \/>\n<meta property=\"og:title\" content=\"Expertenberatung f\u00fcr Mehrwegsysteme | Relevo\" \/>\n<meta property=\"og:description\" content=\"Hol dir individuelle Beratung zu nachhaltigen Mehrwegsystemen \u25b6 Ma\u00dfgeschneiderte L\u00f6sungen f\u00fcr dein Business | Jetzt Termin sichern!\" \/>\n<meta property=\"og:url\" content=\"https:\/\/relevo.app\/de\/mehrweg-beratung\/\" \/>\n<meta property=\"og:site_name\" content=\"Relevo\" \/>\n<meta property=\"article:modified_time\" content=\"2025-03-26T08:34:15+00:00\" \/>\n<meta name=\"twitter:card\" content=\"summary_large_image\" \/>\n<meta name=\"twitter:label1\" content=\"Gesch\u00e4tzte Lesezeit\" \/>\n\t<meta name=\"twitter:data1\" content=\"2\u00a0Minuten\" \/>\n<script type=\"application\/ld+json\" class=\"yoast-schema-graph\">{\"@context\":\"https:\\\/\\\/schema.org\",\"@graph\":[{\"@type\":\"WebPage\",\"@id\":\"https:\\\/\\\/relevo.app\\\/de\\\/mehrweg-beratung\\\/\",\"url\":\"https:\\\/\\\/relevo.app\\\/de\\\/mehrweg-beratung\\\/\",\"name\":\"Expertenberatung f\u00fcr Mehrwegsysteme | Relevo\",\"isPartOf\":{\"@id\":\"https:\\\/\\\/relevo.app\\\/de\\\/#website\"},\"datePublished\":\"2024-08-21T07:32:21+00:00\",\"dateModified\":\"2025-03-26T08:34:15+00:00\",\"description\":\"Hol dir individuelle Beratung zu nachhaltigen Mehrwegsystemen \u25b6 Ma\u00dfgeschneiderte L\u00f6sungen f\u00fcr dein Business | Jetzt Termin sichern!\",\"breadcrumb\":{\"@id\":\"https:\\\/\\\/relevo.app\\\/de\\\/mehrweg-beratung\\\/#breadcrumb\"},\"inLanguage\":\"de\",\"potentialAction\":[{\"@type\":\"ReadAction\",\"target\":[\"https:\\\/\\\/relevo.app\\\/de\\\/mehrweg-beratung\\\/\"]}]},{\"@type\":\"BreadcrumbList\",\"@id\":\"https:\\\/\\\/relevo.app\\\/de\\\/mehrweg-beratung\\\/#breadcrumb\",\"itemListElement\":[{\"@type\":\"ListItem\",\"position\":1,\"name\":\"Home\",\"item\":\"https:\\\/\\\/relevo.app\\\/de\\\/\"},{\"@type\":\"ListItem\",\"position\":2,\"name\":\"Mehrweg Beratung\"}]},{\"@type\":\"WebSite\",\"@id\":\"https:\\\/\\\/relevo.app\\\/de\\\/#website\",\"url\":\"https:\\\/\\\/relevo.app\\\/de\\\/\",\"name\":\"Relevo\",\"description\":\"\",\"potentialAction\":[{\"@type\":\"SearchAction\",\"target\":{\"@type\":\"EntryPoint\",\"urlTemplate\":\"https:\\\/\\\/relevo.app\\\/de\\\/?s={search_term_string}\"},\"query-input\":{\"@type\":\"PropertyValueSpecification\",\"valueRequired\":true,\"valueName\":\"search_term_string\"}}],\"inLanguage\":\"de\"}]}<\/script>\n<!-- \/ Yoast SEO plugin. -->","yoast_head_json":{"title":"Expertenberatung f\u00fcr Mehrwegsysteme | Relevo","description":"Hol dir individuelle Beratung zu nachhaltigen Mehrwegsystemen \u25b6 Ma\u00dfgeschneiderte L\u00f6sungen f\u00fcr dein Business | Jetzt Termin sichern!","robots":{"index":"index","follow":"follow","max-snippet":"max-snippet:-1","max-image-preview":"max-image-preview:large","max-video-preview":"max-video-preview:-1"},"canonical":"https:\/\/relevo.app\/de\/mehrweg-beratung\/","og_locale":"de_DE","og_type":"article","og_title":"Expertenberatung f\u00fcr Mehrwegsysteme | Relevo","og_description":"Hol dir individuelle Beratung zu nachhaltigen Mehrwegsystemen \u25b6 Ma\u00dfgeschneiderte L\u00f6sungen f\u00fcr dein Business | Jetzt Termin sichern!","og_url":"https:\/\/relevo.app\/de\/mehrweg-beratung\/","og_site_name":"Relevo","article_modified_time":"2025-03-26T08:34:15+00:00","twitter_card":"summary_large_image","twitter_misc":{"Gesch\u00e4tzte Lesezeit":"2\u00a0Minuten"},"schema":{"@context":"https:\/\/schema.org","@graph":[{"@type":"WebPage","@id":"https:\/\/relevo.app\/de\/mehrweg-beratung\/","url":"https:\/\/relevo.app\/de\/mehrweg-beratung\/","name":"Expertenberatung f\u00fcr Mehrwegsysteme | Relevo","isPartOf":{"@id":"https:\/\/relevo.app\/de\/#website"},"datePublished":"2024-08-21T07:32:21+00:00","dateModified":"2025-03-26T08:34:15+00:00","description":"Hol dir individuelle Beratung zu nachhaltigen Mehrwegsystemen \u25b6 Ma\u00dfgeschneiderte L\u00f6sungen f\u00fcr dein Business | Jetzt Termin sichern!","breadcrumb":{"@id":"https:\/\/relevo.app\/de\/mehrweg-beratung\/#breadcrumb"},"inLanguage":"de","potentialAction":[{"@type":"ReadAction","target":["https:\/\/relevo.app\/de\/mehrweg-beratung\/"]}]},{"@type":"BreadcrumbList","@id":"https:\/\/relevo.app\/de\/mehrweg-beratung\/#breadcrumb","itemListElement":[{"@type":"ListItem","position":1,"name":"Home","item":"https:\/\/relevo.app\/de\/"},{"@type":"ListItem","position":2,"name":"Mehrweg Beratung"}]},{"@type":"WebSite","@id":"https:\/\/relevo.app\/de\/#website","url":"https:\/\/relevo.app\/de\/","name":"Relevo","description":"","potentialAction":[{"@type":"SearchAction","target":{"@type":"EntryPoint","urlTemplate":"https:\/\/relevo.app\/de\/?s={search_term_string}"},"query-input":{"@type":"PropertyValueSpecification","valueRequired":true,"valueName":"search_term_string"}}],"inLanguage":"de"}]}},"_links":{"self":[{"href":"https:\/\/relevo.app\/de\/wp-json\/wp\/v2\/pages\/91065","targetHints":{"allow":["GET"]}}],"collection":[{"href":"https:\/\/relevo.app\/de\/wp-json\/wp\/v2\/pages"}],"about":[{"href":"https:\/\/relevo.app\/de\/wp-json\/wp\/v2\/types\/page"}],"author":[{"embeddable":true,"href":"https:\/\/relevo.app\/de\/wp-json\/wp\/v2\/users\/41"}],"replies":[{"embeddable":true,"href":"https:\/\/relevo.app\/de\/wp-json\/wp\/v2\/comments?post=91065"}],"version-history":[{"count":48,"href":"https:\/\/relevo.app\/de\/wp-json\/wp\/v2\/pages\/91065\/revisions"}],"predecessor-version":[{"id":96547,"href":"https:\/\/relevo.app\/de\/wp-json\/wp\/v2\/pages\/91065\/revisions\/96547"}],"wp:attachment":[{"href":"https:\/\/relevo.app\/de\/wp-json\/wp\/v2\/media?parent=91065"}],"curies":[{"name":"wp","href":"https:\/\/api.w.org\/{rel}","templated":true}]}}