{"id":87084,"date":"2023-12-20T12:11:40","date_gmt":"2023-12-20T11:11:40","guid":{"rendered":"https:\/\/relevo.app\/?page_id=87084"},"modified":"2024-03-12T11:41:17","modified_gmt":"2024-03-12T10:41:17","slug":"app_fr_noel2023","status":"publish","type":"page","link":"https:\/\/relevo.app\/de\/app_fr_noel2023\/","title":{"rendered":"App_fr_No\u00ebl2023"},"content":{"rendered":"\t\t<div data-elementor-type=\"wp-page\" data-elementor-id=\"87084\" class=\"elementor elementor-87084\" data-elementor-post-type=\"page\">\n\t\t\t\t\t\t<section class=\"elementor-section elementor-top-section elementor-element elementor-element-d3faaab elementor-section-boxed elementor-section-height-default elementor-section-height-default\" data-id=\"d3faaab\" data-element_type=\"section\" data-e-type=\"section\">\n\t\t\t\t\t\t<div class=\"elementor-container elementor-column-gap-default\">\n\t\t\t\t\t<div class=\"elementor-column elementor-col-100 elementor-top-column elementor-element elementor-element-f87883f\" data-id=\"f87883f\" data-element_type=\"column\" data-e-type=\"column\">\n\t\t\t<div class=\"elementor-widget-wrap elementor-element-populated\">\n\t\t\t\t\t\t<div class=\"elementor-element elementor-element-8d66f34 elementor-widget elementor-widget-image\" data-id=\"8d66f34\" data-element_type=\"widget\" data-e-type=\"widget\" data-widget_type=\"image.default\">\n\t\t\t\t<div class=\"elementor-widget-container\">\n\t\t\t\t\t\t\t\t\t\t\t\t\t\t\t<img fetchpriority=\"high\" decoding=\"async\" width=\"768\" height=\"768\" src=\"https:\/\/relevo.app\/wp-content\/uploads\/2023\/12\/Xmas-2023_Post_fr-1-768x768.jpg\" class=\"attachment-medium_large size-medium_large wp-image-87101\" alt=\"App_fr_No\u00ebl2023\" srcset=\"https:\/\/relevo.app\/wp-content\/uploads\/2023\/12\/Xmas-2023_Post_fr-1-768x768.jpg 768w, https:\/\/relevo.app\/wp-content\/uploads\/2023\/12\/Xmas-2023_Post_fr-1-300x300.jpg 300w, https:\/\/relevo.app\/wp-content\/uploads\/2023\/12\/Xmas-2023_Post_fr-1-1024x1024.jpg 1024w, https:\/\/relevo.app\/wp-content\/uploads\/2023\/12\/Xmas-2023_Post_fr-1-150x150.jpg 150w, https:\/\/relevo.app\/wp-content\/uploads\/2023\/12\/Xmas-2023_Post_fr-1.jpg 1080w\" sizes=\"(max-width: 768px) 100vw, 768px\" \/>\t\t\t\t\t\t\t\t\t\t\t\t\t\t\t<\/div>\n\t\t\t\t<\/div>\n\t\t\t\t<div class=\"elementor-element elementor-element-0265353 elementor-widget elementor-widget-text-editor\" data-id=\"0265353\" data-element_type=\"widget\" data-e-type=\"widget\" data-widget_type=\"text-editor.default\">\n\t\t\t\t<div class=\"elementor-widget-container\">\n\t\t\t\t\t\t\t\t\t<p><strong><b>Joyeux No\u00ebl et merci beaucoup !<\/b><\/strong><\/p><p>2023 a \u00e9t\u00e9 une ann\u00e9e riche en \u00e9v\u00e9nements, de la mise en place d&#8217;une nouvelle l\u00e9gislation \u00e0 l&#8217;introduction du fast check-in dans notre syst\u00e8me, en passant par la version toute fra\u00eeche de notre application \u2728 Nous jetons un regard fier et satisfait sur les \u00e9tapes que nous avons accomplies et sommes reconnaissants pour de nombreux partenariats formidables, des utilisateurs cons\u00e9quents et des compagnons de route r\u00e9utilisables \ud83d\udcaa Merci d&#8217;avoir r\u00e9alis\u00e9 ensemble un peu plus notre vision de rendre les d\u00e9chets jetables obsol\u00e8tes\ud83d\ude4f\u00a0<\/p><p>Nous vous souhaitons de joyeuses festivit\u00e9s, une fin d&#8217;ann\u00e9e d\u00e9tendue et une bonne ann\u00e9e 2024, riche en produits r\u00e9utilisables ! \ud83c\udf84\ud83c\udf84\ud83c\udf84<\/p><p>\u00a0<\/p><p>\u00a0<\/p>\t\t\t\t\t\t\t\t<\/div>\n\t\t\t\t<\/div>\n\t\t\t\t\t<\/div>\n\t\t<\/div>\n\t\t\t\t\t<\/div>\n\t\t<\/section>\n\t\t\t\t<section class=\"elementor-section elementor-top-section elementor-element elementor-element-7b90f9a elementor-section-boxed elementor-section-height-default elementor-section-height-default\" data-id=\"7b90f9a\" data-element_type=\"section\" data-e-type=\"section\">\n\t\t\t\t\t\t<div class=\"elementor-container elementor-column-gap-default\">\n\t\t\t\t\t<div class=\"elementor-column elementor-col-100 elementor-top-column elementor-element elementor-element-e4d4f0f\" data-id=\"e4d4f0f\" data-element_type=\"column\" data-e-type=\"column\">\n\t\t\t<div class=\"elementor-widget-wrap\">\n\t\t\t\t\t\t\t<\/div>\n\t\t<\/div>\n\t\t\t\t\t<\/div>\n\t\t<\/section>\n\t\t\t\t<\/div>\n\t\t","protected":false},"excerpt":{"rendered":"<p>Joyeux No\u00ebl et merci beaucoup ! 2023 a \u00e9t\u00e9 une ann\u00e9e riche en \u00e9v\u00e9nements, de la mise en place d&#8217;une nouvelle l\u00e9gislation \u00e0 l&#8217;introduction du fast check-in dans notre syst\u00e8me, en passant par la version toute fra\u00eeche de notre application \u2728 Nous jetons un regard fier et satisfait sur les \u00e9tapes que nous avons accomplies [&hellip;]<\/p>\n","protected":false},"author":1,"featured_media":0,"parent":0,"menu_order":0,"comment_status":"closed","ping_status":"closed","template":"elementor_canvas","meta":{"content-type":"","om_disable_all_campaigns":false,"footnotes":""},"class_list":["post-87084","page","type-page","status-publish","hentry"],"yoast_head":"<!-- This site is optimized with the Yoast SEO plugin v27.4 - https:\/\/yoast.com\/product\/yoast-seo-wordpress\/ -->\n<title>App_fr_No\u00ebl2023 - Relevo<\/title>\n<meta name=\"robots\" content=\"noindex, follow\" \/>\n<meta property=\"og:locale\" content=\"de_DE\" \/>\n<meta property=\"og:type\" content=\"article\" \/>\n<meta property=\"og:title\" content=\"App_fr_No\u00ebl2023 - Relevo\" \/>\n<meta property=\"og:description\" content=\"Joyeux No\u00ebl et merci beaucoup ! 2023 a \u00e9t\u00e9 une ann\u00e9e riche en \u00e9v\u00e9nements, de la mise en place d&#8217;une nouvelle l\u00e9gislation \u00e0 l&#8217;introduction du fast check-in dans notre syst\u00e8me, en passant par la version toute fra\u00eeche de notre application \u2728 Nous jetons un regard fier et satisfait sur les \u00e9tapes que nous avons accomplies [&hellip;]\" \/>\n<meta property=\"og:url\" content=\"https:\/\/relevo.app\/de\/app_fr_noel2023\/\" \/>\n<meta property=\"og:site_name\" content=\"Relevo\" \/>\n<meta property=\"article:modified_time\" content=\"2024-03-12T10:41:17+00:00\" \/>\n<meta property=\"og:image\" content=\"https:\/\/relevo.app\/wp-content\/uploads\/2023\/12\/Xmas-2023_Post_fr-1-768x768.jpg\" \/>\n<meta name=\"twitter:card\" content=\"summary_large_image\" \/>\n<meta name=\"twitter:label1\" content=\"Gesch\u00e4tzte Lesezeit\" \/>\n\t<meta name=\"twitter:data1\" content=\"1\u00a0Minute\" \/>\n<script type=\"application\/ld+json\" class=\"yoast-schema-graph\">{\"@context\":\"https:\\\/\\\/schema.org\",\"@graph\":[{\"@type\":\"WebPage\",\"@id\":\"https:\\\/\\\/relevo.app\\\/de\\\/app_fr_noel2023\\\/\",\"url\":\"https:\\\/\\\/relevo.app\\\/de\\\/app_fr_noel2023\\\/\",\"name\":\"App_fr_No\u00ebl2023 - Relevo\",\"isPartOf\":{\"@id\":\"https:\\\/\\\/relevo.app\\\/de\\\/#website\"},\"primaryImageOfPage\":{\"@id\":\"https:\\\/\\\/relevo.app\\\/de\\\/app_fr_noel2023\\\/#primaryimage\"},\"image\":{\"@id\":\"https:\\\/\\\/relevo.app\\\/de\\\/app_fr_noel2023\\\/#primaryimage\"},\"thumbnailUrl\":\"https:\\\/\\\/relevo.app\\\/wp-content\\\/uploads\\\/2023\\\/12\\\/Xmas-2023_Post_fr-1-768x768.jpg\",\"datePublished\":\"2023-12-20T11:11:40+00:00\",\"dateModified\":\"2024-03-12T10:41:17+00:00\",\"breadcrumb\":{\"@id\":\"https:\\\/\\\/relevo.app\\\/de\\\/app_fr_noel2023\\\/#breadcrumb\"},\"inLanguage\":\"de\",\"potentialAction\":[{\"@type\":\"ReadAction\",\"target\":[\"https:\\\/\\\/relevo.app\\\/de\\\/app_fr_noel2023\\\/\"]}]},{\"@type\":\"ImageObject\",\"inLanguage\":\"de\",\"@id\":\"https:\\\/\\\/relevo.app\\\/de\\\/app_fr_noel2023\\\/#primaryimage\",\"url\":\"https:\\\/\\\/relevo.app\\\/wp-content\\\/uploads\\\/2023\\\/12\\\/Xmas-2023_Post_fr-1-768x768.jpg\",\"contentUrl\":\"https:\\\/\\\/relevo.app\\\/wp-content\\\/uploads\\\/2023\\\/12\\\/Xmas-2023_Post_fr-1-768x768.jpg\"},{\"@type\":\"BreadcrumbList\",\"@id\":\"https:\\\/\\\/relevo.app\\\/de\\\/app_fr_noel2023\\\/#breadcrumb\",\"itemListElement\":[{\"@type\":\"ListItem\",\"position\":1,\"name\":\"Home\",\"item\":\"https:\\\/\\\/relevo.app\\\/de\\\/\"},{\"@type\":\"ListItem\",\"position\":2,\"name\":\"App_fr_No\u00ebl2023\"}]},{\"@type\":\"WebSite\",\"@id\":\"https:\\\/\\\/relevo.app\\\/de\\\/#website\",\"url\":\"https:\\\/\\\/relevo.app\\\/de\\\/\",\"name\":\"Relevo\",\"description\":\"\",\"potentialAction\":[{\"@type\":\"SearchAction\",\"target\":{\"@type\":\"EntryPoint\",\"urlTemplate\":\"https:\\\/\\\/relevo.app\\\/de\\\/?s={search_term_string}\"},\"query-input\":{\"@type\":\"PropertyValueSpecification\",\"valueRequired\":true,\"valueName\":\"search_term_string\"}}],\"inLanguage\":\"de\"}]}<\/script>\n<!-- \/ Yoast SEO plugin. -->","yoast_head_json":{"title":"App_fr_No\u00ebl2023 - Relevo","robots":{"index":"noindex","follow":"follow"},"og_locale":"de_DE","og_type":"article","og_title":"App_fr_No\u00ebl2023 - Relevo","og_description":"Joyeux No\u00ebl et merci beaucoup ! 2023 a \u00e9t\u00e9 une ann\u00e9e riche en \u00e9v\u00e9nements, de la mise en place d&#8217;une nouvelle l\u00e9gislation \u00e0 l&#8217;introduction du fast check-in dans notre syst\u00e8me, en passant par la version toute fra\u00eeche de notre application \u2728 Nous jetons un regard fier et satisfait sur les \u00e9tapes que nous avons accomplies [&hellip;]","og_url":"https:\/\/relevo.app\/de\/app_fr_noel2023\/","og_site_name":"Relevo","article_modified_time":"2024-03-12T10:41:17+00:00","og_image":[{"url":"https:\/\/relevo.app\/wp-content\/uploads\/2023\/12\/Xmas-2023_Post_fr-1-768x768.jpg","type":"","width":"","height":""}],"twitter_card":"summary_large_image","twitter_misc":{"Gesch\u00e4tzte Lesezeit":"1\u00a0Minute"},"schema":{"@context":"https:\/\/schema.org","@graph":[{"@type":"WebPage","@id":"https:\/\/relevo.app\/de\/app_fr_noel2023\/","url":"https:\/\/relevo.app\/de\/app_fr_noel2023\/","name":"App_fr_No\u00ebl2023 - Relevo","isPartOf":{"@id":"https:\/\/relevo.app\/de\/#website"},"primaryImageOfPage":{"@id":"https:\/\/relevo.app\/de\/app_fr_noel2023\/#primaryimage"},"image":{"@id":"https:\/\/relevo.app\/de\/app_fr_noel2023\/#primaryimage"},"thumbnailUrl":"https:\/\/relevo.app\/wp-content\/uploads\/2023\/12\/Xmas-2023_Post_fr-1-768x768.jpg","datePublished":"2023-12-20T11:11:40+00:00","dateModified":"2024-03-12T10:41:17+00:00","breadcrumb":{"@id":"https:\/\/relevo.app\/de\/app_fr_noel2023\/#breadcrumb"},"inLanguage":"de","potentialAction":[{"@type":"ReadAction","target":["https:\/\/relevo.app\/de\/app_fr_noel2023\/"]}]},{"@type":"ImageObject","inLanguage":"de","@id":"https:\/\/relevo.app\/de\/app_fr_noel2023\/#primaryimage","url":"https:\/\/relevo.app\/wp-content\/uploads\/2023\/12\/Xmas-2023_Post_fr-1-768x768.jpg","contentUrl":"https:\/\/relevo.app\/wp-content\/uploads\/2023\/12\/Xmas-2023_Post_fr-1-768x768.jpg"},{"@type":"BreadcrumbList","@id":"https:\/\/relevo.app\/de\/app_fr_noel2023\/#breadcrumb","itemListElement":[{"@type":"ListItem","position":1,"name":"Home","item":"https:\/\/relevo.app\/de\/"},{"@type":"ListItem","position":2,"name":"App_fr_No\u00ebl2023"}]},{"@type":"WebSite","@id":"https:\/\/relevo.app\/de\/#website","url":"https:\/\/relevo.app\/de\/","name":"Relevo","description":"","potentialAction":[{"@type":"SearchAction","target":{"@type":"EntryPoint","urlTemplate":"https:\/\/relevo.app\/de\/?s={search_term_string}"},"query-input":{"@type":"PropertyValueSpecification","valueRequired":true,"valueName":"search_term_string"}}],"inLanguage":"de"}]}},"_links":{"self":[{"href":"https:\/\/relevo.app\/de\/wp-json\/wp\/v2\/pages\/87084","targetHints":{"allow":["GET"]}}],"collection":[{"href":"https:\/\/relevo.app\/de\/wp-json\/wp\/v2\/pages"}],"about":[{"href":"https:\/\/relevo.app\/de\/wp-json\/wp\/v2\/types\/page"}],"author":[{"embeddable":true,"href":"https:\/\/relevo.app\/de\/wp-json\/wp\/v2\/users\/1"}],"replies":[{"embeddable":true,"href":"https:\/\/relevo.app\/de\/wp-json\/wp\/v2\/comments?post=87084"}],"version-history":[{"count":10,"href":"https:\/\/relevo.app\/de\/wp-json\/wp\/v2\/pages\/87084\/revisions"}],"predecessor-version":[{"id":87110,"href":"https:\/\/relevo.app\/de\/wp-json\/wp\/v2\/pages\/87084\/revisions\/87110"}],"wp:attachment":[{"href":"https:\/\/relevo.app\/de\/wp-json\/wp\/v2\/media?parent=87084"}],"curies":[{"name":"wp","href":"https:\/\/api.w.org\/{rel}","templated":true}]}}