{"id":87057,"date":"2023-12-20T11:50:47","date_gmt":"2023-12-20T10:50:47","guid":{"rendered":"https:\/\/relevo.app\/?page_id=87057"},"modified":"2024-03-12T11:28:50","modified_gmt":"2024-03-12T10:28:50","slug":"app_de_weihnachten2023","status":"publish","type":"page","link":"https:\/\/relevo.app\/de\/app_de_weihnachten2023\/","title":{"rendered":"App_de_Weihnachten2023"},"content":{"rendered":"\t\t<div data-elementor-type=\"wp-page\" data-elementor-id=\"87057\" class=\"elementor elementor-87057\" data-elementor-post-type=\"page\">\n\t\t\t\t\t\t<section class=\"elementor-section elementor-top-section elementor-element elementor-element-d3faaab elementor-section-boxed elementor-section-height-default elementor-section-height-default\" data-id=\"d3faaab\" data-element_type=\"section\" data-e-type=\"section\">\n\t\t\t\t\t\t<div class=\"elementor-container elementor-column-gap-default\">\n\t\t\t\t\t<div class=\"elementor-column elementor-col-100 elementor-top-column elementor-element elementor-element-f87883f\" data-id=\"f87883f\" data-element_type=\"column\" data-e-type=\"column\">\n\t\t\t<div class=\"elementor-widget-wrap elementor-element-populated\">\n\t\t\t\t\t\t<div class=\"elementor-element elementor-element-8d66f34 elementor-widget elementor-widget-image\" data-id=\"8d66f34\" data-element_type=\"widget\" data-e-type=\"widget\" data-widget_type=\"image.default\">\n\t\t\t\t<div class=\"elementor-widget-container\">\n\t\t\t\t\t\t\t\t\t\t\t\t\t\t\t<img fetchpriority=\"high\" decoding=\"async\" width=\"500\" height=\"500\" src=\"https:\/\/relevo.app\/wp-content\/uploads\/2023\/12\/oie_floaties.gif\" class=\"attachment-medium_large size-medium_large wp-image-87059\" alt=\"App_fr_No\u00ebl2023\" \/>\t\t\t\t\t\t\t\t\t\t\t\t\t\t\t<\/div>\n\t\t\t\t<\/div>\n\t\t\t\t<div class=\"elementor-element elementor-element-0265353 elementor-widget elementor-widget-text-editor\" data-id=\"0265353\" data-element_type=\"widget\" data-e-type=\"widget\" data-widget_type=\"text-editor.default\">\n\t\t\t\t<div class=\"elementor-widget-container\">\n\t\t\t\t\t\t\t\t\t<p><strong>Sch\u00f6ne Weihnachten und vielen Dank euch allen!<\/strong><\/p><p>2023 war ein ereignisreiches Jahr, von der Gesetzes\u00e4nderung bis hin zum neu eingef\u00fchrten Fast-Check-In im Relevo-System und der knackfrischen Version unserer Relevo App \u2728 Wir blicken stolz und zufrieden zur\u00fcck auf unsere erreichten Meilensteine und sind dankbar f\u00fcr viele tolle Partnerschaften, konsequente Nutzende und Mehrwegbegleiter \ud83d\udcaa Danke, dass wir zusammen unsere Vision, Einweg-M\u00fcll \u00fcberfl\u00fcssig zu machen, ein St\u00fcckchen weiter verwirklicht haben!\ud83d\ude4f\u00a0<\/p><p>Wir w\u00fcnschen Frohe Festtage, einen entspannten Jahresausklang und ein gutes, mehrwegreiches Jahr 2024!\ud83c\udf84\ud83c\udf84\ud83c\udf84<\/p><p>\u00a0<\/p><p>\u00a0<\/p><p>\u00a0<\/p>\t\t\t\t\t\t\t\t<\/div>\n\t\t\t\t<\/div>\n\t\t\t\t\t<\/div>\n\t\t<\/div>\n\t\t\t\t\t<\/div>\n\t\t<\/section>\n\t\t\t\t<section class=\"elementor-section elementor-top-section elementor-element elementor-element-7b90f9a elementor-section-boxed elementor-section-height-default elementor-section-height-default\" data-id=\"7b90f9a\" data-element_type=\"section\" data-e-type=\"section\">\n\t\t\t\t\t\t<div class=\"elementor-container elementor-column-gap-default\">\n\t\t\t\t\t<div class=\"elementor-column elementor-col-100 elementor-top-column elementor-element elementor-element-e4d4f0f\" data-id=\"e4d4f0f\" data-element_type=\"column\" data-e-type=\"column\">\n\t\t\t<div class=\"elementor-widget-wrap\">\n\t\t\t\t\t\t\t<\/div>\n\t\t<\/div>\n\t\t\t\t\t<\/div>\n\t\t<\/section>\n\t\t\t\t<\/div>\n\t\t","protected":false},"excerpt":{"rendered":"<p>Sch\u00f6ne Weihnachten und vielen Dank euch allen! 2023 war ein ereignisreiches Jahr, von der Gesetzes\u00e4nderung bis hin zum neu eingef\u00fchrten Fast-Check-In im Relevo-System und der knackfrischen Version unserer Relevo App \u2728 Wir blicken stolz und zufrieden zur\u00fcck auf unsere erreichten Meilensteine und sind dankbar f\u00fcr viele tolle Partnerschaften, konsequente Nutzende und Mehrwegbegleiter \ud83d\udcaa Danke, dass [&hellip;]<\/p>\n","protected":false},"author":1,"featured_media":0,"parent":0,"menu_order":0,"comment_status":"closed","ping_status":"closed","template":"elementor_canvas","meta":{"content-type":"","om_disable_all_campaigns":false,"footnotes":""},"class_list":["post-87057","page","type-page","status-publish","hentry"],"yoast_head":"<!-- This site is optimized with the Yoast SEO plugin v27.4 - https:\/\/yoast.com\/product\/yoast-seo-wordpress\/ -->\n<title>App_de_Weihnachten2023 - Relevo<\/title>\n<meta name=\"robots\" content=\"noindex, follow\" \/>\n<meta property=\"og:locale\" content=\"de_DE\" \/>\n<meta property=\"og:type\" content=\"article\" \/>\n<meta property=\"og:title\" content=\"App_de_Weihnachten2023 - Relevo\" \/>\n<meta property=\"og:description\" content=\"Sch\u00f6ne Weihnachten und vielen Dank euch allen! 2023 war ein ereignisreiches Jahr, von der Gesetzes\u00e4nderung bis hin zum neu eingef\u00fchrten Fast-Check-In im Relevo-System und der knackfrischen Version unserer Relevo App \u2728 Wir blicken stolz und zufrieden zur\u00fcck auf unsere erreichten Meilensteine und sind dankbar f\u00fcr viele tolle Partnerschaften, konsequente Nutzende und Mehrwegbegleiter \ud83d\udcaa Danke, dass [&hellip;]\" \/>\n<meta property=\"og:url\" content=\"https:\/\/relevo.app\/de\/app_de_weihnachten2023\/\" \/>\n<meta property=\"og:site_name\" content=\"Relevo\" \/>\n<meta property=\"article:modified_time\" content=\"2024-03-12T10:28:50+00:00\" \/>\n<meta property=\"og:image\" content=\"https:\/\/relevo.app\/wp-content\/uploads\/2023\/12\/oie_floaties.gif\" \/>\n<meta name=\"twitter:card\" content=\"summary_large_image\" \/>\n<meta name=\"twitter:label1\" content=\"Gesch\u00e4tzte Lesezeit\" \/>\n\t<meta name=\"twitter:data1\" content=\"1\u00a0Minute\" \/>\n<script type=\"application\/ld+json\" class=\"yoast-schema-graph\">{\"@context\":\"https:\\\/\\\/schema.org\",\"@graph\":[{\"@type\":\"WebPage\",\"@id\":\"https:\\\/\\\/relevo.app\\\/de\\\/app_de_weihnachten2023\\\/\",\"url\":\"https:\\\/\\\/relevo.app\\\/de\\\/app_de_weihnachten2023\\\/\",\"name\":\"App_de_Weihnachten2023 - Relevo\",\"isPartOf\":{\"@id\":\"https:\\\/\\\/relevo.app\\\/de\\\/#website\"},\"primaryImageOfPage\":{\"@id\":\"https:\\\/\\\/relevo.app\\\/de\\\/app_de_weihnachten2023\\\/#primaryimage\"},\"image\":{\"@id\":\"https:\\\/\\\/relevo.app\\\/de\\\/app_de_weihnachten2023\\\/#primaryimage\"},\"thumbnailUrl\":\"https:\\\/\\\/relevo.app\\\/wp-content\\\/uploads\\\/2023\\\/12\\\/oie_floaties.gif\",\"datePublished\":\"2023-12-20T10:50:47+00:00\",\"dateModified\":\"2024-03-12T10:28:50+00:00\",\"breadcrumb\":{\"@id\":\"https:\\\/\\\/relevo.app\\\/de\\\/app_de_weihnachten2023\\\/#breadcrumb\"},\"inLanguage\":\"de\",\"potentialAction\":[{\"@type\":\"ReadAction\",\"target\":[\"https:\\\/\\\/relevo.app\\\/de\\\/app_de_weihnachten2023\\\/\"]}]},{\"@type\":\"ImageObject\",\"inLanguage\":\"de\",\"@id\":\"https:\\\/\\\/relevo.app\\\/de\\\/app_de_weihnachten2023\\\/#primaryimage\",\"url\":\"https:\\\/\\\/relevo.app\\\/wp-content\\\/uploads\\\/2023\\\/12\\\/oie_floaties.gif\",\"contentUrl\":\"https:\\\/\\\/relevo.app\\\/wp-content\\\/uploads\\\/2023\\\/12\\\/oie_floaties.gif\"},{\"@type\":\"BreadcrumbList\",\"@id\":\"https:\\\/\\\/relevo.app\\\/de\\\/app_de_weihnachten2023\\\/#breadcrumb\",\"itemListElement\":[{\"@type\":\"ListItem\",\"position\":1,\"name\":\"Home\",\"item\":\"https:\\\/\\\/relevo.app\\\/de\\\/\"},{\"@type\":\"ListItem\",\"position\":2,\"name\":\"App_de_Weihnachten2023\"}]},{\"@type\":\"WebSite\",\"@id\":\"https:\\\/\\\/relevo.app\\\/de\\\/#website\",\"url\":\"https:\\\/\\\/relevo.app\\\/de\\\/\",\"name\":\"Relevo\",\"description\":\"\",\"potentialAction\":[{\"@type\":\"SearchAction\",\"target\":{\"@type\":\"EntryPoint\",\"urlTemplate\":\"https:\\\/\\\/relevo.app\\\/de\\\/?s={search_term_string}\"},\"query-input\":{\"@type\":\"PropertyValueSpecification\",\"valueRequired\":true,\"valueName\":\"search_term_string\"}}],\"inLanguage\":\"de\"}]}<\/script>\n<!-- \/ Yoast SEO plugin. -->","yoast_head_json":{"title":"App_de_Weihnachten2023 - Relevo","robots":{"index":"noindex","follow":"follow"},"og_locale":"de_DE","og_type":"article","og_title":"App_de_Weihnachten2023 - Relevo","og_description":"Sch\u00f6ne Weihnachten und vielen Dank euch allen! 2023 war ein ereignisreiches Jahr, von der Gesetzes\u00e4nderung bis hin zum neu eingef\u00fchrten Fast-Check-In im Relevo-System und der knackfrischen Version unserer Relevo App \u2728 Wir blicken stolz und zufrieden zur\u00fcck auf unsere erreichten Meilensteine und sind dankbar f\u00fcr viele tolle Partnerschaften, konsequente Nutzende und Mehrwegbegleiter \ud83d\udcaa Danke, dass [&hellip;]","og_url":"https:\/\/relevo.app\/de\/app_de_weihnachten2023\/","og_site_name":"Relevo","article_modified_time":"2024-03-12T10:28:50+00:00","og_image":[{"url":"https:\/\/relevo.app\/wp-content\/uploads\/2023\/12\/oie_floaties.gif","type":"","width":"","height":""}],"twitter_card":"summary_large_image","twitter_misc":{"Gesch\u00e4tzte Lesezeit":"1\u00a0Minute"},"schema":{"@context":"https:\/\/schema.org","@graph":[{"@type":"WebPage","@id":"https:\/\/relevo.app\/de\/app_de_weihnachten2023\/","url":"https:\/\/relevo.app\/de\/app_de_weihnachten2023\/","name":"App_de_Weihnachten2023 - Relevo","isPartOf":{"@id":"https:\/\/relevo.app\/de\/#website"},"primaryImageOfPage":{"@id":"https:\/\/relevo.app\/de\/app_de_weihnachten2023\/#primaryimage"},"image":{"@id":"https:\/\/relevo.app\/de\/app_de_weihnachten2023\/#primaryimage"},"thumbnailUrl":"https:\/\/relevo.app\/wp-content\/uploads\/2023\/12\/oie_floaties.gif","datePublished":"2023-12-20T10:50:47+00:00","dateModified":"2024-03-12T10:28:50+00:00","breadcrumb":{"@id":"https:\/\/relevo.app\/de\/app_de_weihnachten2023\/#breadcrumb"},"inLanguage":"de","potentialAction":[{"@type":"ReadAction","target":["https:\/\/relevo.app\/de\/app_de_weihnachten2023\/"]}]},{"@type":"ImageObject","inLanguage":"de","@id":"https:\/\/relevo.app\/de\/app_de_weihnachten2023\/#primaryimage","url":"https:\/\/relevo.app\/wp-content\/uploads\/2023\/12\/oie_floaties.gif","contentUrl":"https:\/\/relevo.app\/wp-content\/uploads\/2023\/12\/oie_floaties.gif"},{"@type":"BreadcrumbList","@id":"https:\/\/relevo.app\/de\/app_de_weihnachten2023\/#breadcrumb","itemListElement":[{"@type":"ListItem","position":1,"name":"Home","item":"https:\/\/relevo.app\/de\/"},{"@type":"ListItem","position":2,"name":"App_de_Weihnachten2023"}]},{"@type":"WebSite","@id":"https:\/\/relevo.app\/de\/#website","url":"https:\/\/relevo.app\/de\/","name":"Relevo","description":"","potentialAction":[{"@type":"SearchAction","target":{"@type":"EntryPoint","urlTemplate":"https:\/\/relevo.app\/de\/?s={search_term_string}"},"query-input":{"@type":"PropertyValueSpecification","valueRequired":true,"valueName":"search_term_string"}}],"inLanguage":"de"}]}},"_links":{"self":[{"href":"https:\/\/relevo.app\/de\/wp-json\/wp\/v2\/pages\/87057","targetHints":{"allow":["GET"]}}],"collection":[{"href":"https:\/\/relevo.app\/de\/wp-json\/wp\/v2\/pages"}],"about":[{"href":"https:\/\/relevo.app\/de\/wp-json\/wp\/v2\/types\/page"}],"author":[{"embeddable":true,"href":"https:\/\/relevo.app\/de\/wp-json\/wp\/v2\/users\/1"}],"replies":[{"embeddable":true,"href":"https:\/\/relevo.app\/de\/wp-json\/wp\/v2\/comments?post=87057"}],"version-history":[{"count":4,"href":"https:\/\/relevo.app\/de\/wp-json\/wp\/v2\/pages\/87057\/revisions"}],"predecessor-version":[{"id":87068,"href":"https:\/\/relevo.app\/de\/wp-json\/wp\/v2\/pages\/87057\/revisions\/87068"}],"wp:attachment":[{"href":"https:\/\/relevo.app\/de\/wp-json\/wp\/v2\/media?parent=87057"}],"curies":[{"name":"wp","href":"https:\/\/api.w.org\/{rel}","templated":true}]}}