{"id":86965,"date":"2023-12-11T11:20:02","date_gmt":"2023-12-11T10:20:02","guid":{"rendered":"https:\/\/relevo.app\/?page_id=86965"},"modified":"2024-03-12T11:41:12","modified_gmt":"2024-03-12T10:41:12","slug":"app_fr_jalone","status":"publish","type":"page","link":"https:\/\/relevo.app\/de\/app_fr_jalone\/","title":{"rendered":"App_fr_Jalone"},"content":{"rendered":"\t\t<div data-elementor-type=\"wp-page\" data-elementor-id=\"86965\" class=\"elementor elementor-86965\" data-elementor-post-type=\"page\">\n\t\t\t\t\t\t<section class=\"elementor-section elementor-top-section elementor-element elementor-element-d3faaab elementor-section-boxed elementor-section-height-default elementor-section-height-default\" data-id=\"d3faaab\" data-element_type=\"section\" data-e-type=\"section\">\n\t\t\t\t\t\t<div class=\"elementor-container elementor-column-gap-default\">\n\t\t\t\t\t<div class=\"elementor-column elementor-col-100 elementor-top-column elementor-element elementor-element-f87883f\" data-id=\"f87883f\" data-element_type=\"column\" data-e-type=\"column\">\n\t\t\t<div class=\"elementor-widget-wrap elementor-element-populated\">\n\t\t\t\t\t\t<div class=\"elementor-element elementor-element-8d66f34 elementor-widget elementor-widget-image\" data-id=\"8d66f34\" data-element_type=\"widget\" data-e-type=\"widget\" data-widget_type=\"image.default\">\n\t\t\t\t<div class=\"elementor-widget-container\">\n\t\t\t\t\t\t\t\t\t\t\t\t\t\t\t<img fetchpriority=\"high\" decoding=\"async\" width=\"540\" height=\"540\" src=\"https:\/\/relevo.app\/wp-content\/uploads\/2023\/12\/3mio_fr.jpg\" class=\"attachment-medium_large size-medium_large wp-image-86967\" alt=\"App_fr_Jalone\" srcset=\"https:\/\/relevo.app\/wp-content\/uploads\/2023\/12\/3mio_fr.jpg 540w, https:\/\/relevo.app\/wp-content\/uploads\/2023\/12\/3mio_fr-300x300.jpg 300w, https:\/\/relevo.app\/wp-content\/uploads\/2023\/12\/3mio_fr-150x150.jpg 150w\" sizes=\"(max-width: 540px) 100vw, 540px\" \/>\t\t\t\t\t\t\t\t\t\t\t\t\t\t\t<\/div>\n\t\t\t\t<\/div>\n\t\t\t\t<div class=\"elementor-element elementor-element-0265353 elementor-widget elementor-widget-text-editor\" data-id=\"0265353\" data-element_type=\"widget\" data-e-type=\"widget\" data-widget_type=\"text-editor.default\">\n\t\t\t\t<div class=\"elementor-widget-container\">\n\t\t\t\t\t\t\t\t\t<p><b>3 millions de bonnes d\u00e9cisions&#8230;<\/b><\/p><p>Wow, si ce n&#8217;est pas une raison de c\u00e9l\u00e9brer !\ud83c\udf88Avec la vaisselle r\u00e9utilisable Relevo, des milliers d&#8217;emballages jetables sont \u00e9conomis\u00e9s chaque jour en Allemagne. Gr\u00e2ce \u00e0 votre engagement, nous avons franchi un seuil impressionnant en \u00e9vitant l&#8217;usage de plus de 3 160 000 gobelets en plastique, assiettes en carton et contenants en polystyr\u00e8ne \ud83d\udc4f. Imaginez : cela remplit plus de 40 000 poubelles ou couvre la superficie de 12 terrains de football d&#8217;emballages \u00e0 usage unique qui, gr\u00e2ce \u00e0 vous, n&#8217;ont pas \u00e9t\u00e9 produits ! Poursuivons ensemble cette bataille pour r\u00e9duire les d\u00e9chets et le gaspillage de ressources \u2014 cap sur le prochain million ! \ud83d\udc4d\ud83d\udc4d<\/p><p>\u00a0<\/p><p>\u00a0<\/p><p>\u00a0<\/p>\t\t\t\t\t\t\t\t<\/div>\n\t\t\t\t<\/div>\n\t\t\t\t\t<\/div>\n\t\t<\/div>\n\t\t\t\t\t<\/div>\n\t\t<\/section>\n\t\t\t\t<section class=\"elementor-section elementor-top-section elementor-element elementor-element-7b90f9a elementor-section-boxed elementor-section-height-default elementor-section-height-default\" data-id=\"7b90f9a\" data-element_type=\"section\" data-e-type=\"section\">\n\t\t\t\t\t\t<div class=\"elementor-container elementor-column-gap-default\">\n\t\t\t\t\t<div class=\"elementor-column elementor-col-100 elementor-top-column elementor-element elementor-element-e4d4f0f\" data-id=\"e4d4f0f\" data-element_type=\"column\" data-e-type=\"column\">\n\t\t\t<div class=\"elementor-widget-wrap\">\n\t\t\t\t\t\t\t<\/div>\n\t\t<\/div>\n\t\t\t\t\t<\/div>\n\t\t<\/section>\n\t\t\t\t<\/div>\n\t\t","protected":false},"excerpt":{"rendered":"<p>3 millions de bonnes d\u00e9cisions&#8230; Wow, si ce n&#8217;est pas une raison de c\u00e9l\u00e9brer !\ud83c\udf88Avec la vaisselle r\u00e9utilisable Relevo, des milliers d&#8217;emballages jetables sont \u00e9conomis\u00e9s chaque jour en Allemagne. Gr\u00e2ce \u00e0 votre engagement, nous avons franchi un seuil impressionnant en \u00e9vitant l&#8217;usage de plus de 3 160 000 gobelets en plastique, assiettes en carton et [&hellip;]<\/p>\n","protected":false},"author":1,"featured_media":0,"parent":0,"menu_order":0,"comment_status":"closed","ping_status":"closed","template":"elementor_canvas","meta":{"content-type":"","om_disable_all_campaigns":false,"footnotes":""},"class_list":["post-86965","page","type-page","status-publish","hentry"],"yoast_head":"<!-- This site is optimized with the Yoast SEO plugin v27.4 - https:\/\/yoast.com\/product\/yoast-seo-wordpress\/ -->\n<title>App_fr_Jalone - Relevo<\/title>\n<meta name=\"robots\" content=\"noindex, follow\" \/>\n<meta property=\"og:locale\" content=\"de_DE\" \/>\n<meta property=\"og:type\" content=\"article\" \/>\n<meta property=\"og:title\" content=\"App_fr_Jalone - Relevo\" \/>\n<meta property=\"og:description\" content=\"3 millions de bonnes d\u00e9cisions&#8230; Wow, si ce n&#8217;est pas une raison de c\u00e9l\u00e9brer !\ud83c\udf88Avec la vaisselle r\u00e9utilisable Relevo, des milliers d&#8217;emballages jetables sont \u00e9conomis\u00e9s chaque jour en Allemagne. Gr\u00e2ce \u00e0 votre engagement, nous avons franchi un seuil impressionnant en \u00e9vitant l&#8217;usage de plus de 3 160 000 gobelets en plastique, assiettes en carton et [&hellip;]\" \/>\n<meta property=\"og:url\" content=\"https:\/\/relevo.app\/de\/app_fr_jalone\/\" \/>\n<meta property=\"og:site_name\" content=\"Relevo\" \/>\n<meta property=\"article:modified_time\" content=\"2024-03-12T10:41:12+00:00\" \/>\n<meta property=\"og:image\" content=\"https:\/\/relevo.app\/wp-content\/uploads\/2023\/12\/3mio_fr.jpg\" \/>\n<meta name=\"twitter:card\" content=\"summary_large_image\" \/>\n<meta name=\"twitter:label1\" content=\"Gesch\u00e4tzte Lesezeit\" \/>\n\t<meta name=\"twitter:data1\" content=\"1\u00a0Minute\" \/>\n<script type=\"application\/ld+json\" class=\"yoast-schema-graph\">{\"@context\":\"https:\\\/\\\/schema.org\",\"@graph\":[{\"@type\":\"WebPage\",\"@id\":\"https:\\\/\\\/relevo.app\\\/de\\\/app_fr_jalone\\\/\",\"url\":\"https:\\\/\\\/relevo.app\\\/de\\\/app_fr_jalone\\\/\",\"name\":\"App_fr_Jalone - Relevo\",\"isPartOf\":{\"@id\":\"https:\\\/\\\/relevo.app\\\/de\\\/#website\"},\"primaryImageOfPage\":{\"@id\":\"https:\\\/\\\/relevo.app\\\/de\\\/app_fr_jalone\\\/#primaryimage\"},\"image\":{\"@id\":\"https:\\\/\\\/relevo.app\\\/de\\\/app_fr_jalone\\\/#primaryimage\"},\"thumbnailUrl\":\"https:\\\/\\\/relevo.app\\\/wp-content\\\/uploads\\\/2023\\\/12\\\/3mio_fr.jpg\",\"datePublished\":\"2023-12-11T10:20:02+00:00\",\"dateModified\":\"2024-03-12T10:41:12+00:00\",\"breadcrumb\":{\"@id\":\"https:\\\/\\\/relevo.app\\\/de\\\/app_fr_jalone\\\/#breadcrumb\"},\"inLanguage\":\"de\",\"potentialAction\":[{\"@type\":\"ReadAction\",\"target\":[\"https:\\\/\\\/relevo.app\\\/de\\\/app_fr_jalone\\\/\"]}]},{\"@type\":\"ImageObject\",\"inLanguage\":\"de\",\"@id\":\"https:\\\/\\\/relevo.app\\\/de\\\/app_fr_jalone\\\/#primaryimage\",\"url\":\"https:\\\/\\\/relevo.app\\\/wp-content\\\/uploads\\\/2023\\\/12\\\/3mio_fr.jpg\",\"contentUrl\":\"https:\\\/\\\/relevo.app\\\/wp-content\\\/uploads\\\/2023\\\/12\\\/3mio_fr.jpg\"},{\"@type\":\"BreadcrumbList\",\"@id\":\"https:\\\/\\\/relevo.app\\\/de\\\/app_fr_jalone\\\/#breadcrumb\",\"itemListElement\":[{\"@type\":\"ListItem\",\"position\":1,\"name\":\"Home\",\"item\":\"https:\\\/\\\/relevo.app\\\/de\\\/\"},{\"@type\":\"ListItem\",\"position\":2,\"name\":\"App_fr_Jalone\"}]},{\"@type\":\"WebSite\",\"@id\":\"https:\\\/\\\/relevo.app\\\/de\\\/#website\",\"url\":\"https:\\\/\\\/relevo.app\\\/de\\\/\",\"name\":\"Relevo\",\"description\":\"\",\"potentialAction\":[{\"@type\":\"SearchAction\",\"target\":{\"@type\":\"EntryPoint\",\"urlTemplate\":\"https:\\\/\\\/relevo.app\\\/de\\\/?s={search_term_string}\"},\"query-input\":{\"@type\":\"PropertyValueSpecification\",\"valueRequired\":true,\"valueName\":\"search_term_string\"}}],\"inLanguage\":\"de\"}]}<\/script>\n<!-- \/ Yoast SEO plugin. -->","yoast_head_json":{"title":"App_fr_Jalone - Relevo","robots":{"index":"noindex","follow":"follow"},"og_locale":"de_DE","og_type":"article","og_title":"App_fr_Jalone - Relevo","og_description":"3 millions de bonnes d\u00e9cisions&#8230; Wow, si ce n&#8217;est pas une raison de c\u00e9l\u00e9brer !\ud83c\udf88Avec la vaisselle r\u00e9utilisable Relevo, des milliers d&#8217;emballages jetables sont \u00e9conomis\u00e9s chaque jour en Allemagne. Gr\u00e2ce \u00e0 votre engagement, nous avons franchi un seuil impressionnant en \u00e9vitant l&#8217;usage de plus de 3 160 000 gobelets en plastique, assiettes en carton et [&hellip;]","og_url":"https:\/\/relevo.app\/de\/app_fr_jalone\/","og_site_name":"Relevo","article_modified_time":"2024-03-12T10:41:12+00:00","og_image":[{"url":"https:\/\/relevo.app\/wp-content\/uploads\/2023\/12\/3mio_fr.jpg","type":"","width":"","height":""}],"twitter_card":"summary_large_image","twitter_misc":{"Gesch\u00e4tzte Lesezeit":"1\u00a0Minute"},"schema":{"@context":"https:\/\/schema.org","@graph":[{"@type":"WebPage","@id":"https:\/\/relevo.app\/de\/app_fr_jalone\/","url":"https:\/\/relevo.app\/de\/app_fr_jalone\/","name":"App_fr_Jalone - Relevo","isPartOf":{"@id":"https:\/\/relevo.app\/de\/#website"},"primaryImageOfPage":{"@id":"https:\/\/relevo.app\/de\/app_fr_jalone\/#primaryimage"},"image":{"@id":"https:\/\/relevo.app\/de\/app_fr_jalone\/#primaryimage"},"thumbnailUrl":"https:\/\/relevo.app\/wp-content\/uploads\/2023\/12\/3mio_fr.jpg","datePublished":"2023-12-11T10:20:02+00:00","dateModified":"2024-03-12T10:41:12+00:00","breadcrumb":{"@id":"https:\/\/relevo.app\/de\/app_fr_jalone\/#breadcrumb"},"inLanguage":"de","potentialAction":[{"@type":"ReadAction","target":["https:\/\/relevo.app\/de\/app_fr_jalone\/"]}]},{"@type":"ImageObject","inLanguage":"de","@id":"https:\/\/relevo.app\/de\/app_fr_jalone\/#primaryimage","url":"https:\/\/relevo.app\/wp-content\/uploads\/2023\/12\/3mio_fr.jpg","contentUrl":"https:\/\/relevo.app\/wp-content\/uploads\/2023\/12\/3mio_fr.jpg"},{"@type":"BreadcrumbList","@id":"https:\/\/relevo.app\/de\/app_fr_jalone\/#breadcrumb","itemListElement":[{"@type":"ListItem","position":1,"name":"Home","item":"https:\/\/relevo.app\/de\/"},{"@type":"ListItem","position":2,"name":"App_fr_Jalone"}]},{"@type":"WebSite","@id":"https:\/\/relevo.app\/de\/#website","url":"https:\/\/relevo.app\/de\/","name":"Relevo","description":"","potentialAction":[{"@type":"SearchAction","target":{"@type":"EntryPoint","urlTemplate":"https:\/\/relevo.app\/de\/?s={search_term_string}"},"query-input":{"@type":"PropertyValueSpecification","valueRequired":true,"valueName":"search_term_string"}}],"inLanguage":"de"}]}},"_links":{"self":[{"href":"https:\/\/relevo.app\/de\/wp-json\/wp\/v2\/pages\/86965","targetHints":{"allow":["GET"]}}],"collection":[{"href":"https:\/\/relevo.app\/de\/wp-json\/wp\/v2\/pages"}],"about":[{"href":"https:\/\/relevo.app\/de\/wp-json\/wp\/v2\/types\/page"}],"author":[{"embeddable":true,"href":"https:\/\/relevo.app\/de\/wp-json\/wp\/v2\/users\/1"}],"replies":[{"embeddable":true,"href":"https:\/\/relevo.app\/de\/wp-json\/wp\/v2\/comments?post=86965"}],"version-history":[{"count":4,"href":"https:\/\/relevo.app\/de\/wp-json\/wp\/v2\/pages\/86965\/revisions"}],"predecessor-version":[{"id":86976,"href":"https:\/\/relevo.app\/de\/wp-json\/wp\/v2\/pages\/86965\/revisions\/86976"}],"wp:attachment":[{"href":"https:\/\/relevo.app\/de\/wp-json\/wp\/v2\/media?parent=86965"}],"curies":[{"name":"wp","href":"https:\/\/api.w.org\/{rel}","templated":true}]}}