{"id":86940,"date":"2023-12-11T10:55:47","date_gmt":"2023-12-11T09:55:47","guid":{"rendered":"https:\/\/relevo.app\/?page_id=86940"},"modified":"2024-03-12T11:28:42","modified_gmt":"2024-03-12T10:28:42","slug":"app_de_meilenstein","status":"publish","type":"page","link":"https:\/\/relevo.app\/de\/app_de_meilenstein\/","title":{"rendered":"App_de_Meilenstein"},"content":{"rendered":"\t\t<div data-elementor-type=\"wp-page\" data-elementor-id=\"86940\" class=\"elementor elementor-86940\" data-elementor-post-type=\"page\">\n\t\t\t\t\t\t<section class=\"elementor-section elementor-top-section elementor-element elementor-element-d3faaab elementor-section-boxed elementor-section-height-default elementor-section-height-default\" data-id=\"d3faaab\" data-element_type=\"section\" data-e-type=\"section\">\n\t\t\t\t\t\t<div class=\"elementor-container elementor-column-gap-default\">\n\t\t\t\t\t<div class=\"elementor-column elementor-col-100 elementor-top-column elementor-element elementor-element-f87883f\" data-id=\"f87883f\" data-element_type=\"column\" data-e-type=\"column\">\n\t\t\t<div class=\"elementor-widget-wrap elementor-element-populated\">\n\t\t\t\t\t\t<div class=\"elementor-element elementor-element-8d66f34 elementor-widget elementor-widget-image\" data-id=\"8d66f34\" data-element_type=\"widget\" data-e-type=\"widget\" data-widget_type=\"image.default\">\n\t\t\t\t<div class=\"elementor-widget-container\">\n\t\t\t\t\t\t\t\t\t\t\t\t\t\t\t<img fetchpriority=\"high\" decoding=\"async\" width=\"540\" height=\"540\" src=\"https:\/\/relevo.app\/wp-content\/uploads\/2023\/12\/3mio.jpg\" class=\"attachment-medium_large size-medium_large wp-image-86942\" alt=\"App_fr_Jalone\" srcset=\"https:\/\/relevo.app\/wp-content\/uploads\/2023\/12\/3mio.jpg 540w, https:\/\/relevo.app\/wp-content\/uploads\/2023\/12\/3mio-300x300.jpg 300w, https:\/\/relevo.app\/wp-content\/uploads\/2023\/12\/3mio-150x150.jpg 150w\" sizes=\"(max-width: 540px) 100vw, 540px\" \/>\t\t\t\t\t\t\t\t\t\t\t\t\t\t\t<\/div>\n\t\t\t\t<\/div>\n\t\t\t\t<div class=\"elementor-element elementor-element-0265353 elementor-widget elementor-widget-text-editor\" data-id=\"0265353\" data-element_type=\"widget\" data-e-type=\"widget\" data-widget_type=\"text-editor.default\">\n\t\t\t\t<div class=\"elementor-widget-container\">\n\t\t\t\t\t\t\t\t\t<p><b>3 Millionen gute Entscheidungen \u2026<\/b><\/p><p>Wow, wenn das kein Grund zum Feiern ist! \u00ad\ud83c\udf88Mit dem Einsatz von Relevo Mehrweggeschirr werden in Deutschland t\u00e4glich tausende von Einwegverpackungen eingespart. Gemeinsam mit euch haben wir jetzt die Multi-Millionen Marke genommen und \u00fcber 3.197.000 Plastikbecher, Pappteller und Styroporboxen eingespart \ud83d\udc4f. Das entspricht dem Inhalt von \u00fcber 40.000 M\u00fcllbeh\u00e4ltern oder der Fl\u00e4che von 12 Fu\u00dfballfeldern voll mit Einwegverpackungen, die dank eurer Entscheidungen gar nicht erst entstanden sind! Lasst uns zusammen weiter f\u00fcr weniger Abfall und Materialverschwendung k\u00e4mpfen &#8211; auf zur n\u00e4chsten Million! \ud83d\udc4d<\/p><p>\u00a0<\/p><p>\u00a0<\/p><p>\u00a0<\/p><p>\u00a0<\/p>\t\t\t\t\t\t\t\t<\/div>\n\t\t\t\t<\/div>\n\t\t\t\t\t<\/div>\n\t\t<\/div>\n\t\t\t\t\t<\/div>\n\t\t<\/section>\n\t\t\t\t<section class=\"elementor-section elementor-top-section elementor-element elementor-element-7b90f9a elementor-section-boxed elementor-section-height-default elementor-section-height-default\" data-id=\"7b90f9a\" data-element_type=\"section\" data-e-type=\"section\">\n\t\t\t\t\t\t<div class=\"elementor-container elementor-column-gap-default\">\n\t\t\t\t\t<div class=\"elementor-column elementor-col-100 elementor-top-column elementor-element elementor-element-e4d4f0f\" data-id=\"e4d4f0f\" data-element_type=\"column\" data-e-type=\"column\">\n\t\t\t<div class=\"elementor-widget-wrap\">\n\t\t\t\t\t\t\t<\/div>\n\t\t<\/div>\n\t\t\t\t\t<\/div>\n\t\t<\/section>\n\t\t\t\t<\/div>\n\t\t","protected":false},"excerpt":{"rendered":"<p>3 Millionen gute Entscheidungen \u2026 Wow, wenn das kein Grund zum Feiern ist! \u00ad\ud83c\udf88Mit dem Einsatz von Relevo Mehrweggeschirr werden in Deutschland t\u00e4glich tausende von Einwegverpackungen eingespart. Gemeinsam mit euch haben wir jetzt die Multi-Millionen Marke genommen und \u00fcber 3.197.000 Plastikbecher, Pappteller und Styroporboxen eingespart \ud83d\udc4f. Das entspricht dem Inhalt von \u00fcber 40.000 M\u00fcllbeh\u00e4ltern oder [&hellip;]<\/p>\n","protected":false},"author":1,"featured_media":0,"parent":0,"menu_order":0,"comment_status":"closed","ping_status":"closed","template":"elementor_canvas","meta":{"content-type":"","om_disable_all_campaigns":false,"footnotes":""},"class_list":["post-86940","page","type-page","status-publish","hentry"],"yoast_head":"<!-- This site is optimized with the Yoast SEO plugin v27.4 - https:\/\/yoast.com\/product\/yoast-seo-wordpress\/ -->\n<title>App_de_Meilenstein - Relevo<\/title>\n<meta name=\"robots\" content=\"noindex, follow\" \/>\n<meta property=\"og:locale\" content=\"de_DE\" \/>\n<meta property=\"og:type\" content=\"article\" \/>\n<meta property=\"og:title\" content=\"App_de_Meilenstein - Relevo\" \/>\n<meta property=\"og:description\" content=\"3 Millionen gute Entscheidungen \u2026 Wow, wenn das kein Grund zum Feiern ist! \u00ad\ud83c\udf88Mit dem Einsatz von Relevo Mehrweggeschirr werden in Deutschland t\u00e4glich tausende von Einwegverpackungen eingespart. Gemeinsam mit euch haben wir jetzt die Multi-Millionen Marke genommen und \u00fcber 3.197.000 Plastikbecher, Pappteller und Styroporboxen eingespart \ud83d\udc4f. Das entspricht dem Inhalt von \u00fcber 40.000 M\u00fcllbeh\u00e4ltern oder [&hellip;]\" \/>\n<meta property=\"og:url\" content=\"https:\/\/relevo.app\/de\/app_de_meilenstein\/\" \/>\n<meta property=\"og:site_name\" content=\"Relevo\" \/>\n<meta property=\"article:modified_time\" content=\"2024-03-12T10:28:42+00:00\" \/>\n<meta property=\"og:image\" content=\"https:\/\/relevo.app\/wp-content\/uploads\/2023\/12\/3mio.jpg\" \/>\n<meta name=\"twitter:card\" content=\"summary_large_image\" \/>\n<meta name=\"twitter:label1\" content=\"Gesch\u00e4tzte Lesezeit\" \/>\n\t<meta name=\"twitter:data1\" content=\"1\u00a0Minute\" \/>\n<script type=\"application\/ld+json\" class=\"yoast-schema-graph\">{\"@context\":\"https:\\\/\\\/schema.org\",\"@graph\":[{\"@type\":\"WebPage\",\"@id\":\"https:\\\/\\\/relevo.app\\\/de\\\/app_de_meilenstein\\\/\",\"url\":\"https:\\\/\\\/relevo.app\\\/de\\\/app_de_meilenstein\\\/\",\"name\":\"App_de_Meilenstein - Relevo\",\"isPartOf\":{\"@id\":\"https:\\\/\\\/relevo.app\\\/de\\\/#website\"},\"primaryImageOfPage\":{\"@id\":\"https:\\\/\\\/relevo.app\\\/de\\\/app_de_meilenstein\\\/#primaryimage\"},\"image\":{\"@id\":\"https:\\\/\\\/relevo.app\\\/de\\\/app_de_meilenstein\\\/#primaryimage\"},\"thumbnailUrl\":\"https:\\\/\\\/relevo.app\\\/wp-content\\\/uploads\\\/2023\\\/12\\\/3mio.jpg\",\"datePublished\":\"2023-12-11T09:55:47+00:00\",\"dateModified\":\"2024-03-12T10:28:42+00:00\",\"breadcrumb\":{\"@id\":\"https:\\\/\\\/relevo.app\\\/de\\\/app_de_meilenstein\\\/#breadcrumb\"},\"inLanguage\":\"de\",\"potentialAction\":[{\"@type\":\"ReadAction\",\"target\":[\"https:\\\/\\\/relevo.app\\\/de\\\/app_de_meilenstein\\\/\"]}]},{\"@type\":\"ImageObject\",\"inLanguage\":\"de\",\"@id\":\"https:\\\/\\\/relevo.app\\\/de\\\/app_de_meilenstein\\\/#primaryimage\",\"url\":\"https:\\\/\\\/relevo.app\\\/wp-content\\\/uploads\\\/2023\\\/12\\\/3mio.jpg\",\"contentUrl\":\"https:\\\/\\\/relevo.app\\\/wp-content\\\/uploads\\\/2023\\\/12\\\/3mio.jpg\"},{\"@type\":\"BreadcrumbList\",\"@id\":\"https:\\\/\\\/relevo.app\\\/de\\\/app_de_meilenstein\\\/#breadcrumb\",\"itemListElement\":[{\"@type\":\"ListItem\",\"position\":1,\"name\":\"Home\",\"item\":\"https:\\\/\\\/relevo.app\\\/de\\\/\"},{\"@type\":\"ListItem\",\"position\":2,\"name\":\"App_de_Meilenstein\"}]},{\"@type\":\"WebSite\",\"@id\":\"https:\\\/\\\/relevo.app\\\/de\\\/#website\",\"url\":\"https:\\\/\\\/relevo.app\\\/de\\\/\",\"name\":\"Relevo\",\"description\":\"\",\"potentialAction\":[{\"@type\":\"SearchAction\",\"target\":{\"@type\":\"EntryPoint\",\"urlTemplate\":\"https:\\\/\\\/relevo.app\\\/de\\\/?s={search_term_string}\"},\"query-input\":{\"@type\":\"PropertyValueSpecification\",\"valueRequired\":true,\"valueName\":\"search_term_string\"}}],\"inLanguage\":\"de\"}]}<\/script>\n<!-- \/ Yoast SEO plugin. -->","yoast_head_json":{"title":"App_de_Meilenstein - Relevo","robots":{"index":"noindex","follow":"follow"},"og_locale":"de_DE","og_type":"article","og_title":"App_de_Meilenstein - Relevo","og_description":"3 Millionen gute Entscheidungen \u2026 Wow, wenn das kein Grund zum Feiern ist! \u00ad\ud83c\udf88Mit dem Einsatz von Relevo Mehrweggeschirr werden in Deutschland t\u00e4glich tausende von Einwegverpackungen eingespart. Gemeinsam mit euch haben wir jetzt die Multi-Millionen Marke genommen und \u00fcber 3.197.000 Plastikbecher, Pappteller und Styroporboxen eingespart \ud83d\udc4f. Das entspricht dem Inhalt von \u00fcber 40.000 M\u00fcllbeh\u00e4ltern oder [&hellip;]","og_url":"https:\/\/relevo.app\/de\/app_de_meilenstein\/","og_site_name":"Relevo","article_modified_time":"2024-03-12T10:28:42+00:00","og_image":[{"url":"https:\/\/relevo.app\/wp-content\/uploads\/2023\/12\/3mio.jpg","type":"","width":"","height":""}],"twitter_card":"summary_large_image","twitter_misc":{"Gesch\u00e4tzte Lesezeit":"1\u00a0Minute"},"schema":{"@context":"https:\/\/schema.org","@graph":[{"@type":"WebPage","@id":"https:\/\/relevo.app\/de\/app_de_meilenstein\/","url":"https:\/\/relevo.app\/de\/app_de_meilenstein\/","name":"App_de_Meilenstein - Relevo","isPartOf":{"@id":"https:\/\/relevo.app\/de\/#website"},"primaryImageOfPage":{"@id":"https:\/\/relevo.app\/de\/app_de_meilenstein\/#primaryimage"},"image":{"@id":"https:\/\/relevo.app\/de\/app_de_meilenstein\/#primaryimage"},"thumbnailUrl":"https:\/\/relevo.app\/wp-content\/uploads\/2023\/12\/3mio.jpg","datePublished":"2023-12-11T09:55:47+00:00","dateModified":"2024-03-12T10:28:42+00:00","breadcrumb":{"@id":"https:\/\/relevo.app\/de\/app_de_meilenstein\/#breadcrumb"},"inLanguage":"de","potentialAction":[{"@type":"ReadAction","target":["https:\/\/relevo.app\/de\/app_de_meilenstein\/"]}]},{"@type":"ImageObject","inLanguage":"de","@id":"https:\/\/relevo.app\/de\/app_de_meilenstein\/#primaryimage","url":"https:\/\/relevo.app\/wp-content\/uploads\/2023\/12\/3mio.jpg","contentUrl":"https:\/\/relevo.app\/wp-content\/uploads\/2023\/12\/3mio.jpg"},{"@type":"BreadcrumbList","@id":"https:\/\/relevo.app\/de\/app_de_meilenstein\/#breadcrumb","itemListElement":[{"@type":"ListItem","position":1,"name":"Home","item":"https:\/\/relevo.app\/de\/"},{"@type":"ListItem","position":2,"name":"App_de_Meilenstein"}]},{"@type":"WebSite","@id":"https:\/\/relevo.app\/de\/#website","url":"https:\/\/relevo.app\/de\/","name":"Relevo","description":"","potentialAction":[{"@type":"SearchAction","target":{"@type":"EntryPoint","urlTemplate":"https:\/\/relevo.app\/de\/?s={search_term_string}"},"query-input":{"@type":"PropertyValueSpecification","valueRequired":true,"valueName":"search_term_string"}}],"inLanguage":"de"}]}},"_links":{"self":[{"href":"https:\/\/relevo.app\/de\/wp-json\/wp\/v2\/pages\/86940","targetHints":{"allow":["GET"]}}],"collection":[{"href":"https:\/\/relevo.app\/de\/wp-json\/wp\/v2\/pages"}],"about":[{"href":"https:\/\/relevo.app\/de\/wp-json\/wp\/v2\/types\/page"}],"author":[{"embeddable":true,"href":"https:\/\/relevo.app\/de\/wp-json\/wp\/v2\/users\/1"}],"replies":[{"embeddable":true,"href":"https:\/\/relevo.app\/de\/wp-json\/wp\/v2\/comments?post=86940"}],"version-history":[{"count":5,"href":"https:\/\/relevo.app\/de\/wp-json\/wp\/v2\/pages\/86940\/revisions"}],"predecessor-version":[{"id":86952,"href":"https:\/\/relevo.app\/de\/wp-json\/wp\/v2\/pages\/86940\/revisions\/86952"}],"wp:attachment":[{"href":"https:\/\/relevo.app\/de\/wp-json\/wp\/v2\/media?parent=86940"}],"curies":[{"name":"wp","href":"https:\/\/api.w.org\/{rel}","templated":true}]}}