{"id":85947,"date":"2023-09-15T10:48:51","date_gmt":"2023-09-15T08:48:51","guid":{"rendered":"https:\/\/relevo.app\/?page_id=85947"},"modified":"2024-12-11T08:41:47","modified_gmt":"2024-12-11T07:41:47","slug":"ueber-relevo","status":"publish","type":"page","link":"https:\/\/relevo.app\/de\/ueber-relevo\/","title":{"rendered":"\u00dcber Relevo"},"content":{"rendered":"\t\t<div data-elementor-type=\"wp-page\" data-elementor-id=\"85947\" class=\"elementor elementor-85947\" data-elementor-post-type=\"page\">\n\t\t\t\t\t\t<section class=\"elementor-section elementor-top-section elementor-element elementor-element-289c040 elementor-section-height-min-height elementor-section-boxed elementor-section-height-default elementor-section-items-middle\" data-id=\"289c040\" data-element_type=\"section\" data-e-type=\"section\" data-settings=\"{&quot;background_background&quot;:&quot;classic&quot;}\">\n\t\t\t\t\t\t\t<div class=\"elementor-background-overlay\"><\/div>\n\t\t\t\t\t\t\t<div class=\"elementor-container elementor-column-gap-default\">\n\t\t\t\t\t<div class=\"elementor-column elementor-col-100 elementor-top-column elementor-element elementor-element-87cff24\" data-id=\"87cff24\" data-element_type=\"column\" data-e-type=\"column\">\n\t\t\t<div class=\"elementor-widget-wrap elementor-element-populated\">\n\t\t\t\t\t\t<div class=\"elementor-element elementor-element-4a819fc elementor-widget elementor-widget-heading\" data-id=\"4a819fc\" data-element_type=\"widget\" data-e-type=\"widget\" data-widget_type=\"heading.default\">\n\t\t\t\t<div class=\"elementor-widget-container\">\n\t\t\t\t\t<h1 class=\"elementor-heading-title elementor-size-default\">\u00dcber Relevo<\/h1>\t\t\t\t<\/div>\n\t\t\t\t<\/div>\n\t\t\t\t\t<\/div>\n\t\t<\/div>\n\t\t\t\t\t<\/div>\n\t\t<\/section>\n\t\t\t\t<section class=\"elementor-section elementor-top-section elementor-element elementor-element-6e867e4 elementor-section-boxed elementor-section-height-default elementor-section-height-default\" data-id=\"6e867e4\" data-element_type=\"section\" data-e-type=\"section\">\n\t\t\t\t\t\t<div class=\"elementor-container elementor-column-gap-default\">\n\t\t\t\t\t<div class=\"elementor-column elementor-col-50 elementor-top-column elementor-element elementor-element-3bf6123\" data-id=\"3bf6123\" data-element_type=\"column\" data-e-type=\"column\">\n\t\t\t<div class=\"elementor-widget-wrap elementor-element-populated\">\n\t\t\t\t\t\t<div class=\"elementor-element elementor-element-f53a854 elementor-widget elementor-widget-image\" data-id=\"f53a854\" data-element_type=\"widget\" data-e-type=\"widget\" data-widget_type=\"image.default\">\n\t\t\t\t<div class=\"elementor-widget-container\">\n\t\t\t\t\t\t\t\t\t\t\t\t\t\t\t<img fetchpriority=\"high\" decoding=\"async\" width=\"584\" height=\"462\" src=\"https:\/\/relevo.app\/wp-content\/uploads\/2023\/08\/Bildschirmfoto-2020-10-20-um-14.11.04.jpg\" class=\"attachment-full size-full wp-image-83220\" alt=\"Relevo \u00dcber Uns\" srcset=\"https:\/\/relevo.app\/wp-content\/uploads\/2023\/08\/Bildschirmfoto-2020-10-20-um-14.11.04.jpg 584w, https:\/\/relevo.app\/wp-content\/uploads\/2023\/08\/Bildschirmfoto-2020-10-20-um-14.11.04-300x237.jpg 300w\" sizes=\"(max-width: 584px) 100vw, 584px\" \/>\t\t\t\t\t\t\t\t\t\t\t\t\t\t\t<\/div>\n\t\t\t\t<\/div>\n\t\t\t\t\t<\/div>\n\t\t<\/div>\n\t\t\t\t<div class=\"elementor-column elementor-col-50 elementor-top-column elementor-element elementor-element-6154d95\" data-id=\"6154d95\" data-element_type=\"column\" data-e-type=\"column\">\n\t\t\t<div class=\"elementor-widget-wrap elementor-element-populated\">\n\t\t\t\t\t\t<div class=\"elementor-element elementor-element-7cadabd elementor-widget elementor-widget-heading\" data-id=\"7cadabd\" data-element_type=\"widget\" data-e-type=\"widget\" data-widget_type=\"heading.default\">\n\t\t\t\t<div class=\"elementor-widget-container\">\n\t\t\t\t\t<h2 class=\"elementor-heading-title elementor-size-default\">Servus miteinander!<\/h2>\t\t\t\t<\/div>\n\t\t\t\t<\/div>\n\t\t\t\t<div class=\"elementor-element elementor-element-7aa886c elementor-widget elementor-widget-text-editor\" data-id=\"7aa886c\" data-element_type=\"widget\" data-e-type=\"widget\" data-widget_type=\"text-editor.default\">\n\t\t\t\t<div class=\"elementor-widget-container\">\n\t\t\t\t\t\t\t\t\t<p>Wir sind Gregor, Matthias und Aaron und gemeinsam haben wir <strong>Relevo<\/strong> Anfang 2020 gegr\u00fcndet.<\/p><p>Als naturbegeisterte, freizeitaktive und arbeitst\u00fcchtige Trierer, Allg\u00e4uer und M\u00fcnchner haben wir uns dazu entschieden, zusammen eine nachhaltige und innovative L\u00f6sung f\u00fcr ein gro\u00dfes Problem in unserer Gesellschaft zu entwickeln.\u00a0 \ud83d\udc9b\ud83d\udcaa<\/p>\t\t\t\t\t\t\t\t<\/div>\n\t\t\t\t<\/div>\n\t\t\t\t\t<\/div>\n\t\t<\/div>\n\t\t\t\t\t<\/div>\n\t\t<\/section>\n\t\t\t\t<section class=\"elementor-section elementor-top-section elementor-element elementor-element-8f28d5f elementor-section-boxed elementor-section-height-default elementor-section-height-default\" data-id=\"8f28d5f\" data-element_type=\"section\" data-e-type=\"section\">\n\t\t\t\t\t\t<div class=\"elementor-container elementor-column-gap-default\">\n\t\t\t\t\t<div class=\"elementor-column elementor-col-100 elementor-top-column elementor-element elementor-element-946d3d5\" data-id=\"946d3d5\" data-element_type=\"column\" data-e-type=\"column\">\n\t\t\t<div class=\"elementor-widget-wrap elementor-element-populated\">\n\t\t\t\t\t\t<div class=\"elementor-element elementor-element-2a289e1 elementor-widget elementor-widget-heading\" data-id=\"2a289e1\" data-element_type=\"widget\" data-e-type=\"widget\" data-widget_type=\"heading.default\">\n\t\t\t\t<div class=\"elementor-widget-container\">\n\t\t\t\t\t<h2 class=\"elementor-heading-title elementor-size-default\">Unsere Motivation<\/h2>\t\t\t\t<\/div>\n\t\t\t\t<\/div>\n\t\t\t\t<div class=\"elementor-element elementor-element-0614317 elementor-widget elementor-widget-text-editor\" data-id=\"0614317\" data-element_type=\"widget\" data-e-type=\"widget\" data-widget_type=\"text-editor.default\">\n\t\t\t\t<div class=\"elementor-widget-container\">\n\t\t\t\t\t\t\t\t\t<p>J\u00e4hrlich werden in Deutschland 9 Mrd. Einwegverpackungen f\u00fcr Essen und Getr\u00e4nke weggeschmissen.<\/p><p>Mit einem Abbauprozess von 450 Jahren ist Plastikm\u00fcll extrem sch\u00e4dlich f\u00fcr unsere Umwelt und wir hinterlassen entsprechend tiefe Spuren f\u00fcr die zuk\u00fcnftigen Generationen.\u00a0Ein Problem, das uns alle etwas angeht und gegen das wir aktiv werden wollen.<\/p><p>Deshalb haben wir<b>\u00a0Relevo\u00a0<\/b>gegr\u00fcndet: Eine innovative, nachhaltige Mehrwegl\u00f6sung, entwickelt durch ein dynamisches Unternehmen, das nachhaltiges Handeln mit Wirtschaftlichkeit vereint. Mittlerweile sind wir ein Team von 23 Mitarbeitenden, die die Welt jeden Tag ein St\u00fcck besser machen m\u00f6chten.<\/p><p>Getreu dem Motto:<\/p>\t\t\t\t\t\t\t\t<\/div>\n\t\t\t\t<\/div>\n\t\t\t\t\t<\/div>\n\t\t<\/div>\n\t\t\t\t\t<\/div>\n\t\t<\/section>\n\t\t\t\t<section class=\"elementor-section elementor-top-section elementor-element elementor-element-11a781b elementor-hidden-mobile elementor-section-boxed elementor-section-height-default elementor-section-height-default\" data-id=\"11a781b\" data-element_type=\"section\" data-e-type=\"section\">\n\t\t\t\t\t\t<div class=\"elementor-container elementor-column-gap-no\">\n\t\t\t\t\t<div class=\"elementor-column elementor-col-66 elementor-top-column elementor-element elementor-element-4502f87\" data-id=\"4502f87\" data-element_type=\"column\" data-e-type=\"column\">\n\t\t\t<div class=\"elementor-widget-wrap elementor-element-populated\">\n\t\t\t\t\t\t<div class=\"elementor-element elementor-element-10e06bc elementor-widget elementor-widget-text-editor\" data-id=\"10e06bc\" data-element_type=\"widget\" data-e-type=\"widget\" data-widget_type=\"text-editor.default\">\n\t\t\t\t<div class=\"elementor-widget-container\">\n\t\t\t\t\t\t\t\t\t<p><em>Warum Einweg,<\/em><br \/><em>wenn auch Mehrweg geht?<\/em><\/p>\t\t\t\t\t\t\t\t<\/div>\n\t\t\t\t<\/div>\n\t\t\t\t\t<\/div>\n\t\t<\/div>\n\t\t\t\t<div class=\"elementor-column elementor-col-33 elementor-top-column elementor-element elementor-element-6c756f9\" data-id=\"6c756f9\" data-element_type=\"column\" data-e-type=\"column\">\n\t\t\t<div class=\"elementor-widget-wrap elementor-element-populated\">\n\t\t\t\t\t\t<div class=\"elementor-element elementor-element-50d8ae5 elementor-widget elementor-widget-image\" data-id=\"50d8ae5\" data-element_type=\"widget\" data-e-type=\"widget\" data-widget_type=\"image.default\">\n\t\t\t\t<div class=\"elementor-widget-container\">\n\t\t\t\t\t\t\t\t\t\t\t\t\t\t\t<img decoding=\"async\" width=\"750\" height=\"706\" src=\"https:\/\/relevo.app\/wp-content\/uploads\/2023\/06\/Website_GetRelevo.gif\" class=\"attachment-full size-full wp-image-80651\" alt=\"Get Relevo\" \/>\t\t\t\t\t\t\t\t\t\t\t\t\t\t\t<\/div>\n\t\t\t\t<\/div>\n\t\t\t\t\t<\/div>\n\t\t<\/div>\n\t\t\t\t\t<\/div>\n\t\t<\/section>\n\t\t<div class=\"elementor-element elementor-element-e230021 e-flex e-con-boxed e-con e-parent\" data-id=\"e230021\" data-element_type=\"container\" data-e-type=\"container\" data-settings=\"{&quot;background_background&quot;:&quot;classic&quot;}\">\n\t\t\t\t\t<div class=\"e-con-inner\">\n\t\t<div class=\"elementor-element elementor-element-c27d92f e-con-full e-flex e-con e-child\" data-id=\"c27d92f\" data-element_type=\"container\" data-e-type=\"container\">\n\t\t<div class=\"elementor-element elementor-element-a89c166 e-con-full e-flex e-con e-child\" data-id=\"a89c166\" data-element_type=\"container\" data-e-type=\"container\" data-settings=\"{&quot;background_background&quot;:&quot;classic&quot;}\">\n\t\t\t\t<div class=\"elementor-element elementor-element-d76dd0e elementor-view-stacked elementor-shape-circle elementor-widget elementor-widget-icon\" data-id=\"d76dd0e\" data-element_type=\"widget\" data-e-type=\"widget\" data-widget_type=\"icon.default\">\n\t\t\t\t<div class=\"elementor-widget-container\">\n\t\t\t\t\t\t\t<div class=\"elementor-icon-wrapper\">\n\t\t\t<div class=\"elementor-icon\">\n\t\t\t<i aria-hidden=\"true\" class=\"fas fa-question\"><\/i>\t\t\t<\/div>\n\t\t<\/div>\n\t\t\t\t\t\t<\/div>\n\t\t\t\t<\/div>\n\t\t\t\t<div class=\"elementor-element elementor-element-3148097 elementor-widget elementor-widget-heading\" data-id=\"3148097\" data-element_type=\"widget\" data-e-type=\"widget\" data-widget_type=\"heading.default\">\n\t\t\t\t<div class=\"elementor-widget-container\">\n\t\t\t\t\t<h3 class=\"elementor-heading-title elementor-size-default\">Was bedeutet eigentlich der Name \"Relevo\"?<\/h3>\t\t\t\t<\/div>\n\t\t\t\t<\/div>\n\t\t\t\t<div class=\"elementor-element elementor-element-7a1fd0d elementor-widget elementor-widget-text-editor\" data-id=\"7a1fd0d\" data-element_type=\"widget\" data-e-type=\"widget\" data-widget_type=\"text-editor.default\">\n\t\t\t\t<div class=\"elementor-widget-container\">\n\t\t\t\t\t\t\t\t\t<p style=\"text-align: justify;\">Der Begriff <strong>Relevo<\/strong> stammt aus dem Lateinischen und bedeutet \u201e<strong><span style=\"color: #f9b114;\">befreien<\/span><\/strong>\u201c oder auch \u201e<strong><span style=\"color: #f9b114;\">erleichtern<\/span><\/strong>\u201c \u2013 und genau das ist unser Ziel: Unseren Planeten endlich von unn\u00f6tigem Plastikm\u00fcll zu befreien, indem wir die Nutzung nachhaltiger L\u00f6sungen erleichtern.<\/p>\t\t\t\t\t\t\t\t<\/div>\n\t\t\t\t<\/div>\n\t\t\t\t<\/div>\n\t\t<div class=\"elementor-element elementor-element-6bef084 e-con-full e-flex e-con e-child\" data-id=\"6bef084\" data-element_type=\"container\" data-e-type=\"container\" data-settings=\"{&quot;background_background&quot;:&quot;classic&quot;}\">\n\t\t\t\t<div class=\"elementor-element elementor-element-a92ffd7 elementor-view-stacked elementor-shape-circle elementor-widget elementor-widget-icon\" data-id=\"a92ffd7\" data-element_type=\"widget\" data-e-type=\"widget\" data-widget_type=\"icon.default\">\n\t\t\t\t<div class=\"elementor-widget-container\">\n\t\t\t\t\t\t\t<div class=\"elementor-icon-wrapper\">\n\t\t\t<div class=\"elementor-icon\">\n\t\t\t<i aria-hidden=\"true\" class=\"fas fa-exclamation\"><\/i>\t\t\t<\/div>\n\t\t<\/div>\n\t\t\t\t\t\t<\/div>\n\t\t\t\t<\/div>\n\t\t\t\t<div class=\"elementor-element elementor-element-86099c1 elementor-widget elementor-widget-heading\" data-id=\"86099c1\" data-element_type=\"widget\" data-e-type=\"widget\" data-widget_type=\"heading.default\">\n\t\t\t\t<div class=\"elementor-widget-container\">\n\t\t\t\t\t<h3 class=\"elementor-heading-title elementor-size-default\">Wusstest du, dass...<\/h3>\t\t\t\t<\/div>\n\t\t\t\t<\/div>\n\t\t\t\t<div class=\"elementor-element elementor-element-25bfe08 elementor-widget elementor-widget-text-editor\" data-id=\"25bfe08\" data-element_type=\"widget\" data-e-type=\"widget\" data-widget_type=\"text-editor.default\">\n\t\t\t\t<div class=\"elementor-widget-container\">\n\t\t\t\t\t\t\t\t\t<div class=\"wpb_column vc_column_container vc_col-sm-7 thegem-custom-60f82389a3f1d8584\"><div class=\"vc_column-inner \"><div class=\"wpb_wrapper\"><div class=\"vc_row wpb_row vc_inner vc_row-fluid\"><div class=\"wpb_column vc_column_container vc_col-sm-9\"><div class=\"vc_column-inner vc_custom_1614894561593\"><div class=\"wpb_wrapper\"><div class=\"wpb_text_column wpb_content_element \"><div class=\"wpb_wrapper\"><p>\u2026 in Deutschland j\u00e4hrlich 155.000 Tonnen M\u00fcll durch Einweg-Essensbeh\u00e4lter entstehen? Das sind rund 1.000.000 Verpackungen, <strong>pro Stunde.<\/strong><\/p><p>Was f\u00fcr verr\u00fcckte Zahlen und gro\u00dfe Mengen an M\u00fcll! Eine gro\u00dfe Belastung f\u00fcr die Stadt und die Umwelt. Und dazu total unn\u00f6tig!<\/p><\/div><\/div><\/div><\/div><\/div><\/div><\/div><\/div><\/div>\t\t\t\t\t\t\t\t<\/div>\n\t\t\t\t<\/div>\n\t\t\t\t<div class=\"elementor-element elementor-element-3a7645f elementor-widget elementor-widget-counter\" data-id=\"3a7645f\" data-element_type=\"widget\" data-e-type=\"widget\" data-widget_type=\"counter.default\">\n\t\t\t\t<div class=\"elementor-widget-container\">\n\t\t\t\t\t\t\t<div class=\"elementor-counter\">\n\t\t\t\t\t\t<div class=\"elementor-counter-number-wrapper\">\n\t\t\t\t<span class=\"elementor-counter-number-prefix\"><\/span>\n\t\t\t\t<span class=\"elementor-counter-number\" data-duration=\"3600001\" data-to-value=\"1000000\" data-from-value=\"\" data-delimiter=\",\"><\/span>\n\t\t\t\t<span class=\"elementor-counter-number-suffix\"><\/span>\n\t\t\t<\/div>\n\t\t<\/div>\n\t\t\t\t\t\t<\/div>\n\t\t\t\t<\/div>\n\t\t\t\t<\/div>\n\t\t\t\t<\/div>\n\t\t\t\t\t<\/div>\n\t\t\t\t<\/div>\n\t\t<div class=\"elementor-element elementor-element-682d951 e-flex e-con-boxed e-con e-parent\" data-id=\"682d951\" data-element_type=\"container\" data-e-type=\"container\" data-settings=\"{&quot;background_background&quot;:&quot;classic&quot;}\">\n\t\t\t\t\t<div class=\"e-con-inner\">\n\t\t<div class=\"elementor-element elementor-element-d393b32 e-con-full e-flex e-con e-child\" data-id=\"d393b32\" data-element_type=\"container\" data-e-type=\"container\" data-settings=\"{&quot;background_background&quot;:&quot;classic&quot;}\">\n\t\t\t\t<div class=\"elementor-element elementor-element-d24f30d elementor-widget__width-initial elementor-widget elementor-widget-heading\" data-id=\"d24f30d\" data-element_type=\"widget\" data-e-type=\"widget\" data-widget_type=\"heading.default\">\n\t\t\t\t<div class=\"elementor-widget-container\">\n\t\t\t\t\t<h2 class=\"elementor-heading-title elementor-size-default\">Du hast Fragen zu uns oder unserem Mehrwegsystem?<\/h2>\t\t\t\t<\/div>\n\t\t\t\t<\/div>\n\t\t\t\t<div class=\"elementor-element elementor-element-dc2af01 elementor-widget elementor-widget-text-editor\" data-id=\"dc2af01\" data-element_type=\"widget\" data-e-type=\"widget\" data-widget_type=\"text-editor.default\">\n\t\t\t\t<div class=\"elementor-widget-container\">\n\t\t\t\t\t\t\t\t\t<p>Einfach Formular ausf\u00fcllen und absenden.<\/p>\t\t\t\t\t\t\t\t<\/div>\n\t\t\t\t<\/div>\n\t\t\t\t<div class=\"elementor-element elementor-element-b0c95df elementor-widget elementor-widget-hubspot-form\" data-id=\"b0c95df\" data-element_type=\"widget\" data-e-type=\"widget\" data-widget_type=\"hubspot-form.default\">\n\t\t\t\t<div class=\"elementor-widget-container\">\n\t\t\t\t\t\n\t\t\t\t\t\t<script>\n\t\t\t\t\t\t\twindow.hsFormsOnReady = window.hsFormsOnReady || [];\n\t\t\t\t\t\t\twindow.hsFormsOnReady.push(()=>{\n\t\t\t\t\t\t\t\thbspt.forms.create({\n\t\t\t\t\t\t\t\t\tportalId: 6959162,\n\t\t\t\t\t\t\t\t\tformId: \"99827301-fe47-4ca9-b832-b35134b17f5a\",\n\t\t\t\t\t\t\t\t\ttarget: \"#hbspt-form-1776651826000-9294441542\",\n\t\t\t\t\t\t\t\t\tregion: \"na1\",\n\t\t\t\t\t\t\t\t\t\n\t\t\t\t\t\t\t})});\n\t\t\t\t\t\t<\/script>\n\t\t\t\t\t\t<div class=\"hbspt-form\" id=\"hbspt-form-1776651826000-9294441542\"><\/div>\t\t\t\t<\/div>\n\t\t\t\t<\/div>\n\t\t\t\t<\/div>\n\t\t\t\t\t<\/div>\n\t\t\t\t<\/div>\n\t\t\t\t<\/div>\n\t\t","protected":false},"excerpt":{"rendered":"<p>\u00dcber Relevo Servus miteinander! Wir sind Gregor, Matthias und Aaron und gemeinsam haben wir Relevo Anfang 2020 gegr\u00fcndet. Als naturbegeisterte, freizeitaktive und arbeitst\u00fcchtige Trierer, Allg\u00e4uer und M\u00fcnchner haben wir uns dazu entschieden, zusammen eine nachhaltige und innovative L\u00f6sung f\u00fcr ein gro\u00dfes Problem in unserer Gesellschaft zu entwickeln.\u00a0 \ud83d\udc9b\ud83d\udcaa Unsere Motivation J\u00e4hrlich werden in Deutschland 9 [&hellip;]<\/p>\n","protected":false},"author":41,"featured_media":0,"parent":0,"menu_order":0,"comment_status":"closed","ping_status":"closed","template":"elementor_header_footer","meta":{"content-type":"","om_disable_all_campaigns":false,"footnotes":""},"class_list":["post-85947","page","type-page","status-publish","hentry"],"yoast_head":"<!-- This site is optimized with the Yoast SEO plugin v27.3 - https:\/\/yoast.com\/product\/yoast-seo-wordpress\/ -->\n<title>Relevo \u2013 Dein Partner f\u00fcr nachhaltige Mehrwegsysteme | Relevo<\/title>\n<meta name=\"description\" content=\"Erfahre mehr \u00fcber Relevo und unsere pfandfreien Mehrwegl\u00f6sungen \u25b6 Nachhaltig und effizient | Mehr erfahren!\" \/>\n<meta name=\"robots\" content=\"index, follow, max-snippet:-1, max-image-preview:large, max-video-preview:-1\" \/>\n<link rel=\"canonical\" href=\"https:\/\/relevo.app\/de\/ueber-relevo\/\" \/>\n<meta property=\"og:locale\" content=\"de_DE\" \/>\n<meta property=\"og:type\" content=\"article\" \/>\n<meta property=\"og:title\" content=\"Relevo \u2013 Dein Partner f\u00fcr nachhaltige Mehrwegsysteme | Relevo\" \/>\n<meta property=\"og:description\" content=\"Erfahre mehr \u00fcber Relevo und unsere pfandfreien Mehrwegl\u00f6sungen \u25b6 Nachhaltig und effizient | Mehr erfahren!\" \/>\n<meta property=\"og:url\" content=\"https:\/\/relevo.app\/de\/ueber-relevo\/\" \/>\n<meta property=\"og:site_name\" content=\"Relevo\" \/>\n<meta property=\"article:modified_time\" content=\"2024-12-11T07:41:47+00:00\" \/>\n<meta property=\"og:image\" content=\"https:\/\/relevo.app\/wp-content\/uploads\/2023\/08\/Bildschirmfoto-2020-10-20-um-14.11.04.jpg\" \/>\n\t<meta property=\"og:image:width\" content=\"584\" \/>\n\t<meta property=\"og:image:height\" content=\"462\" \/>\n\t<meta property=\"og:image:type\" content=\"image\/jpeg\" \/>\n<meta name=\"twitter:card\" content=\"summary_large_image\" \/>\n<meta name=\"twitter:label1\" content=\"Gesch\u00e4tzte Lesezeit\" \/>\n\t<meta name=\"twitter:data1\" content=\"2\u00a0Minuten\" \/>\n<script type=\"application\/ld+json\" class=\"yoast-schema-graph\">{\"@context\":\"https:\\\/\\\/schema.org\",\"@graph\":[{\"@type\":\"WebPage\",\"@id\":\"https:\\\/\\\/relevo.app\\\/de\\\/ueber-relevo\\\/\",\"url\":\"https:\\\/\\\/relevo.app\\\/de\\\/ueber-relevo\\\/\",\"name\":\"Relevo \u2013 Dein Partner f\u00fcr nachhaltige Mehrwegsysteme | Relevo\",\"isPartOf\":{\"@id\":\"https:\\\/\\\/relevo.app\\\/de\\\/#website\"},\"primaryImageOfPage\":{\"@id\":\"https:\\\/\\\/relevo.app\\\/de\\\/ueber-relevo\\\/#primaryimage\"},\"image\":{\"@id\":\"https:\\\/\\\/relevo.app\\\/de\\\/ueber-relevo\\\/#primaryimage\"},\"thumbnailUrl\":\"https:\\\/\\\/relevo.app\\\/wp-content\\\/uploads\\\/2023\\\/08\\\/Bildschirmfoto-2020-10-20-um-14.11.04.jpg\",\"datePublished\":\"2023-09-15T08:48:51+00:00\",\"dateModified\":\"2024-12-11T07:41:47+00:00\",\"description\":\"Erfahre mehr \u00fcber Relevo und unsere pfandfreien Mehrwegl\u00f6sungen \u25b6 Nachhaltig und effizient | Mehr erfahren!\",\"breadcrumb\":{\"@id\":\"https:\\\/\\\/relevo.app\\\/de\\\/ueber-relevo\\\/#breadcrumb\"},\"inLanguage\":\"de\",\"potentialAction\":[{\"@type\":\"ReadAction\",\"target\":[\"https:\\\/\\\/relevo.app\\\/de\\\/ueber-relevo\\\/\"]}]},{\"@type\":\"ImageObject\",\"inLanguage\":\"de\",\"@id\":\"https:\\\/\\\/relevo.app\\\/de\\\/ueber-relevo\\\/#primaryimage\",\"url\":\"https:\\\/\\\/relevo.app\\\/wp-content\\\/uploads\\\/2023\\\/08\\\/Bildschirmfoto-2020-10-20-um-14.11.04.jpg\",\"contentUrl\":\"https:\\\/\\\/relevo.app\\\/wp-content\\\/uploads\\\/2023\\\/08\\\/Bildschirmfoto-2020-10-20-um-14.11.04.jpg\"},{\"@type\":\"BreadcrumbList\",\"@id\":\"https:\\\/\\\/relevo.app\\\/de\\\/ueber-relevo\\\/#breadcrumb\",\"itemListElement\":[{\"@type\":\"ListItem\",\"position\":1,\"name\":\"Home\",\"item\":\"https:\\\/\\\/relevo.app\\\/de\\\/\"},{\"@type\":\"ListItem\",\"position\":2,\"name\":\"\u00dcber Relevo\"}]},{\"@type\":\"WebSite\",\"@id\":\"https:\\\/\\\/relevo.app\\\/de\\\/#website\",\"url\":\"https:\\\/\\\/relevo.app\\\/de\\\/\",\"name\":\"Relevo\",\"description\":\"\",\"potentialAction\":[{\"@type\":\"SearchAction\",\"target\":{\"@type\":\"EntryPoint\",\"urlTemplate\":\"https:\\\/\\\/relevo.app\\\/de\\\/?s={search_term_string}\"},\"query-input\":{\"@type\":\"PropertyValueSpecification\",\"valueRequired\":true,\"valueName\":\"search_term_string\"}}],\"inLanguage\":\"de\"}]}<\/script>\n<!-- \/ Yoast SEO plugin. -->","yoast_head_json":{"title":"Relevo \u2013 Dein Partner f\u00fcr nachhaltige Mehrwegsysteme | Relevo","description":"Erfahre mehr \u00fcber Relevo und unsere pfandfreien Mehrwegl\u00f6sungen \u25b6 Nachhaltig und effizient | Mehr erfahren!","robots":{"index":"index","follow":"follow","max-snippet":"max-snippet:-1","max-image-preview":"max-image-preview:large","max-video-preview":"max-video-preview:-1"},"canonical":"https:\/\/relevo.app\/de\/ueber-relevo\/","og_locale":"de_DE","og_type":"article","og_title":"Relevo \u2013 Dein Partner f\u00fcr nachhaltige Mehrwegsysteme | Relevo","og_description":"Erfahre mehr \u00fcber Relevo und unsere pfandfreien Mehrwegl\u00f6sungen \u25b6 Nachhaltig und effizient | Mehr erfahren!","og_url":"https:\/\/relevo.app\/de\/ueber-relevo\/","og_site_name":"Relevo","article_modified_time":"2024-12-11T07:41:47+00:00","og_image":[{"width":584,"height":462,"url":"https:\/\/relevo.app\/wp-content\/uploads\/2023\/08\/Bildschirmfoto-2020-10-20-um-14.11.04.jpg","type":"image\/jpeg"}],"twitter_card":"summary_large_image","twitter_misc":{"Gesch\u00e4tzte Lesezeit":"2\u00a0Minuten"},"schema":{"@context":"https:\/\/schema.org","@graph":[{"@type":"WebPage","@id":"https:\/\/relevo.app\/de\/ueber-relevo\/","url":"https:\/\/relevo.app\/de\/ueber-relevo\/","name":"Relevo \u2013 Dein Partner f\u00fcr nachhaltige Mehrwegsysteme | Relevo","isPartOf":{"@id":"https:\/\/relevo.app\/de\/#website"},"primaryImageOfPage":{"@id":"https:\/\/relevo.app\/de\/ueber-relevo\/#primaryimage"},"image":{"@id":"https:\/\/relevo.app\/de\/ueber-relevo\/#primaryimage"},"thumbnailUrl":"https:\/\/relevo.app\/wp-content\/uploads\/2023\/08\/Bildschirmfoto-2020-10-20-um-14.11.04.jpg","datePublished":"2023-09-15T08:48:51+00:00","dateModified":"2024-12-11T07:41:47+00:00","description":"Erfahre mehr \u00fcber Relevo und unsere pfandfreien Mehrwegl\u00f6sungen \u25b6 Nachhaltig und effizient | Mehr erfahren!","breadcrumb":{"@id":"https:\/\/relevo.app\/de\/ueber-relevo\/#breadcrumb"},"inLanguage":"de","potentialAction":[{"@type":"ReadAction","target":["https:\/\/relevo.app\/de\/ueber-relevo\/"]}]},{"@type":"ImageObject","inLanguage":"de","@id":"https:\/\/relevo.app\/de\/ueber-relevo\/#primaryimage","url":"https:\/\/relevo.app\/wp-content\/uploads\/2023\/08\/Bildschirmfoto-2020-10-20-um-14.11.04.jpg","contentUrl":"https:\/\/relevo.app\/wp-content\/uploads\/2023\/08\/Bildschirmfoto-2020-10-20-um-14.11.04.jpg"},{"@type":"BreadcrumbList","@id":"https:\/\/relevo.app\/de\/ueber-relevo\/#breadcrumb","itemListElement":[{"@type":"ListItem","position":1,"name":"Home","item":"https:\/\/relevo.app\/de\/"},{"@type":"ListItem","position":2,"name":"\u00dcber Relevo"}]},{"@type":"WebSite","@id":"https:\/\/relevo.app\/de\/#website","url":"https:\/\/relevo.app\/de\/","name":"Relevo","description":"","potentialAction":[{"@type":"SearchAction","target":{"@type":"EntryPoint","urlTemplate":"https:\/\/relevo.app\/de\/?s={search_term_string}"},"query-input":{"@type":"PropertyValueSpecification","valueRequired":true,"valueName":"search_term_string"}}],"inLanguage":"de"}]}},"_links":{"self":[{"href":"https:\/\/relevo.app\/de\/wp-json\/wp\/v2\/pages\/85947","targetHints":{"allow":["GET"]}}],"collection":[{"href":"https:\/\/relevo.app\/de\/wp-json\/wp\/v2\/pages"}],"about":[{"href":"https:\/\/relevo.app\/de\/wp-json\/wp\/v2\/types\/page"}],"author":[{"embeddable":true,"href":"https:\/\/relevo.app\/de\/wp-json\/wp\/v2\/users\/41"}],"replies":[{"embeddable":true,"href":"https:\/\/relevo.app\/de\/wp-json\/wp\/v2\/comments?post=85947"}],"version-history":[{"count":95,"href":"https:\/\/relevo.app\/de\/wp-json\/wp\/v2\/pages\/85947\/revisions"}],"predecessor-version":[{"id":95864,"href":"https:\/\/relevo.app\/de\/wp-json\/wp\/v2\/pages\/85947\/revisions\/95864"}],"wp:attachment":[{"href":"https:\/\/relevo.app\/de\/wp-json\/wp\/v2\/media?parent=85947"}],"curies":[{"name":"wp","href":"https:\/\/api.w.org\/{rel}","templated":true}]}}