{"id":84507,"date":"2023-08-25T10:58:26","date_gmt":"2023-08-25T08:58:26","guid":{"rendered":"https:\/\/relevo.app\/?page_id=84507"},"modified":"2023-08-25T10:59:21","modified_gmt":"2023-08-25T08:59:21","slug":"relevo_hygiene_policy_fr","status":"publish","type":"page","link":"https:\/\/relevo.app\/de\/relevo_hygiene_policy_fr\/","title":{"rendered":"Relevo_Hygiene_Policy_fr"},"content":{"rendered":"\t\t<div data-elementor-type=\"wp-page\" data-elementor-id=\"84507\" class=\"elementor elementor-84507\" data-elementor-post-type=\"page\">\n\t\t\t\t\t\t<section class=\"elementor-section elementor-top-section elementor-element elementor-element-5ae5572 elementor-section-full_width elementor-section-height-default elementor-section-height-default\" data-id=\"5ae5572\" data-element_type=\"section\" data-e-type=\"section\" data-settings=\"{&quot;background_background&quot;:&quot;classic&quot;}\">\n\t\t\t\t\t\t<div class=\"elementor-container elementor-column-gap-no\">\n\t\t\t\t\t<div class=\"elementor-column elementor-col-100 elementor-top-column elementor-element elementor-element-004c385\" data-id=\"004c385\" data-element_type=\"column\" data-e-type=\"column\">\n\t\t\t<div class=\"elementor-widget-wrap elementor-element-populated\">\n\t\t\t\t\t\t\t<\/div>\n\t\t<\/div>\n\t\t\t\t\t<\/div>\n\t\t<\/section>\n\t\t\t\t<section class=\"elementor-section elementor-top-section elementor-element elementor-element-50c8bed elementor-section-boxed elementor-section-height-default elementor-section-height-default\" data-id=\"50c8bed\" data-element_type=\"section\" data-e-type=\"section\">\n\t\t\t\t\t\t<div class=\"elementor-container elementor-column-gap-default\">\n\t\t\t\t\t<div class=\"elementor-column elementor-col-100 elementor-top-column elementor-element elementor-element-e28e6df\" data-id=\"e28e6df\" data-element_type=\"column\" data-e-type=\"column\">\n\t\t\t<div class=\"elementor-widget-wrap elementor-element-populated\">\n\t\t\t\t\t\t<div class=\"elementor-element elementor-element-b2aaeaf elementor-widget elementor-widget-heading\" data-id=\"b2aaeaf\" data-element_type=\"widget\" data-e-type=\"widget\" data-widget_type=\"heading.default\">\n\t\t\t\t<div class=\"elementor-widget-container\">\n\t\t\t\t\t<h2 class=\"elementor-heading-title elementor-size-default\">Politique d'hygi\u00e8ne Relevo<\/h2>\t\t\t\t<\/div>\n\t\t\t\t<\/div>\n\t\t\t\t\t<\/div>\n\t\t<\/div>\n\t\t\t\t\t<\/div>\n\t\t<\/section>\n\t\t\t\t<section class=\"elementor-section elementor-top-section elementor-element elementor-element-527d339 elementor-section-boxed elementor-section-height-default elementor-section-height-default\" data-id=\"527d339\" data-element_type=\"section\" data-e-type=\"section\">\n\t\t\t\t\t\t<div class=\"elementor-container elementor-column-gap-default\">\n\t\t\t\t\t<div class=\"elementor-column elementor-col-100 elementor-top-column elementor-element elementor-element-b4239a9\" data-id=\"b4239a9\" data-element_type=\"column\" data-e-type=\"column\">\n\t\t\t<div class=\"elementor-widget-wrap elementor-element-populated\">\n\t\t\t\t\t\t<div class=\"elementor-element elementor-element-25d53c9 elementor-widget elementor-widget-text-editor\" data-id=\"25d53c9\" data-element_type=\"widget\" data-e-type=\"widget\" data-widget_type=\"text-editor.default\">\n\t\t\t\t<div class=\"elementor-widget-container\">\n\t\t\t\t\t\t\t\t\t<p>Apr\u00e8s chaque retour, la vaisselle Relevo est nettoy\u00e9e de mani\u00e8re professionnelle et conforme aux r\u00e8gles d&#8217;hygi\u00e8ne par le partenaire gastronomique avant d&#8217;\u00eatre redistribu\u00e9e. Si, en tant qu&#8217;utilisateur Relevo, vous ne rendez pas votre vaisselle le jour m\u00eame de l&#8217;emprunt, il vous suffit de la rincer bri\u00e8vement afin d&#8217;\u00e9viter que des moisissures ne se d\u00e9veloppent entre-temps.\u00a0<\/p><p>Veuillez noter que, conform\u00e9ment \u00e0 nos <a href=\"https:\/\/relevo.app\/de\/agb\/\">conditions g\u00e9n\u00e9rales de vente<\/a>, nous pr\u00e9voyons une taxe \u00e9quivalente \u00e0 la taxe climatique pour les contenants qui ne sont pas raisonnablement sales, car la vaisselle ne peut malheureusement plus \u00eatre utilis\u00e9e et est tri\u00e9e de la part de nos partenaires.<\/p><p>\u00a0<\/p><p>\u00a0<\/p>\t\t\t\t\t\t\t\t<\/div>\n\t\t\t\t<\/div>\n\t\t\t\t\t<\/div>\n\t\t<\/div>\n\t\t\t\t\t<\/div>\n\t\t<\/section>\n\t\t\t\t<\/div>\n\t\t","protected":false},"excerpt":{"rendered":"<p>Politique d&#8217;hygi\u00e8ne Relevo Apr\u00e8s chaque retour, la vaisselle Relevo est nettoy\u00e9e de mani\u00e8re professionnelle et conforme aux r\u00e8gles d&#8217;hygi\u00e8ne par le partenaire gastronomique avant d&#8217;\u00eatre redistribu\u00e9e. Si, en tant qu&#8217;utilisateur Relevo, vous ne rendez pas votre vaisselle le jour m\u00eame de l&#8217;emprunt, il vous suffit de la rincer bri\u00e8vement afin d&#8217;\u00e9viter que des moisissures ne [&hellip;]<\/p>\n","protected":false},"author":1,"featured_media":0,"parent":0,"menu_order":0,"comment_status":"closed","ping_status":"closed","template":"elementor_canvas","meta":{"content-type":"","om_disable_all_campaigns":false,"footnotes":""},"class_list":["post-84507","page","type-page","status-publish","hentry"],"yoast_head":"<!-- This site is optimized with the Yoast SEO plugin v27.3 - https:\/\/yoast.com\/product\/yoast-seo-wordpress\/ -->\n<title>Relevo Hygiene Policy<\/title>\n<meta name=\"robots\" content=\"noindex, nofollow\" \/>\n<meta property=\"og:locale\" content=\"de_DE\" \/>\n<meta property=\"og:type\" content=\"article\" \/>\n<meta property=\"og:title\" content=\"Relevo Hygiene Policy\" \/>\n<meta property=\"og:description\" content=\"Politique d&#8217;hygi\u00e8ne Relevo Apr\u00e8s chaque retour, la vaisselle Relevo est nettoy\u00e9e de mani\u00e8re professionnelle et conforme aux r\u00e8gles d&#8217;hygi\u00e8ne par le partenaire gastronomique avant d&#8217;\u00eatre redistribu\u00e9e. Si, en tant qu&#8217;utilisateur Relevo, vous ne rendez pas votre vaisselle le jour m\u00eame de l&#8217;emprunt, il vous suffit de la rincer bri\u00e8vement afin d&#8217;\u00e9viter que des moisissures ne [&hellip;]\" \/>\n<meta property=\"og:url\" content=\"https:\/\/relevo.app\/de\/relevo_hygiene_policy_fr\/\" \/>\n<meta property=\"og:site_name\" content=\"Relevo\" \/>\n<meta property=\"article:modified_time\" content=\"2023-08-25T08:59:21+00:00\" \/>\n<meta name=\"twitter:card\" content=\"summary_large_image\" \/>\n<meta name=\"twitter:label1\" content=\"Gesch\u00e4tzte Lesezeit\" \/>\n\t<meta name=\"twitter:data1\" content=\"1\u00a0Minute\" \/>\n<script type=\"application\/ld+json\" class=\"yoast-schema-graph\">{\"@context\":\"https:\\\/\\\/schema.org\",\"@graph\":[{\"@type\":\"WebPage\",\"@id\":\"https:\\\/\\\/relevo.app\\\/de\\\/relevo_hygiene_policy_fr\\\/\",\"url\":\"https:\\\/\\\/relevo.app\\\/de\\\/relevo_hygiene_policy_fr\\\/\",\"name\":\"Relevo Hygiene Policy\",\"isPartOf\":{\"@id\":\"https:\\\/\\\/relevo.app\\\/de\\\/#website\"},\"datePublished\":\"2023-08-25T08:58:26+00:00\",\"dateModified\":\"2023-08-25T08:59:21+00:00\",\"breadcrumb\":{\"@id\":\"https:\\\/\\\/relevo.app\\\/de\\\/relevo_hygiene_policy_fr\\\/#breadcrumb\"},\"inLanguage\":\"de\",\"potentialAction\":[{\"@type\":\"ReadAction\",\"target\":[\"https:\\\/\\\/relevo.app\\\/de\\\/relevo_hygiene_policy_fr\\\/\"]}]},{\"@type\":\"BreadcrumbList\",\"@id\":\"https:\\\/\\\/relevo.app\\\/de\\\/relevo_hygiene_policy_fr\\\/#breadcrumb\",\"itemListElement\":[{\"@type\":\"ListItem\",\"position\":1,\"name\":\"Home\",\"item\":\"https:\\\/\\\/relevo.app\\\/de\\\/\"},{\"@type\":\"ListItem\",\"position\":2,\"name\":\"Relevo_Hygiene_Policy_fr\"}]},{\"@type\":\"WebSite\",\"@id\":\"https:\\\/\\\/relevo.app\\\/de\\\/#website\",\"url\":\"https:\\\/\\\/relevo.app\\\/de\\\/\",\"name\":\"Relevo\",\"description\":\"\",\"potentialAction\":[{\"@type\":\"SearchAction\",\"target\":{\"@type\":\"EntryPoint\",\"urlTemplate\":\"https:\\\/\\\/relevo.app\\\/de\\\/?s={search_term_string}\"},\"query-input\":{\"@type\":\"PropertyValueSpecification\",\"valueRequired\":true,\"valueName\":\"search_term_string\"}}],\"inLanguage\":\"de\"}]}<\/script>\n<!-- \/ Yoast SEO plugin. -->","yoast_head_json":{"title":"Relevo Hygiene Policy","robots":{"index":"noindex","follow":"nofollow"},"og_locale":"de_DE","og_type":"article","og_title":"Relevo Hygiene Policy","og_description":"Politique d&#8217;hygi\u00e8ne Relevo Apr\u00e8s chaque retour, la vaisselle Relevo est nettoy\u00e9e de mani\u00e8re professionnelle et conforme aux r\u00e8gles d&#8217;hygi\u00e8ne par le partenaire gastronomique avant d&#8217;\u00eatre redistribu\u00e9e. Si, en tant qu&#8217;utilisateur Relevo, vous ne rendez pas votre vaisselle le jour m\u00eame de l&#8217;emprunt, il vous suffit de la rincer bri\u00e8vement afin d&#8217;\u00e9viter que des moisissures ne [&hellip;]","og_url":"https:\/\/relevo.app\/de\/relevo_hygiene_policy_fr\/","og_site_name":"Relevo","article_modified_time":"2023-08-25T08:59:21+00:00","twitter_card":"summary_large_image","twitter_misc":{"Gesch\u00e4tzte Lesezeit":"1\u00a0Minute"},"schema":{"@context":"https:\/\/schema.org","@graph":[{"@type":"WebPage","@id":"https:\/\/relevo.app\/de\/relevo_hygiene_policy_fr\/","url":"https:\/\/relevo.app\/de\/relevo_hygiene_policy_fr\/","name":"Relevo Hygiene Policy","isPartOf":{"@id":"https:\/\/relevo.app\/de\/#website"},"datePublished":"2023-08-25T08:58:26+00:00","dateModified":"2023-08-25T08:59:21+00:00","breadcrumb":{"@id":"https:\/\/relevo.app\/de\/relevo_hygiene_policy_fr\/#breadcrumb"},"inLanguage":"de","potentialAction":[{"@type":"ReadAction","target":["https:\/\/relevo.app\/de\/relevo_hygiene_policy_fr\/"]}]},{"@type":"BreadcrumbList","@id":"https:\/\/relevo.app\/de\/relevo_hygiene_policy_fr\/#breadcrumb","itemListElement":[{"@type":"ListItem","position":1,"name":"Home","item":"https:\/\/relevo.app\/de\/"},{"@type":"ListItem","position":2,"name":"Relevo_Hygiene_Policy_fr"}]},{"@type":"WebSite","@id":"https:\/\/relevo.app\/de\/#website","url":"https:\/\/relevo.app\/de\/","name":"Relevo","description":"","potentialAction":[{"@type":"SearchAction","target":{"@type":"EntryPoint","urlTemplate":"https:\/\/relevo.app\/de\/?s={search_term_string}"},"query-input":{"@type":"PropertyValueSpecification","valueRequired":true,"valueName":"search_term_string"}}],"inLanguage":"de"}]}},"_links":{"self":[{"href":"https:\/\/relevo.app\/de\/wp-json\/wp\/v2\/pages\/84507","targetHints":{"allow":["GET"]}}],"collection":[{"href":"https:\/\/relevo.app\/de\/wp-json\/wp\/v2\/pages"}],"about":[{"href":"https:\/\/relevo.app\/de\/wp-json\/wp\/v2\/types\/page"}],"author":[{"embeddable":true,"href":"https:\/\/relevo.app\/de\/wp-json\/wp\/v2\/users\/1"}],"replies":[{"embeddable":true,"href":"https:\/\/relevo.app\/de\/wp-json\/wp\/v2\/comments?post=84507"}],"version-history":[{"count":4,"href":"https:\/\/relevo.app\/de\/wp-json\/wp\/v2\/pages\/84507\/revisions"}],"predecessor-version":[{"id":84516,"href":"https:\/\/relevo.app\/de\/wp-json\/wp\/v2\/pages\/84507\/revisions\/84516"}],"wp:attachment":[{"href":"https:\/\/relevo.app\/de\/wp-json\/wp\/v2\/media?parent=84507"}],"curies":[{"name":"wp","href":"https:\/\/api.w.org\/{rel}","templated":true}]}}