{"id":84475,"date":"2023-08-25T10:50:29","date_gmt":"2023-08-25T08:50:29","guid":{"rendered":"https:\/\/relevo.app\/?page_id=84475"},"modified":"2023-08-25T10:50:40","modified_gmt":"2023-08-25T08:50:40","slug":"hygiene_policy_de","status":"publish","type":"page","link":"https:\/\/relevo.app\/de\/hygiene_policy_de\/","title":{"rendered":"Relevo_Hygiene_Policy_de"},"content":{"rendered":"\t\t<div data-elementor-type=\"wp-page\" data-elementor-id=\"84475\" class=\"elementor elementor-84475\" data-elementor-post-type=\"page\">\n\t\t\t\t\t\t<section class=\"elementor-section elementor-top-section elementor-element elementor-element-5ae5572 elementor-section-full_width elementor-section-height-default elementor-section-height-default\" data-id=\"5ae5572\" data-element_type=\"section\" data-e-type=\"section\" data-settings=\"{&quot;background_background&quot;:&quot;classic&quot;}\">\n\t\t\t\t\t\t<div class=\"elementor-container elementor-column-gap-no\">\n\t\t\t\t\t<div class=\"elementor-column elementor-col-100 elementor-top-column elementor-element elementor-element-004c385\" data-id=\"004c385\" data-element_type=\"column\" data-e-type=\"column\">\n\t\t\t<div class=\"elementor-widget-wrap elementor-element-populated\">\n\t\t\t\t\t\t\t<\/div>\n\t\t<\/div>\n\t\t\t\t\t<\/div>\n\t\t<\/section>\n\t\t\t\t<section class=\"elementor-section elementor-top-section elementor-element elementor-element-50c8bed elementor-section-boxed elementor-section-height-default elementor-section-height-default\" data-id=\"50c8bed\" data-element_type=\"section\" data-e-type=\"section\">\n\t\t\t\t\t\t<div class=\"elementor-container elementor-column-gap-default\">\n\t\t\t\t\t<div class=\"elementor-column elementor-col-100 elementor-top-column elementor-element elementor-element-e28e6df\" data-id=\"e28e6df\" data-element_type=\"column\" data-e-type=\"column\">\n\t\t\t<div class=\"elementor-widget-wrap elementor-element-populated\">\n\t\t\t\t\t\t<div class=\"elementor-element elementor-element-b2aaeaf elementor-widget elementor-widget-heading\" data-id=\"b2aaeaf\" data-element_type=\"widget\" data-e-type=\"widget\" data-widget_type=\"heading.default\">\n\t\t\t\t<div class=\"elementor-widget-container\">\n\t\t\t\t\t<h2 class=\"elementor-heading-title elementor-size-default\">Relevo Hygiene Policy<\/h2>\t\t\t\t<\/div>\n\t\t\t\t<\/div>\n\t\t\t\t\t<\/div>\n\t\t<\/div>\n\t\t\t\t\t<\/div>\n\t\t<\/section>\n\t\t\t\t<section class=\"elementor-section elementor-top-section elementor-element elementor-element-527d339 elementor-section-boxed elementor-section-height-default elementor-section-height-default\" data-id=\"527d339\" data-element_type=\"section\" data-e-type=\"section\">\n\t\t\t\t\t\t<div class=\"elementor-container elementor-column-gap-default\">\n\t\t\t\t\t<div class=\"elementor-column elementor-col-100 elementor-top-column elementor-element elementor-element-b4239a9\" data-id=\"b4239a9\" data-element_type=\"column\" data-e-type=\"column\">\n\t\t\t<div class=\"elementor-widget-wrap elementor-element-populated\">\n\t\t\t\t\t\t<div class=\"elementor-element elementor-element-25d53c9 elementor-widget elementor-widget-text-editor\" data-id=\"25d53c9\" data-element_type=\"widget\" data-e-type=\"widget\" data-widget_type=\"text-editor.default\">\n\t\t\t\t<div class=\"elementor-widget-container\">\n\t\t\t\t\t\t\t\t\t<p>Das Relevo-Geschirr wird nach jeder R\u00fcckgabe professionell und hygiene-konform seitens des gastronomischen Partners gereinigt, bevor es wieder ausgegeben wird. Gibst du als Relevo-User dein Geschirr nicht am selben Tag der Ausleihe zur\u00fcck, sp\u00fcle es einfach kurz durch, damit in der Zwischenzeit kein Schimmel entsteht.<\/p><p>Bitte beachte, dass wir entsprechend unserer <a href=\"https:\/\/relevo.app\/de\/agb\/\">AGB <\/a>f\u00fcr unzumutbar verschmutzte Geschirrteile eine Geb\u00fchr in H\u00f6he der Klimageb\u00fchr abbuchen, da das Geschirr leider nicht mehr in den Kreislauf gef\u00fchrt werden darf und seitens des Gastro-Partners aussortiert wird.<\/p><p>\u00a0<\/p><p>\u00a0<\/p>\t\t\t\t\t\t\t\t<\/div>\n\t\t\t\t<\/div>\n\t\t\t\t\t<\/div>\n\t\t<\/div>\n\t\t\t\t\t<\/div>\n\t\t<\/section>\n\t\t\t\t<\/div>\n\t\t","protected":false},"excerpt":{"rendered":"<p>Relevo Hygiene Policy Das Relevo-Geschirr wird nach jeder R\u00fcckgabe professionell und hygiene-konform seitens des gastronomischen Partners gereinigt, bevor es wieder ausgegeben wird. Gibst du als Relevo-User dein Geschirr nicht am selben Tag der Ausleihe zur\u00fcck, sp\u00fcle es einfach kurz durch, damit in der Zwischenzeit kein Schimmel entsteht. Bitte beachte, dass wir entsprechend unserer AGB f\u00fcr [&hellip;]<\/p>\n","protected":false},"author":1,"featured_media":0,"parent":0,"menu_order":0,"comment_status":"closed","ping_status":"closed","template":"elementor_canvas","meta":{"content-type":"","om_disable_all_campaigns":false,"footnotes":""},"class_list":["post-84475","page","type-page","status-publish","hentry"],"yoast_head":"<!-- This site is optimized with the Yoast SEO plugin v27.4 - https:\/\/yoast.com\/product\/yoast-seo-wordpress\/ -->\n<title>Relevo Hygiene Policy<\/title>\n<meta name=\"robots\" content=\"noindex, nofollow\" \/>\n<meta property=\"og:locale\" content=\"de_DE\" \/>\n<meta property=\"og:type\" content=\"article\" \/>\n<meta property=\"og:title\" content=\"Relevo Hygiene Policy\" \/>\n<meta property=\"og:description\" content=\"Relevo Hygiene Policy Das Relevo-Geschirr wird nach jeder R\u00fcckgabe professionell und hygiene-konform seitens des gastronomischen Partners gereinigt, bevor es wieder ausgegeben wird. Gibst du als Relevo-User dein Geschirr nicht am selben Tag der Ausleihe zur\u00fcck, sp\u00fcle es einfach kurz durch, damit in der Zwischenzeit kein Schimmel entsteht. Bitte beachte, dass wir entsprechend unserer AGB f\u00fcr [&hellip;]\" \/>\n<meta property=\"og:url\" content=\"https:\/\/relevo.app\/de\/hygiene_policy_de\/\" \/>\n<meta property=\"og:site_name\" content=\"Relevo\" \/>\n<meta property=\"article:modified_time\" content=\"2023-08-25T08:50:40+00:00\" \/>\n<meta name=\"twitter:card\" content=\"summary_large_image\" \/>\n<meta name=\"twitter:label1\" content=\"Gesch\u00e4tzte Lesezeit\" \/>\n\t<meta name=\"twitter:data1\" content=\"1\u00a0Minute\" \/>\n<script type=\"application\/ld+json\" class=\"yoast-schema-graph\">{\"@context\":\"https:\\\/\\\/schema.org\",\"@graph\":[{\"@type\":\"WebPage\",\"@id\":\"https:\\\/\\\/relevo.app\\\/de\\\/hygiene_policy_de\\\/\",\"url\":\"https:\\\/\\\/relevo.app\\\/de\\\/hygiene_policy_de\\\/\",\"name\":\"Relevo Hygiene Policy\",\"isPartOf\":{\"@id\":\"https:\\\/\\\/relevo.app\\\/de\\\/#website\"},\"datePublished\":\"2023-08-25T08:50:29+00:00\",\"dateModified\":\"2023-08-25T08:50:40+00:00\",\"breadcrumb\":{\"@id\":\"https:\\\/\\\/relevo.app\\\/de\\\/hygiene_policy_de\\\/#breadcrumb\"},\"inLanguage\":\"de\",\"potentialAction\":[{\"@type\":\"ReadAction\",\"target\":[\"https:\\\/\\\/relevo.app\\\/de\\\/hygiene_policy_de\\\/\"]}]},{\"@type\":\"BreadcrumbList\",\"@id\":\"https:\\\/\\\/relevo.app\\\/de\\\/hygiene_policy_de\\\/#breadcrumb\",\"itemListElement\":[{\"@type\":\"ListItem\",\"position\":1,\"name\":\"Home\",\"item\":\"https:\\\/\\\/relevo.app\\\/de\\\/\"},{\"@type\":\"ListItem\",\"position\":2,\"name\":\"Relevo_Hygiene_Policy_de\"}]},{\"@type\":\"WebSite\",\"@id\":\"https:\\\/\\\/relevo.app\\\/de\\\/#website\",\"url\":\"https:\\\/\\\/relevo.app\\\/de\\\/\",\"name\":\"Relevo\",\"description\":\"\",\"potentialAction\":[{\"@type\":\"SearchAction\",\"target\":{\"@type\":\"EntryPoint\",\"urlTemplate\":\"https:\\\/\\\/relevo.app\\\/de\\\/?s={search_term_string}\"},\"query-input\":{\"@type\":\"PropertyValueSpecification\",\"valueRequired\":true,\"valueName\":\"search_term_string\"}}],\"inLanguage\":\"de\"}]}<\/script>\n<!-- \/ Yoast SEO plugin. -->","yoast_head_json":{"title":"Relevo Hygiene Policy","robots":{"index":"noindex","follow":"nofollow"},"og_locale":"de_DE","og_type":"article","og_title":"Relevo Hygiene Policy","og_description":"Relevo Hygiene Policy Das Relevo-Geschirr wird nach jeder R\u00fcckgabe professionell und hygiene-konform seitens des gastronomischen Partners gereinigt, bevor es wieder ausgegeben wird. Gibst du als Relevo-User dein Geschirr nicht am selben Tag der Ausleihe zur\u00fcck, sp\u00fcle es einfach kurz durch, damit in der Zwischenzeit kein Schimmel entsteht. Bitte beachte, dass wir entsprechend unserer AGB f\u00fcr [&hellip;]","og_url":"https:\/\/relevo.app\/de\/hygiene_policy_de\/","og_site_name":"Relevo","article_modified_time":"2023-08-25T08:50:40+00:00","twitter_card":"summary_large_image","twitter_misc":{"Gesch\u00e4tzte Lesezeit":"1\u00a0Minute"},"schema":{"@context":"https:\/\/schema.org","@graph":[{"@type":"WebPage","@id":"https:\/\/relevo.app\/de\/hygiene_policy_de\/","url":"https:\/\/relevo.app\/de\/hygiene_policy_de\/","name":"Relevo Hygiene Policy","isPartOf":{"@id":"https:\/\/relevo.app\/de\/#website"},"datePublished":"2023-08-25T08:50:29+00:00","dateModified":"2023-08-25T08:50:40+00:00","breadcrumb":{"@id":"https:\/\/relevo.app\/de\/hygiene_policy_de\/#breadcrumb"},"inLanguage":"de","potentialAction":[{"@type":"ReadAction","target":["https:\/\/relevo.app\/de\/hygiene_policy_de\/"]}]},{"@type":"BreadcrumbList","@id":"https:\/\/relevo.app\/de\/hygiene_policy_de\/#breadcrumb","itemListElement":[{"@type":"ListItem","position":1,"name":"Home","item":"https:\/\/relevo.app\/de\/"},{"@type":"ListItem","position":2,"name":"Relevo_Hygiene_Policy_de"}]},{"@type":"WebSite","@id":"https:\/\/relevo.app\/de\/#website","url":"https:\/\/relevo.app\/de\/","name":"Relevo","description":"","potentialAction":[{"@type":"SearchAction","target":{"@type":"EntryPoint","urlTemplate":"https:\/\/relevo.app\/de\/?s={search_term_string}"},"query-input":{"@type":"PropertyValueSpecification","valueRequired":true,"valueName":"search_term_string"}}],"inLanguage":"de"}]}},"_links":{"self":[{"href":"https:\/\/relevo.app\/de\/wp-json\/wp\/v2\/pages\/84475","targetHints":{"allow":["GET"]}}],"collection":[{"href":"https:\/\/relevo.app\/de\/wp-json\/wp\/v2\/pages"}],"about":[{"href":"https:\/\/relevo.app\/de\/wp-json\/wp\/v2\/types\/page"}],"author":[{"embeddable":true,"href":"https:\/\/relevo.app\/de\/wp-json\/wp\/v2\/users\/1"}],"replies":[{"embeddable":true,"href":"https:\/\/relevo.app\/de\/wp-json\/wp\/v2\/comments?post=84475"}],"version-history":[{"count":8,"href":"https:\/\/relevo.app\/de\/wp-json\/wp\/v2\/pages\/84475\/revisions"}],"predecessor-version":[{"id":84497,"href":"https:\/\/relevo.app\/de\/wp-json\/wp\/v2\/pages\/84475\/revisions\/84497"}],"wp:attachment":[{"href":"https:\/\/relevo.app\/de\/wp-json\/wp\/v2\/media?parent=84475"}],"curies":[{"name":"wp","href":"https:\/\/api.w.org\/{rel}","templated":true}]}}