{"id":82882,"date":"2023-07-27T13:02:31","date_gmt":"2023-07-27T11:02:31","guid":{"rendered":"https:\/\/relevo.app\/?page_id=82882"},"modified":"2024-03-12T11:41:24","modified_gmt":"2024-03-12T10:41:24","slug":"app_fr_premier_emprunt","status":"publish","type":"page","link":"https:\/\/relevo.app\/de\/app_fr_premier_emprunt\/","title":{"rendered":"App_FR_premier_emprunt"},"content":{"rendered":"\t\t<div data-elementor-type=\"wp-page\" data-elementor-id=\"82882\" class=\"elementor elementor-82882\" data-elementor-post-type=\"page\">\n\t\t\t\t\t\t<section class=\"elementor-section elementor-top-section elementor-element elementor-element-0efa4e9 elementor-section-boxed elementor-section-height-default elementor-section-height-default\" data-id=\"0efa4e9\" data-element_type=\"section\" data-e-type=\"section\">\n\t\t\t\t\t\t<div class=\"elementor-container elementor-column-gap-default\">\n\t\t\t\t\t<div class=\"elementor-column elementor-col-100 elementor-top-column elementor-element elementor-element-d2b81ae\" data-id=\"d2b81ae\" data-element_type=\"column\" data-e-type=\"column\">\n\t\t\t<div class=\"elementor-widget-wrap elementor-element-populated\">\n\t\t\t\t\t\t<div class=\"elementor-element elementor-element-10c80ff elementor-widget elementor-widget-heading\" data-id=\"10c80ff\" data-element_type=\"widget\" data-e-type=\"widget\" data-widget_type=\"heading.default\">\n\t\t\t\t<div class=\"elementor-widget-container\">\n\t\t\t\t\t<h5 class=\"elementor-heading-title elementor-size-default\">Comment fonctionne votre emprunt \ud83d\udca1<\/h5>\t\t\t\t<\/div>\n\t\t\t\t<\/div>\n\t\t\t\t<div class=\"elementor-element elementor-element-ab58446 elementor-widget elementor-widget-toggle\" data-id=\"ab58446\" data-element_type=\"widget\" data-e-type=\"widget\" data-widget_type=\"toggle.default\">\n\t\t\t\t<div class=\"elementor-widget-container\">\n\t\t\t\t\t\t\t<div class=\"elementor-toggle\">\n\t\t\t\t\t\t\t<div class=\"elementor-toggle-item\">\n\t\t\t\t\t<div id=\"elementor-tab-title-1791\" class=\"elementor-tab-title\" data-tab=\"1\" role=\"button\" aria-controls=\"elementor-tab-content-1791\" aria-expanded=\"false\">\n\t\t\t\t\t\t\t\t\t\t\t\t<span class=\"elementor-toggle-icon elementor-toggle-icon-left\" aria-hidden=\"true\">\n\t\t\t\t\t\t\t\t\t\t\t\t\t\t\t<span class=\"elementor-toggle-icon-closed\"><i class=\"icon icon-plus\"><\/i><\/span>\n\t\t\t\t\t\t\t\t<span class=\"elementor-toggle-icon-opened\"><i class=\"elementor-toggle-icon-opened icon icon-minus\"><\/i><\/span>\n\t\t\t\t\t\t\t\t\t\t\t\t\t<\/span>\n\t\t\t\t\t\t\t\t\t\t\t\t<a class=\"elementor-toggle-title\" tabindex=\"0\">O\u00f9 et comment puis-je obtenir les contenants Relevo ?<\/a>\n\t\t\t\t\t<\/div>\n\n\t\t\t\t\t<div id=\"elementor-tab-content-1791\" class=\"elementor-tab-content elementor-clearfix\" data-tab=\"1\" role=\"region\" aria-labelledby=\"elementor-tab-title-1791\"><p>\ud83d\udd0e Consultez la carte et s\u00e9lectionnez le partenaire Relevo de votre choix.<\/p><p>\ud83e\udd57 Commandez vos boissons et plats pr\u00e9f\u00e9r\u00e9s dans du r\u00e9utilisable.<\/p><p>\ud83d\udcf1 Scannez avec l&#8217;application Relevo le QR code sur la vaisselle Relevo.<\/p><p>\ud83d\udc69\u200d\ud83c\udf73 Montrez la confirmation du scan au personnel de restauration.<\/p><p>\ud83d\ude0b R\u00e9galez-vous !<\/p><\/div>\n\t\t\t\t<\/div>\n\t\t\t\t\t\t\t<div class=\"elementor-toggle-item\">\n\t\t\t\t\t<div id=\"elementor-tab-title-1792\" class=\"elementor-tab-title\" data-tab=\"2\" role=\"button\" aria-controls=\"elementor-tab-content-1792\" aria-expanded=\"false\">\n\t\t\t\t\t\t\t\t\t\t\t\t<span class=\"elementor-toggle-icon elementor-toggle-icon-left\" aria-hidden=\"true\">\n\t\t\t\t\t\t\t\t\t\t\t\t\t\t\t<span class=\"elementor-toggle-icon-closed\"><i class=\"icon icon-plus\"><\/i><\/span>\n\t\t\t\t\t\t\t\t<span class=\"elementor-toggle-icon-opened\"><i class=\"elementor-toggle-icon-opened icon icon-minus\"><\/i><\/span>\n\t\t\t\t\t\t\t\t\t\t\t\t\t<\/span>\n\t\t\t\t\t\t\t\t\t\t\t\t<a class=\"elementor-toggle-title\" tabindex=\"0\">Puis-je aussi me faire livrer mon repas dans des contenants Relevo ?<\/a>\n\t\t\t\t\t<\/div>\n\n\t\t\t\t\t<div id=\"elementor-tab-content-1792\" class=\"elementor-tab-content elementor-clearfix\" data-tab=\"2\" role=\"region\" aria-labelledby=\"elementor-tab-title-1792\"><div id=\"vc_row-61553c4aa789b\" class=\"vc_row wpb_row vc_row-fluid thegem-custom-61553c4aa78864756\"><div class=\"wpb_column vc_column_container vc_col-sm-12 thegem-custom-61553c4aa7dd97391\"><div class=\"vc_column-inner \"><div class=\"wpb_wrapper\"><div class=\"vc_toggle vc_toggle_default vc_toggle_color_default vc_toggle_size_md vc_toggle_active\"><div class=\"vc_toggle_content\"><p><span style=\"font-weight: 400;\">Oui! Gr\u00e2ce \u00e0 notre coop\u00e9ration avec Lieferando, Wolt et Uber Eats, vous pouvez vous faire livrer votre nourriture par nos partenaires dans la vaisselle Relevo. <\/span><\/p><p><span style=\"font-weight: 400;\">\ud83d\udcf1 Pour ce faire, acc\u00e9dez \u00e0 l\u2019application de livraison correspondante et s\u00e9lectionnez Relevo lors de la commande. <br \/><\/span><\/p><p><span style=\"font-weight: 400;\">\ud83d\udd22\u00a0Entrez votre ID utilisateur Relevo dans le champ de commentaire. <\/span>Vous pouvez le trouver dans l\u2019application Relevo sous D\u00e9marrer.<\/p><p><span style=\"font-weight: 400;\">\ud83d\udcec Apr\u00e8s avoir termin\u00e9 votre commande, votre Relevo vous sera attribu\u00e9 directement par le restaurateur et vous recevrez une notification push pour confirmer.<br \/><\/span><\/p><\/div><\/div><\/div><\/div><\/div><\/div><\/div>\n\t\t\t\t<\/div>\n\t\t\t\t\t\t\t<div class=\"elementor-toggle-item\">\n\t\t\t\t\t<div id=\"elementor-tab-title-1793\" class=\"elementor-tab-title\" data-tab=\"3\" role=\"button\" aria-controls=\"elementor-tab-content-1793\" aria-expanded=\"false\">\n\t\t\t\t\t\t\t\t\t\t\t\t<span class=\"elementor-toggle-icon elementor-toggle-icon-left\" aria-hidden=\"true\">\n\t\t\t\t\t\t\t\t\t\t\t\t\t\t\t<span class=\"elementor-toggle-icon-closed\"><i class=\"icon icon-plus\"><\/i><\/span>\n\t\t\t\t\t\t\t\t<span class=\"elementor-toggle-icon-opened\"><i class=\"elementor-toggle-icon-opened icon icon-minus\"><\/i><\/span>\n\t\t\t\t\t\t\t\t\t\t\t\t\t<\/span>\n\t\t\t\t\t\t\t\t\t\t\t\t<a class=\"elementor-toggle-title\" tabindex=\"0\">Combien de temps ai-je pour le retour ?<\/a>\n\t\t\t\t\t<\/div>\n\n\t\t\t\t\t<div id=\"elementor-tab-content-1793\" class=\"elementor-tab-content elementor-clearfix\" data-tab=\"3\" role=\"region\" aria-labelledby=\"elementor-tab-title-1793\"><p>Vous pouvez emprunter gratuitement votre Relevo pendant 14 jours \ud83d\udcc6 Vous n\u2019avez pas le temps de rapporter votre contenant ? Prolongez votre Relevo \u00e0 partir de 1 \u20ac d\u2019au moins 7 jours suppl\u00e9mentaires facilement via l\u2019application.<\/p><\/div>\n\t\t\t\t<\/div>\n\t\t\t\t\t\t\t<div class=\"elementor-toggle-item\">\n\t\t\t\t\t<div id=\"elementor-tab-title-1794\" class=\"elementor-tab-title\" data-tab=\"4\" role=\"button\" aria-controls=\"elementor-tab-content-1794\" aria-expanded=\"false\">\n\t\t\t\t\t\t\t\t\t\t\t\t<span class=\"elementor-toggle-icon elementor-toggle-icon-left\" aria-hidden=\"true\">\n\t\t\t\t\t\t\t\t\t\t\t\t\t\t\t<span class=\"elementor-toggle-icon-closed\"><i class=\"icon icon-plus\"><\/i><\/span>\n\t\t\t\t\t\t\t\t<span class=\"elementor-toggle-icon-opened\"><i class=\"elementor-toggle-icon-opened icon icon-minus\"><\/i><\/span>\n\t\t\t\t\t\t\t\t\t\t\t\t\t<\/span>\n\t\t\t\t\t\t\t\t\t\t\t\t<a class=\"elementor-toggle-title\" tabindex=\"0\">Dois-je rincer mon contenant Relevo avant de le rapporter ?<\/a>\n\t\t\t\t\t<\/div>\n\n\t\t\t\t\t<div id=\"elementor-tab-content-1794\" class=\"elementor-tab-content elementor-clearfix\" data-tab=\"4\" role=\"region\" aria-labelledby=\"elementor-tab-title-1794\"><p>Apr\u00e8s chaque pr\u00eat, le contenant Relevo doit \u00eatre nettoy\u00e9 de mani\u00e8re professionnelle et conforme aux r\u00e8gles d\u2019hygi\u00e8ne par le partenaire gastronomique avant d\u2019\u00eatre redistribu\u00e9. Si, en tant qu&#8217;utilisateur Relevo, vous ne rendez pas votre conteneur le jour de l&#8217;emprunt, veuillez le nettoyer soigneusement afin d&#8217;\u00e9viter la formation de moisissures dans l&#8217;intervalle\ud83d\udca7<\/p><p>Veuillez noter que, conform\u00e9ment \u00e0 nos CGV, nous facturons des frais \u00e9quivalents \u00e0 la taxe de climatisation pour les pi\u00e8ces de vaisselle qui ne sont pas raisonnablement sales, car le contenant ne peut malheureusement plus \u00eatre remis dans le circuit et est tri\u00e9 par le partenaire de restauration.<\/p><\/div>\n\t\t\t\t<\/div>\n\t\t\t\t\t\t\t<div class=\"elementor-toggle-item\">\n\t\t\t\t\t<div id=\"elementor-tab-title-1795\" class=\"elementor-tab-title\" data-tab=\"5\" role=\"button\" aria-controls=\"elementor-tab-content-1795\" aria-expanded=\"false\">\n\t\t\t\t\t\t\t\t\t\t\t\t<span class=\"elementor-toggle-icon elementor-toggle-icon-left\" aria-hidden=\"true\">\n\t\t\t\t\t\t\t\t\t\t\t\t\t\t\t<span class=\"elementor-toggle-icon-closed\"><i class=\"icon icon-plus\"><\/i><\/span>\n\t\t\t\t\t\t\t\t<span class=\"elementor-toggle-icon-opened\"><i class=\"elementor-toggle-icon-opened icon icon-minus\"><\/i><\/span>\n\t\t\t\t\t\t\t\t\t\t\t\t\t<\/span>\n\t\t\t\t\t\t\t\t\t\t\t\t<a class=\"elementor-toggle-title\" tabindex=\"0\">Que se passe-t-il si je ne rends pas mon contenant Relevo \u00e0 temps ?<\/a>\n\t\t\t\t\t<\/div>\n\n\t\t\t\t\t<div id=\"elementor-tab-content-1795\" class=\"elementor-tab-content elementor-clearfix\" data-tab=\"5\" role=\"region\" aria-labelledby=\"elementor-tab-title-1795\"><p>Si toutefois vous ne rendez pas votre contenant Relevo dans le d\u00e9lai imparti, de frais de 10 \u20ac par bol et de 5 \u20ac par gobelet sera factur\u00e9e. Pour cela, le moyen de paiement que vous avez indiqu\u00e9 sera d\u00e9bit\u00e9.<\/p><p>Mais ne vous inqui\u00e8tez pas, nous vous rappelons \u00e0 temps que vous devez rendre votre contenant dans les temps. Cela se fait soit par notification sur votre t\u00e9l\u00e9phone portable, soit par e-mail.<\/p><\/div>\n\t\t\t\t<\/div>\n\t\t\t\t\t\t\t<div class=\"elementor-toggle-item\">\n\t\t\t\t\t<div id=\"elementor-tab-title-1796\" class=\"elementor-tab-title\" data-tab=\"6\" role=\"button\" aria-controls=\"elementor-tab-content-1796\" aria-expanded=\"false\">\n\t\t\t\t\t\t\t\t\t\t\t\t<span class=\"elementor-toggle-icon elementor-toggle-icon-left\" aria-hidden=\"true\">\n\t\t\t\t\t\t\t\t\t\t\t\t\t\t\t<span class=\"elementor-toggle-icon-closed\"><i class=\"icon icon-plus\"><\/i><\/span>\n\t\t\t\t\t\t\t\t<span class=\"elementor-toggle-icon-opened\"><i class=\"elementor-toggle-icon-opened icon icon-minus\"><\/i><\/span>\n\t\t\t\t\t\t\t\t\t\t\t\t\t<\/span>\n\t\t\t\t\t\t\t\t\t\t\t\t<a class=\"elementor-toggle-title\" tabindex=\"0\">Pourquoi dois-je enregistrer un moyen de paiement dans l'application ?<\/a>\n\t\t\t\t\t<\/div>\n\n\t\t\t\t\t<div id=\"elementor-tab-content-1796\" class=\"elementor-tab-content elementor-clearfix\" data-tab=\"6\" role=\"region\" aria-labelledby=\"elementor-tab-title-1796\"><p>Ne t&#8217;inqui\u00e8te pas, Relevo reste <b>gratuit <\/b>pour toi ! C&#8217;est pourquoi nous avons besoin de tes informations :<\/p><p>\u267b\ufe0f <b>Garantir le retour<\/b> : L\u2019emprunt est gratuit. Toutefois, si vous ne ram\u00e8nez pas votre Relevo, cela ne permet pas d&#8217;\u00e9conomiser des d\u00e9chets jetables. Dans ce cas, nous vous facturons le prix du contenant.<\/p><p><strong data-renderer-mark=\"true\">\ud83d\udca7 Garantir une bonne hygi\u00e8ne: <\/strong>Pour la vaisselle excessivement sale, nous appliquons des frais correspondant \u00e0 ceux de la climatisation, car, malheureusement, cette vaisselle n&#8217;est plus utilisable et doit \u00eatre tri\u00e9e.<\/p><p>\u23f0 <b>Prolongement <\/b>: Vous \u00eates \u00e0 court de temps ? Prolongez votre Relevo d&#8217;au moins 7 jours suppl\u00e9mentaires \u00e0 partir de 1 \u20ac, tout simplement via l&#8217;application<\/p><p>\ud83d\udd11 Les paiements sont trait\u00e9s de mani\u00e8re confidentielle par nos prestataires de services de paiement. Vos donn\u00e9es de paiement sont trait\u00e9es de mani\u00e8re s\u00e9curis\u00e9e conform\u00e9ment \u00e0 la l\u00e9gislation europ\u00e9enne. Nous n&#8217;enregistrons pas nous-m\u00eames les informations relatives \u00e0 votre compte ou \u00e0 votre carte de cr\u00e9dit et n&#8217;avons pas acc\u00e8s \u00e0 vos donn\u00e9es de paiement.<\/p><\/div>\n\t\t\t\t<\/div>\n\t\t\t\t\t\t\t\t<\/div>\n\t\t\t\t\t\t<\/div>\n\t\t\t\t<\/div>\n\t\t\t\t\t<\/div>\n\t\t<\/div>\n\t\t\t\t\t<\/div>\n\t\t<\/section>\n\t\t\t\t<section class=\"elementor-section elementor-top-section elementor-element elementor-element-645c82d elementor-section-boxed elementor-section-height-default elementor-section-height-default\" data-id=\"645c82d\" data-element_type=\"section\" data-e-type=\"section\">\n\t\t\t\t\t\t<div class=\"elementor-container elementor-column-gap-default\">\n\t\t\t\t\t<div class=\"elementor-column elementor-col-100 elementor-top-column elementor-element elementor-element-a0ee093\" data-id=\"a0ee093\" data-element_type=\"column\" data-e-type=\"column\">\n\t\t\t<div class=\"elementor-widget-wrap\">\n\t\t\t\t\t\t\t<\/div>\n\t\t<\/div>\n\t\t\t\t\t<\/div>\n\t\t<\/section>\n\t\t\t\t<section class=\"elementor-section elementor-top-section elementor-element elementor-element-5a901c5 elementor-section-boxed elementor-section-height-default elementor-section-height-default\" data-id=\"5a901c5\" data-element_type=\"section\" data-e-type=\"section\">\n\t\t\t\t\t\t<div class=\"elementor-container elementor-column-gap-default\">\n\t\t\t\t\t<div class=\"elementor-column elementor-col-100 elementor-top-column elementor-element elementor-element-ce7b6bc\" data-id=\"ce7b6bc\" data-element_type=\"column\" data-e-type=\"column\">\n\t\t\t<div class=\"elementor-widget-wrap elementor-element-populated\">\n\t\t\t\t\t\t<div class=\"elementor-element elementor-element-25e9e2a elementor-widget elementor-widget-video\" data-id=\"25e9e2a\" data-element_type=\"widget\" data-e-type=\"widget\" data-settings=\"{&quot;youtube_url&quot;:&quot;https:\\\/\\\/www.youtube.com\\\/watch?v=GyG4zogqIIM&amp;t=21s&quot;,&quot;video_type&quot;:&quot;youtube&quot;,&quot;controls&quot;:&quot;yes&quot;}\" data-widget_type=\"video.default\">\n\t\t\t\t<div class=\"elementor-widget-container\">\n\t\t\t\t\t\t\t<div class=\"elementor-wrapper elementor-open-inline\">\n\t\t\t<div class=\"elementor-video\"> <div class=\"brlbs-cmpnt-container brlbs-cmpnt-content-blocker brlbs-cmpnt-with-individual-styles\" data-borlabs-cookie-content-blocker-id=\"youtube-content-blocker\" data-borlabs-cookie-content=\"PHNjcmlwdD4KKGZ1bmN0aW9uKCkgewogICAgY29uc3QgZCA9IGRvY3VtZW50LnF1ZXJ5U2VsZWN0b3IoJ2Rpdi5lbGVtZW50b3ItZWxlbWVudC0yNWU5ZTJhJykKICAgIGlmICghZCkgewogICAgICAgIHJldHVybjsKICAgIH0KICAgIGQuZGF0YXNldC53aWRnZXRfdHlwZSA9IGQuZGF0YXNldC53aWRnZXRfdHlwZS5yZXBsYWNlKCdicmxic18nLCAnJyk7CiAgICBkLmRhdGFzZXQuYnJsYnNVbmJsb2NrZWQgPSAndHJ1ZSc7CgogICAgY29uc3QgaW50ZXJ2YWwgPSBzZXRJbnRlcnZhbCgoKSA9PiB7CiAgICAgICAgaWYgKHR5cGVvZiBlbGVtZW50b3JGcm9udGVuZCAhPT0gJ3VuZGVmaW5lZCcgJiYgdHlwZW9mIGVsZW1lbnRvckZyb250ZW5kLmhvb2tzICE9PSAndW5kZWZpbmVkJykgewogICAgICAgICAgICBjbGVhckludGVydmFsKGludGVydmFsKTsKICAgICAgICAgICAgZWxlbWVudG9yRnJvbnRlbmQuaG9va3MuZG9BY3Rpb24oJ2Zyb250ZW5kL2VsZW1lbnRfcmVhZHkvdmlkZW8uZGVmYXVsdCcsIGpRdWVyeShkKSwgalF1ZXJ5KQogICAgICAgIH0KICAgIH0sIDMwKQp9KSgpOwo8L3NjcmlwdD4=\"><div class=\"brlbs-cmpnt-cb-preset-c brlbs-cmpnt-cb-youtube\"> <div class=\"brlbs-cmpnt-cb-thumbnail\" style=\"background-image: url('https:\/\/relevo.app\/wp-content\/uploads\/borlabs-cookie\/1\/yt_GyG4zogqIIM_hqdefault.jpg')\"><\/div> <div class=\"brlbs-cmpnt-cb-main\"> <div class=\"brlbs-cmpnt-cb-play-button\"><\/div> <div class=\"brlbs-cmpnt-cb-content\"> <p class=\"brlbs-cmpnt-cb-description\">Sie sehen gerade einen Platzhalterinhalt von <strong>YouTube<\/strong>. Um auf den eigentlichen Inhalt zuzugreifen, klicken Sie auf die Schaltfl\u00e4che unten. Bitte beachten Sie, dass dabei Daten an Drittanbieter weitergegeben werden.<\/p> <a class=\"brlbs-cmpnt-cb-provider-toggle\" href=\"#\" data-borlabs-cookie-show-provider-information role=\"button\">Mehr Informationen<\/a> <\/div> <div class=\"brlbs-cmpnt-cb-buttons\"> <a class=\"brlbs-cmpnt-cb-btn\" href=\"#\" data-borlabs-cookie-unblock role=\"button\">Inhalt entsperren<\/a> <a class=\"brlbs-cmpnt-cb-btn\" href=\"#\" data-borlabs-cookie-accept-service role=\"button\" style=\"display: inherit\">Erforderlichen Service akzeptieren und Inhalte entsperren<\/a> <\/div> <\/div> <\/div><\/div><\/div>\t\t<\/div>\n\t\t\t\t\t\t<\/div>\n\t\t\t\t<\/div>\n\t\t\t\t\t<\/div>\n\t\t<\/div>\n\t\t\t\t\t<\/div>\n\t\t<\/section>\n\t\t\t\t<\/div>\n\t\t","protected":false},"excerpt":{"rendered":"<p>Comment fonctionne votre emprunt \ud83d\udca1 O\u00f9 et comment puis-je obtenir les contenants Relevo ? \ud83d\udd0e Consultez la carte et s\u00e9lectionnez le partenaire Relevo de votre choix. \ud83e\udd57 Commandez vos boissons et plats pr\u00e9f\u00e9r\u00e9s dans du r\u00e9utilisable. \ud83d\udcf1 Scannez avec l&#8217;application Relevo le QR code sur la vaisselle Relevo. \ud83d\udc69\u200d\ud83c\udf73 Montrez la confirmation du scan au [&hellip;]<\/p>\n","protected":false},"author":1,"featured_media":0,"parent":0,"menu_order":0,"comment_status":"closed","ping_status":"closed","template":"elementor_canvas","meta":{"content-type":"","om_disable_all_campaigns":false,"footnotes":""},"class_list":["post-82882","page","type-page","status-publish","hentry"],"yoast_head":"<!-- This site is optimized with the Yoast SEO plugin v27.4 - https:\/\/yoast.com\/product\/yoast-seo-wordpress\/ -->\n<title>App_FR_premier_emprunt - Relevo<\/title>\n<meta name=\"robots\" content=\"noindex, follow\" \/>\n<meta property=\"og:locale\" content=\"de_DE\" \/>\n<meta property=\"og:type\" content=\"article\" \/>\n<meta property=\"og:title\" content=\"App_FR_premier_emprunt - Relevo\" \/>\n<meta property=\"og:description\" content=\"Comment fonctionne votre emprunt \ud83d\udca1 O\u00f9 et comment puis-je obtenir les contenants Relevo ? \ud83d\udd0e Consultez la carte et s\u00e9lectionnez le partenaire Relevo de votre choix. \ud83e\udd57 Commandez vos boissons et plats pr\u00e9f\u00e9r\u00e9s dans du r\u00e9utilisable. \ud83d\udcf1 Scannez avec l&#8217;application Relevo le QR code sur la vaisselle Relevo. \ud83d\udc69\u200d\ud83c\udf73 Montrez la confirmation du scan au [&hellip;]\" \/>\n<meta property=\"og:url\" content=\"https:\/\/relevo.app\/de\/app_fr_premier_emprunt\/\" \/>\n<meta property=\"og:site_name\" content=\"Relevo\" \/>\n<meta property=\"article:modified_time\" content=\"2024-03-12T10:41:24+00:00\" \/>\n<meta name=\"twitter:card\" content=\"summary_large_image\" \/>\n<meta name=\"twitter:label1\" content=\"Gesch\u00e4tzte Lesezeit\" \/>\n\t<meta name=\"twitter:data1\" content=\"4\u00a0Minuten\" \/>\n<script type=\"application\/ld+json\" class=\"yoast-schema-graph\">{\"@context\":\"https:\\\/\\\/schema.org\",\"@graph\":[{\"@type\":\"WebPage\",\"@id\":\"https:\\\/\\\/relevo.app\\\/de\\\/app_fr_premier_emprunt\\\/\",\"url\":\"https:\\\/\\\/relevo.app\\\/de\\\/app_fr_premier_emprunt\\\/\",\"name\":\"App_FR_premier_emprunt - Relevo\",\"isPartOf\":{\"@id\":\"https:\\\/\\\/relevo.app\\\/de\\\/#website\"},\"datePublished\":\"2023-07-27T11:02:31+00:00\",\"dateModified\":\"2024-03-12T10:41:24+00:00\",\"breadcrumb\":{\"@id\":\"https:\\\/\\\/relevo.app\\\/de\\\/app_fr_premier_emprunt\\\/#breadcrumb\"},\"inLanguage\":\"de\",\"potentialAction\":[{\"@type\":\"ReadAction\",\"target\":[\"https:\\\/\\\/relevo.app\\\/de\\\/app_fr_premier_emprunt\\\/\"]}]},{\"@type\":\"BreadcrumbList\",\"@id\":\"https:\\\/\\\/relevo.app\\\/de\\\/app_fr_premier_emprunt\\\/#breadcrumb\",\"itemListElement\":[{\"@type\":\"ListItem\",\"position\":1,\"name\":\"Home\",\"item\":\"https:\\\/\\\/relevo.app\\\/de\\\/\"},{\"@type\":\"ListItem\",\"position\":2,\"name\":\"App_FR_premier_emprunt\"}]},{\"@type\":\"WebSite\",\"@id\":\"https:\\\/\\\/relevo.app\\\/de\\\/#website\",\"url\":\"https:\\\/\\\/relevo.app\\\/de\\\/\",\"name\":\"Relevo\",\"description\":\"\",\"potentialAction\":[{\"@type\":\"SearchAction\",\"target\":{\"@type\":\"EntryPoint\",\"urlTemplate\":\"https:\\\/\\\/relevo.app\\\/de\\\/?s={search_term_string}\"},\"query-input\":{\"@type\":\"PropertyValueSpecification\",\"valueRequired\":true,\"valueName\":\"search_term_string\"}}],\"inLanguage\":\"de\"}]}<\/script>\n<!-- \/ Yoast SEO plugin. -->","yoast_head_json":{"title":"App_FR_premier_emprunt - Relevo","robots":{"index":"noindex","follow":"follow"},"og_locale":"de_DE","og_type":"article","og_title":"App_FR_premier_emprunt - Relevo","og_description":"Comment fonctionne votre emprunt \ud83d\udca1 O\u00f9 et comment puis-je obtenir les contenants Relevo ? \ud83d\udd0e Consultez la carte et s\u00e9lectionnez le partenaire Relevo de votre choix. \ud83e\udd57 Commandez vos boissons et plats pr\u00e9f\u00e9r\u00e9s dans du r\u00e9utilisable. \ud83d\udcf1 Scannez avec l&#8217;application Relevo le QR code sur la vaisselle Relevo. \ud83d\udc69\u200d\ud83c\udf73 Montrez la confirmation du scan au [&hellip;]","og_url":"https:\/\/relevo.app\/de\/app_fr_premier_emprunt\/","og_site_name":"Relevo","article_modified_time":"2024-03-12T10:41:24+00:00","twitter_card":"summary_large_image","twitter_misc":{"Gesch\u00e4tzte Lesezeit":"4\u00a0Minuten"},"schema":{"@context":"https:\/\/schema.org","@graph":[{"@type":"WebPage","@id":"https:\/\/relevo.app\/de\/app_fr_premier_emprunt\/","url":"https:\/\/relevo.app\/de\/app_fr_premier_emprunt\/","name":"App_FR_premier_emprunt - Relevo","isPartOf":{"@id":"https:\/\/relevo.app\/de\/#website"},"datePublished":"2023-07-27T11:02:31+00:00","dateModified":"2024-03-12T10:41:24+00:00","breadcrumb":{"@id":"https:\/\/relevo.app\/de\/app_fr_premier_emprunt\/#breadcrumb"},"inLanguage":"de","potentialAction":[{"@type":"ReadAction","target":["https:\/\/relevo.app\/de\/app_fr_premier_emprunt\/"]}]},{"@type":"BreadcrumbList","@id":"https:\/\/relevo.app\/de\/app_fr_premier_emprunt\/#breadcrumb","itemListElement":[{"@type":"ListItem","position":1,"name":"Home","item":"https:\/\/relevo.app\/de\/"},{"@type":"ListItem","position":2,"name":"App_FR_premier_emprunt"}]},{"@type":"WebSite","@id":"https:\/\/relevo.app\/de\/#website","url":"https:\/\/relevo.app\/de\/","name":"Relevo","description":"","potentialAction":[{"@type":"SearchAction","target":{"@type":"EntryPoint","urlTemplate":"https:\/\/relevo.app\/de\/?s={search_term_string}"},"query-input":{"@type":"PropertyValueSpecification","valueRequired":true,"valueName":"search_term_string"}}],"inLanguage":"de"}]}},"_links":{"self":[{"href":"https:\/\/relevo.app\/de\/wp-json\/wp\/v2\/pages\/82882","targetHints":{"allow":["GET"]}}],"collection":[{"href":"https:\/\/relevo.app\/de\/wp-json\/wp\/v2\/pages"}],"about":[{"href":"https:\/\/relevo.app\/de\/wp-json\/wp\/v2\/types\/page"}],"author":[{"embeddable":true,"href":"https:\/\/relevo.app\/de\/wp-json\/wp\/v2\/users\/1"}],"replies":[{"embeddable":true,"href":"https:\/\/relevo.app\/de\/wp-json\/wp\/v2\/comments?post=82882"}],"version-history":[{"count":8,"href":"https:\/\/relevo.app\/de\/wp-json\/wp\/v2\/pages\/82882\/revisions"}],"predecessor-version":[{"id":86858,"href":"https:\/\/relevo.app\/de\/wp-json\/wp\/v2\/pages\/82882\/revisions\/86858"}],"wp:attachment":[{"href":"https:\/\/relevo.app\/de\/wp-json\/wp\/v2\/media?parent=82882"}],"curies":[{"name":"wp","href":"https:\/\/api.w.org\/{rel}","templated":true}]}}