{"id":82848,"date":"2023-07-26T21:54:23","date_gmt":"2023-07-26T19:54:23","guid":{"rendered":"https:\/\/relevo.app\/?page_id=82848"},"modified":"2024-03-12T11:45:49","modified_gmt":"2024-03-12T10:45:49","slug":"app_ger_erste_ausleihe","status":"publish","type":"page","link":"https:\/\/relevo.app\/de\/app_ger_erste_ausleihe\/","title":{"rendered":"App_GER_erste_Ausleihe"},"content":{"rendered":"\t\t<div data-elementor-type=\"wp-page\" data-elementor-id=\"82848\" class=\"elementor elementor-82848\" data-elementor-post-type=\"page\">\n\t\t\t\t\t\t<section class=\"elementor-section elementor-top-section elementor-element elementor-element-0efa4e9 elementor-section-boxed elementor-section-height-default elementor-section-height-default\" data-id=\"0efa4e9\" data-element_type=\"section\" data-e-type=\"section\">\n\t\t\t\t\t\t<div class=\"elementor-container elementor-column-gap-default\">\n\t\t\t\t\t<div class=\"elementor-column elementor-col-100 elementor-top-column elementor-element elementor-element-d2b81ae\" data-id=\"d2b81ae\" data-element_type=\"column\" data-e-type=\"column\">\n\t\t\t<div class=\"elementor-widget-wrap elementor-element-populated\">\n\t\t\t\t\t\t<div class=\"elementor-element elementor-element-10c80ff elementor-widget elementor-widget-heading\" data-id=\"10c80ff\" data-element_type=\"widget\" data-e-type=\"widget\" data-widget_type=\"heading.default\">\n\t\t\t\t<div class=\"elementor-widget-container\">\n\t\t\t\t\t<h5 class=\"elementor-heading-title elementor-size-default\">So funktioniert deine Ausleihe \ud83d\udca1<\/h5>\t\t\t\t<\/div>\n\t\t\t\t<\/div>\n\t\t\t\t<div class=\"elementor-element elementor-element-ab58446 elementor-widget elementor-widget-toggle\" data-id=\"ab58446\" data-element_type=\"widget\" data-e-type=\"widget\" data-widget_type=\"toggle.default\">\n\t\t\t\t<div class=\"elementor-widget-container\">\n\t\t\t\t\t\t\t<div class=\"elementor-toggle\">\n\t\t\t\t\t\t\t<div class=\"elementor-toggle-item\">\n\t\t\t\t\t<div id=\"elementor-tab-title-1791\" class=\"elementor-tab-title\" data-tab=\"1\" role=\"button\" aria-controls=\"elementor-tab-content-1791\" aria-expanded=\"false\">\n\t\t\t\t\t\t\t\t\t\t\t\t<span class=\"elementor-toggle-icon elementor-toggle-icon-left\" aria-hidden=\"true\">\n\t\t\t\t\t\t\t\t\t\t\t\t\t\t\t<span class=\"elementor-toggle-icon-closed\"><i class=\"icon icon-plus\"><\/i><\/span>\n\t\t\t\t\t\t\t\t<span class=\"elementor-toggle-icon-opened\"><i class=\"elementor-toggle-icon-opened icon icon-minus\"><\/i><\/span>\n\t\t\t\t\t\t\t\t\t\t\t\t\t<\/span>\n\t\t\t\t\t\t\t\t\t\t\t\t<a class=\"elementor-toggle-title\" tabindex=\"0\">Wo und wie bekomme ich das Relevo-Geschirr?<\/a>\n\t\t\t\t\t<\/div>\n\n\t\t\t\t\t<div id=\"elementor-tab-content-1791\" class=\"elementor-tab-content elementor-clearfix\" data-tab=\"1\" role=\"region\" aria-labelledby=\"elementor-tab-title-1791\"><p>\ud83d\udd0e Schaue in die Karte und w\u00e4hle einen Relevo-Partner deiner Wahl.<\/p><p>\ud83e\udd57 Bestelle deine Lieblingsgetr\u00e4nke und -Speisen in Mehrweg.<\/p><p>\ud83d\udcf1 Scanne mit der Relevo-App den QR-Code auf dem Relevo-Geschirr.<\/p><p>\ud83d\udc69\u200d\ud83c\udf73 Zeige dem gastronomischen Personal die Scanbest\u00e4tigung.<\/p><p>\ud83d\ude0b Lass es dir schmecken!<\/p><\/div>\n\t\t\t\t<\/div>\n\t\t\t\t\t\t\t<div class=\"elementor-toggle-item\">\n\t\t\t\t\t<div id=\"elementor-tab-title-1792\" class=\"elementor-tab-title\" data-tab=\"2\" role=\"button\" aria-controls=\"elementor-tab-content-1792\" aria-expanded=\"false\">\n\t\t\t\t\t\t\t\t\t\t\t\t<span class=\"elementor-toggle-icon elementor-toggle-icon-left\" aria-hidden=\"true\">\n\t\t\t\t\t\t\t\t\t\t\t\t\t\t\t<span class=\"elementor-toggle-icon-closed\"><i class=\"icon icon-plus\"><\/i><\/span>\n\t\t\t\t\t\t\t\t<span class=\"elementor-toggle-icon-opened\"><i class=\"elementor-toggle-icon-opened icon icon-minus\"><\/i><\/span>\n\t\t\t\t\t\t\t\t\t\t\t\t\t<\/span>\n\t\t\t\t\t\t\t\t\t\t\t\t<a class=\"elementor-toggle-title\" tabindex=\"0\">Kann ich mein Essen auch im Relevo-Geschirr geliefert bekommen?<\/a>\n\t\t\t\t\t<\/div>\n\n\t\t\t\t\t<div id=\"elementor-tab-content-1792\" class=\"elementor-tab-content elementor-clearfix\" data-tab=\"2\" role=\"region\" aria-labelledby=\"elementor-tab-title-1792\"><div id=\"vc_row-61553c4aa789b\" class=\"vc_row wpb_row vc_row-fluid thegem-custom-61553c4aa78864756\"><div class=\"wpb_column vc_column_container vc_col-sm-12 thegem-custom-61553c4aa7dd97391\"><div class=\"vc_column-inner \"><div class=\"wpb_wrapper\"><div class=\"vc_toggle vc_toggle_default vc_toggle_color_default vc_toggle_size_md vc_toggle_active\"><div class=\"vc_toggle_content\"><p><span style=\"font-weight: 400;\">Ja! Durch unsere Kooperation mit Lieferando, Wolt und Uber Eats kannst du dir dein Essen von unseren Partnern auch im Relevo-Geschirr liefern lassen.\u00a0<\/span><\/p><p><span style=\"font-weight: 400;\">\ud83d\udcf1 Gehe hierf\u00fcr in die<strong> Liefer-App<\/strong> und w\u00e4hle bei der Bestellung Relevo aus. <\/span><\/p><p><span style=\"font-weight: 400;\">\ud83d\udd22 Gib in dem Kommentarfeld deine <b>Relevo ID <\/b>an. Diese findest du auf dem Start-Screen<\/span><span style=\"font-weight: 400;\">. <\/span><\/p><p><span style=\"font-weight: 400;\">\ud83d\udcec Nach Abschluss deiner Bestellung wird dir deine Relevo direkt vom Gastronomen zugewiesen und du bekommst eine Push-Benachrichtigung zur Best\u00e4tigung.<\/span><\/p><\/div><\/div><\/div><\/div><\/div><\/div><\/div>\n\t\t\t\t<\/div>\n\t\t\t\t\t\t\t<div class=\"elementor-toggle-item\">\n\t\t\t\t\t<div id=\"elementor-tab-title-1793\" class=\"elementor-tab-title\" data-tab=\"3\" role=\"button\" aria-controls=\"elementor-tab-content-1793\" aria-expanded=\"false\">\n\t\t\t\t\t\t\t\t\t\t\t\t<span class=\"elementor-toggle-icon elementor-toggle-icon-left\" aria-hidden=\"true\">\n\t\t\t\t\t\t\t\t\t\t\t\t\t\t\t<span class=\"elementor-toggle-icon-closed\"><i class=\"icon icon-plus\"><\/i><\/span>\n\t\t\t\t\t\t\t\t<span class=\"elementor-toggle-icon-opened\"><i class=\"elementor-toggle-icon-opened icon icon-minus\"><\/i><\/span>\n\t\t\t\t\t\t\t\t\t\t\t\t\t<\/span>\n\t\t\t\t\t\t\t\t\t\t\t\t<a class=\"elementor-toggle-title\" tabindex=\"0\">Wie lange kann ich das Geschirr ausleihen?<\/a>\n\t\t\t\t\t<\/div>\n\n\t\t\t\t\t<div id=\"elementor-tab-content-1793\" class=\"elementor-tab-content elementor-clearfix\" data-tab=\"3\" role=\"region\" aria-labelledby=\"elementor-tab-title-1793\"><p>Du kannst deine Relevo 14 Tage lang kostenlos ausleihen \ud83d\udcc6 Wird es doch mal knapp? Verl\u00e4ngere deine Relevo ab 1 \u20ac um mindestens weitere 7 Tage ganz einfach \u00fcber die App.<\/p><\/div>\n\t\t\t\t<\/div>\n\t\t\t\t\t\t\t<div class=\"elementor-toggle-item\">\n\t\t\t\t\t<div id=\"elementor-tab-title-1794\" class=\"elementor-tab-title\" data-tab=\"4\" role=\"button\" aria-controls=\"elementor-tab-content-1794\" aria-expanded=\"false\">\n\t\t\t\t\t\t\t\t\t\t\t\t<span class=\"elementor-toggle-icon elementor-toggle-icon-left\" aria-hidden=\"true\">\n\t\t\t\t\t\t\t\t\t\t\t\t\t\t\t<span class=\"elementor-toggle-icon-closed\"><i class=\"icon icon-plus\"><\/i><\/span>\n\t\t\t\t\t\t\t\t<span class=\"elementor-toggle-icon-opened\"><i class=\"elementor-toggle-icon-opened icon icon-minus\"><\/i><\/span>\n\t\t\t\t\t\t\t\t\t\t\t\t\t<\/span>\n\t\t\t\t\t\t\t\t\t\t\t\t<a class=\"elementor-toggle-title\" tabindex=\"0\">Muss ich das Geschirr zuhause sp\u00fclen?<\/a>\n\t\t\t\t\t<\/div>\n\n\t\t\t\t\t<div id=\"elementor-tab-content-1794\" class=\"elementor-tab-content elementor-clearfix\" data-tab=\"4\" role=\"region\" aria-labelledby=\"elementor-tab-title-1794\"><p>Das Relevo Geschirr wird nach jeder Ausleihe professionell und hygiene-konform seitens des gastronomischen Partners gereinigt, bevor es wieder ausgegeben werden darf. Gibst du als Relevo-User dein Geschirr <b>nicht am selben Tag<\/b> der Ausleihe zur\u00fcck,\u00a0reinige es bitte gr\u00fcndlich, damit kein Schimmel entsteht \ud83d\udca7<\/p><p>Bitte beachte, dass wir entsprechend unserer\u00a0<a tabindex=\"-1\" href=\"https:\/\/relevo.app\/agb\/\" target=\"_blank\" rel=\"noopener noreferrer\" data-stringify-link=\"https:\/\/relevo.app\/agb\/\" data-sk=\"tooltip_parent\" data-remove-tab-index=\"true\">AGB<\/a>\u00a0f\u00fcr unzumutbar verschmutzte Geschirrteile eine Geb\u00fchr in H\u00f6he der Klimageb\u00fchr abbuchen, da das Geschirr leider nicht mehr in den Kreislauf gef\u00fchrt werden darf und seitens des Gastro-Partners aussortiert wird.<\/p><\/div>\n\t\t\t\t<\/div>\n\t\t\t\t\t\t\t<div class=\"elementor-toggle-item\">\n\t\t\t\t\t<div id=\"elementor-tab-title-1795\" class=\"elementor-tab-title\" data-tab=\"5\" role=\"button\" aria-controls=\"elementor-tab-content-1795\" aria-expanded=\"false\">\n\t\t\t\t\t\t\t\t\t\t\t\t<span class=\"elementor-toggle-icon elementor-toggle-icon-left\" aria-hidden=\"true\">\n\t\t\t\t\t\t\t\t\t\t\t\t\t\t\t<span class=\"elementor-toggle-icon-closed\"><i class=\"icon icon-plus\"><\/i><\/span>\n\t\t\t\t\t\t\t\t<span class=\"elementor-toggle-icon-opened\"><i class=\"elementor-toggle-icon-opened icon icon-minus\"><\/i><\/span>\n\t\t\t\t\t\t\t\t\t\t\t\t\t<\/span>\n\t\t\t\t\t\t\t\t\t\t\t\t<a class=\"elementor-toggle-title\" tabindex=\"0\">Was passiert, wenn ich mein Geschirr nicht rechtzeitig zur\u00fcck gebe?<\/a>\n\t\t\t\t\t<\/div>\n\n\t\t\t\t\t<div id=\"elementor-tab-content-1795\" class=\"elementor-tab-content elementor-clearfix\" data-tab=\"5\" role=\"region\" aria-labelledby=\"elementor-tab-title-1795\"><p>Gibst du deine Relevo<strong> nicht innerhalb der Frist<\/strong> zur\u00fcck, wird eine Klimageb\u00fchr von \u20ac 10 pro Schale und \u20ac 5 pro Becher f\u00e4llig. <span style=\"font-weight: 400;\">Hierf\u00fcr wird deine angegebene Zahlungsmethode belastet. <\/span>Aber keine Sorge, wir <strong>erinnern dich rechtzeitig<\/strong> an eine p\u00fcnktliche R\u00fcckgabe \ud83d\udcec Wie du erinnert werden m\u00f6chtest, kannst du selbstst\u00e4ndig in der Relevo-App einstellen.<\/p><\/div>\n\t\t\t\t<\/div>\n\t\t\t\t\t\t\t<div class=\"elementor-toggle-item\">\n\t\t\t\t\t<div id=\"elementor-tab-title-1796\" class=\"elementor-tab-title\" data-tab=\"6\" role=\"button\" aria-controls=\"elementor-tab-content-1796\" aria-expanded=\"false\">\n\t\t\t\t\t\t\t\t\t\t\t\t<span class=\"elementor-toggle-icon elementor-toggle-icon-left\" aria-hidden=\"true\">\n\t\t\t\t\t\t\t\t\t\t\t\t\t\t\t<span class=\"elementor-toggle-icon-closed\"><i class=\"icon icon-plus\"><\/i><\/span>\n\t\t\t\t\t\t\t\t<span class=\"elementor-toggle-icon-opened\"><i class=\"elementor-toggle-icon-opened icon icon-minus\"><\/i><\/span>\n\t\t\t\t\t\t\t\t\t\t\t\t\t<\/span>\n\t\t\t\t\t\t\t\t\t\t\t\t<a class=\"elementor-toggle-title\" tabindex=\"0\">Warum muss ich in der App eine Zahlungsmethode hinterlegen?<\/a>\n\t\t\t\t\t<\/div>\n\n\t\t\t\t\t<div id=\"elementor-tab-content-1796\" class=\"elementor-tab-content elementor-clearfix\" data-tab=\"6\" role=\"region\" aria-labelledby=\"elementor-tab-title-1796\"><p>Keine Sorge, Relevo ist weiterhin <b>kostenlos <\/b>f\u00fcr dich! Deshalb ben\u00f6tigen wir deine Informationen:<\/p><p>\u267b\ufe0f <b>R\u00fcckgabe sicherstellen<\/b>: Die Ausleihe ist kostenlos. Bringst du eine Relevo jedoch nicht zur\u00fcck, kann sie keinen Einwegm\u00fcll einsparen. Nur in diesem Fall berechnen wir dir eine Klimageb\u00fchr.<\/p><p><strong data-renderer-mark=\"true\">\ud83d\udca7 Hygiene sicherstellen: <\/strong>F\u00fcr unzumutbar verschmutzte Geschirrteile erheben wir eine Geb\u00fchr in H\u00f6he der Klimageb\u00fchr, da das Geschirr leider nicht mehr verwendet werden darf und aussortiert wird.<\/p><p>\u23f0 <b>Verl\u00e4ngerung<\/b>: Wird es doch mal knapp? Verl\u00e4ngere deine Relevo ab 1 \u20ac um mindestens weitere 7 Tage ganz einfach \u00fcber die App.<\/p><p>\ud83d\udd11 Bezahlungen werden durch unsere Zahlungsdienstleister vertraulich abgewickelt. Deine Zahlungsdaten werden nach EU-Recht sicher verarbeitet. Wir selbst speichern keine Konto- oder Kreditkarteninformationen und haben keinen Zugriff auf deine Zahlungsdaten.<\/p><\/div>\n\t\t\t\t<\/div>\n\t\t\t\t\t\t\t\t<\/div>\n\t\t\t\t\t\t<\/div>\n\t\t\t\t<\/div>\n\t\t\t\t\t<\/div>\n\t\t<\/div>\n\t\t\t\t\t<\/div>\n\t\t<\/section>\n\t\t\t\t<section class=\"elementor-section elementor-top-section elementor-element elementor-element-d1f33a5 elementor-section-boxed elementor-section-height-default elementor-section-height-default\" data-id=\"d1f33a5\" data-element_type=\"section\" data-e-type=\"section\">\n\t\t\t\t\t\t<div class=\"elementor-container elementor-column-gap-default\">\n\t\t\t\t\t<div class=\"elementor-column elementor-col-100 elementor-top-column elementor-element elementor-element-0568bcd\" data-id=\"0568bcd\" data-element_type=\"column\" data-e-type=\"column\">\n\t\t\t<div class=\"elementor-widget-wrap elementor-element-populated\">\n\t\t\t\t\t\t<div class=\"elementor-element elementor-element-011991c elementor-widget elementor-widget-video\" data-id=\"011991c\" data-element_type=\"widget\" data-e-type=\"widget\" data-settings=\"{&quot;youtube_url&quot;:&quot;https:\\\/\\\/www.youtube.com\\\/watch?v=pW4dN0XxQqU&amp;t=2s&quot;,&quot;video_type&quot;:&quot;youtube&quot;,&quot;controls&quot;:&quot;yes&quot;}\" data-widget_type=\"video.default\">\n\t\t\t\t<div class=\"elementor-widget-container\">\n\t\t\t\t\t\t\t<div class=\"elementor-wrapper elementor-open-inline\">\n\t\t\t<div class=\"elementor-video\"> <div class=\"brlbs-cmpnt-container brlbs-cmpnt-content-blocker brlbs-cmpnt-with-individual-styles\" data-borlabs-cookie-content-blocker-id=\"youtube-content-blocker\" data-borlabs-cookie-content=\"PHNjcmlwdD4KKGZ1bmN0aW9uKCkgewogICAgY29uc3QgZCA9IGRvY3VtZW50LnF1ZXJ5U2VsZWN0b3IoJ2Rpdi5lbGVtZW50b3ItZWxlbWVudC0wMTE5OTFjJykKICAgIGlmICghZCkgewogICAgICAgIHJldHVybjsKICAgIH0KICAgIGQuZGF0YXNldC53aWRnZXRfdHlwZSA9IGQuZGF0YXNldC53aWRnZXRfdHlwZS5yZXBsYWNlKCdicmxic18nLCAnJyk7CiAgICBkLmRhdGFzZXQuYnJsYnNVbmJsb2NrZWQgPSAndHJ1ZSc7CgogICAgY29uc3QgaW50ZXJ2YWwgPSBzZXRJbnRlcnZhbCgoKSA9PiB7CiAgICAgICAgaWYgKHR5cGVvZiBlbGVtZW50b3JGcm9udGVuZCAhPT0gJ3VuZGVmaW5lZCcgJiYgdHlwZW9mIGVsZW1lbnRvckZyb250ZW5kLmhvb2tzICE9PSAndW5kZWZpbmVkJykgewogICAgICAgICAgICBjbGVhckludGVydmFsKGludGVydmFsKTsKICAgICAgICAgICAgZWxlbWVudG9yRnJvbnRlbmQuaG9va3MuZG9BY3Rpb24oJ2Zyb250ZW5kL2VsZW1lbnRfcmVhZHkvdmlkZW8uZGVmYXVsdCcsIGpRdWVyeShkKSwgalF1ZXJ5KQogICAgICAgIH0KICAgIH0sIDMwKQp9KSgpOwo8L3NjcmlwdD4=\"><div class=\"brlbs-cmpnt-cb-preset-c brlbs-cmpnt-cb-youtube\"> <div class=\"brlbs-cmpnt-cb-thumbnail\" style=\"background-image: url('https:\/\/relevo.app\/wp-content\/uploads\/borlabs-cookie\/1\/yt_pW4dN0XxQqU_hqdefault.jpg')\"><\/div> <div class=\"brlbs-cmpnt-cb-main\"> <div class=\"brlbs-cmpnt-cb-play-button\"><\/div> <div class=\"brlbs-cmpnt-cb-content\"> <p class=\"brlbs-cmpnt-cb-description\">Sie sehen gerade einen Platzhalterinhalt von <strong>YouTube<\/strong>. Um auf den eigentlichen Inhalt zuzugreifen, klicken Sie auf die Schaltfl\u00e4che unten. Bitte beachten Sie, dass dabei Daten an Drittanbieter weitergegeben werden.<\/p> <a class=\"brlbs-cmpnt-cb-provider-toggle\" href=\"#\" data-borlabs-cookie-show-provider-information role=\"button\">Mehr Informationen<\/a> <\/div> <div class=\"brlbs-cmpnt-cb-buttons\"> <a class=\"brlbs-cmpnt-cb-btn\" href=\"#\" data-borlabs-cookie-unblock role=\"button\">Inhalt entsperren<\/a> <a class=\"brlbs-cmpnt-cb-btn\" href=\"#\" data-borlabs-cookie-accept-service role=\"button\" style=\"display: inherit\">Erforderlichen Service akzeptieren und Inhalte entsperren<\/a> <\/div> <\/div> <\/div><\/div><\/div>\t\t<\/div>\n\t\t\t\t\t\t<\/div>\n\t\t\t\t<\/div>\n\t\t\t\t\t<\/div>\n\t\t<\/div>\n\t\t\t\t\t<\/div>\n\t\t<\/section>\n\t\t\t\t<\/div>\n\t\t","protected":false},"excerpt":{"rendered":"<p>So funktioniert deine Ausleihe \ud83d\udca1 Wo und wie bekomme ich das Relevo-Geschirr? \ud83d\udd0e Schaue in die Karte und w\u00e4hle einen Relevo-Partner deiner Wahl. \ud83e\udd57 Bestelle deine Lieblingsgetr\u00e4nke und -Speisen in Mehrweg. \ud83d\udcf1 Scanne mit der Relevo-App den QR-Code auf dem Relevo-Geschirr. \ud83d\udc69\u200d\ud83c\udf73 Zeige dem gastronomischen Personal die Scanbest\u00e4tigung. \ud83d\ude0b Lass es dir schmecken! Kann ich [&hellip;]<\/p>\n","protected":false},"author":1,"featured_media":0,"parent":0,"menu_order":0,"comment_status":"closed","ping_status":"closed","template":"elementor_canvas","meta":{"content-type":"","om_disable_all_campaigns":false,"footnotes":""},"class_list":["post-82848","page","type-page","status-publish","hentry"],"yoast_head":"<!-- This site is optimized with the Yoast SEO plugin v27.4 - https:\/\/yoast.com\/product\/yoast-seo-wordpress\/ -->\n<title>App_GER_erste_Ausleihe - Relevo<\/title>\n<meta name=\"robots\" content=\"noindex, follow\" \/>\n<meta property=\"og:locale\" content=\"de_DE\" \/>\n<meta property=\"og:type\" content=\"article\" \/>\n<meta property=\"og:title\" content=\"App_GER_erste_Ausleihe - Relevo\" \/>\n<meta property=\"og:description\" content=\"So funktioniert deine Ausleihe \ud83d\udca1 Wo und wie bekomme ich das Relevo-Geschirr? \ud83d\udd0e Schaue in die Karte und w\u00e4hle einen Relevo-Partner deiner Wahl. \ud83e\udd57 Bestelle deine Lieblingsgetr\u00e4nke und -Speisen in Mehrweg. \ud83d\udcf1 Scanne mit der Relevo-App den QR-Code auf dem Relevo-Geschirr. \ud83d\udc69\u200d\ud83c\udf73 Zeige dem gastronomischen Personal die Scanbest\u00e4tigung. \ud83d\ude0b Lass es dir schmecken! Kann ich [&hellip;]\" \/>\n<meta property=\"og:url\" content=\"https:\/\/relevo.app\/de\/app_ger_erste_ausleihe\/\" \/>\n<meta property=\"og:site_name\" content=\"Relevo\" \/>\n<meta property=\"article:modified_time\" content=\"2024-03-12T10:45:49+00:00\" \/>\n<meta name=\"twitter:card\" content=\"summary_large_image\" \/>\n<meta name=\"twitter:label1\" content=\"Gesch\u00e4tzte Lesezeit\" \/>\n\t<meta name=\"twitter:data1\" content=\"3\u00a0Minuten\" \/>\n<script type=\"application\/ld+json\" class=\"yoast-schema-graph\">{\"@context\":\"https:\\\/\\\/schema.org\",\"@graph\":[{\"@type\":\"WebPage\",\"@id\":\"https:\\\/\\\/relevo.app\\\/de\\\/app_ger_erste_ausleihe\\\/\",\"url\":\"https:\\\/\\\/relevo.app\\\/de\\\/app_ger_erste_ausleihe\\\/\",\"name\":\"App_GER_erste_Ausleihe - Relevo\",\"isPartOf\":{\"@id\":\"https:\\\/\\\/relevo.app\\\/de\\\/#website\"},\"datePublished\":\"2023-07-26T19:54:23+00:00\",\"dateModified\":\"2024-03-12T10:45:49+00:00\",\"breadcrumb\":{\"@id\":\"https:\\\/\\\/relevo.app\\\/de\\\/app_ger_erste_ausleihe\\\/#breadcrumb\"},\"inLanguage\":\"de\",\"potentialAction\":[{\"@type\":\"ReadAction\",\"target\":[\"https:\\\/\\\/relevo.app\\\/de\\\/app_ger_erste_ausleihe\\\/\"]}]},{\"@type\":\"BreadcrumbList\",\"@id\":\"https:\\\/\\\/relevo.app\\\/de\\\/app_ger_erste_ausleihe\\\/#breadcrumb\",\"itemListElement\":[{\"@type\":\"ListItem\",\"position\":1,\"name\":\"Home\",\"item\":\"https:\\\/\\\/relevo.app\\\/de\\\/\"},{\"@type\":\"ListItem\",\"position\":2,\"name\":\"App_GER_erste_Ausleihe\"}]},{\"@type\":\"WebSite\",\"@id\":\"https:\\\/\\\/relevo.app\\\/de\\\/#website\",\"url\":\"https:\\\/\\\/relevo.app\\\/de\\\/\",\"name\":\"Relevo\",\"description\":\"\",\"potentialAction\":[{\"@type\":\"SearchAction\",\"target\":{\"@type\":\"EntryPoint\",\"urlTemplate\":\"https:\\\/\\\/relevo.app\\\/de\\\/?s={search_term_string}\"},\"query-input\":{\"@type\":\"PropertyValueSpecification\",\"valueRequired\":true,\"valueName\":\"search_term_string\"}}],\"inLanguage\":\"de\"}]}<\/script>\n<!-- \/ Yoast SEO plugin. -->","yoast_head_json":{"title":"App_GER_erste_Ausleihe - Relevo","robots":{"index":"noindex","follow":"follow"},"og_locale":"de_DE","og_type":"article","og_title":"App_GER_erste_Ausleihe - Relevo","og_description":"So funktioniert deine Ausleihe \ud83d\udca1 Wo und wie bekomme ich das Relevo-Geschirr? \ud83d\udd0e Schaue in die Karte und w\u00e4hle einen Relevo-Partner deiner Wahl. \ud83e\udd57 Bestelle deine Lieblingsgetr\u00e4nke und -Speisen in Mehrweg. \ud83d\udcf1 Scanne mit der Relevo-App den QR-Code auf dem Relevo-Geschirr. \ud83d\udc69\u200d\ud83c\udf73 Zeige dem gastronomischen Personal die Scanbest\u00e4tigung. \ud83d\ude0b Lass es dir schmecken! Kann ich [&hellip;]","og_url":"https:\/\/relevo.app\/de\/app_ger_erste_ausleihe\/","og_site_name":"Relevo","article_modified_time":"2024-03-12T10:45:49+00:00","twitter_card":"summary_large_image","twitter_misc":{"Gesch\u00e4tzte Lesezeit":"3\u00a0Minuten"},"schema":{"@context":"https:\/\/schema.org","@graph":[{"@type":"WebPage","@id":"https:\/\/relevo.app\/de\/app_ger_erste_ausleihe\/","url":"https:\/\/relevo.app\/de\/app_ger_erste_ausleihe\/","name":"App_GER_erste_Ausleihe - Relevo","isPartOf":{"@id":"https:\/\/relevo.app\/de\/#website"},"datePublished":"2023-07-26T19:54:23+00:00","dateModified":"2024-03-12T10:45:49+00:00","breadcrumb":{"@id":"https:\/\/relevo.app\/de\/app_ger_erste_ausleihe\/#breadcrumb"},"inLanguage":"de","potentialAction":[{"@type":"ReadAction","target":["https:\/\/relevo.app\/de\/app_ger_erste_ausleihe\/"]}]},{"@type":"BreadcrumbList","@id":"https:\/\/relevo.app\/de\/app_ger_erste_ausleihe\/#breadcrumb","itemListElement":[{"@type":"ListItem","position":1,"name":"Home","item":"https:\/\/relevo.app\/de\/"},{"@type":"ListItem","position":2,"name":"App_GER_erste_Ausleihe"}]},{"@type":"WebSite","@id":"https:\/\/relevo.app\/de\/#website","url":"https:\/\/relevo.app\/de\/","name":"Relevo","description":"","potentialAction":[{"@type":"SearchAction","target":{"@type":"EntryPoint","urlTemplate":"https:\/\/relevo.app\/de\/?s={search_term_string}"},"query-input":{"@type":"PropertyValueSpecification","valueRequired":true,"valueName":"search_term_string"}}],"inLanguage":"de"}]}},"_links":{"self":[{"href":"https:\/\/relevo.app\/de\/wp-json\/wp\/v2\/pages\/82848","targetHints":{"allow":["GET"]}}],"collection":[{"href":"https:\/\/relevo.app\/de\/wp-json\/wp\/v2\/pages"}],"about":[{"href":"https:\/\/relevo.app\/de\/wp-json\/wp\/v2\/types\/page"}],"author":[{"embeddable":true,"href":"https:\/\/relevo.app\/de\/wp-json\/wp\/v2\/users\/1"}],"replies":[{"embeddable":true,"href":"https:\/\/relevo.app\/de\/wp-json\/wp\/v2\/comments?post=82848"}],"version-history":[{"count":14,"href":"https:\/\/relevo.app\/de\/wp-json\/wp\/v2\/pages\/82848\/revisions"}],"predecessor-version":[{"id":99043,"href":"https:\/\/relevo.app\/de\/wp-json\/wp\/v2\/pages\/82848\/revisions\/99043"}],"wp:attachment":[{"href":"https:\/\/relevo.app\/de\/wp-json\/wp\/v2\/media?parent=82848"}],"curies":[{"name":"wp","href":"https:\/\/api.w.org\/{rel}","templated":true}]}}