{"id":82078,"date":"2023-07-11T15:57:31","date_gmt":"2023-07-11T13:57:31","guid":{"rendered":"https:\/\/relevo.app\/?page_id=82078"},"modified":"2024-03-12T11:49:00","modified_gmt":"2024-03-12T10:49:00","slug":"app_ger_praktikum_success_management","status":"publish","type":"page","link":"https:\/\/relevo.app\/de\/app_ger_praktikum_success_management\/","title":{"rendered":"App_GER_Praktikum_Success Management"},"content":{"rendered":"\t\t<div data-elementor-type=\"wp-page\" data-elementor-id=\"82078\" class=\"elementor elementor-82078\" data-elementor-post-type=\"page\">\n\t\t\t\t\t\t<section class=\"elementor-section elementor-top-section elementor-element elementor-element-d3faaab elementor-section-boxed elementor-section-height-default elementor-section-height-default\" data-id=\"d3faaab\" data-element_type=\"section\" data-e-type=\"section\">\n\t\t\t\t\t\t<div class=\"elementor-container elementor-column-gap-default\">\n\t\t\t\t\t<div class=\"elementor-column elementor-col-100 elementor-top-column elementor-element elementor-element-f87883f\" data-id=\"f87883f\" data-element_type=\"column\" data-e-type=\"column\">\n\t\t\t<div class=\"elementor-widget-wrap elementor-element-populated\">\n\t\t\t\t\t\t<div class=\"elementor-element elementor-element-8d66f34 elementor-widget elementor-widget-image\" data-id=\"8d66f34\" data-element_type=\"widget\" data-e-type=\"widget\" data-widget_type=\"image.default\">\n\t\t\t\t<div class=\"elementor-widget-container\">\n\t\t\t\t\t\t\t\t\t\t\t\t\t\t\t<img fetchpriority=\"high\" decoding=\"async\" width=\"1337\" height=\"1273\" src=\"https:\/\/relevo.app\/wp-content\/uploads\/2023\/07\/Internship.png\" class=\"attachment-1536x1536 size-1536x1536 wp-image-82080\" alt=\"Internship\" srcset=\"https:\/\/relevo.app\/wp-content\/uploads\/2023\/07\/Internship.png 1337w, https:\/\/relevo.app\/wp-content\/uploads\/2023\/07\/Internship-300x286.png 300w, https:\/\/relevo.app\/wp-content\/uploads\/2023\/07\/Internship-1024x975.png 1024w, https:\/\/relevo.app\/wp-content\/uploads\/2023\/07\/Internship-768x731.png 768w\" sizes=\"(max-width: 1337px) 100vw, 1337px\" \/>\t\t\t\t\t\t\t\t\t\t\t\t\t\t\t<\/div>\n\t\t\t\t<\/div>\n\t\t\t\t<div class=\"elementor-element elementor-element-0265353 elementor-widget elementor-widget-text-editor\" data-id=\"0265353\" data-element_type=\"widget\" data-e-type=\"widget\" data-widget_type=\"text-editor.default\">\n\t\t\t\t<div class=\"elementor-widget-container\">\n\t\t\t\t\t\t\t\t\t<p><b>Hast du Lust, Teil von Relevo zu sein und den Weg f\u00fcr #mehrmehrweg zu ebnen?<\/b><\/p><p>Dann ist das die perfekte Chance! Bewirb dich jetzt auf ein spannendes Praktikum bei uns \ud83d\ude4c\u00a0<\/p><p>Aktuell suchen wir smarte und innovative K\u00f6pfe im Bereich <a href=\"https:\/\/relevo.jobs.personio.de\/job\/683999?display=de\"><b>Success Management<\/b><\/a>. Innerhalb deines Praktikums sorgst du unter anderem daf\u00fcr, dass unsere Bestandskund:innen und Nutzer:innen gl\u00fccklich sind und leitest aus ihrem Feedback Optimierungsm\u00f6glichkeiten ab.<\/p><p>Du willst noch genauer wissen, wie ein Praktikum bei Relevo abl\u00e4uft? <a href=\"https:\/\/relevo.de\/meet_the_team_2\/\"><b>Hier<\/b><\/a> erz\u00e4hlt dir Caro von ihren sch\u00f6nsten Erlebnissen und Aufgaben bei Relevo \u263a\ufe0f\u00a0<\/p><p>Wir freuen uns, von dir zu h\u00f6ren!<\/p><p>\u00a0<\/p><p>\u00a0<\/p><p>\u00a0<\/p>\t\t\t\t\t\t\t\t<\/div>\n\t\t\t\t<\/div>\n\t\t\t\t\t<\/div>\n\t\t<\/div>\n\t\t\t\t\t<\/div>\n\t\t<\/section>\n\t\t\t\t<\/div>\n\t\t","protected":false},"excerpt":{"rendered":"<p>Hast du Lust, Teil von Relevo zu sein und den Weg f\u00fcr #mehrmehrweg zu ebnen? Dann ist das die perfekte Chance! Bewirb dich jetzt auf ein spannendes Praktikum bei uns \ud83d\ude4c\u00a0 Aktuell suchen wir smarte und innovative K\u00f6pfe im Bereich Success Management. Innerhalb deines Praktikums sorgst du unter anderem daf\u00fcr, dass unsere Bestandskund:innen und Nutzer:innen [&hellip;]<\/p>\n","protected":false},"author":1,"featured_media":0,"parent":0,"menu_order":0,"comment_status":"closed","ping_status":"closed","template":"elementor_canvas","meta":{"content-type":"","om_disable_all_campaigns":false,"footnotes":""},"class_list":["post-82078","page","type-page","status-publish","hentry"],"yoast_head":"<!-- This site is optimized with the Yoast SEO plugin v27.4 - https:\/\/yoast.com\/product\/yoast-seo-wordpress\/ -->\n<title>App_GER_Praktikum_Success Management - Relevo<\/title>\n<meta name=\"robots\" content=\"noindex, follow\" \/>\n<meta property=\"og:locale\" content=\"de_DE\" \/>\n<meta property=\"og:type\" content=\"article\" \/>\n<meta property=\"og:title\" content=\"App_GER_Praktikum_Success Management - Relevo\" \/>\n<meta property=\"og:description\" content=\"Hast du Lust, Teil von Relevo zu sein und den Weg f\u00fcr #mehrmehrweg zu ebnen? Dann ist das die perfekte Chance! Bewirb dich jetzt auf ein spannendes Praktikum bei uns \ud83d\ude4c\u00a0 Aktuell suchen wir smarte und innovative K\u00f6pfe im Bereich Success Management. Innerhalb deines Praktikums sorgst du unter anderem daf\u00fcr, dass unsere Bestandskund:innen und Nutzer:innen [&hellip;]\" \/>\n<meta property=\"og:url\" content=\"https:\/\/relevo.app\/de\/app_ger_praktikum_success_management\/\" \/>\n<meta property=\"og:site_name\" content=\"Relevo\" \/>\n<meta property=\"article:modified_time\" content=\"2024-03-12T10:49:00+00:00\" \/>\n<meta property=\"og:image\" content=\"https:\/\/relevo.app\/wp-content\/uploads\/2023\/07\/Internship.png\" \/>\n<meta name=\"twitter:card\" content=\"summary_large_image\" \/>\n<meta name=\"twitter:label1\" content=\"Gesch\u00e4tzte Lesezeit\" \/>\n\t<meta name=\"twitter:data1\" content=\"1\u00a0Minute\" \/>\n<script type=\"application\/ld+json\" class=\"yoast-schema-graph\">{\"@context\":\"https:\\\/\\\/schema.org\",\"@graph\":[{\"@type\":\"WebPage\",\"@id\":\"https:\\\/\\\/relevo.app\\\/de\\\/app_ger_praktikum_success_management\\\/\",\"url\":\"https:\\\/\\\/relevo.app\\\/de\\\/app_ger_praktikum_success_management\\\/\",\"name\":\"App_GER_Praktikum_Success Management - Relevo\",\"isPartOf\":{\"@id\":\"https:\\\/\\\/relevo.app\\\/de\\\/#website\"},\"primaryImageOfPage\":{\"@id\":\"https:\\\/\\\/relevo.app\\\/de\\\/app_ger_praktikum_success_management\\\/#primaryimage\"},\"image\":{\"@id\":\"https:\\\/\\\/relevo.app\\\/de\\\/app_ger_praktikum_success_management\\\/#primaryimage\"},\"thumbnailUrl\":\"https:\\\/\\\/relevo.app\\\/wp-content\\\/uploads\\\/2023\\\/07\\\/Internship.png\",\"datePublished\":\"2023-07-11T13:57:31+00:00\",\"dateModified\":\"2024-03-12T10:49:00+00:00\",\"breadcrumb\":{\"@id\":\"https:\\\/\\\/relevo.app\\\/de\\\/app_ger_praktikum_success_management\\\/#breadcrumb\"},\"inLanguage\":\"de\",\"potentialAction\":[{\"@type\":\"ReadAction\",\"target\":[\"https:\\\/\\\/relevo.app\\\/de\\\/app_ger_praktikum_success_management\\\/\"]}]},{\"@type\":\"ImageObject\",\"inLanguage\":\"de\",\"@id\":\"https:\\\/\\\/relevo.app\\\/de\\\/app_ger_praktikum_success_management\\\/#primaryimage\",\"url\":\"https:\\\/\\\/relevo.app\\\/wp-content\\\/uploads\\\/2023\\\/07\\\/Internship.png\",\"contentUrl\":\"https:\\\/\\\/relevo.app\\\/wp-content\\\/uploads\\\/2023\\\/07\\\/Internship.png\"},{\"@type\":\"BreadcrumbList\",\"@id\":\"https:\\\/\\\/relevo.app\\\/de\\\/app_ger_praktikum_success_management\\\/#breadcrumb\",\"itemListElement\":[{\"@type\":\"ListItem\",\"position\":1,\"name\":\"Home\",\"item\":\"https:\\\/\\\/relevo.app\\\/de\\\/\"},{\"@type\":\"ListItem\",\"position\":2,\"name\":\"App_GER_Praktikum_Success Management\"}]},{\"@type\":\"WebSite\",\"@id\":\"https:\\\/\\\/relevo.app\\\/de\\\/#website\",\"url\":\"https:\\\/\\\/relevo.app\\\/de\\\/\",\"name\":\"Relevo\",\"description\":\"\",\"potentialAction\":[{\"@type\":\"SearchAction\",\"target\":{\"@type\":\"EntryPoint\",\"urlTemplate\":\"https:\\\/\\\/relevo.app\\\/de\\\/?s={search_term_string}\"},\"query-input\":{\"@type\":\"PropertyValueSpecification\",\"valueRequired\":true,\"valueName\":\"search_term_string\"}}],\"inLanguage\":\"de\"}]}<\/script>\n<!-- \/ Yoast SEO plugin. -->","yoast_head_json":{"title":"App_GER_Praktikum_Success Management - Relevo","robots":{"index":"noindex","follow":"follow"},"og_locale":"de_DE","og_type":"article","og_title":"App_GER_Praktikum_Success Management - Relevo","og_description":"Hast du Lust, Teil von Relevo zu sein und den Weg f\u00fcr #mehrmehrweg zu ebnen? Dann ist das die perfekte Chance! Bewirb dich jetzt auf ein spannendes Praktikum bei uns \ud83d\ude4c\u00a0 Aktuell suchen wir smarte und innovative K\u00f6pfe im Bereich Success Management. Innerhalb deines Praktikums sorgst du unter anderem daf\u00fcr, dass unsere Bestandskund:innen und Nutzer:innen [&hellip;]","og_url":"https:\/\/relevo.app\/de\/app_ger_praktikum_success_management\/","og_site_name":"Relevo","article_modified_time":"2024-03-12T10:49:00+00:00","og_image":[{"url":"https:\/\/relevo.app\/wp-content\/uploads\/2023\/07\/Internship.png","type":"","width":"","height":""}],"twitter_card":"summary_large_image","twitter_misc":{"Gesch\u00e4tzte Lesezeit":"1\u00a0Minute"},"schema":{"@context":"https:\/\/schema.org","@graph":[{"@type":"WebPage","@id":"https:\/\/relevo.app\/de\/app_ger_praktikum_success_management\/","url":"https:\/\/relevo.app\/de\/app_ger_praktikum_success_management\/","name":"App_GER_Praktikum_Success Management - Relevo","isPartOf":{"@id":"https:\/\/relevo.app\/de\/#website"},"primaryImageOfPage":{"@id":"https:\/\/relevo.app\/de\/app_ger_praktikum_success_management\/#primaryimage"},"image":{"@id":"https:\/\/relevo.app\/de\/app_ger_praktikum_success_management\/#primaryimage"},"thumbnailUrl":"https:\/\/relevo.app\/wp-content\/uploads\/2023\/07\/Internship.png","datePublished":"2023-07-11T13:57:31+00:00","dateModified":"2024-03-12T10:49:00+00:00","breadcrumb":{"@id":"https:\/\/relevo.app\/de\/app_ger_praktikum_success_management\/#breadcrumb"},"inLanguage":"de","potentialAction":[{"@type":"ReadAction","target":["https:\/\/relevo.app\/de\/app_ger_praktikum_success_management\/"]}]},{"@type":"ImageObject","inLanguage":"de","@id":"https:\/\/relevo.app\/de\/app_ger_praktikum_success_management\/#primaryimage","url":"https:\/\/relevo.app\/wp-content\/uploads\/2023\/07\/Internship.png","contentUrl":"https:\/\/relevo.app\/wp-content\/uploads\/2023\/07\/Internship.png"},{"@type":"BreadcrumbList","@id":"https:\/\/relevo.app\/de\/app_ger_praktikum_success_management\/#breadcrumb","itemListElement":[{"@type":"ListItem","position":1,"name":"Home","item":"https:\/\/relevo.app\/de\/"},{"@type":"ListItem","position":2,"name":"App_GER_Praktikum_Success Management"}]},{"@type":"WebSite","@id":"https:\/\/relevo.app\/de\/#website","url":"https:\/\/relevo.app\/de\/","name":"Relevo","description":"","potentialAction":[{"@type":"SearchAction","target":{"@type":"EntryPoint","urlTemplate":"https:\/\/relevo.app\/de\/?s={search_term_string}"},"query-input":{"@type":"PropertyValueSpecification","valueRequired":true,"valueName":"search_term_string"}}],"inLanguage":"de"}]}},"_links":{"self":[{"href":"https:\/\/relevo.app\/de\/wp-json\/wp\/v2\/pages\/82078","targetHints":{"allow":["GET"]}}],"collection":[{"href":"https:\/\/relevo.app\/de\/wp-json\/wp\/v2\/pages"}],"about":[{"href":"https:\/\/relevo.app\/de\/wp-json\/wp\/v2\/types\/page"}],"author":[{"embeddable":true,"href":"https:\/\/relevo.app\/de\/wp-json\/wp\/v2\/users\/1"}],"replies":[{"embeddable":true,"href":"https:\/\/relevo.app\/de\/wp-json\/wp\/v2\/comments?post=82078"}],"version-history":[{"count":10,"href":"https:\/\/relevo.app\/de\/wp-json\/wp\/v2\/pages\/82078\/revisions"}],"predecessor-version":[{"id":82100,"href":"https:\/\/relevo.app\/de\/wp-json\/wp\/v2\/pages\/82078\/revisions\/82100"}],"wp:attachment":[{"href":"https:\/\/relevo.app\/de\/wp-json\/wp\/v2\/media?parent=82078"}],"curies":[{"name":"wp","href":"https:\/\/api.w.org\/{rel}","templated":true}]}}