{"id":81036,"date":"2023-06-23T10:55:23","date_gmt":"2023-06-23T08:55:23","guid":{"rendered":"https:\/\/relevo.app\/?page_id=81036"},"modified":"2024-03-12T11:47:00","modified_gmt":"2024-03-12T10:47:00","slug":"app_ger_feedback_user","status":"publish","type":"page","link":"https:\/\/relevo.app\/de\/app_ger_feedback_user\/","title":{"rendered":"App_GER_Feedback_User"},"content":{"rendered":"\t\t<div data-elementor-type=\"wp-page\" data-elementor-id=\"81036\" class=\"elementor elementor-81036\" data-elementor-post-type=\"page\">\n\t\t\t\t\t\t<section class=\"elementor-section elementor-top-section elementor-element elementor-element-d3faaab elementor-section-boxed elementor-section-height-default elementor-section-height-default\" data-id=\"d3faaab\" data-element_type=\"section\" data-e-type=\"section\">\n\t\t\t\t\t\t<div class=\"elementor-container elementor-column-gap-default\">\n\t\t\t\t\t<div class=\"elementor-column elementor-col-100 elementor-top-column elementor-element elementor-element-f87883f\" data-id=\"f87883f\" data-element_type=\"column\" data-e-type=\"column\">\n\t\t\t<div class=\"elementor-widget-wrap elementor-element-populated\">\n\t\t\t\t\t\t<div class=\"elementor-element elementor-element-8d66f34 elementor-widget elementor-widget-image\" data-id=\"8d66f34\" data-element_type=\"widget\" data-e-type=\"widget\" data-widget_type=\"image.default\">\n\t\t\t\t<div class=\"elementor-widget-container\">\n\t\t\t\t\t\t\t\t\t\t\t\t\t\t\t<img fetchpriority=\"high\" decoding=\"async\" width=\"1170\" height=\"1169\" src=\"https:\/\/relevo.app\/wp-content\/uploads\/2023\/06\/Feedback2023.png\" class=\"attachment-1536x1536 size-1536x1536 wp-image-81014\" alt=\"Feedback\" srcset=\"https:\/\/relevo.app\/wp-content\/uploads\/2023\/06\/Feedback2023.png 1170w, https:\/\/relevo.app\/wp-content\/uploads\/2023\/06\/Feedback2023-300x300.png 300w, https:\/\/relevo.app\/wp-content\/uploads\/2023\/06\/Feedback2023-1024x1024.png 1024w, https:\/\/relevo.app\/wp-content\/uploads\/2023\/06\/Feedback2023-150x150.png 150w, https:\/\/relevo.app\/wp-content\/uploads\/2023\/06\/Feedback2023-768x767.png 768w\" sizes=\"(max-width: 1170px) 100vw, 1170px\" \/>\t\t\t\t\t\t\t\t\t\t\t\t\t\t\t<\/div>\n\t\t\t\t<\/div>\n\t\t\t\t<div class=\"elementor-element elementor-element-0265353 elementor-widget elementor-widget-text-editor\" data-id=\"0265353\" data-element_type=\"widget\" data-e-type=\"widget\" data-widget_type=\"text-editor.default\">\n\t\t\t\t<div class=\"elementor-widget-container\">\n\t\t\t\t\t\t\t\t\t<p><b>Was denkst du \u00fcber das Relevo-Mehrwegsystem? \ud83d\udca1<\/b><\/p><p>Wir sind stetig dabei, unser Mehrwegsystem weiterzuentwickeln und an deine Bed\u00fcrfnisse anzupassen. Um das bestm\u00f6gliche Ergebnis zu erzielen, ist dein Feedback sehr wichtig!<\/p><p>Daher w\u00e4ren wir dir f\u00fcr die Beantwortung ein paar kurzer Fragen sehr dankbar \ud83d\udcdd Dies ist die perfekte Chance, uns deine Ideen, W\u00fcnsche &amp; Kritik mitzuteilen. Klicke einfach <a href=\"https:\/\/docs.google.com\/forms\/d\/e\/1FAIpQLSdGx58VM-cw2hHk_DNsa3wi2fspN7YTRS6dXyiGUbi6wIw_Kg\/viewform?usp=sf_link\"><b>hier<\/b><\/a> &amp; schon geht&#8217;s los!<\/p><p>Vielen Dank f\u00fcr deine Unterst\u00fctzung\u00a0\u267b\ufe0f<\/p><p>\u00a0<\/p><p>\u00a0<\/p><p>\u00a0<\/p>\t\t\t\t\t\t\t\t<\/div>\n\t\t\t\t<\/div>\n\t\t\t\t\t<\/div>\n\t\t<\/div>\n\t\t\t\t\t<\/div>\n\t\t<\/section>\n\t\t\t\t<\/div>\n\t\t","protected":false},"excerpt":{"rendered":"<p>Was denkst du \u00fcber das Relevo-Mehrwegsystem? \ud83d\udca1 Wir sind stetig dabei, unser Mehrwegsystem weiterzuentwickeln und an deine Bed\u00fcrfnisse anzupassen. Um das bestm\u00f6gliche Ergebnis zu erzielen, ist dein Feedback sehr wichtig! Daher w\u00e4ren wir dir f\u00fcr die Beantwortung ein paar kurzer Fragen sehr dankbar \ud83d\udcdd Dies ist die perfekte Chance, uns deine Ideen, W\u00fcnsche &amp; Kritik [&hellip;]<\/p>\n","protected":false},"author":1,"featured_media":0,"parent":0,"menu_order":0,"comment_status":"closed","ping_status":"closed","template":"elementor_canvas","meta":{"content-type":"","om_disable_all_campaigns":false,"footnotes":""},"class_list":["post-81036","page","type-page","status-publish","hentry"],"yoast_head":"<!-- This site is optimized with the Yoast SEO plugin v27.4 - https:\/\/yoast.com\/product\/yoast-seo-wordpress\/ -->\n<title>App_GER_Feedback_User - Relevo<\/title>\n<meta name=\"robots\" content=\"noindex, follow\" \/>\n<meta property=\"og:locale\" content=\"de_DE\" \/>\n<meta property=\"og:type\" content=\"article\" \/>\n<meta property=\"og:title\" content=\"App_GER_Feedback_User - Relevo\" \/>\n<meta property=\"og:description\" content=\"Was denkst du \u00fcber das Relevo-Mehrwegsystem? \ud83d\udca1 Wir sind stetig dabei, unser Mehrwegsystem weiterzuentwickeln und an deine Bed\u00fcrfnisse anzupassen. Um das bestm\u00f6gliche Ergebnis zu erzielen, ist dein Feedback sehr wichtig! Daher w\u00e4ren wir dir f\u00fcr die Beantwortung ein paar kurzer Fragen sehr dankbar \ud83d\udcdd Dies ist die perfekte Chance, uns deine Ideen, W\u00fcnsche &amp; Kritik [&hellip;]\" \/>\n<meta property=\"og:url\" content=\"https:\/\/relevo.app\/de\/app_ger_feedback_user\/\" \/>\n<meta property=\"og:site_name\" content=\"Relevo\" \/>\n<meta property=\"article:modified_time\" content=\"2024-03-12T10:47:00+00:00\" \/>\n<meta property=\"og:image\" content=\"https:\/\/relevo.app\/wp-content\/uploads\/2023\/06\/Feedback2023.png\" \/>\n<meta name=\"twitter:card\" content=\"summary_large_image\" \/>\n<meta name=\"twitter:label1\" content=\"Gesch\u00e4tzte Lesezeit\" \/>\n\t<meta name=\"twitter:data1\" content=\"1\u00a0Minute\" \/>\n<script type=\"application\/ld+json\" class=\"yoast-schema-graph\">{\"@context\":\"https:\\\/\\\/schema.org\",\"@graph\":[{\"@type\":\"WebPage\",\"@id\":\"https:\\\/\\\/relevo.app\\\/de\\\/app_ger_feedback_user\\\/\",\"url\":\"https:\\\/\\\/relevo.app\\\/de\\\/app_ger_feedback_user\\\/\",\"name\":\"App_GER_Feedback_User - Relevo\",\"isPartOf\":{\"@id\":\"https:\\\/\\\/relevo.app\\\/de\\\/#website\"},\"primaryImageOfPage\":{\"@id\":\"https:\\\/\\\/relevo.app\\\/de\\\/app_ger_feedback_user\\\/#primaryimage\"},\"image\":{\"@id\":\"https:\\\/\\\/relevo.app\\\/de\\\/app_ger_feedback_user\\\/#primaryimage\"},\"thumbnailUrl\":\"https:\\\/\\\/relevo.app\\\/wp-content\\\/uploads\\\/2023\\\/06\\\/Feedback2023.png\",\"datePublished\":\"2023-06-23T08:55:23+00:00\",\"dateModified\":\"2024-03-12T10:47:00+00:00\",\"breadcrumb\":{\"@id\":\"https:\\\/\\\/relevo.app\\\/de\\\/app_ger_feedback_user\\\/#breadcrumb\"},\"inLanguage\":\"de\",\"potentialAction\":[{\"@type\":\"ReadAction\",\"target\":[\"https:\\\/\\\/relevo.app\\\/de\\\/app_ger_feedback_user\\\/\"]}]},{\"@type\":\"ImageObject\",\"inLanguage\":\"de\",\"@id\":\"https:\\\/\\\/relevo.app\\\/de\\\/app_ger_feedback_user\\\/#primaryimage\",\"url\":\"https:\\\/\\\/relevo.app\\\/wp-content\\\/uploads\\\/2023\\\/06\\\/Feedback2023.png\",\"contentUrl\":\"https:\\\/\\\/relevo.app\\\/wp-content\\\/uploads\\\/2023\\\/06\\\/Feedback2023.png\"},{\"@type\":\"BreadcrumbList\",\"@id\":\"https:\\\/\\\/relevo.app\\\/de\\\/app_ger_feedback_user\\\/#breadcrumb\",\"itemListElement\":[{\"@type\":\"ListItem\",\"position\":1,\"name\":\"Home\",\"item\":\"https:\\\/\\\/relevo.app\\\/de\\\/\"},{\"@type\":\"ListItem\",\"position\":2,\"name\":\"App_GER_Feedback_User\"}]},{\"@type\":\"WebSite\",\"@id\":\"https:\\\/\\\/relevo.app\\\/de\\\/#website\",\"url\":\"https:\\\/\\\/relevo.app\\\/de\\\/\",\"name\":\"Relevo\",\"description\":\"\",\"potentialAction\":[{\"@type\":\"SearchAction\",\"target\":{\"@type\":\"EntryPoint\",\"urlTemplate\":\"https:\\\/\\\/relevo.app\\\/de\\\/?s={search_term_string}\"},\"query-input\":{\"@type\":\"PropertyValueSpecification\",\"valueRequired\":true,\"valueName\":\"search_term_string\"}}],\"inLanguage\":\"de\"}]}<\/script>\n<!-- \/ Yoast SEO plugin. -->","yoast_head_json":{"title":"App_GER_Feedback_User - Relevo","robots":{"index":"noindex","follow":"follow"},"og_locale":"de_DE","og_type":"article","og_title":"App_GER_Feedback_User - Relevo","og_description":"Was denkst du \u00fcber das Relevo-Mehrwegsystem? \ud83d\udca1 Wir sind stetig dabei, unser Mehrwegsystem weiterzuentwickeln und an deine Bed\u00fcrfnisse anzupassen. Um das bestm\u00f6gliche Ergebnis zu erzielen, ist dein Feedback sehr wichtig! Daher w\u00e4ren wir dir f\u00fcr die Beantwortung ein paar kurzer Fragen sehr dankbar \ud83d\udcdd Dies ist die perfekte Chance, uns deine Ideen, W\u00fcnsche &amp; Kritik [&hellip;]","og_url":"https:\/\/relevo.app\/de\/app_ger_feedback_user\/","og_site_name":"Relevo","article_modified_time":"2024-03-12T10:47:00+00:00","og_image":[{"url":"https:\/\/relevo.app\/wp-content\/uploads\/2023\/06\/Feedback2023.png","type":"","width":"","height":""}],"twitter_card":"summary_large_image","twitter_misc":{"Gesch\u00e4tzte Lesezeit":"1\u00a0Minute"},"schema":{"@context":"https:\/\/schema.org","@graph":[{"@type":"WebPage","@id":"https:\/\/relevo.app\/de\/app_ger_feedback_user\/","url":"https:\/\/relevo.app\/de\/app_ger_feedback_user\/","name":"App_GER_Feedback_User - Relevo","isPartOf":{"@id":"https:\/\/relevo.app\/de\/#website"},"primaryImageOfPage":{"@id":"https:\/\/relevo.app\/de\/app_ger_feedback_user\/#primaryimage"},"image":{"@id":"https:\/\/relevo.app\/de\/app_ger_feedback_user\/#primaryimage"},"thumbnailUrl":"https:\/\/relevo.app\/wp-content\/uploads\/2023\/06\/Feedback2023.png","datePublished":"2023-06-23T08:55:23+00:00","dateModified":"2024-03-12T10:47:00+00:00","breadcrumb":{"@id":"https:\/\/relevo.app\/de\/app_ger_feedback_user\/#breadcrumb"},"inLanguage":"de","potentialAction":[{"@type":"ReadAction","target":["https:\/\/relevo.app\/de\/app_ger_feedback_user\/"]}]},{"@type":"ImageObject","inLanguage":"de","@id":"https:\/\/relevo.app\/de\/app_ger_feedback_user\/#primaryimage","url":"https:\/\/relevo.app\/wp-content\/uploads\/2023\/06\/Feedback2023.png","contentUrl":"https:\/\/relevo.app\/wp-content\/uploads\/2023\/06\/Feedback2023.png"},{"@type":"BreadcrumbList","@id":"https:\/\/relevo.app\/de\/app_ger_feedback_user\/#breadcrumb","itemListElement":[{"@type":"ListItem","position":1,"name":"Home","item":"https:\/\/relevo.app\/de\/"},{"@type":"ListItem","position":2,"name":"App_GER_Feedback_User"}]},{"@type":"WebSite","@id":"https:\/\/relevo.app\/de\/#website","url":"https:\/\/relevo.app\/de\/","name":"Relevo","description":"","potentialAction":[{"@type":"SearchAction","target":{"@type":"EntryPoint","urlTemplate":"https:\/\/relevo.app\/de\/?s={search_term_string}"},"query-input":{"@type":"PropertyValueSpecification","valueRequired":true,"valueName":"search_term_string"}}],"inLanguage":"de"}]}},"_links":{"self":[{"href":"https:\/\/relevo.app\/de\/wp-json\/wp\/v2\/pages\/81036","targetHints":{"allow":["GET"]}}],"collection":[{"href":"https:\/\/relevo.app\/de\/wp-json\/wp\/v2\/pages"}],"about":[{"href":"https:\/\/relevo.app\/de\/wp-json\/wp\/v2\/types\/page"}],"author":[{"embeddable":true,"href":"https:\/\/relevo.app\/de\/wp-json\/wp\/v2\/users\/1"}],"replies":[{"embeddable":true,"href":"https:\/\/relevo.app\/de\/wp-json\/wp\/v2\/comments?post=81036"}],"version-history":[{"count":8,"href":"https:\/\/relevo.app\/de\/wp-json\/wp\/v2\/pages\/81036\/revisions"}],"predecessor-version":[{"id":81046,"href":"https:\/\/relevo.app\/de\/wp-json\/wp\/v2\/pages\/81036\/revisions\/81046"}],"wp:attachment":[{"href":"https:\/\/relevo.app\/de\/wp-json\/wp\/v2\/media?parent=81036"}],"curies":[{"name":"wp","href":"https:\/\/api.w.org\/{rel}","templated":true}]}}