{"id":78337,"date":"2023-05-04T16:15:00","date_gmt":"2023-05-04T15:15:00","guid":{"rendered":"https:\/\/relevo.app\/?page_id=78337"},"modified":"2024-03-14T16:06:19","modified_gmt":"2024-03-14T15:06:19","slug":"app_ger_uber_eats","status":"publish","type":"page","link":"https:\/\/relevo.app\/de\/app_ger_uber_eats\/","title":{"rendered":"App_GER_Uber_Eats"},"content":{"rendered":"\t\t<div data-elementor-type=\"wp-page\" data-elementor-id=\"78337\" class=\"elementor elementor-78337\" data-elementor-post-type=\"page\">\n\t\t\t\t\t\t<section class=\"elementor-section elementor-top-section elementor-element elementor-element-d3faaab elementor-section-boxed elementor-section-height-default elementor-section-height-default\" data-id=\"d3faaab\" data-element_type=\"section\" data-e-type=\"section\">\n\t\t\t\t\t\t<div class=\"elementor-container elementor-column-gap-default\">\n\t\t\t\t\t<div class=\"elementor-column elementor-col-100 elementor-top-column elementor-element elementor-element-f87883f\" data-id=\"f87883f\" data-element_type=\"column\" data-e-type=\"column\">\n\t\t\t<div class=\"elementor-widget-wrap elementor-element-populated\">\n\t\t\t\t\t\t<div class=\"elementor-element elementor-element-8d66f34 elementor-widget elementor-widget-image\" data-id=\"8d66f34\" data-element_type=\"widget\" data-e-type=\"widget\" data-widget_type=\"image.default\">\n\t\t\t\t<div class=\"elementor-widget-container\">\n\t\t\t\t\t\t\t\t\t\t\t\t\t\t\t<img fetchpriority=\"high\" decoding=\"async\" width=\"800\" height=\"640\" src=\"https:\/\/relevo.app\/wp-content\/uploads\/2023\/05\/Rabattcode_Foto-1024x819.png\" class=\"attachment-large size-large wp-image-78340\" alt=\"Relevo Uber Eats Coupon\" srcset=\"https:\/\/relevo.app\/wp-content\/uploads\/2023\/05\/Rabattcode_Foto-1024x819.png 1024w, https:\/\/relevo.app\/wp-content\/uploads\/2023\/05\/Rabattcode_Foto-300x240.png 300w, https:\/\/relevo.app\/wp-content\/uploads\/2023\/05\/Rabattcode_Foto-768x615.png 768w, https:\/\/relevo.app\/wp-content\/uploads\/2023\/05\/Rabattcode_Foto-1536x1229.png 1536w, https:\/\/relevo.app\/wp-content\/uploads\/2023\/05\/Rabattcode_Foto.png 1747w\" sizes=\"(max-width: 800px) 100vw, 800px\" \/>\t\t\t\t\t\t\t\t\t\t\t\t\t\t\t<\/div>\n\t\t\t\t<\/div>\n\t\t\t\t<div class=\"elementor-element elementor-element-0265353 elementor-widget elementor-widget-text-editor\" data-id=\"0265353\" data-element_type=\"widget\" data-e-type=\"widget\" data-widget_type=\"text-editor.default\">\n\t\t\t\t<div class=\"elementor-widget-container\">\n\t\t\t\t\t\t\t\t\t<p><strong>Bestelle jetzt dein Lieblingsessen \u00fcber Uber Eats in Relevo-Mehrweg und spare 20 \u20ac! <img decoding=\"async\" class=\"emoji\" role=\"img\" draggable=\"false\" src=\"https:\/\/s.w.org\/images\/core\/emoji\/14.0.0\/svg\/1f929.svg\" alt=\"\ud83e\udd29\" \/><\/strong><\/p><p>Umwelt und Geldbeutel gleichzeitig schonen? <img decoding=\"async\" class=\"emoji\" role=\"img\" draggable=\"false\" src=\"https:\/\/s.w.org\/images\/core\/emoji\/14.0.0\/svg\/1f914.svg\" alt=\"\ud83e\udd14\" \/> Dies ist Dank unserer Partnerschaft mit Uber Eats m\u00f6glich! Und zwar nicht nur einmal, sondern gleich zweimal. Bis zum 31.07.2023 kannst du mit dem Code RELEVO20 bei deinen ersten beiden Bestellungen \u00fcber Uber Eats jeweils 10 \u20ac auf deine Bestellung sparen* <img decoding=\"async\" class=\"emoji\" role=\"img\" draggable=\"false\" src=\"https:\/\/s.w.org\/images\/core\/emoji\/14.0.0\/svg\/1f389.svg\" alt=\"\ud83c\udf89\" \/><\/p><p>Und so funktioniert deine m\u00fcllfreie Bestellung \u00fcber Uber Eats:<\/p><ul><li>Installiere die kostenfreie <a href=\"https:\/\/about.ubereats.com\/ch\/de\/how-it-works\/download-uber-eats-app\/\">Uber Eats App<\/a>.<\/li><li>Finde Relevo-Partner in deiner N\u00e4he, indem du in der Suchleiste der Uber Eats App \u201cRelevo\u201d eingibst.<\/li><li>Um dein Essen in einer Relevo geliefert zu bekommen, gehe in die Relevo-App unter \u201cMehr\u201d \u2192 \u201cMein Profil\u201d und kopiere deine User-ID, die du oben links findest. Lege bei deiner Bestellung in der Uber Eats App das Relevo-Geschirr als kostenloses Produkt in den Warenkorb. Dieses findest du unter \u201cBesteck und Beh\u00e4lter\u201d. Kopiere am Ende des Bestellvorgangs deine User-ID in das Kommentarfeld. <img decoding=\"async\" class=\"emoji\" role=\"img\" draggable=\"false\" src=\"https:\/\/s.w.org\/images\/core\/emoji\/14.0.0\/svg\/26a0.svg\" alt=\"\u26a0\ufe0f\" \/> Nur wenn der Gastro-Partner deine User-ID hat, kann er deine Bestellung in Mehrweg verpacken!<\/li><li>Gib deinen Code <strong>RELEVO20<\/strong> an der Kasse unter \u201cAktion hinzuf\u00fcgen\u201d ein.<p>Viel Spa\u00df bei deiner Bestellung in Mehrweg! <img decoding=\"async\" class=\"emoji\" role=\"img\" draggable=\"false\" src=\"https:\/\/s.w.org\/images\/core\/emoji\/14.0.0\/svg\/267b.svg\" alt=\"\u267b\ufe0f\" \/><\/p><\/li><\/ul><p><em>*10\u20ac Rabatt g\u00fcltig bis 23:55 Uhr am 31.07.2023. G\u00fcltig f\u00fcr zwei (2) Bestellungen \u00fcber die Uber Eats App in Deutschland (\u00fcberpr\u00fcfe die Verf\u00fcgbarkeit von Lieferungen und Restaurants in der Uber Eats App). Es gilt ein Mindestbestellwert von jeweils 20\u20ac f\u00fcr Essen und Trinken, ohne Liefergeb\u00fchr. G\u00fcltig nur f\u00fcr Lieferungen, keine Abholung. Es f\u00e4llt eine Liefergeb\u00fchr an. Das Angebot ist nur f\u00fcr neue Nutzer von Uber Eats verf\u00fcgbar. Das Angebot gilt nicht f\u00fcr Bestellungen, die Alkohol enthalten. Um die Aktion wahrzunehmen, wende den Code in der Uber Eats App an, bevor du die Bestellung abschlie\u00dft. Der Code kann von insgesamt maximal 5000 Nutzern angewendet werden. Das Angebot kann nicht mit anderen Angeboten kombiniert werden.<\/em><\/p>\t\t\t\t\t\t\t\t<\/div>\n\t\t\t\t<\/div>\n\t\t\t\t\t<\/div>\n\t\t<\/div>\n\t\t\t\t\t<\/div>\n\t\t<\/section>\n\t\t\t\t<\/div>\n\t\t","protected":false},"excerpt":{"rendered":"<p>Bestelle jetzt dein Lieblingsessen \u00fcber Uber Eats in Relevo-Mehrweg und spare 20 \u20ac! Umwelt und Geldbeutel gleichzeitig schonen? Dies ist Dank unserer Partnerschaft mit Uber Eats m\u00f6glich! Und zwar nicht nur einmal, sondern gleich zweimal. Bis zum 31.07.2023 kannst du mit dem Code RELEVO20 bei deinen ersten beiden Bestellungen \u00fcber Uber Eats jeweils 10 \u20ac [&hellip;]<\/p>\n","protected":false},"author":53,"featured_media":0,"parent":0,"menu_order":0,"comment_status":"closed","ping_status":"closed","template":"elementor_canvas","meta":{"content-type":"","om_disable_all_campaigns":false,"footnotes":""},"class_list":["post-78337","page","type-page","status-publish","hentry"],"yoast_head":"<!-- This site is optimized with the Yoast SEO plugin v27.4 - https:\/\/yoast.com\/product\/yoast-seo-wordpress\/ -->\n<title>App_GER_Uber_Eats - Relevo<\/title>\n<meta name=\"robots\" content=\"noindex, follow\" \/>\n<meta property=\"og:locale\" content=\"de_DE\" \/>\n<meta property=\"og:type\" content=\"article\" \/>\n<meta property=\"og:title\" content=\"App_GER_Uber_Eats - Relevo\" \/>\n<meta property=\"og:description\" content=\"Bestelle jetzt dein Lieblingsessen \u00fcber Uber Eats in Relevo-Mehrweg und spare 20 \u20ac! Umwelt und Geldbeutel gleichzeitig schonen? Dies ist Dank unserer Partnerschaft mit Uber Eats m\u00f6glich! Und zwar nicht nur einmal, sondern gleich zweimal. Bis zum 31.07.2023 kannst du mit dem Code RELEVO20 bei deinen ersten beiden Bestellungen \u00fcber Uber Eats jeweils 10 \u20ac [&hellip;]\" \/>\n<meta property=\"og:url\" content=\"https:\/\/relevo.app\/de\/app_ger_uber_eats\/\" \/>\n<meta property=\"og:site_name\" content=\"Relevo\" \/>\n<meta property=\"article:modified_time\" content=\"2024-03-14T15:06:19+00:00\" \/>\n<meta property=\"og:image\" content=\"https:\/\/relevo.app\/wp-content\/uploads\/2023\/05\/Rabattcode_Foto-1024x819.png\" \/>\n<meta name=\"twitter:card\" content=\"summary_large_image\" \/>\n<meta name=\"twitter:label1\" content=\"Gesch\u00e4tzte Lesezeit\" \/>\n\t<meta name=\"twitter:data1\" content=\"3\u00a0Minuten\" \/>\n<script type=\"application\/ld+json\" class=\"yoast-schema-graph\">{\"@context\":\"https:\\\/\\\/schema.org\",\"@graph\":[{\"@type\":\"WebPage\",\"@id\":\"https:\\\/\\\/relevo.app\\\/de\\\/app_ger_uber_eats\\\/\",\"url\":\"https:\\\/\\\/relevo.app\\\/de\\\/app_ger_uber_eats\\\/\",\"name\":\"App_GER_Uber_Eats - Relevo\",\"isPartOf\":{\"@id\":\"https:\\\/\\\/relevo.app\\\/de\\\/#website\"},\"primaryImageOfPage\":{\"@id\":\"https:\\\/\\\/relevo.app\\\/de\\\/app_ger_uber_eats\\\/#primaryimage\"},\"image\":{\"@id\":\"https:\\\/\\\/relevo.app\\\/de\\\/app_ger_uber_eats\\\/#primaryimage\"},\"thumbnailUrl\":\"https:\\\/\\\/relevo.app\\\/wp-content\\\/uploads\\\/2023\\\/05\\\/Rabattcode_Foto-1024x819.png\",\"datePublished\":\"2023-05-04T15:15:00+00:00\",\"dateModified\":\"2024-03-14T15:06:19+00:00\",\"breadcrumb\":{\"@id\":\"https:\\\/\\\/relevo.app\\\/de\\\/app_ger_uber_eats\\\/#breadcrumb\"},\"inLanguage\":\"de\",\"potentialAction\":[{\"@type\":\"ReadAction\",\"target\":[\"https:\\\/\\\/relevo.app\\\/de\\\/app_ger_uber_eats\\\/\"]}]},{\"@type\":\"ImageObject\",\"inLanguage\":\"de\",\"@id\":\"https:\\\/\\\/relevo.app\\\/de\\\/app_ger_uber_eats\\\/#primaryimage\",\"url\":\"https:\\\/\\\/relevo.app\\\/wp-content\\\/uploads\\\/2023\\\/05\\\/Rabattcode_Foto-1024x819.png\",\"contentUrl\":\"https:\\\/\\\/relevo.app\\\/wp-content\\\/uploads\\\/2023\\\/05\\\/Rabattcode_Foto-1024x819.png\"},{\"@type\":\"BreadcrumbList\",\"@id\":\"https:\\\/\\\/relevo.app\\\/de\\\/app_ger_uber_eats\\\/#breadcrumb\",\"itemListElement\":[{\"@type\":\"ListItem\",\"position\":1,\"name\":\"Home\",\"item\":\"https:\\\/\\\/relevo.app\\\/de\\\/\"},{\"@type\":\"ListItem\",\"position\":2,\"name\":\"App_GER_Uber_Eats\"}]},{\"@type\":\"WebSite\",\"@id\":\"https:\\\/\\\/relevo.app\\\/de\\\/#website\",\"url\":\"https:\\\/\\\/relevo.app\\\/de\\\/\",\"name\":\"Relevo\",\"description\":\"\",\"potentialAction\":[{\"@type\":\"SearchAction\",\"target\":{\"@type\":\"EntryPoint\",\"urlTemplate\":\"https:\\\/\\\/relevo.app\\\/de\\\/?s={search_term_string}\"},\"query-input\":{\"@type\":\"PropertyValueSpecification\",\"valueRequired\":true,\"valueName\":\"search_term_string\"}}],\"inLanguage\":\"de\"}]}<\/script>\n<!-- \/ Yoast SEO plugin. -->","yoast_head_json":{"title":"App_GER_Uber_Eats - Relevo","robots":{"index":"noindex","follow":"follow"},"og_locale":"de_DE","og_type":"article","og_title":"App_GER_Uber_Eats - Relevo","og_description":"Bestelle jetzt dein Lieblingsessen \u00fcber Uber Eats in Relevo-Mehrweg und spare 20 \u20ac! Umwelt und Geldbeutel gleichzeitig schonen? Dies ist Dank unserer Partnerschaft mit Uber Eats m\u00f6glich! Und zwar nicht nur einmal, sondern gleich zweimal. Bis zum 31.07.2023 kannst du mit dem Code RELEVO20 bei deinen ersten beiden Bestellungen \u00fcber Uber Eats jeweils 10 \u20ac [&hellip;]","og_url":"https:\/\/relevo.app\/de\/app_ger_uber_eats\/","og_site_name":"Relevo","article_modified_time":"2024-03-14T15:06:19+00:00","og_image":[{"url":"https:\/\/relevo.app\/wp-content\/uploads\/2023\/05\/Rabattcode_Foto-1024x819.png","type":"","width":"","height":""}],"twitter_card":"summary_large_image","twitter_misc":{"Gesch\u00e4tzte Lesezeit":"3\u00a0Minuten"},"schema":{"@context":"https:\/\/schema.org","@graph":[{"@type":"WebPage","@id":"https:\/\/relevo.app\/de\/app_ger_uber_eats\/","url":"https:\/\/relevo.app\/de\/app_ger_uber_eats\/","name":"App_GER_Uber_Eats - Relevo","isPartOf":{"@id":"https:\/\/relevo.app\/de\/#website"},"primaryImageOfPage":{"@id":"https:\/\/relevo.app\/de\/app_ger_uber_eats\/#primaryimage"},"image":{"@id":"https:\/\/relevo.app\/de\/app_ger_uber_eats\/#primaryimage"},"thumbnailUrl":"https:\/\/relevo.app\/wp-content\/uploads\/2023\/05\/Rabattcode_Foto-1024x819.png","datePublished":"2023-05-04T15:15:00+00:00","dateModified":"2024-03-14T15:06:19+00:00","breadcrumb":{"@id":"https:\/\/relevo.app\/de\/app_ger_uber_eats\/#breadcrumb"},"inLanguage":"de","potentialAction":[{"@type":"ReadAction","target":["https:\/\/relevo.app\/de\/app_ger_uber_eats\/"]}]},{"@type":"ImageObject","inLanguage":"de","@id":"https:\/\/relevo.app\/de\/app_ger_uber_eats\/#primaryimage","url":"https:\/\/relevo.app\/wp-content\/uploads\/2023\/05\/Rabattcode_Foto-1024x819.png","contentUrl":"https:\/\/relevo.app\/wp-content\/uploads\/2023\/05\/Rabattcode_Foto-1024x819.png"},{"@type":"BreadcrumbList","@id":"https:\/\/relevo.app\/de\/app_ger_uber_eats\/#breadcrumb","itemListElement":[{"@type":"ListItem","position":1,"name":"Home","item":"https:\/\/relevo.app\/de\/"},{"@type":"ListItem","position":2,"name":"App_GER_Uber_Eats"}]},{"@type":"WebSite","@id":"https:\/\/relevo.app\/de\/#website","url":"https:\/\/relevo.app\/de\/","name":"Relevo","description":"","potentialAction":[{"@type":"SearchAction","target":{"@type":"EntryPoint","urlTemplate":"https:\/\/relevo.app\/de\/?s={search_term_string}"},"query-input":{"@type":"PropertyValueSpecification","valueRequired":true,"valueName":"search_term_string"}}],"inLanguage":"de"}]}},"_links":{"self":[{"href":"https:\/\/relevo.app\/de\/wp-json\/wp\/v2\/pages\/78337","targetHints":{"allow":["GET"]}}],"collection":[{"href":"https:\/\/relevo.app\/de\/wp-json\/wp\/v2\/pages"}],"about":[{"href":"https:\/\/relevo.app\/de\/wp-json\/wp\/v2\/types\/page"}],"author":[{"embeddable":true,"href":"https:\/\/relevo.app\/de\/wp-json\/wp\/v2\/users\/53"}],"replies":[{"embeddable":true,"href":"https:\/\/relevo.app\/de\/wp-json\/wp\/v2\/comments?post=78337"}],"version-history":[{"count":18,"href":"https:\/\/relevo.app\/de\/wp-json\/wp\/v2\/pages\/78337\/revisions"}],"predecessor-version":[{"id":88255,"href":"https:\/\/relevo.app\/de\/wp-json\/wp\/v2\/pages\/78337\/revisions\/88255"}],"wp:attachment":[{"href":"https:\/\/relevo.app\/de\/wp-json\/wp\/v2\/media?parent=78337"}],"curies":[{"name":"wp","href":"https:\/\/api.w.org\/{rel}","templated":true}]}}