{"id":47087,"date":"2023-04-06T10:14:25","date_gmt":"2023-04-06T09:14:25","guid":{"rendered":"https:\/\/stage.relevo.app\/?page_id=47087"},"modified":"2024-03-12T11:45:15","modified_gmt":"2024-03-12T10:45:15","slug":"app_ger_agb_aenderung","status":"publish","type":"page","link":"https:\/\/relevo.app\/de\/app_ger_agb_aenderung\/","title":{"rendered":"App_GER_AGB_\u00c4nderung"},"content":{"rendered":"\t\t<div data-elementor-type=\"wp-page\" data-elementor-id=\"47087\" class=\"elementor elementor-47087\" data-elementor-post-type=\"page\">\n\t\t\t\t\t\t<section class=\"elementor-section elementor-top-section elementor-element elementor-element-d3faaab elementor-section-boxed elementor-section-height-default elementor-section-height-default\" data-id=\"d3faaab\" data-element_type=\"section\" data-e-type=\"section\">\n\t\t\t\t\t\t<div class=\"elementor-container elementor-column-gap-default\">\n\t\t\t\t\t<div class=\"elementor-column elementor-col-100 elementor-top-column elementor-element elementor-element-f87883f\" data-id=\"f87883f\" data-element_type=\"column\" data-e-type=\"column\">\n\t\t\t<div class=\"elementor-widget-wrap elementor-element-populated\">\n\t\t\t\t\t\t<div class=\"elementor-element elementor-element-8d66f34 elementor-widget elementor-widget-image\" data-id=\"8d66f34\" data-element_type=\"widget\" data-e-type=\"widget\" data-widget_type=\"image.default\">\n\t\t\t\t<div class=\"elementor-widget-container\">\n\t\t\t\t\t\t\t\t\t\t\t\t\t\t\t<img fetchpriority=\"high\" decoding=\"async\" width=\"800\" height=\"621\" src=\"https:\/\/relevo.app\/wp-content\/uploads\/2023\/04\/Time_New_Grafik-1024x795.png\" class=\"attachment-large size-large wp-image-47142\" alt=\"Time_NewTime_New\" srcset=\"https:\/\/relevo.app\/wp-content\/uploads\/2023\/04\/Time_New_Grafik-1024x795.png 1024w, https:\/\/relevo.app\/wp-content\/uploads\/2023\/04\/Time_New_Grafik-300x233.png 300w, https:\/\/relevo.app\/wp-content\/uploads\/2023\/04\/Time_New_Grafik-768x597.png 768w, https:\/\/relevo.app\/wp-content\/uploads\/2023\/04\/Time_New_Grafik-1536x1193.png 1536w, https:\/\/relevo.app\/wp-content\/uploads\/2023\/04\/Time_New_Grafik-2048x1591.png 2048w\" sizes=\"(max-width: 800px) 100vw, 800px\" \/>\t\t\t\t\t\t\t\t\t\t\t\t\t\t\t<\/div>\n\t\t\t\t<\/div>\n\t\t\t\t<div class=\"elementor-element elementor-element-0265353 elementor-widget elementor-widget-text-editor\" data-id=\"0265353\" data-element_type=\"widget\" data-e-type=\"widget\" data-widget_type=\"text-editor.default\">\n\t\t\t\t<div class=\"elementor-widget-container\">\n\t\t\t\t\t\t\t\t\t<p><strong>(Neue) Verl\u00e4ngerungsfunktion und \u00c4nderung unserer AGB<\/strong><\/p><p>Mehrweggeschirr ist nur dann wirklich nachhaltig, wenn es schnell und oft zirkuliert. Eine schnelle R\u00fcckgabe erm\u00f6glicht eine schnelle Wiederverwendung und spart kostbare Ressourcen ein. Deshalb f\u00fchren wir ab dem 26.04.2023 eine Geb\u00fchr von 1 \u20ac ein, wenn du die R\u00fcckgabefrist um 7 Tage verl\u00e4ngern m\u00f6chtest. Die 14-t\u00e4gige Ausleihe bleibt weiterhin kostenlos f\u00fcr dich. Die entsprechend angepassten Allgemeinen Gesch\u00e4ftsbedingungen findest du <a href=\"https:\/\/relevo.app\/agb-aenderungen\/\">hier<\/a>.\u00a0<\/p><p>Unser Ziel ist es, das Geschirr so schnell wie m\u00f6glich wieder in den Kreislauf zur\u00fcckzuf\u00fchren. Solltest du es dennoch einmal nicht schaffen, das Geschirr innerhalb der 14-t\u00e4gigen Ausleihfrist zur\u00fcckzugeben, kannst du einfach und bequem \u00fcber unsere App die Verl\u00e4ngerungsoption um eine Woche nutzen, ohne das Geschirr direkt erwerben zu m\u00fcssen. Mit Einf\u00fchrung der 1 \u20ac-Geb\u00fchr k\u00f6nnen wir den Ausfall der direkten Wiederverwendung ausgleichen und den Mehrwegkreislauf auch finanziell nachhaltig betreiben.<\/p><p>Wir freuen uns, gemeinsam mit dir unseren Beitrag zur Nachhaltigkeit zu leisten \u267b\ufe0f<\/p><p>\u00a0<\/p><p>\u00a0<\/p><p>\u00a0<\/p>\t\t\t\t\t\t\t\t<\/div>\n\t\t\t\t<\/div>\n\t\t\t\t\t<\/div>\n\t\t<\/div>\n\t\t\t\t\t<\/div>\n\t\t<\/section>\n\t\t\t\t<\/div>\n\t\t","protected":false},"excerpt":{"rendered":"<p>(Neue) Verl\u00e4ngerungsfunktion und \u00c4nderung unserer AGB Mehrweggeschirr ist nur dann wirklich nachhaltig, wenn es schnell und oft zirkuliert. Eine schnelle R\u00fcckgabe erm\u00f6glicht eine schnelle Wiederverwendung und spart kostbare Ressourcen ein. Deshalb f\u00fchren wir ab dem 26.04.2023 eine Geb\u00fchr von 1 \u20ac ein, wenn du die R\u00fcckgabefrist um 7 Tage verl\u00e4ngern m\u00f6chtest. Die 14-t\u00e4gige Ausleihe bleibt [&hellip;]<\/p>\n","protected":false},"author":1,"featured_media":0,"parent":0,"menu_order":0,"comment_status":"closed","ping_status":"closed","template":"elementor_canvas","meta":{"content-type":"","om_disable_all_campaigns":false,"footnotes":""},"class_list":["post-47087","page","type-page","status-publish","hentry"],"yoast_head":"<!-- This site is optimized with the Yoast SEO plugin v27.4 - https:\/\/yoast.com\/product\/yoast-seo-wordpress\/ -->\n<title>App_GER_AGB_\u00c4nderung - Relevo<\/title>\n<meta name=\"robots\" content=\"noindex, follow\" \/>\n<meta property=\"og:locale\" content=\"de_DE\" \/>\n<meta property=\"og:type\" content=\"article\" \/>\n<meta property=\"og:title\" content=\"App_GER_AGB_\u00c4nderung - Relevo\" \/>\n<meta property=\"og:description\" content=\"(Neue) Verl\u00e4ngerungsfunktion und \u00c4nderung unserer AGB Mehrweggeschirr ist nur dann wirklich nachhaltig, wenn es schnell und oft zirkuliert. Eine schnelle R\u00fcckgabe erm\u00f6glicht eine schnelle Wiederverwendung und spart kostbare Ressourcen ein. Deshalb f\u00fchren wir ab dem 26.04.2023 eine Geb\u00fchr von 1 \u20ac ein, wenn du die R\u00fcckgabefrist um 7 Tage verl\u00e4ngern m\u00f6chtest. Die 14-t\u00e4gige Ausleihe bleibt [&hellip;]\" \/>\n<meta property=\"og:url\" content=\"https:\/\/relevo.app\/de\/app_ger_agb_aenderung\/\" \/>\n<meta property=\"og:site_name\" content=\"Relevo\" \/>\n<meta property=\"article:modified_time\" content=\"2024-03-12T10:45:15+00:00\" \/>\n<meta property=\"og:image\" content=\"https:\/\/stage.relevo.app\/wp-content\/uploads\/2023\/04\/Time_New_Grafik-1024x795.png\" \/>\n<meta name=\"twitter:card\" content=\"summary_large_image\" \/>\n<meta name=\"twitter:label1\" content=\"Gesch\u00e4tzte Lesezeit\" \/>\n\t<meta name=\"twitter:data1\" content=\"2\u00a0Minuten\" \/>\n<script type=\"application\/ld+json\" class=\"yoast-schema-graph\">{\"@context\":\"https:\\\/\\\/schema.org\",\"@graph\":[{\"@type\":\"WebPage\",\"@id\":\"https:\\\/\\\/relevo.app\\\/de\\\/app_ger_agb_aenderung\\\/\",\"url\":\"https:\\\/\\\/relevo.app\\\/de\\\/app_ger_agb_aenderung\\\/\",\"name\":\"App_GER_AGB_\u00c4nderung - Relevo\",\"isPartOf\":{\"@id\":\"https:\\\/\\\/relevo.app\\\/de\\\/#website\"},\"primaryImageOfPage\":{\"@id\":\"https:\\\/\\\/relevo.app\\\/de\\\/app_ger_agb_aenderung\\\/#primaryimage\"},\"image\":{\"@id\":\"https:\\\/\\\/relevo.app\\\/de\\\/app_ger_agb_aenderung\\\/#primaryimage\"},\"thumbnailUrl\":\"https:\\\/\\\/stage.relevo.app\\\/wp-content\\\/uploads\\\/2023\\\/04\\\/Time_New_Grafik-1024x795.png\",\"datePublished\":\"2023-04-06T09:14:25+00:00\",\"dateModified\":\"2024-03-12T10:45:15+00:00\",\"breadcrumb\":{\"@id\":\"https:\\\/\\\/relevo.app\\\/de\\\/app_ger_agb_aenderung\\\/#breadcrumb\"},\"inLanguage\":\"de\",\"potentialAction\":[{\"@type\":\"ReadAction\",\"target\":[\"https:\\\/\\\/relevo.app\\\/de\\\/app_ger_agb_aenderung\\\/\"]}]},{\"@type\":\"ImageObject\",\"inLanguage\":\"de\",\"@id\":\"https:\\\/\\\/relevo.app\\\/de\\\/app_ger_agb_aenderung\\\/#primaryimage\",\"url\":\"https:\\\/\\\/stage.relevo.app\\\/wp-content\\\/uploads\\\/2023\\\/04\\\/Time_New_Grafik-1024x795.png\",\"contentUrl\":\"https:\\\/\\\/stage.relevo.app\\\/wp-content\\\/uploads\\\/2023\\\/04\\\/Time_New_Grafik-1024x795.png\"},{\"@type\":\"BreadcrumbList\",\"@id\":\"https:\\\/\\\/relevo.app\\\/de\\\/app_ger_agb_aenderung\\\/#breadcrumb\",\"itemListElement\":[{\"@type\":\"ListItem\",\"position\":1,\"name\":\"Home\",\"item\":\"https:\\\/\\\/relevo.app\\\/de\\\/\"},{\"@type\":\"ListItem\",\"position\":2,\"name\":\"App_GER_AGB_\u00c4nderung\"}]},{\"@type\":\"WebSite\",\"@id\":\"https:\\\/\\\/relevo.app\\\/de\\\/#website\",\"url\":\"https:\\\/\\\/relevo.app\\\/de\\\/\",\"name\":\"Relevo\",\"description\":\"\",\"potentialAction\":[{\"@type\":\"SearchAction\",\"target\":{\"@type\":\"EntryPoint\",\"urlTemplate\":\"https:\\\/\\\/relevo.app\\\/de\\\/?s={search_term_string}\"},\"query-input\":{\"@type\":\"PropertyValueSpecification\",\"valueRequired\":true,\"valueName\":\"search_term_string\"}}],\"inLanguage\":\"de\"}]}<\/script>\n<!-- \/ Yoast SEO plugin. -->","yoast_head_json":{"title":"App_GER_AGB_\u00c4nderung - Relevo","robots":{"index":"noindex","follow":"follow"},"og_locale":"de_DE","og_type":"article","og_title":"App_GER_AGB_\u00c4nderung - Relevo","og_description":"(Neue) Verl\u00e4ngerungsfunktion und \u00c4nderung unserer AGB Mehrweggeschirr ist nur dann wirklich nachhaltig, wenn es schnell und oft zirkuliert. Eine schnelle R\u00fcckgabe erm\u00f6glicht eine schnelle Wiederverwendung und spart kostbare Ressourcen ein. Deshalb f\u00fchren wir ab dem 26.04.2023 eine Geb\u00fchr von 1 \u20ac ein, wenn du die R\u00fcckgabefrist um 7 Tage verl\u00e4ngern m\u00f6chtest. Die 14-t\u00e4gige Ausleihe bleibt [&hellip;]","og_url":"https:\/\/relevo.app\/de\/app_ger_agb_aenderung\/","og_site_name":"Relevo","article_modified_time":"2024-03-12T10:45:15+00:00","og_image":[{"url":"https:\/\/stage.relevo.app\/wp-content\/uploads\/2023\/04\/Time_New_Grafik-1024x795.png","type":"","width":"","height":""}],"twitter_card":"summary_large_image","twitter_misc":{"Gesch\u00e4tzte Lesezeit":"2\u00a0Minuten"},"schema":{"@context":"https:\/\/schema.org","@graph":[{"@type":"WebPage","@id":"https:\/\/relevo.app\/de\/app_ger_agb_aenderung\/","url":"https:\/\/relevo.app\/de\/app_ger_agb_aenderung\/","name":"App_GER_AGB_\u00c4nderung - Relevo","isPartOf":{"@id":"https:\/\/relevo.app\/de\/#website"},"primaryImageOfPage":{"@id":"https:\/\/relevo.app\/de\/app_ger_agb_aenderung\/#primaryimage"},"image":{"@id":"https:\/\/relevo.app\/de\/app_ger_agb_aenderung\/#primaryimage"},"thumbnailUrl":"https:\/\/stage.relevo.app\/wp-content\/uploads\/2023\/04\/Time_New_Grafik-1024x795.png","datePublished":"2023-04-06T09:14:25+00:00","dateModified":"2024-03-12T10:45:15+00:00","breadcrumb":{"@id":"https:\/\/relevo.app\/de\/app_ger_agb_aenderung\/#breadcrumb"},"inLanguage":"de","potentialAction":[{"@type":"ReadAction","target":["https:\/\/relevo.app\/de\/app_ger_agb_aenderung\/"]}]},{"@type":"ImageObject","inLanguage":"de","@id":"https:\/\/relevo.app\/de\/app_ger_agb_aenderung\/#primaryimage","url":"https:\/\/stage.relevo.app\/wp-content\/uploads\/2023\/04\/Time_New_Grafik-1024x795.png","contentUrl":"https:\/\/stage.relevo.app\/wp-content\/uploads\/2023\/04\/Time_New_Grafik-1024x795.png"},{"@type":"BreadcrumbList","@id":"https:\/\/relevo.app\/de\/app_ger_agb_aenderung\/#breadcrumb","itemListElement":[{"@type":"ListItem","position":1,"name":"Home","item":"https:\/\/relevo.app\/de\/"},{"@type":"ListItem","position":2,"name":"App_GER_AGB_\u00c4nderung"}]},{"@type":"WebSite","@id":"https:\/\/relevo.app\/de\/#website","url":"https:\/\/relevo.app\/de\/","name":"Relevo","description":"","potentialAction":[{"@type":"SearchAction","target":{"@type":"EntryPoint","urlTemplate":"https:\/\/relevo.app\/de\/?s={search_term_string}"},"query-input":{"@type":"PropertyValueSpecification","valueRequired":true,"valueName":"search_term_string"}}],"inLanguage":"de"}]}},"_links":{"self":[{"href":"https:\/\/relevo.app\/de\/wp-json\/wp\/v2\/pages\/47087","targetHints":{"allow":["GET"]}}],"collection":[{"href":"https:\/\/relevo.app\/de\/wp-json\/wp\/v2\/pages"}],"about":[{"href":"https:\/\/relevo.app\/de\/wp-json\/wp\/v2\/types\/page"}],"author":[{"embeddable":true,"href":"https:\/\/relevo.app\/de\/wp-json\/wp\/v2\/users\/1"}],"replies":[{"embeddable":true,"href":"https:\/\/relevo.app\/de\/wp-json\/wp\/v2\/comments?post=47087"}],"version-history":[{"count":15,"href":"https:\/\/relevo.app\/de\/wp-json\/wp\/v2\/pages\/47087\/revisions"}],"predecessor-version":[{"id":47163,"href":"https:\/\/relevo.app\/de\/wp-json\/wp\/v2\/pages\/47087\/revisions\/47163"}],"wp:attachment":[{"href":"https:\/\/relevo.app\/de\/wp-json\/wp\/v2\/media?parent=47087"}],"curies":[{"name":"wp","href":"https:\/\/api.w.org\/{rel}","templated":true}]}}