{"id":46964,"date":"2023-03-30T17:37:48","date_gmt":"2023-03-30T16:37:48","guid":{"rendered":"https:\/\/stage.relevo.app\/?page_id=46964"},"modified":"2024-03-12T11:47:23","modified_gmt":"2024-03-12T10:47:23","slug":"app_ger_internorga","status":"publish","type":"page","link":"https:\/\/relevo.app\/de\/app_ger_internorga\/","title":{"rendered":"App_GER_Internorga"},"content":{"rendered":"\t\t<div data-elementor-type=\"wp-page\" data-elementor-id=\"46964\" class=\"elementor elementor-46964\" data-elementor-post-type=\"page\">\n\t\t\t\t\t\t<section class=\"elementor-section elementor-top-section elementor-element elementor-element-d3faaab elementor-section-boxed elementor-section-height-default elementor-section-height-default\" data-id=\"d3faaab\" data-element_type=\"section\" data-e-type=\"section\">\n\t\t\t\t\t\t<div class=\"elementor-container elementor-column-gap-default\">\n\t\t\t\t\t<div class=\"elementor-column elementor-col-100 elementor-top-column elementor-element elementor-element-f87883f\" data-id=\"f87883f\" data-element_type=\"column\" data-e-type=\"column\">\n\t\t\t<div class=\"elementor-widget-wrap elementor-element-populated\">\n\t\t\t\t\t\t<div class=\"elementor-element elementor-element-8d66f34 elementor-widget elementor-widget-image\" data-id=\"8d66f34\" data-element_type=\"widget\" data-e-type=\"widget\" data-widget_type=\"image.default\">\n\t\t\t\t<div class=\"elementor-widget-container\">\n\t\t\t\t\t\t\t\t\t\t\t\t\t\t\t<img fetchpriority=\"high\" decoding=\"async\" width=\"768\" height=\"576\" src=\"https:\/\/relevo.app\/wp-content\/uploads\/2023\/03\/Internorga-768x576.jpg\" class=\"attachment-medium_large size-medium_large wp-image-46960\" alt=\"Internorga\" srcset=\"https:\/\/relevo.app\/wp-content\/uploads\/2023\/03\/Internorga-768x576.jpg 768w, https:\/\/relevo.app\/wp-content\/uploads\/2023\/03\/Internorga-300x225.jpg 300w, https:\/\/relevo.app\/wp-content\/uploads\/2023\/03\/Internorga-1024x768.jpg 1024w, https:\/\/relevo.app\/wp-content\/uploads\/2023\/03\/Internorga-1536x1152.jpg 1536w, https:\/\/relevo.app\/wp-content\/uploads\/2023\/03\/Internorga.jpg 2048w\" sizes=\"(max-width: 768px) 100vw, 768px\" \/>\t\t\t\t\t\t\t\t\t\t\t\t\t\t\t<\/div>\n\t\t\t\t<\/div>\n\t\t\t\t<div class=\"elementor-element elementor-element-0265353 elementor-widget elementor-widget-text-editor\" data-id=\"0265353\" data-element_type=\"widget\" data-e-type=\"widget\" data-widget_type=\"text-editor.default\">\n\t\t\t\t<div class=\"elementor-widget-container\">\n\t\t\t\t\t\t\t\t\t<p><strong>Relevo on tour<\/strong><\/p><p>Damit das Relevo-Netzwerk stetig w\u00e4chst und noch mehr Ausleih- und R\u00fcckgabem\u00f6glichkeiten f\u00fcr Mehrweg to-go hinzukommen, ist unser Team h\u00e4ufig auf #MehrwegMission.\u00a0<\/p><p>Einer der letzten Stops war die Internorga in Hamburg, auf der wir f\u00fcnf Tage lang \u00fcber Mehrweg to-go informiert und viele spannende neue Kontakte gekn\u00fcpft haben. Auch mit bestehenden Gastronomie-Partnern sowie den Lieferservices UberEats und Lieferando haben wir uns ausgetauscht, um dir die Relevo-Nutzung zuk\u00fcnftig noch einfacher zu machen.<\/p><p>Wir sind begeistert, wie viele Unternehmen und Einzelpersonen sich f\u00fcr Mehrweg interessieren und gemeinsam mit uns Verpackungsvermeidung vorantreiben! <img decoding=\"async\" class=\"emoji\" role=\"img\" draggable=\"false\" src=\"https:\/\/s.w.org\/images\/core\/emoji\/14.0.0\/svg\/1f4aa.svg\" alt=\"\ud83d\udcaa\" \/><\/p><p>\u00a0<\/p><p>\u00a0<\/p>\t\t\t\t\t\t\t\t<\/div>\n\t\t\t\t<\/div>\n\t\t\t\t\t<\/div>\n\t\t<\/div>\n\t\t\t\t\t<\/div>\n\t\t<\/section>\n\t\t\t\t<\/div>\n\t\t","protected":false},"excerpt":{"rendered":"<p>Relevo on tour Damit das Relevo-Netzwerk stetig w\u00e4chst und noch mehr Ausleih- und R\u00fcckgabem\u00f6glichkeiten f\u00fcr Mehrweg to-go hinzukommen, ist unser Team h\u00e4ufig auf #MehrwegMission.\u00a0 Einer der letzten Stops war die Internorga in Hamburg, auf der wir f\u00fcnf Tage lang \u00fcber Mehrweg to-go informiert und viele spannende neue Kontakte gekn\u00fcpft haben. Auch mit bestehenden Gastronomie-Partnern sowie [&hellip;]<\/p>\n","protected":false},"author":1,"featured_media":0,"parent":0,"menu_order":0,"comment_status":"closed","ping_status":"closed","template":"elementor_canvas","meta":{"content-type":"","om_disable_all_campaigns":false,"footnotes":""},"class_list":["post-46964","page","type-page","status-publish","hentry"],"yoast_head":"<!-- This site is optimized with the Yoast SEO plugin v27.4 - https:\/\/yoast.com\/product\/yoast-seo-wordpress\/ -->\n<title>App_GER_Internorga - Relevo<\/title>\n<meta name=\"robots\" content=\"noindex, follow\" \/>\n<meta property=\"og:locale\" content=\"de_DE\" \/>\n<meta property=\"og:type\" content=\"article\" \/>\n<meta property=\"og:title\" content=\"App_GER_Internorga - Relevo\" \/>\n<meta property=\"og:description\" content=\"Relevo on tour Damit das Relevo-Netzwerk stetig w\u00e4chst und noch mehr Ausleih- und R\u00fcckgabem\u00f6glichkeiten f\u00fcr Mehrweg to-go hinzukommen, ist unser Team h\u00e4ufig auf #MehrwegMission.\u00a0 Einer der letzten Stops war die Internorga in Hamburg, auf der wir f\u00fcnf Tage lang \u00fcber Mehrweg to-go informiert und viele spannende neue Kontakte gekn\u00fcpft haben. Auch mit bestehenden Gastronomie-Partnern sowie [&hellip;]\" \/>\n<meta property=\"og:url\" content=\"https:\/\/relevo.app\/de\/app_ger_internorga\/\" \/>\n<meta property=\"og:site_name\" content=\"Relevo\" \/>\n<meta property=\"article:modified_time\" content=\"2024-03-12T10:47:23+00:00\" \/>\n<meta property=\"og:image\" content=\"https:\/\/stage.relevo.app\/wp-content\/uploads\/2023\/03\/Internorga-768x576.jpg\" \/>\n<meta name=\"twitter:card\" content=\"summary_large_image\" \/>\n<meta name=\"twitter:label1\" content=\"Gesch\u00e4tzte Lesezeit\" \/>\n\t<meta name=\"twitter:data1\" content=\"1\u00a0Minute\" \/>\n<script type=\"application\/ld+json\" class=\"yoast-schema-graph\">{\"@context\":\"https:\\\/\\\/schema.org\",\"@graph\":[{\"@type\":\"WebPage\",\"@id\":\"https:\\\/\\\/relevo.app\\\/de\\\/app_ger_internorga\\\/\",\"url\":\"https:\\\/\\\/relevo.app\\\/de\\\/app_ger_internorga\\\/\",\"name\":\"App_GER_Internorga - Relevo\",\"isPartOf\":{\"@id\":\"https:\\\/\\\/relevo.app\\\/de\\\/#website\"},\"primaryImageOfPage\":{\"@id\":\"https:\\\/\\\/relevo.app\\\/de\\\/app_ger_internorga\\\/#primaryimage\"},\"image\":{\"@id\":\"https:\\\/\\\/relevo.app\\\/de\\\/app_ger_internorga\\\/#primaryimage\"},\"thumbnailUrl\":\"https:\\\/\\\/stage.relevo.app\\\/wp-content\\\/uploads\\\/2023\\\/03\\\/Internorga-768x576.jpg\",\"datePublished\":\"2023-03-30T16:37:48+00:00\",\"dateModified\":\"2024-03-12T10:47:23+00:00\",\"breadcrumb\":{\"@id\":\"https:\\\/\\\/relevo.app\\\/de\\\/app_ger_internorga\\\/#breadcrumb\"},\"inLanguage\":\"de\",\"potentialAction\":[{\"@type\":\"ReadAction\",\"target\":[\"https:\\\/\\\/relevo.app\\\/de\\\/app_ger_internorga\\\/\"]}]},{\"@type\":\"ImageObject\",\"inLanguage\":\"de\",\"@id\":\"https:\\\/\\\/relevo.app\\\/de\\\/app_ger_internorga\\\/#primaryimage\",\"url\":\"https:\\\/\\\/stage.relevo.app\\\/wp-content\\\/uploads\\\/2023\\\/03\\\/Internorga-768x576.jpg\",\"contentUrl\":\"https:\\\/\\\/stage.relevo.app\\\/wp-content\\\/uploads\\\/2023\\\/03\\\/Internorga-768x576.jpg\"},{\"@type\":\"BreadcrumbList\",\"@id\":\"https:\\\/\\\/relevo.app\\\/de\\\/app_ger_internorga\\\/#breadcrumb\",\"itemListElement\":[{\"@type\":\"ListItem\",\"position\":1,\"name\":\"Home\",\"item\":\"https:\\\/\\\/relevo.app\\\/de\\\/\"},{\"@type\":\"ListItem\",\"position\":2,\"name\":\"App_GER_Internorga\"}]},{\"@type\":\"WebSite\",\"@id\":\"https:\\\/\\\/relevo.app\\\/de\\\/#website\",\"url\":\"https:\\\/\\\/relevo.app\\\/de\\\/\",\"name\":\"Relevo\",\"description\":\"\",\"potentialAction\":[{\"@type\":\"SearchAction\",\"target\":{\"@type\":\"EntryPoint\",\"urlTemplate\":\"https:\\\/\\\/relevo.app\\\/de\\\/?s={search_term_string}\"},\"query-input\":{\"@type\":\"PropertyValueSpecification\",\"valueRequired\":true,\"valueName\":\"search_term_string\"}}],\"inLanguage\":\"de\"}]}<\/script>\n<!-- \/ Yoast SEO plugin. -->","yoast_head_json":{"title":"App_GER_Internorga - Relevo","robots":{"index":"noindex","follow":"follow"},"og_locale":"de_DE","og_type":"article","og_title":"App_GER_Internorga - Relevo","og_description":"Relevo on tour Damit das Relevo-Netzwerk stetig w\u00e4chst und noch mehr Ausleih- und R\u00fcckgabem\u00f6glichkeiten f\u00fcr Mehrweg to-go hinzukommen, ist unser Team h\u00e4ufig auf #MehrwegMission.\u00a0 Einer der letzten Stops war die Internorga in Hamburg, auf der wir f\u00fcnf Tage lang \u00fcber Mehrweg to-go informiert und viele spannende neue Kontakte gekn\u00fcpft haben. Auch mit bestehenden Gastronomie-Partnern sowie [&hellip;]","og_url":"https:\/\/relevo.app\/de\/app_ger_internorga\/","og_site_name":"Relevo","article_modified_time":"2024-03-12T10:47:23+00:00","og_image":[{"url":"https:\/\/stage.relevo.app\/wp-content\/uploads\/2023\/03\/Internorga-768x576.jpg","type":"","width":"","height":""}],"twitter_card":"summary_large_image","twitter_misc":{"Gesch\u00e4tzte Lesezeit":"1\u00a0Minute"},"schema":{"@context":"https:\/\/schema.org","@graph":[{"@type":"WebPage","@id":"https:\/\/relevo.app\/de\/app_ger_internorga\/","url":"https:\/\/relevo.app\/de\/app_ger_internorga\/","name":"App_GER_Internorga - Relevo","isPartOf":{"@id":"https:\/\/relevo.app\/de\/#website"},"primaryImageOfPage":{"@id":"https:\/\/relevo.app\/de\/app_ger_internorga\/#primaryimage"},"image":{"@id":"https:\/\/relevo.app\/de\/app_ger_internorga\/#primaryimage"},"thumbnailUrl":"https:\/\/stage.relevo.app\/wp-content\/uploads\/2023\/03\/Internorga-768x576.jpg","datePublished":"2023-03-30T16:37:48+00:00","dateModified":"2024-03-12T10:47:23+00:00","breadcrumb":{"@id":"https:\/\/relevo.app\/de\/app_ger_internorga\/#breadcrumb"},"inLanguage":"de","potentialAction":[{"@type":"ReadAction","target":["https:\/\/relevo.app\/de\/app_ger_internorga\/"]}]},{"@type":"ImageObject","inLanguage":"de","@id":"https:\/\/relevo.app\/de\/app_ger_internorga\/#primaryimage","url":"https:\/\/stage.relevo.app\/wp-content\/uploads\/2023\/03\/Internorga-768x576.jpg","contentUrl":"https:\/\/stage.relevo.app\/wp-content\/uploads\/2023\/03\/Internorga-768x576.jpg"},{"@type":"BreadcrumbList","@id":"https:\/\/relevo.app\/de\/app_ger_internorga\/#breadcrumb","itemListElement":[{"@type":"ListItem","position":1,"name":"Home","item":"https:\/\/relevo.app\/de\/"},{"@type":"ListItem","position":2,"name":"App_GER_Internorga"}]},{"@type":"WebSite","@id":"https:\/\/relevo.app\/de\/#website","url":"https:\/\/relevo.app\/de\/","name":"Relevo","description":"","potentialAction":[{"@type":"SearchAction","target":{"@type":"EntryPoint","urlTemplate":"https:\/\/relevo.app\/de\/?s={search_term_string}"},"query-input":{"@type":"PropertyValueSpecification","valueRequired":true,"valueName":"search_term_string"}}],"inLanguage":"de"}]}},"_links":{"self":[{"href":"https:\/\/relevo.app\/de\/wp-json\/wp\/v2\/pages\/46964","targetHints":{"allow":["GET"]}}],"collection":[{"href":"https:\/\/relevo.app\/de\/wp-json\/wp\/v2\/pages"}],"about":[{"href":"https:\/\/relevo.app\/de\/wp-json\/wp\/v2\/types\/page"}],"author":[{"embeddable":true,"href":"https:\/\/relevo.app\/de\/wp-json\/wp\/v2\/users\/1"}],"replies":[{"embeddable":true,"href":"https:\/\/relevo.app\/de\/wp-json\/wp\/v2\/comments?post=46964"}],"version-history":[{"count":10,"href":"https:\/\/relevo.app\/de\/wp-json\/wp\/v2\/pages\/46964\/revisions"}],"predecessor-version":[{"id":46974,"href":"https:\/\/relevo.app\/de\/wp-json\/wp\/v2\/pages\/46964\/revisions\/46974"}],"wp:attachment":[{"href":"https:\/\/relevo.app\/de\/wp-json\/wp\/v2\/media?parent=46964"}],"curies":[{"name":"wp","href":"https:\/\/api.w.org\/{rel}","templated":true}]}}