{"id":45659,"date":"2023-02-07T10:22:55","date_gmt":"2023-02-07T09:22:55","guid":{"rendered":"https:\/\/stage.relevo.app\/?page_id=45659"},"modified":"2024-03-12T11:53:40","modified_gmt":"2024-03-12T10:53:40","slug":"app_ger_sushi","status":"publish","type":"page","link":"https:\/\/relevo.app\/de\/app_ger_sushi\/","title":{"rendered":"App_GER_Sushi"},"content":{"rendered":"\t\t<div data-elementor-type=\"wp-page\" data-elementor-id=\"45659\" class=\"elementor elementor-45659\" data-elementor-post-type=\"page\">\n\t\t\t\t\t\t<section class=\"elementor-section elementor-top-section elementor-element elementor-element-d3faaab elementor-section-boxed elementor-section-height-default elementor-section-height-default\" data-id=\"d3faaab\" data-element_type=\"section\" data-e-type=\"section\">\n\t\t\t\t\t\t<div class=\"elementor-container elementor-column-gap-default\">\n\t\t\t\t\t<div class=\"elementor-column elementor-col-100 elementor-top-column elementor-element elementor-element-f87883f\" data-id=\"f87883f\" data-element_type=\"column\" data-e-type=\"column\">\n\t\t\t<div class=\"elementor-widget-wrap elementor-element-populated\">\n\t\t\t\t\t\t<div class=\"elementor-element elementor-element-8d66f34 elementor-widget elementor-widget-image\" data-id=\"8d66f34\" data-element_type=\"widget\" data-e-type=\"widget\" data-widget_type=\"image.default\">\n\t\t\t\t<div class=\"elementor-widget-container\">\n\t\t\t\t\t\t\t\t\t\t\t\t\t\t\t<img fetchpriority=\"high\" decoding=\"async\" width=\"800\" height=\"800\" src=\"https:\/\/relevo.app\/wp-content\/uploads\/2023\/02\/1675078829608-1024x1024.jpg\" class=\"attachment-large size-large wp-image-45654\" alt=\"App\" srcset=\"https:\/\/relevo.app\/wp-content\/uploads\/2023\/02\/1675078829608-1024x1024.jpg 1024w, https:\/\/relevo.app\/wp-content\/uploads\/2023\/02\/1675078829608-300x300.jpg 300w, https:\/\/relevo.app\/wp-content\/uploads\/2023\/02\/1675078829608-150x150.jpg 150w, https:\/\/relevo.app\/wp-content\/uploads\/2023\/02\/1675078829608-768x768.jpg 768w, https:\/\/relevo.app\/wp-content\/uploads\/2023\/02\/1675078829608.jpg 1067w\" sizes=\"(max-width: 800px) 100vw, 800px\" \/>\t\t\t\t\t\t\t\t\t\t\t\t\t\t\t<\/div>\n\t\t\t\t<\/div>\n\t\t\t\t<div class=\"elementor-element elementor-element-0265353 elementor-widget elementor-widget-text-editor\" data-id=\"0265353\" data-element_type=\"widget\" data-e-type=\"widget\" data-widget_type=\"text-editor.default\">\n\t\t\t\t<div class=\"elementor-widget-container\">\n\t\t\t\t\t\t\t\t\t<p><strong>Unser Partner-Netzwerk w\u00e4chst! <img decoding=\"async\" class=\"emoji\" role=\"img\" draggable=\"false\" src=\"https:\/\/s.w.org\/images\/core\/emoji\/14.0.0\/svg\/1f363.svg\" alt=\"\ud83c\udf63\" \/><br \/><\/strong><\/p><p><img decoding=\"async\" class=\"emoji\" role=\"img\" draggable=\"false\" src=\"https:\/\/s.w.org\/images\/core\/emoji\/14.0.0\/svg\/2754.svg\" alt=\"\u2754\" \/> Wie sagt man &#8222;lecker&#8220; auf japanisch? &#8211; &#8222;Sushi&#8220;. Ganz klar! <img decoding=\"async\" class=\"emoji\" role=\"img\" draggable=\"false\" src=\"https:\/\/s.w.org\/images\/core\/emoji\/14.0.0\/svg\/1f60b.svg\" alt=\"\ud83d\ude0b\" \/><\/p><p><img decoding=\"async\" class=\"emoji\" role=\"img\" draggable=\"false\" src=\"https:\/\/s.w.org\/images\/core\/emoji\/14.0.0\/svg\/2754.svg\" alt=\"\u2754\" \/> Und wie bestellt man sein Sushi-To-Go nachhaltig? &#8211; In der Relevo-Box nat\u00fcrlich!<\/p><p>Zum Wochenstart freuen wir uns, \u00fcber die neue Partnerschaft mit Yoko Sushi zu berichten <img decoding=\"async\" class=\"emoji\" role=\"img\" draggable=\"false\" src=\"https:\/\/s.w.org\/images\/core\/emoji\/14.0.0\/svg\/1f389.svg\" alt=\"\ud83c\udf89\" \/><\/p><p>Mit den wiederverwendbaren Beh\u00e4ltern k\u00f6nnen wir jetzt an weiteren 70 Standorten unn\u00f6tigen Plastikm\u00fcll reduzieren und kostbare Ressourcen schonen. Jeder kleine Happs .. \u00e4h, Schritt z\u00e4hlt!<\/p><p><img decoding=\"async\" class=\"emoji\" role=\"img\" draggable=\"false\" src=\"https:\/\/s.w.org\/images\/core\/emoji\/14.0.0\/svg\/26a0.svg\" alt=\"\u26a0\ufe0f\" \/> Bitte beachte, dass du unsere Spezial-Geschirrformen (Sushi, Burger, Pizza &amp; Glas) nur an Standorten zur\u00fcckgeben kannst, die auch genau diese Formen anbieten! <a href=\"https:\/\/relevo.app\/app_ger_return\/\">Hier<\/a> findest du detaillierte Infos zur R\u00fcckgabe<img decoding=\"async\" class=\"emoji\" role=\"img\" draggable=\"false\" src=\"https:\/\/s.w.org\/images\/core\/emoji\/14.0.0\/svg\/1f4a1.svg\" alt=\"\ud83d\udca1\" \/><\/p><p>\u00a0<\/p><p>\u00a0<\/p><p>\u00a0<\/p><p>\u00a0<\/p>\t\t\t\t\t\t\t\t<\/div>\n\t\t\t\t<\/div>\n\t\t\t\t\t<\/div>\n\t\t<\/div>\n\t\t\t\t\t<\/div>\n\t\t<\/section>\n\t\t\t\t<\/div>\n\t\t","protected":false},"excerpt":{"rendered":"<p>Unser Partner-Netzwerk w\u00e4chst! Wie sagt man &#8222;lecker&#8220; auf japanisch? &#8211; &#8222;Sushi&#8220;. Ganz klar! Und wie bestellt man sein Sushi-To-Go nachhaltig? &#8211; In der Relevo-Box nat\u00fcrlich! Zum Wochenstart freuen wir uns, \u00fcber die neue Partnerschaft mit Yoko Sushi zu berichten Mit den wiederverwendbaren Beh\u00e4ltern k\u00f6nnen wir jetzt an weiteren 70 Standorten unn\u00f6tigen Plastikm\u00fcll reduzieren und kostbare [&hellip;]<\/p>\n","protected":false},"author":1,"featured_media":0,"parent":0,"menu_order":0,"comment_status":"closed","ping_status":"closed","template":"elementor_canvas","meta":{"content-type":"","om_disable_all_campaigns":false,"footnotes":""},"class_list":["post-45659","page","type-page","status-publish","hentry"],"yoast_head":"<!-- This site is optimized with the Yoast SEO plugin v27.4 - https:\/\/yoast.com\/product\/yoast-seo-wordpress\/ -->\n<title>App_GER_Sushi - Relevo<\/title>\n<meta name=\"robots\" content=\"noindex, follow\" \/>\n<meta property=\"og:locale\" content=\"de_DE\" \/>\n<meta property=\"og:type\" content=\"article\" \/>\n<meta property=\"og:title\" content=\"App_GER_Sushi - Relevo\" \/>\n<meta property=\"og:description\" content=\"Unser Partner-Netzwerk w\u00e4chst! Wie sagt man &#8222;lecker&#8220; auf japanisch? &#8211; &#8222;Sushi&#8220;. Ganz klar! Und wie bestellt man sein Sushi-To-Go nachhaltig? &#8211; In der Relevo-Box nat\u00fcrlich! Zum Wochenstart freuen wir uns, \u00fcber die neue Partnerschaft mit Yoko Sushi zu berichten Mit den wiederverwendbaren Beh\u00e4ltern k\u00f6nnen wir jetzt an weiteren 70 Standorten unn\u00f6tigen Plastikm\u00fcll reduzieren und kostbare [&hellip;]\" \/>\n<meta property=\"og:url\" content=\"https:\/\/relevo.app\/de\/app_ger_sushi\/\" \/>\n<meta property=\"og:site_name\" content=\"Relevo\" \/>\n<meta property=\"article:modified_time\" content=\"2024-03-12T10:53:40+00:00\" \/>\n<meta property=\"og:image\" content=\"https:\/\/stage.relevo.app\/wp-content\/uploads\/2023\/02\/1675078829608-1024x1024.jpg\" \/>\n<meta name=\"twitter:card\" content=\"summary_large_image\" \/>\n<meta name=\"twitter:label1\" content=\"Gesch\u00e4tzte Lesezeit\" \/>\n\t<meta name=\"twitter:data1\" content=\"3\u00a0Minuten\" \/>\n<script type=\"application\/ld+json\" class=\"yoast-schema-graph\">{\"@context\":\"https:\\\/\\\/schema.org\",\"@graph\":[{\"@type\":\"WebPage\",\"@id\":\"https:\\\/\\\/relevo.app\\\/de\\\/app_ger_sushi\\\/\",\"url\":\"https:\\\/\\\/relevo.app\\\/de\\\/app_ger_sushi\\\/\",\"name\":\"App_GER_Sushi - Relevo\",\"isPartOf\":{\"@id\":\"https:\\\/\\\/relevo.app\\\/de\\\/#website\"},\"primaryImageOfPage\":{\"@id\":\"https:\\\/\\\/relevo.app\\\/de\\\/app_ger_sushi\\\/#primaryimage\"},\"image\":{\"@id\":\"https:\\\/\\\/relevo.app\\\/de\\\/app_ger_sushi\\\/#primaryimage\"},\"thumbnailUrl\":\"https:\\\/\\\/stage.relevo.app\\\/wp-content\\\/uploads\\\/2023\\\/02\\\/1675078829608-1024x1024.jpg\",\"datePublished\":\"2023-02-07T09:22:55+00:00\",\"dateModified\":\"2024-03-12T10:53:40+00:00\",\"breadcrumb\":{\"@id\":\"https:\\\/\\\/relevo.app\\\/de\\\/app_ger_sushi\\\/#breadcrumb\"},\"inLanguage\":\"de\",\"potentialAction\":[{\"@type\":\"ReadAction\",\"target\":[\"https:\\\/\\\/relevo.app\\\/de\\\/app_ger_sushi\\\/\"]}]},{\"@type\":\"ImageObject\",\"inLanguage\":\"de\",\"@id\":\"https:\\\/\\\/relevo.app\\\/de\\\/app_ger_sushi\\\/#primaryimage\",\"url\":\"https:\\\/\\\/stage.relevo.app\\\/wp-content\\\/uploads\\\/2023\\\/02\\\/1675078829608-1024x1024.jpg\",\"contentUrl\":\"https:\\\/\\\/stage.relevo.app\\\/wp-content\\\/uploads\\\/2023\\\/02\\\/1675078829608-1024x1024.jpg\"},{\"@type\":\"BreadcrumbList\",\"@id\":\"https:\\\/\\\/relevo.app\\\/de\\\/app_ger_sushi\\\/#breadcrumb\",\"itemListElement\":[{\"@type\":\"ListItem\",\"position\":1,\"name\":\"Home\",\"item\":\"https:\\\/\\\/relevo.app\\\/de\\\/\"},{\"@type\":\"ListItem\",\"position\":2,\"name\":\"App_GER_Sushi\"}]},{\"@type\":\"WebSite\",\"@id\":\"https:\\\/\\\/relevo.app\\\/de\\\/#website\",\"url\":\"https:\\\/\\\/relevo.app\\\/de\\\/\",\"name\":\"Relevo\",\"description\":\"\",\"potentialAction\":[{\"@type\":\"SearchAction\",\"target\":{\"@type\":\"EntryPoint\",\"urlTemplate\":\"https:\\\/\\\/relevo.app\\\/de\\\/?s={search_term_string}\"},\"query-input\":{\"@type\":\"PropertyValueSpecification\",\"valueRequired\":true,\"valueName\":\"search_term_string\"}}],\"inLanguage\":\"de\"}]}<\/script>\n<!-- \/ Yoast SEO plugin. -->","yoast_head_json":{"title":"App_GER_Sushi - Relevo","robots":{"index":"noindex","follow":"follow"},"og_locale":"de_DE","og_type":"article","og_title":"App_GER_Sushi - Relevo","og_description":"Unser Partner-Netzwerk w\u00e4chst! Wie sagt man &#8222;lecker&#8220; auf japanisch? &#8211; &#8222;Sushi&#8220;. Ganz klar! Und wie bestellt man sein Sushi-To-Go nachhaltig? &#8211; In der Relevo-Box nat\u00fcrlich! Zum Wochenstart freuen wir uns, \u00fcber die neue Partnerschaft mit Yoko Sushi zu berichten Mit den wiederverwendbaren Beh\u00e4ltern k\u00f6nnen wir jetzt an weiteren 70 Standorten unn\u00f6tigen Plastikm\u00fcll reduzieren und kostbare [&hellip;]","og_url":"https:\/\/relevo.app\/de\/app_ger_sushi\/","og_site_name":"Relevo","article_modified_time":"2024-03-12T10:53:40+00:00","og_image":[{"url":"https:\/\/stage.relevo.app\/wp-content\/uploads\/2023\/02\/1675078829608-1024x1024.jpg","type":"","width":"","height":""}],"twitter_card":"summary_large_image","twitter_misc":{"Gesch\u00e4tzte Lesezeit":"3\u00a0Minuten"},"schema":{"@context":"https:\/\/schema.org","@graph":[{"@type":"WebPage","@id":"https:\/\/relevo.app\/de\/app_ger_sushi\/","url":"https:\/\/relevo.app\/de\/app_ger_sushi\/","name":"App_GER_Sushi - Relevo","isPartOf":{"@id":"https:\/\/relevo.app\/de\/#website"},"primaryImageOfPage":{"@id":"https:\/\/relevo.app\/de\/app_ger_sushi\/#primaryimage"},"image":{"@id":"https:\/\/relevo.app\/de\/app_ger_sushi\/#primaryimage"},"thumbnailUrl":"https:\/\/stage.relevo.app\/wp-content\/uploads\/2023\/02\/1675078829608-1024x1024.jpg","datePublished":"2023-02-07T09:22:55+00:00","dateModified":"2024-03-12T10:53:40+00:00","breadcrumb":{"@id":"https:\/\/relevo.app\/de\/app_ger_sushi\/#breadcrumb"},"inLanguage":"de","potentialAction":[{"@type":"ReadAction","target":["https:\/\/relevo.app\/de\/app_ger_sushi\/"]}]},{"@type":"ImageObject","inLanguage":"de","@id":"https:\/\/relevo.app\/de\/app_ger_sushi\/#primaryimage","url":"https:\/\/stage.relevo.app\/wp-content\/uploads\/2023\/02\/1675078829608-1024x1024.jpg","contentUrl":"https:\/\/stage.relevo.app\/wp-content\/uploads\/2023\/02\/1675078829608-1024x1024.jpg"},{"@type":"BreadcrumbList","@id":"https:\/\/relevo.app\/de\/app_ger_sushi\/#breadcrumb","itemListElement":[{"@type":"ListItem","position":1,"name":"Home","item":"https:\/\/relevo.app\/de\/"},{"@type":"ListItem","position":2,"name":"App_GER_Sushi"}]},{"@type":"WebSite","@id":"https:\/\/relevo.app\/de\/#website","url":"https:\/\/relevo.app\/de\/","name":"Relevo","description":"","potentialAction":[{"@type":"SearchAction","target":{"@type":"EntryPoint","urlTemplate":"https:\/\/relevo.app\/de\/?s={search_term_string}"},"query-input":{"@type":"PropertyValueSpecification","valueRequired":true,"valueName":"search_term_string"}}],"inLanguage":"de"}]}},"_links":{"self":[{"href":"https:\/\/relevo.app\/de\/wp-json\/wp\/v2\/pages\/45659","targetHints":{"allow":["GET"]}}],"collection":[{"href":"https:\/\/relevo.app\/de\/wp-json\/wp\/v2\/pages"}],"about":[{"href":"https:\/\/relevo.app\/de\/wp-json\/wp\/v2\/types\/page"}],"author":[{"embeddable":true,"href":"https:\/\/relevo.app\/de\/wp-json\/wp\/v2\/users\/1"}],"replies":[{"embeddable":true,"href":"https:\/\/relevo.app\/de\/wp-json\/wp\/v2\/comments?post=45659"}],"version-history":[{"count":8,"href":"https:\/\/relevo.app\/de\/wp-json\/wp\/v2\/pages\/45659\/revisions"}],"predecessor-version":[{"id":45667,"href":"https:\/\/relevo.app\/de\/wp-json\/wp\/v2\/pages\/45659\/revisions\/45667"}],"wp:attachment":[{"href":"https:\/\/relevo.app\/de\/wp-json\/wp\/v2\/media?parent=45659"}],"curies":[{"name":"wp","href":"https:\/\/api.w.org\/{rel}","templated":true}]}}