{"id":43994,"date":"2022-12-29T12:02:12","date_gmt":"2022-12-29T11:02:12","guid":{"rendered":"https:\/\/stage.relevo.app\/?page_id=43994"},"modified":"2024-03-12T11:30:32","modified_gmt":"2024-03-12T10:30:32","slug":"app_eng_bakeries","status":"publish","type":"page","link":"https:\/\/relevo.app\/de\/app_eng_bakeries\/","title":{"rendered":"App_ENG_Bakeries"},"content":{"rendered":"\t\t<div data-elementor-type=\"wp-page\" data-elementor-id=\"43994\" class=\"elementor elementor-43994\" data-elementor-post-type=\"page\">\n\t\t\t\t\t\t<section class=\"elementor-section elementor-top-section elementor-element elementor-element-d3faaab elementor-section-boxed elementor-section-height-default elementor-section-height-default\" data-id=\"d3faaab\" data-element_type=\"section\" data-e-type=\"section\">\n\t\t\t\t\t\t<div class=\"elementor-container elementor-column-gap-default\">\n\t\t\t\t\t<div class=\"elementor-column elementor-col-100 elementor-top-column elementor-element elementor-element-f87883f\" data-id=\"f87883f\" data-element_type=\"column\" data-e-type=\"column\">\n\t\t\t<div class=\"elementor-widget-wrap elementor-element-populated\">\n\t\t\t\t\t\t<div class=\"elementor-element elementor-element-8d66f34 elementor-widget elementor-widget-image\" data-id=\"8d66f34\" data-element_type=\"widget\" data-e-type=\"widget\" data-widget_type=\"image.default\">\n\t\t\t\t<div class=\"elementor-widget-container\">\n\t\t\t\t\t\t\t\t\t\t\t\t\t\t\t<img fetchpriority=\"high\" decoding=\"async\" width=\"627\" height=\"418\" src=\"https:\/\/relevo.app\/wp-content\/uploads\/2022\/12\/Kaffee_klein.jpg\" class=\"attachment-medium_large size-medium_large wp-image-43997\" alt=\"Kaffee\" srcset=\"https:\/\/relevo.app\/wp-content\/uploads\/2022\/12\/Kaffee_klein.jpg 627w, https:\/\/relevo.app\/wp-content\/uploads\/2022\/12\/Kaffee_klein-300x200.jpg 300w\" sizes=\"(max-width: 627px) 100vw, 627px\" \/>\t\t\t\t\t\t\t\t\t\t\t\t\t\t\t<\/div>\n\t\t\t\t<\/div>\n\t\t\t\t<div class=\"elementor-element elementor-element-0265353 elementor-widget elementor-widget-text-editor\" data-id=\"0265353\" data-element_type=\"widget\" data-e-type=\"widget\" data-widget_type=\"text-editor.default\">\n\t\t\t\t<div class=\"elementor-widget-container\">\n\t\t\t\t\t\t\t\t\t<p><strong>Reusable packaging &amp; bakeries?<\/strong> \ud83d\udd0e<\/p><p>Coffee to-go in a sustainable Relevo cup is possible in more and more bakeries! <img decoding=\"async\" class=\"emoji\" role=\"img\" draggable=\"false\" src=\"https:\/\/s.w.org\/images\/core\/emoji\/14.0.0\/svg\/1f4a1.svg\" alt=\"\ud83d\udca1\" \/> For example, users in Hamburg can rejoice, because <a href=\"https:\/\/www.datbackhus.de\/\">DAT BACKHUS<\/a> has been a Relevo partner since this year <img decoding=\"async\" class=\"emoji\" role=\"img\" draggable=\"false\" src=\"https:\/\/s.w.org\/images\/core\/emoji\/14.0.0\/svg\/1f929.svg\" alt=\"\ud83e\udd29\" \/> <img decoding=\"async\" class=\"emoji\" role=\"img\" draggable=\"false\" src=\"https:\/\/s.w.org\/images\/core\/emoji\/14.0.0\/svg\/1f44b.svg\" alt=\"\ud83d\udc4b\" \/><\/p><p>Of course, there are even more great bakeries that belong to the Relevo network:<\/p><p><img decoding=\"async\" class=\"emoji\" role=\"img\" draggable=\"false\" src=\"https:\/\/s.w.org\/images\/core\/emoji\/14.0.0\/svg\/1f950.svg\" alt=\"\ud83e\udd50\" \/> <a href=\"https:\/\/www.baeckerei-ulmer.de\/\">B\u00e4ckerei Ulmer GmbH<\/a><\/p><p><img decoding=\"async\" class=\"emoji\" role=\"img\" draggable=\"false\" src=\"https:\/\/s.w.org\/images\/core\/emoji\/14.0.0\/svg\/1f950.svg\" alt=\"\ud83e\udd50\" \/> <a href=\"https:\/\/www.kaisers-backstube.de\/unternehmen\/ueber-uns.html\">Kaisers Gute Backstube GmbH<\/a><\/p><p><img decoding=\"async\" class=\"emoji\" role=\"img\" draggable=\"false\" src=\"https:\/\/s.w.org\/images\/core\/emoji\/14.0.0\/svg\/1f950.svg\" alt=\"\ud83e\udd50\" \/> <a href=\"https:\/\/www.landbaeckerei-mohr.de\/startseite.html\">Landb\u00e4ckerei Mohr<\/a><\/p><p><img decoding=\"async\" class=\"emoji\" role=\"img\" draggable=\"false\" src=\"https:\/\/s.w.org\/images\/core\/emoji\/14.0.0\/svg\/1f950.svg\" alt=\"\ud83e\udd50\" \/> <a href=\"https:\/\/www.lechtermann-pollmeier.de\/\">Lechtermann &amp; Pollmeier B\u00e4ckereien\u00a0<\/a><\/p><p><img decoding=\"async\" class=\"emoji\" role=\"img\" draggable=\"false\" src=\"https:\/\/s.w.org\/images\/core\/emoji\/14.0.0\/svg\/1f950.svg\" alt=\"\ud83e\udd50\" \/> <a href=\"https:\/\/www.stadtmuehlenbaeckerei.de\/\">Stadtm\u00fchlenb\u00e4ckerei Bielert GmbH B\u00e4ckerei<\/a><\/p><p><img decoding=\"async\" class=\"emoji\" role=\"img\" draggable=\"false\" src=\"https:\/\/s.w.org\/images\/core\/emoji\/14.0.0\/svg\/1f950.svg\" alt=\"\ud83e\udd50\" \/><img decoding=\"async\" class=\"emoji\" role=\"img\" draggable=\"false\" src=\"https:\/\/s.w.org\/images\/core\/emoji\/14.0.0\/svg\/1f950.svg\" alt=\"\ud83e\udd50\" \/><img decoding=\"async\" class=\"emoji\" role=\"img\" draggable=\"false\" src=\"https:\/\/s.w.org\/images\/core\/emoji\/14.0.0\/svg\/1f950.svg\" alt=\"\ud83e\udd50\" \/> &#8230; &amp; many more! <\/p><p>Stay tuned &#8211; our network is constantly growing &amp; we are already looking forward to welcoming all further partners in 2023 <img decoding=\"async\" class=\"emoji\" role=\"img\" draggable=\"false\" src=\"https:\/\/s.w.org\/images\/core\/emoji\/14.0.0\/svg\/267b.svg\" alt=\"\u267b\ufe0f\" \/>\u00a0<\/p>\t\t\t\t\t\t\t\t<\/div>\n\t\t\t\t<\/div>\n\t\t\t\t\t<\/div>\n\t\t<\/div>\n\t\t\t\t\t<\/div>\n\t\t<\/section>\n\t\t\t\t<\/div>\n\t\t","protected":false},"excerpt":{"rendered":"<p>Reusable packaging &amp; bakeries? \ud83d\udd0e Coffee to-go in a sustainable Relevo cup is possible in more and more bakeries! For example, users in Hamburg can rejoice, because DAT BACKHUS has been a Relevo partner since this year Of course, there are even more great bakeries that belong to the Relevo network: B\u00e4ckerei Ulmer GmbH Kaisers [&hellip;]<\/p>\n","protected":false},"author":1,"featured_media":0,"parent":0,"menu_order":0,"comment_status":"closed","ping_status":"closed","template":"elementor_canvas","meta":{"content-type":"","om_disable_all_campaigns":false,"footnotes":""},"class_list":["post-43994","page","type-page","status-publish","hentry"],"yoast_head":"<!-- This site is optimized with the Yoast SEO plugin v27.3 - https:\/\/yoast.com\/product\/yoast-seo-wordpress\/ -->\n<title>App_ENG_Bakeries - Relevo<\/title>\n<meta name=\"robots\" content=\"noindex, follow\" \/>\n<meta property=\"og:locale\" content=\"de_DE\" \/>\n<meta property=\"og:type\" content=\"article\" \/>\n<meta property=\"og:title\" content=\"App_ENG_Bakeries - Relevo\" \/>\n<meta property=\"og:description\" content=\"Reusable packaging &amp; bakeries? \ud83d\udd0e Coffee to-go in a sustainable Relevo cup is possible in more and more bakeries! For example, users in Hamburg can rejoice, because DAT BACKHUS has been a Relevo partner since this year Of course, there are even more great bakeries that belong to the Relevo network: B\u00e4ckerei Ulmer GmbH Kaisers [&hellip;]\" \/>\n<meta property=\"og:url\" content=\"https:\/\/relevo.app\/de\/app_eng_bakeries\/\" \/>\n<meta property=\"og:site_name\" content=\"Relevo\" \/>\n<meta property=\"article:modified_time\" content=\"2024-03-12T10:30:32+00:00\" \/>\n<meta property=\"og:image\" content=\"https:\/\/stage.relevo.app\/wp-content\/uploads\/2022\/12\/Kaffee_klein.jpg\" \/>\n<meta name=\"twitter:card\" content=\"summary_large_image\" \/>\n<meta name=\"twitter:label1\" content=\"Gesch\u00e4tzte Lesezeit\" \/>\n\t<meta name=\"twitter:data1\" content=\"4\u00a0Minuten\" \/>\n<script type=\"application\/ld+json\" class=\"yoast-schema-graph\">{\"@context\":\"https:\\\/\\\/schema.org\",\"@graph\":[{\"@type\":\"WebPage\",\"@id\":\"https:\\\/\\\/relevo.app\\\/de\\\/app_eng_bakeries\\\/\",\"url\":\"https:\\\/\\\/relevo.app\\\/de\\\/app_eng_bakeries\\\/\",\"name\":\"App_ENG_Bakeries - Relevo\",\"isPartOf\":{\"@id\":\"https:\\\/\\\/relevo.app\\\/de\\\/#website\"},\"primaryImageOfPage\":{\"@id\":\"https:\\\/\\\/relevo.app\\\/de\\\/app_eng_bakeries\\\/#primaryimage\"},\"image\":{\"@id\":\"https:\\\/\\\/relevo.app\\\/de\\\/app_eng_bakeries\\\/#primaryimage\"},\"thumbnailUrl\":\"https:\\\/\\\/stage.relevo.app\\\/wp-content\\\/uploads\\\/2022\\\/12\\\/Kaffee_klein.jpg\",\"datePublished\":\"2022-12-29T11:02:12+00:00\",\"dateModified\":\"2024-03-12T10:30:32+00:00\",\"breadcrumb\":{\"@id\":\"https:\\\/\\\/relevo.app\\\/de\\\/app_eng_bakeries\\\/#breadcrumb\"},\"inLanguage\":\"de\",\"potentialAction\":[{\"@type\":\"ReadAction\",\"target\":[\"https:\\\/\\\/relevo.app\\\/de\\\/app_eng_bakeries\\\/\"]}]},{\"@type\":\"ImageObject\",\"inLanguage\":\"de\",\"@id\":\"https:\\\/\\\/relevo.app\\\/de\\\/app_eng_bakeries\\\/#primaryimage\",\"url\":\"https:\\\/\\\/stage.relevo.app\\\/wp-content\\\/uploads\\\/2022\\\/12\\\/Kaffee_klein.jpg\",\"contentUrl\":\"https:\\\/\\\/stage.relevo.app\\\/wp-content\\\/uploads\\\/2022\\\/12\\\/Kaffee_klein.jpg\"},{\"@type\":\"BreadcrumbList\",\"@id\":\"https:\\\/\\\/relevo.app\\\/de\\\/app_eng_bakeries\\\/#breadcrumb\",\"itemListElement\":[{\"@type\":\"ListItem\",\"position\":1,\"name\":\"Home\",\"item\":\"https:\\\/\\\/relevo.app\\\/de\\\/\"},{\"@type\":\"ListItem\",\"position\":2,\"name\":\"App_ENG_Bakeries\"}]},{\"@type\":\"WebSite\",\"@id\":\"https:\\\/\\\/relevo.app\\\/de\\\/#website\",\"url\":\"https:\\\/\\\/relevo.app\\\/de\\\/\",\"name\":\"Relevo\",\"description\":\"\",\"potentialAction\":[{\"@type\":\"SearchAction\",\"target\":{\"@type\":\"EntryPoint\",\"urlTemplate\":\"https:\\\/\\\/relevo.app\\\/de\\\/?s={search_term_string}\"},\"query-input\":{\"@type\":\"PropertyValueSpecification\",\"valueRequired\":true,\"valueName\":\"search_term_string\"}}],\"inLanguage\":\"de\"}]}<\/script>\n<!-- \/ Yoast SEO plugin. -->","yoast_head_json":{"title":"App_ENG_Bakeries - Relevo","robots":{"index":"noindex","follow":"follow"},"og_locale":"de_DE","og_type":"article","og_title":"App_ENG_Bakeries - Relevo","og_description":"Reusable packaging &amp; bakeries? \ud83d\udd0e Coffee to-go in a sustainable Relevo cup is possible in more and more bakeries! For example, users in Hamburg can rejoice, because DAT BACKHUS has been a Relevo partner since this year Of course, there are even more great bakeries that belong to the Relevo network: B\u00e4ckerei Ulmer GmbH Kaisers [&hellip;]","og_url":"https:\/\/relevo.app\/de\/app_eng_bakeries\/","og_site_name":"Relevo","article_modified_time":"2024-03-12T10:30:32+00:00","og_image":[{"url":"https:\/\/stage.relevo.app\/wp-content\/uploads\/2022\/12\/Kaffee_klein.jpg","type":"","width":"","height":""}],"twitter_card":"summary_large_image","twitter_misc":{"Gesch\u00e4tzte Lesezeit":"4\u00a0Minuten"},"schema":{"@context":"https:\/\/schema.org","@graph":[{"@type":"WebPage","@id":"https:\/\/relevo.app\/de\/app_eng_bakeries\/","url":"https:\/\/relevo.app\/de\/app_eng_bakeries\/","name":"App_ENG_Bakeries - Relevo","isPartOf":{"@id":"https:\/\/relevo.app\/de\/#website"},"primaryImageOfPage":{"@id":"https:\/\/relevo.app\/de\/app_eng_bakeries\/#primaryimage"},"image":{"@id":"https:\/\/relevo.app\/de\/app_eng_bakeries\/#primaryimage"},"thumbnailUrl":"https:\/\/stage.relevo.app\/wp-content\/uploads\/2022\/12\/Kaffee_klein.jpg","datePublished":"2022-12-29T11:02:12+00:00","dateModified":"2024-03-12T10:30:32+00:00","breadcrumb":{"@id":"https:\/\/relevo.app\/de\/app_eng_bakeries\/#breadcrumb"},"inLanguage":"de","potentialAction":[{"@type":"ReadAction","target":["https:\/\/relevo.app\/de\/app_eng_bakeries\/"]}]},{"@type":"ImageObject","inLanguage":"de","@id":"https:\/\/relevo.app\/de\/app_eng_bakeries\/#primaryimage","url":"https:\/\/stage.relevo.app\/wp-content\/uploads\/2022\/12\/Kaffee_klein.jpg","contentUrl":"https:\/\/stage.relevo.app\/wp-content\/uploads\/2022\/12\/Kaffee_klein.jpg"},{"@type":"BreadcrumbList","@id":"https:\/\/relevo.app\/de\/app_eng_bakeries\/#breadcrumb","itemListElement":[{"@type":"ListItem","position":1,"name":"Home","item":"https:\/\/relevo.app\/de\/"},{"@type":"ListItem","position":2,"name":"App_ENG_Bakeries"}]},{"@type":"WebSite","@id":"https:\/\/relevo.app\/de\/#website","url":"https:\/\/relevo.app\/de\/","name":"Relevo","description":"","potentialAction":[{"@type":"SearchAction","target":{"@type":"EntryPoint","urlTemplate":"https:\/\/relevo.app\/de\/?s={search_term_string}"},"query-input":{"@type":"PropertyValueSpecification","valueRequired":true,"valueName":"search_term_string"}}],"inLanguage":"de"}]}},"_links":{"self":[{"href":"https:\/\/relevo.app\/de\/wp-json\/wp\/v2\/pages\/43994","targetHints":{"allow":["GET"]}}],"collection":[{"href":"https:\/\/relevo.app\/de\/wp-json\/wp\/v2\/pages"}],"about":[{"href":"https:\/\/relevo.app\/de\/wp-json\/wp\/v2\/types\/page"}],"author":[{"embeddable":true,"href":"https:\/\/relevo.app\/de\/wp-json\/wp\/v2\/users\/1"}],"replies":[{"embeddable":true,"href":"https:\/\/relevo.app\/de\/wp-json\/wp\/v2\/comments?post=43994"}],"version-history":[{"count":12,"href":"https:\/\/relevo.app\/de\/wp-json\/wp\/v2\/pages\/43994\/revisions"}],"predecessor-version":[{"id":44251,"href":"https:\/\/relevo.app\/de\/wp-json\/wp\/v2\/pages\/43994\/revisions\/44251"}],"wp:attachment":[{"href":"https:\/\/relevo.app\/de\/wp-json\/wp\/v2\/media?parent=43994"}],"curies":[{"name":"wp","href":"https:\/\/api.w.org\/{rel}","templated":true}]}}