{"id":43972,"date":"2022-12-22T13:47:55","date_gmt":"2022-12-22T12:47:55","guid":{"rendered":"https:\/\/stage.relevo.app\/?page_id=43972"},"modified":"2024-03-12T11:54:37","modified_gmt":"2024-03-12T10:54:37","slug":"app_ger_weihnachten_2022","status":"publish","type":"page","link":"https:\/\/relevo.app\/de\/app_ger_weihnachten_2022\/","title":{"rendered":"App_GER_Weihnachten_2022"},"content":{"rendered":"\t\t<div data-elementor-type=\"wp-page\" data-elementor-id=\"43972\" class=\"elementor elementor-43972\" data-elementor-post-type=\"page\">\n\t\t\t\t\t\t<section class=\"elementor-section elementor-top-section elementor-element elementor-element-d3faaab elementor-section-boxed elementor-section-height-default elementor-section-height-default\" data-id=\"d3faaab\" data-element_type=\"section\" data-e-type=\"section\">\n\t\t\t\t\t\t<div class=\"elementor-container elementor-column-gap-default\">\n\t\t\t\t\t<div class=\"elementor-column elementor-col-100 elementor-top-column elementor-element elementor-element-f87883f\" data-id=\"f87883f\" data-element_type=\"column\" data-e-type=\"column\">\n\t\t\t<div class=\"elementor-widget-wrap elementor-element-populated\">\n\t\t\t\t\t\t<div class=\"elementor-element elementor-element-8d66f34 elementor-widget elementor-widget-image\" data-id=\"8d66f34\" data-element_type=\"widget\" data-e-type=\"widget\" data-widget_type=\"image.default\">\n\t\t\t\t<div class=\"elementor-widget-container\">\n\t\t\t\t\t\t\t\t\t\t\t\t\t\t\t<img fetchpriority=\"high\" decoding=\"async\" width=\"768\" height=\"576\" src=\"https:\/\/relevo.app\/wp-content\/uploads\/2022\/12\/Relevo_Gruender_Xmas_2022-768x576.jpg\" class=\"attachment-medium_large size-medium_large wp-image-43974\" alt=\"\" srcset=\"https:\/\/relevo.app\/wp-content\/uploads\/2022\/12\/Relevo_Gruender_Xmas_2022-768x576.jpg 768w, https:\/\/relevo.app\/wp-content\/uploads\/2022\/12\/Relevo_Gruender_Xmas_2022-300x225.jpg 300w, https:\/\/relevo.app\/wp-content\/uploads\/2022\/12\/Relevo_Gruender_Xmas_2022-1024x768.jpg 1024w, https:\/\/relevo.app\/wp-content\/uploads\/2022\/12\/Relevo_Gruender_Xmas_2022-1536x1152.jpg 1536w, https:\/\/relevo.app\/wp-content\/uploads\/2022\/12\/Relevo_Gruender_Xmas_2022-2048x1536.jpg 2048w\" sizes=\"(max-width: 768px) 100vw, 768px\" \/>\t\t\t\t\t\t\t\t\t\t\t\t\t\t\t<\/div>\n\t\t\t\t<\/div>\n\t\t\t\t<div class=\"elementor-element elementor-element-0265353 elementor-widget elementor-widget-text-editor\" data-id=\"0265353\" data-element_type=\"widget\" data-e-type=\"widget\" data-widget_type=\"text-editor.default\">\n\t\t\t\t<div class=\"elementor-widget-container\">\n\t\t\t\t\t\t\t\t\t<p><b>DANKE! <img decoding=\"async\" class=\"emoji\" role=\"img\" draggable=\"false\" src=\"https:\/\/s.w.org\/images\/core\/emoji\/14.0.0\/svg\/1f9e1.svg\" alt=\"\ud83e\udde1\" \/><\/b><\/p><p>Zusammen mit dir konnten wir in 2022 einiges bewegen, um Mehrweg im to-go Bereich weiter voranzutreiben. Inzwischen haben sich \u00fcber 2500 gastronomische Betriebe unserem Mehrwegsystem angeschlossen. Knapp 135.000 Nutzerinnen und Nutzer haben fast schon zwei Millionen Einwegverpackungen eingespart! <img decoding=\"async\" class=\"emoji\" role=\"img\" draggable=\"false\" src=\"https:\/\/s.w.org\/images\/core\/emoji\/14.0.0\/svg\/267b.svg\" alt=\"\u267b\ufe0f\" \/> Daf\u00fcr m\u00f6chten wir dir Danke sagen! Ohne deinen Einsatz und dein Vertrauen in unser Mehrwegsystem w\u00e4re dies nicht m\u00f6glich gewesen.<\/p><p>\u00a0<\/p><p><b>Good News! In 2023 gibt\u2019s noch #mehrmehrweg <img decoding=\"async\" class=\"emoji\" role=\"img\" draggable=\"false\" src=\"https:\/\/s.w.org\/images\/core\/emoji\/14.0.0\/svg\/1f680.svg\" alt=\"\ud83d\ude80\" \/><\/b><\/p><p>Mit dem Jahreswechsel tut sich einiges im to-go Bereich: Die Mehrwegangebotspflicht greift ab 01.01.2023. Das sind gute News f\u00fcr dich und die Umwelt: Ab Januar bekommst du bei einem Gro\u00dfteil aller Restaurants deine Speisen und Getr\u00e4nke nun auch in Mehrweg! Deshalb trau dich ruhig und frag einfach nach, ob`s auch in Mehrweg geht.<\/p><p>\u00a0<\/p><p>In diesem Sinne verabschieden wir uns von einem ereignisreichen Jahr 2022 und freuen uns riesig auf das Mehrweg-Jahr 2023!\u00a0<\/p><p>Frohe Weihnachtstage und einen guten Rutsch! <img decoding=\"async\" class=\"emoji\" role=\"img\" draggable=\"false\" src=\"https:\/\/s.w.org\/images\/core\/emoji\/14.0.0\/svg\/1f384.svg\" alt=\"\ud83c\udf84\" \/><\/p><p>\u00a0<\/p><p>\u00a0<\/p>\t\t\t\t\t\t\t\t<\/div>\n\t\t\t\t<\/div>\n\t\t\t\t\t<\/div>\n\t\t<\/div>\n\t\t\t\t\t<\/div>\n\t\t<\/section>\n\t\t\t\t<\/div>\n\t\t","protected":false},"excerpt":{"rendered":"<p>DANKE! Zusammen mit dir konnten wir in 2022 einiges bewegen, um Mehrweg im to-go Bereich weiter voranzutreiben. Inzwischen haben sich \u00fcber 2500 gastronomische Betriebe unserem Mehrwegsystem angeschlossen. Knapp 135.000 Nutzerinnen und Nutzer haben fast schon zwei Millionen Einwegverpackungen eingespart! Daf\u00fcr m\u00f6chten wir dir Danke sagen! Ohne deinen Einsatz und dein Vertrauen in unser Mehrwegsystem w\u00e4re [&hellip;]<\/p>\n","protected":false},"author":1,"featured_media":0,"parent":0,"menu_order":0,"comment_status":"closed","ping_status":"closed","template":"elementor_canvas","meta":{"content-type":"","om_disable_all_campaigns":false,"footnotes":""},"class_list":["post-43972","page","type-page","status-publish","hentry"],"yoast_head":"<!-- This site is optimized with the Yoast SEO plugin v27.4 - https:\/\/yoast.com\/product\/yoast-seo-wordpress\/ -->\n<title>App_GER_Weihnachten_2022 - Relevo<\/title>\n<meta name=\"robots\" content=\"noindex, follow\" \/>\n<meta property=\"og:locale\" content=\"de_DE\" \/>\n<meta property=\"og:type\" content=\"article\" \/>\n<meta property=\"og:title\" content=\"App_GER_Weihnachten_2022 - Relevo\" \/>\n<meta property=\"og:description\" content=\"DANKE! Zusammen mit dir konnten wir in 2022 einiges bewegen, um Mehrweg im to-go Bereich weiter voranzutreiben. Inzwischen haben sich \u00fcber 2500 gastronomische Betriebe unserem Mehrwegsystem angeschlossen. Knapp 135.000 Nutzerinnen und Nutzer haben fast schon zwei Millionen Einwegverpackungen eingespart! Daf\u00fcr m\u00f6chten wir dir Danke sagen! Ohne deinen Einsatz und dein Vertrauen in unser Mehrwegsystem w\u00e4re [&hellip;]\" \/>\n<meta property=\"og:url\" content=\"https:\/\/relevo.app\/de\/app_ger_weihnachten_2022\/\" \/>\n<meta property=\"og:site_name\" content=\"Relevo\" \/>\n<meta property=\"article:modified_time\" content=\"2024-03-12T10:54:37+00:00\" \/>\n<meta property=\"og:image\" content=\"https:\/\/stage.relevo.app\/wp-content\/uploads\/2022\/12\/Relevo_Gruender_Xmas_2022-768x576.jpg\" \/>\n<meta name=\"twitter:card\" content=\"summary_large_image\" \/>\n<meta name=\"twitter:label1\" content=\"Gesch\u00e4tzte Lesezeit\" \/>\n\t<meta name=\"twitter:data1\" content=\"2\u00a0Minuten\" \/>\n<script type=\"application\/ld+json\" class=\"yoast-schema-graph\">{\"@context\":\"https:\\\/\\\/schema.org\",\"@graph\":[{\"@type\":\"WebPage\",\"@id\":\"https:\\\/\\\/relevo.app\\\/de\\\/app_ger_weihnachten_2022\\\/\",\"url\":\"https:\\\/\\\/relevo.app\\\/de\\\/app_ger_weihnachten_2022\\\/\",\"name\":\"App_GER_Weihnachten_2022 - Relevo\",\"isPartOf\":{\"@id\":\"https:\\\/\\\/relevo.app\\\/de\\\/#website\"},\"primaryImageOfPage\":{\"@id\":\"https:\\\/\\\/relevo.app\\\/de\\\/app_ger_weihnachten_2022\\\/#primaryimage\"},\"image\":{\"@id\":\"https:\\\/\\\/relevo.app\\\/de\\\/app_ger_weihnachten_2022\\\/#primaryimage\"},\"thumbnailUrl\":\"https:\\\/\\\/stage.relevo.app\\\/wp-content\\\/uploads\\\/2022\\\/12\\\/Relevo_Gruender_Xmas_2022-768x576.jpg\",\"datePublished\":\"2022-12-22T12:47:55+00:00\",\"dateModified\":\"2024-03-12T10:54:37+00:00\",\"breadcrumb\":{\"@id\":\"https:\\\/\\\/relevo.app\\\/de\\\/app_ger_weihnachten_2022\\\/#breadcrumb\"},\"inLanguage\":\"de\",\"potentialAction\":[{\"@type\":\"ReadAction\",\"target\":[\"https:\\\/\\\/relevo.app\\\/de\\\/app_ger_weihnachten_2022\\\/\"]}]},{\"@type\":\"ImageObject\",\"inLanguage\":\"de\",\"@id\":\"https:\\\/\\\/relevo.app\\\/de\\\/app_ger_weihnachten_2022\\\/#primaryimage\",\"url\":\"https:\\\/\\\/stage.relevo.app\\\/wp-content\\\/uploads\\\/2022\\\/12\\\/Relevo_Gruender_Xmas_2022-768x576.jpg\",\"contentUrl\":\"https:\\\/\\\/stage.relevo.app\\\/wp-content\\\/uploads\\\/2022\\\/12\\\/Relevo_Gruender_Xmas_2022-768x576.jpg\"},{\"@type\":\"BreadcrumbList\",\"@id\":\"https:\\\/\\\/relevo.app\\\/de\\\/app_ger_weihnachten_2022\\\/#breadcrumb\",\"itemListElement\":[{\"@type\":\"ListItem\",\"position\":1,\"name\":\"Home\",\"item\":\"https:\\\/\\\/relevo.app\\\/de\\\/\"},{\"@type\":\"ListItem\",\"position\":2,\"name\":\"App_GER_Weihnachten_2022\"}]},{\"@type\":\"WebSite\",\"@id\":\"https:\\\/\\\/relevo.app\\\/de\\\/#website\",\"url\":\"https:\\\/\\\/relevo.app\\\/de\\\/\",\"name\":\"Relevo\",\"description\":\"\",\"potentialAction\":[{\"@type\":\"SearchAction\",\"target\":{\"@type\":\"EntryPoint\",\"urlTemplate\":\"https:\\\/\\\/relevo.app\\\/de\\\/?s={search_term_string}\"},\"query-input\":{\"@type\":\"PropertyValueSpecification\",\"valueRequired\":true,\"valueName\":\"search_term_string\"}}],\"inLanguage\":\"de\"}]}<\/script>\n<!-- \/ Yoast SEO plugin. -->","yoast_head_json":{"title":"App_GER_Weihnachten_2022 - Relevo","robots":{"index":"noindex","follow":"follow"},"og_locale":"de_DE","og_type":"article","og_title":"App_GER_Weihnachten_2022 - Relevo","og_description":"DANKE! Zusammen mit dir konnten wir in 2022 einiges bewegen, um Mehrweg im to-go Bereich weiter voranzutreiben. Inzwischen haben sich \u00fcber 2500 gastronomische Betriebe unserem Mehrwegsystem angeschlossen. Knapp 135.000 Nutzerinnen und Nutzer haben fast schon zwei Millionen Einwegverpackungen eingespart! Daf\u00fcr m\u00f6chten wir dir Danke sagen! Ohne deinen Einsatz und dein Vertrauen in unser Mehrwegsystem w\u00e4re [&hellip;]","og_url":"https:\/\/relevo.app\/de\/app_ger_weihnachten_2022\/","og_site_name":"Relevo","article_modified_time":"2024-03-12T10:54:37+00:00","og_image":[{"url":"https:\/\/stage.relevo.app\/wp-content\/uploads\/2022\/12\/Relevo_Gruender_Xmas_2022-768x576.jpg","type":"","width":"","height":""}],"twitter_card":"summary_large_image","twitter_misc":{"Gesch\u00e4tzte Lesezeit":"2\u00a0Minuten"},"schema":{"@context":"https:\/\/schema.org","@graph":[{"@type":"WebPage","@id":"https:\/\/relevo.app\/de\/app_ger_weihnachten_2022\/","url":"https:\/\/relevo.app\/de\/app_ger_weihnachten_2022\/","name":"App_GER_Weihnachten_2022 - Relevo","isPartOf":{"@id":"https:\/\/relevo.app\/de\/#website"},"primaryImageOfPage":{"@id":"https:\/\/relevo.app\/de\/app_ger_weihnachten_2022\/#primaryimage"},"image":{"@id":"https:\/\/relevo.app\/de\/app_ger_weihnachten_2022\/#primaryimage"},"thumbnailUrl":"https:\/\/stage.relevo.app\/wp-content\/uploads\/2022\/12\/Relevo_Gruender_Xmas_2022-768x576.jpg","datePublished":"2022-12-22T12:47:55+00:00","dateModified":"2024-03-12T10:54:37+00:00","breadcrumb":{"@id":"https:\/\/relevo.app\/de\/app_ger_weihnachten_2022\/#breadcrumb"},"inLanguage":"de","potentialAction":[{"@type":"ReadAction","target":["https:\/\/relevo.app\/de\/app_ger_weihnachten_2022\/"]}]},{"@type":"ImageObject","inLanguage":"de","@id":"https:\/\/relevo.app\/de\/app_ger_weihnachten_2022\/#primaryimage","url":"https:\/\/stage.relevo.app\/wp-content\/uploads\/2022\/12\/Relevo_Gruender_Xmas_2022-768x576.jpg","contentUrl":"https:\/\/stage.relevo.app\/wp-content\/uploads\/2022\/12\/Relevo_Gruender_Xmas_2022-768x576.jpg"},{"@type":"BreadcrumbList","@id":"https:\/\/relevo.app\/de\/app_ger_weihnachten_2022\/#breadcrumb","itemListElement":[{"@type":"ListItem","position":1,"name":"Home","item":"https:\/\/relevo.app\/de\/"},{"@type":"ListItem","position":2,"name":"App_GER_Weihnachten_2022"}]},{"@type":"WebSite","@id":"https:\/\/relevo.app\/de\/#website","url":"https:\/\/relevo.app\/de\/","name":"Relevo","description":"","potentialAction":[{"@type":"SearchAction","target":{"@type":"EntryPoint","urlTemplate":"https:\/\/relevo.app\/de\/?s={search_term_string}"},"query-input":{"@type":"PropertyValueSpecification","valueRequired":true,"valueName":"search_term_string"}}],"inLanguage":"de"}]}},"_links":{"self":[{"href":"https:\/\/relevo.app\/de\/wp-json\/wp\/v2\/pages\/43972","targetHints":{"allow":["GET"]}}],"collection":[{"href":"https:\/\/relevo.app\/de\/wp-json\/wp\/v2\/pages"}],"about":[{"href":"https:\/\/relevo.app\/de\/wp-json\/wp\/v2\/types\/page"}],"author":[{"embeddable":true,"href":"https:\/\/relevo.app\/de\/wp-json\/wp\/v2\/users\/1"}],"replies":[{"embeddable":true,"href":"https:\/\/relevo.app\/de\/wp-json\/wp\/v2\/comments?post=43972"}],"version-history":[{"count":16,"href":"https:\/\/relevo.app\/de\/wp-json\/wp\/v2\/pages\/43972\/revisions"}],"predecessor-version":[{"id":43993,"href":"https:\/\/relevo.app\/de\/wp-json\/wp\/v2\/pages\/43972\/revisions\/43993"}],"wp:attachment":[{"href":"https:\/\/relevo.app\/de\/wp-json\/wp\/v2\/media?parent=43972"}],"curies":[{"name":"wp","href":"https:\/\/api.w.org\/{rel}","templated":true}]}}