{"id":43800,"date":"2022-12-13T18:53:16","date_gmt":"2022-12-13T17:53:16","guid":{"rendered":"https:\/\/stage.relevo.app\/?page_id=43800"},"modified":"2024-03-12T11:54:23","modified_gmt":"2024-03-12T10:54:23","slug":"app_ger_verlaengerung_weihnachten","status":"publish","type":"page","link":"https:\/\/relevo.app\/de\/app_ger_verlaengerung_weihnachten\/","title":{"rendered":"App_GER_Verl\u00e4ngerung_Weihnachten"},"content":{"rendered":"\t\t<div data-elementor-type=\"wp-page\" data-elementor-id=\"43800\" class=\"elementor elementor-43800\" data-elementor-post-type=\"page\">\n\t\t\t\t\t\t<section class=\"elementor-section elementor-top-section elementor-element elementor-element-d3faaab elementor-section-boxed elementor-section-height-default elementor-section-height-default\" data-id=\"d3faaab\" data-element_type=\"section\" data-e-type=\"section\">\n\t\t\t\t\t\t<div class=\"elementor-container elementor-column-gap-default\">\n\t\t\t\t\t<div class=\"elementor-column elementor-col-100 elementor-top-column elementor-element elementor-element-f87883f\" data-id=\"f87883f\" data-element_type=\"column\" data-e-type=\"column\">\n\t\t\t<div class=\"elementor-widget-wrap elementor-element-populated\">\n\t\t\t\t\t\t<div class=\"elementor-element elementor-element-8d66f34 elementor-widget elementor-widget-image\" data-id=\"8d66f34\" data-element_type=\"widget\" data-e-type=\"widget\" data-widget_type=\"image.default\">\n\t\t\t\t<div class=\"elementor-widget-container\">\n\t\t\t\t\t\t\t\t\t\t\t\t\t\t\t<img fetchpriority=\"high\" decoding=\"async\" width=\"768\" height=\"768\" src=\"https:\/\/relevo.app\/wp-content\/uploads\/2022\/12\/Ruckgabe_Feiertage-768x768.jpg\" class=\"attachment-medium_large size-medium_large wp-image-43802\" alt=\"R\u00fcckgabe_Feiertage\" srcset=\"https:\/\/relevo.app\/wp-content\/uploads\/2022\/12\/Ruckgabe_Feiertage-768x768.jpg 768w, https:\/\/relevo.app\/wp-content\/uploads\/2022\/12\/Ruckgabe_Feiertage-300x300.jpg 300w, https:\/\/relevo.app\/wp-content\/uploads\/2022\/12\/Ruckgabe_Feiertage-1024x1024.jpg 1024w, https:\/\/relevo.app\/wp-content\/uploads\/2022\/12\/Ruckgabe_Feiertage-150x150.jpg 150w, https:\/\/relevo.app\/wp-content\/uploads\/2022\/12\/Ruckgabe_Feiertage-1536x1536.jpg 1536w, https:\/\/relevo.app\/wp-content\/uploads\/2022\/12\/Ruckgabe_Feiertage.jpg 1667w\" sizes=\"(max-width: 768px) 100vw, 768px\" \/>\t\t\t\t\t\t\t\t\t\t\t\t\t\t\t<\/div>\n\t\t\t\t<\/div>\n\t\t\t\t<div class=\"elementor-element elementor-element-0265353 elementor-widget elementor-widget-text-editor\" data-id=\"0265353\" data-element_type=\"widget\" data-e-type=\"widget\" data-widget_type=\"text-editor.default\">\n\t\t\t\t<div class=\"elementor-widget-container\">\n\t\t\t\t\t\t\t\t\t<p id=\"docs-internal-guid-3cb1aeea-7fff-80f2-089f-46471e650c57\" dir=\"ltr\" style=\"line-height: 1.38; margin-top: 12pt; margin-bottom: 12pt;\"><span style=\"font-size: 11pt; font-family: Rubik,sans-serif; color: #000000; background-color: transparent; font-weight: 400; font-style: normal; font-variant: normal; text-decoration: none; vertical-align: baseline; white-space: pre-wrap;\"><strong>Wohin mit dem Relevo-Geschirr, wenn das Lieblingsrestaurant \u00fcber die Weihnachtstage geschlossen hat?<\/strong> <img decoding=\"async\" class=\"emoji\" role=\"img\" draggable=\"false\" src=\"https:\/\/s.w.org\/images\/core\/emoji\/14.0.0\/svg\/1f9d0.svg\" alt=\"\ud83e\uddd0\" \/>\u00a0<\/span><\/p><p dir=\"ltr\" style=\"line-height: 1.38; margin-top: 12pt; margin-bottom: 12pt;\"><span style=\"font-size: 11pt; font-family: Rubik,sans-serif; color: #000000; background-color: transparent; font-weight: 400; font-style: normal; font-variant: normal; text-decoration: none; vertical-align: baseline; white-space: pre-wrap;\">Kein Problem, dein Geschirr kannst du stressfrei im neuen Jahr zur\u00fcckgeben! <img decoding=\"async\" class=\"emoji\" role=\"img\" draggable=\"false\" src=\"https:\/\/s.w.org\/images\/core\/emoji\/14.0.0\/svg\/1f384.svg\" alt=\"\ud83c\udf84\" \/><\/span><\/p><p><span style=\"font-size: 11pt; font-family: Rubik,sans-serif; color: #000000; background-color: transparent; font-weight: 400; font-style: normal; font-variant: normal; text-decoration: none; vertical-align: baseline; white-space: pre-wrap;\">Da einige unserer Partner in ihre wohlverdiente Weihnachtspause gehen, verl\u00e4ngern wir die R\u00fcckgabefrist jeder Relevo, die zwischen dem <\/span><span style=\"font-size: 11pt; font-family: Rubik,sans-serif; color: #000000; background-color: transparent; font-weight: bold; font-style: normal; font-variant: normal; text-decoration: none; vertical-align: baseline; white-space: pre-wrap;\">19.12.22 und 27.12.22<\/span><span style=\"font-size: 11pt; font-family: Rubik,sans-serif; color: #000000; background-color: transparent; font-weight: 400; font-style: normal; font-variant: normal; text-decoration: none; vertical-align: baseline; white-space: pre-wrap;\"> ausgeliehen wird, bis zum <\/span><span style=\"font-size: 11pt; font-family: Rubik,sans-serif; color: #000000; background-color: transparent; font-weight: bold; font-style: normal; font-variant: normal; text-decoration: none; vertical-align: baseline; white-space: pre-wrap;\">11.01.23<\/span><span style=\"font-size: 11pt; font-family: Rubik,sans-serif; color: #000000; background-color: transparent; font-weight: 400; font-style: normal; font-variant: normal; text-decoration: none; vertical-align: baseline; white-space: pre-wrap;\">. Die Verl\u00e4ngerung l\u00e4uft automatisch und du musst nichts weiter tun (au\u00dfer nat\u00fcrlich dein Geschirr kurz durchzusp\u00fclen, damit es im neuen Jahr noch viele weitere Einwegverpackungen ersetzen kann <img decoding=\"async\" class=\"emoji\" role=\"img\" draggable=\"false\" src=\"https:\/\/s.w.org\/images\/core\/emoji\/14.0.0\/svg\/1f609.svg\" alt=\"\ud83d\ude09\" \/>)<\/span><\/p><p><span style=\"font-size: 11pt; font-family: Rubik,sans-serif; color: #000000; background-color: transparent; font-weight: 400; font-style: normal; font-variant: normal; text-decoration: none; vertical-align: baseline; white-space: pre-wrap;\">\u00a0<\/span><\/p><p><span style=\"font-size: 11pt; font-family: Rubik,sans-serif; color: #000000; background-color: transparent; font-weight: 400; font-style: normal; font-variant: normal; text-decoration: none; vertical-align: baseline; white-space: pre-wrap;\">\u00a0<\/span><\/p><p><span style=\"font-size: 11pt; font-family: Rubik,sans-serif; color: #000000; background-color: transparent; font-weight: 400; font-style: normal; font-variant: normal; text-decoration: none; vertical-align: baseline; white-space: pre-wrap;\">\u00a0<\/span><\/p>\t\t\t\t\t\t\t\t<\/div>\n\t\t\t\t<\/div>\n\t\t\t\t\t<\/div>\n\t\t<\/div>\n\t\t\t\t\t<\/div>\n\t\t<\/section>\n\t\t\t\t<\/div>\n\t\t","protected":false},"excerpt":{"rendered":"<p>Wohin mit dem Relevo-Geschirr, wenn das Lieblingsrestaurant \u00fcber die Weihnachtstage geschlossen hat? &nbsp; Kein Problem, dein Geschirr kannst du stressfrei im neuen Jahr zur\u00fcckgeben! Da einige unserer Partner in ihre wohlverdiente Weihnachtspause gehen, verl\u00e4ngern wir die R\u00fcckgabefrist jeder Relevo, die zwischen dem 19.12.22 und 27.12.22 ausgeliehen wird, bis zum 11.01.23. Die Verl\u00e4ngerung l\u00e4uft automatisch und [&hellip;]<\/p>\n","protected":false},"author":1,"featured_media":0,"parent":0,"menu_order":0,"comment_status":"closed","ping_status":"closed","template":"elementor_canvas","meta":{"content-type":"","om_disable_all_campaigns":false,"footnotes":""},"class_list":["post-43800","page","type-page","status-publish","hentry"],"yoast_head":"<!-- This site is optimized with the Yoast SEO plugin v27.4 - https:\/\/yoast.com\/product\/yoast-seo-wordpress\/ -->\n<title>App_GER_Verl\u00e4ngerung_Weihnachten - Relevo<\/title>\n<meta name=\"robots\" content=\"noindex, follow\" \/>\n<meta property=\"og:locale\" content=\"de_DE\" \/>\n<meta property=\"og:type\" content=\"article\" \/>\n<meta property=\"og:title\" content=\"App_GER_Verl\u00e4ngerung_Weihnachten - Relevo\" \/>\n<meta property=\"og:description\" content=\"Wohin mit dem Relevo-Geschirr, wenn das Lieblingsrestaurant \u00fcber die Weihnachtstage geschlossen hat? &nbsp; Kein Problem, dein Geschirr kannst du stressfrei im neuen Jahr zur\u00fcckgeben! Da einige unserer Partner in ihre wohlverdiente Weihnachtspause gehen, verl\u00e4ngern wir die R\u00fcckgabefrist jeder Relevo, die zwischen dem 19.12.22 und 27.12.22 ausgeliehen wird, bis zum 11.01.23. Die Verl\u00e4ngerung l\u00e4uft automatisch und [&hellip;]\" \/>\n<meta property=\"og:url\" content=\"https:\/\/relevo.app\/de\/app_ger_verlaengerung_weihnachten\/\" \/>\n<meta property=\"og:site_name\" content=\"Relevo\" \/>\n<meta property=\"article:modified_time\" content=\"2024-03-12T10:54:23+00:00\" \/>\n<meta property=\"og:image\" content=\"https:\/\/stage.relevo.app\/wp-content\/uploads\/2022\/12\/Ruckgabe_Feiertage-768x768.jpg\" \/>\n<meta name=\"twitter:card\" content=\"summary_large_image\" \/>\n<meta name=\"twitter:label1\" content=\"Gesch\u00e4tzte Lesezeit\" \/>\n\t<meta name=\"twitter:data1\" content=\"2\u00a0Minuten\" \/>\n<script type=\"application\/ld+json\" class=\"yoast-schema-graph\">{\"@context\":\"https:\\\/\\\/schema.org\",\"@graph\":[{\"@type\":\"WebPage\",\"@id\":\"https:\\\/\\\/relevo.app\\\/de\\\/app_ger_verlaengerung_weihnachten\\\/\",\"url\":\"https:\\\/\\\/relevo.app\\\/de\\\/app_ger_verlaengerung_weihnachten\\\/\",\"name\":\"App_GER_Verl\u00e4ngerung_Weihnachten - Relevo\",\"isPartOf\":{\"@id\":\"https:\\\/\\\/relevo.app\\\/de\\\/#website\"},\"primaryImageOfPage\":{\"@id\":\"https:\\\/\\\/relevo.app\\\/de\\\/app_ger_verlaengerung_weihnachten\\\/#primaryimage\"},\"image\":{\"@id\":\"https:\\\/\\\/relevo.app\\\/de\\\/app_ger_verlaengerung_weihnachten\\\/#primaryimage\"},\"thumbnailUrl\":\"https:\\\/\\\/stage.relevo.app\\\/wp-content\\\/uploads\\\/2022\\\/12\\\/Ruckgabe_Feiertage-768x768.jpg\",\"datePublished\":\"2022-12-13T17:53:16+00:00\",\"dateModified\":\"2024-03-12T10:54:23+00:00\",\"breadcrumb\":{\"@id\":\"https:\\\/\\\/relevo.app\\\/de\\\/app_ger_verlaengerung_weihnachten\\\/#breadcrumb\"},\"inLanguage\":\"de\",\"potentialAction\":[{\"@type\":\"ReadAction\",\"target\":[\"https:\\\/\\\/relevo.app\\\/de\\\/app_ger_verlaengerung_weihnachten\\\/\"]}]},{\"@type\":\"ImageObject\",\"inLanguage\":\"de\",\"@id\":\"https:\\\/\\\/relevo.app\\\/de\\\/app_ger_verlaengerung_weihnachten\\\/#primaryimage\",\"url\":\"https:\\\/\\\/stage.relevo.app\\\/wp-content\\\/uploads\\\/2022\\\/12\\\/Ruckgabe_Feiertage-768x768.jpg\",\"contentUrl\":\"https:\\\/\\\/stage.relevo.app\\\/wp-content\\\/uploads\\\/2022\\\/12\\\/Ruckgabe_Feiertage-768x768.jpg\"},{\"@type\":\"BreadcrumbList\",\"@id\":\"https:\\\/\\\/relevo.app\\\/de\\\/app_ger_verlaengerung_weihnachten\\\/#breadcrumb\",\"itemListElement\":[{\"@type\":\"ListItem\",\"position\":1,\"name\":\"Home\",\"item\":\"https:\\\/\\\/relevo.app\\\/de\\\/\"},{\"@type\":\"ListItem\",\"position\":2,\"name\":\"App_GER_Verl\u00e4ngerung_Weihnachten\"}]},{\"@type\":\"WebSite\",\"@id\":\"https:\\\/\\\/relevo.app\\\/de\\\/#website\",\"url\":\"https:\\\/\\\/relevo.app\\\/de\\\/\",\"name\":\"Relevo\",\"description\":\"\",\"potentialAction\":[{\"@type\":\"SearchAction\",\"target\":{\"@type\":\"EntryPoint\",\"urlTemplate\":\"https:\\\/\\\/relevo.app\\\/de\\\/?s={search_term_string}\"},\"query-input\":{\"@type\":\"PropertyValueSpecification\",\"valueRequired\":true,\"valueName\":\"search_term_string\"}}],\"inLanguage\":\"de\"}]}<\/script>\n<!-- \/ Yoast SEO plugin. -->","yoast_head_json":{"title":"App_GER_Verl\u00e4ngerung_Weihnachten - Relevo","robots":{"index":"noindex","follow":"follow"},"og_locale":"de_DE","og_type":"article","og_title":"App_GER_Verl\u00e4ngerung_Weihnachten - Relevo","og_description":"Wohin mit dem Relevo-Geschirr, wenn das Lieblingsrestaurant \u00fcber die Weihnachtstage geschlossen hat? &nbsp; Kein Problem, dein Geschirr kannst du stressfrei im neuen Jahr zur\u00fcckgeben! Da einige unserer Partner in ihre wohlverdiente Weihnachtspause gehen, verl\u00e4ngern wir die R\u00fcckgabefrist jeder Relevo, die zwischen dem 19.12.22 und 27.12.22 ausgeliehen wird, bis zum 11.01.23. Die Verl\u00e4ngerung l\u00e4uft automatisch und [&hellip;]","og_url":"https:\/\/relevo.app\/de\/app_ger_verlaengerung_weihnachten\/","og_site_name":"Relevo","article_modified_time":"2024-03-12T10:54:23+00:00","og_image":[{"url":"https:\/\/stage.relevo.app\/wp-content\/uploads\/2022\/12\/Ruckgabe_Feiertage-768x768.jpg","type":"","width":"","height":""}],"twitter_card":"summary_large_image","twitter_misc":{"Gesch\u00e4tzte Lesezeit":"2\u00a0Minuten"},"schema":{"@context":"https:\/\/schema.org","@graph":[{"@type":"WebPage","@id":"https:\/\/relevo.app\/de\/app_ger_verlaengerung_weihnachten\/","url":"https:\/\/relevo.app\/de\/app_ger_verlaengerung_weihnachten\/","name":"App_GER_Verl\u00e4ngerung_Weihnachten - Relevo","isPartOf":{"@id":"https:\/\/relevo.app\/de\/#website"},"primaryImageOfPage":{"@id":"https:\/\/relevo.app\/de\/app_ger_verlaengerung_weihnachten\/#primaryimage"},"image":{"@id":"https:\/\/relevo.app\/de\/app_ger_verlaengerung_weihnachten\/#primaryimage"},"thumbnailUrl":"https:\/\/stage.relevo.app\/wp-content\/uploads\/2022\/12\/Ruckgabe_Feiertage-768x768.jpg","datePublished":"2022-12-13T17:53:16+00:00","dateModified":"2024-03-12T10:54:23+00:00","breadcrumb":{"@id":"https:\/\/relevo.app\/de\/app_ger_verlaengerung_weihnachten\/#breadcrumb"},"inLanguage":"de","potentialAction":[{"@type":"ReadAction","target":["https:\/\/relevo.app\/de\/app_ger_verlaengerung_weihnachten\/"]}]},{"@type":"ImageObject","inLanguage":"de","@id":"https:\/\/relevo.app\/de\/app_ger_verlaengerung_weihnachten\/#primaryimage","url":"https:\/\/stage.relevo.app\/wp-content\/uploads\/2022\/12\/Ruckgabe_Feiertage-768x768.jpg","contentUrl":"https:\/\/stage.relevo.app\/wp-content\/uploads\/2022\/12\/Ruckgabe_Feiertage-768x768.jpg"},{"@type":"BreadcrumbList","@id":"https:\/\/relevo.app\/de\/app_ger_verlaengerung_weihnachten\/#breadcrumb","itemListElement":[{"@type":"ListItem","position":1,"name":"Home","item":"https:\/\/relevo.app\/de\/"},{"@type":"ListItem","position":2,"name":"App_GER_Verl\u00e4ngerung_Weihnachten"}]},{"@type":"WebSite","@id":"https:\/\/relevo.app\/de\/#website","url":"https:\/\/relevo.app\/de\/","name":"Relevo","description":"","potentialAction":[{"@type":"SearchAction","target":{"@type":"EntryPoint","urlTemplate":"https:\/\/relevo.app\/de\/?s={search_term_string}"},"query-input":{"@type":"PropertyValueSpecification","valueRequired":true,"valueName":"search_term_string"}}],"inLanguage":"de"}]}},"_links":{"self":[{"href":"https:\/\/relevo.app\/de\/wp-json\/wp\/v2\/pages\/43800","targetHints":{"allow":["GET"]}}],"collection":[{"href":"https:\/\/relevo.app\/de\/wp-json\/wp\/v2\/pages"}],"about":[{"href":"https:\/\/relevo.app\/de\/wp-json\/wp\/v2\/types\/page"}],"author":[{"embeddable":true,"href":"https:\/\/relevo.app\/de\/wp-json\/wp\/v2\/users\/1"}],"replies":[{"embeddable":true,"href":"https:\/\/relevo.app\/de\/wp-json\/wp\/v2\/comments?post=43800"}],"version-history":[{"count":20,"href":"https:\/\/relevo.app\/de\/wp-json\/wp\/v2\/pages\/43800\/revisions"}],"predecessor-version":[{"id":43829,"href":"https:\/\/relevo.app\/de\/wp-json\/wp\/v2\/pages\/43800\/revisions\/43829"}],"wp:attachment":[{"href":"https:\/\/relevo.app\/de\/wp-json\/wp\/v2\/media?parent=43800"}],"curies":[{"name":"wp","href":"https:\/\/api.w.org\/{rel}","templated":true}]}}