{"id":43420,"date":"2022-12-01T20:20:55","date_gmt":"2022-12-01T19:20:55","guid":{"rendered":"https:\/\/stage.relevo.app\/?page_id=43420"},"modified":"2024-03-12T11:47:06","modified_gmt":"2024-03-12T10:47:06","slug":"app_ger_geschirrumgang","status":"publish","type":"page","link":"https:\/\/relevo.app\/de\/app_ger_geschirrumgang\/","title":{"rendered":"App_GER_Geschirrumgang"},"content":{"rendered":"\t\t<div data-elementor-type=\"wp-page\" data-elementor-id=\"43420\" class=\"elementor elementor-43420\" data-elementor-post-type=\"page\">\n\t\t\t\t\t\t<section class=\"elementor-section elementor-top-section elementor-element elementor-element-d3faaab elementor-section-boxed elementor-section-height-default elementor-section-height-default\" data-id=\"d3faaab\" data-element_type=\"section\" data-e-type=\"section\">\n\t\t\t\t\t\t<div class=\"elementor-container elementor-column-gap-default\">\n\t\t\t\t\t<div class=\"elementor-column elementor-col-100 elementor-top-column elementor-element elementor-element-f87883f\" data-id=\"f87883f\" data-element_type=\"column\" data-e-type=\"column\">\n\t\t\t<div class=\"elementor-widget-wrap elementor-element-populated\">\n\t\t\t\t\t\t<div class=\"elementor-element elementor-element-8d66f34 elementor-widget elementor-widget-image\" data-id=\"8d66f34\" data-element_type=\"widget\" data-e-type=\"widget\" data-widget_type=\"image.default\">\n\t\t\t\t<div class=\"elementor-widget-container\">\n\t\t\t\t\t\t\t\t\t\t\t\t\t\t\t<img fetchpriority=\"high\" decoding=\"async\" width=\"768\" height=\"651\" src=\"https:\/\/relevo.app\/wp-content\/uploads\/2022\/12\/Illustration_Verpackungsarten-12-768x651.png\" class=\"attachment-medium_large size-medium_large wp-image-43412\" alt=\"Illustration_Verpackungsarten\" srcset=\"https:\/\/relevo.app\/wp-content\/uploads\/2022\/12\/Illustration_Verpackungsarten-12-768x651.png 768w, https:\/\/relevo.app\/wp-content\/uploads\/2022\/12\/Illustration_Verpackungsarten-12-300x254.png 300w, https:\/\/relevo.app\/wp-content\/uploads\/2022\/12\/Illustration_Verpackungsarten-12-1024x868.png 1024w, https:\/\/relevo.app\/wp-content\/uploads\/2022\/12\/Illustration_Verpackungsarten-12-1536x1302.png 1536w, https:\/\/relevo.app\/wp-content\/uploads\/2022\/12\/Illustration_Verpackungsarten-12-2048x1737.png 2048w\" sizes=\"(max-width: 768px) 100vw, 768px\" \/>\t\t\t\t\t\t\t\t\t\t\t\t\t\t\t<\/div>\n\t\t\t\t<\/div>\n\t\t\t\t<div class=\"elementor-element elementor-element-0265353 elementor-widget elementor-widget-text-editor\" data-id=\"0265353\" data-element_type=\"widget\" data-e-type=\"widget\" data-widget_type=\"text-editor.default\">\n\t\t\t\t<div class=\"elementor-widget-container\">\n\t\t\t\t\t\t\t\t\t<p><b>Tipps f\u00fcr den perfekten Umgang mit dem Relevo-Geschirr \ud83d\udd0e<\/b><\/p><p>Du hast zum ersten Mal eine Relevo ausgeliehen und bist dir nun unsicher, wie du richtig mit dem Geschirr umgehst? Keine Sorge, hier bekommst du hilfreiche Tipps, wie das Geschirr eine m\u00f6glichst lange Lebensdauer hat und unbeschadet zirkulieren kann \u267b\ufe0f<\/p><ul><li aria-level=\"1\"><b>\u2705 Mikrowelle: <\/b>Du kannst die Relevo Schalen und Becher f\u00fcr maximal 2 Minuten bei 600 Watt\u00a0 in die Mikro stellen. <b>Achtung<\/b>! \ud83d\udeab Relevo-Deckel d\u00fcrfen nicht mit in die Mikrowelle!<\/li><li aria-level=\"1\">\u26a0\ufe0f <b>Backofen: <\/b>Bitte beachte, dass das Kunststoff-Geschirr <b>nicht <\/b>in den Backofen darf. Das Relevo Glas-Geschirr dagegen h\u00e4lt Temperaturen von +\/- 130 \u00b0C aus und darf im Backofen aufgew\u00e4rmt werden. \ud83d\udeab Aber aufgepasst: Auch hier darf der <b>Deckel <\/b>nicht mit in den Backofen!<\/li><li aria-level=\"1\">\ud83d\udca7<b>Reinigung<\/b>: Gibst du dein Geschirr nicht am selben Tag direkt wieder zur\u00fcck, sp\u00fcle es einfach kurz durch, damit sich kein Schimmel bilden kann.<\/li><li aria-level=\"1\">\u2705 <b>Sp\u00fclmaschine<\/b>: Gerne kannst du deine Relevo inklusive Deckel in die Sp\u00fclmaschine geben.<\/li><\/ul><p>\u00a0<\/p><p>Dir ist ein Geschirrteil kaputt gegangen oder du hast ein besch\u00e4digtes Geschirrteil ausgeh\u00e4ndigt bekommen?\u00a0<\/p><ul><li aria-level=\"1\">\ud83d\udce7 <b>Du hast es besch\u00e4digt? <\/b>Missgeschicke passieren mal! Schreib uns eine kurze Mail an hallo@relevo.app oder \u00fcber das Kontaktformular, damit wir das weitere Vorgehen besprechen k\u00f6nnen.<\/li><li aria-level=\"1\">\ud83d\udc68\u200d\ud83c\udf73 <b>Jemand vor dir hat es besch\u00e4digt? <\/b>Bringe die besch\u00e4digte Relevo zur\u00fcck zu einem Partner und informiere die Mitarbeitenden \u00fcber die Besch\u00e4digung. So kann die Relevo aus dem Kreislauf genommen und von unserem Hersteller recycelt werden.<\/li><\/ul><p>\u00a0<\/p><p>\u00a0<\/p><p>\u00a0<\/p>\t\t\t\t\t\t\t\t<\/div>\n\t\t\t\t<\/div>\n\t\t\t\t\t<\/div>\n\t\t<\/div>\n\t\t\t\t\t<\/div>\n\t\t<\/section>\n\t\t\t\t<section class=\"elementor-section elementor-top-section elementor-element elementor-element-7b90f9a elementor-section-boxed elementor-section-height-default elementor-section-height-default\" data-id=\"7b90f9a\" data-element_type=\"section\" data-e-type=\"section\">\n\t\t\t\t\t\t<div class=\"elementor-container elementor-column-gap-default\">\n\t\t\t\t\t<div class=\"elementor-column elementor-col-100 elementor-top-column elementor-element elementor-element-e4d4f0f\" data-id=\"e4d4f0f\" data-element_type=\"column\" data-e-type=\"column\">\n\t\t\t<div class=\"elementor-widget-wrap\">\n\t\t\t\t\t\t\t<\/div>\n\t\t<\/div>\n\t\t\t\t\t<\/div>\n\t\t<\/section>\n\t\t\t\t<\/div>\n\t\t","protected":false},"excerpt":{"rendered":"<p>Tipps f\u00fcr den perfekten Umgang mit dem Relevo-Geschirr \ud83d\udd0e Du hast zum ersten Mal eine Relevo ausgeliehen und bist dir nun unsicher, wie du richtig mit dem Geschirr umgehst? Keine Sorge, hier bekommst du hilfreiche Tipps, wie das Geschirr eine m\u00f6glichst lange Lebensdauer hat und unbeschadet zirkulieren kann \u267b\ufe0f \u2705 Mikrowelle: Du kannst die Relevo [&hellip;]<\/p>\n","protected":false},"author":1,"featured_media":0,"parent":0,"menu_order":0,"comment_status":"closed","ping_status":"closed","template":"elementor_canvas","meta":{"content-type":"","om_disable_all_campaigns":false,"footnotes":""},"class_list":["post-43420","page","type-page","status-publish","hentry"],"yoast_head":"<!-- This site is optimized with the Yoast SEO plugin v27.3 - https:\/\/yoast.com\/product\/yoast-seo-wordpress\/ -->\n<title>App_GER_Geschirrumgang - Relevo<\/title>\n<meta name=\"robots\" content=\"noindex, follow\" \/>\n<meta property=\"og:locale\" content=\"de_DE\" \/>\n<meta property=\"og:type\" content=\"article\" \/>\n<meta property=\"og:title\" content=\"App_GER_Geschirrumgang - Relevo\" \/>\n<meta property=\"og:description\" content=\"Tipps f\u00fcr den perfekten Umgang mit dem Relevo-Geschirr \ud83d\udd0e Du hast zum ersten Mal eine Relevo ausgeliehen und bist dir nun unsicher, wie du richtig mit dem Geschirr umgehst? Keine Sorge, hier bekommst du hilfreiche Tipps, wie das Geschirr eine m\u00f6glichst lange Lebensdauer hat und unbeschadet zirkulieren kann \u267b\ufe0f \u2705 Mikrowelle: Du kannst die Relevo [&hellip;]\" \/>\n<meta property=\"og:url\" content=\"https:\/\/relevo.app\/de\/app_ger_geschirrumgang\/\" \/>\n<meta property=\"og:site_name\" content=\"Relevo\" \/>\n<meta property=\"article:modified_time\" content=\"2024-03-12T10:47:06+00:00\" \/>\n<meta property=\"og:image\" content=\"https:\/\/stage.relevo.app\/wp-content\/uploads\/2022\/12\/Illustration_Verpackungsarten-12-768x651.png\" \/>\n<meta name=\"twitter:card\" content=\"summary_large_image\" \/>\n<meta name=\"twitter:label1\" content=\"Gesch\u00e4tzte Lesezeit\" \/>\n\t<meta name=\"twitter:data1\" content=\"2\u00a0Minuten\" \/>\n<script type=\"application\/ld+json\" class=\"yoast-schema-graph\">{\"@context\":\"https:\\\/\\\/schema.org\",\"@graph\":[{\"@type\":\"WebPage\",\"@id\":\"https:\\\/\\\/relevo.app\\\/de\\\/app_ger_geschirrumgang\\\/\",\"url\":\"https:\\\/\\\/relevo.app\\\/de\\\/app_ger_geschirrumgang\\\/\",\"name\":\"App_GER_Geschirrumgang - Relevo\",\"isPartOf\":{\"@id\":\"https:\\\/\\\/relevo.app\\\/de\\\/#website\"},\"primaryImageOfPage\":{\"@id\":\"https:\\\/\\\/relevo.app\\\/de\\\/app_ger_geschirrumgang\\\/#primaryimage\"},\"image\":{\"@id\":\"https:\\\/\\\/relevo.app\\\/de\\\/app_ger_geschirrumgang\\\/#primaryimage\"},\"thumbnailUrl\":\"https:\\\/\\\/stage.relevo.app\\\/wp-content\\\/uploads\\\/2022\\\/12\\\/Illustration_Verpackungsarten-12-768x651.png\",\"datePublished\":\"2022-12-01T19:20:55+00:00\",\"dateModified\":\"2024-03-12T10:47:06+00:00\",\"breadcrumb\":{\"@id\":\"https:\\\/\\\/relevo.app\\\/de\\\/app_ger_geschirrumgang\\\/#breadcrumb\"},\"inLanguage\":\"de\",\"potentialAction\":[{\"@type\":\"ReadAction\",\"target\":[\"https:\\\/\\\/relevo.app\\\/de\\\/app_ger_geschirrumgang\\\/\"]}]},{\"@type\":\"ImageObject\",\"inLanguage\":\"de\",\"@id\":\"https:\\\/\\\/relevo.app\\\/de\\\/app_ger_geschirrumgang\\\/#primaryimage\",\"url\":\"https:\\\/\\\/stage.relevo.app\\\/wp-content\\\/uploads\\\/2022\\\/12\\\/Illustration_Verpackungsarten-12-768x651.png\",\"contentUrl\":\"https:\\\/\\\/stage.relevo.app\\\/wp-content\\\/uploads\\\/2022\\\/12\\\/Illustration_Verpackungsarten-12-768x651.png\"},{\"@type\":\"BreadcrumbList\",\"@id\":\"https:\\\/\\\/relevo.app\\\/de\\\/app_ger_geschirrumgang\\\/#breadcrumb\",\"itemListElement\":[{\"@type\":\"ListItem\",\"position\":1,\"name\":\"Home\",\"item\":\"https:\\\/\\\/relevo.app\\\/de\\\/\"},{\"@type\":\"ListItem\",\"position\":2,\"name\":\"App_GER_Geschirrumgang\"}]},{\"@type\":\"WebSite\",\"@id\":\"https:\\\/\\\/relevo.app\\\/de\\\/#website\",\"url\":\"https:\\\/\\\/relevo.app\\\/de\\\/\",\"name\":\"Relevo\",\"description\":\"\",\"potentialAction\":[{\"@type\":\"SearchAction\",\"target\":{\"@type\":\"EntryPoint\",\"urlTemplate\":\"https:\\\/\\\/relevo.app\\\/de\\\/?s={search_term_string}\"},\"query-input\":{\"@type\":\"PropertyValueSpecification\",\"valueRequired\":true,\"valueName\":\"search_term_string\"}}],\"inLanguage\":\"de\"}]}<\/script>\n<!-- \/ Yoast SEO plugin. -->","yoast_head_json":{"title":"App_GER_Geschirrumgang - Relevo","robots":{"index":"noindex","follow":"follow"},"og_locale":"de_DE","og_type":"article","og_title":"App_GER_Geschirrumgang - Relevo","og_description":"Tipps f\u00fcr den perfekten Umgang mit dem Relevo-Geschirr \ud83d\udd0e Du hast zum ersten Mal eine Relevo ausgeliehen und bist dir nun unsicher, wie du richtig mit dem Geschirr umgehst? Keine Sorge, hier bekommst du hilfreiche Tipps, wie das Geschirr eine m\u00f6glichst lange Lebensdauer hat und unbeschadet zirkulieren kann \u267b\ufe0f \u2705 Mikrowelle: Du kannst die Relevo [&hellip;]","og_url":"https:\/\/relevo.app\/de\/app_ger_geschirrumgang\/","og_site_name":"Relevo","article_modified_time":"2024-03-12T10:47:06+00:00","og_image":[{"url":"https:\/\/stage.relevo.app\/wp-content\/uploads\/2022\/12\/Illustration_Verpackungsarten-12-768x651.png","type":"","width":"","height":""}],"twitter_card":"summary_large_image","twitter_misc":{"Gesch\u00e4tzte Lesezeit":"2\u00a0Minuten"},"schema":{"@context":"https:\/\/schema.org","@graph":[{"@type":"WebPage","@id":"https:\/\/relevo.app\/de\/app_ger_geschirrumgang\/","url":"https:\/\/relevo.app\/de\/app_ger_geschirrumgang\/","name":"App_GER_Geschirrumgang - Relevo","isPartOf":{"@id":"https:\/\/relevo.app\/de\/#website"},"primaryImageOfPage":{"@id":"https:\/\/relevo.app\/de\/app_ger_geschirrumgang\/#primaryimage"},"image":{"@id":"https:\/\/relevo.app\/de\/app_ger_geschirrumgang\/#primaryimage"},"thumbnailUrl":"https:\/\/stage.relevo.app\/wp-content\/uploads\/2022\/12\/Illustration_Verpackungsarten-12-768x651.png","datePublished":"2022-12-01T19:20:55+00:00","dateModified":"2024-03-12T10:47:06+00:00","breadcrumb":{"@id":"https:\/\/relevo.app\/de\/app_ger_geschirrumgang\/#breadcrumb"},"inLanguage":"de","potentialAction":[{"@type":"ReadAction","target":["https:\/\/relevo.app\/de\/app_ger_geschirrumgang\/"]}]},{"@type":"ImageObject","inLanguage":"de","@id":"https:\/\/relevo.app\/de\/app_ger_geschirrumgang\/#primaryimage","url":"https:\/\/stage.relevo.app\/wp-content\/uploads\/2022\/12\/Illustration_Verpackungsarten-12-768x651.png","contentUrl":"https:\/\/stage.relevo.app\/wp-content\/uploads\/2022\/12\/Illustration_Verpackungsarten-12-768x651.png"},{"@type":"BreadcrumbList","@id":"https:\/\/relevo.app\/de\/app_ger_geschirrumgang\/#breadcrumb","itemListElement":[{"@type":"ListItem","position":1,"name":"Home","item":"https:\/\/relevo.app\/de\/"},{"@type":"ListItem","position":2,"name":"App_GER_Geschirrumgang"}]},{"@type":"WebSite","@id":"https:\/\/relevo.app\/de\/#website","url":"https:\/\/relevo.app\/de\/","name":"Relevo","description":"","potentialAction":[{"@type":"SearchAction","target":{"@type":"EntryPoint","urlTemplate":"https:\/\/relevo.app\/de\/?s={search_term_string}"},"query-input":{"@type":"PropertyValueSpecification","valueRequired":true,"valueName":"search_term_string"}}],"inLanguage":"de"}]}},"_links":{"self":[{"href":"https:\/\/relevo.app\/de\/wp-json\/wp\/v2\/pages\/43420","targetHints":{"allow":["GET"]}}],"collection":[{"href":"https:\/\/relevo.app\/de\/wp-json\/wp\/v2\/pages"}],"about":[{"href":"https:\/\/relevo.app\/de\/wp-json\/wp\/v2\/types\/page"}],"author":[{"embeddable":true,"href":"https:\/\/relevo.app\/de\/wp-json\/wp\/v2\/users\/1"}],"replies":[{"embeddable":true,"href":"https:\/\/relevo.app\/de\/wp-json\/wp\/v2\/comments?post=43420"}],"version-history":[{"count":4,"href":"https:\/\/relevo.app\/de\/wp-json\/wp\/v2\/pages\/43420\/revisions"}],"predecessor-version":[{"id":43424,"href":"https:\/\/relevo.app\/de\/wp-json\/wp\/v2\/pages\/43420\/revisions\/43424"}],"wp:attachment":[{"href":"https:\/\/relevo.app\/de\/wp-json\/wp\/v2\/media?parent=43420"}],"curies":[{"name":"wp","href":"https:\/\/api.w.org\/{rel}","templated":true}]}}