{"id":42920,"date":"2022-11-15T17:23:59","date_gmt":"2022-11-15T16:23:59","guid":{"rendered":"https:\/\/stage.relevo.app\/?page_id=42920"},"modified":"2024-03-12T11:48:58","modified_gmt":"2024-03-12T10:48:58","slug":"app_ger_praktikum","status":"publish","type":"page","link":"https:\/\/relevo.app\/de\/app_ger_praktikum\/","title":{"rendered":"App_GER_Praktikum"},"content":{"rendered":"\t\t<div data-elementor-type=\"wp-page\" data-elementor-id=\"42920\" class=\"elementor elementor-42920\" data-elementor-post-type=\"page\">\n\t\t\t\t\t\t<section class=\"elementor-section elementor-top-section elementor-element elementor-element-d3faaab elementor-section-boxed elementor-section-height-default elementor-section-height-default\" data-id=\"d3faaab\" data-element_type=\"section\" data-e-type=\"section\">\n\t\t\t\t\t\t<div class=\"elementor-container elementor-column-gap-default\">\n\t\t\t\t\t<div class=\"elementor-column elementor-col-100 elementor-top-column elementor-element elementor-element-f87883f\" data-id=\"f87883f\" data-element_type=\"column\" data-e-type=\"column\">\n\t\t\t<div class=\"elementor-widget-wrap elementor-element-populated\">\n\t\t\t\t\t\t<div class=\"elementor-element elementor-element-8d66f34 elementor-widget elementor-widget-image\" data-id=\"8d66f34\" data-element_type=\"widget\" data-e-type=\"widget\" data-widget_type=\"image.default\">\n\t\t\t\t<div class=\"elementor-widget-container\">\n\t\t\t\t\t\t\t\t\t\t\t\t\t\t\t<img fetchpriority=\"high\" decoding=\"async\" width=\"768\" height=\"768\" src=\"https:\/\/relevo.app\/wp-content\/uploads\/2022\/11\/Wir_suchen_dich-768x768.png\" class=\"attachment-medium_large size-medium_large wp-image-42922\" alt=\"Wir_suchen_dich\" srcset=\"https:\/\/relevo.app\/wp-content\/uploads\/2022\/11\/Wir_suchen_dich-768x768.png 768w, https:\/\/relevo.app\/wp-content\/uploads\/2022\/11\/Wir_suchen_dich-300x300.png 300w, https:\/\/relevo.app\/wp-content\/uploads\/2022\/11\/Wir_suchen_dich-1024x1024.png 1024w, https:\/\/relevo.app\/wp-content\/uploads\/2022\/11\/Wir_suchen_dich-150x150.png 150w, https:\/\/relevo.app\/wp-content\/uploads\/2022\/11\/Wir_suchen_dich-1536x1536.png 1536w, https:\/\/relevo.app\/wp-content\/uploads\/2022\/11\/Wir_suchen_dich.png 1667w\" sizes=\"(max-width: 768px) 100vw, 768px\" \/>\t\t\t\t\t\t\t\t\t\t\t\t\t\t\t<\/div>\n\t\t\t\t<\/div>\n\t\t\t\t<div class=\"elementor-element elementor-element-0265353 elementor-widget elementor-widget-text-editor\" data-id=\"0265353\" data-element_type=\"widget\" data-e-type=\"widget\" data-widget_type=\"text-editor.default\">\n\t\t\t\t<div class=\"elementor-widget-container\">\n\t\t\t\t\t\t\t\t\t<p><b>Hast du Lust, Teil von Relevo zu sein und den Weg f\u00fcr #mehrmehrweg zu ebnen?<\/b><\/p>\n<p>Dann ist das die perfekte Chance! Bewirb dich jetzt auf eine unserer spannenden Praktikumsstellen! Aktuell suchen wir smarte und innovative K\u00f6pfe in folgenden Bereichen:<\/p>\n<ul>\n<li aria-level=\"1\"><img decoding=\"async\" draggable=\"false\" role=\"img\" class=\"emoji\" alt=\"\ud83d\udcc8\" src=\"https:\/\/s.w.org\/images\/core\/emoji\/14.0.0\/svg\/1f4c8.svg\"> <a href=\"https:\/\/relevo.jobs.personio.de\/job\/781543?display=de\"><b>Key Account Management<\/b><\/a>: Du findest neue Partner, die Lust auf Mehrweg haben und bist Ansprechpartner f\u00fcr unsere Bestandskunden.<\/li>\n<li aria-level=\"1\"><img decoding=\"async\" draggable=\"false\" role=\"img\" class=\"emoji\" alt=\"\ud83e\udd1d\" src=\"https:\/\/s.w.org\/images\/core\/emoji\/14.0.0\/svg\/1f91d.svg\"> <a href=\"https:\/\/relevo.jobs.personio.de\/job\/781541?display=de\"><b>Partner Management<\/b><\/a>: Du unterst\u00fctzt den Ausbau unserer Vertriebspartnerschaften und st\u00e4rkst die Zusammenarbeit mit bestehenden Partnern.<\/li>\n<li aria-level=\"1\"><img decoding=\"async\" draggable=\"false\" role=\"img\" class=\"emoji\" alt=\"\ud83d\udcf1\" src=\"https:\/\/s.w.org\/images\/core\/emoji\/14.0.0\/svg\/1f4f1.svg\"> <a href=\"https:\/\/relevo.jobs.personio.de\/job\/781550?display=de\"><b>Product Management<\/b><\/a>: Du treibst unsere technische Produktentwicklung voran und optimierst das Usererlebnis f\u00fcr unsere Nutzer und Partner.<\/li>\n<li aria-level=\"1\"><img decoding=\"async\" draggable=\"false\" role=\"img\" class=\"emoji\" alt=\"\ud83e\udde1\" src=\"https:\/\/s.w.org\/images\/core\/emoji\/14.0.0\/svg\/1f9e1.svg\"> <a href=\"https:\/\/relevo.jobs.personio.de\/job\/683999?display=de\"><b>Success Management<\/b><\/a>: Du sorgst daf\u00fcr, dass unsere Bestandskunden gl\u00fccklich sind und leitest aus ihrem Feedback Optimierungsm\u00f6glichkeiten ab.<\/li>\n<li aria-level=\"1\"><img decoding=\"async\" draggable=\"false\" role=\"img\" class=\"emoji\" alt=\"\ud83d\udce6\" src=\"https:\/\/s.w.org\/images\/core\/emoji\/14.0.0\/svg\/1f4e6.svg\"> <a href=\"https:\/\/relevo.jobs.personio.de\/job\/769232?display=de\"><b>Supply Chain Management<\/b><\/a>: Du stellst sicher, dass unser Mehrweggeschirr sicher verpackt den richtigen Weg zum Partner findet.&nbsp;&nbsp;&nbsp; &nbsp;&nbsp;&nbsp;<\/li>\n<\/ul>\n<p>Du willst noch genauer wissen, wie ein Praktikum bei Relevo abl\u00e4uft? <a href=\"https:\/\/relevo.app\/meet_the_team_2\/\"><b>Hier<\/b><\/a> erz\u00e4hlt dir Caro von ihren sch\u00f6nsten Erlebnissen und Aufgaben bei Relevo <img decoding=\"async\" draggable=\"false\" role=\"img\" class=\"emoji\" alt=\"\u263a\ufe0f\" src=\"https:\/\/s.w.org\/images\/core\/emoji\/14.0.0\/svg\/263a.svg\">&nbsp;<\/p>\n<p>Wir freuen uns, von dir zu h\u00f6ren!&nbsp;&nbsp;&nbsp; &nbsp;&nbsp;&nbsp;<\/p>\n<p><\/p>\n<p><\/p>\t\t\t\t\t\t\t\t<\/div>\n\t\t\t\t<\/div>\n\t\t\t\t\t<\/div>\n\t\t<\/div>\n\t\t\t\t\t<\/div>\n\t\t<\/section>\n\t\t\t\t<section class=\"elementor-section elementor-top-section elementor-element elementor-element-7b90f9a elementor-section-boxed elementor-section-height-default elementor-section-height-default\" data-id=\"7b90f9a\" data-element_type=\"section\" data-e-type=\"section\">\n\t\t\t\t\t\t<div class=\"elementor-container elementor-column-gap-default\">\n\t\t\t\t\t<div class=\"elementor-column elementor-col-100 elementor-top-column elementor-element elementor-element-e4d4f0f\" data-id=\"e4d4f0f\" data-element_type=\"column\" data-e-type=\"column\">\n\t\t\t<div class=\"elementor-widget-wrap\">\n\t\t\t\t\t\t\t<\/div>\n\t\t<\/div>\n\t\t\t\t\t<\/div>\n\t\t<\/section>\n\t\t\t\t<\/div>\n\t\t","protected":false},"excerpt":{"rendered":"<p>Hast du Lust, Teil von Relevo zu sein und den Weg f\u00fcr #mehrmehrweg zu ebnen? Dann ist das die perfekte Chance! Bewirb dich jetzt auf eine unserer spannenden Praktikumsstellen! Aktuell suchen wir smarte und innovative K\u00f6pfe in folgenden Bereichen: Key Account Management: Du findest neue Partner, die Lust auf Mehrweg haben und bist Ansprechpartner f\u00fcr [&hellip;]<\/p>\n","protected":false},"author":1,"featured_media":0,"parent":0,"menu_order":0,"comment_status":"closed","ping_status":"closed","template":"elementor_canvas","meta":{"content-type":"","om_disable_all_campaigns":false,"footnotes":""},"class_list":["post-42920","page","type-page","status-publish","hentry"],"yoast_head":"<!-- This site is optimized with the Yoast SEO plugin v27.4 - https:\/\/yoast.com\/product\/yoast-seo-wordpress\/ -->\n<title>App_GER_Praktikum - Relevo<\/title>\n<meta name=\"robots\" content=\"noindex, follow\" \/>\n<meta property=\"og:locale\" content=\"de_DE\" \/>\n<meta property=\"og:type\" content=\"article\" \/>\n<meta property=\"og:title\" content=\"App_GER_Praktikum - Relevo\" \/>\n<meta property=\"og:description\" content=\"Hast du Lust, Teil von Relevo zu sein und den Weg f\u00fcr #mehrmehrweg zu ebnen? Dann ist das die perfekte Chance! Bewirb dich jetzt auf eine unserer spannenden Praktikumsstellen! Aktuell suchen wir smarte und innovative K\u00f6pfe in folgenden Bereichen: Key Account Management: Du findest neue Partner, die Lust auf Mehrweg haben und bist Ansprechpartner f\u00fcr [&hellip;]\" \/>\n<meta property=\"og:url\" content=\"https:\/\/relevo.app\/de\/app_ger_praktikum\/\" \/>\n<meta property=\"og:site_name\" content=\"Relevo\" \/>\n<meta property=\"article:modified_time\" content=\"2024-03-12T10:48:58+00:00\" \/>\n<meta property=\"og:image\" content=\"https:\/\/stage.relevo.app\/wp-content\/uploads\/2022\/11\/Wir_suchen_dich-768x768.png\" \/>\n<meta name=\"twitter:card\" content=\"summary_large_image\" \/>\n<meta name=\"twitter:label1\" content=\"Gesch\u00e4tzte Lesezeit\" \/>\n\t<meta name=\"twitter:data1\" content=\"3\u00a0Minuten\" \/>\n<script type=\"application\/ld+json\" class=\"yoast-schema-graph\">{\"@context\":\"https:\\\/\\\/schema.org\",\"@graph\":[{\"@type\":\"WebPage\",\"@id\":\"https:\\\/\\\/relevo.app\\\/de\\\/app_ger_praktikum\\\/\",\"url\":\"https:\\\/\\\/relevo.app\\\/de\\\/app_ger_praktikum\\\/\",\"name\":\"App_GER_Praktikum - Relevo\",\"isPartOf\":{\"@id\":\"https:\\\/\\\/relevo.app\\\/de\\\/#website\"},\"primaryImageOfPage\":{\"@id\":\"https:\\\/\\\/relevo.app\\\/de\\\/app_ger_praktikum\\\/#primaryimage\"},\"image\":{\"@id\":\"https:\\\/\\\/relevo.app\\\/de\\\/app_ger_praktikum\\\/#primaryimage\"},\"thumbnailUrl\":\"https:\\\/\\\/stage.relevo.app\\\/wp-content\\\/uploads\\\/2022\\\/11\\\/Wir_suchen_dich-768x768.png\",\"datePublished\":\"2022-11-15T16:23:59+00:00\",\"dateModified\":\"2024-03-12T10:48:58+00:00\",\"breadcrumb\":{\"@id\":\"https:\\\/\\\/relevo.app\\\/de\\\/app_ger_praktikum\\\/#breadcrumb\"},\"inLanguage\":\"de\",\"potentialAction\":[{\"@type\":\"ReadAction\",\"target\":[\"https:\\\/\\\/relevo.app\\\/de\\\/app_ger_praktikum\\\/\"]}]},{\"@type\":\"ImageObject\",\"inLanguage\":\"de\",\"@id\":\"https:\\\/\\\/relevo.app\\\/de\\\/app_ger_praktikum\\\/#primaryimage\",\"url\":\"https:\\\/\\\/stage.relevo.app\\\/wp-content\\\/uploads\\\/2022\\\/11\\\/Wir_suchen_dich-768x768.png\",\"contentUrl\":\"https:\\\/\\\/stage.relevo.app\\\/wp-content\\\/uploads\\\/2022\\\/11\\\/Wir_suchen_dich-768x768.png\"},{\"@type\":\"BreadcrumbList\",\"@id\":\"https:\\\/\\\/relevo.app\\\/de\\\/app_ger_praktikum\\\/#breadcrumb\",\"itemListElement\":[{\"@type\":\"ListItem\",\"position\":1,\"name\":\"Home\",\"item\":\"https:\\\/\\\/relevo.app\\\/de\\\/\"},{\"@type\":\"ListItem\",\"position\":2,\"name\":\"App_GER_Praktikum\"}]},{\"@type\":\"WebSite\",\"@id\":\"https:\\\/\\\/relevo.app\\\/de\\\/#website\",\"url\":\"https:\\\/\\\/relevo.app\\\/de\\\/\",\"name\":\"Relevo\",\"description\":\"\",\"potentialAction\":[{\"@type\":\"SearchAction\",\"target\":{\"@type\":\"EntryPoint\",\"urlTemplate\":\"https:\\\/\\\/relevo.app\\\/de\\\/?s={search_term_string}\"},\"query-input\":{\"@type\":\"PropertyValueSpecification\",\"valueRequired\":true,\"valueName\":\"search_term_string\"}}],\"inLanguage\":\"de\"}]}<\/script>\n<!-- \/ Yoast SEO plugin. -->","yoast_head_json":{"title":"App_GER_Praktikum - Relevo","robots":{"index":"noindex","follow":"follow"},"og_locale":"de_DE","og_type":"article","og_title":"App_GER_Praktikum - Relevo","og_description":"Hast du Lust, Teil von Relevo zu sein und den Weg f\u00fcr #mehrmehrweg zu ebnen? Dann ist das die perfekte Chance! Bewirb dich jetzt auf eine unserer spannenden Praktikumsstellen! Aktuell suchen wir smarte und innovative K\u00f6pfe in folgenden Bereichen: Key Account Management: Du findest neue Partner, die Lust auf Mehrweg haben und bist Ansprechpartner f\u00fcr [&hellip;]","og_url":"https:\/\/relevo.app\/de\/app_ger_praktikum\/","og_site_name":"Relevo","article_modified_time":"2024-03-12T10:48:58+00:00","og_image":[{"url":"https:\/\/stage.relevo.app\/wp-content\/uploads\/2022\/11\/Wir_suchen_dich-768x768.png","type":"","width":"","height":""}],"twitter_card":"summary_large_image","twitter_misc":{"Gesch\u00e4tzte Lesezeit":"3\u00a0Minuten"},"schema":{"@context":"https:\/\/schema.org","@graph":[{"@type":"WebPage","@id":"https:\/\/relevo.app\/de\/app_ger_praktikum\/","url":"https:\/\/relevo.app\/de\/app_ger_praktikum\/","name":"App_GER_Praktikum - Relevo","isPartOf":{"@id":"https:\/\/relevo.app\/de\/#website"},"primaryImageOfPage":{"@id":"https:\/\/relevo.app\/de\/app_ger_praktikum\/#primaryimage"},"image":{"@id":"https:\/\/relevo.app\/de\/app_ger_praktikum\/#primaryimage"},"thumbnailUrl":"https:\/\/stage.relevo.app\/wp-content\/uploads\/2022\/11\/Wir_suchen_dich-768x768.png","datePublished":"2022-11-15T16:23:59+00:00","dateModified":"2024-03-12T10:48:58+00:00","breadcrumb":{"@id":"https:\/\/relevo.app\/de\/app_ger_praktikum\/#breadcrumb"},"inLanguage":"de","potentialAction":[{"@type":"ReadAction","target":["https:\/\/relevo.app\/de\/app_ger_praktikum\/"]}]},{"@type":"ImageObject","inLanguage":"de","@id":"https:\/\/relevo.app\/de\/app_ger_praktikum\/#primaryimage","url":"https:\/\/stage.relevo.app\/wp-content\/uploads\/2022\/11\/Wir_suchen_dich-768x768.png","contentUrl":"https:\/\/stage.relevo.app\/wp-content\/uploads\/2022\/11\/Wir_suchen_dich-768x768.png"},{"@type":"BreadcrumbList","@id":"https:\/\/relevo.app\/de\/app_ger_praktikum\/#breadcrumb","itemListElement":[{"@type":"ListItem","position":1,"name":"Home","item":"https:\/\/relevo.app\/de\/"},{"@type":"ListItem","position":2,"name":"App_GER_Praktikum"}]},{"@type":"WebSite","@id":"https:\/\/relevo.app\/de\/#website","url":"https:\/\/relevo.app\/de\/","name":"Relevo","description":"","potentialAction":[{"@type":"SearchAction","target":{"@type":"EntryPoint","urlTemplate":"https:\/\/relevo.app\/de\/?s={search_term_string}"},"query-input":{"@type":"PropertyValueSpecification","valueRequired":true,"valueName":"search_term_string"}}],"inLanguage":"de"}]}},"_links":{"self":[{"href":"https:\/\/relevo.app\/de\/wp-json\/wp\/v2\/pages\/42920","targetHints":{"allow":["GET"]}}],"collection":[{"href":"https:\/\/relevo.app\/de\/wp-json\/wp\/v2\/pages"}],"about":[{"href":"https:\/\/relevo.app\/de\/wp-json\/wp\/v2\/types\/page"}],"author":[{"embeddable":true,"href":"https:\/\/relevo.app\/de\/wp-json\/wp\/v2\/users\/1"}],"replies":[{"embeddable":true,"href":"https:\/\/relevo.app\/de\/wp-json\/wp\/v2\/comments?post=42920"}],"version-history":[{"count":11,"href":"https:\/\/relevo.app\/de\/wp-json\/wp\/v2\/pages\/42920\/revisions"}],"predecessor-version":[{"id":42977,"href":"https:\/\/relevo.app\/de\/wp-json\/wp\/v2\/pages\/42920\/revisions\/42977"}],"wp:attachment":[{"href":"https:\/\/relevo.app\/de\/wp-json\/wp\/v2\/media?parent=42920"}],"curies":[{"name":"wp","href":"https:\/\/api.w.org\/{rel}","templated":true}]}}