{"id":42476,"date":"2022-11-03T11:22:12","date_gmt":"2022-11-03T10:22:12","guid":{"rendered":"https:\/\/stage.relevo.app\/?page_id=42476"},"modified":"2024-03-12T11:53:29","modified_gmt":"2024-03-12T10:53:29","slug":"app_ger_return","status":"publish","type":"page","link":"https:\/\/relevo.app\/de\/app_ger_return\/","title":{"rendered":"App_GER_Return"},"content":{"rendered":"\t\t<div data-elementor-type=\"wp-page\" data-elementor-id=\"42476\" class=\"elementor elementor-42476\" data-elementor-post-type=\"page\">\n\t\t\t\t\t\t<section class=\"elementor-section elementor-top-section elementor-element elementor-element-d3faaab elementor-section-boxed elementor-section-height-default elementor-section-height-default\" data-id=\"d3faaab\" data-element_type=\"section\" data-e-type=\"section\">\n\t\t\t\t\t\t<div class=\"elementor-container elementor-column-gap-default\">\n\t\t\t\t\t<div class=\"elementor-column elementor-col-100 elementor-top-column elementor-element elementor-element-f87883f\" data-id=\"f87883f\" data-element_type=\"column\" data-e-type=\"column\">\n\t\t\t<div class=\"elementor-widget-wrap elementor-element-populated\">\n\t\t\t\t\t\t<div class=\"elementor-element elementor-element-8d66f34 elementor-widget elementor-widget-image\" data-id=\"8d66f34\" data-element_type=\"widget\" data-e-type=\"widget\" data-widget_type=\"image.default\">\n\t\t\t\t<div class=\"elementor-widget-container\">\n\t\t\t\t\t\t\t\t\t\t\t\t\t\t\t<img fetchpriority=\"high\" decoding=\"async\" width=\"768\" height=\"647\" src=\"https:\/\/relevo.app\/wp-content\/uploads\/2022\/11\/Ruckgabe-768x647.png\" class=\"attachment-medium_large size-medium_large wp-image-42523\" alt=\"R\u00fcckgabe\" srcset=\"https:\/\/relevo.app\/wp-content\/uploads\/2022\/11\/Ruckgabe-768x647.png 768w, https:\/\/relevo.app\/wp-content\/uploads\/2022\/11\/Ruckgabe-300x253.png 300w, https:\/\/relevo.app\/wp-content\/uploads\/2022\/11\/Ruckgabe-1024x863.png 1024w, https:\/\/relevo.app\/wp-content\/uploads\/2022\/11\/Ruckgabe.png 1184w\" sizes=\"(max-width: 768px) 100vw, 768px\" \/>\t\t\t\t\t\t\t\t\t\t\t\t\t\t\t<\/div>\n\t\t\t\t<\/div>\n\t\t\t\t<div class=\"elementor-element elementor-element-0265353 elementor-widget elementor-widget-text-editor\" data-id=\"0265353\" data-element_type=\"widget\" data-e-type=\"widget\" data-widget_type=\"text-editor.default\">\n\t\t\t\t<div class=\"elementor-widget-container\">\n\t\t\t\t\t\t\t\t\t<p><b>So funktioniert die R\u00fcckgabe<\/b><\/p><p>Worst Case bei der R\u00fcckgabe? Mit dem Geschirrteil wieder weggeschickt zu werden! <img decoding=\"async\" class=\"emoji\" role=\"img\" draggable=\"false\" src=\"https:\/\/s.w.org\/images\/core\/emoji\/14.0.0\/svg\/1f623.svg\" alt=\"\ud83d\ude23\" \/> Dies kann zum Gl\u00fcck aber ganz einfach vermieden werden! <img decoding=\"async\" class=\"emoji\" role=\"img\" draggable=\"false\" src=\"https:\/\/s.w.org\/images\/core\/emoji\/14.0.0\/svg\/1f60e.svg\" alt=\"\ud83d\ude0e\" \/> Und so funktioniert\u2019s:\u00a0<\/p><p><img decoding=\"async\" class=\"emoji\" role=\"img\" draggable=\"false\" src=\"https:\/\/s.w.org\/images\/core\/emoji\/14.0.0\/svg\/2705.svg\" alt=\"\u2705\" \/> <b>Relevo Geschirr aus Kunststoff<\/b> kannst du bei <b>allen Relevo-Partnern<\/b> abgeben, die in der Karte mit einem Relevo-farbenen Pin gekennzeichnet sind. Hier ist ganz egal, welche Form du zur\u00fcckgeben m\u00f6chtest.\u00a0<\/p><p><img decoding=\"async\" class=\"emoji\" role=\"img\" draggable=\"false\" src=\"https:\/\/s.w.org\/images\/core\/emoji\/14.0.0\/svg\/26a0.svg\" alt=\"\u26a0\ufe0f\" \/> Bei <b>Glas<\/b> sowie <b>Sushi, Burger <\/b>und <b>Pizzaformen<\/b> informiere dich <b>vor der R\u00fcckgabe<\/b> kurz in der Relevo-Karte, welcher Gastro-Partner diese Formen anbietet und somit auch zur\u00fccknimmt.\u00a0<\/p><p>R\u00fcckgabem\u00f6glichkeiten in deiner N\u00e4he kannst du dir ganz einfach mittels <b>Filterfunktion in der Karte <\/b>anzeigen lassen. Klicke hierzu einfach oben in der Leiste auf \u201cAlle Relevo-Partner\u201d und filtere nach deiner gew\u00fcnschten Form.<\/p><p>Nun wunderst du dich vielleicht, wieso du nicht \u00fcberall dein Geschirr abgeben kannst <img decoding=\"async\" class=\"emoji\" role=\"img\" draggable=\"false\" src=\"https:\/\/s.w.org\/images\/core\/emoji\/14.0.0\/svg\/1f914.svg\" alt=\"\ud83e\udd14\" \/> Berechtigte Frage!<\/p><p><b>Hintergrund <\/b>ist, dass gastronomische Partner h\u00e4ufig nur begrenzt Lagerkapazit\u00e4t f\u00fcr das Geschirr haben. Aufgrund dessen ist es wichtig, dass sie nur das Geschirr erhalten, welches sie auch selbst wieder bef\u00fcllt mit eigenen Speisen ausgeben k\u00f6nnen <img decoding=\"async\" class=\"emoji\" role=\"img\" draggable=\"false\" src=\"https:\/\/s.w.org\/images\/core\/emoji\/14.0.0\/svg\/1f9d1-200d-1f373.svg\" alt=\"\ud83e\uddd1\u200d\ud83c\udf73\" \/> Auch aus <b>Nachhaltigkeitsaspekten <\/b>ist dies relevant! Steht das Mehrweggeschirr unbenutzt im Gastro-Betrieb, kann es nicht zirkulieren und somit auch keine Einwegverpackungen ersetzen <img decoding=\"async\" class=\"emoji\" role=\"img\" draggable=\"false\" src=\"https:\/\/s.w.org\/images\/core\/emoji\/14.0.0\/svg\/267b.svg\" alt=\"\u267b\ufe0f\" \/><\/p><p>Bei Fragen schreib uns gerne eine Nachricht an <a href=\"mailto:hallo@relevo.app\">hallo@relevo.app<\/a><\/p>\t\t\t\t\t\t\t\t<\/div>\n\t\t\t\t<\/div>\n\t\t\t\t\t<\/div>\n\t\t<\/div>\n\t\t\t\t\t<\/div>\n\t\t<\/section>\n\t\t\t\t<\/div>\n\t\t","protected":false},"excerpt":{"rendered":"<p>So funktioniert die R\u00fcckgabe Worst Case bei der R\u00fcckgabe? Mit dem Geschirrteil wieder weggeschickt zu werden! Dies kann zum Gl\u00fcck aber ganz einfach vermieden werden! Und so funktioniert\u2019s:\u00a0 Relevo Geschirr aus Kunststoff kannst du bei allen Relevo-Partnern abgeben, die in der Karte mit einem Relevo-farbenen Pin gekennzeichnet sind. Hier ist ganz egal, welche Form du [&hellip;]<\/p>\n","protected":false},"author":1,"featured_media":0,"parent":0,"menu_order":0,"comment_status":"closed","ping_status":"closed","template":"elementor_canvas","meta":{"content-type":"","om_disable_all_campaigns":false,"footnotes":""},"class_list":["post-42476","page","type-page","status-publish","hentry"],"yoast_head":"<!-- This site is optimized with the Yoast SEO plugin v27.3 - https:\/\/yoast.com\/product\/yoast-seo-wordpress\/ -->\n<title>App_GER_Return - Relevo<\/title>\n<meta name=\"robots\" content=\"noindex, follow\" \/>\n<meta property=\"og:locale\" content=\"de_DE\" \/>\n<meta property=\"og:type\" content=\"article\" \/>\n<meta property=\"og:title\" content=\"App_GER_Return - Relevo\" \/>\n<meta property=\"og:description\" content=\"So funktioniert die R\u00fcckgabe Worst Case bei der R\u00fcckgabe? Mit dem Geschirrteil wieder weggeschickt zu werden! Dies kann zum Gl\u00fcck aber ganz einfach vermieden werden! Und so funktioniert\u2019s:\u00a0 Relevo Geschirr aus Kunststoff kannst du bei allen Relevo-Partnern abgeben, die in der Karte mit einem Relevo-farbenen Pin gekennzeichnet sind. Hier ist ganz egal, welche Form du [&hellip;]\" \/>\n<meta property=\"og:url\" content=\"https:\/\/relevo.app\/de\/app_ger_return\/\" \/>\n<meta property=\"og:site_name\" content=\"Relevo\" \/>\n<meta property=\"article:modified_time\" content=\"2024-03-12T10:53:29+00:00\" \/>\n<meta property=\"og:image\" content=\"https:\/\/relevo.app\/wp-content\/uploads\/2022\/11\/Ruckgabe-768x647.png\" \/>\n<meta name=\"twitter:card\" content=\"summary_large_image\" \/>\n<meta name=\"twitter:label1\" content=\"Gesch\u00e4tzte Lesezeit\" \/>\n\t<meta name=\"twitter:data1\" content=\"3\u00a0Minuten\" \/>\n<script type=\"application\/ld+json\" class=\"yoast-schema-graph\">{\"@context\":\"https:\\\/\\\/schema.org\",\"@graph\":[{\"@type\":\"WebPage\",\"@id\":\"https:\\\/\\\/relevo.app\\\/de\\\/app_ger_return\\\/\",\"url\":\"https:\\\/\\\/relevo.app\\\/de\\\/app_ger_return\\\/\",\"name\":\"App_GER_Return - Relevo\",\"isPartOf\":{\"@id\":\"https:\\\/\\\/relevo.app\\\/de\\\/#website\"},\"primaryImageOfPage\":{\"@id\":\"https:\\\/\\\/relevo.app\\\/de\\\/app_ger_return\\\/#primaryimage\"},\"image\":{\"@id\":\"https:\\\/\\\/relevo.app\\\/de\\\/app_ger_return\\\/#primaryimage\"},\"thumbnailUrl\":\"https:\\\/\\\/relevo.app\\\/wp-content\\\/uploads\\\/2022\\\/11\\\/Ruckgabe-768x647.png\",\"datePublished\":\"2022-11-03T10:22:12+00:00\",\"dateModified\":\"2024-03-12T10:53:29+00:00\",\"breadcrumb\":{\"@id\":\"https:\\\/\\\/relevo.app\\\/de\\\/app_ger_return\\\/#breadcrumb\"},\"inLanguage\":\"de\",\"potentialAction\":[{\"@type\":\"ReadAction\",\"target\":[\"https:\\\/\\\/relevo.app\\\/de\\\/app_ger_return\\\/\"]}]},{\"@type\":\"ImageObject\",\"inLanguage\":\"de\",\"@id\":\"https:\\\/\\\/relevo.app\\\/de\\\/app_ger_return\\\/#primaryimage\",\"url\":\"https:\\\/\\\/relevo.app\\\/wp-content\\\/uploads\\\/2022\\\/11\\\/Ruckgabe-768x647.png\",\"contentUrl\":\"https:\\\/\\\/relevo.app\\\/wp-content\\\/uploads\\\/2022\\\/11\\\/Ruckgabe-768x647.png\"},{\"@type\":\"BreadcrumbList\",\"@id\":\"https:\\\/\\\/relevo.app\\\/de\\\/app_ger_return\\\/#breadcrumb\",\"itemListElement\":[{\"@type\":\"ListItem\",\"position\":1,\"name\":\"Home\",\"item\":\"https:\\\/\\\/relevo.app\\\/de\\\/\"},{\"@type\":\"ListItem\",\"position\":2,\"name\":\"App_GER_Return\"}]},{\"@type\":\"WebSite\",\"@id\":\"https:\\\/\\\/relevo.app\\\/de\\\/#website\",\"url\":\"https:\\\/\\\/relevo.app\\\/de\\\/\",\"name\":\"Relevo\",\"description\":\"\",\"potentialAction\":[{\"@type\":\"SearchAction\",\"target\":{\"@type\":\"EntryPoint\",\"urlTemplate\":\"https:\\\/\\\/relevo.app\\\/de\\\/?s={search_term_string}\"},\"query-input\":{\"@type\":\"PropertyValueSpecification\",\"valueRequired\":true,\"valueName\":\"search_term_string\"}}],\"inLanguage\":\"de\"}]}<\/script>\n<!-- \/ Yoast SEO plugin. -->","yoast_head_json":{"title":"App_GER_Return - Relevo","robots":{"index":"noindex","follow":"follow"},"og_locale":"de_DE","og_type":"article","og_title":"App_GER_Return - Relevo","og_description":"So funktioniert die R\u00fcckgabe Worst Case bei der R\u00fcckgabe? Mit dem Geschirrteil wieder weggeschickt zu werden! Dies kann zum Gl\u00fcck aber ganz einfach vermieden werden! Und so funktioniert\u2019s:\u00a0 Relevo Geschirr aus Kunststoff kannst du bei allen Relevo-Partnern abgeben, die in der Karte mit einem Relevo-farbenen Pin gekennzeichnet sind. Hier ist ganz egal, welche Form du [&hellip;]","og_url":"https:\/\/relevo.app\/de\/app_ger_return\/","og_site_name":"Relevo","article_modified_time":"2024-03-12T10:53:29+00:00","og_image":[{"url":"https:\/\/relevo.app\/wp-content\/uploads\/2022\/11\/Ruckgabe-768x647.png","type":"","width":"","height":""}],"twitter_card":"summary_large_image","twitter_misc":{"Gesch\u00e4tzte Lesezeit":"3\u00a0Minuten"},"schema":{"@context":"https:\/\/schema.org","@graph":[{"@type":"WebPage","@id":"https:\/\/relevo.app\/de\/app_ger_return\/","url":"https:\/\/relevo.app\/de\/app_ger_return\/","name":"App_GER_Return - Relevo","isPartOf":{"@id":"https:\/\/relevo.app\/de\/#website"},"primaryImageOfPage":{"@id":"https:\/\/relevo.app\/de\/app_ger_return\/#primaryimage"},"image":{"@id":"https:\/\/relevo.app\/de\/app_ger_return\/#primaryimage"},"thumbnailUrl":"https:\/\/relevo.app\/wp-content\/uploads\/2022\/11\/Ruckgabe-768x647.png","datePublished":"2022-11-03T10:22:12+00:00","dateModified":"2024-03-12T10:53:29+00:00","breadcrumb":{"@id":"https:\/\/relevo.app\/de\/app_ger_return\/#breadcrumb"},"inLanguage":"de","potentialAction":[{"@type":"ReadAction","target":["https:\/\/relevo.app\/de\/app_ger_return\/"]}]},{"@type":"ImageObject","inLanguage":"de","@id":"https:\/\/relevo.app\/de\/app_ger_return\/#primaryimage","url":"https:\/\/relevo.app\/wp-content\/uploads\/2022\/11\/Ruckgabe-768x647.png","contentUrl":"https:\/\/relevo.app\/wp-content\/uploads\/2022\/11\/Ruckgabe-768x647.png"},{"@type":"BreadcrumbList","@id":"https:\/\/relevo.app\/de\/app_ger_return\/#breadcrumb","itemListElement":[{"@type":"ListItem","position":1,"name":"Home","item":"https:\/\/relevo.app\/de\/"},{"@type":"ListItem","position":2,"name":"App_GER_Return"}]},{"@type":"WebSite","@id":"https:\/\/relevo.app\/de\/#website","url":"https:\/\/relevo.app\/de\/","name":"Relevo","description":"","potentialAction":[{"@type":"SearchAction","target":{"@type":"EntryPoint","urlTemplate":"https:\/\/relevo.app\/de\/?s={search_term_string}"},"query-input":{"@type":"PropertyValueSpecification","valueRequired":true,"valueName":"search_term_string"}}],"inLanguage":"de"}]}},"_links":{"self":[{"href":"https:\/\/relevo.app\/de\/wp-json\/wp\/v2\/pages\/42476","targetHints":{"allow":["GET"]}}],"collection":[{"href":"https:\/\/relevo.app\/de\/wp-json\/wp\/v2\/pages"}],"about":[{"href":"https:\/\/relevo.app\/de\/wp-json\/wp\/v2\/types\/page"}],"author":[{"embeddable":true,"href":"https:\/\/relevo.app\/de\/wp-json\/wp\/v2\/users\/1"}],"replies":[{"embeddable":true,"href":"https:\/\/relevo.app\/de\/wp-json\/wp\/v2\/comments?post=42476"}],"version-history":[{"count":21,"href":"https:\/\/relevo.app\/de\/wp-json\/wp\/v2\/pages\/42476\/revisions"}],"predecessor-version":[{"id":82838,"href":"https:\/\/relevo.app\/de\/wp-json\/wp\/v2\/pages\/42476\/revisions\/82838"}],"wp:attachment":[{"href":"https:\/\/relevo.app\/de\/wp-json\/wp\/v2\/media?parent=42476"}],"curies":[{"name":"wp","href":"https:\/\/api.w.org\/{rel}","templated":true}]}}