{"id":42033,"date":"2022-10-20T19:18:19","date_gmt":"2022-10-20T18:18:19","guid":{"rendered":"https:\/\/stage.relevo.app\/?page_id=42033"},"modified":"2024-03-12T11:47:29","modified_gmt":"2024-03-12T10:47:29","slug":"app_ger_lieferdienste","status":"publish","type":"page","link":"https:\/\/relevo.app\/de\/app_ger_lieferdienste\/","title":{"rendered":"App_GER_Lieferdienste"},"content":{"rendered":"\t\t<div data-elementor-type=\"wp-page\" data-elementor-id=\"42033\" class=\"elementor elementor-42033\" data-elementor-post-type=\"page\">\n\t\t\t\t\t\t<section class=\"elementor-section elementor-top-section elementor-element elementor-element-d3faaab elementor-section-boxed elementor-section-height-default elementor-section-height-default\" data-id=\"d3faaab\" data-element_type=\"section\" data-e-type=\"section\">\n\t\t\t\t\t\t<div class=\"elementor-container elementor-column-gap-default\">\n\t\t\t\t\t<div class=\"elementor-column elementor-col-100 elementor-top-column elementor-element elementor-element-f87883f\" data-id=\"f87883f\" data-element_type=\"column\" data-e-type=\"column\">\n\t\t\t<div class=\"elementor-widget-wrap elementor-element-populated\">\n\t\t\t\t\t\t<div class=\"elementor-element elementor-element-8d66f34 elementor-widget elementor-widget-image\" data-id=\"8d66f34\" data-element_type=\"widget\" data-e-type=\"widget\" data-widget_type=\"image.default\">\n\t\t\t\t<div class=\"elementor-widget-container\">\n\t\t\t\t\t\t\t\t\t\t\t\t\t\t\t<img fetchpriority=\"high\" decoding=\"async\" width=\"768\" height=\"734\" src=\"https:\/\/relevo.app\/wp-content\/uploads\/2022\/10\/Relevo_Lieferung-768x734.png\" class=\"attachment-medium_large size-medium_large wp-image-42026\" alt=\"Relevo_Lieferung\" srcset=\"https:\/\/relevo.app\/wp-content\/uploads\/2022\/10\/Relevo_Lieferung-768x734.png 768w, https:\/\/relevo.app\/wp-content\/uploads\/2022\/10\/Relevo_Lieferung-300x287.png 300w, https:\/\/relevo.app\/wp-content\/uploads\/2022\/10\/Relevo_Lieferung-1024x979.png 1024w, https:\/\/relevo.app\/wp-content\/uploads\/2022\/10\/Relevo_Lieferung-1536x1468.png 1536w, https:\/\/relevo.app\/wp-content\/uploads\/2022\/10\/Relevo_Lieferung-600x573.png 600w, https:\/\/relevo.app\/wp-content\/uploads\/2022\/10\/Relevo_Lieferung.png 1875w\" sizes=\"(max-width: 768px) 100vw, 768px\" \/>\t\t\t\t\t\t\t\t\t\t\t\t\t\t\t<\/div>\n\t\t\t\t<\/div>\n\t\t\t\t<div class=\"elementor-element elementor-element-0265353 elementor-widget elementor-widget-text-editor\" data-id=\"0265353\" data-element_type=\"widget\" data-e-type=\"widget\" data-widget_type=\"text-editor.default\">\n\t\t\t\t<div class=\"elementor-widget-container\">\n\t\t\t\t\t\t\t\t\t<p><b>Essen in Mehrweg liefern lassen &#8211; so funktioniert es!\u00a0<\/b><\/p><p>Dein Abendessen in Mehrweg kannst du auch ganz einfach von der Couch aus zu dir nach Hause liefern lassen! \ud83d\udecb\ufe0f M\u00f6glich ist dies \u00fcber die Lieferservices Lieferando, Wolt und Uber Eats. Du wei\u00dft nicht, wie es funktioniert? \ud83e\udd14 Kein Problem, wir erkl\u00e4ren dir in wenigen Schritten, wie es geht!<\/p><p>\u00a0<\/p><p><b>Ein Relevo-Restaurant finden\u00a0<\/b><\/p><p>Bei Lieferando, Wolt und Uber Eats kannst du ganz einfach in der <b>Suchleiste <\/b>\u201cRelevo\u201d eingeben und dir Relevo-Partner in deiner N\u00e4he anzeigen lassen \ud83d\udd0e\u00a0Wolt bietet zus\u00e4tzlich noch die Rubrik \u201cMehrwegverpackungen\u201d an, in der alle Restaurants mit Mehrwegalternative in deiner Umgebung aufgelistet sind.\u00a0<\/p><p>\u00a0<\/p><p><b>Essen in einer Relevo bestellen<\/b><\/p><p>Um dein Essen in einer Relevo geliefert zu bekommen, gehe in die <b>Relevo-App<\/b> unter \u201cMehr\u201d \u2192 \u201cMein Profil\u201d und kopiere deine <b>User-ID<\/b>, die du oben links findest. Nun lege bei deiner Bestellung in der <b>App des Lieferservices <\/b>das Relevo-Geschirr als weiteres kostenloses Produkt in den Warenkorb. Kopiere am Ende des Bestellvorgangs deine <b>User-ID <\/b>in das <b>Kommentarfeld<\/b>.\u00a0<\/p><p><b>Achtung\ud83d\udca1 <\/b>Nur wenn der Gastro-Partner deine User-ID hat, kann er deine Bestellung in Mehrweg verpacken!<\/p><p>\u00a0<\/p><p><b>Essen in einer Relevo geliefert bekommen<\/b><\/p><p>Sobald das Restaurant deine Bestellung gesehen und verpackt hat, bekommst du eine <b>Benachrichtigung von Relevo<\/b> \ud83d\udcec In dieser erf\u00e4hrst du, was der n\u00e4chste Schritt ist.\u00a0<\/p><p><b>Variante A<\/b>: <i>Du musst gar nichts tun! <\/i>\ud83c\udf89 Steht in der Benachrichtigung, dass dir eine Relevo zugeordnet wurde, kannst du dich zur\u00fccklehnen und musst bei der Annahme deiner Bestellung nichts mehr tun.\u00a0<\/p><p><b>Variante B<\/b>: <i>Einmal scannen, bitte! <\/i>\ud83d\udcf1 Scanne einfach nach Erhalt deiner Bestellung das Geschirr mit deiner Relevo-App, damit es deinem Account zugeordnet ist. Fertig! <b>Achtung\ud83d\udca1<\/b>Ohne vorheriges Einscannen ist eine R\u00fcckgabe <b>nicht <\/b>m\u00f6glich.<\/p><p>\u00a0<\/p><p><b>R\u00fcckgabe<\/b><\/p><p>Der R\u00fcckgabeprozess l\u00e4uft wie gewohnt ab. Du hast 14 Tage Zeit, das Geschirr bei einem gastronomischen Partner deiner Wahl abzugeben. Bitte denke daran, das Geschirr ab Tag zwei deiner Ausleihe kurz zu reinigen.\u00a0<\/p><p>\u00a0<\/p><p>Viel Spa\u00df mit deiner m\u00fcllfreien Bestellung! \ud83e\udd57<\/p><p>\u00a0<\/p><p>\u00a0<\/p><p>\u00a0<\/p>\t\t\t\t\t\t\t\t<\/div>\n\t\t\t\t<\/div>\n\t\t\t\t\t<\/div>\n\t\t<\/div>\n\t\t\t\t\t<\/div>\n\t\t<\/section>\n\t\t\t\t<section class=\"elementor-section elementor-top-section elementor-element elementor-element-7b90f9a elementor-section-boxed elementor-section-height-default elementor-section-height-default\" data-id=\"7b90f9a\" data-element_type=\"section\" data-e-type=\"section\">\n\t\t\t\t\t\t<div class=\"elementor-container elementor-column-gap-default\">\n\t\t\t\t\t<div class=\"elementor-column elementor-col-100 elementor-top-column elementor-element elementor-element-e4d4f0f\" data-id=\"e4d4f0f\" data-element_type=\"column\" data-e-type=\"column\">\n\t\t\t<div class=\"elementor-widget-wrap\">\n\t\t\t\t\t\t\t<\/div>\n\t\t<\/div>\n\t\t\t\t\t<\/div>\n\t\t<\/section>\n\t\t\t\t<\/div>\n\t\t","protected":false},"excerpt":{"rendered":"<p>Essen in Mehrweg liefern lassen &#8211; so funktioniert es!\u00a0 Dein Abendessen in Mehrweg kannst du auch ganz einfach von der Couch aus zu dir nach Hause liefern lassen! \ud83d\udecb\ufe0f M\u00f6glich ist dies \u00fcber die Lieferservices Lieferando, Wolt und Uber Eats. Du wei\u00dft nicht, wie es funktioniert? \ud83e\udd14 Kein Problem, wir erkl\u00e4ren dir in wenigen Schritten, [&hellip;]<\/p>\n","protected":false},"author":1,"featured_media":0,"parent":0,"menu_order":0,"comment_status":"closed","ping_status":"closed","template":"elementor_canvas","meta":{"content-type":"","om_disable_all_campaigns":false,"footnotes":""},"class_list":["post-42033","page","type-page","status-publish","hentry"],"yoast_head":"<!-- This site is optimized with the Yoast SEO plugin v27.3 - https:\/\/yoast.com\/product\/yoast-seo-wordpress\/ -->\n<title>App_GER_Lieferdienste - Relevo<\/title>\n<meta name=\"robots\" content=\"noindex, follow\" \/>\n<meta property=\"og:locale\" content=\"de_DE\" \/>\n<meta property=\"og:type\" content=\"article\" \/>\n<meta property=\"og:title\" content=\"App_GER_Lieferdienste - Relevo\" \/>\n<meta property=\"og:description\" content=\"Essen in Mehrweg liefern lassen &#8211; so funktioniert es!\u00a0 Dein Abendessen in Mehrweg kannst du auch ganz einfach von der Couch aus zu dir nach Hause liefern lassen! \ud83d\udecb\ufe0f M\u00f6glich ist dies \u00fcber die Lieferservices Lieferando, Wolt und Uber Eats. Du wei\u00dft nicht, wie es funktioniert? \ud83e\udd14 Kein Problem, wir erkl\u00e4ren dir in wenigen Schritten, [&hellip;]\" \/>\n<meta property=\"og:url\" content=\"https:\/\/relevo.app\/de\/app_ger_lieferdienste\/\" \/>\n<meta property=\"og:site_name\" content=\"Relevo\" \/>\n<meta property=\"article:modified_time\" content=\"2024-03-12T10:47:29+00:00\" \/>\n<meta property=\"og:image\" content=\"https:\/\/stage.relevo.app\/wp-content\/uploads\/2022\/10\/Relevo_Lieferung-768x734.png\" \/>\n<meta name=\"twitter:card\" content=\"summary_large_image\" \/>\n<meta name=\"twitter:label1\" content=\"Gesch\u00e4tzte Lesezeit\" \/>\n\t<meta name=\"twitter:data1\" content=\"2\u00a0Minuten\" \/>\n<script type=\"application\/ld+json\" class=\"yoast-schema-graph\">{\"@context\":\"https:\\\/\\\/schema.org\",\"@graph\":[{\"@type\":\"WebPage\",\"@id\":\"https:\\\/\\\/relevo.app\\\/de\\\/app_ger_lieferdienste\\\/\",\"url\":\"https:\\\/\\\/relevo.app\\\/de\\\/app_ger_lieferdienste\\\/\",\"name\":\"App_GER_Lieferdienste - Relevo\",\"isPartOf\":{\"@id\":\"https:\\\/\\\/relevo.app\\\/de\\\/#website\"},\"primaryImageOfPage\":{\"@id\":\"https:\\\/\\\/relevo.app\\\/de\\\/app_ger_lieferdienste\\\/#primaryimage\"},\"image\":{\"@id\":\"https:\\\/\\\/relevo.app\\\/de\\\/app_ger_lieferdienste\\\/#primaryimage\"},\"thumbnailUrl\":\"https:\\\/\\\/stage.relevo.app\\\/wp-content\\\/uploads\\\/2022\\\/10\\\/Relevo_Lieferung-768x734.png\",\"datePublished\":\"2022-10-20T18:18:19+00:00\",\"dateModified\":\"2024-03-12T10:47:29+00:00\",\"breadcrumb\":{\"@id\":\"https:\\\/\\\/relevo.app\\\/de\\\/app_ger_lieferdienste\\\/#breadcrumb\"},\"inLanguage\":\"de\",\"potentialAction\":[{\"@type\":\"ReadAction\",\"target\":[\"https:\\\/\\\/relevo.app\\\/de\\\/app_ger_lieferdienste\\\/\"]}]},{\"@type\":\"ImageObject\",\"inLanguage\":\"de\",\"@id\":\"https:\\\/\\\/relevo.app\\\/de\\\/app_ger_lieferdienste\\\/#primaryimage\",\"url\":\"https:\\\/\\\/stage.relevo.app\\\/wp-content\\\/uploads\\\/2022\\\/10\\\/Relevo_Lieferung-768x734.png\",\"contentUrl\":\"https:\\\/\\\/stage.relevo.app\\\/wp-content\\\/uploads\\\/2022\\\/10\\\/Relevo_Lieferung-768x734.png\"},{\"@type\":\"BreadcrumbList\",\"@id\":\"https:\\\/\\\/relevo.app\\\/de\\\/app_ger_lieferdienste\\\/#breadcrumb\",\"itemListElement\":[{\"@type\":\"ListItem\",\"position\":1,\"name\":\"Home\",\"item\":\"https:\\\/\\\/relevo.app\\\/de\\\/\"},{\"@type\":\"ListItem\",\"position\":2,\"name\":\"App_GER_Lieferdienste\"}]},{\"@type\":\"WebSite\",\"@id\":\"https:\\\/\\\/relevo.app\\\/de\\\/#website\",\"url\":\"https:\\\/\\\/relevo.app\\\/de\\\/\",\"name\":\"Relevo\",\"description\":\"\",\"potentialAction\":[{\"@type\":\"SearchAction\",\"target\":{\"@type\":\"EntryPoint\",\"urlTemplate\":\"https:\\\/\\\/relevo.app\\\/de\\\/?s={search_term_string}\"},\"query-input\":{\"@type\":\"PropertyValueSpecification\",\"valueRequired\":true,\"valueName\":\"search_term_string\"}}],\"inLanguage\":\"de\"}]}<\/script>\n<!-- \/ Yoast SEO plugin. -->","yoast_head_json":{"title":"App_GER_Lieferdienste - Relevo","robots":{"index":"noindex","follow":"follow"},"og_locale":"de_DE","og_type":"article","og_title":"App_GER_Lieferdienste - Relevo","og_description":"Essen in Mehrweg liefern lassen &#8211; so funktioniert es!\u00a0 Dein Abendessen in Mehrweg kannst du auch ganz einfach von der Couch aus zu dir nach Hause liefern lassen! \ud83d\udecb\ufe0f M\u00f6glich ist dies \u00fcber die Lieferservices Lieferando, Wolt und Uber Eats. Du wei\u00dft nicht, wie es funktioniert? \ud83e\udd14 Kein Problem, wir erkl\u00e4ren dir in wenigen Schritten, [&hellip;]","og_url":"https:\/\/relevo.app\/de\/app_ger_lieferdienste\/","og_site_name":"Relevo","article_modified_time":"2024-03-12T10:47:29+00:00","og_image":[{"url":"https:\/\/stage.relevo.app\/wp-content\/uploads\/2022\/10\/Relevo_Lieferung-768x734.png","type":"","width":"","height":""}],"twitter_card":"summary_large_image","twitter_misc":{"Gesch\u00e4tzte Lesezeit":"2\u00a0Minuten"},"schema":{"@context":"https:\/\/schema.org","@graph":[{"@type":"WebPage","@id":"https:\/\/relevo.app\/de\/app_ger_lieferdienste\/","url":"https:\/\/relevo.app\/de\/app_ger_lieferdienste\/","name":"App_GER_Lieferdienste - Relevo","isPartOf":{"@id":"https:\/\/relevo.app\/de\/#website"},"primaryImageOfPage":{"@id":"https:\/\/relevo.app\/de\/app_ger_lieferdienste\/#primaryimage"},"image":{"@id":"https:\/\/relevo.app\/de\/app_ger_lieferdienste\/#primaryimage"},"thumbnailUrl":"https:\/\/stage.relevo.app\/wp-content\/uploads\/2022\/10\/Relevo_Lieferung-768x734.png","datePublished":"2022-10-20T18:18:19+00:00","dateModified":"2024-03-12T10:47:29+00:00","breadcrumb":{"@id":"https:\/\/relevo.app\/de\/app_ger_lieferdienste\/#breadcrumb"},"inLanguage":"de","potentialAction":[{"@type":"ReadAction","target":["https:\/\/relevo.app\/de\/app_ger_lieferdienste\/"]}]},{"@type":"ImageObject","inLanguage":"de","@id":"https:\/\/relevo.app\/de\/app_ger_lieferdienste\/#primaryimage","url":"https:\/\/stage.relevo.app\/wp-content\/uploads\/2022\/10\/Relevo_Lieferung-768x734.png","contentUrl":"https:\/\/stage.relevo.app\/wp-content\/uploads\/2022\/10\/Relevo_Lieferung-768x734.png"},{"@type":"BreadcrumbList","@id":"https:\/\/relevo.app\/de\/app_ger_lieferdienste\/#breadcrumb","itemListElement":[{"@type":"ListItem","position":1,"name":"Home","item":"https:\/\/relevo.app\/de\/"},{"@type":"ListItem","position":2,"name":"App_GER_Lieferdienste"}]},{"@type":"WebSite","@id":"https:\/\/relevo.app\/de\/#website","url":"https:\/\/relevo.app\/de\/","name":"Relevo","description":"","potentialAction":[{"@type":"SearchAction","target":{"@type":"EntryPoint","urlTemplate":"https:\/\/relevo.app\/de\/?s={search_term_string}"},"query-input":{"@type":"PropertyValueSpecification","valueRequired":true,"valueName":"search_term_string"}}],"inLanguage":"de"}]}},"_links":{"self":[{"href":"https:\/\/relevo.app\/de\/wp-json\/wp\/v2\/pages\/42033","targetHints":{"allow":["GET"]}}],"collection":[{"href":"https:\/\/relevo.app\/de\/wp-json\/wp\/v2\/pages"}],"about":[{"href":"https:\/\/relevo.app\/de\/wp-json\/wp\/v2\/types\/page"}],"author":[{"embeddable":true,"href":"https:\/\/relevo.app\/de\/wp-json\/wp\/v2\/users\/1"}],"replies":[{"embeddable":true,"href":"https:\/\/relevo.app\/de\/wp-json\/wp\/v2\/comments?post=42033"}],"version-history":[{"count":4,"href":"https:\/\/relevo.app\/de\/wp-json\/wp\/v2\/pages\/42033\/revisions"}],"predecessor-version":[{"id":42037,"href":"https:\/\/relevo.app\/de\/wp-json\/wp\/v2\/pages\/42033\/revisions\/42037"}],"wp:attachment":[{"href":"https:\/\/relevo.app\/de\/wp-json\/wp\/v2\/media?parent=42033"}],"curies":[{"name":"wp","href":"https:\/\/api.w.org\/{rel}","templated":true}]}}