{"id":41648,"date":"2022-10-07T09:47:59","date_gmt":"2022-10-07T08:47:59","guid":{"rendered":"https:\/\/stage.relevo.app\/?page_id=41648"},"modified":"2024-03-12T11:53:45","modified_gmt":"2024-03-12T10:53:45","slug":"app_ger_sushi_burger","status":"publish","type":"page","link":"https:\/\/relevo.app\/de\/app_ger_sushi_burger\/","title":{"rendered":"App_GER_Sushi&#038;Burger"},"content":{"rendered":"\t\t<div data-elementor-type=\"wp-page\" data-elementor-id=\"41648\" class=\"elementor elementor-41648\" data-elementor-post-type=\"page\">\n\t\t\t\t\t\t<section class=\"elementor-section elementor-top-section elementor-element elementor-element-d3faaab elementor-section-boxed elementor-section-height-default elementor-section-height-default\" data-id=\"d3faaab\" data-element_type=\"section\" data-e-type=\"section\">\n\t\t\t\t\t\t<div class=\"elementor-container elementor-column-gap-default\">\n\t\t\t\t\t<div class=\"elementor-column elementor-col-100 elementor-top-column elementor-element elementor-element-f87883f\" data-id=\"f87883f\" data-element_type=\"column\" data-e-type=\"column\">\n\t\t\t<div class=\"elementor-widget-wrap elementor-element-populated\">\n\t\t\t\t\t\t<div class=\"elementor-element elementor-element-8d66f34 elementor-widget elementor-widget-image\" data-id=\"8d66f34\" data-element_type=\"widget\" data-e-type=\"widget\" data-widget_type=\"image.default\">\n\t\t\t\t<div class=\"elementor-widget-container\">\n\t\t\t\t\t\t\t\t\t\t\t\t\t\t\t<img fetchpriority=\"high\" decoding=\"async\" width=\"768\" height=\"560\" src=\"https:\/\/relevo.app\/wp-content\/uploads\/2022\/10\/Relevo-Mehrweggeschirr-768x560.jpg\" class=\"attachment-medium_large size-medium_large wp-image-41650\" alt=\"Relevo Mehrweggeschirr\" srcset=\"https:\/\/relevo.app\/wp-content\/uploads\/2022\/10\/Relevo-Mehrweggeschirr-768x560.jpg 768w, https:\/\/relevo.app\/wp-content\/uploads\/2022\/10\/Relevo-Mehrweggeschirr-300x219.jpg 300w, https:\/\/relevo.app\/wp-content\/uploads\/2022\/10\/Relevo-Mehrweggeschirr-1024x747.jpg 1024w, https:\/\/relevo.app\/wp-content\/uploads\/2022\/10\/Relevo-Mehrweggeschirr-600x438.jpg 600w, https:\/\/relevo.app\/wp-content\/uploads\/2022\/10\/Relevo-Mehrweggeschirr.jpg 1050w\" sizes=\"(max-width: 768px) 100vw, 768px\" \/>\t\t\t\t\t\t\t\t\t\t\t\t\t\t\t<\/div>\n\t\t\t\t<\/div>\n\t\t\t\t<div class=\"elementor-element elementor-element-0265353 elementor-widget elementor-widget-text-editor\" data-id=\"0265353\" data-element_type=\"widget\" data-e-type=\"widget\" data-widget_type=\"text-editor.default\">\n\t\t\t\t<div class=\"elementor-widget-container\">\n\t\t\t\t\t\t\t\t\t<p><b>Jetzt auch Burger und Sushi M\u00fcllfrei genie\u00dfen!<\/b><\/p><p>Es bleibt nicht nur bei Pizza in Mehrweg! <img decoding=\"async\" class=\"emoji\" role=\"img\" draggable=\"false\" src=\"https:\/\/s.w.org\/images\/core\/emoji\/14.0.0\/svg\/1f941.svg\" alt=\"\ud83e\udd41\" \/> Ihr habt euch gew\u00fcnscht, noch mehr Speisen to-go m\u00fcllfrei genie\u00dfen zu k\u00f6nnen und nun ist es soweit! Ab sofort bieten wir unseren gastronomischen Partnern auch Mehrwegboxen f\u00fcr Sushi <img decoding=\"async\" class=\"emoji\" role=\"img\" draggable=\"false\" src=\"https:\/\/s.w.org\/images\/core\/emoji\/14.0.0\/svg\/1f363.svg\" alt=\"\ud83c\udf63\" \/> und Burger an <img decoding=\"async\" class=\"emoji\" role=\"img\" draggable=\"false\" src=\"https:\/\/s.w.org\/images\/core\/emoji\/14.0.0\/svg\/1f354.svg\" alt=\"\ud83c\udf54\" \/>\u00a0<\/p><p>Erkundige dich einfach bei deiner n\u00e4chsten to-go Bestellung oder schau auf der Karte in der Relevo App nach, ob dein liebstes Sushi- oder Burgerrestaurant schon Mehrwegboxen anbietet. Zusammen ebnen wir den Weg f\u00fcr mehr #MehrwegToGo! <img decoding=\"async\" class=\"emoji\" role=\"img\" draggable=\"false\" src=\"https:\/\/s.w.org\/images\/core\/emoji\/14.0.0\/svg\/267b.svg\" alt=\"\u267b\ufe0f\" \/><\/p><p>\u00a0<\/p>\t\t\t\t\t\t\t\t<\/div>\n\t\t\t\t<\/div>\n\t\t\t\t\t<\/div>\n\t\t<\/div>\n\t\t\t\t\t<\/div>\n\t\t<\/section>\n\t\t\t\t<section class=\"elementor-section elementor-top-section elementor-element elementor-element-7b90f9a elementor-section-boxed elementor-section-height-default elementor-section-height-default\" data-id=\"7b90f9a\" data-element_type=\"section\" data-e-type=\"section\">\n\t\t\t\t\t\t<div class=\"elementor-container elementor-column-gap-default\">\n\t\t\t\t\t<div class=\"elementor-column elementor-col-100 elementor-top-column elementor-element elementor-element-e4d4f0f\" data-id=\"e4d4f0f\" data-element_type=\"column\" data-e-type=\"column\">\n\t\t\t<div class=\"elementor-widget-wrap\">\n\t\t\t\t\t\t\t<\/div>\n\t\t<\/div>\n\t\t\t\t\t<\/div>\n\t\t<\/section>\n\t\t\t\t<\/div>\n\t\t","protected":false},"excerpt":{"rendered":"<p>Jetzt auch Burger und Sushi M\u00fcllfrei genie\u00dfen! Es bleibt nicht nur bei Pizza in Mehrweg! Ihr habt euch gew\u00fcnscht, noch mehr Speisen to-go m\u00fcllfrei genie\u00dfen zu k\u00f6nnen und nun ist es soweit! Ab sofort bieten wir unseren gastronomischen Partnern auch Mehrwegboxen f\u00fcr Sushi und Burger an \u00a0 Erkundige dich einfach bei deiner n\u00e4chsten to-go Bestellung [&hellip;]<\/p>\n","protected":false},"author":1,"featured_media":0,"parent":0,"menu_order":0,"comment_status":"closed","ping_status":"closed","template":"elementor_canvas","meta":{"content-type":"","om_disable_all_campaigns":false,"footnotes":""},"class_list":["post-41648","page","type-page","status-publish","hentry"],"yoast_head":"<!-- This site is optimized with the Yoast SEO plugin v27.4 - https:\/\/yoast.com\/product\/yoast-seo-wordpress\/ -->\n<title>App_GER_Sushi&amp;Burger - Relevo<\/title>\n<meta name=\"robots\" content=\"noindex, follow\" \/>\n<meta property=\"og:locale\" content=\"de_DE\" \/>\n<meta property=\"og:type\" content=\"article\" \/>\n<meta property=\"og:title\" content=\"App_GER_Sushi&amp;Burger - Relevo\" \/>\n<meta property=\"og:description\" content=\"Jetzt auch Burger und Sushi M\u00fcllfrei genie\u00dfen! Es bleibt nicht nur bei Pizza in Mehrweg! Ihr habt euch gew\u00fcnscht, noch mehr Speisen to-go m\u00fcllfrei genie\u00dfen zu k\u00f6nnen und nun ist es soweit! Ab sofort bieten wir unseren gastronomischen Partnern auch Mehrwegboxen f\u00fcr Sushi und Burger an \u00a0 Erkundige dich einfach bei deiner n\u00e4chsten to-go Bestellung [&hellip;]\" \/>\n<meta property=\"og:url\" content=\"https:\/\/relevo.app\/de\/app_ger_sushi_burger\/\" \/>\n<meta property=\"og:site_name\" content=\"Relevo\" \/>\n<meta property=\"article:modified_time\" content=\"2024-03-12T10:53:45+00:00\" \/>\n<meta property=\"og:image\" content=\"https:\/\/stage.relevo.app\/wp-content\/uploads\/2022\/10\/Relevo-Mehrweggeschirr-768x560.jpg\" \/>\n<meta name=\"twitter:card\" content=\"summary_large_image\" \/>\n<meta name=\"twitter:label1\" content=\"Gesch\u00e4tzte Lesezeit\" \/>\n\t<meta name=\"twitter:data1\" content=\"2\u00a0Minuten\" \/>\n<script type=\"application\/ld+json\" class=\"yoast-schema-graph\">{\"@context\":\"https:\\\/\\\/schema.org\",\"@graph\":[{\"@type\":\"WebPage\",\"@id\":\"https:\\\/\\\/relevo.app\\\/de\\\/app_ger_sushi_burger\\\/\",\"url\":\"https:\\\/\\\/relevo.app\\\/de\\\/app_ger_sushi_burger\\\/\",\"name\":\"App_GER_Sushi&Burger - Relevo\",\"isPartOf\":{\"@id\":\"https:\\\/\\\/relevo.app\\\/de\\\/#website\"},\"primaryImageOfPage\":{\"@id\":\"https:\\\/\\\/relevo.app\\\/de\\\/app_ger_sushi_burger\\\/#primaryimage\"},\"image\":{\"@id\":\"https:\\\/\\\/relevo.app\\\/de\\\/app_ger_sushi_burger\\\/#primaryimage\"},\"thumbnailUrl\":\"https:\\\/\\\/stage.relevo.app\\\/wp-content\\\/uploads\\\/2022\\\/10\\\/Relevo-Mehrweggeschirr-768x560.jpg\",\"datePublished\":\"2022-10-07T08:47:59+00:00\",\"dateModified\":\"2024-03-12T10:53:45+00:00\",\"breadcrumb\":{\"@id\":\"https:\\\/\\\/relevo.app\\\/de\\\/app_ger_sushi_burger\\\/#breadcrumb\"},\"inLanguage\":\"de\",\"potentialAction\":[{\"@type\":\"ReadAction\",\"target\":[\"https:\\\/\\\/relevo.app\\\/de\\\/app_ger_sushi_burger\\\/\"]}]},{\"@type\":\"ImageObject\",\"inLanguage\":\"de\",\"@id\":\"https:\\\/\\\/relevo.app\\\/de\\\/app_ger_sushi_burger\\\/#primaryimage\",\"url\":\"https:\\\/\\\/stage.relevo.app\\\/wp-content\\\/uploads\\\/2022\\\/10\\\/Relevo-Mehrweggeschirr-768x560.jpg\",\"contentUrl\":\"https:\\\/\\\/stage.relevo.app\\\/wp-content\\\/uploads\\\/2022\\\/10\\\/Relevo-Mehrweggeschirr-768x560.jpg\"},{\"@type\":\"BreadcrumbList\",\"@id\":\"https:\\\/\\\/relevo.app\\\/de\\\/app_ger_sushi_burger\\\/#breadcrumb\",\"itemListElement\":[{\"@type\":\"ListItem\",\"position\":1,\"name\":\"Home\",\"item\":\"https:\\\/\\\/relevo.app\\\/de\\\/\"},{\"@type\":\"ListItem\",\"position\":2,\"name\":\"App_GER_Sushi&#038;Burger\"}]},{\"@type\":\"WebSite\",\"@id\":\"https:\\\/\\\/relevo.app\\\/de\\\/#website\",\"url\":\"https:\\\/\\\/relevo.app\\\/de\\\/\",\"name\":\"Relevo\",\"description\":\"\",\"potentialAction\":[{\"@type\":\"SearchAction\",\"target\":{\"@type\":\"EntryPoint\",\"urlTemplate\":\"https:\\\/\\\/relevo.app\\\/de\\\/?s={search_term_string}\"},\"query-input\":{\"@type\":\"PropertyValueSpecification\",\"valueRequired\":true,\"valueName\":\"search_term_string\"}}],\"inLanguage\":\"de\"}]}<\/script>\n<!-- \/ Yoast SEO plugin. -->","yoast_head_json":{"title":"App_GER_Sushi&Burger - Relevo","robots":{"index":"noindex","follow":"follow"},"og_locale":"de_DE","og_type":"article","og_title":"App_GER_Sushi&Burger - Relevo","og_description":"Jetzt auch Burger und Sushi M\u00fcllfrei genie\u00dfen! Es bleibt nicht nur bei Pizza in Mehrweg! Ihr habt euch gew\u00fcnscht, noch mehr Speisen to-go m\u00fcllfrei genie\u00dfen zu k\u00f6nnen und nun ist es soweit! Ab sofort bieten wir unseren gastronomischen Partnern auch Mehrwegboxen f\u00fcr Sushi und Burger an \u00a0 Erkundige dich einfach bei deiner n\u00e4chsten to-go Bestellung [&hellip;]","og_url":"https:\/\/relevo.app\/de\/app_ger_sushi_burger\/","og_site_name":"Relevo","article_modified_time":"2024-03-12T10:53:45+00:00","og_image":[{"url":"https:\/\/stage.relevo.app\/wp-content\/uploads\/2022\/10\/Relevo-Mehrweggeschirr-768x560.jpg","type":"","width":"","height":""}],"twitter_card":"summary_large_image","twitter_misc":{"Gesch\u00e4tzte Lesezeit":"2\u00a0Minuten"},"schema":{"@context":"https:\/\/schema.org","@graph":[{"@type":"WebPage","@id":"https:\/\/relevo.app\/de\/app_ger_sushi_burger\/","url":"https:\/\/relevo.app\/de\/app_ger_sushi_burger\/","name":"App_GER_Sushi&Burger - Relevo","isPartOf":{"@id":"https:\/\/relevo.app\/de\/#website"},"primaryImageOfPage":{"@id":"https:\/\/relevo.app\/de\/app_ger_sushi_burger\/#primaryimage"},"image":{"@id":"https:\/\/relevo.app\/de\/app_ger_sushi_burger\/#primaryimage"},"thumbnailUrl":"https:\/\/stage.relevo.app\/wp-content\/uploads\/2022\/10\/Relevo-Mehrweggeschirr-768x560.jpg","datePublished":"2022-10-07T08:47:59+00:00","dateModified":"2024-03-12T10:53:45+00:00","breadcrumb":{"@id":"https:\/\/relevo.app\/de\/app_ger_sushi_burger\/#breadcrumb"},"inLanguage":"de","potentialAction":[{"@type":"ReadAction","target":["https:\/\/relevo.app\/de\/app_ger_sushi_burger\/"]}]},{"@type":"ImageObject","inLanguage":"de","@id":"https:\/\/relevo.app\/de\/app_ger_sushi_burger\/#primaryimage","url":"https:\/\/stage.relevo.app\/wp-content\/uploads\/2022\/10\/Relevo-Mehrweggeschirr-768x560.jpg","contentUrl":"https:\/\/stage.relevo.app\/wp-content\/uploads\/2022\/10\/Relevo-Mehrweggeschirr-768x560.jpg"},{"@type":"BreadcrumbList","@id":"https:\/\/relevo.app\/de\/app_ger_sushi_burger\/#breadcrumb","itemListElement":[{"@type":"ListItem","position":1,"name":"Home","item":"https:\/\/relevo.app\/de\/"},{"@type":"ListItem","position":2,"name":"App_GER_Sushi&#038;Burger"}]},{"@type":"WebSite","@id":"https:\/\/relevo.app\/de\/#website","url":"https:\/\/relevo.app\/de\/","name":"Relevo","description":"","potentialAction":[{"@type":"SearchAction","target":{"@type":"EntryPoint","urlTemplate":"https:\/\/relevo.app\/de\/?s={search_term_string}"},"query-input":{"@type":"PropertyValueSpecification","valueRequired":true,"valueName":"search_term_string"}}],"inLanguage":"de"}]}},"_links":{"self":[{"href":"https:\/\/relevo.app\/de\/wp-json\/wp\/v2\/pages\/41648","targetHints":{"allow":["GET"]}}],"collection":[{"href":"https:\/\/relevo.app\/de\/wp-json\/wp\/v2\/pages"}],"about":[{"href":"https:\/\/relevo.app\/de\/wp-json\/wp\/v2\/types\/page"}],"author":[{"embeddable":true,"href":"https:\/\/relevo.app\/de\/wp-json\/wp\/v2\/users\/1"}],"replies":[{"embeddable":true,"href":"https:\/\/relevo.app\/de\/wp-json\/wp\/v2\/comments?post=41648"}],"version-history":[{"count":20,"href":"https:\/\/relevo.app\/de\/wp-json\/wp\/v2\/pages\/41648\/revisions"}],"predecessor-version":[{"id":41671,"href":"https:\/\/relevo.app\/de\/wp-json\/wp\/v2\/pages\/41648\/revisions\/41671"}],"wp:attachment":[{"href":"https:\/\/relevo.app\/de\/wp-json\/wp\/v2\/media?parent=41648"}],"curies":[{"name":"wp","href":"https:\/\/api.w.org\/{rel}","templated":true}]}}