{"id":41550,"date":"2022-09-29T21:01:03","date_gmt":"2022-09-29T20:01:03","guid":{"rendered":"https:\/\/stage.relevo.app\/?page_id=41550"},"modified":"2024-03-12T11:45:39","modified_gmt":"2024-03-12T10:45:39","slug":"app_ger_coffee","status":"publish","type":"page","link":"https:\/\/relevo.app\/de\/app_ger_coffee\/","title":{"rendered":"App_GER_Coffee"},"content":{"rendered":"\t\t<div data-elementor-type=\"wp-page\" data-elementor-id=\"41550\" class=\"elementor elementor-41550\" data-elementor-post-type=\"page\">\n\t\t\t\t\t\t<section class=\"elementor-section elementor-top-section elementor-element elementor-element-d3faaab elementor-section-boxed elementor-section-height-default elementor-section-height-default\" data-id=\"d3faaab\" data-element_type=\"section\" data-e-type=\"section\">\n\t\t\t\t\t\t<div class=\"elementor-container elementor-column-gap-default\">\n\t\t\t\t\t<div class=\"elementor-column elementor-col-100 elementor-top-column elementor-element elementor-element-f87883f\" data-id=\"f87883f\" data-element_type=\"column\" data-e-type=\"column\">\n\t\t\t<div class=\"elementor-widget-wrap elementor-element-populated\">\n\t\t\t\t\t\t<div class=\"elementor-element elementor-element-8d66f34 elementor-widget elementor-widget-image\" data-id=\"8d66f34\" data-element_type=\"widget\" data-e-type=\"widget\" data-widget_type=\"image.default\">\n\t\t\t\t<div class=\"elementor-widget-container\">\n\t\t\t\t\t\t\t\t\t\t\t\t\t\t\t<img fetchpriority=\"high\" decoding=\"async\" width=\"768\" height=\"512\" src=\"https:\/\/relevo.app\/wp-content\/uploads\/2022\/09\/coffee-beans-gfe047bacb_1920-768x512.jpg\" class=\"attachment-medium_large size-medium_large wp-image-41519\" alt=\"Kaffee; Kaffeebohnen; Coffee to go\" srcset=\"https:\/\/relevo.app\/wp-content\/uploads\/2022\/09\/coffee-beans-gfe047bacb_1920-768x512.jpg 768w, https:\/\/relevo.app\/wp-content\/uploads\/2022\/09\/coffee-beans-gfe047bacb_1920-300x200.jpg 300w, https:\/\/relevo.app\/wp-content\/uploads\/2022\/09\/coffee-beans-gfe047bacb_1920-1024x683.jpg 1024w, https:\/\/relevo.app\/wp-content\/uploads\/2022\/09\/coffee-beans-gfe047bacb_1920-1536x1024.jpg 1536w, https:\/\/relevo.app\/wp-content\/uploads\/2022\/09\/coffee-beans-gfe047bacb_1920-600x400.jpg 600w, https:\/\/relevo.app\/wp-content\/uploads\/2022\/09\/coffee-beans-gfe047bacb_1920.jpg 1920w\" sizes=\"(max-width: 768px) 100vw, 768px\" \/>\t\t\t\t\t\t\t\t\t\t\t\t\t\t\t<\/div>\n\t\t\t\t<\/div>\n\t\t\t\t<div class=\"elementor-element elementor-element-0265353 elementor-widget elementor-widget-text-editor\" data-id=\"0265353\" data-element_type=\"widget\" data-e-type=\"widget\" data-widget_type=\"text-editor.default\">\n\t\t\t\t<div class=\"elementor-widget-container\">\n\t\t\t\t\t\t\t\t\t<p><b>Kaffee-Fans aufgepasst! Am 01.10 ist internationaler Tag des Kaffees <img decoding=\"async\" class=\"emoji\" role=\"img\" draggable=\"false\" src=\"https:\/\/s.w.org\/images\/core\/emoji\/14.0.0\/svg\/2615.svg\" alt=\"\u2615\" \/><\/b>\u00a0\u00a0\u00a0<\/p><p>Dies haben wir als Anlass genommen, um einen neuen spannenden Blogbeitrag \u00fcber das beliebte Hei\u00dfgetr\u00e4nk zu schreiben. Wei\u00dft du beispielsweise, wie viele Tassen Kaffee j\u00e4hrlich pro Kopf getrunken werden, wann der erste Coffee to-go \u00fcber die Theke ging oder wie viele Einwegbecher pro Stunde verbraucht werden?\u00a0<\/p><p>Neugierig? Dann schnapp dir einen Kaffee, machs dir gem\u00fctlich und klicke <a href=\"https:\/\/relevo.app\/internationaler-tag-des-kaffees\/\"><b>hier<\/b><\/a><b>.<br \/><\/b><\/p><p>\u00a0<\/p><p>\u00a0<\/p><p>\u00a0<\/p><p>\u00a0<\/p>\t\t\t\t\t\t\t\t<\/div>\n\t\t\t\t<\/div>\n\t\t\t\t\t<\/div>\n\t\t<\/div>\n\t\t\t\t\t<\/div>\n\t\t<\/section>\n\t\t\t\t<section class=\"elementor-section elementor-top-section elementor-element elementor-element-7b90f9a elementor-section-boxed elementor-section-height-default elementor-section-height-default\" data-id=\"7b90f9a\" data-element_type=\"section\" data-e-type=\"section\">\n\t\t\t\t\t\t<div class=\"elementor-container elementor-column-gap-default\">\n\t\t\t\t\t<div class=\"elementor-column elementor-col-100 elementor-top-column elementor-element elementor-element-e4d4f0f\" data-id=\"e4d4f0f\" data-element_type=\"column\" data-e-type=\"column\">\n\t\t\t<div class=\"elementor-widget-wrap\">\n\t\t\t\t\t\t\t<\/div>\n\t\t<\/div>\n\t\t\t\t\t<\/div>\n\t\t<\/section>\n\t\t\t\t<\/div>\n\t\t","protected":false},"excerpt":{"rendered":"<p>Kaffee-Fans aufgepasst! Am 01.10 ist internationaler Tag des Kaffees \u00a0\u00a0\u00a0 Dies haben wir als Anlass genommen, um einen neuen spannenden Blogbeitrag \u00fcber das beliebte Hei\u00dfgetr\u00e4nk zu schreiben. Wei\u00dft du beispielsweise, wie viele Tassen Kaffee j\u00e4hrlich pro Kopf getrunken werden, wann der erste Coffee to-go \u00fcber die Theke ging oder wie viele Einwegbecher pro Stunde verbraucht [&hellip;]<\/p>\n","protected":false},"author":1,"featured_media":0,"parent":0,"menu_order":0,"comment_status":"closed","ping_status":"closed","template":"elementor_canvas","meta":{"content-type":"","om_disable_all_campaigns":false,"footnotes":""},"class_list":["post-41550","page","type-page","status-publish","hentry"],"yoast_head":"<!-- This site is optimized with the Yoast SEO plugin v27.3 - https:\/\/yoast.com\/product\/yoast-seo-wordpress\/ -->\n<title>App_GER_Coffee - Relevo<\/title>\n<meta name=\"robots\" content=\"noindex, follow\" \/>\n<meta property=\"og:locale\" content=\"de_DE\" \/>\n<meta property=\"og:type\" content=\"article\" \/>\n<meta property=\"og:title\" content=\"App_GER_Coffee - Relevo\" \/>\n<meta property=\"og:description\" content=\"Kaffee-Fans aufgepasst! Am 01.10 ist internationaler Tag des Kaffees \u00a0\u00a0\u00a0 Dies haben wir als Anlass genommen, um einen neuen spannenden Blogbeitrag \u00fcber das beliebte Hei\u00dfgetr\u00e4nk zu schreiben. Wei\u00dft du beispielsweise, wie viele Tassen Kaffee j\u00e4hrlich pro Kopf getrunken werden, wann der erste Coffee to-go \u00fcber die Theke ging oder wie viele Einwegbecher pro Stunde verbraucht [&hellip;]\" \/>\n<meta property=\"og:url\" content=\"https:\/\/relevo.app\/de\/app_ger_coffee\/\" \/>\n<meta property=\"og:site_name\" content=\"Relevo\" \/>\n<meta property=\"article:modified_time\" content=\"2024-03-12T10:45:39+00:00\" \/>\n<meta property=\"og:image\" content=\"https:\/\/stage.relevo.app\/wp-content\/uploads\/2022\/09\/coffee-beans-gfe047bacb_1920-768x512.jpg\" \/>\n<meta name=\"twitter:card\" content=\"summary_large_image\" \/>\n<meta name=\"twitter:label1\" content=\"Gesch\u00e4tzte Lesezeit\" \/>\n\t<meta name=\"twitter:data1\" content=\"1\u00a0Minute\" \/>\n<script type=\"application\/ld+json\" class=\"yoast-schema-graph\">{\"@context\":\"https:\\\/\\\/schema.org\",\"@graph\":[{\"@type\":\"WebPage\",\"@id\":\"https:\\\/\\\/relevo.app\\\/de\\\/app_ger_coffee\\\/\",\"url\":\"https:\\\/\\\/relevo.app\\\/de\\\/app_ger_coffee\\\/\",\"name\":\"App_GER_Coffee - Relevo\",\"isPartOf\":{\"@id\":\"https:\\\/\\\/relevo.app\\\/de\\\/#website\"},\"primaryImageOfPage\":{\"@id\":\"https:\\\/\\\/relevo.app\\\/de\\\/app_ger_coffee\\\/#primaryimage\"},\"image\":{\"@id\":\"https:\\\/\\\/relevo.app\\\/de\\\/app_ger_coffee\\\/#primaryimage\"},\"thumbnailUrl\":\"https:\\\/\\\/stage.relevo.app\\\/wp-content\\\/uploads\\\/2022\\\/09\\\/coffee-beans-gfe047bacb_1920-768x512.jpg\",\"datePublished\":\"2022-09-29T20:01:03+00:00\",\"dateModified\":\"2024-03-12T10:45:39+00:00\",\"breadcrumb\":{\"@id\":\"https:\\\/\\\/relevo.app\\\/de\\\/app_ger_coffee\\\/#breadcrumb\"},\"inLanguage\":\"de\",\"potentialAction\":[{\"@type\":\"ReadAction\",\"target\":[\"https:\\\/\\\/relevo.app\\\/de\\\/app_ger_coffee\\\/\"]}]},{\"@type\":\"ImageObject\",\"inLanguage\":\"de\",\"@id\":\"https:\\\/\\\/relevo.app\\\/de\\\/app_ger_coffee\\\/#primaryimage\",\"url\":\"https:\\\/\\\/stage.relevo.app\\\/wp-content\\\/uploads\\\/2022\\\/09\\\/coffee-beans-gfe047bacb_1920-768x512.jpg\",\"contentUrl\":\"https:\\\/\\\/stage.relevo.app\\\/wp-content\\\/uploads\\\/2022\\\/09\\\/coffee-beans-gfe047bacb_1920-768x512.jpg\"},{\"@type\":\"BreadcrumbList\",\"@id\":\"https:\\\/\\\/relevo.app\\\/de\\\/app_ger_coffee\\\/#breadcrumb\",\"itemListElement\":[{\"@type\":\"ListItem\",\"position\":1,\"name\":\"Home\",\"item\":\"https:\\\/\\\/relevo.app\\\/de\\\/\"},{\"@type\":\"ListItem\",\"position\":2,\"name\":\"App_GER_Coffee\"}]},{\"@type\":\"WebSite\",\"@id\":\"https:\\\/\\\/relevo.app\\\/de\\\/#website\",\"url\":\"https:\\\/\\\/relevo.app\\\/de\\\/\",\"name\":\"Relevo\",\"description\":\"\",\"potentialAction\":[{\"@type\":\"SearchAction\",\"target\":{\"@type\":\"EntryPoint\",\"urlTemplate\":\"https:\\\/\\\/relevo.app\\\/de\\\/?s={search_term_string}\"},\"query-input\":{\"@type\":\"PropertyValueSpecification\",\"valueRequired\":true,\"valueName\":\"search_term_string\"}}],\"inLanguage\":\"de\"}]}<\/script>\n<!-- \/ Yoast SEO plugin. -->","yoast_head_json":{"title":"App_GER_Coffee - Relevo","robots":{"index":"noindex","follow":"follow"},"og_locale":"de_DE","og_type":"article","og_title":"App_GER_Coffee - Relevo","og_description":"Kaffee-Fans aufgepasst! Am 01.10 ist internationaler Tag des Kaffees \u00a0\u00a0\u00a0 Dies haben wir als Anlass genommen, um einen neuen spannenden Blogbeitrag \u00fcber das beliebte Hei\u00dfgetr\u00e4nk zu schreiben. Wei\u00dft du beispielsweise, wie viele Tassen Kaffee j\u00e4hrlich pro Kopf getrunken werden, wann der erste Coffee to-go \u00fcber die Theke ging oder wie viele Einwegbecher pro Stunde verbraucht [&hellip;]","og_url":"https:\/\/relevo.app\/de\/app_ger_coffee\/","og_site_name":"Relevo","article_modified_time":"2024-03-12T10:45:39+00:00","og_image":[{"url":"https:\/\/stage.relevo.app\/wp-content\/uploads\/2022\/09\/coffee-beans-gfe047bacb_1920-768x512.jpg","type":"","width":"","height":""}],"twitter_card":"summary_large_image","twitter_misc":{"Gesch\u00e4tzte Lesezeit":"1\u00a0Minute"},"schema":{"@context":"https:\/\/schema.org","@graph":[{"@type":"WebPage","@id":"https:\/\/relevo.app\/de\/app_ger_coffee\/","url":"https:\/\/relevo.app\/de\/app_ger_coffee\/","name":"App_GER_Coffee - Relevo","isPartOf":{"@id":"https:\/\/relevo.app\/de\/#website"},"primaryImageOfPage":{"@id":"https:\/\/relevo.app\/de\/app_ger_coffee\/#primaryimage"},"image":{"@id":"https:\/\/relevo.app\/de\/app_ger_coffee\/#primaryimage"},"thumbnailUrl":"https:\/\/stage.relevo.app\/wp-content\/uploads\/2022\/09\/coffee-beans-gfe047bacb_1920-768x512.jpg","datePublished":"2022-09-29T20:01:03+00:00","dateModified":"2024-03-12T10:45:39+00:00","breadcrumb":{"@id":"https:\/\/relevo.app\/de\/app_ger_coffee\/#breadcrumb"},"inLanguage":"de","potentialAction":[{"@type":"ReadAction","target":["https:\/\/relevo.app\/de\/app_ger_coffee\/"]}]},{"@type":"ImageObject","inLanguage":"de","@id":"https:\/\/relevo.app\/de\/app_ger_coffee\/#primaryimage","url":"https:\/\/stage.relevo.app\/wp-content\/uploads\/2022\/09\/coffee-beans-gfe047bacb_1920-768x512.jpg","contentUrl":"https:\/\/stage.relevo.app\/wp-content\/uploads\/2022\/09\/coffee-beans-gfe047bacb_1920-768x512.jpg"},{"@type":"BreadcrumbList","@id":"https:\/\/relevo.app\/de\/app_ger_coffee\/#breadcrumb","itemListElement":[{"@type":"ListItem","position":1,"name":"Home","item":"https:\/\/relevo.app\/de\/"},{"@type":"ListItem","position":2,"name":"App_GER_Coffee"}]},{"@type":"WebSite","@id":"https:\/\/relevo.app\/de\/#website","url":"https:\/\/relevo.app\/de\/","name":"Relevo","description":"","potentialAction":[{"@type":"SearchAction","target":{"@type":"EntryPoint","urlTemplate":"https:\/\/relevo.app\/de\/?s={search_term_string}"},"query-input":{"@type":"PropertyValueSpecification","valueRequired":true,"valueName":"search_term_string"}}],"inLanguage":"de"}]}},"_links":{"self":[{"href":"https:\/\/relevo.app\/de\/wp-json\/wp\/v2\/pages\/41550","targetHints":{"allow":["GET"]}}],"collection":[{"href":"https:\/\/relevo.app\/de\/wp-json\/wp\/v2\/pages"}],"about":[{"href":"https:\/\/relevo.app\/de\/wp-json\/wp\/v2\/types\/page"}],"author":[{"embeddable":true,"href":"https:\/\/relevo.app\/de\/wp-json\/wp\/v2\/users\/1"}],"replies":[{"embeddable":true,"href":"https:\/\/relevo.app\/de\/wp-json\/wp\/v2\/comments?post=41550"}],"version-history":[{"count":14,"href":"https:\/\/relevo.app\/de\/wp-json\/wp\/v2\/pages\/41550\/revisions"}],"predecessor-version":[{"id":41571,"href":"https:\/\/relevo.app\/de\/wp-json\/wp\/v2\/pages\/41550\/revisions\/41571"}],"wp:attachment":[{"href":"https:\/\/relevo.app\/de\/wp-json\/wp\/v2\/media?parent=41550"}],"curies":[{"name":"wp","href":"https:\/\/api.w.org\/{rel}","templated":true}]}}