{"id":40919,"date":"2022-09-06T16:36:14","date_gmt":"2022-09-06T15:36:14","guid":{"rendered":"https:\/\/stage.relevo.app\/?page_id=40919"},"modified":"2024-03-12T11:49:03","modified_gmt":"2024-03-12T10:49:03","slug":"app_ger_quiz","status":"publish","type":"page","link":"https:\/\/relevo.app\/de\/app_ger_quiz\/","title":{"rendered":"App_GER_Quiz"},"content":{"rendered":"\t\t<div data-elementor-type=\"wp-page\" data-elementor-id=\"40919\" class=\"elementor elementor-40919\" data-elementor-post-type=\"page\">\n\t\t\t\t\t\t<section class=\"elementor-section elementor-top-section elementor-element elementor-element-d3faaab elementor-section-boxed elementor-section-height-default elementor-section-height-default\" data-id=\"d3faaab\" data-element_type=\"section\" data-e-type=\"section\">\n\t\t\t\t\t\t<div class=\"elementor-container elementor-column-gap-default\">\n\t\t\t\t\t<div class=\"elementor-column elementor-col-100 elementor-top-column elementor-element elementor-element-f87883f\" data-id=\"f87883f\" data-element_type=\"column\" data-e-type=\"column\">\n\t\t\t<div class=\"elementor-widget-wrap elementor-element-populated\">\n\t\t\t\t\t\t<div class=\"elementor-element elementor-element-8d66f34 elementor-widget elementor-widget-image\" data-id=\"8d66f34\" data-element_type=\"widget\" data-e-type=\"widget\" data-widget_type=\"image.default\">\n\t\t\t\t<div class=\"elementor-widget-container\">\n\t\t\t\t\t\t\t\t\t\t\t\t\t\t\t<img fetchpriority=\"high\" decoding=\"async\" width=\"768\" height=\"432\" src=\"https:\/\/relevo.app\/wp-content\/uploads\/2022\/09\/Relevo-Illustration-Verpackungsarten-768x432.png\" class=\"attachment-medium_large size-medium_large wp-image-40820\" alt=\"Relevo Illustration Verpackungsarten\" srcset=\"https:\/\/relevo.app\/wp-content\/uploads\/2022\/09\/Relevo-Illustration-Verpackungsarten-768x432.png 768w, https:\/\/relevo.app\/wp-content\/uploads\/2022\/09\/Relevo-Illustration-Verpackungsarten-300x169.png 300w, https:\/\/relevo.app\/wp-content\/uploads\/2022\/09\/Relevo-Illustration-Verpackungsarten-1024x576.png 1024w, https:\/\/relevo.app\/wp-content\/uploads\/2022\/09\/Relevo-Illustration-Verpackungsarten-600x338.png 600w, https:\/\/relevo.app\/wp-content\/uploads\/2022\/09\/Relevo-Illustration-Verpackungsarten.png 1280w\" sizes=\"(max-width: 768px) 100vw, 768px\" \/>\t\t\t\t\t\t\t\t\t\t\t\t\t\t\t<\/div>\n\t\t\t\t<\/div>\n\t\t\t\t<div class=\"elementor-element elementor-element-0265353 elementor-widget elementor-widget-text-editor\" data-id=\"0265353\" data-element_type=\"widget\" data-e-type=\"widget\" data-widget_type=\"text-editor.default\">\n\t\t\t\t<div class=\"elementor-widget-container\">\n\t\t\t\t\t\t\t\t\t<div><div><b>Neues aus der Relevo-Bibliothek<\/b><\/div><div>\u00a0<\/div><\/div><p>P\u00fcnktlich zum Herbst mit regnerischen Tagen haben wir ein <b>neues Whitepaper <\/b>ver\u00f6ffentlicht, um dich bei der Wahl der passenden Verpackung zu unterst\u00fctzen! <img decoding=\"async\" class=\"emoji\" role=\"img\" draggable=\"false\" src=\"https:\/\/s.w.org\/images\/core\/emoji\/14.0.0\/svg\/1f342.svg\" alt=\"\ud83c\udf42\" \/> Im Whitepaper nehmen wir verschiedene <b>Verpackungsmaterialien <\/b>genauer unter die Lupe und diskutieren ihre <b>Vor- und Nachteile<\/b>.\u00a0<\/p><p>Du r\u00e4tselst lieber, statt zu lesen? Dann haben wir auch f\u00fcr dich genau das Richtige! Teste jetzt dein Wissen zu Verpackungen und Mehrweg im spannenden <b>Quiz <\/b>von LIFE e.V. <img decoding=\"async\" class=\"emoji\" role=\"img\" draggable=\"false\" src=\"https:\/\/s.w.org\/images\/core\/emoji\/14.0.0\/svg\/267b.svg\" alt=\"\u267b\ufe0f\" \/><\/p><p>Interesse geweckt? Klicke <a href=\"https:\/\/relevo.app\/nachhaltigkeit-von-verpackungen\/\"><b>HIER<\/b><\/a><\/p><p>\u00a0<\/p><p>\u00a0<\/p><p>\u00a0<\/p><p>\u00a0<\/p><p>\u00a0<\/p>\t\t\t\t\t\t\t\t<\/div>\n\t\t\t\t<\/div>\n\t\t\t\t\t<\/div>\n\t\t<\/div>\n\t\t\t\t\t<\/div>\n\t\t<\/section>\n\t\t\t\t<section class=\"elementor-section elementor-top-section elementor-element elementor-element-7b90f9a elementor-section-boxed elementor-section-height-default elementor-section-height-default\" data-id=\"7b90f9a\" data-element_type=\"section\" data-e-type=\"section\">\n\t\t\t\t\t\t<div class=\"elementor-container elementor-column-gap-default\">\n\t\t\t\t\t<div class=\"elementor-column elementor-col-100 elementor-top-column elementor-element elementor-element-e4d4f0f\" data-id=\"e4d4f0f\" data-element_type=\"column\" data-e-type=\"column\">\n\t\t\t<div class=\"elementor-widget-wrap\">\n\t\t\t\t\t\t\t<\/div>\n\t\t<\/div>\n\t\t\t\t\t<\/div>\n\t\t<\/section>\n\t\t\t\t<\/div>\n\t\t","protected":false},"excerpt":{"rendered":"<p>Neues aus der Relevo-Bibliothek\u00a0 P\u00fcnktlich zum Herbst mit regnerischen Tagen haben wir ein neues Whitepaper ver\u00f6ffentlicht, um dich bei der Wahl der passenden Verpackung zu unterst\u00fctzen! Im Whitepaper nehmen wir verschiedene Verpackungsmaterialien genauer unter die Lupe und diskutieren ihre Vor- und Nachteile.\u00a0 Du r\u00e4tselst lieber, statt zu lesen? Dann haben wir auch f\u00fcr dich genau [&hellip;]<\/p>\n","protected":false},"author":1,"featured_media":0,"parent":0,"menu_order":0,"comment_status":"closed","ping_status":"closed","template":"elementor_canvas","meta":{"content-type":"","om_disable_all_campaigns":false,"footnotes":""},"class_list":["post-40919","page","type-page","status-publish","hentry"],"yoast_head":"<!-- This site is optimized with the Yoast SEO plugin v27.4 - https:\/\/yoast.com\/product\/yoast-seo-wordpress\/ -->\n<title>App_GER_Quiz - Relevo<\/title>\n<meta name=\"robots\" content=\"noindex, follow\" \/>\n<meta property=\"og:locale\" content=\"de_DE\" \/>\n<meta property=\"og:type\" content=\"article\" \/>\n<meta property=\"og:title\" content=\"App_GER_Quiz - Relevo\" \/>\n<meta property=\"og:description\" content=\"Neues aus der Relevo-Bibliothek\u00a0 P\u00fcnktlich zum Herbst mit regnerischen Tagen haben wir ein neues Whitepaper ver\u00f6ffentlicht, um dich bei der Wahl der passenden Verpackung zu unterst\u00fctzen! Im Whitepaper nehmen wir verschiedene Verpackungsmaterialien genauer unter die Lupe und diskutieren ihre Vor- und Nachteile.\u00a0 Du r\u00e4tselst lieber, statt zu lesen? Dann haben wir auch f\u00fcr dich genau [&hellip;]\" \/>\n<meta property=\"og:url\" content=\"https:\/\/relevo.app\/de\/app_ger_quiz\/\" \/>\n<meta property=\"og:site_name\" content=\"Relevo\" \/>\n<meta property=\"article:modified_time\" content=\"2024-03-12T10:49:03+00:00\" \/>\n<meta property=\"og:image\" content=\"https:\/\/stage.relevo.app\/wp-content\/uploads\/2022\/09\/Relevo-Illustration-Verpackungsarten-768x432.png\" \/>\n<meta name=\"twitter:card\" content=\"summary_large_image\" \/>\n<meta name=\"twitter:label1\" content=\"Gesch\u00e4tzte Lesezeit\" \/>\n\t<meta name=\"twitter:data1\" content=\"2\u00a0Minuten\" \/>\n<script type=\"application\/ld+json\" class=\"yoast-schema-graph\">{\"@context\":\"https:\\\/\\\/schema.org\",\"@graph\":[{\"@type\":\"WebPage\",\"@id\":\"https:\\\/\\\/relevo.app\\\/de\\\/app_ger_quiz\\\/\",\"url\":\"https:\\\/\\\/relevo.app\\\/de\\\/app_ger_quiz\\\/\",\"name\":\"App_GER_Quiz - Relevo\",\"isPartOf\":{\"@id\":\"https:\\\/\\\/relevo.app\\\/de\\\/#website\"},\"primaryImageOfPage\":{\"@id\":\"https:\\\/\\\/relevo.app\\\/de\\\/app_ger_quiz\\\/#primaryimage\"},\"image\":{\"@id\":\"https:\\\/\\\/relevo.app\\\/de\\\/app_ger_quiz\\\/#primaryimage\"},\"thumbnailUrl\":\"https:\\\/\\\/stage.relevo.app\\\/wp-content\\\/uploads\\\/2022\\\/09\\\/Relevo-Illustration-Verpackungsarten-768x432.png\",\"datePublished\":\"2022-09-06T15:36:14+00:00\",\"dateModified\":\"2024-03-12T10:49:03+00:00\",\"breadcrumb\":{\"@id\":\"https:\\\/\\\/relevo.app\\\/de\\\/app_ger_quiz\\\/#breadcrumb\"},\"inLanguage\":\"de\",\"potentialAction\":[{\"@type\":\"ReadAction\",\"target\":[\"https:\\\/\\\/relevo.app\\\/de\\\/app_ger_quiz\\\/\"]}]},{\"@type\":\"ImageObject\",\"inLanguage\":\"de\",\"@id\":\"https:\\\/\\\/relevo.app\\\/de\\\/app_ger_quiz\\\/#primaryimage\",\"url\":\"https:\\\/\\\/stage.relevo.app\\\/wp-content\\\/uploads\\\/2022\\\/09\\\/Relevo-Illustration-Verpackungsarten-768x432.png\",\"contentUrl\":\"https:\\\/\\\/stage.relevo.app\\\/wp-content\\\/uploads\\\/2022\\\/09\\\/Relevo-Illustration-Verpackungsarten-768x432.png\"},{\"@type\":\"BreadcrumbList\",\"@id\":\"https:\\\/\\\/relevo.app\\\/de\\\/app_ger_quiz\\\/#breadcrumb\",\"itemListElement\":[{\"@type\":\"ListItem\",\"position\":1,\"name\":\"Home\",\"item\":\"https:\\\/\\\/relevo.app\\\/de\\\/\"},{\"@type\":\"ListItem\",\"position\":2,\"name\":\"App_GER_Quiz\"}]},{\"@type\":\"WebSite\",\"@id\":\"https:\\\/\\\/relevo.app\\\/de\\\/#website\",\"url\":\"https:\\\/\\\/relevo.app\\\/de\\\/\",\"name\":\"Relevo\",\"description\":\"\",\"potentialAction\":[{\"@type\":\"SearchAction\",\"target\":{\"@type\":\"EntryPoint\",\"urlTemplate\":\"https:\\\/\\\/relevo.app\\\/de\\\/?s={search_term_string}\"},\"query-input\":{\"@type\":\"PropertyValueSpecification\",\"valueRequired\":true,\"valueName\":\"search_term_string\"}}],\"inLanguage\":\"de\"}]}<\/script>\n<!-- \/ Yoast SEO plugin. -->","yoast_head_json":{"title":"App_GER_Quiz - Relevo","robots":{"index":"noindex","follow":"follow"},"og_locale":"de_DE","og_type":"article","og_title":"App_GER_Quiz - Relevo","og_description":"Neues aus der Relevo-Bibliothek\u00a0 P\u00fcnktlich zum Herbst mit regnerischen Tagen haben wir ein neues Whitepaper ver\u00f6ffentlicht, um dich bei der Wahl der passenden Verpackung zu unterst\u00fctzen! Im Whitepaper nehmen wir verschiedene Verpackungsmaterialien genauer unter die Lupe und diskutieren ihre Vor- und Nachteile.\u00a0 Du r\u00e4tselst lieber, statt zu lesen? Dann haben wir auch f\u00fcr dich genau [&hellip;]","og_url":"https:\/\/relevo.app\/de\/app_ger_quiz\/","og_site_name":"Relevo","article_modified_time":"2024-03-12T10:49:03+00:00","og_image":[{"url":"https:\/\/stage.relevo.app\/wp-content\/uploads\/2022\/09\/Relevo-Illustration-Verpackungsarten-768x432.png","type":"","width":"","height":""}],"twitter_card":"summary_large_image","twitter_misc":{"Gesch\u00e4tzte Lesezeit":"2\u00a0Minuten"},"schema":{"@context":"https:\/\/schema.org","@graph":[{"@type":"WebPage","@id":"https:\/\/relevo.app\/de\/app_ger_quiz\/","url":"https:\/\/relevo.app\/de\/app_ger_quiz\/","name":"App_GER_Quiz - Relevo","isPartOf":{"@id":"https:\/\/relevo.app\/de\/#website"},"primaryImageOfPage":{"@id":"https:\/\/relevo.app\/de\/app_ger_quiz\/#primaryimage"},"image":{"@id":"https:\/\/relevo.app\/de\/app_ger_quiz\/#primaryimage"},"thumbnailUrl":"https:\/\/stage.relevo.app\/wp-content\/uploads\/2022\/09\/Relevo-Illustration-Verpackungsarten-768x432.png","datePublished":"2022-09-06T15:36:14+00:00","dateModified":"2024-03-12T10:49:03+00:00","breadcrumb":{"@id":"https:\/\/relevo.app\/de\/app_ger_quiz\/#breadcrumb"},"inLanguage":"de","potentialAction":[{"@type":"ReadAction","target":["https:\/\/relevo.app\/de\/app_ger_quiz\/"]}]},{"@type":"ImageObject","inLanguage":"de","@id":"https:\/\/relevo.app\/de\/app_ger_quiz\/#primaryimage","url":"https:\/\/stage.relevo.app\/wp-content\/uploads\/2022\/09\/Relevo-Illustration-Verpackungsarten-768x432.png","contentUrl":"https:\/\/stage.relevo.app\/wp-content\/uploads\/2022\/09\/Relevo-Illustration-Verpackungsarten-768x432.png"},{"@type":"BreadcrumbList","@id":"https:\/\/relevo.app\/de\/app_ger_quiz\/#breadcrumb","itemListElement":[{"@type":"ListItem","position":1,"name":"Home","item":"https:\/\/relevo.app\/de\/"},{"@type":"ListItem","position":2,"name":"App_GER_Quiz"}]},{"@type":"WebSite","@id":"https:\/\/relevo.app\/de\/#website","url":"https:\/\/relevo.app\/de\/","name":"Relevo","description":"","potentialAction":[{"@type":"SearchAction","target":{"@type":"EntryPoint","urlTemplate":"https:\/\/relevo.app\/de\/?s={search_term_string}"},"query-input":{"@type":"PropertyValueSpecification","valueRequired":true,"valueName":"search_term_string"}}],"inLanguage":"de"}]}},"_links":{"self":[{"href":"https:\/\/relevo.app\/de\/wp-json\/wp\/v2\/pages\/40919","targetHints":{"allow":["GET"]}}],"collection":[{"href":"https:\/\/relevo.app\/de\/wp-json\/wp\/v2\/pages"}],"about":[{"href":"https:\/\/relevo.app\/de\/wp-json\/wp\/v2\/types\/page"}],"author":[{"embeddable":true,"href":"https:\/\/relevo.app\/de\/wp-json\/wp\/v2\/users\/1"}],"replies":[{"embeddable":true,"href":"https:\/\/relevo.app\/de\/wp-json\/wp\/v2\/comments?post=40919"}],"version-history":[{"count":10,"href":"https:\/\/relevo.app\/de\/wp-json\/wp\/v2\/pages\/40919\/revisions"}],"predecessor-version":[{"id":40947,"href":"https:\/\/relevo.app\/de\/wp-json\/wp\/v2\/pages\/40919\/revisions\/40947"}],"wp:attachment":[{"href":"https:\/\/relevo.app\/de\/wp-json\/wp\/v2\/media?parent=40919"}],"curies":[{"name":"wp","href":"https:\/\/api.w.org\/{rel}","templated":true}]}}