{"id":40761,"date":"2022-08-31T08:45:23","date_gmt":"2022-08-31T07:45:23","guid":{"rendered":"https:\/\/stage.relevo.app\/?page_id=40761"},"modified":"2024-03-12T11:47:14","modified_gmt":"2024-03-12T10:47:14","slug":"app_ger_hygiene","status":"publish","type":"page","link":"https:\/\/relevo.app\/de\/app_ger_hygiene\/","title":{"rendered":"App_GER_Hygiene"},"content":{"rendered":"\t\t<div data-elementor-type=\"wp-page\" data-elementor-id=\"40761\" class=\"elementor elementor-40761\" data-elementor-post-type=\"page\">\n\t\t\t\t\t\t<section class=\"elementor-section elementor-top-section elementor-element elementor-element-d3faaab elementor-section-boxed elementor-section-height-default elementor-section-height-default\" data-id=\"d3faaab\" data-element_type=\"section\" data-e-type=\"section\">\n\t\t\t\t\t\t<div class=\"elementor-container elementor-column-gap-default\">\n\t\t\t\t\t<div class=\"elementor-column elementor-col-100 elementor-top-column elementor-element elementor-element-f87883f\" data-id=\"f87883f\" data-element_type=\"column\" data-e-type=\"column\">\n\t\t\t<div class=\"elementor-widget-wrap elementor-element-populated\">\n\t\t\t\t\t\t<div class=\"elementor-element elementor-element-8d66f34 elementor-widget elementor-widget-image\" data-id=\"8d66f34\" data-element_type=\"widget\" data-e-type=\"widget\" data-widget_type=\"image.default\">\n\t\t\t\t<div class=\"elementor-widget-container\">\n\t\t\t\t\t\t\t\t\t\t\t\t\t\t\t<img fetchpriority=\"high\" decoding=\"async\" width=\"768\" height=\"596\" src=\"https:\/\/relevo.app\/wp-content\/uploads\/2022\/08\/Reinigung-768x596.png\" class=\"attachment-medium_large size-medium_large wp-image-40763\" alt=\"Geschirr; Hygiene; Reinigung\" srcset=\"https:\/\/relevo.app\/wp-content\/uploads\/2022\/08\/Reinigung-768x596.png 768w, https:\/\/relevo.app\/wp-content\/uploads\/2022\/08\/Reinigung-300x233.png 300w, https:\/\/relevo.app\/wp-content\/uploads\/2022\/08\/Reinigung-1024x794.png 1024w, https:\/\/relevo.app\/wp-content\/uploads\/2022\/08\/Reinigung-600x465.png 600w, https:\/\/relevo.app\/wp-content\/uploads\/2022\/08\/Reinigung.png 1181w\" sizes=\"(max-width: 768px) 100vw, 768px\" \/>\t\t\t\t\t\t\t\t\t\t\t\t\t\t\t<\/div>\n\t\t\t\t<\/div>\n\t\t\t\t<div class=\"elementor-element elementor-element-0265353 elementor-widget elementor-widget-text-editor\" data-id=\"0265353\" data-element_type=\"widget\" data-e-type=\"widget\" data-widget_type=\"text-editor.default\">\n\t\t\t\t<div class=\"elementor-widget-container\">\n\t\t\t\t\t\t\t\t\t<p><b>Was hat es mit der Hygiene-Benachrichtigung auf sich? <\/b><img decoding=\"async\" class=\"emoji\" role=\"img\" draggable=\"false\" src=\"https:\/\/s.w.org\/images\/core\/emoji\/14.0.0\/svg\/1f575.svg\" alt=\"\ud83d\udd75\ufe0f\" \/><\/p><p>Diese Frage hast du dir vielleicht in den letzten Wochen gestellt. Wir m\u00f6chten nun etwas Licht ins Dunkle bringen <img decoding=\"async\" class=\"emoji\" role=\"img\" draggable=\"false\" src=\"https:\/\/s.w.org\/images\/core\/emoji\/14.0.0\/svg\/1f526.svg\" alt=\"\ud83d\udd26\" \/><\/p><p>Zuallererst jedoch das wichtigste: Keine Sorge, du hast nichts falsch gemacht! Falls dich die Nachricht verunsichert hat, tut uns dies leid. Bei der Hygiene-Benachrichtigung handelt es sich um eine <b>generelle Information<\/b>, die alle User nach Tag drei ihrer Ausleihe bekommen.<b><br \/><\/b><\/p><p><b>Hintergrund der Benachrichtigung<\/b> ist, dass Relevo-Geschirr leider ab und zu unzumutbar stark verschmutzt bei gastronomischen Partnern abgegeben wird. Dies ist nicht nur f\u00fcr die Gastronomie \u00e4rgerlich, sondern vor allem f\u00fcr die <b>Umwelt<\/b>! Denn bei schimmeligem Geschirr gilt: Das Geschirr <b>darf nicht mehr in den Kreislauf zur\u00fcckgef\u00fchrt<\/b> werden, sondern muss ausrangiert werden. <\/p><p>So schreibt der <a href=\"https:\/\/www.lebensmittelverband.de\/de\/lebensmittel\/sicherheit\/hygiene\/hygiene-beim-umgang-mit-mehrweg-bechern-behaeltnissen-pool-geschirr\">Lebensmittelverband<\/a>: \u201c<i>Sind Geschirre schimmelbefallen oder erkennbar zweckentfremdet genutzt, muss bereits die R\u00fccknahme vorsorglich abgelehnt werden. Ist eine Annahme bereits erfolgt, d\u00fcrfen solche Geschirre konsequenterweise nicht zur Sp\u00fcleinrichtung verbracht werden und es darf keine Reinigung stattfinden. Gegebenenfalls sind bereits zur\u00fcckgenommene Geschirre, die besch\u00e4digte oder zu stark verschmutzt sind, aus dem Pool auszuschleusen.\u201d<\/i><\/p><p>Unsere Mission bei Relevo ist es, <b>Abf\u00e4lle einzusparen<\/b> und <b>Ressourcen zu schonen<\/b> <img decoding=\"async\" class=\"emoji\" role=\"img\" draggable=\"false\" src=\"https:\/\/s.w.org\/images\/core\/emoji\/14.0.0\/svg\/267b.svg\" alt=\"\u267b\ufe0f\" \/> Deshalb finden wir es nat\u00fcrlich sehr schade, wenn Geschirr ausrangiert und wieder nachproduziert werden muss. Dies zu vermeiden, ist aber kinderleicht: Wenn du merkst, dass du dein Geschirr erst einige Tage sp\u00e4ter zur\u00fcckgibst, sp\u00fcle es einfach zuhause kurz durch <img decoding=\"async\" class=\"emoji\" role=\"img\" draggable=\"false\" src=\"https:\/\/s.w.org\/images\/core\/emoji\/14.0.0\/svg\/1f60e.svg\" alt=\"\ud83d\ude0e\" \/> <\/p><p>Zu guter Letzt <b>Danke <\/b>an alle User, die uns ehrliches Feedback gegeben haben, dass sie sich durch unsere Hygiene-Benachrichtigung gest\u00f6rt f\u00fchlen. Wir nehmen dies sehr ernst und arbeiten gerade an einem <b>besseren Weg<\/b>, diese wichtige Message zu kommunizieren <img decoding=\"async\" class=\"emoji\" role=\"img\" draggable=\"false\" src=\"https:\/\/s.w.org\/images\/core\/emoji\/14.0.0\/svg\/1f4aa.svg\" alt=\"\ud83d\udcaa\" \/><\/p><p>\u00a0<\/p><p>\u00a0<\/p><p>\u00a0<\/p><p>\u00a0<\/p>\t\t\t\t\t\t\t\t<\/div>\n\t\t\t\t<\/div>\n\t\t\t\t\t<\/div>\n\t\t<\/div>\n\t\t\t\t\t<\/div>\n\t\t<\/section>\n\t\t\t\t<section class=\"elementor-section elementor-top-section elementor-element elementor-element-7b90f9a elementor-section-boxed elementor-section-height-default elementor-section-height-default\" data-id=\"7b90f9a\" data-element_type=\"section\" data-e-type=\"section\">\n\t\t\t\t\t\t<div class=\"elementor-container elementor-column-gap-default\">\n\t\t\t\t\t<div class=\"elementor-column elementor-col-100 elementor-top-column elementor-element elementor-element-e4d4f0f\" data-id=\"e4d4f0f\" data-element_type=\"column\" data-e-type=\"column\">\n\t\t\t<div class=\"elementor-widget-wrap\">\n\t\t\t\t\t\t\t<\/div>\n\t\t<\/div>\n\t\t\t\t\t<\/div>\n\t\t<\/section>\n\t\t\t\t<\/div>\n\t\t","protected":false},"excerpt":{"rendered":"<p>Was hat es mit der Hygiene-Benachrichtigung auf sich? Diese Frage hast du dir vielleicht in den letzten Wochen gestellt. Wir m\u00f6chten nun etwas Licht ins Dunkle bringen Zuallererst jedoch das wichtigste: Keine Sorge, du hast nichts falsch gemacht! Falls dich die Nachricht verunsichert hat, tut uns dies leid. Bei der Hygiene-Benachrichtigung handelt es sich um [&hellip;]<\/p>\n","protected":false},"author":1,"featured_media":0,"parent":0,"menu_order":0,"comment_status":"closed","ping_status":"closed","template":"elementor_canvas","meta":{"content-type":"","om_disable_all_campaigns":false,"footnotes":""},"class_list":["post-40761","page","type-page","status-publish","hentry"],"yoast_head":"<!-- This site is optimized with the Yoast SEO plugin v27.4 - https:\/\/yoast.com\/product\/yoast-seo-wordpress\/ -->\n<title>App_GER_Hygiene - Relevo<\/title>\n<meta name=\"description\" content=\"Wieso bekomme ich eine Hygiene-Notification?\" \/>\n<meta name=\"robots\" content=\"noindex, follow\" \/>\n<meta property=\"og:locale\" content=\"de_DE\" \/>\n<meta property=\"og:type\" content=\"article\" \/>\n<meta property=\"og:title\" content=\"App_GER_Hygiene - Relevo\" \/>\n<meta property=\"og:description\" content=\"Wieso bekomme ich eine Hygiene-Notification?\" \/>\n<meta property=\"og:url\" content=\"https:\/\/relevo.app\/de\/app_ger_hygiene\/\" \/>\n<meta property=\"og:site_name\" content=\"Relevo\" \/>\n<meta property=\"article:modified_time\" content=\"2024-03-12T10:47:14+00:00\" \/>\n<meta property=\"og:image\" content=\"https:\/\/stage.relevo.app\/wp-content\/uploads\/2022\/08\/Reinigung-768x596.png\" \/>\n<meta name=\"twitter:card\" content=\"summary_large_image\" \/>\n<meta name=\"twitter:label1\" content=\"Gesch\u00e4tzte Lesezeit\" \/>\n\t<meta name=\"twitter:data1\" content=\"3\u00a0Minuten\" \/>\n<script type=\"application\/ld+json\" class=\"yoast-schema-graph\">{\"@context\":\"https:\\\/\\\/schema.org\",\"@graph\":[{\"@type\":\"WebPage\",\"@id\":\"https:\\\/\\\/relevo.app\\\/de\\\/app_ger_hygiene\\\/\",\"url\":\"https:\\\/\\\/relevo.app\\\/de\\\/app_ger_hygiene\\\/\",\"name\":\"App_GER_Hygiene - Relevo\",\"isPartOf\":{\"@id\":\"https:\\\/\\\/relevo.app\\\/de\\\/#website\"},\"primaryImageOfPage\":{\"@id\":\"https:\\\/\\\/relevo.app\\\/de\\\/app_ger_hygiene\\\/#primaryimage\"},\"image\":{\"@id\":\"https:\\\/\\\/relevo.app\\\/de\\\/app_ger_hygiene\\\/#primaryimage\"},\"thumbnailUrl\":\"https:\\\/\\\/stage.relevo.app\\\/wp-content\\\/uploads\\\/2022\\\/08\\\/Reinigung-768x596.png\",\"datePublished\":\"2022-08-31T07:45:23+00:00\",\"dateModified\":\"2024-03-12T10:47:14+00:00\",\"description\":\"Wieso bekomme ich eine Hygiene-Notification?\",\"breadcrumb\":{\"@id\":\"https:\\\/\\\/relevo.app\\\/de\\\/app_ger_hygiene\\\/#breadcrumb\"},\"inLanguage\":\"de\",\"potentialAction\":[{\"@type\":\"ReadAction\",\"target\":[\"https:\\\/\\\/relevo.app\\\/de\\\/app_ger_hygiene\\\/\"]}]},{\"@type\":\"ImageObject\",\"inLanguage\":\"de\",\"@id\":\"https:\\\/\\\/relevo.app\\\/de\\\/app_ger_hygiene\\\/#primaryimage\",\"url\":\"https:\\\/\\\/stage.relevo.app\\\/wp-content\\\/uploads\\\/2022\\\/08\\\/Reinigung-768x596.png\",\"contentUrl\":\"https:\\\/\\\/stage.relevo.app\\\/wp-content\\\/uploads\\\/2022\\\/08\\\/Reinigung-768x596.png\"},{\"@type\":\"BreadcrumbList\",\"@id\":\"https:\\\/\\\/relevo.app\\\/de\\\/app_ger_hygiene\\\/#breadcrumb\",\"itemListElement\":[{\"@type\":\"ListItem\",\"position\":1,\"name\":\"Home\",\"item\":\"https:\\\/\\\/relevo.app\\\/de\\\/\"},{\"@type\":\"ListItem\",\"position\":2,\"name\":\"App_GER_Hygiene\"}]},{\"@type\":\"WebSite\",\"@id\":\"https:\\\/\\\/relevo.app\\\/de\\\/#website\",\"url\":\"https:\\\/\\\/relevo.app\\\/de\\\/\",\"name\":\"Relevo\",\"description\":\"\",\"potentialAction\":[{\"@type\":\"SearchAction\",\"target\":{\"@type\":\"EntryPoint\",\"urlTemplate\":\"https:\\\/\\\/relevo.app\\\/de\\\/?s={search_term_string}\"},\"query-input\":{\"@type\":\"PropertyValueSpecification\",\"valueRequired\":true,\"valueName\":\"search_term_string\"}}],\"inLanguage\":\"de\"}]}<\/script>\n<!-- \/ Yoast SEO plugin. -->","yoast_head_json":{"title":"App_GER_Hygiene - Relevo","description":"Wieso bekomme ich eine Hygiene-Notification?","robots":{"index":"noindex","follow":"follow"},"og_locale":"de_DE","og_type":"article","og_title":"App_GER_Hygiene - Relevo","og_description":"Wieso bekomme ich eine Hygiene-Notification?","og_url":"https:\/\/relevo.app\/de\/app_ger_hygiene\/","og_site_name":"Relevo","article_modified_time":"2024-03-12T10:47:14+00:00","og_image":[{"url":"https:\/\/stage.relevo.app\/wp-content\/uploads\/2022\/08\/Reinigung-768x596.png","type":"","width":"","height":""}],"twitter_card":"summary_large_image","twitter_misc":{"Gesch\u00e4tzte Lesezeit":"3\u00a0Minuten"},"schema":{"@context":"https:\/\/schema.org","@graph":[{"@type":"WebPage","@id":"https:\/\/relevo.app\/de\/app_ger_hygiene\/","url":"https:\/\/relevo.app\/de\/app_ger_hygiene\/","name":"App_GER_Hygiene - Relevo","isPartOf":{"@id":"https:\/\/relevo.app\/de\/#website"},"primaryImageOfPage":{"@id":"https:\/\/relevo.app\/de\/app_ger_hygiene\/#primaryimage"},"image":{"@id":"https:\/\/relevo.app\/de\/app_ger_hygiene\/#primaryimage"},"thumbnailUrl":"https:\/\/stage.relevo.app\/wp-content\/uploads\/2022\/08\/Reinigung-768x596.png","datePublished":"2022-08-31T07:45:23+00:00","dateModified":"2024-03-12T10:47:14+00:00","description":"Wieso bekomme ich eine Hygiene-Notification?","breadcrumb":{"@id":"https:\/\/relevo.app\/de\/app_ger_hygiene\/#breadcrumb"},"inLanguage":"de","potentialAction":[{"@type":"ReadAction","target":["https:\/\/relevo.app\/de\/app_ger_hygiene\/"]}]},{"@type":"ImageObject","inLanguage":"de","@id":"https:\/\/relevo.app\/de\/app_ger_hygiene\/#primaryimage","url":"https:\/\/stage.relevo.app\/wp-content\/uploads\/2022\/08\/Reinigung-768x596.png","contentUrl":"https:\/\/stage.relevo.app\/wp-content\/uploads\/2022\/08\/Reinigung-768x596.png"},{"@type":"BreadcrumbList","@id":"https:\/\/relevo.app\/de\/app_ger_hygiene\/#breadcrumb","itemListElement":[{"@type":"ListItem","position":1,"name":"Home","item":"https:\/\/relevo.app\/de\/"},{"@type":"ListItem","position":2,"name":"App_GER_Hygiene"}]},{"@type":"WebSite","@id":"https:\/\/relevo.app\/de\/#website","url":"https:\/\/relevo.app\/de\/","name":"Relevo","description":"","potentialAction":[{"@type":"SearchAction","target":{"@type":"EntryPoint","urlTemplate":"https:\/\/relevo.app\/de\/?s={search_term_string}"},"query-input":{"@type":"PropertyValueSpecification","valueRequired":true,"valueName":"search_term_string"}}],"inLanguage":"de"}]}},"_links":{"self":[{"href":"https:\/\/relevo.app\/de\/wp-json\/wp\/v2\/pages\/40761","targetHints":{"allow":["GET"]}}],"collection":[{"href":"https:\/\/relevo.app\/de\/wp-json\/wp\/v2\/pages"}],"about":[{"href":"https:\/\/relevo.app\/de\/wp-json\/wp\/v2\/types\/page"}],"author":[{"embeddable":true,"href":"https:\/\/relevo.app\/de\/wp-json\/wp\/v2\/users\/1"}],"replies":[{"embeddable":true,"href":"https:\/\/relevo.app\/de\/wp-json\/wp\/v2\/comments?post=40761"}],"version-history":[{"count":13,"href":"https:\/\/relevo.app\/de\/wp-json\/wp\/v2\/pages\/40761\/revisions"}],"predecessor-version":[{"id":40786,"href":"https:\/\/relevo.app\/de\/wp-json\/wp\/v2\/pages\/40761\/revisions\/40786"}],"wp:attachment":[{"href":"https:\/\/relevo.app\/de\/wp-json\/wp\/v2\/media?parent=40761"}],"curies":[{"name":"wp","href":"https:\/\/api.w.org\/{rel}","templated":true}]}}