{"id":40678,"date":"2022-08-26T15:26:42","date_gmt":"2022-08-26T14:26:42","guid":{"rendered":"https:\/\/stage.relevo.app\/?page_id=40678"},"modified":"2024-03-12T11:53:50","modified_gmt":"2024-03-12T10:53:50","slug":"app_ger_team_ac","status":"publish","type":"page","link":"https:\/\/relevo.app\/de\/app_ger_team_ac\/","title":{"rendered":"App_GER_Team_ac"},"content":{"rendered":"\t\t<div data-elementor-type=\"wp-page\" data-elementor-id=\"40678\" class=\"elementor elementor-40678\" data-elementor-post-type=\"page\">\n\t\t\t\t\t\t<section class=\"elementor-section elementor-top-section elementor-element elementor-element-d3faaab elementor-section-boxed elementor-section-height-default elementor-section-height-default\" data-id=\"d3faaab\" data-element_type=\"section\" data-e-type=\"section\">\n\t\t\t\t\t\t<div class=\"elementor-container elementor-column-gap-default\">\n\t\t\t\t\t<div class=\"elementor-column elementor-col-100 elementor-top-column elementor-element elementor-element-f87883f\" data-id=\"f87883f\" data-element_type=\"column\" data-e-type=\"column\">\n\t\t\t<div class=\"elementor-widget-wrap elementor-element-populated\">\n\t\t\t\t\t\t<div class=\"elementor-element elementor-element-8d66f34 elementor-widget elementor-widget-image\" data-id=\"8d66f34\" data-element_type=\"widget\" data-e-type=\"widget\" data-widget_type=\"image.default\">\n\t\t\t\t<div class=\"elementor-widget-container\">\n\t\t\t\t\t\t\t\t\t\t\t\t\t\t\t<img fetchpriority=\"high\" decoding=\"async\" width=\"768\" height=\"659\" src=\"https:\/\/relevo.app\/wp-content\/uploads\/2022\/08\/1661332734243-768x659.jpg\" class=\"attachment-medium_large size-medium_large wp-image-40680\" alt=\"Relevo Team\" srcset=\"https:\/\/relevo.app\/wp-content\/uploads\/2022\/08\/1661332734243-768x659.jpg 768w, https:\/\/relevo.app\/wp-content\/uploads\/2022\/08\/1661332734243-300x257.jpg 300w, https:\/\/relevo.app\/wp-content\/uploads\/2022\/08\/1661332734243-1024x879.jpg 1024w, https:\/\/relevo.app\/wp-content\/uploads\/2022\/08\/1661332734243-1536x1318.jpg 1536w, https:\/\/relevo.app\/wp-content\/uploads\/2022\/08\/1661332734243-600x515.jpg 600w, https:\/\/relevo.app\/wp-content\/uploads\/2022\/08\/1661332734243.jpg 1790w\" sizes=\"(max-width: 768px) 100vw, 768px\" \/>\t\t\t\t\t\t\t\t\t\t\t\t\t\t\t<\/div>\n\t\t\t\t<\/div>\n\t\t\t\t<div class=\"elementor-element elementor-element-0265353 elementor-widget elementor-widget-text-editor\" data-id=\"0265353\" data-element_type=\"widget\" data-e-type=\"widget\" data-widget_type=\"text-editor.default\">\n\t\t\t\t<div class=\"elementor-widget-container\">\n\t\t\t\t\t\t\t\t\t<p id=\"docs-internal-guid-a8bd2fb1-7fff-8a05-9f8c-de823efc2295\" dir=\"ltr\" style=\"line-height: 1.38; margin-top: 3pt; margin-bottom: 3pt;\"><b><span style=\"font-size: 11pt; font-family: Arial; color: #000000; background-color: transparent; font-style: normal; font-variant: normal; text-decoration: none; vertical-align: baseline; white-space: pre-wrap;\">Neues aus dem Relevo Alltag \ud83d\ude0e<\/span><\/b><\/p>\n<p><\/p>\n<p dir=\"ltr\" style=\"line-height: 1.38; margin-top: 3pt; margin-bottom: 3pt;\"><span style=\"font-size: 11pt; font-family: Arial; color: #000000; background-color: transparent; font-weight: 400; font-style: normal; font-variant: normal; text-decoration: none; vertical-align: baseline; white-space: pre-wrap;\">Es gibt ihn noch, den Plausch an der Kaffeemaschine. Der perfekte Zeitpunkt, um bei unseren Kolleg:innen mal nachzufragen, wie ein typischer Relevo Tag f\u00fcr sie aussieht. Dieses Mal haben wir Annika und Caro abgefangen. Annika ist seit einem halben Jahr bei Relevo und erz\u00e4hlte uns unter anderem von ihrem Lieblingsmoment aus dieser Zeit; Caro ist in den letzten Z\u00fcgen ihres 3-monatigen Praktikums und zieht f\u00fcr uns Bilanz.<\/span><\/p>\n<p dir=\"ltr\" style=\"line-height: 1.38; margin-top: 3pt; margin-bottom: 3pt;\"><span style=\"font-size: 11pt; font-family: Arial; color: #000000; background-color: transparent; font-weight: 400; font-style: normal; font-variant: normal; text-decoration: none; vertical-align: baseline; white-space: pre-wrap;\">&nbsp;<\/span><\/p>\n<p><a style=\"text-decoration: none;\" href=\"https:\/\/relevo.app\/meet_the_team_2\/\"><span style=\"font-size: 11pt; font-family: Arial; color: #ffb300; background-color: transparent; font-weight: bold; font-style: normal; font-variant: normal; text-decoration: none; vertical-align: baseline; white-space: pre-wrap;\">Hier<\/span><\/a> <span style=\"font-size: 11pt; font-family: Arial; color: #000000; background-color: transparent; font-weight: 400; font-style: normal; font-variant: normal; text-decoration: none; vertical-align: baseline; white-space: pre-wrap;\">geht&#8217;s zu den Interviews. <\/span><\/p>\n<p><span style=\"font-size: 11pt; font-family: Rubik,sans-serif; color: #000000; background-color: transparent; font-weight: 400; font-style: normal; font-variant: normal; text-decoration: none; vertical-align: baseline; white-space: pre-wrap;\">Dein Relevo-Tea<\/span><span style=\"font-size: 11pt; font-family: Rubik,sans-serif; color: #000000; background-color: transparent; font-weight: 400; font-style: normal; font-variant: normal; text-decoration: none; vertical-align: baseline; white-space: pre-wrap;\">m <img decoding=\"async\" class=\"emoji\" role=\"img\" draggable=\"false\" src=\"https:\/\/s.w.org\/images\/core\/emoji\/14.0.0\/svg\/267b.svg\" alt=\"\u267b\ufe0f\"><br><\/span><\/p>\n<p><span style=\"font-size: 11pt; font-family: Rubik,sans-serif; color: #000000; background-color: transparent; font-weight: 400; font-style: normal; font-variant: normal; text-decoration: none; vertical-align: baseline; white-space: pre-wrap;\">&nbsp;<\/span><\/p>\n<p><\/p>\n<p><\/p>\n<p><span style=\"font-size: 11pt; font-family: Rubik,sans-serif; color: #000000; background-color: transparent; font-weight: 400; font-style: normal; font-variant: normal; text-decoration: none; vertical-align: baseline; white-space: pre-wrap;\">&nbsp;<\/span><\/p>\n<p><span style=\"font-size: 11pt; font-family: Rubik,sans-serif; color: #000000; background-color: transparent; font-weight: 400; font-style: normal; font-variant: normal; text-decoration: none; vertical-align: baseline; white-space: pre-wrap;\">&nbsp;<\/span><\/p>\n<p><\/p>\t\t\t\t\t\t\t\t<\/div>\n\t\t\t\t<\/div>\n\t\t\t\t\t<\/div>\n\t\t<\/div>\n\t\t\t\t\t<\/div>\n\t\t<\/section>\n\t\t\t\t<\/div>\n\t\t","protected":false},"excerpt":{"rendered":"<p>Neues aus dem Relevo Alltag \ud83d\ude0e Es gibt ihn noch, den Plausch an der Kaffeemaschine. Der perfekte Zeitpunkt, um bei unseren Kolleg:innen mal nachzufragen, wie ein typischer Relevo Tag f\u00fcr sie aussieht. Dieses Mal haben wir Annika und Caro abgefangen. Annika ist seit einem halben Jahr bei Relevo und erz\u00e4hlte uns unter anderem von ihrem [&hellip;]<\/p>\n","protected":false},"author":1,"featured_media":0,"parent":0,"menu_order":0,"comment_status":"closed","ping_status":"closed","template":"elementor_canvas","meta":{"content-type":"","om_disable_all_campaigns":false,"footnotes":""},"class_list":["post-40678","page","type-page","status-publish","hentry"],"yoast_head":"<!-- This site is optimized with the Yoast SEO plugin v27.4 - https:\/\/yoast.com\/product\/yoast-seo-wordpress\/ -->\n<title>App_GER_Team_ac - Relevo<\/title>\n<meta name=\"description\" content=\"Es gibt ihn noch, den Plausch an der Kaffeemaschine. Der perfekte Zeitpunkt, um in unserem Team mal nachzufragen, wie ein typischer Relevo Tag f\u00fcr sie aussieht.\" \/>\n<meta name=\"robots\" content=\"noindex, follow\" \/>\n<meta property=\"og:locale\" content=\"de_DE\" \/>\n<meta property=\"og:type\" content=\"article\" \/>\n<meta property=\"og:title\" content=\"App_GER_Team_ac - Relevo\" \/>\n<meta property=\"og:description\" content=\"Es gibt ihn noch, den Plausch an der Kaffeemaschine. Der perfekte Zeitpunkt, um in unserem Team mal nachzufragen, wie ein typischer Relevo Tag f\u00fcr sie aussieht.\" \/>\n<meta property=\"og:url\" content=\"https:\/\/relevo.app\/de\/app_ger_team_ac\/\" \/>\n<meta property=\"og:site_name\" content=\"Relevo\" \/>\n<meta property=\"article:modified_time\" content=\"2024-03-12T10:53:50+00:00\" \/>\n<meta property=\"og:image\" content=\"https:\/\/stage.relevo.app\/wp-content\/uploads\/2022\/08\/1661332734243-768x659.jpg\" \/>\n<meta name=\"twitter:card\" content=\"summary_large_image\" \/>\n<meta name=\"twitter:label1\" content=\"Gesch\u00e4tzte Lesezeit\" \/>\n\t<meta name=\"twitter:data1\" content=\"1\u00a0Minute\" \/>\n<script type=\"application\/ld+json\" class=\"yoast-schema-graph\">{\"@context\":\"https:\\\/\\\/schema.org\",\"@graph\":[{\"@type\":\"WebPage\",\"@id\":\"https:\\\/\\\/relevo.app\\\/de\\\/app_ger_team_ac\\\/\",\"url\":\"https:\\\/\\\/relevo.app\\\/de\\\/app_ger_team_ac\\\/\",\"name\":\"App_GER_Team_ac - Relevo\",\"isPartOf\":{\"@id\":\"https:\\\/\\\/relevo.app\\\/de\\\/#website\"},\"primaryImageOfPage\":{\"@id\":\"https:\\\/\\\/relevo.app\\\/de\\\/app_ger_team_ac\\\/#primaryimage\"},\"image\":{\"@id\":\"https:\\\/\\\/relevo.app\\\/de\\\/app_ger_team_ac\\\/#primaryimage\"},\"thumbnailUrl\":\"https:\\\/\\\/stage.relevo.app\\\/wp-content\\\/uploads\\\/2022\\\/08\\\/1661332734243-768x659.jpg\",\"datePublished\":\"2022-08-26T14:26:42+00:00\",\"dateModified\":\"2024-03-12T10:53:50+00:00\",\"description\":\"Es gibt ihn noch, den Plausch an der Kaffeemaschine. Der perfekte Zeitpunkt, um in unserem Team mal nachzufragen, wie ein typischer Relevo Tag f\u00fcr sie aussieht.\",\"breadcrumb\":{\"@id\":\"https:\\\/\\\/relevo.app\\\/de\\\/app_ger_team_ac\\\/#breadcrumb\"},\"inLanguage\":\"de\",\"potentialAction\":[{\"@type\":\"ReadAction\",\"target\":[\"https:\\\/\\\/relevo.app\\\/de\\\/app_ger_team_ac\\\/\"]}]},{\"@type\":\"ImageObject\",\"inLanguage\":\"de\",\"@id\":\"https:\\\/\\\/relevo.app\\\/de\\\/app_ger_team_ac\\\/#primaryimage\",\"url\":\"https:\\\/\\\/stage.relevo.app\\\/wp-content\\\/uploads\\\/2022\\\/08\\\/1661332734243-768x659.jpg\",\"contentUrl\":\"https:\\\/\\\/stage.relevo.app\\\/wp-content\\\/uploads\\\/2022\\\/08\\\/1661332734243-768x659.jpg\"},{\"@type\":\"BreadcrumbList\",\"@id\":\"https:\\\/\\\/relevo.app\\\/de\\\/app_ger_team_ac\\\/#breadcrumb\",\"itemListElement\":[{\"@type\":\"ListItem\",\"position\":1,\"name\":\"Home\",\"item\":\"https:\\\/\\\/relevo.app\\\/de\\\/\"},{\"@type\":\"ListItem\",\"position\":2,\"name\":\"App_GER_Team_ac\"}]},{\"@type\":\"WebSite\",\"@id\":\"https:\\\/\\\/relevo.app\\\/de\\\/#website\",\"url\":\"https:\\\/\\\/relevo.app\\\/de\\\/\",\"name\":\"Relevo\",\"description\":\"\",\"potentialAction\":[{\"@type\":\"SearchAction\",\"target\":{\"@type\":\"EntryPoint\",\"urlTemplate\":\"https:\\\/\\\/relevo.app\\\/de\\\/?s={search_term_string}\"},\"query-input\":{\"@type\":\"PropertyValueSpecification\",\"valueRequired\":true,\"valueName\":\"search_term_string\"}}],\"inLanguage\":\"de\"}]}<\/script>\n<!-- \/ Yoast SEO plugin. -->","yoast_head_json":{"title":"App_GER_Team_ac - Relevo","description":"Es gibt ihn noch, den Plausch an der Kaffeemaschine. Der perfekte Zeitpunkt, um in unserem Team mal nachzufragen, wie ein typischer Relevo Tag f\u00fcr sie aussieht.","robots":{"index":"noindex","follow":"follow"},"og_locale":"de_DE","og_type":"article","og_title":"App_GER_Team_ac - Relevo","og_description":"Es gibt ihn noch, den Plausch an der Kaffeemaschine. Der perfekte Zeitpunkt, um in unserem Team mal nachzufragen, wie ein typischer Relevo Tag f\u00fcr sie aussieht.","og_url":"https:\/\/relevo.app\/de\/app_ger_team_ac\/","og_site_name":"Relevo","article_modified_time":"2024-03-12T10:53:50+00:00","og_image":[{"url":"https:\/\/stage.relevo.app\/wp-content\/uploads\/2022\/08\/1661332734243-768x659.jpg","type":"","width":"","height":""}],"twitter_card":"summary_large_image","twitter_misc":{"Gesch\u00e4tzte Lesezeit":"1\u00a0Minute"},"schema":{"@context":"https:\/\/schema.org","@graph":[{"@type":"WebPage","@id":"https:\/\/relevo.app\/de\/app_ger_team_ac\/","url":"https:\/\/relevo.app\/de\/app_ger_team_ac\/","name":"App_GER_Team_ac - Relevo","isPartOf":{"@id":"https:\/\/relevo.app\/de\/#website"},"primaryImageOfPage":{"@id":"https:\/\/relevo.app\/de\/app_ger_team_ac\/#primaryimage"},"image":{"@id":"https:\/\/relevo.app\/de\/app_ger_team_ac\/#primaryimage"},"thumbnailUrl":"https:\/\/stage.relevo.app\/wp-content\/uploads\/2022\/08\/1661332734243-768x659.jpg","datePublished":"2022-08-26T14:26:42+00:00","dateModified":"2024-03-12T10:53:50+00:00","description":"Es gibt ihn noch, den Plausch an der Kaffeemaschine. Der perfekte Zeitpunkt, um in unserem Team mal nachzufragen, wie ein typischer Relevo Tag f\u00fcr sie aussieht.","breadcrumb":{"@id":"https:\/\/relevo.app\/de\/app_ger_team_ac\/#breadcrumb"},"inLanguage":"de","potentialAction":[{"@type":"ReadAction","target":["https:\/\/relevo.app\/de\/app_ger_team_ac\/"]}]},{"@type":"ImageObject","inLanguage":"de","@id":"https:\/\/relevo.app\/de\/app_ger_team_ac\/#primaryimage","url":"https:\/\/stage.relevo.app\/wp-content\/uploads\/2022\/08\/1661332734243-768x659.jpg","contentUrl":"https:\/\/stage.relevo.app\/wp-content\/uploads\/2022\/08\/1661332734243-768x659.jpg"},{"@type":"BreadcrumbList","@id":"https:\/\/relevo.app\/de\/app_ger_team_ac\/#breadcrumb","itemListElement":[{"@type":"ListItem","position":1,"name":"Home","item":"https:\/\/relevo.app\/de\/"},{"@type":"ListItem","position":2,"name":"App_GER_Team_ac"}]},{"@type":"WebSite","@id":"https:\/\/relevo.app\/de\/#website","url":"https:\/\/relevo.app\/de\/","name":"Relevo","description":"","potentialAction":[{"@type":"SearchAction","target":{"@type":"EntryPoint","urlTemplate":"https:\/\/relevo.app\/de\/?s={search_term_string}"},"query-input":{"@type":"PropertyValueSpecification","valueRequired":true,"valueName":"search_term_string"}}],"inLanguage":"de"}]}},"_links":{"self":[{"href":"https:\/\/relevo.app\/de\/wp-json\/wp\/v2\/pages\/40678","targetHints":{"allow":["GET"]}}],"collection":[{"href":"https:\/\/relevo.app\/de\/wp-json\/wp\/v2\/pages"}],"about":[{"href":"https:\/\/relevo.app\/de\/wp-json\/wp\/v2\/types\/page"}],"author":[{"embeddable":true,"href":"https:\/\/relevo.app\/de\/wp-json\/wp\/v2\/users\/1"}],"replies":[{"embeddable":true,"href":"https:\/\/relevo.app\/de\/wp-json\/wp\/v2\/comments?post=40678"}],"version-history":[{"count":4,"href":"https:\/\/relevo.app\/de\/wp-json\/wp\/v2\/pages\/40678\/revisions"}],"predecessor-version":[{"id":40683,"href":"https:\/\/relevo.app\/de\/wp-json\/wp\/v2\/pages\/40678\/revisions\/40683"}],"wp:attachment":[{"href":"https:\/\/relevo.app\/de\/wp-json\/wp\/v2\/media?parent=40678"}],"curies":[{"name":"wp","href":"https:\/\/api.w.org\/{rel}","templated":true}]}}