{"id":38088,"date":"2022-05-31T08:54:31","date_gmt":"2022-05-31T07:54:31","guid":{"rendered":"https:\/\/stage.relevo.app\/?page_id=38088"},"modified":"2024-06-17T11:23:24","modified_gmt":"2024-06-17T09:23:24","slug":"purpose","status":"publish","type":"page","link":"https:\/\/relevo.app\/de\/purpose\/","title":{"rendered":"Purpose"},"content":{"rendered":"\t\t<div data-elementor-type=\"wp-page\" data-elementor-id=\"38088\" class=\"elementor elementor-38088\" data-elementor-post-type=\"page\">\n\t\t\t\t\t\t<section class=\"elementor-section elementor-top-section elementor-element elementor-element-749f512 elementor-section-boxed elementor-section-height-default elementor-section-height-default\" data-id=\"749f512\" data-element_type=\"section\" data-e-type=\"section\" data-settings=\"{&quot;background_background&quot;:&quot;classic&quot;}\">\n\t\t\t\t\t\t\t<div class=\"elementor-background-overlay\"><\/div>\n\t\t\t\t\t\t\t<div class=\"elementor-container elementor-column-gap-default\">\n\t\t\t\t\t<div class=\"elementor-column elementor-col-100 elementor-top-column elementor-element elementor-element-ceae8da\" data-id=\"ceae8da\" data-element_type=\"column\" data-e-type=\"column\">\n\t\t\t<div class=\"elementor-widget-wrap elementor-element-populated\">\n\t\t\t\t\t\t<div class=\"elementor-element elementor-element-e4948ab elementor-widget elementor-widget-heading\" data-id=\"e4948ab\" data-element_type=\"widget\" data-e-type=\"widget\" data-widget_type=\"heading.default\">\n\t\t\t\t<div class=\"elementor-widget-container\">\n\t\t\t\t\t<h1 class=\"elementor-heading-title elementor-size-default\">Was ist dein Purpose?<\/h1>\t\t\t\t<\/div>\n\t\t\t\t<\/div>\n\t\t\t\t\t<\/div>\n\t\t<\/div>\n\t\t\t\t\t<\/div>\n\t\t<\/section>\n\t\t\t\t<section class=\"elementor-section elementor-top-section elementor-element elementor-element-9a5f12e elementor-section-boxed elementor-section-height-default elementor-section-height-default\" data-id=\"9a5f12e\" data-element_type=\"section\" data-e-type=\"section\">\n\t\t\t\t\t\t<div class=\"elementor-container elementor-column-gap-default\">\n\t\t\t\t\t<div class=\"elementor-column elementor-col-100 elementor-top-column elementor-element elementor-element-8336db4\" data-id=\"8336db4\" data-element_type=\"column\" data-e-type=\"column\">\n\t\t\t<div class=\"elementor-widget-wrap elementor-element-populated\">\n\t\t\t\t\t\t<div class=\"elementor-element elementor-element-ceabd3f elementor-widget elementor-widget-spacer\" data-id=\"ceabd3f\" data-element_type=\"widget\" data-e-type=\"widget\" data-widget_type=\"spacer.default\">\n\t\t\t\t<div class=\"elementor-widget-container\">\n\t\t\t\t\t\t\t<div class=\"elementor-spacer\">\n\t\t\t<div class=\"elementor-spacer-inner\"><\/div>\n\t\t<\/div>\n\t\t\t\t\t\t<\/div>\n\t\t\t\t<\/div>\n\t\t\t\t\t<\/div>\n\t\t<\/div>\n\t\t\t\t\t<\/div>\n\t\t<\/section>\n\t\t\t\t<section class=\"elementor-section elementor-top-section elementor-element elementor-element-f7a0f40 elementor-section-boxed elementor-section-height-default elementor-section-height-default\" data-id=\"f7a0f40\" data-element_type=\"section\" data-e-type=\"section\">\n\t\t\t\t\t\t<div class=\"elementor-container elementor-column-gap-default\">\n\t\t\t\t\t<div class=\"elementor-column elementor-col-100 elementor-top-column elementor-element elementor-element-0288097\" data-id=\"0288097\" data-element_type=\"column\" data-e-type=\"column\">\n\t\t\t<div class=\"elementor-widget-wrap elementor-element-populated\">\n\t\t\t\t\t\t<div class=\"elementor-element elementor-element-3a957ad elementor-widget elementor-widget-heading\" data-id=\"3a957ad\" data-element_type=\"widget\" data-e-type=\"widget\" data-widget_type=\"heading.default\">\n\t\t\t\t<div class=\"elementor-widget-container\">\n\t\t\t\t\t<h2 class=\"elementor-heading-title elementor-size-default\">Purpose - was es damit auf sich hat und warum es nicht ohne ihn geht<\/h2>\t\t\t\t<\/div>\n\t\t\t\t<\/div>\n\t\t\t\t\t<\/div>\n\t\t<\/div>\n\t\t\t\t\t<\/div>\n\t\t<\/section>\n\t\t\t\t<section class=\"elementor-section elementor-top-section elementor-element elementor-element-1f605c8 elementor-section-boxed elementor-section-height-default elementor-section-height-default\" data-id=\"1f605c8\" data-element_type=\"section\" data-e-type=\"section\">\n\t\t\t\t\t\t<div class=\"elementor-container elementor-column-gap-default\">\n\t\t\t\t\t<div class=\"elementor-column elementor-col-100 elementor-top-column elementor-element elementor-element-f05876f\" data-id=\"f05876f\" data-element_type=\"column\" data-e-type=\"column\">\n\t\t\t<div class=\"elementor-widget-wrap elementor-element-populated\">\n\t\t\t\t\t\t<div class=\"elementor-element elementor-element-cfede42 elementor-widget elementor-widget-text-editor\" data-id=\"cfede42\" data-element_type=\"widget\" data-e-type=\"widget\" data-widget_type=\"text-editor.default\">\n\t\t\t\t<div class=\"elementor-widget-container\">\n\t\t\t\t\t\t\t\t\t<p>In einem Punkt sind sich die Vision\u00e4re der Unternehmerwelt in den vergangenen Jahren sehr einig geworden: Eine Firma braucht einen Purpose. Geht es in unserer Gesellschaft um das Arbeitsleben, ist dieser Begriff fast nicht mehr wegzudenken, er ist nahezu omnipr\u00e4sent. Es scheint so, als w\u00fcrde der Begriff inflation\u00e4r verwendet, nicht nur im Kontext von Unternehmen, sondern auch, wenn es um das pers\u00f6nliche Leben geht. Denn wer hat sich nicht schon einmal Fragen gestellt wie \u201cWof\u00fcr mache ich das alles eigentlich?\u201d oder \u201cMacht mein Leben so Sinn, wie es ist?\u201d Der Purpose kann diese Fragen beantworten. Aber von Anfang an.<\/p>\t\t\t\t\t\t\t\t<\/div>\n\t\t\t\t<\/div>\n\t\t\t\t\t<\/div>\n\t\t<\/div>\n\t\t\t\t\t<\/div>\n\t\t<\/section>\n\t\t\t\t<section class=\"elementor-section elementor-top-section elementor-element elementor-element-dcee3bd elementor-section-boxed elementor-section-height-default elementor-section-height-default\" data-id=\"dcee3bd\" data-element_type=\"section\" data-e-type=\"section\">\n\t\t\t\t\t\t<div class=\"elementor-container elementor-column-gap-default\">\n\t\t\t\t\t<div class=\"elementor-column elementor-col-100 elementor-top-column elementor-element elementor-element-0570405\" data-id=\"0570405\" data-element_type=\"column\" data-e-type=\"column\">\n\t\t\t<div class=\"elementor-widget-wrap elementor-element-populated\">\n\t\t\t\t\t\t<div class=\"elementor-element elementor-element-af428f8 elementor-widget elementor-widget-heading\" data-id=\"af428f8\" data-element_type=\"widget\" data-e-type=\"widget\" data-widget_type=\"heading.default\">\n\t\t\t\t<div class=\"elementor-widget-container\">\n\t\t\t\t\t<h2 class=\"elementor-heading-title elementor-size-medium\">Was steckt hinter dem Begriff \u201cPurpose\u201d?<\/h2>\t\t\t\t<\/div>\n\t\t\t\t<\/div>\n\t\t\t\t\t<\/div>\n\t\t<\/div>\n\t\t\t\t\t<\/div>\n\t\t<\/section>\n\t\t\t\t<section class=\"elementor-section elementor-top-section elementor-element elementor-element-29022df elementor-section-boxed elementor-section-height-default elementor-section-height-default\" data-id=\"29022df\" data-element_type=\"section\" data-e-type=\"section\">\n\t\t\t\t\t\t<div class=\"elementor-container elementor-column-gap-default\">\n\t\t\t\t\t<div class=\"elementor-column elementor-col-100 elementor-top-column elementor-element elementor-element-abe2786\" data-id=\"abe2786\" data-element_type=\"column\" data-e-type=\"column\">\n\t\t\t<div class=\"elementor-widget-wrap elementor-element-populated\">\n\t\t\t\t\t\t<div class=\"elementor-element elementor-element-af7ca98 elementor-widget elementor-widget-text-editor\" data-id=\"af7ca98\" data-element_type=\"widget\" data-e-type=\"widget\" data-widget_type=\"text-editor.default\">\n\t\t\t\t<div class=\"elementor-widget-container\">\n\t\t\t\t\t\t\t\t\t<p>Per Definition handelt es sich bei einem Purpose um den Beitrag (einer Organisation), mit dem eine bestimmte Wirkung erzielt wird. Diese Wirkung ist im Idealfall positiv und hat zudem etwas mit dem Gemeinwohl zu tun. Es geht also um die Frage nach dem Daseinszweck oder der Daseinsberechtigung einer Organisation.<\/p>\t\t\t\t\t\t\t\t<\/div>\n\t\t\t\t<\/div>\n\t\t\t\t\t<\/div>\n\t\t<\/div>\n\t\t\t\t\t<\/div>\n\t\t<\/section>\n\t\t\t\t<section class=\"elementor-section elementor-top-section elementor-element elementor-element-008a551 elementor-section-boxed elementor-section-height-default elementor-section-height-default\" data-id=\"008a551\" data-element_type=\"section\" data-e-type=\"section\">\n\t\t\t\t\t\t<div class=\"elementor-container elementor-column-gap-default\">\n\t\t\t\t\t<div class=\"elementor-column elementor-col-100 elementor-top-column elementor-element elementor-element-23ba94c\" data-id=\"23ba94c\" data-element_type=\"column\" data-e-type=\"column\">\n\t\t\t<div class=\"elementor-widget-wrap elementor-element-populated\">\n\t\t\t\t\t\t<div class=\"elementor-element elementor-element-d13f075 elementor-widget elementor-widget-heading\" data-id=\"d13f075\" data-element_type=\"widget\" data-e-type=\"widget\" data-widget_type=\"heading.default\">\n\t\t\t\t<div class=\"elementor-widget-container\">\n\t\t\t\t\t<h2 class=\"elementor-heading-title elementor-size-medium\">Die Daseinsberechtigung von Relevo<\/h2>\t\t\t\t<\/div>\n\t\t\t\t<\/div>\n\t\t\t\t\t<\/div>\n\t\t<\/div>\n\t\t\t\t\t<\/div>\n\t\t<\/section>\n\t\t\t\t<section class=\"elementor-section elementor-top-section elementor-element elementor-element-1c3a603 elementor-section-boxed elementor-section-height-default elementor-section-height-default\" data-id=\"1c3a603\" data-element_type=\"section\" data-e-type=\"section\">\n\t\t\t\t\t\t<div class=\"elementor-container elementor-column-gap-default\">\n\t\t\t\t\t<div class=\"elementor-column elementor-col-100 elementor-top-column elementor-element elementor-element-dcba562\" data-id=\"dcba562\" data-element_type=\"column\" data-e-type=\"column\">\n\t\t\t<div class=\"elementor-widget-wrap elementor-element-populated\">\n\t\t\t\t\t\t<div class=\"elementor-element elementor-element-6154f25 elementor-widget elementor-widget-text-editor\" data-id=\"6154f25\" data-element_type=\"widget\" data-e-type=\"widget\" data-widget_type=\"text-editor.default\">\n\t\t\t\t<div class=\"elementor-widget-container\">\n\t\t\t\t\t\t\t\t\t<p>Wir von Relevo sehen uns als beitragsorientiertes Unternehmen. Im Rahmen eines mehrt\u00e4gigen Offsites wollten wir uns mit unserem Beitrag genauer besch\u00e4ftigen und vor allem mit der Wirkung, die wir erzielen. Ziel war es, sich dem \u201cPurpose\u201d gemeinsam im Team anzun\u00e4hern, um sicherzustellen, dass sich letztendlich alle Mitarbeiter:innen &#8211; vom Gr\u00fcnder bis zur Praktikantin &#8211; damit identifizieren k\u00f6nnen.<\/p>\t\t\t\t\t\t\t\t<\/div>\n\t\t\t\t<\/div>\n\t\t\t\t\t<\/div>\n\t\t<\/div>\n\t\t\t\t\t<\/div>\n\t\t<\/section>\n\t\t\t\t<section class=\"elementor-section elementor-top-section elementor-element elementor-element-0cbf6bb elementor-section-boxed elementor-section-height-default elementor-section-height-default\" data-id=\"0cbf6bb\" data-element_type=\"section\" data-e-type=\"section\">\n\t\t\t\t\t\t<div class=\"elementor-container elementor-column-gap-default\">\n\t\t\t\t\t<div class=\"elementor-column elementor-col-100 elementor-top-column elementor-element elementor-element-a7e8b49\" data-id=\"a7e8b49\" data-element_type=\"column\" data-e-type=\"column\">\n\t\t\t<div class=\"elementor-widget-wrap elementor-element-populated\">\n\t\t\t\t\t\t<div class=\"elementor-element elementor-element-a2c4bc1 elementor-widget elementor-widget-heading\" data-id=\"a2c4bc1\" data-element_type=\"widget\" data-e-type=\"widget\" data-widget_type=\"heading.default\">\n\t\t\t\t<div class=\"elementor-widget-container\">\n\t\t\t\t\t<h2 class=\"elementor-heading-title elementor-size-medium\">Die pers\u00f6nliche Motivation als Ausgangspunkt<\/h2>\t\t\t\t<\/div>\n\t\t\t\t<\/div>\n\t\t\t\t\t<\/div>\n\t\t<\/div>\n\t\t\t\t\t<\/div>\n\t\t<\/section>\n\t\t\t\t<section class=\"elementor-section elementor-top-section elementor-element elementor-element-eee7d93 elementor-section-boxed elementor-section-height-default elementor-section-height-default\" data-id=\"eee7d93\" data-element_type=\"section\" data-e-type=\"section\">\n\t\t\t\t\t\t<div class=\"elementor-container elementor-column-gap-default\">\n\t\t\t\t\t<div class=\"elementor-column elementor-col-100 elementor-top-column elementor-element elementor-element-c5abd4f\" data-id=\"c5abd4f\" data-element_type=\"column\" data-e-type=\"column\">\n\t\t\t<div class=\"elementor-widget-wrap elementor-element-populated\">\n\t\t\t\t\t\t<div class=\"elementor-element elementor-element-ad5f7d6 elementor-widget elementor-widget-text-editor\" data-id=\"ad5f7d6\" data-element_type=\"widget\" data-e-type=\"widget\" data-widget_type=\"text-editor.default\">\n\t\t\t\t<div class=\"elementor-widget-container\">\n\t\t\t\t\t\t\t\t\t<p>Letztendlich sollte die Wirkung der Organisation, f\u00fcr die man arbeitet, mit dem zusammenpassen, was man selbst als Mensch zum gesellschaftlichen Leben in die Welt bringen m\u00f6chte. Wir stellten uns deshalb die Frage: \u201cWarum stehe ich morgens auf und gehe zur Arbeit?\u201d Eine der Antworten, die aus dem Team kamen, war: \u201cUm der Menschheit das Thema &#8222;Nachhaltigkeit&#8220; n\u00e4herzubringen und gemeinsam etwas Gutes zu schaffen\u201d. Dieser Satz macht deutlich, wie wichtig das Thema Beitragsorientierung nicht nur auf Unternehmensseite, sondern auch auf der Ebene der Mitarbeitenden ist.<\/p>\t\t\t\t\t\t\t\t<\/div>\n\t\t\t\t<\/div>\n\t\t\t\t\t<\/div>\n\t\t<\/div>\n\t\t\t\t\t<\/div>\n\t\t<\/section>\n\t\t\t\t<section class=\"elementor-section elementor-top-section elementor-element elementor-element-1c8f667 elementor-section-boxed elementor-section-height-default elementor-section-height-default\" data-id=\"1c8f667\" data-element_type=\"section\" data-e-type=\"section\">\n\t\t\t\t\t\t<div class=\"elementor-container elementor-column-gap-default\">\n\t\t\t\t\t<div class=\"elementor-column elementor-col-100 elementor-top-column elementor-element elementor-element-3bbbca7\" data-id=\"3bbbca7\" data-element_type=\"column\" data-e-type=\"column\">\n\t\t\t<div class=\"elementor-widget-wrap elementor-element-populated\">\n\t\t\t\t\t\t<div class=\"elementor-element elementor-element-5f2ad92 elementor-widget elementor-widget-heading\" data-id=\"5f2ad92\" data-element_type=\"widget\" data-e-type=\"widget\" data-widget_type=\"heading.default\">\n\t\t\t\t<div class=\"elementor-widget-container\">\n\t\t\t\t\t<h2 class=\"elementor-heading-title elementor-size-medium\">Wandel der Einstellung zur eigenen Arbeit<\/h2>\t\t\t\t<\/div>\n\t\t\t\t<\/div>\n\t\t\t\t\t<\/div>\n\t\t<\/div>\n\t\t\t\t\t<\/div>\n\t\t<\/section>\n\t\t\t\t<section class=\"elementor-section elementor-top-section elementor-element elementor-element-1012f42 elementor-section-boxed elementor-section-height-default elementor-section-height-default\" data-id=\"1012f42\" data-element_type=\"section\" data-e-type=\"section\">\n\t\t\t\t\t\t<div class=\"elementor-container elementor-column-gap-default\">\n\t\t\t\t\t<div class=\"elementor-column elementor-col-100 elementor-top-column elementor-element elementor-element-047bec1\" data-id=\"047bec1\" data-element_type=\"column\" data-e-type=\"column\">\n\t\t\t<div class=\"elementor-widget-wrap elementor-element-populated\">\n\t\t\t\t\t\t<div class=\"elementor-element elementor-element-e2b84d8 elementor-widget elementor-widget-text-editor\" data-id=\"e2b84d8\" data-element_type=\"widget\" data-e-type=\"widget\" data-widget_type=\"text-editor.default\">\n\t\t\t\t<div class=\"elementor-widget-container\">\n\t\t\t\t\t\t\t\t\t<p>Lebst du um zu arbeiten oder arbeitest du um zu leben? Diese Frage l\u00e4sst sich heute nicht mehr mit Antwort A oder Antwort B beantworten, sie liegt vielmehr in sehr vielen Facetten dazwischen. Angestellte sehnen sich nicht mehr nur nach finanzieller Sicherheit, um ein gutes Leben f\u00fchren zu k\u00f6nnen, sondern wollen immer mehr auch einen Nutzen schmieden und eine sinnstiftende Wirkung erzielen.<\/p>\t\t\t\t\t\t\t\t<\/div>\n\t\t\t\t<\/div>\n\t\t\t\t\t<\/div>\n\t\t<\/div>\n\t\t\t\t\t<\/div>\n\t\t<\/section>\n\t\t\t\t<section class=\"elementor-section elementor-top-section elementor-element elementor-element-af09e97 elementor-section-boxed elementor-section-height-default elementor-section-height-default\" data-id=\"af09e97\" data-element_type=\"section\" data-e-type=\"section\">\n\t\t\t\t\t\t<div class=\"elementor-container elementor-column-gap-default\">\n\t\t\t\t\t<div class=\"elementor-column elementor-col-100 elementor-top-column elementor-element elementor-element-db68f5a\" data-id=\"db68f5a\" data-element_type=\"column\" data-e-type=\"column\">\n\t\t\t<div class=\"elementor-widget-wrap elementor-element-populated\">\n\t\t\t\t\t\t<div class=\"elementor-element elementor-element-18308f7 elementor-widget elementor-widget-heading\" data-id=\"18308f7\" data-element_type=\"widget\" data-e-type=\"widget\" data-widget_type=\"heading.default\">\n\t\t\t\t<div class=\"elementor-widget-container\">\n\t\t\t\t\t<h2 class=\"elementor-heading-title elementor-size-medium\">Purpose \u2260 Claim<\/h2>\t\t\t\t<\/div>\n\t\t\t\t<\/div>\n\t\t\t\t\t<\/div>\n\t\t<\/div>\n\t\t\t\t\t<\/div>\n\t\t<\/section>\n\t\t\t\t<section class=\"elementor-section elementor-top-section elementor-element elementor-element-20976d2 elementor-section-boxed elementor-section-height-default elementor-section-height-default\" data-id=\"20976d2\" data-element_type=\"section\" data-e-type=\"section\">\n\t\t\t\t\t\t<div class=\"elementor-container elementor-column-gap-default\">\n\t\t\t\t\t<div class=\"elementor-column elementor-col-100 elementor-top-column elementor-element elementor-element-e56062b\" data-id=\"e56062b\" data-element_type=\"column\" data-e-type=\"column\">\n\t\t\t<div class=\"elementor-widget-wrap elementor-element-populated\">\n\t\t\t\t\t\t<div class=\"elementor-element elementor-element-a244841 elementor-widget elementor-widget-text-editor\" data-id=\"a244841\" data-element_type=\"widget\" data-e-type=\"widget\" data-widget_type=\"text-editor.default\">\n\t\t\t\t<div class=\"elementor-widget-container\">\n\t\t\t\t\t\t\t\t\t<p>Bei der Definition eines Purpose muss es nicht automatisch immer um die Rettung der Welt gehen. Wichtig sind hier Authentizit\u00e4t, Ehrlichkeit und Pr\u00e4zision, um eine m\u00f6glichst gute Identifikationsfl\u00e4che f\u00fcr Mitarbeitende, Kund:innen und Partner:innen zu bieten. Es geht nicht darum, sich von einer Agentur einen fesselnden Claim formulieren zu lassen, der zum Beispiel zum Kauf eines Produkts animiert. Vielmehr geht es darum, dass wir als Company ein Umfeld aufbauen, in dem wir alle, sowohl als Mitarbeiter:innen als auch als Individuen, einen Sinn finden k\u00f6nnen.<\/p>\t\t\t\t\t\t\t\t<\/div>\n\t\t\t\t<\/div>\n\t\t\t\t\t<\/div>\n\t\t<\/div>\n\t\t\t\t\t<\/div>\n\t\t<\/section>\n\t\t\t\t<\/div>\n\t\t","protected":false},"excerpt":{"rendered":"<p>Was ist dein Purpose? Purpose &#8211; was es damit auf sich hat und warum es nicht ohne ihn geht In einem Punkt sind sich die Vision\u00e4re der Unternehmerwelt in den vergangenen Jahren sehr einig geworden: Eine Firma braucht einen Purpose. Geht es in unserer Gesellschaft um das Arbeitsleben, ist dieser Begriff fast nicht mehr wegzudenken, [&hellip;]<\/p>\n","protected":false},"author":1,"featured_media":0,"parent":0,"menu_order":0,"comment_status":"closed","ping_status":"closed","template":"elementor_canvas","meta":{"content-type":"","om_disable_all_campaigns":false,"footnotes":""},"class_list":["post-38088","page","type-page","status-publish","hentry"],"yoast_head":"<!-- This site is optimized with the Yoast SEO plugin v27.4 - https:\/\/yoast.com\/product\/yoast-seo-wordpress\/ -->\n<title>Was ist dein Purpose? - Relevo<\/title>\n<meta name=\"description\" content=\"Purpose - Was ist da eigentlich gemeint? Was genau es damit auf sich hat und warum es nicht ohne ihn geht findest du hier.\" \/>\n<meta name=\"robots\" content=\"index, follow, max-snippet:-1, max-image-preview:large, max-video-preview:-1\" \/>\n<link rel=\"canonical\" href=\"https:\/\/relevo.app\/de\/purpose\/\" \/>\n<meta property=\"og:locale\" content=\"de_DE\" \/>\n<meta property=\"og:type\" content=\"article\" \/>\n<meta property=\"og:title\" content=\"Was ist dein Purpose? - Relevo\" \/>\n<meta property=\"og:description\" content=\"Purpose - Was ist da eigentlich gemeint? Was genau es damit auf sich hat und warum es nicht ohne ihn geht findest du hier.\" \/>\n<meta property=\"og:url\" content=\"https:\/\/relevo.app\/de\/purpose\/\" \/>\n<meta property=\"og:site_name\" content=\"Relevo\" \/>\n<meta property=\"article:modified_time\" content=\"2024-06-17T09:23:24+00:00\" \/>\n<meta name=\"twitter:card\" content=\"summary_large_image\" \/>\n<meta name=\"twitter:label1\" content=\"Gesch\u00e4tzte Lesezeit\" \/>\n\t<meta name=\"twitter:data1\" content=\"3\u00a0Minuten\" \/>\n<script type=\"application\/ld+json\" class=\"yoast-schema-graph\">{\"@context\":\"https:\\\/\\\/schema.org\",\"@graph\":[{\"@type\":\"WebPage\",\"@id\":\"https:\\\/\\\/relevo.app\\\/de\\\/purpose\\\/\",\"url\":\"https:\\\/\\\/relevo.app\\\/de\\\/purpose\\\/\",\"name\":\"Was ist dein Purpose? - Relevo\",\"isPartOf\":{\"@id\":\"https:\\\/\\\/relevo.app\\\/de\\\/#website\"},\"datePublished\":\"2022-05-31T07:54:31+00:00\",\"dateModified\":\"2024-06-17T09:23:24+00:00\",\"description\":\"Purpose - Was ist da eigentlich gemeint? Was genau es damit auf sich hat und warum es nicht ohne ihn geht findest du hier.\",\"breadcrumb\":{\"@id\":\"https:\\\/\\\/relevo.app\\\/de\\\/purpose\\\/#breadcrumb\"},\"inLanguage\":\"de\",\"potentialAction\":[{\"@type\":\"ReadAction\",\"target\":[\"https:\\\/\\\/relevo.app\\\/de\\\/purpose\\\/\"]}]},{\"@type\":\"BreadcrumbList\",\"@id\":\"https:\\\/\\\/relevo.app\\\/de\\\/purpose\\\/#breadcrumb\",\"itemListElement\":[{\"@type\":\"ListItem\",\"position\":1,\"name\":\"Home\",\"item\":\"https:\\\/\\\/relevo.app\\\/de\\\/\"},{\"@type\":\"ListItem\",\"position\":2,\"name\":\"Purpose\"}]},{\"@type\":\"WebSite\",\"@id\":\"https:\\\/\\\/relevo.app\\\/de\\\/#website\",\"url\":\"https:\\\/\\\/relevo.app\\\/de\\\/\",\"name\":\"Relevo\",\"description\":\"\",\"potentialAction\":[{\"@type\":\"SearchAction\",\"target\":{\"@type\":\"EntryPoint\",\"urlTemplate\":\"https:\\\/\\\/relevo.app\\\/de\\\/?s={search_term_string}\"},\"query-input\":{\"@type\":\"PropertyValueSpecification\",\"valueRequired\":true,\"valueName\":\"search_term_string\"}}],\"inLanguage\":\"de\"}]}<\/script>\n<!-- \/ Yoast SEO plugin. -->","yoast_head_json":{"title":"Was ist dein Purpose? - Relevo","description":"Purpose - Was ist da eigentlich gemeint? Was genau es damit auf sich hat und warum es nicht ohne ihn geht findest du hier.","robots":{"index":"index","follow":"follow","max-snippet":"max-snippet:-1","max-image-preview":"max-image-preview:large","max-video-preview":"max-video-preview:-1"},"canonical":"https:\/\/relevo.app\/de\/purpose\/","og_locale":"de_DE","og_type":"article","og_title":"Was ist dein Purpose? - Relevo","og_description":"Purpose - Was ist da eigentlich gemeint? Was genau es damit auf sich hat und warum es nicht ohne ihn geht findest du hier.","og_url":"https:\/\/relevo.app\/de\/purpose\/","og_site_name":"Relevo","article_modified_time":"2024-06-17T09:23:24+00:00","twitter_card":"summary_large_image","twitter_misc":{"Gesch\u00e4tzte Lesezeit":"3\u00a0Minuten"},"schema":{"@context":"https:\/\/schema.org","@graph":[{"@type":"WebPage","@id":"https:\/\/relevo.app\/de\/purpose\/","url":"https:\/\/relevo.app\/de\/purpose\/","name":"Was ist dein Purpose? - Relevo","isPartOf":{"@id":"https:\/\/relevo.app\/de\/#website"},"datePublished":"2022-05-31T07:54:31+00:00","dateModified":"2024-06-17T09:23:24+00:00","description":"Purpose - Was ist da eigentlich gemeint? Was genau es damit auf sich hat und warum es nicht ohne ihn geht findest du hier.","breadcrumb":{"@id":"https:\/\/relevo.app\/de\/purpose\/#breadcrumb"},"inLanguage":"de","potentialAction":[{"@type":"ReadAction","target":["https:\/\/relevo.app\/de\/purpose\/"]}]},{"@type":"BreadcrumbList","@id":"https:\/\/relevo.app\/de\/purpose\/#breadcrumb","itemListElement":[{"@type":"ListItem","position":1,"name":"Home","item":"https:\/\/relevo.app\/de\/"},{"@type":"ListItem","position":2,"name":"Purpose"}]},{"@type":"WebSite","@id":"https:\/\/relevo.app\/de\/#website","url":"https:\/\/relevo.app\/de\/","name":"Relevo","description":"","potentialAction":[{"@type":"SearchAction","target":{"@type":"EntryPoint","urlTemplate":"https:\/\/relevo.app\/de\/?s={search_term_string}"},"query-input":{"@type":"PropertyValueSpecification","valueRequired":true,"valueName":"search_term_string"}}],"inLanguage":"de"}]}},"_links":{"self":[{"href":"https:\/\/relevo.app\/de\/wp-json\/wp\/v2\/pages\/38088","targetHints":{"allow":["GET"]}}],"collection":[{"href":"https:\/\/relevo.app\/de\/wp-json\/wp\/v2\/pages"}],"about":[{"href":"https:\/\/relevo.app\/de\/wp-json\/wp\/v2\/types\/page"}],"author":[{"embeddable":true,"href":"https:\/\/relevo.app\/de\/wp-json\/wp\/v2\/users\/1"}],"replies":[{"embeddable":true,"href":"https:\/\/relevo.app\/de\/wp-json\/wp\/v2\/comments?post=38088"}],"version-history":[{"count":20,"href":"https:\/\/relevo.app\/de\/wp-json\/wp\/v2\/pages\/38088\/revisions"}],"predecessor-version":[{"id":38272,"href":"https:\/\/relevo.app\/de\/wp-json\/wp\/v2\/pages\/38088\/revisions\/38272"}],"wp:attachment":[{"href":"https:\/\/relevo.app\/de\/wp-json\/wp\/v2\/media?parent=38088"}],"curies":[{"name":"wp","href":"https:\/\/api.w.org\/{rel}","templated":true}]}}