{"id":38067,"date":"2022-05-25T18:40:32","date_gmt":"2022-05-25T17:40:32","guid":{"rendered":"https:\/\/stage.relevo.app\/?page_id=38067"},"modified":"2024-03-12T11:48:39","modified_gmt":"2024-03-12T10:48:39","slug":"app_ger_news_zahlungsmethode","status":"publish","type":"page","link":"https:\/\/relevo.app\/de\/app_ger_news_zahlungsmethode\/","title":{"rendered":"App_GER_News_Zahlungsmethode"},"content":{"rendered":"\t\t<div data-elementor-type=\"wp-page\" data-elementor-id=\"38067\" class=\"elementor elementor-38067\" data-elementor-post-type=\"page\">\n\t\t\t\t\t\t<section class=\"elementor-section elementor-top-section elementor-element elementor-element-d3faaab elementor-section-boxed elementor-section-height-default elementor-section-height-default\" data-id=\"d3faaab\" data-element_type=\"section\" data-e-type=\"section\">\n\t\t\t\t\t\t<div class=\"elementor-container elementor-column-gap-default\">\n\t\t\t\t\t<div class=\"elementor-column elementor-col-100 elementor-top-column elementor-element elementor-element-f87883f\" data-id=\"f87883f\" data-element_type=\"column\" data-e-type=\"column\">\n\t\t\t<div class=\"elementor-widget-wrap elementor-element-populated\">\n\t\t\t\t\t\t<div class=\"elementor-element elementor-element-8d66f34 elementor-widget elementor-widget-image\" data-id=\"8d66f34\" data-element_type=\"widget\" data-e-type=\"widget\" data-widget_type=\"image.default\">\n\t\t\t\t<div class=\"elementor-widget-container\">\n\t\t\t\t\t\t\t\t\t\t\t\t\t\t\t<img decoding=\"async\" width=\"125\" height=\"184\" src=\"https:\/\/relevo.app\/wp-content\/uploads\/2022\/05\/Blumenliebhaber2.png\" class=\"attachment-large size-large wp-image-38059\" alt=\"Blumenliebhaberin\" \/>\t\t\t\t\t\t\t\t\t\t\t\t\t\t\t<\/div>\n\t\t\t\t<\/div>\n\t\t\t\t<div class=\"elementor-element elementor-element-0265353 elementor-widget elementor-widget-text-editor\" data-id=\"0265353\" data-element_type=\"widget\" data-e-type=\"widget\" data-widget_type=\"text-editor.default\">\n\t\t\t\t<div class=\"elementor-widget-container\">\n\t\t\t\t\t\t\t\t\t<p><b>Zahlungsmethode &amp; Datenschutz<\/b><\/p>\n<p>Relevo ist kostenlos, aber du musst eine Zahlungsmethode angeben &#8211; wie passt dies zusammen? <img decoding=\"async\" draggable=\"false\" role=\"img\" class=\"emoji\" alt=\"\ud83e\udd14\" src=\"https:\/\/s.w.org\/images\/core\/emoji\/14.0.0\/svg\/1f914.svg\"><\/p>\n<p>Keine Sorge, Relevo berechnet dir f\u00fcr die Nutzung des Mehrwegsystem keinen Cent! <img decoding=\"async\" draggable=\"false\" role=\"img\" class=\"emoji\" alt=\"\ud83c\udf89\" src=\"https:\/\/s.w.org\/images\/core\/emoji\/14.0.0\/svg\/1f389.svg\"> Deine Zahlungsinformationen ben\u00f6tigen wir nur f\u00fcr den Fall, dass du dein Geschirr nicht fristgerecht innerhalb von 14 Tagen (bzw. nach deiner Verl\u00e4ngerung um 5 Tage) zur\u00fcckgibst.)&nbsp;<\/p>\n<p>In diesem Fall wird dir eine Klimageb\u00fchr von 10\u20ac f\u00fcr eine Schale bzw. 5\u20ac f\u00fcr einen Becher abgebucht. Weitere Kosten entstehen nicht f\u00fcr dich! <img decoding=\"async\" draggable=\"false\" role=\"img\" class=\"emoji\" alt=\"\u263a\ufe0f\" src=\"https:\/\/s.w.org\/images\/core\/emoji\/14.0.0\/svg\/263a.svg\"><\/p>\n<p><i><img decoding=\"async\" draggable=\"false\" role=\"img\" class=\"emoji\" alt=\"\ud83d\udca1\" src=\"https:\/\/s.w.org\/images\/core\/emoji\/14.0.0\/svg\/1f4a1.svg\"> Relevo-Tipp: Wenn es zeitlich knapp wird, nutze doch einfach den Friend-Return!&nbsp;<\/i><\/p>\n<p>Auch um die Sicherheit deiner Daten musst du dir keine Gedanken machen. Relevo speichert keine Zahlungsdaten und hat auch keinen Zugriff auf sie. Deine Daten werden durch eine API direkt an unsere Third-Party Payment Processor geschickt und dort mit h\u00f6chsten Sicherheitsstandards gespeichert. Auch in deiner Relevo-App sind keine vollst\u00e4ndigen Zahlungsdaten sichtbar.<\/p>\n<p><\/p>\n<p>Falls du weitere Fragen zu unserem Mehrwegsystem hast, schreib uns gerne eine Nachricht \u00fcber das Kontaktformular.<\/p>\n<p>Dein Relevo-Team <img decoding=\"async\" draggable=\"false\" role=\"img\" class=\"emoji\" alt=\"\ud83d\udc9a\" src=\"https:\/\/s.w.org\/images\/core\/emoji\/14.0.0\/svg\/1f49a.svg\"><\/p>\n<p><\/p>\t\t\t\t\t\t\t\t<\/div>\n\t\t\t\t<\/div>\n\t\t\t\t\t<\/div>\n\t\t<\/div>\n\t\t\t\t\t<\/div>\n\t\t<\/section>\n\t\t\t\t<\/div>\n\t\t","protected":false},"excerpt":{"rendered":"<p>Zahlungsmethode &amp; Datenschutz Relevo ist kostenlos, aber du musst eine Zahlungsmethode angeben &#8211; wie passt dies zusammen? Keine Sorge, Relevo berechnet dir f\u00fcr die Nutzung des Mehrwegsystem keinen Cent! Deine Zahlungsinformationen ben\u00f6tigen wir nur f\u00fcr den Fall, dass du dein Geschirr nicht fristgerecht innerhalb von 14 Tagen (bzw. nach deiner Verl\u00e4ngerung um 5 Tage) zur\u00fcckgibst.)&nbsp; [&hellip;]<\/p>\n","protected":false},"author":1,"featured_media":0,"parent":0,"menu_order":0,"comment_status":"closed","ping_status":"closed","template":"elementor_canvas","meta":{"content-type":"","om_disable_all_campaigns":false,"footnotes":""},"class_list":["post-38067","page","type-page","status-publish","hentry"],"yoast_head":"<!-- This site is optimized with the Yoast SEO plugin v27.4 - https:\/\/yoast.com\/product\/yoast-seo-wordpress\/ -->\n<title>App_GER_News_Zahlungsmethode - Relevo<\/title>\n<meta name=\"robots\" content=\"noindex, follow\" \/>\n<meta property=\"og:locale\" content=\"de_DE\" \/>\n<meta property=\"og:type\" content=\"article\" \/>\n<meta property=\"og:title\" content=\"App_GER_News_Zahlungsmethode - Relevo\" \/>\n<meta property=\"og:description\" content=\"Zahlungsmethode &amp; Datenschutz Relevo ist kostenlos, aber du musst eine Zahlungsmethode angeben &#8211; wie passt dies zusammen? Keine Sorge, Relevo berechnet dir f\u00fcr die Nutzung des Mehrwegsystem keinen Cent! Deine Zahlungsinformationen ben\u00f6tigen wir nur f\u00fcr den Fall, dass du dein Geschirr nicht fristgerecht innerhalb von 14 Tagen (bzw. nach deiner Verl\u00e4ngerung um 5 Tage) zur\u00fcckgibst.)&nbsp; [&hellip;]\" \/>\n<meta property=\"og:url\" content=\"https:\/\/relevo.app\/de\/app_ger_news_zahlungsmethode\/\" \/>\n<meta property=\"og:site_name\" content=\"Relevo\" \/>\n<meta property=\"article:modified_time\" content=\"2024-03-12T10:48:39+00:00\" \/>\n<meta property=\"og:image\" content=\"https:\/\/relevo.app\/wp-content\/uploads\/2022\/05\/Blumenliebhaber2.png\" \/>\n<meta name=\"twitter:card\" content=\"summary_large_image\" \/>\n<meta name=\"twitter:label1\" content=\"Gesch\u00e4tzte Lesezeit\" \/>\n\t<meta name=\"twitter:data1\" content=\"3\u00a0Minuten\" \/>\n<script type=\"application\/ld+json\" class=\"yoast-schema-graph\">{\"@context\":\"https:\\\/\\\/schema.org\",\"@graph\":[{\"@type\":\"WebPage\",\"@id\":\"https:\\\/\\\/relevo.app\\\/de\\\/app_ger_news_zahlungsmethode\\\/\",\"url\":\"https:\\\/\\\/relevo.app\\\/de\\\/app_ger_news_zahlungsmethode\\\/\",\"name\":\"App_GER_News_Zahlungsmethode - Relevo\",\"isPartOf\":{\"@id\":\"https:\\\/\\\/relevo.app\\\/de\\\/#website\"},\"primaryImageOfPage\":{\"@id\":\"https:\\\/\\\/relevo.app\\\/de\\\/app_ger_news_zahlungsmethode\\\/#primaryimage\"},\"image\":{\"@id\":\"https:\\\/\\\/relevo.app\\\/de\\\/app_ger_news_zahlungsmethode\\\/#primaryimage\"},\"thumbnailUrl\":\"https:\\\/\\\/relevo.app\\\/wp-content\\\/uploads\\\/2022\\\/05\\\/Blumenliebhaber2.png\",\"datePublished\":\"2022-05-25T17:40:32+00:00\",\"dateModified\":\"2024-03-12T10:48:39+00:00\",\"breadcrumb\":{\"@id\":\"https:\\\/\\\/relevo.app\\\/de\\\/app_ger_news_zahlungsmethode\\\/#breadcrumb\"},\"inLanguage\":\"de\",\"potentialAction\":[{\"@type\":\"ReadAction\",\"target\":[\"https:\\\/\\\/relevo.app\\\/de\\\/app_ger_news_zahlungsmethode\\\/\"]}]},{\"@type\":\"ImageObject\",\"inLanguage\":\"de\",\"@id\":\"https:\\\/\\\/relevo.app\\\/de\\\/app_ger_news_zahlungsmethode\\\/#primaryimage\",\"url\":\"https:\\\/\\\/relevo.app\\\/wp-content\\\/uploads\\\/2022\\\/05\\\/Blumenliebhaber2.png\",\"contentUrl\":\"https:\\\/\\\/relevo.app\\\/wp-content\\\/uploads\\\/2022\\\/05\\\/Blumenliebhaber2.png\"},{\"@type\":\"BreadcrumbList\",\"@id\":\"https:\\\/\\\/relevo.app\\\/de\\\/app_ger_news_zahlungsmethode\\\/#breadcrumb\",\"itemListElement\":[{\"@type\":\"ListItem\",\"position\":1,\"name\":\"Home\",\"item\":\"https:\\\/\\\/relevo.app\\\/de\\\/\"},{\"@type\":\"ListItem\",\"position\":2,\"name\":\"App_GER_News_Zahlungsmethode\"}]},{\"@type\":\"WebSite\",\"@id\":\"https:\\\/\\\/relevo.app\\\/de\\\/#website\",\"url\":\"https:\\\/\\\/relevo.app\\\/de\\\/\",\"name\":\"Relevo\",\"description\":\"\",\"potentialAction\":[{\"@type\":\"SearchAction\",\"target\":{\"@type\":\"EntryPoint\",\"urlTemplate\":\"https:\\\/\\\/relevo.app\\\/de\\\/?s={search_term_string}\"},\"query-input\":{\"@type\":\"PropertyValueSpecification\",\"valueRequired\":true,\"valueName\":\"search_term_string\"}}],\"inLanguage\":\"de\"}]}<\/script>\n<!-- \/ Yoast SEO plugin. -->","yoast_head_json":{"title":"App_GER_News_Zahlungsmethode - Relevo","robots":{"index":"noindex","follow":"follow"},"og_locale":"de_DE","og_type":"article","og_title":"App_GER_News_Zahlungsmethode - Relevo","og_description":"Zahlungsmethode &amp; Datenschutz Relevo ist kostenlos, aber du musst eine Zahlungsmethode angeben &#8211; wie passt dies zusammen? Keine Sorge, Relevo berechnet dir f\u00fcr die Nutzung des Mehrwegsystem keinen Cent! Deine Zahlungsinformationen ben\u00f6tigen wir nur f\u00fcr den Fall, dass du dein Geschirr nicht fristgerecht innerhalb von 14 Tagen (bzw. nach deiner Verl\u00e4ngerung um 5 Tage) zur\u00fcckgibst.)&nbsp; [&hellip;]","og_url":"https:\/\/relevo.app\/de\/app_ger_news_zahlungsmethode\/","og_site_name":"Relevo","article_modified_time":"2024-03-12T10:48:39+00:00","og_image":[{"url":"https:\/\/relevo.app\/wp-content\/uploads\/2022\/05\/Blumenliebhaber2.png","type":"","width":"","height":""}],"twitter_card":"summary_large_image","twitter_misc":{"Gesch\u00e4tzte Lesezeit":"3\u00a0Minuten"},"schema":{"@context":"https:\/\/schema.org","@graph":[{"@type":"WebPage","@id":"https:\/\/relevo.app\/de\/app_ger_news_zahlungsmethode\/","url":"https:\/\/relevo.app\/de\/app_ger_news_zahlungsmethode\/","name":"App_GER_News_Zahlungsmethode - Relevo","isPartOf":{"@id":"https:\/\/relevo.app\/de\/#website"},"primaryImageOfPage":{"@id":"https:\/\/relevo.app\/de\/app_ger_news_zahlungsmethode\/#primaryimage"},"image":{"@id":"https:\/\/relevo.app\/de\/app_ger_news_zahlungsmethode\/#primaryimage"},"thumbnailUrl":"https:\/\/relevo.app\/wp-content\/uploads\/2022\/05\/Blumenliebhaber2.png","datePublished":"2022-05-25T17:40:32+00:00","dateModified":"2024-03-12T10:48:39+00:00","breadcrumb":{"@id":"https:\/\/relevo.app\/de\/app_ger_news_zahlungsmethode\/#breadcrumb"},"inLanguage":"de","potentialAction":[{"@type":"ReadAction","target":["https:\/\/relevo.app\/de\/app_ger_news_zahlungsmethode\/"]}]},{"@type":"ImageObject","inLanguage":"de","@id":"https:\/\/relevo.app\/de\/app_ger_news_zahlungsmethode\/#primaryimage","url":"https:\/\/relevo.app\/wp-content\/uploads\/2022\/05\/Blumenliebhaber2.png","contentUrl":"https:\/\/relevo.app\/wp-content\/uploads\/2022\/05\/Blumenliebhaber2.png"},{"@type":"BreadcrumbList","@id":"https:\/\/relevo.app\/de\/app_ger_news_zahlungsmethode\/#breadcrumb","itemListElement":[{"@type":"ListItem","position":1,"name":"Home","item":"https:\/\/relevo.app\/de\/"},{"@type":"ListItem","position":2,"name":"App_GER_News_Zahlungsmethode"}]},{"@type":"WebSite","@id":"https:\/\/relevo.app\/de\/#website","url":"https:\/\/relevo.app\/de\/","name":"Relevo","description":"","potentialAction":[{"@type":"SearchAction","target":{"@type":"EntryPoint","urlTemplate":"https:\/\/relevo.app\/de\/?s={search_term_string}"},"query-input":{"@type":"PropertyValueSpecification","valueRequired":true,"valueName":"search_term_string"}}],"inLanguage":"de"}]}},"_links":{"self":[{"href":"https:\/\/relevo.app\/de\/wp-json\/wp\/v2\/pages\/38067","targetHints":{"allow":["GET"]}}],"collection":[{"href":"https:\/\/relevo.app\/de\/wp-json\/wp\/v2\/pages"}],"about":[{"href":"https:\/\/relevo.app\/de\/wp-json\/wp\/v2\/types\/page"}],"author":[{"embeddable":true,"href":"https:\/\/relevo.app\/de\/wp-json\/wp\/v2\/users\/1"}],"replies":[{"embeddable":true,"href":"https:\/\/relevo.app\/de\/wp-json\/wp\/v2\/comments?post=38067"}],"version-history":[{"count":10,"href":"https:\/\/relevo.app\/de\/wp-json\/wp\/v2\/pages\/38067\/revisions"}],"predecessor-version":[{"id":85835,"href":"https:\/\/relevo.app\/de\/wp-json\/wp\/v2\/pages\/38067\/revisions\/85835"}],"wp:attachment":[{"href":"https:\/\/relevo.app\/de\/wp-json\/wp\/v2\/media?parent=38067"}],"curies":[{"name":"wp","href":"https:\/\/api.w.org\/{rel}","templated":true}]}}