{"id":37450,"date":"2022-04-21T16:57:28","date_gmt":"2022-04-21T15:57:28","guid":{"rendered":"https:\/\/stage.relevo.app\/?page_id=37450"},"modified":"2024-03-12T11:54:06","modified_gmt":"2024-03-12T10:54:06","slug":"app_ger_news_umfrage","status":"publish","type":"page","link":"https:\/\/relevo.app\/de\/app_ger_news_umfrage\/","title":{"rendered":"App_GER_Umfrage"},"content":{"rendered":"\t\t<div data-elementor-type=\"wp-page\" data-elementor-id=\"37450\" class=\"elementor elementor-37450\" data-elementor-post-type=\"page\">\n\t\t\t\t\t\t<section class=\"elementor-section elementor-top-section elementor-element elementor-element-d3faaab elementor-section-boxed elementor-section-height-default elementor-section-height-default\" data-id=\"d3faaab\" data-element_type=\"section\" data-e-type=\"section\">\n\t\t\t\t\t\t<div class=\"elementor-container elementor-column-gap-default\">\n\t\t\t\t\t<div class=\"elementor-column elementor-col-100 elementor-top-column elementor-element elementor-element-f87883f\" data-id=\"f87883f\" data-element_type=\"column\" data-e-type=\"column\">\n\t\t\t<div class=\"elementor-widget-wrap elementor-element-populated\">\n\t\t\t\t\t\t<div class=\"elementor-element elementor-element-8d66f34 elementor-widget elementor-widget-image\" data-id=\"8d66f34\" data-element_type=\"widget\" data-e-type=\"widget\" data-widget_type=\"image.default\">\n\t\t\t\t<div class=\"elementor-widget-container\">\n\t\t\t\t\t\t\t\t\t\t\t\t\t\t\t<img fetchpriority=\"high\" decoding=\"async\" width=\"768\" height=\"512\" src=\"https:\/\/relevo.app\/wp-content\/uploads\/2022\/04\/opinion-poll-g8c8128616_1920-768x512.jpg\" class=\"attachment-medium_large size-medium_large wp-image-37452\" alt=\"Umfrage\" srcset=\"https:\/\/relevo.app\/wp-content\/uploads\/2022\/04\/opinion-poll-g8c8128616_1920-768x512.jpg 768w, https:\/\/relevo.app\/wp-content\/uploads\/2022\/04\/opinion-poll-g8c8128616_1920-600x400.jpg 600w, https:\/\/relevo.app\/wp-content\/uploads\/2022\/04\/opinion-poll-g8c8128616_1920-300x200.jpg 300w, https:\/\/relevo.app\/wp-content\/uploads\/2022\/04\/opinion-poll-g8c8128616_1920-1024x683.jpg 1024w, https:\/\/relevo.app\/wp-content\/uploads\/2022\/04\/opinion-poll-g8c8128616_1920-1536x1024.jpg 1536w, https:\/\/relevo.app\/wp-content\/uploads\/2022\/04\/opinion-poll-g8c8128616_1920.jpg 1920w\" sizes=\"(max-width: 768px) 100vw, 768px\" \/>\t\t\t\t\t\t\t\t\t\t\t\t\t\t\t<\/div>\n\t\t\t\t<\/div>\n\t\t\t\t<div class=\"elementor-element elementor-element-b4e2750 elementor-widget elementor-widget-text-editor\" data-id=\"b4e2750\" data-element_type=\"widget\" data-e-type=\"widget\" data-widget_type=\"text-editor.default\">\n\t\t\t\t<div class=\"elementor-widget-container\">\n\t\t\t\t\t\t\t\t\t<p><b>Hast du Zeit f\u00fcr eine kurze Umfrage?<\/b><\/p><p>Gerne m\u00f6chten wir <b>deine Meinung<\/b> in unsere Weiterentwicklung aufnehmen und von deinem Feedback lernen! Daher w\u00e4ren wir dir f\u00fcr die Beantwortung ein paar kurzer Fragen sehr dankbar \ud83d\udcdd<\/p><p>Klicke einfach<a href=\"https:\/\/docs.google.com\/forms\/d\/e\/1FAIpQLScskTxrmdlqpqykTrdX6ROZgrj-SbSsHo3ABtxqJ46INX_DHQ\/viewform?usp=sf_link\"> <b>HIER<\/b><\/a> &amp; schon geht&#8217;s los!<\/p><p style=\"margin-right: 0px; margin-bottom: 0px; margin-left: 0px; font-variant-numeric: normal; font-variant-east-asian: normal; font-stretch: normal; line-height: normal;\">\u00a0<\/p><p>Vielen Dank f\u00fcr deine Unterst\u00fctzung \u263a\ufe0f<\/p><p>Dein Relevo-Team<\/p><p>\u00a0<\/p><p>\u00a0<\/p><p>\u00a0<\/p><p>\u00a0<\/p>\t\t\t\t\t\t\t\t<\/div>\n\t\t\t\t<\/div>\n\t\t\t\t\t<\/div>\n\t\t<\/div>\n\t\t\t\t\t<\/div>\n\t\t<\/section>\n\t\t\t\t<\/div>\n\t\t","protected":false},"excerpt":{"rendered":"<p>Hast du Zeit f\u00fcr eine kurze Umfrage? Gerne m\u00f6chten wir deine Meinung in unsere Weiterentwicklung aufnehmen und von deinem Feedback lernen! Daher w\u00e4ren wir dir f\u00fcr die Beantwortung ein paar kurzer Fragen sehr dankbar \ud83d\udcdd Klicke einfach HIER &amp; schon geht&#8217;s los! Vielen Dank f\u00fcr deine Unterst\u00fctzung \u263a\ufe0f Dein Relevo-Team<\/p>\n","protected":false},"author":1,"featured_media":0,"parent":0,"menu_order":0,"comment_status":"closed","ping_status":"closed","template":"elementor_canvas","meta":{"content-type":"","om_disable_all_campaigns":false,"footnotes":""},"class_list":["post-37450","page","type-page","status-publish","hentry"],"yoast_head":"<!-- This site is optimized with the Yoast SEO plugin v27.3 - https:\/\/yoast.com\/product\/yoast-seo-wordpress\/ -->\n<title>App_GER_Umfrage - Relevo<\/title>\n<meta name=\"robots\" content=\"noindex, follow\" \/>\n<meta property=\"og:locale\" content=\"de_DE\" \/>\n<meta property=\"og:type\" content=\"article\" \/>\n<meta property=\"og:title\" content=\"App_GER_Umfrage - Relevo\" \/>\n<meta property=\"og:description\" content=\"Hast du Zeit f\u00fcr eine kurze Umfrage? Gerne m\u00f6chten wir deine Meinung in unsere Weiterentwicklung aufnehmen und von deinem Feedback lernen! Daher w\u00e4ren wir dir f\u00fcr die Beantwortung ein paar kurzer Fragen sehr dankbar \ud83d\udcdd Klicke einfach HIER &amp; schon geht&#8217;s los! Vielen Dank f\u00fcr deine Unterst\u00fctzung \u263a\ufe0f Dein Relevo-Team\" \/>\n<meta property=\"og:url\" content=\"https:\/\/relevo.app\/de\/app_ger_news_umfrage\/\" \/>\n<meta property=\"og:site_name\" content=\"Relevo\" \/>\n<meta property=\"article:modified_time\" content=\"2024-03-12T10:54:06+00:00\" \/>\n<meta property=\"og:image\" content=\"https:\/\/stage.relevo.app\/wp-content\/uploads\/2022\/04\/opinion-poll-g8c8128616_1920-768x512.jpg\" \/>\n<meta name=\"twitter:card\" content=\"summary_large_image\" \/>\n<meta name=\"twitter:label1\" content=\"Gesch\u00e4tzte Lesezeit\" \/>\n\t<meta name=\"twitter:data1\" content=\"1\u00a0Minute\" \/>\n<script type=\"application\/ld+json\" class=\"yoast-schema-graph\">{\"@context\":\"https:\\\/\\\/schema.org\",\"@graph\":[{\"@type\":\"WebPage\",\"@id\":\"https:\\\/\\\/relevo.app\\\/de\\\/app_ger_news_umfrage\\\/\",\"url\":\"https:\\\/\\\/relevo.app\\\/de\\\/app_ger_news_umfrage\\\/\",\"name\":\"App_GER_Umfrage - Relevo\",\"isPartOf\":{\"@id\":\"https:\\\/\\\/relevo.app\\\/de\\\/#website\"},\"primaryImageOfPage\":{\"@id\":\"https:\\\/\\\/relevo.app\\\/de\\\/app_ger_news_umfrage\\\/#primaryimage\"},\"image\":{\"@id\":\"https:\\\/\\\/relevo.app\\\/de\\\/app_ger_news_umfrage\\\/#primaryimage\"},\"thumbnailUrl\":\"https:\\\/\\\/stage.relevo.app\\\/wp-content\\\/uploads\\\/2022\\\/04\\\/opinion-poll-g8c8128616_1920-768x512.jpg\",\"datePublished\":\"2022-04-21T15:57:28+00:00\",\"dateModified\":\"2024-03-12T10:54:06+00:00\",\"breadcrumb\":{\"@id\":\"https:\\\/\\\/relevo.app\\\/de\\\/app_ger_news_umfrage\\\/#breadcrumb\"},\"inLanguage\":\"de\",\"potentialAction\":[{\"@type\":\"ReadAction\",\"target\":[\"https:\\\/\\\/relevo.app\\\/de\\\/app_ger_news_umfrage\\\/\"]}]},{\"@type\":\"ImageObject\",\"inLanguage\":\"de\",\"@id\":\"https:\\\/\\\/relevo.app\\\/de\\\/app_ger_news_umfrage\\\/#primaryimage\",\"url\":\"https:\\\/\\\/stage.relevo.app\\\/wp-content\\\/uploads\\\/2022\\\/04\\\/opinion-poll-g8c8128616_1920-768x512.jpg\",\"contentUrl\":\"https:\\\/\\\/stage.relevo.app\\\/wp-content\\\/uploads\\\/2022\\\/04\\\/opinion-poll-g8c8128616_1920-768x512.jpg\"},{\"@type\":\"BreadcrumbList\",\"@id\":\"https:\\\/\\\/relevo.app\\\/de\\\/app_ger_news_umfrage\\\/#breadcrumb\",\"itemListElement\":[{\"@type\":\"ListItem\",\"position\":1,\"name\":\"Home\",\"item\":\"https:\\\/\\\/relevo.app\\\/de\\\/\"},{\"@type\":\"ListItem\",\"position\":2,\"name\":\"App_GER_Umfrage\"}]},{\"@type\":\"WebSite\",\"@id\":\"https:\\\/\\\/relevo.app\\\/de\\\/#website\",\"url\":\"https:\\\/\\\/relevo.app\\\/de\\\/\",\"name\":\"Relevo\",\"description\":\"\",\"potentialAction\":[{\"@type\":\"SearchAction\",\"target\":{\"@type\":\"EntryPoint\",\"urlTemplate\":\"https:\\\/\\\/relevo.app\\\/de\\\/?s={search_term_string}\"},\"query-input\":{\"@type\":\"PropertyValueSpecification\",\"valueRequired\":true,\"valueName\":\"search_term_string\"}}],\"inLanguage\":\"de\"}]}<\/script>\n<!-- \/ Yoast SEO plugin. -->","yoast_head_json":{"title":"App_GER_Umfrage - Relevo","robots":{"index":"noindex","follow":"follow"},"og_locale":"de_DE","og_type":"article","og_title":"App_GER_Umfrage - Relevo","og_description":"Hast du Zeit f\u00fcr eine kurze Umfrage? Gerne m\u00f6chten wir deine Meinung in unsere Weiterentwicklung aufnehmen und von deinem Feedback lernen! Daher w\u00e4ren wir dir f\u00fcr die Beantwortung ein paar kurzer Fragen sehr dankbar \ud83d\udcdd Klicke einfach HIER &amp; schon geht&#8217;s los! Vielen Dank f\u00fcr deine Unterst\u00fctzung \u263a\ufe0f Dein Relevo-Team","og_url":"https:\/\/relevo.app\/de\/app_ger_news_umfrage\/","og_site_name":"Relevo","article_modified_time":"2024-03-12T10:54:06+00:00","og_image":[{"url":"https:\/\/stage.relevo.app\/wp-content\/uploads\/2022\/04\/opinion-poll-g8c8128616_1920-768x512.jpg","type":"","width":"","height":""}],"twitter_card":"summary_large_image","twitter_misc":{"Gesch\u00e4tzte Lesezeit":"1\u00a0Minute"},"schema":{"@context":"https:\/\/schema.org","@graph":[{"@type":"WebPage","@id":"https:\/\/relevo.app\/de\/app_ger_news_umfrage\/","url":"https:\/\/relevo.app\/de\/app_ger_news_umfrage\/","name":"App_GER_Umfrage - Relevo","isPartOf":{"@id":"https:\/\/relevo.app\/de\/#website"},"primaryImageOfPage":{"@id":"https:\/\/relevo.app\/de\/app_ger_news_umfrage\/#primaryimage"},"image":{"@id":"https:\/\/relevo.app\/de\/app_ger_news_umfrage\/#primaryimage"},"thumbnailUrl":"https:\/\/stage.relevo.app\/wp-content\/uploads\/2022\/04\/opinion-poll-g8c8128616_1920-768x512.jpg","datePublished":"2022-04-21T15:57:28+00:00","dateModified":"2024-03-12T10:54:06+00:00","breadcrumb":{"@id":"https:\/\/relevo.app\/de\/app_ger_news_umfrage\/#breadcrumb"},"inLanguage":"de","potentialAction":[{"@type":"ReadAction","target":["https:\/\/relevo.app\/de\/app_ger_news_umfrage\/"]}]},{"@type":"ImageObject","inLanguage":"de","@id":"https:\/\/relevo.app\/de\/app_ger_news_umfrage\/#primaryimage","url":"https:\/\/stage.relevo.app\/wp-content\/uploads\/2022\/04\/opinion-poll-g8c8128616_1920-768x512.jpg","contentUrl":"https:\/\/stage.relevo.app\/wp-content\/uploads\/2022\/04\/opinion-poll-g8c8128616_1920-768x512.jpg"},{"@type":"BreadcrumbList","@id":"https:\/\/relevo.app\/de\/app_ger_news_umfrage\/#breadcrumb","itemListElement":[{"@type":"ListItem","position":1,"name":"Home","item":"https:\/\/relevo.app\/de\/"},{"@type":"ListItem","position":2,"name":"App_GER_Umfrage"}]},{"@type":"WebSite","@id":"https:\/\/relevo.app\/de\/#website","url":"https:\/\/relevo.app\/de\/","name":"Relevo","description":"","potentialAction":[{"@type":"SearchAction","target":{"@type":"EntryPoint","urlTemplate":"https:\/\/relevo.app\/de\/?s={search_term_string}"},"query-input":{"@type":"PropertyValueSpecification","valueRequired":true,"valueName":"search_term_string"}}],"inLanguage":"de"}]}},"_links":{"self":[{"href":"https:\/\/relevo.app\/de\/wp-json\/wp\/v2\/pages\/37450","targetHints":{"allow":["GET"]}}],"collection":[{"href":"https:\/\/relevo.app\/de\/wp-json\/wp\/v2\/pages"}],"about":[{"href":"https:\/\/relevo.app\/de\/wp-json\/wp\/v2\/types\/page"}],"author":[{"embeddable":true,"href":"https:\/\/relevo.app\/de\/wp-json\/wp\/v2\/users\/1"}],"replies":[{"embeddable":true,"href":"https:\/\/relevo.app\/de\/wp-json\/wp\/v2\/comments?post=37450"}],"version-history":[{"count":5,"href":"https:\/\/relevo.app\/de\/wp-json\/wp\/v2\/pages\/37450\/revisions"}],"predecessor-version":[{"id":37457,"href":"https:\/\/relevo.app\/de\/wp-json\/wp\/v2\/pages\/37450\/revisions\/37457"}],"wp:attachment":[{"href":"https:\/\/relevo.app\/de\/wp-json\/wp\/v2\/media?parent=37450"}],"curies":[{"name":"wp","href":"https:\/\/api.w.org\/{rel}","templated":true}]}}