{"id":37250,"date":"2022-04-12T23:47:34","date_gmt":"2022-04-12T22:47:34","guid":{"rendered":"https:\/\/stage.relevo.app\/?page_id=37250"},"modified":"2024-06-17T09:49:40","modified_gmt":"2024-06-17T07:49:40","slug":"einladung_plogging","status":"publish","type":"page","link":"https:\/\/relevo.app\/de\/einladung_plogging\/","title":{"rendered":"Einladung zum Plogging-Event"},"content":{"rendered":"\t\t<div data-elementor-type=\"wp-page\" data-elementor-id=\"37250\" class=\"elementor elementor-37250\" data-elementor-post-type=\"page\">\n\t\t\t\t\t\t<section class=\"elementor-section elementor-top-section elementor-element elementor-element-749f512 elementor-section-boxed elementor-section-height-default elementor-section-height-default\" data-id=\"749f512\" data-element_type=\"section\" data-e-type=\"section\" data-settings=\"{&quot;background_background&quot;:&quot;classic&quot;}\">\n\t\t\t\t\t\t\t<div class=\"elementor-background-overlay\"><\/div>\n\t\t\t\t\t\t\t<div class=\"elementor-container elementor-column-gap-default\">\n\t\t\t\t\t<div class=\"elementor-column elementor-col-100 elementor-top-column elementor-element elementor-element-ceae8da\" data-id=\"ceae8da\" data-element_type=\"column\" data-e-type=\"column\">\n\t\t\t<div class=\"elementor-widget-wrap elementor-element-populated\">\n\t\t\t\t\t\t<div class=\"elementor-element elementor-element-e4948ab elementor-widget elementor-widget-heading\" data-id=\"e4948ab\" data-element_type=\"widget\" data-e-type=\"widget\" data-widget_type=\"heading.default\">\n\t\t\t\t<div class=\"elementor-widget-container\">\n\t\t\t\t\t<h1 class=\"elementor-heading-title elementor-size-default\">Plogging-Event in M\u00fcnchen<\/h1>\t\t\t\t<\/div>\n\t\t\t\t<\/div>\n\t\t\t\t\t<\/div>\n\t\t<\/div>\n\t\t\t\t\t<\/div>\n\t\t<\/section>\n\t\t\t\t<section class=\"elementor-section elementor-top-section elementor-element elementor-element-d3faaab elementor-section-boxed elementor-section-height-default elementor-section-height-default\" data-id=\"d3faaab\" data-element_type=\"section\" data-e-type=\"section\">\n\t\t\t\t\t\t<div class=\"elementor-container elementor-column-gap-default\">\n\t\t\t\t\t<div class=\"elementor-column elementor-col-100 elementor-top-column elementor-element elementor-element-f87883f\" data-id=\"f87883f\" data-element_type=\"column\" data-e-type=\"column\">\n\t\t\t<div class=\"elementor-widget-wrap elementor-element-populated\">\n\t\t\t\t\t\t<div class=\"elementor-element elementor-element-1e18f00 elementor-widget elementor-widget-spacer\" data-id=\"1e18f00\" data-element_type=\"widget\" data-e-type=\"widget\" data-widget_type=\"spacer.default\">\n\t\t\t\t<div class=\"elementor-widget-container\">\n\t\t\t\t\t\t\t<div class=\"elementor-spacer\">\n\t\t\t<div class=\"elementor-spacer-inner\"><\/div>\n\t\t<\/div>\n\t\t\t\t\t\t<\/div>\n\t\t\t\t<\/div>\n\t\t\t\t<div class=\"elementor-element elementor-element-b4e2750 elementor-widget elementor-widget-text-editor\" data-id=\"b4e2750\" data-element_type=\"widget\" data-e-type=\"widget\" data-widget_type=\"text-editor.default\">\n\t\t\t\t<div class=\"elementor-widget-container\">\n\t\t\t\t\t\t\t\t\t<p><b>Einladung zum Plogging-Event in M\u00fcnchen!<br \/><\/b><\/p><p>Du wolltest schon immer Relevo besser kennenlernen und dabei auch noch etwas Gutes f\u00fcr die Umwelt tun? Dann kommt unser <a target=\"_blank\">Plogging-Event<\/a> in M\u00fcnchen vielleicht genau richtig! \ud83c\udf89<\/p><p>Bei Plogging handelt es sich um eine Sportart, die Abfallsammeln mit Joggen und anderen \u00dcbungen kombiniert. Der Trend entstand 2016 in Stockholm. Inzwischen wird in \u00fcber hundert L\u00e4ndern weltweit geploggt. \u201cPlocka\u201d bedeutet auf Schwedisch so viel wie \u201caufheben\u201d. Attraktiv ist die Sportart zum einen durch den gesellschaftlichen Mehrwehrt, den sie bietet. Au\u00dferdem spricht sie durch die Kombination von Laufen, B\u00fccken, Aufheben etc. verschiedene Muskelgruppen an und sorgt so f\u00fcr ein umfassenderes Training als das normale Joggen.<\/p><p>F\u00fcr alle weniger Sportbegeisterten ist ein gem\u00fctliches Cleanup selbstverst\u00e4ndlich genauso m\u00f6glich! \u263a\ufe0f<\/p><p>H\u00f6rt sich gut an? Dann trag dir den <b>13.05.2022<\/b> ab <b>16 Uhr <\/b>in deinen Kalender ein und schreib f\u00fcr weitere Infos eine kurze Mail an <strong>hallo@relevo.app<\/strong><\/p><p>Wir freuen uns auf dich!<\/p><p>Dein Relevo-Team<\/p><p style=\"margin-right: 0px; margin-bottom: 0px; margin-left: 0px; font-variant-numeric: normal; font-variant-east-asian: normal; font-stretch: normal; line-height: normal;\">\u00a0<\/p>\t\t\t\t\t\t\t\t<\/div>\n\t\t\t\t<\/div>\n\t\t\t\t\t<\/div>\n\t\t<\/div>\n\t\t\t\t\t<\/div>\n\t\t<\/section>\n\t\t\t\t<\/div>\n\t\t","protected":false},"excerpt":{"rendered":"<p>Plogging-Event in M\u00fcnchen Einladung zum Plogging-Event in M\u00fcnchen! Du wolltest schon immer Relevo besser kennenlernen und dabei auch noch etwas Gutes f\u00fcr die Umwelt tun? Dann kommt unser Plogging-Event in M\u00fcnchen vielleicht genau richtig! \ud83c\udf89 Bei Plogging handelt es sich um eine Sportart, die Abfallsammeln mit Joggen und anderen \u00dcbungen kombiniert. Der Trend entstand 2016 [&hellip;]<\/p>\n","protected":false},"author":1,"featured_media":0,"parent":0,"menu_order":0,"comment_status":"closed","ping_status":"closed","template":"elementor_canvas","meta":{"content-type":"","om_disable_all_campaigns":false,"footnotes":""},"class_list":["post-37250","page","type-page","status-publish","hentry"],"yoast_head":"<!-- This site is optimized with the Yoast SEO plugin v27.4 - https:\/\/yoast.com\/product\/yoast-seo-wordpress\/ -->\n<title>Einladung zum Plogging-Event - Relevo<\/title>\n<meta name=\"robots\" content=\"noindex, follow\" \/>\n<meta property=\"og:locale\" content=\"de_DE\" \/>\n<meta property=\"og:type\" content=\"article\" \/>\n<meta property=\"og:title\" content=\"Einladung zum Plogging-Event - Relevo\" \/>\n<meta property=\"og:description\" content=\"Plogging-Event in M\u00fcnchen Einladung zum Plogging-Event in M\u00fcnchen! Du wolltest schon immer Relevo besser kennenlernen und dabei auch noch etwas Gutes f\u00fcr die Umwelt tun? Dann kommt unser Plogging-Event in M\u00fcnchen vielleicht genau richtig! \ud83c\udf89 Bei Plogging handelt es sich um eine Sportart, die Abfallsammeln mit Joggen und anderen \u00dcbungen kombiniert. Der Trend entstand 2016 [&hellip;]\" \/>\n<meta property=\"og:url\" content=\"https:\/\/relevo.app\/de\/einladung_plogging\/\" \/>\n<meta property=\"og:site_name\" content=\"Relevo\" \/>\n<meta property=\"article:modified_time\" content=\"2024-06-17T07:49:40+00:00\" \/>\n<meta name=\"twitter:card\" content=\"summary_large_image\" \/>\n<meta name=\"twitter:label1\" content=\"Gesch\u00e4tzte Lesezeit\" \/>\n\t<meta name=\"twitter:data1\" content=\"1\u00a0Minute\" \/>\n<script type=\"application\/ld+json\" class=\"yoast-schema-graph\">{\"@context\":\"https:\\\/\\\/schema.org\",\"@graph\":[{\"@type\":\"WebPage\",\"@id\":\"https:\\\/\\\/relevo.app\\\/de\\\/einladung_plogging\\\/\",\"url\":\"https:\\\/\\\/relevo.app\\\/de\\\/einladung_plogging\\\/\",\"name\":\"Einladung zum Plogging-Event - Relevo\",\"isPartOf\":{\"@id\":\"https:\\\/\\\/relevo.app\\\/de\\\/#website\"},\"datePublished\":\"2022-04-12T22:47:34+00:00\",\"dateModified\":\"2024-06-17T07:49:40+00:00\",\"breadcrumb\":{\"@id\":\"https:\\\/\\\/relevo.app\\\/de\\\/einladung_plogging\\\/#breadcrumb\"},\"inLanguage\":\"de\",\"potentialAction\":[{\"@type\":\"ReadAction\",\"target\":[\"https:\\\/\\\/relevo.app\\\/de\\\/einladung_plogging\\\/\"]}]},{\"@type\":\"BreadcrumbList\",\"@id\":\"https:\\\/\\\/relevo.app\\\/de\\\/einladung_plogging\\\/#breadcrumb\",\"itemListElement\":[{\"@type\":\"ListItem\",\"position\":1,\"name\":\"Home\",\"item\":\"https:\\\/\\\/relevo.app\\\/de\\\/\"},{\"@type\":\"ListItem\",\"position\":2,\"name\":\"Einladung zum Plogging-Event\"}]},{\"@type\":\"WebSite\",\"@id\":\"https:\\\/\\\/relevo.app\\\/de\\\/#website\",\"url\":\"https:\\\/\\\/relevo.app\\\/de\\\/\",\"name\":\"Relevo\",\"description\":\"\",\"potentialAction\":[{\"@type\":\"SearchAction\",\"target\":{\"@type\":\"EntryPoint\",\"urlTemplate\":\"https:\\\/\\\/relevo.app\\\/de\\\/?s={search_term_string}\"},\"query-input\":{\"@type\":\"PropertyValueSpecification\",\"valueRequired\":true,\"valueName\":\"search_term_string\"}}],\"inLanguage\":\"de\"}]}<\/script>\n<!-- \/ Yoast SEO plugin. -->","yoast_head_json":{"title":"Einladung zum Plogging-Event - Relevo","robots":{"index":"noindex","follow":"follow"},"og_locale":"de_DE","og_type":"article","og_title":"Einladung zum Plogging-Event - Relevo","og_description":"Plogging-Event in M\u00fcnchen Einladung zum Plogging-Event in M\u00fcnchen! Du wolltest schon immer Relevo besser kennenlernen und dabei auch noch etwas Gutes f\u00fcr die Umwelt tun? Dann kommt unser Plogging-Event in M\u00fcnchen vielleicht genau richtig! \ud83c\udf89 Bei Plogging handelt es sich um eine Sportart, die Abfallsammeln mit Joggen und anderen \u00dcbungen kombiniert. Der Trend entstand 2016 [&hellip;]","og_url":"https:\/\/relevo.app\/de\/einladung_plogging\/","og_site_name":"Relevo","article_modified_time":"2024-06-17T07:49:40+00:00","twitter_card":"summary_large_image","twitter_misc":{"Gesch\u00e4tzte Lesezeit":"1\u00a0Minute"},"schema":{"@context":"https:\/\/schema.org","@graph":[{"@type":"WebPage","@id":"https:\/\/relevo.app\/de\/einladung_plogging\/","url":"https:\/\/relevo.app\/de\/einladung_plogging\/","name":"Einladung zum Plogging-Event - Relevo","isPartOf":{"@id":"https:\/\/relevo.app\/de\/#website"},"datePublished":"2022-04-12T22:47:34+00:00","dateModified":"2024-06-17T07:49:40+00:00","breadcrumb":{"@id":"https:\/\/relevo.app\/de\/einladung_plogging\/#breadcrumb"},"inLanguage":"de","potentialAction":[{"@type":"ReadAction","target":["https:\/\/relevo.app\/de\/einladung_plogging\/"]}]},{"@type":"BreadcrumbList","@id":"https:\/\/relevo.app\/de\/einladung_plogging\/#breadcrumb","itemListElement":[{"@type":"ListItem","position":1,"name":"Home","item":"https:\/\/relevo.app\/de\/"},{"@type":"ListItem","position":2,"name":"Einladung zum Plogging-Event"}]},{"@type":"WebSite","@id":"https:\/\/relevo.app\/de\/#website","url":"https:\/\/relevo.app\/de\/","name":"Relevo","description":"","potentialAction":[{"@type":"SearchAction","target":{"@type":"EntryPoint","urlTemplate":"https:\/\/relevo.app\/de\/?s={search_term_string}"},"query-input":{"@type":"PropertyValueSpecification","valueRequired":true,"valueName":"search_term_string"}}],"inLanguage":"de"}]}},"_links":{"self":[{"href":"https:\/\/relevo.app\/de\/wp-json\/wp\/v2\/pages\/37250","targetHints":{"allow":["GET"]}}],"collection":[{"href":"https:\/\/relevo.app\/de\/wp-json\/wp\/v2\/pages"}],"about":[{"href":"https:\/\/relevo.app\/de\/wp-json\/wp\/v2\/types\/page"}],"author":[{"embeddable":true,"href":"https:\/\/relevo.app\/de\/wp-json\/wp\/v2\/users\/1"}],"replies":[{"embeddable":true,"href":"https:\/\/relevo.app\/de\/wp-json\/wp\/v2\/comments?post=37250"}],"version-history":[{"count":38,"href":"https:\/\/relevo.app\/de\/wp-json\/wp\/v2\/pages\/37250\/revisions"}],"predecessor-version":[{"id":37327,"href":"https:\/\/relevo.app\/de\/wp-json\/wp\/v2\/pages\/37250\/revisions\/37327"}],"wp:attachment":[{"href":"https:\/\/relevo.app\/de\/wp-json\/wp\/v2\/media?parent=37250"}],"curies":[{"name":"wp","href":"https:\/\/api.w.org\/{rel}","templated":true}]}}