{"id":35929,"date":"2022-01-21T12:20:11","date_gmt":"2022-01-21T11:20:11","guid":{"rendered":"https:\/\/stage.relevo.app\/?page_id=35929"},"modified":"2024-03-12T11:48:19","modified_gmt":"2024-03-12T10:48:19","slug":"app_ger_news_ubereats","status":"publish","type":"page","link":"https:\/\/relevo.app\/de\/app_ger_news_ubereats\/","title":{"rendered":"App_GER_News_UberEats"},"content":{"rendered":"\t\t<div data-elementor-type=\"wp-page\" data-elementor-id=\"35929\" class=\"elementor elementor-35929\" data-elementor-post-type=\"page\">\n\t\t\t\t\t\t<section class=\"elementor-section elementor-top-section elementor-element elementor-element-d3faaab elementor-section-boxed elementor-section-height-default elementor-section-height-default\" data-id=\"d3faaab\" data-element_type=\"section\" data-e-type=\"section\">\n\t\t\t\t\t\t<div class=\"elementor-container elementor-column-gap-default\">\n\t\t\t\t\t<div class=\"elementor-column elementor-col-100 elementor-top-column elementor-element elementor-element-f87883f\" data-id=\"f87883f\" data-element_type=\"column\" data-e-type=\"column\">\n\t\t\t<div class=\"elementor-widget-wrap elementor-element-populated\">\n\t\t\t\t\t\t<div class=\"elementor-element elementor-element-8d66f34 elementor-widget elementor-widget-image\" data-id=\"8d66f34\" data-element_type=\"widget\" data-e-type=\"widget\" data-widget_type=\"image.default\">\n\t\t\t\t<div class=\"elementor-widget-container\">\n\t\t\t\t\t\t\t\t\t\t\t\t\t\t\t<img fetchpriority=\"high\" decoding=\"async\" width=\"800\" height=\"765\" src=\"https:\/\/relevo.app\/wp-content\/uploads\/2022\/01\/Relevo_x_UeberEats-1024x979.png\" class=\"attachment-large size-large wp-image-35913\" alt=\"\" srcset=\"https:\/\/relevo.app\/wp-content\/uploads\/2022\/01\/Relevo_x_UeberEats-1024x979.png 1024w, https:\/\/relevo.app\/wp-content\/uploads\/2022\/01\/Relevo_x_UeberEats-600x573.png 600w, https:\/\/relevo.app\/wp-content\/uploads\/2022\/01\/Relevo_x_UeberEats-300x287.png 300w, https:\/\/relevo.app\/wp-content\/uploads\/2022\/01\/Relevo_x_UeberEats-768x734.png 768w, https:\/\/relevo.app\/wp-content\/uploads\/2022\/01\/Relevo_x_UeberEats-1536x1468.png 1536w, https:\/\/relevo.app\/wp-content\/uploads\/2022\/01\/Relevo_x_UeberEats.png 1875w\" sizes=\"(max-width: 800px) 100vw, 800px\" \/>\t\t\t\t\t\t\t\t\t\t\t\t\t\t\t<\/div>\n\t\t\t\t<\/div>\n\t\t\t\t<div class=\"elementor-element elementor-element-b4e2750 elementor-widget elementor-widget-text-editor\" data-id=\"b4e2750\" data-element_type=\"widget\" data-e-type=\"widget\" data-widget_type=\"text-editor.default\">\n\t\t\t\t<div class=\"elementor-widget-container\">\n\t\t\t\t\t\t\t\t\t<p style=\"margin-right: 0px; margin-bottom: 0px; margin-left: 0px; font-variant-numeric: normal; font-variant-east-asian: normal; font-stretch: normal; font-size: 13px; line-height: normal; font-family: 'Helvetica Neue'; color: #000000;\"><b style=\"color: rgb(122, 122, 122); font-family: var( --e-global-typography-text-font-family ), Sans-serif; font-size: 1rem;\">Relevo bei UberEats!<\/b><br><\/p><p style=\"margin-right: 0px; margin-bottom: 0px; margin-left: 0px; font-variant-numeric: normal; font-variant-east-asian: normal; font-stretch: normal; font-size: 13px; line-height: normal; font-family: 'Helvetica Neue'; color: #000000;\"><b style=\"color: rgb(122, 122, 122); font-family: var( --e-global-typography-text-font-family ), Sans-serif; font-size: 1rem;\"><br><\/b><\/p>\n<p style=\"margin-right: 0px; margin-bottom: 0px; margin-left: 0px; font-variant-numeric: normal; font-variant-east-asian: normal; font-stretch: normal; line-height: normal;\">Mit der UberEats-App kannst du jetzt dein Essen in der Relevo zu dir nach Hause liefern lassen!<\/p>\n<p style=\"margin-right: 0px; margin-bottom: 0px; margin-left: 0px; font-variant-numeric: normal; font-variant-east-asian: normal; font-stretch: normal; line-height: normal;\">\n<\/p><p style=\"margin-right: 0px; margin-bottom: 0px; margin-left: 0px; font-variant-numeric: normal; font-variant-east-asian: normal; font-stretch: normal; line-height: normal;\">\n<\/p><p style=\"margin-right: 0px; margin-bottom: 0px; margin-left: 0px; font-variant-numeric: normal; font-variant-east-asian: normal; font-stretch: normal; line-height: normal;\"><br><\/p><p style=\"margin-right: 0px; margin-bottom: 0px; margin-left: 0px; font-variant-numeric: normal; font-variant-east-asian: normal; font-stretch: normal; line-height: normal;\"><br><\/p><p style=\"margin-right: 0px; margin-bottom: 0px; margin-left: 0px; font-variant-numeric: normal; font-variant-east-asian: normal; font-stretch: normal; line-height: normal;\">Gehe hierf\u00fcr in die UberEats-App, suche dein lieblings Relevo Partner und w\u00e4hle bei der Bestellung Relevo als Verpackung aus.<\/p>\n<p style=\"margin-right: 0px; margin-bottom: 0px; margin-left: 0px; font-variant-numeric: normal; font-variant-east-asian: normal; font-stretch: normal; line-height: normal;\">Gib anschlie\u00dfend deine 6-stellige Relevo User-ID im Kommentarfeld an. Diese findest du hier in der Relevo-App unter Mehr &#8211;&gt; Profil.<\/p>\n<p style=\"margin-right: 0px; margin-bottom: 0px; margin-left: 0px; font-variant-numeric: normal; font-variant-east-asian: normal; font-stretch: normal; line-height: normal;\">\n<\/p><p style=\"margin-right: 0px; margin-bottom: 0px; margin-left: 0px; font-variant-numeric: normal; font-variant-east-asian: normal; font-stretch: normal; line-height: normal;\">\n<\/p><p style=\"margin-right: 0px; margin-bottom: 0px; margin-left: 0px; font-variant-numeric: normal; font-variant-east-asian: normal; font-stretch: normal; line-height: normal;\">Nach dem Abschlie\u00dfen deiner Bestellung wird dir deine Relevo direkt vom Gastronom zugewiesen und du erh\u00e4ltst eine Push-Benachrichtigung \u00fcber die Best\u00e4tigung.&nbsp;<\/p><p style=\"margin-right: 0px; margin-bottom: 0px; margin-left: 0px; font-variant-numeric: normal; font-variant-east-asian: normal; font-stretch: normal; line-height: normal;\"><br><\/p><p style=\"margin-right: 0px; margin-bottom: 0px; margin-left: 0px; font-variant-numeric: normal; font-variant-east-asian: normal; font-stretch: normal; line-height: normal;\"><br><\/p>\n<p style=\"margin-right: 0px; margin-bottom: 0px; margin-left: 0px; font-variant-numeric: normal; font-variant-east-asian: normal; font-stretch: normal; line-height: normal;\">\n<\/p><p style=\"margin-right: 0px; margin-bottom: 0px; margin-left: 0px; font-variant-numeric: normal; font-variant-east-asian: normal; font-stretch: normal; line-height: normal;\">\n<\/p><p style=\"margin-right: 0px; margin-bottom: 0px; margin-left: 0px; font-variant-numeric: normal; font-variant-east-asian: normal; font-stretch: normal; line-height: normal;\">Gemeinsam machen wir auch das Liefergesch\u00e4ft frei von M\u00fcll!&nbsp;\ud83d\udc9a<\/p><p style=\"margin-right: 0px; margin-bottom: 0px; margin-left: 0px; font-variant-numeric: normal; font-variant-east-asian: normal; font-stretch: normal; line-height: normal;\"><br><\/p><p style=\"margin-right: 0px; margin-bottom: 0px; margin-left: 0px; font-variant-numeric: normal; font-variant-east-asian: normal; font-stretch: normal; line-height: normal;\"><br><\/p><p style=\"margin-right: 0px; margin-bottom: 0px; margin-left: 0px; font-variant-numeric: normal; font-variant-east-asian: normal; font-stretch: normal; line-height: normal;\"><br><\/p><p style=\"margin-right: 0px; margin-bottom: 0px; margin-left: 0px; font-variant-numeric: normal; font-variant-east-asian: normal; font-stretch: normal; line-height: normal;\"><br><\/p><p style=\"margin-right: 0px; margin-bottom: 0px; margin-left: 0px; font-variant-numeric: normal; font-variant-east-asian: normal; font-stretch: normal; line-height: normal;\"><br><\/p><p style=\"margin-right: 0px; margin-bottom: 0px; margin-left: 0px; font-variant-numeric: normal; font-variant-east-asian: normal; font-stretch: normal; line-height: normal;\"><br><\/p><p style=\"margin-right: 0px; margin-bottom: 0px; margin-left: 0px; font-variant-numeric: normal; font-variant-east-asian: normal; font-stretch: normal; line-height: normal;\"><br><\/p>\n<p style=\"margin-right: 0px; margin-bottom: 0px; margin-left: 0px; font-variant-numeric: normal; font-variant-east-asian: normal; font-stretch: normal; line-height: normal;\">\n<\/p><p style=\"margin-right: 0px; margin-bottom: 0px; margin-left: 0px; font-variant-numeric: normal; font-variant-east-asian: normal; font-stretch: normal; line-height: normal;\">\n<\/p><p style=\"margin-right: 0px; margin-bottom: 0px; margin-left: 0px; font-variant-numeric: normal; font-variant-east-asian: normal; font-stretch: normal; line-height: normal;\">\n<\/p><p style=\"margin-right: 0px; margin-bottom: 0px; margin-left: 0px; font-variant-numeric: normal; font-variant-east-asian: normal; font-stretch: normal; line-height: normal;\">\n<\/p><p style=\"margin-right: 0px; margin-bottom: 0px; margin-left: 0px; font-variant-numeric: normal; font-variant-east-asian: normal; font-stretch: normal; line-height: normal;\">\n<\/p><p style=\"margin-right: 0px; margin-bottom: 0px; margin-left: 0px; font-variant-numeric: normal; font-variant-east-asian: normal; font-stretch: normal; line-height: normal;\">\n<\/p><p style=\"margin-right: 0px; margin-bottom: 0px; margin-left: 0px; font-variant-numeric: normal; font-variant-east-asian: normal; font-stretch: normal; line-height: normal;\">\n<\/p><p style=\"margin-right: 0px; margin-bottom: 0px; margin-left: 0px; font-variant-numeric: normal; font-variant-east-asian: normal; font-stretch: normal; line-height: normal;\">\n<\/p><p style=\"margin-right: 0px; margin-bottom: 0px; margin-left: 0px; font-variant-numeric: normal; font-variant-east-asian: normal; font-stretch: normal; line-height: normal;\">\n<\/p><p style=\"margin-right: 0px; margin-bottom: 0px; margin-left: 0px; font-variant-numeric: normal; font-variant-east-asian: normal; font-stretch: normal; line-height: normal;\">\n<\/p><p style=\"margin-right: 0px; margin-bottom: 0px; margin-left: 0px; font-variant-numeric: normal; font-variant-east-asian: normal; font-stretch: normal; line-height: normal;\">\n<\/p>\t\t\t\t\t\t\t\t<\/div>\n\t\t\t\t<\/div>\n\t\t\t\t\t<\/div>\n\t\t<\/div>\n\t\t\t\t\t<\/div>\n\t\t<\/section>\n\t\t\t\t<\/div>\n\t\t","protected":false},"excerpt":{"rendered":"<p>Relevo bei UberEats! Mit der UberEats-App kannst du jetzt dein Essen in der Relevo zu dir nach Hause liefern lassen! Gehe hierf\u00fcr in die UberEats-App, suche dein lieblings Relevo Partner und w\u00e4hle bei der Bestellung Relevo als Verpackung aus. Gib anschlie\u00dfend deine 6-stellige Relevo User-ID im Kommentarfeld an. Diese findest du hier in der Relevo-App [&hellip;]<\/p>\n","protected":false},"author":1,"featured_media":0,"parent":0,"menu_order":0,"comment_status":"closed","ping_status":"closed","template":"elementor_canvas","meta":{"content-type":"","om_disable_all_campaigns":false,"footnotes":""},"class_list":["post-35929","page","type-page","status-publish","hentry"],"yoast_head":"<!-- This site is optimized with the Yoast SEO plugin v27.4 - https:\/\/yoast.com\/product\/yoast-seo-wordpress\/ -->\n<title>App_GER_News_UberEats - Relevo<\/title>\n<meta name=\"robots\" content=\"noindex, follow\" \/>\n<meta property=\"og:locale\" content=\"de_DE\" \/>\n<meta property=\"og:type\" content=\"article\" \/>\n<meta property=\"og:title\" content=\"App_GER_News_UberEats - Relevo\" \/>\n<meta property=\"og:description\" content=\"Relevo bei UberEats! Mit der UberEats-App kannst du jetzt dein Essen in der Relevo zu dir nach Hause liefern lassen! Gehe hierf\u00fcr in die UberEats-App, suche dein lieblings Relevo Partner und w\u00e4hle bei der Bestellung Relevo als Verpackung aus. Gib anschlie\u00dfend deine 6-stellige Relevo User-ID im Kommentarfeld an. Diese findest du hier in der Relevo-App [&hellip;]\" \/>\n<meta property=\"og:url\" content=\"https:\/\/relevo.app\/de\/app_ger_news_ubereats\/\" \/>\n<meta property=\"og:site_name\" content=\"Relevo\" \/>\n<meta property=\"article:modified_time\" content=\"2024-03-12T10:48:19+00:00\" \/>\n<meta property=\"og:image\" content=\"https:\/\/stage.relevo.app\/wp-content\/uploads\/2022\/01\/Relevo_x_UeberEats-1024x979.png\" \/>\n<meta name=\"twitter:card\" content=\"summary_large_image\" \/>\n<meta name=\"twitter:label1\" content=\"Gesch\u00e4tzte Lesezeit\" \/>\n\t<meta name=\"twitter:data1\" content=\"1\u00a0Minute\" \/>\n<script type=\"application\/ld+json\" class=\"yoast-schema-graph\">{\"@context\":\"https:\\\/\\\/schema.org\",\"@graph\":[{\"@type\":\"WebPage\",\"@id\":\"https:\\\/\\\/relevo.app\\\/de\\\/app_ger_news_ubereats\\\/\",\"url\":\"https:\\\/\\\/relevo.app\\\/de\\\/app_ger_news_ubereats\\\/\",\"name\":\"App_GER_News_UberEats - Relevo\",\"isPartOf\":{\"@id\":\"https:\\\/\\\/relevo.app\\\/de\\\/#website\"},\"primaryImageOfPage\":{\"@id\":\"https:\\\/\\\/relevo.app\\\/de\\\/app_ger_news_ubereats\\\/#primaryimage\"},\"image\":{\"@id\":\"https:\\\/\\\/relevo.app\\\/de\\\/app_ger_news_ubereats\\\/#primaryimage\"},\"thumbnailUrl\":\"https:\\\/\\\/stage.relevo.app\\\/wp-content\\\/uploads\\\/2022\\\/01\\\/Relevo_x_UeberEats-1024x979.png\",\"datePublished\":\"2022-01-21T11:20:11+00:00\",\"dateModified\":\"2024-03-12T10:48:19+00:00\",\"breadcrumb\":{\"@id\":\"https:\\\/\\\/relevo.app\\\/de\\\/app_ger_news_ubereats\\\/#breadcrumb\"},\"inLanguage\":\"de\",\"potentialAction\":[{\"@type\":\"ReadAction\",\"target\":[\"https:\\\/\\\/relevo.app\\\/de\\\/app_ger_news_ubereats\\\/\"]}]},{\"@type\":\"ImageObject\",\"inLanguage\":\"de\",\"@id\":\"https:\\\/\\\/relevo.app\\\/de\\\/app_ger_news_ubereats\\\/#primaryimage\",\"url\":\"https:\\\/\\\/stage.relevo.app\\\/wp-content\\\/uploads\\\/2022\\\/01\\\/Relevo_x_UeberEats-1024x979.png\",\"contentUrl\":\"https:\\\/\\\/stage.relevo.app\\\/wp-content\\\/uploads\\\/2022\\\/01\\\/Relevo_x_UeberEats-1024x979.png\"},{\"@type\":\"BreadcrumbList\",\"@id\":\"https:\\\/\\\/relevo.app\\\/de\\\/app_ger_news_ubereats\\\/#breadcrumb\",\"itemListElement\":[{\"@type\":\"ListItem\",\"position\":1,\"name\":\"Home\",\"item\":\"https:\\\/\\\/relevo.app\\\/de\\\/\"},{\"@type\":\"ListItem\",\"position\":2,\"name\":\"App_GER_News_UberEats\"}]},{\"@type\":\"WebSite\",\"@id\":\"https:\\\/\\\/relevo.app\\\/de\\\/#website\",\"url\":\"https:\\\/\\\/relevo.app\\\/de\\\/\",\"name\":\"Relevo\",\"description\":\"\",\"potentialAction\":[{\"@type\":\"SearchAction\",\"target\":{\"@type\":\"EntryPoint\",\"urlTemplate\":\"https:\\\/\\\/relevo.app\\\/de\\\/?s={search_term_string}\"},\"query-input\":{\"@type\":\"PropertyValueSpecification\",\"valueRequired\":true,\"valueName\":\"search_term_string\"}}],\"inLanguage\":\"de\"}]}<\/script>\n<!-- \/ Yoast SEO plugin. -->","yoast_head_json":{"title":"App_GER_News_UberEats - Relevo","robots":{"index":"noindex","follow":"follow"},"og_locale":"de_DE","og_type":"article","og_title":"App_GER_News_UberEats - Relevo","og_description":"Relevo bei UberEats! Mit der UberEats-App kannst du jetzt dein Essen in der Relevo zu dir nach Hause liefern lassen! Gehe hierf\u00fcr in die UberEats-App, suche dein lieblings Relevo Partner und w\u00e4hle bei der Bestellung Relevo als Verpackung aus. Gib anschlie\u00dfend deine 6-stellige Relevo User-ID im Kommentarfeld an. Diese findest du hier in der Relevo-App [&hellip;]","og_url":"https:\/\/relevo.app\/de\/app_ger_news_ubereats\/","og_site_name":"Relevo","article_modified_time":"2024-03-12T10:48:19+00:00","og_image":[{"url":"https:\/\/stage.relevo.app\/wp-content\/uploads\/2022\/01\/Relevo_x_UeberEats-1024x979.png","type":"","width":"","height":""}],"twitter_card":"summary_large_image","twitter_misc":{"Gesch\u00e4tzte Lesezeit":"1\u00a0Minute"},"schema":{"@context":"https:\/\/schema.org","@graph":[{"@type":"WebPage","@id":"https:\/\/relevo.app\/de\/app_ger_news_ubereats\/","url":"https:\/\/relevo.app\/de\/app_ger_news_ubereats\/","name":"App_GER_News_UberEats - Relevo","isPartOf":{"@id":"https:\/\/relevo.app\/de\/#website"},"primaryImageOfPage":{"@id":"https:\/\/relevo.app\/de\/app_ger_news_ubereats\/#primaryimage"},"image":{"@id":"https:\/\/relevo.app\/de\/app_ger_news_ubereats\/#primaryimage"},"thumbnailUrl":"https:\/\/stage.relevo.app\/wp-content\/uploads\/2022\/01\/Relevo_x_UeberEats-1024x979.png","datePublished":"2022-01-21T11:20:11+00:00","dateModified":"2024-03-12T10:48:19+00:00","breadcrumb":{"@id":"https:\/\/relevo.app\/de\/app_ger_news_ubereats\/#breadcrumb"},"inLanguage":"de","potentialAction":[{"@type":"ReadAction","target":["https:\/\/relevo.app\/de\/app_ger_news_ubereats\/"]}]},{"@type":"ImageObject","inLanguage":"de","@id":"https:\/\/relevo.app\/de\/app_ger_news_ubereats\/#primaryimage","url":"https:\/\/stage.relevo.app\/wp-content\/uploads\/2022\/01\/Relevo_x_UeberEats-1024x979.png","contentUrl":"https:\/\/stage.relevo.app\/wp-content\/uploads\/2022\/01\/Relevo_x_UeberEats-1024x979.png"},{"@type":"BreadcrumbList","@id":"https:\/\/relevo.app\/de\/app_ger_news_ubereats\/#breadcrumb","itemListElement":[{"@type":"ListItem","position":1,"name":"Home","item":"https:\/\/relevo.app\/de\/"},{"@type":"ListItem","position":2,"name":"App_GER_News_UberEats"}]},{"@type":"WebSite","@id":"https:\/\/relevo.app\/de\/#website","url":"https:\/\/relevo.app\/de\/","name":"Relevo","description":"","potentialAction":[{"@type":"SearchAction","target":{"@type":"EntryPoint","urlTemplate":"https:\/\/relevo.app\/de\/?s={search_term_string}"},"query-input":{"@type":"PropertyValueSpecification","valueRequired":true,"valueName":"search_term_string"}}],"inLanguage":"de"}]}},"_links":{"self":[{"href":"https:\/\/relevo.app\/de\/wp-json\/wp\/v2\/pages\/35929","targetHints":{"allow":["GET"]}}],"collection":[{"href":"https:\/\/relevo.app\/de\/wp-json\/wp\/v2\/pages"}],"about":[{"href":"https:\/\/relevo.app\/de\/wp-json\/wp\/v2\/types\/page"}],"author":[{"embeddable":true,"href":"https:\/\/relevo.app\/de\/wp-json\/wp\/v2\/users\/1"}],"replies":[{"embeddable":true,"href":"https:\/\/relevo.app\/de\/wp-json\/wp\/v2\/comments?post=35929"}],"version-history":[{"count":7,"href":"https:\/\/relevo.app\/de\/wp-json\/wp\/v2\/pages\/35929\/revisions"}],"predecessor-version":[{"id":35937,"href":"https:\/\/relevo.app\/de\/wp-json\/wp\/v2\/pages\/35929\/revisions\/35937"}],"wp:attachment":[{"href":"https:\/\/relevo.app\/de\/wp-json\/wp\/v2\/media?parent=35929"}],"curies":[{"name":"wp","href":"https:\/\/api.w.org\/{rel}","templated":true}]}}