{"id":35629,"date":"2021-12-23T10:38:55","date_gmt":"2021-12-23T09:38:55","guid":{"rendered":"https:\/\/stage.relevo.app\/?page_id=35629"},"modified":"2024-03-12T11:47:34","modified_gmt":"2024-03-12T10:47:34","slug":"app_ger_news_christmas","status":"publish","type":"page","link":"https:\/\/relevo.app\/de\/app_ger_news_christmas\/","title":{"rendered":"App_GER_News_Christmas"},"content":{"rendered":"\t\t<div data-elementor-type=\"wp-page\" data-elementor-id=\"35629\" class=\"elementor elementor-35629\" data-elementor-post-type=\"page\">\n\t\t\t\t\t\t<section class=\"elementor-section elementor-top-section elementor-element elementor-element-d3faaab elementor-section-boxed elementor-section-height-default elementor-section-height-default\" data-id=\"d3faaab\" data-element_type=\"section\" data-e-type=\"section\">\n\t\t\t\t\t\t<div class=\"elementor-container elementor-column-gap-default\">\n\t\t\t\t\t<div class=\"elementor-column elementor-col-100 elementor-top-column elementor-element elementor-element-f87883f\" data-id=\"f87883f\" data-element_type=\"column\" data-e-type=\"column\">\n\t\t\t<div class=\"elementor-widget-wrap elementor-element-populated\">\n\t\t\t\t\t\t<div class=\"elementor-element elementor-element-8d66f34 elementor-widget elementor-widget-image\" data-id=\"8d66f34\" data-element_type=\"widget\" data-e-type=\"widget\" data-widget_type=\"image.default\">\n\t\t\t\t<div class=\"elementor-widget-container\">\n\t\t\t\t\t\t\t\t\t\t\t\t\t\t\t<img fetchpriority=\"high\" decoding=\"async\" width=\"768\" height=\"1024\" src=\"https:\/\/relevo.app\/wp-content\/uploads\/2021\/12\/Christmas-768x1024.jpg\" class=\"attachment-large size-large wp-image-35631\" alt=\"\" srcset=\"https:\/\/relevo.app\/wp-content\/uploads\/2021\/12\/Christmas-768x1024.jpg 768w, https:\/\/relevo.app\/wp-content\/uploads\/2021\/12\/Christmas-scaled-600x800.jpg 600w, https:\/\/relevo.app\/wp-content\/uploads\/2021\/12\/Christmas-225x300.jpg 225w, https:\/\/relevo.app\/wp-content\/uploads\/2021\/12\/Christmas-1152x1536.jpg 1152w, https:\/\/relevo.app\/wp-content\/uploads\/2021\/12\/Christmas-1536x2048.jpg 1536w, https:\/\/relevo.app\/wp-content\/uploads\/2021\/12\/Christmas-scaled.jpg 1920w\" sizes=\"(max-width: 768px) 100vw, 768px\" \/>\t\t\t\t\t\t\t\t\t\t\t\t\t\t\t<\/div>\n\t\t\t\t<\/div>\n\t\t\t\t<div class=\"elementor-element elementor-element-b4e2750 elementor-widget elementor-widget-text-editor\" data-id=\"b4e2750\" data-element_type=\"widget\" data-e-type=\"widget\" data-widget_type=\"text-editor.default\">\n\t\t\t\t<div class=\"elementor-widget-container\">\n\t\t\t\t\t\t\t\t\t<p><b>Danke liebe Weltrettende!\u00a0<\/b><span style=\"font-weight: bold;\">\ud83d\udc9a<\/span><\/p><p style=\"margin-right: 0px; margin-bottom: 0px; margin-left: 0px; font-variant-numeric: normal; font-variant-east-asian: normal; font-stretch: normal; line-height: normal;\">\u2026denn mit jedem Einzelnen von euch und mit jeder Relevo-Ausleihe haben wir unsere Umwelt entlastet und gemeinsam einen starken, positiven Beitrag gegen die \u00dcberm\u00fcllung unserer St\u00e4dte und den unn\u00f6tigen Ressourcenverbrauch geleistet!\u00a0<\/p><p style=\"margin-right: 0px; margin-bottom: 0px; margin-left: 0px; font-variant-numeric: normal; font-variant-east-asian: normal; font-stretch: normal; line-height: normal; min-height: 15px;\">\u00a0<\/p><p style=\"margin-right: 0px; margin-bottom: 0px; margin-left: 0px; font-variant-numeric: normal; font-variant-east-asian: normal; font-stretch: normal; line-height: normal;\">Ein ereignisreiches\u00a0und \u00fcberaus erfolgreiches\u00a0Jahr f\u00fcr Relevo neigt sich dem Ende zu.\u00a0<\/p><p style=\"margin-right: 0px; margin-bottom: 0px; margin-left: 0px; font-variant-numeric: normal; font-variant-east-asian: normal; font-stretch: normal; line-height: normal; min-height: 15px;\">\u00a0<\/p><p style=\"margin-right: 0px; margin-bottom: 0px; margin-left: 0px; font-variant-numeric: normal; font-variant-east-asian: normal; font-stretch: normal; line-height: normal;\">Gemeinsam durften wir unglaublich tolle Highlights erleben, mehrere hunderttausende Einwegverpackungen einsparen, unser Partner-Netzwerk sehr stark wachsen lassen, super tolle neue Team-Mitglieder gewinnen, unser Unternehmen &amp; Prozesse professionalisieren, spannende Dritt-Partnerschaften aufbauen, uns b\u00e4ren-stark f\u00fcrs kommende Jahr aufstellen und dabei so richtig Spa\u00df haben.\u00a0<\/p><p style=\"margin-right: 0px; margin-bottom: 0px; margin-left: 0px; font-variant-numeric: normal; font-variant-east-asian: normal; font-stretch: normal; line-height: normal; min-height: 15px;\">\u00a0<\/p><p style=\"margin-right: 0px; margin-bottom: 0px; margin-left: 0px; font-variant-numeric: normal; font-variant-east-asian: normal; font-stretch: normal; line-height: normal;\">Nach all den tollen Momenten geht es f\u00fcr uns nun in den Weihnachtsurlaub und wir freuen uns unglaublich auf das anstehende 2022 und k\u00f6nnen es kaum erwarten gemeinsam mit euch den Mehrweg-Markt so richtig durchzuwirbeln!\u00a0<span style=\"font-weight: bold;\">\ud83e\udd73<\/span><\/p><p style=\"margin-right: 0px; margin-bottom: 0px; margin-left: 0px; font-variant-numeric: normal; font-variant-east-asian: normal; font-stretch: normal; line-height: normal; min-height: 15px;\">\u00a0<\/p><p style=\"margin-right: 0px; margin-bottom: 0px; margin-left: 0px; font-variant-numeric: normal; font-variant-east-asian: normal; font-stretch: normal; line-height: normal;\">Wir m\u00f6chten Danke sagen und w\u00fcnschen euch &amp; euerer Familie im Namen des gesamten Relevo-Teams:<\/p><p style=\"margin-right: 0px; margin-bottom: 0px; margin-left: 0px; font-variant-numeric: normal; font-variant-east-asian: normal; font-stretch: normal; line-height: normal; min-height: 15px;\">\u00a0<\/p><p style=\"margin-right: 0px; margin-bottom: 0px; margin-left: 0px; font-variant-numeric: normal; font-variant-east-asian: normal; font-stretch: normal; line-height: normal;\">Frohe Festtage, einen besinnlichen Jahresausklang und ein gutes, <b>einwegfreies Jahr 2022!\u00a0<\/b><span style=\"font-weight: bold;\">\ud83c\udf84<\/span><\/p><p style=\"margin-right: 0px; margin-bottom: 0px; margin-left: 0px; font-variant-numeric: normal; font-variant-east-asian: normal; font-stretch: normal; line-height: normal;\"><b>\u00a0<\/b><\/p><p style=\"margin-right: 0px; margin-bottom: 0px; margin-left: 0px; font-variant-numeric: normal; font-variant-east-asian: normal; font-stretch: normal; line-height: normal;\"><b>\u00a0<\/b><\/p><p style=\"margin-right: 0px; margin-bottom: 0px; margin-left: 0px; font-variant-numeric: normal; font-variant-east-asian: normal; font-stretch: normal; line-height: normal;\"><b>\u00a0<\/b><\/p><p style=\"margin-right: 0px; margin-bottom: 0px; margin-left: 0px; font-variant-numeric: normal; font-variant-east-asian: normal; font-stretch: normal; line-height: normal;\"><b>\u00a0<\/b><\/p><p style=\"margin-right: 0px; margin-bottom: 0px; margin-left: 0px; font-variant-numeric: normal; font-variant-east-asian: normal; font-stretch: normal; line-height: normal;\"><b>\u00a0<\/b><\/p><p style=\"margin-right: 0px; margin-bottom: 0px; margin-left: 0px; font-variant-numeric: normal; font-variant-east-asian: normal; font-stretch: normal; line-height: normal;\">\u00a0<\/p><p style=\"margin-right: 0px; margin-bottom: 0px; margin-left: 0px; font-variant-numeric: normal; font-variant-east-asian: normal; font-stretch: normal; line-height: normal;\">\u00a0<\/p>\t\t\t\t\t\t\t\t<\/div>\n\t\t\t\t<\/div>\n\t\t\t\t\t<\/div>\n\t\t<\/div>\n\t\t\t\t\t<\/div>\n\t\t<\/section>\n\t\t\t\t<\/div>\n\t\t","protected":false},"excerpt":{"rendered":"<p>Danke liebe Weltrettende!\u00a0\ud83d\udc9a \u2026denn mit jedem Einzelnen von euch und mit jeder Relevo-Ausleihe haben wir unsere Umwelt entlastet und gemeinsam einen starken, positiven Beitrag gegen die \u00dcberm\u00fcllung unserer St\u00e4dte und den unn\u00f6tigen Ressourcenverbrauch geleistet!\u00a0 \u00a0 Ein ereignisreiches\u00a0und \u00fcberaus erfolgreiches\u00a0Jahr f\u00fcr Relevo neigt sich dem Ende zu.\u00a0 \u00a0 Gemeinsam durften wir unglaublich tolle Highlights erleben, mehrere [&hellip;]<\/p>\n","protected":false},"author":1,"featured_media":0,"parent":0,"menu_order":0,"comment_status":"closed","ping_status":"closed","template":"elementor_canvas","meta":{"content-type":"","om_disable_all_campaigns":false,"footnotes":""},"class_list":["post-35629","page","type-page","status-publish","hentry"],"yoast_head":"<!-- This site is optimized with the Yoast SEO plugin v27.3 - https:\/\/yoast.com\/product\/yoast-seo-wordpress\/ -->\n<title>App_GER_News_Christmas - Relevo<\/title>\n<meta name=\"robots\" content=\"noindex, follow\" \/>\n<meta property=\"og:locale\" content=\"de_DE\" \/>\n<meta property=\"og:type\" content=\"article\" \/>\n<meta property=\"og:title\" content=\"App_GER_News_Christmas - Relevo\" \/>\n<meta property=\"og:description\" content=\"Danke liebe Weltrettende!\u00a0\ud83d\udc9a \u2026denn mit jedem Einzelnen von euch und mit jeder Relevo-Ausleihe haben wir unsere Umwelt entlastet und gemeinsam einen starken, positiven Beitrag gegen die \u00dcberm\u00fcllung unserer St\u00e4dte und den unn\u00f6tigen Ressourcenverbrauch geleistet!\u00a0 \u00a0 Ein ereignisreiches\u00a0und \u00fcberaus erfolgreiches\u00a0Jahr f\u00fcr Relevo neigt sich dem Ende zu.\u00a0 \u00a0 Gemeinsam durften wir unglaublich tolle Highlights erleben, mehrere [&hellip;]\" \/>\n<meta property=\"og:url\" content=\"https:\/\/relevo.app\/de\/app_ger_news_christmas\/\" \/>\n<meta property=\"og:site_name\" content=\"Relevo\" \/>\n<meta property=\"article:modified_time\" content=\"2024-03-12T10:47:34+00:00\" \/>\n<meta property=\"og:image\" content=\"https:\/\/stage.relevo.app\/wp-content\/uploads\/2021\/12\/Christmas-768x1024.jpg\" \/>\n<meta name=\"twitter:card\" content=\"summary_large_image\" \/>\n<meta name=\"twitter:label1\" content=\"Gesch\u00e4tzte Lesezeit\" \/>\n\t<meta name=\"twitter:data1\" content=\"2\u00a0Minuten\" \/>\n<script type=\"application\/ld+json\" class=\"yoast-schema-graph\">{\"@context\":\"https:\\\/\\\/schema.org\",\"@graph\":[{\"@type\":\"WebPage\",\"@id\":\"https:\\\/\\\/relevo.app\\\/de\\\/app_ger_news_christmas\\\/\",\"url\":\"https:\\\/\\\/relevo.app\\\/de\\\/app_ger_news_christmas\\\/\",\"name\":\"App_GER_News_Christmas - Relevo\",\"isPartOf\":{\"@id\":\"https:\\\/\\\/relevo.app\\\/de\\\/#website\"},\"primaryImageOfPage\":{\"@id\":\"https:\\\/\\\/relevo.app\\\/de\\\/app_ger_news_christmas\\\/#primaryimage\"},\"image\":{\"@id\":\"https:\\\/\\\/relevo.app\\\/de\\\/app_ger_news_christmas\\\/#primaryimage\"},\"thumbnailUrl\":\"https:\\\/\\\/stage.relevo.app\\\/wp-content\\\/uploads\\\/2021\\\/12\\\/Christmas-768x1024.jpg\",\"datePublished\":\"2021-12-23T09:38:55+00:00\",\"dateModified\":\"2024-03-12T10:47:34+00:00\",\"breadcrumb\":{\"@id\":\"https:\\\/\\\/relevo.app\\\/de\\\/app_ger_news_christmas\\\/#breadcrumb\"},\"inLanguage\":\"de\",\"potentialAction\":[{\"@type\":\"ReadAction\",\"target\":[\"https:\\\/\\\/relevo.app\\\/de\\\/app_ger_news_christmas\\\/\"]}]},{\"@type\":\"ImageObject\",\"inLanguage\":\"de\",\"@id\":\"https:\\\/\\\/relevo.app\\\/de\\\/app_ger_news_christmas\\\/#primaryimage\",\"url\":\"https:\\\/\\\/stage.relevo.app\\\/wp-content\\\/uploads\\\/2021\\\/12\\\/Christmas-768x1024.jpg\",\"contentUrl\":\"https:\\\/\\\/stage.relevo.app\\\/wp-content\\\/uploads\\\/2021\\\/12\\\/Christmas-768x1024.jpg\"},{\"@type\":\"BreadcrumbList\",\"@id\":\"https:\\\/\\\/relevo.app\\\/de\\\/app_ger_news_christmas\\\/#breadcrumb\",\"itemListElement\":[{\"@type\":\"ListItem\",\"position\":1,\"name\":\"Home\",\"item\":\"https:\\\/\\\/relevo.app\\\/de\\\/\"},{\"@type\":\"ListItem\",\"position\":2,\"name\":\"App_GER_News_Christmas\"}]},{\"@type\":\"WebSite\",\"@id\":\"https:\\\/\\\/relevo.app\\\/de\\\/#website\",\"url\":\"https:\\\/\\\/relevo.app\\\/de\\\/\",\"name\":\"Relevo\",\"description\":\"\",\"potentialAction\":[{\"@type\":\"SearchAction\",\"target\":{\"@type\":\"EntryPoint\",\"urlTemplate\":\"https:\\\/\\\/relevo.app\\\/de\\\/?s={search_term_string}\"},\"query-input\":{\"@type\":\"PropertyValueSpecification\",\"valueRequired\":true,\"valueName\":\"search_term_string\"}}],\"inLanguage\":\"de\"}]}<\/script>\n<!-- \/ Yoast SEO plugin. -->","yoast_head_json":{"title":"App_GER_News_Christmas - Relevo","robots":{"index":"noindex","follow":"follow"},"og_locale":"de_DE","og_type":"article","og_title":"App_GER_News_Christmas - Relevo","og_description":"Danke liebe Weltrettende!\u00a0\ud83d\udc9a \u2026denn mit jedem Einzelnen von euch und mit jeder Relevo-Ausleihe haben wir unsere Umwelt entlastet und gemeinsam einen starken, positiven Beitrag gegen die \u00dcberm\u00fcllung unserer St\u00e4dte und den unn\u00f6tigen Ressourcenverbrauch geleistet!\u00a0 \u00a0 Ein ereignisreiches\u00a0und \u00fcberaus erfolgreiches\u00a0Jahr f\u00fcr Relevo neigt sich dem Ende zu.\u00a0 \u00a0 Gemeinsam durften wir unglaublich tolle Highlights erleben, mehrere [&hellip;]","og_url":"https:\/\/relevo.app\/de\/app_ger_news_christmas\/","og_site_name":"Relevo","article_modified_time":"2024-03-12T10:47:34+00:00","og_image":[{"url":"https:\/\/stage.relevo.app\/wp-content\/uploads\/2021\/12\/Christmas-768x1024.jpg","type":"","width":"","height":""}],"twitter_card":"summary_large_image","twitter_misc":{"Gesch\u00e4tzte Lesezeit":"2\u00a0Minuten"},"schema":{"@context":"https:\/\/schema.org","@graph":[{"@type":"WebPage","@id":"https:\/\/relevo.app\/de\/app_ger_news_christmas\/","url":"https:\/\/relevo.app\/de\/app_ger_news_christmas\/","name":"App_GER_News_Christmas - Relevo","isPartOf":{"@id":"https:\/\/relevo.app\/de\/#website"},"primaryImageOfPage":{"@id":"https:\/\/relevo.app\/de\/app_ger_news_christmas\/#primaryimage"},"image":{"@id":"https:\/\/relevo.app\/de\/app_ger_news_christmas\/#primaryimage"},"thumbnailUrl":"https:\/\/stage.relevo.app\/wp-content\/uploads\/2021\/12\/Christmas-768x1024.jpg","datePublished":"2021-12-23T09:38:55+00:00","dateModified":"2024-03-12T10:47:34+00:00","breadcrumb":{"@id":"https:\/\/relevo.app\/de\/app_ger_news_christmas\/#breadcrumb"},"inLanguage":"de","potentialAction":[{"@type":"ReadAction","target":["https:\/\/relevo.app\/de\/app_ger_news_christmas\/"]}]},{"@type":"ImageObject","inLanguage":"de","@id":"https:\/\/relevo.app\/de\/app_ger_news_christmas\/#primaryimage","url":"https:\/\/stage.relevo.app\/wp-content\/uploads\/2021\/12\/Christmas-768x1024.jpg","contentUrl":"https:\/\/stage.relevo.app\/wp-content\/uploads\/2021\/12\/Christmas-768x1024.jpg"},{"@type":"BreadcrumbList","@id":"https:\/\/relevo.app\/de\/app_ger_news_christmas\/#breadcrumb","itemListElement":[{"@type":"ListItem","position":1,"name":"Home","item":"https:\/\/relevo.app\/de\/"},{"@type":"ListItem","position":2,"name":"App_GER_News_Christmas"}]},{"@type":"WebSite","@id":"https:\/\/relevo.app\/de\/#website","url":"https:\/\/relevo.app\/de\/","name":"Relevo","description":"","potentialAction":[{"@type":"SearchAction","target":{"@type":"EntryPoint","urlTemplate":"https:\/\/relevo.app\/de\/?s={search_term_string}"},"query-input":{"@type":"PropertyValueSpecification","valueRequired":true,"valueName":"search_term_string"}}],"inLanguage":"de"}]}},"_links":{"self":[{"href":"https:\/\/relevo.app\/de\/wp-json\/wp\/v2\/pages\/35629","targetHints":{"allow":["GET"]}}],"collection":[{"href":"https:\/\/relevo.app\/de\/wp-json\/wp\/v2\/pages"}],"about":[{"href":"https:\/\/relevo.app\/de\/wp-json\/wp\/v2\/types\/page"}],"author":[{"embeddable":true,"href":"https:\/\/relevo.app\/de\/wp-json\/wp\/v2\/users\/1"}],"replies":[{"embeddable":true,"href":"https:\/\/relevo.app\/de\/wp-json\/wp\/v2\/comments?post=35629"}],"version-history":[{"count":21,"href":"https:\/\/relevo.app\/de\/wp-json\/wp\/v2\/pages\/35629\/revisions"}],"predecessor-version":[{"id":35652,"href":"https:\/\/relevo.app\/de\/wp-json\/wp\/v2\/pages\/35629\/revisions\/35652"}],"wp:attachment":[{"href":"https:\/\/relevo.app\/de\/wp-json\/wp\/v2\/media?parent=35629"}],"curies":[{"name":"wp","href":"https:\/\/api.w.org\/{rel}","templated":true}]}}