{"id":32985,"date":"2021-09-30T10:17:05","date_gmt":"2021-09-30T09:17:05","guid":{"rendered":"https:\/\/stage.relevo.app\/?page_id=32985"},"modified":"2024-03-12T11:48:13","modified_gmt":"2024-03-12T10:48:13","slug":"app_ger_news_stwno","status":"publish","type":"page","link":"https:\/\/relevo.app\/de\/app_ger_news_stwno\/","title":{"rendered":"App_GER_News_StWNO"},"content":{"rendered":"\t\t<div data-elementor-type=\"wp-page\" data-elementor-id=\"32985\" class=\"elementor elementor-32985\" data-elementor-post-type=\"page\">\n\t\t\t\t\t\t<section class=\"elementor-section elementor-top-section elementor-element elementor-element-085d40d elementor-section-boxed elementor-section-height-default elementor-section-height-default\" data-id=\"085d40d\" data-element_type=\"section\" data-e-type=\"section\">\n\t\t\t\t\t\t<div class=\"elementor-container elementor-column-gap-default\">\n\t\t\t\t\t<div class=\"elementor-column elementor-col-100 elementor-top-column elementor-element elementor-element-0f5a4d1\" data-id=\"0f5a4d1\" data-element_type=\"column\" data-e-type=\"column\">\n\t\t\t<div class=\"elementor-widget-wrap elementor-element-populated\">\n\t\t\t\t\t\t<div class=\"elementor-element elementor-element-daeb63b elementor-widget elementor-widget-image\" data-id=\"daeb63b\" data-element_type=\"widget\" data-e-type=\"widget\" data-widget_type=\"image.default\">\n\t\t\t\t<div class=\"elementor-widget-container\">\n\t\t\t\t\t\t\t\t\t\t\t\t\t\t\t<img fetchpriority=\"high\" decoding=\"async\" width=\"759\" height=\"570\" src=\"https:\/\/relevo.app\/wp-content\/uploads\/2021\/09\/universitat-regensburg-mensa.jpg\" class=\"attachment-large size-large wp-image-32845\" alt=\"\" srcset=\"https:\/\/relevo.app\/wp-content\/uploads\/2021\/09\/universitat-regensburg-mensa.jpg 759w, https:\/\/relevo.app\/wp-content\/uploads\/2021\/09\/universitat-regensburg-mensa-600x451.jpg 600w, https:\/\/relevo.app\/wp-content\/uploads\/2021\/09\/universitat-regensburg-mensa-300x225.jpg 300w\" sizes=\"(max-width: 759px) 100vw, 759px\" \/>\t\t\t\t\t\t\t\t\t\t\t\t\t\t\t<\/div>\n\t\t\t\t<\/div>\n\t\t\t\t<div class=\"elementor-element elementor-element-94d0e72 elementor-widget elementor-widget-text-editor\" data-id=\"94d0e72\" data-element_type=\"widget\" data-e-type=\"widget\" data-widget_type=\"text-editor.default\">\n\t\t\t\t<div class=\"elementor-widget-container\">\n\t\t\t\t\t\t\t\t\t<p><b>Herzlich Willkommen StWNO!<\/b><\/p><p>Was haben Regensburg, Landshut, Deggendorf und Passau gemeinsam?<\/p><p>4 St\u00e4dte<\/p><p>3 Fl\u00fcsse<\/p><p>2 Regionen<\/p><p><b><i>1 Mehrwegsystem<\/i><\/b><i>!<\/i><\/p><p>Wir freuen uns, dass wir zusammen mit dem Studentenwerk Niederbayern Oberpfalz (STWNO) unser\u00a0<b><i>Relevo-Geschirr\u00a0<\/i><\/b>ab dem 1.12. in den Kantinen der Hochschulen und Unis in\u00a0 Landshut, Deggendorf, Passau und Regensburg anbieten werden. Studierende des STWNO erhalten zuk\u00fcnftig Essen zum Mitnehmen zu 100% in Relevo und erleichtern damit Unseren Planeten von tausenden Einwegverpackungen t\u00e4glich. Was ein toller Schritt in eine m\u00fcllfreie Zukunft..<\/p>\t\t\t\t\t\t\t\t<\/div>\n\t\t\t\t<\/div>\n\t\t\t\t\t<\/div>\n\t\t<\/div>\n\t\t\t\t\t<\/div>\n\t\t<\/section>\n\t\t\t\t<\/div>\n\t\t","protected":false},"excerpt":{"rendered":"<p>Herzlich Willkommen StWNO! Was haben Regensburg, Landshut, Deggendorf und Passau gemeinsam? 4 St\u00e4dte 3 Fl\u00fcsse 2 Regionen 1 Mehrwegsystem! Wir freuen uns, dass wir zusammen mit dem Studentenwerk Niederbayern Oberpfalz (STWNO) unser\u00a0Relevo-Geschirr\u00a0ab dem 1.12. in den Kantinen der Hochschulen und Unis in\u00a0 Landshut, Deggendorf, Passau und Regensburg anbieten werden. Studierende des STWNO erhalten zuk\u00fcnftig Essen [&hellip;]<\/p>\n","protected":false},"author":1,"featured_media":0,"parent":0,"menu_order":0,"comment_status":"closed","ping_status":"closed","template":"elementor_canvas","meta":{"content-type":"","om_disable_all_campaigns":false,"footnotes":""},"class_list":["post-32985","page","type-page","status-publish","hentry"],"yoast_head":"<!-- This site is optimized with the Yoast SEO plugin v27.4 - https:\/\/yoast.com\/product\/yoast-seo-wordpress\/ -->\n<title>App_GER_News_StWNO - Relevo<\/title>\n<meta name=\"robots\" content=\"noindex, follow\" \/>\n<meta property=\"og:locale\" content=\"de_DE\" \/>\n<meta property=\"og:type\" content=\"article\" \/>\n<meta property=\"og:title\" content=\"App_GER_News_StWNO - Relevo\" \/>\n<meta property=\"og:description\" content=\"Herzlich Willkommen StWNO! Was haben Regensburg, Landshut, Deggendorf und Passau gemeinsam? 4 St\u00e4dte 3 Fl\u00fcsse 2 Regionen 1 Mehrwegsystem! Wir freuen uns, dass wir zusammen mit dem Studentenwerk Niederbayern Oberpfalz (STWNO) unser\u00a0Relevo-Geschirr\u00a0ab dem 1.12. in den Kantinen der Hochschulen und Unis in\u00a0 Landshut, Deggendorf, Passau und Regensburg anbieten werden. Studierende des STWNO erhalten zuk\u00fcnftig Essen [&hellip;]\" \/>\n<meta property=\"og:url\" content=\"https:\/\/relevo.app\/de\/app_ger_news_stwno\/\" \/>\n<meta property=\"og:site_name\" content=\"Relevo\" \/>\n<meta property=\"article:modified_time\" content=\"2024-03-12T10:48:13+00:00\" \/>\n<meta property=\"og:image\" content=\"https:\/\/stage.relevo.app\/wp-content\/uploads\/2021\/09\/universitat-regensburg-mensa.jpg\" \/>\n<meta name=\"twitter:card\" content=\"summary_large_image\" \/>\n<meta name=\"twitter:label1\" content=\"Gesch\u00e4tzte Lesezeit\" \/>\n\t<meta name=\"twitter:data1\" content=\"1\u00a0Minute\" \/>\n<script type=\"application\/ld+json\" class=\"yoast-schema-graph\">{\"@context\":\"https:\\\/\\\/schema.org\",\"@graph\":[{\"@type\":\"WebPage\",\"@id\":\"https:\\\/\\\/relevo.app\\\/de\\\/app_ger_news_stwno\\\/\",\"url\":\"https:\\\/\\\/relevo.app\\\/de\\\/app_ger_news_stwno\\\/\",\"name\":\"App_GER_News_StWNO - Relevo\",\"isPartOf\":{\"@id\":\"https:\\\/\\\/relevo.app\\\/de\\\/#website\"},\"primaryImageOfPage\":{\"@id\":\"https:\\\/\\\/relevo.app\\\/de\\\/app_ger_news_stwno\\\/#primaryimage\"},\"image\":{\"@id\":\"https:\\\/\\\/relevo.app\\\/de\\\/app_ger_news_stwno\\\/#primaryimage\"},\"thumbnailUrl\":\"https:\\\/\\\/stage.relevo.app\\\/wp-content\\\/uploads\\\/2021\\\/09\\\/universitat-regensburg-mensa.jpg\",\"datePublished\":\"2021-09-30T09:17:05+00:00\",\"dateModified\":\"2024-03-12T10:48:13+00:00\",\"breadcrumb\":{\"@id\":\"https:\\\/\\\/relevo.app\\\/de\\\/app_ger_news_stwno\\\/#breadcrumb\"},\"inLanguage\":\"de\",\"potentialAction\":[{\"@type\":\"ReadAction\",\"target\":[\"https:\\\/\\\/relevo.app\\\/de\\\/app_ger_news_stwno\\\/\"]}]},{\"@type\":\"ImageObject\",\"inLanguage\":\"de\",\"@id\":\"https:\\\/\\\/relevo.app\\\/de\\\/app_ger_news_stwno\\\/#primaryimage\",\"url\":\"https:\\\/\\\/stage.relevo.app\\\/wp-content\\\/uploads\\\/2021\\\/09\\\/universitat-regensburg-mensa.jpg\",\"contentUrl\":\"https:\\\/\\\/stage.relevo.app\\\/wp-content\\\/uploads\\\/2021\\\/09\\\/universitat-regensburg-mensa.jpg\"},{\"@type\":\"BreadcrumbList\",\"@id\":\"https:\\\/\\\/relevo.app\\\/de\\\/app_ger_news_stwno\\\/#breadcrumb\",\"itemListElement\":[{\"@type\":\"ListItem\",\"position\":1,\"name\":\"Home\",\"item\":\"https:\\\/\\\/relevo.app\\\/de\\\/\"},{\"@type\":\"ListItem\",\"position\":2,\"name\":\"App_GER_News_StWNO\"}]},{\"@type\":\"WebSite\",\"@id\":\"https:\\\/\\\/relevo.app\\\/de\\\/#website\",\"url\":\"https:\\\/\\\/relevo.app\\\/de\\\/\",\"name\":\"Relevo\",\"description\":\"\",\"potentialAction\":[{\"@type\":\"SearchAction\",\"target\":{\"@type\":\"EntryPoint\",\"urlTemplate\":\"https:\\\/\\\/relevo.app\\\/de\\\/?s={search_term_string}\"},\"query-input\":{\"@type\":\"PropertyValueSpecification\",\"valueRequired\":true,\"valueName\":\"search_term_string\"}}],\"inLanguage\":\"de\"}]}<\/script>\n<!-- \/ Yoast SEO plugin. -->","yoast_head_json":{"title":"App_GER_News_StWNO - Relevo","robots":{"index":"noindex","follow":"follow"},"og_locale":"de_DE","og_type":"article","og_title":"App_GER_News_StWNO - Relevo","og_description":"Herzlich Willkommen StWNO! Was haben Regensburg, Landshut, Deggendorf und Passau gemeinsam? 4 St\u00e4dte 3 Fl\u00fcsse 2 Regionen 1 Mehrwegsystem! Wir freuen uns, dass wir zusammen mit dem Studentenwerk Niederbayern Oberpfalz (STWNO) unser\u00a0Relevo-Geschirr\u00a0ab dem 1.12. in den Kantinen der Hochschulen und Unis in\u00a0 Landshut, Deggendorf, Passau und Regensburg anbieten werden. Studierende des STWNO erhalten zuk\u00fcnftig Essen [&hellip;]","og_url":"https:\/\/relevo.app\/de\/app_ger_news_stwno\/","og_site_name":"Relevo","article_modified_time":"2024-03-12T10:48:13+00:00","og_image":[{"url":"https:\/\/stage.relevo.app\/wp-content\/uploads\/2021\/09\/universitat-regensburg-mensa.jpg","type":"","width":"","height":""}],"twitter_card":"summary_large_image","twitter_misc":{"Gesch\u00e4tzte Lesezeit":"1\u00a0Minute"},"schema":{"@context":"https:\/\/schema.org","@graph":[{"@type":"WebPage","@id":"https:\/\/relevo.app\/de\/app_ger_news_stwno\/","url":"https:\/\/relevo.app\/de\/app_ger_news_stwno\/","name":"App_GER_News_StWNO - Relevo","isPartOf":{"@id":"https:\/\/relevo.app\/de\/#website"},"primaryImageOfPage":{"@id":"https:\/\/relevo.app\/de\/app_ger_news_stwno\/#primaryimage"},"image":{"@id":"https:\/\/relevo.app\/de\/app_ger_news_stwno\/#primaryimage"},"thumbnailUrl":"https:\/\/stage.relevo.app\/wp-content\/uploads\/2021\/09\/universitat-regensburg-mensa.jpg","datePublished":"2021-09-30T09:17:05+00:00","dateModified":"2024-03-12T10:48:13+00:00","breadcrumb":{"@id":"https:\/\/relevo.app\/de\/app_ger_news_stwno\/#breadcrumb"},"inLanguage":"de","potentialAction":[{"@type":"ReadAction","target":["https:\/\/relevo.app\/de\/app_ger_news_stwno\/"]}]},{"@type":"ImageObject","inLanguage":"de","@id":"https:\/\/relevo.app\/de\/app_ger_news_stwno\/#primaryimage","url":"https:\/\/stage.relevo.app\/wp-content\/uploads\/2021\/09\/universitat-regensburg-mensa.jpg","contentUrl":"https:\/\/stage.relevo.app\/wp-content\/uploads\/2021\/09\/universitat-regensburg-mensa.jpg"},{"@type":"BreadcrumbList","@id":"https:\/\/relevo.app\/de\/app_ger_news_stwno\/#breadcrumb","itemListElement":[{"@type":"ListItem","position":1,"name":"Home","item":"https:\/\/relevo.app\/de\/"},{"@type":"ListItem","position":2,"name":"App_GER_News_StWNO"}]},{"@type":"WebSite","@id":"https:\/\/relevo.app\/de\/#website","url":"https:\/\/relevo.app\/de\/","name":"Relevo","description":"","potentialAction":[{"@type":"SearchAction","target":{"@type":"EntryPoint","urlTemplate":"https:\/\/relevo.app\/de\/?s={search_term_string}"},"query-input":{"@type":"PropertyValueSpecification","valueRequired":true,"valueName":"search_term_string"}}],"inLanguage":"de"}]}},"_links":{"self":[{"href":"https:\/\/relevo.app\/de\/wp-json\/wp\/v2\/pages\/32985","targetHints":{"allow":["GET"]}}],"collection":[{"href":"https:\/\/relevo.app\/de\/wp-json\/wp\/v2\/pages"}],"about":[{"href":"https:\/\/relevo.app\/de\/wp-json\/wp\/v2\/types\/page"}],"author":[{"embeddable":true,"href":"https:\/\/relevo.app\/de\/wp-json\/wp\/v2\/users\/1"}],"replies":[{"embeddable":true,"href":"https:\/\/relevo.app\/de\/wp-json\/wp\/v2\/comments?post=32985"}],"version-history":[{"count":5,"href":"https:\/\/relevo.app\/de\/wp-json\/wp\/v2\/pages\/32985\/revisions"}],"predecessor-version":[{"id":33265,"href":"https:\/\/relevo.app\/de\/wp-json\/wp\/v2\/pages\/32985\/revisions\/33265"}],"wp:attachment":[{"href":"https:\/\/relevo.app\/de\/wp-json\/wp\/v2\/media?parent=32985"}],"curies":[{"name":"wp","href":"https:\/\/api.w.org\/{rel}","templated":true}]}}