{"id":32971,"date":"2021-09-30T10:04:46","date_gmt":"2021-09-30T09:04:46","guid":{"rendered":"https:\/\/stage.relevo.app\/?page_id=32971"},"modified":"2024-03-12T11:48:02","modified_gmt":"2024-03-12T10:48:02","slug":"app_ger_news_ruckgabefristverlangern","status":"publish","type":"page","link":"https:\/\/relevo.app\/de\/app_ger_news_ruckgabefristverlangern\/","title":{"rendered":"App_GER_News_R\u00fcckgabefristverl\u00e4ngern"},"content":{"rendered":"\t\t<div data-elementor-type=\"wp-page\" data-elementor-id=\"32971\" class=\"elementor elementor-32971\" data-elementor-post-type=\"page\">\n\t\t\t\t\t\t<section class=\"elementor-section elementor-top-section elementor-element elementor-element-64dce55 elementor-section-boxed elementor-section-height-default elementor-section-height-default\" data-id=\"64dce55\" data-element_type=\"section\" data-e-type=\"section\">\n\t\t\t\t\t\t<div class=\"elementor-container elementor-column-gap-default\">\n\t\t\t\t\t<div class=\"elementor-column elementor-col-100 elementor-top-column elementor-element elementor-element-528b800\" data-id=\"528b800\" data-element_type=\"column\" data-e-type=\"column\">\n\t\t\t<div class=\"elementor-widget-wrap elementor-element-populated\">\n\t\t\t\t\t\t<div class=\"elementor-element elementor-element-5bac38d elementor-widget elementor-widget-image\" data-id=\"5bac38d\" data-element_type=\"widget\" data-e-type=\"widget\" data-widget_type=\"image.default\">\n\t\t\t\t<div class=\"elementor-widget-container\">\n\t\t\t\t\t\t\t\t\t\t\t\t\t\t\t<img fetchpriority=\"high\" decoding=\"async\" width=\"800\" height=\"610\" src=\"https:\/\/relevo.app\/wp-content\/uploads\/2021\/09\/Bildschirmfoto-2021-08-25-um-16.45.24-1024x781.png\" class=\"attachment-large size-large wp-image-32776\" alt=\"\" srcset=\"https:\/\/relevo.app\/wp-content\/uploads\/2021\/09\/Bildschirmfoto-2021-08-25-um-16.45.24-1024x781.png 1024w, https:\/\/relevo.app\/wp-content\/uploads\/2021\/09\/Bildschirmfoto-2021-08-25-um-16.45.24-600x458.png 600w, https:\/\/relevo.app\/wp-content\/uploads\/2021\/09\/Bildschirmfoto-2021-08-25-um-16.45.24-300x229.png 300w, https:\/\/relevo.app\/wp-content\/uploads\/2021\/09\/Bildschirmfoto-2021-08-25-um-16.45.24-768x586.png 768w, https:\/\/relevo.app\/wp-content\/uploads\/2021\/09\/Bildschirmfoto-2021-08-25-um-16.45.24.png 1030w\" sizes=\"(max-width: 800px) 100vw, 800px\" \/>\t\t\t\t\t\t\t\t\t\t\t\t\t\t\t<\/div>\n\t\t\t\t<\/div>\n\t\t\t\t<div class=\"elementor-element elementor-element-3089bd6 elementor-widget elementor-widget-text-editor\" data-id=\"3089bd6\" data-element_type=\"widget\" data-e-type=\"widget\" data-widget_type=\"text-editor.default\">\n\t\t\t\t<div class=\"elementor-widget-container\">\n\t\t\t\t\t\t\t\t\t<p><b>R\u00fcckgabefrist verl\u00e4ngern\u00a0<\/b><\/p><p>Du bist im Urlaub oder zu sp\u00e4t dran?<\/p><p>Kein Problem!<\/p><p>Ab jetzt kannst Du ab <b><i>Tag 11\u00a0<\/i><\/b>deiner Ausleihe deine R\u00fcckgabefrist\u00a0<b><i>kostenlos<\/i><\/b>\u00a0um weitere\u00a0<b><i>5 Tage<\/i><\/b> pro Relevo verl\u00e4ngern.<\/p><p>Klicke hierf\u00fcr einfach auf den Button \u201cVerl\u00e4ngern\u201d und best\u00e4tige mit \u201cJa, bitte\u201d.<\/p><p>Deine Ausleihe verl\u00e4ngert sich anschlie\u00dfend automatisch und Du kannst deine Relevo bequem nach deinem Urlaub zu einem unserer Relevo-Partner zur\u00fcckbringen. \u263a\ufe0f<\/p><div id=\"wpadminbar\" class=\"nojq\">\u00a0<\/div>\t\t\t\t\t\t\t\t<\/div>\n\t\t\t\t<\/div>\n\t\t\t\t\t<\/div>\n\t\t<\/div>\n\t\t\t\t\t<\/div>\n\t\t<\/section>\n\t\t\t\t<\/div>\n\t\t","protected":false},"excerpt":{"rendered":"<p>R\u00fcckgabefrist verl\u00e4ngern\u00a0 Du bist im Urlaub oder zu sp\u00e4t dran? Kein Problem! Ab jetzt kannst Du ab Tag 11\u00a0deiner Ausleihe deine R\u00fcckgabefrist\u00a0kostenlos\u00a0um weitere\u00a05 Tage pro Relevo verl\u00e4ngern. Klicke hierf\u00fcr einfach auf den Button \u201cVerl\u00e4ngern\u201d und best\u00e4tige mit \u201cJa, bitte\u201d. Deine Ausleihe verl\u00e4ngert sich anschlie\u00dfend automatisch und Du kannst deine Relevo bequem nach deinem Urlaub zu [&hellip;]<\/p>\n","protected":false},"author":1,"featured_media":0,"parent":0,"menu_order":0,"comment_status":"closed","ping_status":"closed","template":"elementor_canvas","meta":{"content-type":"","om_disable_all_campaigns":false,"footnotes":""},"class_list":["post-32971","page","type-page","status-publish","hentry"],"yoast_head":"<!-- This site is optimized with the Yoast SEO plugin v27.4 - https:\/\/yoast.com\/product\/yoast-seo-wordpress\/ -->\n<title>App_GER_News_R\u00fcckgabefristverl\u00e4ngern - Relevo<\/title>\n<meta name=\"robots\" content=\"noindex, follow\" \/>\n<meta property=\"og:locale\" content=\"de_DE\" \/>\n<meta property=\"og:type\" content=\"article\" \/>\n<meta property=\"og:title\" content=\"App_GER_News_R\u00fcckgabefristverl\u00e4ngern - Relevo\" \/>\n<meta property=\"og:description\" content=\"R\u00fcckgabefrist verl\u00e4ngern\u00a0 Du bist im Urlaub oder zu sp\u00e4t dran? Kein Problem! Ab jetzt kannst Du ab Tag 11\u00a0deiner Ausleihe deine R\u00fcckgabefrist\u00a0kostenlos\u00a0um weitere\u00a05 Tage pro Relevo verl\u00e4ngern. Klicke hierf\u00fcr einfach auf den Button \u201cVerl\u00e4ngern\u201d und best\u00e4tige mit \u201cJa, bitte\u201d. Deine Ausleihe verl\u00e4ngert sich anschlie\u00dfend automatisch und Du kannst deine Relevo bequem nach deinem Urlaub zu [&hellip;]\" \/>\n<meta property=\"og:url\" content=\"https:\/\/relevo.app\/de\/app_ger_news_ruckgabefristverlangern\/\" \/>\n<meta property=\"og:site_name\" content=\"Relevo\" \/>\n<meta property=\"article:modified_time\" content=\"2024-03-12T10:48:02+00:00\" \/>\n<meta property=\"og:image\" content=\"https:\/\/stage.relevo.app\/wp-content\/uploads\/2021\/09\/Bildschirmfoto-2021-08-25-um-16.45.24-1024x781.png\" \/>\n<meta name=\"twitter:card\" content=\"summary_large_image\" \/>\n<meta name=\"twitter:label1\" content=\"Gesch\u00e4tzte Lesezeit\" \/>\n\t<meta name=\"twitter:data1\" content=\"1\u00a0Minute\" \/>\n<script type=\"application\/ld+json\" class=\"yoast-schema-graph\">{\"@context\":\"https:\\\/\\\/schema.org\",\"@graph\":[{\"@type\":\"WebPage\",\"@id\":\"https:\\\/\\\/relevo.app\\\/de\\\/app_ger_news_ruckgabefristverlangern\\\/\",\"url\":\"https:\\\/\\\/relevo.app\\\/de\\\/app_ger_news_ruckgabefristverlangern\\\/\",\"name\":\"App_GER_News_R\u00fcckgabefristverl\u00e4ngern - Relevo\",\"isPartOf\":{\"@id\":\"https:\\\/\\\/relevo.app\\\/de\\\/#website\"},\"primaryImageOfPage\":{\"@id\":\"https:\\\/\\\/relevo.app\\\/de\\\/app_ger_news_ruckgabefristverlangern\\\/#primaryimage\"},\"image\":{\"@id\":\"https:\\\/\\\/relevo.app\\\/de\\\/app_ger_news_ruckgabefristverlangern\\\/#primaryimage\"},\"thumbnailUrl\":\"https:\\\/\\\/stage.relevo.app\\\/wp-content\\\/uploads\\\/2021\\\/09\\\/Bildschirmfoto-2021-08-25-um-16.45.24-1024x781.png\",\"datePublished\":\"2021-09-30T09:04:46+00:00\",\"dateModified\":\"2024-03-12T10:48:02+00:00\",\"breadcrumb\":{\"@id\":\"https:\\\/\\\/relevo.app\\\/de\\\/app_ger_news_ruckgabefristverlangern\\\/#breadcrumb\"},\"inLanguage\":\"de\",\"potentialAction\":[{\"@type\":\"ReadAction\",\"target\":[\"https:\\\/\\\/relevo.app\\\/de\\\/app_ger_news_ruckgabefristverlangern\\\/\"]}]},{\"@type\":\"ImageObject\",\"inLanguage\":\"de\",\"@id\":\"https:\\\/\\\/relevo.app\\\/de\\\/app_ger_news_ruckgabefristverlangern\\\/#primaryimage\",\"url\":\"https:\\\/\\\/stage.relevo.app\\\/wp-content\\\/uploads\\\/2021\\\/09\\\/Bildschirmfoto-2021-08-25-um-16.45.24-1024x781.png\",\"contentUrl\":\"https:\\\/\\\/stage.relevo.app\\\/wp-content\\\/uploads\\\/2021\\\/09\\\/Bildschirmfoto-2021-08-25-um-16.45.24-1024x781.png\"},{\"@type\":\"BreadcrumbList\",\"@id\":\"https:\\\/\\\/relevo.app\\\/de\\\/app_ger_news_ruckgabefristverlangern\\\/#breadcrumb\",\"itemListElement\":[{\"@type\":\"ListItem\",\"position\":1,\"name\":\"Home\",\"item\":\"https:\\\/\\\/relevo.app\\\/de\\\/\"},{\"@type\":\"ListItem\",\"position\":2,\"name\":\"App_GER_News_R\u00fcckgabefristverl\u00e4ngern\"}]},{\"@type\":\"WebSite\",\"@id\":\"https:\\\/\\\/relevo.app\\\/de\\\/#website\",\"url\":\"https:\\\/\\\/relevo.app\\\/de\\\/\",\"name\":\"Relevo\",\"description\":\"\",\"potentialAction\":[{\"@type\":\"SearchAction\",\"target\":{\"@type\":\"EntryPoint\",\"urlTemplate\":\"https:\\\/\\\/relevo.app\\\/de\\\/?s={search_term_string}\"},\"query-input\":{\"@type\":\"PropertyValueSpecification\",\"valueRequired\":true,\"valueName\":\"search_term_string\"}}],\"inLanguage\":\"de\"}]}<\/script>\n<!-- \/ Yoast SEO plugin. -->","yoast_head_json":{"title":"App_GER_News_R\u00fcckgabefristverl\u00e4ngern - Relevo","robots":{"index":"noindex","follow":"follow"},"og_locale":"de_DE","og_type":"article","og_title":"App_GER_News_R\u00fcckgabefristverl\u00e4ngern - Relevo","og_description":"R\u00fcckgabefrist verl\u00e4ngern\u00a0 Du bist im Urlaub oder zu sp\u00e4t dran? Kein Problem! Ab jetzt kannst Du ab Tag 11\u00a0deiner Ausleihe deine R\u00fcckgabefrist\u00a0kostenlos\u00a0um weitere\u00a05 Tage pro Relevo verl\u00e4ngern. Klicke hierf\u00fcr einfach auf den Button \u201cVerl\u00e4ngern\u201d und best\u00e4tige mit \u201cJa, bitte\u201d. Deine Ausleihe verl\u00e4ngert sich anschlie\u00dfend automatisch und Du kannst deine Relevo bequem nach deinem Urlaub zu [&hellip;]","og_url":"https:\/\/relevo.app\/de\/app_ger_news_ruckgabefristverlangern\/","og_site_name":"Relevo","article_modified_time":"2024-03-12T10:48:02+00:00","og_image":[{"url":"https:\/\/stage.relevo.app\/wp-content\/uploads\/2021\/09\/Bildschirmfoto-2021-08-25-um-16.45.24-1024x781.png","type":"","width":"","height":""}],"twitter_card":"summary_large_image","twitter_misc":{"Gesch\u00e4tzte Lesezeit":"1\u00a0Minute"},"schema":{"@context":"https:\/\/schema.org","@graph":[{"@type":"WebPage","@id":"https:\/\/relevo.app\/de\/app_ger_news_ruckgabefristverlangern\/","url":"https:\/\/relevo.app\/de\/app_ger_news_ruckgabefristverlangern\/","name":"App_GER_News_R\u00fcckgabefristverl\u00e4ngern - Relevo","isPartOf":{"@id":"https:\/\/relevo.app\/de\/#website"},"primaryImageOfPage":{"@id":"https:\/\/relevo.app\/de\/app_ger_news_ruckgabefristverlangern\/#primaryimage"},"image":{"@id":"https:\/\/relevo.app\/de\/app_ger_news_ruckgabefristverlangern\/#primaryimage"},"thumbnailUrl":"https:\/\/stage.relevo.app\/wp-content\/uploads\/2021\/09\/Bildschirmfoto-2021-08-25-um-16.45.24-1024x781.png","datePublished":"2021-09-30T09:04:46+00:00","dateModified":"2024-03-12T10:48:02+00:00","breadcrumb":{"@id":"https:\/\/relevo.app\/de\/app_ger_news_ruckgabefristverlangern\/#breadcrumb"},"inLanguage":"de","potentialAction":[{"@type":"ReadAction","target":["https:\/\/relevo.app\/de\/app_ger_news_ruckgabefristverlangern\/"]}]},{"@type":"ImageObject","inLanguage":"de","@id":"https:\/\/relevo.app\/de\/app_ger_news_ruckgabefristverlangern\/#primaryimage","url":"https:\/\/stage.relevo.app\/wp-content\/uploads\/2021\/09\/Bildschirmfoto-2021-08-25-um-16.45.24-1024x781.png","contentUrl":"https:\/\/stage.relevo.app\/wp-content\/uploads\/2021\/09\/Bildschirmfoto-2021-08-25-um-16.45.24-1024x781.png"},{"@type":"BreadcrumbList","@id":"https:\/\/relevo.app\/de\/app_ger_news_ruckgabefristverlangern\/#breadcrumb","itemListElement":[{"@type":"ListItem","position":1,"name":"Home","item":"https:\/\/relevo.app\/de\/"},{"@type":"ListItem","position":2,"name":"App_GER_News_R\u00fcckgabefristverl\u00e4ngern"}]},{"@type":"WebSite","@id":"https:\/\/relevo.app\/de\/#website","url":"https:\/\/relevo.app\/de\/","name":"Relevo","description":"","potentialAction":[{"@type":"SearchAction","target":{"@type":"EntryPoint","urlTemplate":"https:\/\/relevo.app\/de\/?s={search_term_string}"},"query-input":{"@type":"PropertyValueSpecification","valueRequired":true,"valueName":"search_term_string"}}],"inLanguage":"de"}]}},"_links":{"self":[{"href":"https:\/\/relevo.app\/de\/wp-json\/wp\/v2\/pages\/32971","targetHints":{"allow":["GET"]}}],"collection":[{"href":"https:\/\/relevo.app\/de\/wp-json\/wp\/v2\/pages"}],"about":[{"href":"https:\/\/relevo.app\/de\/wp-json\/wp\/v2\/types\/page"}],"author":[{"embeddable":true,"href":"https:\/\/relevo.app\/de\/wp-json\/wp\/v2\/users\/1"}],"replies":[{"embeddable":true,"href":"https:\/\/relevo.app\/de\/wp-json\/wp\/v2\/comments?post=32971"}],"version-history":[{"count":5,"href":"https:\/\/relevo.app\/de\/wp-json\/wp\/v2\/pages\/32971\/revisions"}],"predecessor-version":[{"id":33263,"href":"https:\/\/relevo.app\/de\/wp-json\/wp\/v2\/pages\/32971\/revisions\/33263"}],"wp:attachment":[{"href":"https:\/\/relevo.app\/de\/wp-json\/wp\/v2\/media?parent=32971"}],"curies":[{"name":"wp","href":"https:\/\/api.w.org\/{rel}","templated":true}]}}